{"id":4038,"date":"2025-04-07T08:17:08","date_gmt":"2025-04-07T08:17:08","guid":{"rendered":"https:\/\/finpros.com\/may-tinh-2\/"},"modified":"2025-05-28T18:28:21","modified_gmt":"2025-05-28T18:28:21","slug":"may-tinh","status":"publish","type":"page","link":"https:\/\/finpros.com\/vi\/may-tinh\/","title":{"rendered":"M\u00e1y t\u00ednh"},"content":{"rendered":"\t\t<div data-elementor-type=\"wp-page\" data-elementor-id=\"4038\" class=\"elementor elementor-4038 elementor-4036\" data-elementor-post-type=\"page\">\n\t\t\t\t<div class=\"elementor-element elementor-element-15cd0ddd e-con-full calculator-sub-banner e-flex e-con e-parent\" data-id=\"15cd0ddd\" data-element_type=\"container\" data-settings=\"{&quot;background_background&quot;:&quot;classic&quot;}\">\n\t\t<div class=\"elementor-element elementor-element-4e341d6 e-flex e-con-boxed e-con e-child\" data-id=\"4e341d6\" data-element_type=\"container\" data-settings=\"{&quot;background_background&quot;:&quot;classic&quot;}\">\n\t\t\t\t\t<div class=\"e-con-inner\">\n\t\t\t\t<div class=\"elementor-element elementor-element-69d82233 elementor-widget elementor-widget-heading\" data-id=\"69d82233\" data-element_type=\"widget\" data-widget_type=\"heading.default\">\n\t\t\t\t<div class=\"elementor-widget-container\">\n\t\t\t\t\t<h2 class=\"elementor-heading-title elementor-size-default\">M\u00e1y t\u00ednh<\/h2>\t\t\t\t<\/div>\n\t\t\t\t<\/div>\n\t\t\t\t<div class=\"elementor-element elementor-element-6d38b952 elementor-widget elementor-widget-heading\" data-id=\"6d38b952\" data-element_type=\"widget\" data-widget_type=\"heading.default\">\n\t\t\t\t<div class=\"elementor-widget-container\">\n\t\t\t\t\t<p class=\"elementor-heading-title elementor-size-default\">S\u1eed d\u1ee5ng m\u00e1y t\u00ednh giao d\u1ecbch \u0111\u1ec3 \u0111\u1ea3m b\u1ea3o m\u1ecdi giao d\u1ecbch \u0111\u1ec1u \u0111\u01b0\u1ee3c h\u1ed7 tr\u1ee3 b\u1edfi d\u1eef li\u1ec7u v\u00e0 \u0111\u1ed9 ch\u00ednh x\u00e1c.<\/p>\t\t\t\t<\/div>\n\t\t\t\t<\/div>\n\t\t\t\t\t<\/div>\n\t\t\t\t<\/div>\n\t\t<div class=\"elementor-element elementor-element-7f047e17 e-con-full e-flex e-con e-child\" data-id=\"7f047e17\" data-element_type=\"container\">\n\t\t<div class=\"elementor-element elementor-element-381a96c1 e-flex e-con-boxed e-con e-child\" data-id=\"381a96c1\" data-element_type=\"container\">\n\t\t\t\t\t<div class=\"e-con-inner\">\n\t\t\t\t<div class=\"elementor-element elementor-element-626ffe92 elementor-align-left calc-banner-link bread-links elementor-widget elementor-widget-breadcrumbs\" data-id=\"626ffe92\" data-element_type=\"widget\" data-widget_type=\"breadcrumbs.default\">\n\t\t\t\t<div class=\"elementor-widget-container\">\n\t\t\t\t\t<p id=\"breadcrumbs\"><span><span><a href=\"https:\/\/finpros.com\/\">Trang ch\u1ee7<\/a><\/span><\/span><\/p>\t\t\t\t<\/div>\n\t\t\t\t<\/div>\n\t\t\t\t\t<\/div>\n\t\t\t\t<\/div>\n\t\t\t\t<\/div>\n\t\t\t\t<\/div>\n\t\t<div class=\"elementor-element elementor-element-2828676 e-flex e-con-boxed e-con e-parent\" data-id=\"2828676\" data-element_type=\"container\">\n\t\t\t\t\t<div class=\"e-con-inner\">\n\t\t<div class=\"elementor-element elementor-element-ef8fa23 e-con-full e-flex e-con e-child\" data-id=\"ef8fa23\" data-element_type=\"container\">\n\t\t\t\t<div class=\"elementor-element elementor-element-b66222a elementor-widget elementor-widget-heading\" data-id=\"b66222a\" data-element_type=\"widget\" data-widget_type=\"heading.default\">\n\t\t\t\t<div class=\"elementor-widget-container\">\n\t\t\t\t\t<h2 class=\"elementor-heading-title elementor-size-default\">  Giao d\u1ecbch chuy\u00ean nghi\u1ec7p b\u1eaft \u0111\u1ea7u v\u1edbi <span>c\u00e1c c\u00f4ng c\u1ee5 ph\u00f9 h\u1ee3p<\/span><\/h2>\t\t\t\t<\/div>\n\t\t\t\t<\/div>\n\t\t\t\t<\/div>\n\t\t<div class=\"elementor-element elementor-element-15260ef e-con-full e-flex e-con e-child\" data-id=\"15260ef\" data-element_type=\"container\">\n\t\t\t\t<div class=\"elementor-element elementor-element-fe89278 elementor-widget elementor-widget-text-editor\" data-id=\"fe89278\" data-element_type=\"widget\" data-widget_type=\"text-editor.default\">\n\t\t\t\t<div class=\"elementor-widget-container\">\n\t\t\t\t\t\t\t\t\t<p>T\u1ea1i FinPros, ch\u00fang t\u00f4i \u0111\u00e3 thi\u1ebft k\u1ebf m\u1ed9t b\u1ed9 m\u00e1y t\u00ednh giao d\u1ecbch m\u1ea1nh m\u1ebd \u0111\u1ec3 gi\u00fap c\u00e1c nh\u00e0 giao d\u1ecbch \u0111\u01b0a ra quy\u1ebft \u0111\u1ecbnh th\u00f4ng minh h\u01a1n, ch\u00ednh x\u00e1c h\u01a1n. \u0110\u01b0\u1ee3c x\u00e2y d\u1ef1ng v\u1edbi m\u1ee5c ti\u00eau h\u01b0\u1edbng \u0111\u1ebfn hi\u1ec7u su\u1ea5t, m\u1ed7i c\u00f4ng c\u1ee5 \u0111\u1ec1u gi\u1ea3i quy\u1ebft c\u00e1c kh\u00eda c\u1ea1nh ch\u00ednh c\u1ee7a chi\u1ebfn l\u01b0\u1ee3c giao d\u1ecbch v\u00e0 qu\u1ea3n l\u00fd r\u1ee7i ro. <\/p>\n<p>Nh\u1eefng c\u00f4ng c\u1ee5 n\u00e0y r\u1ea5t c\u1ea7n thi\u1ebft \u0111\u1ec3 x\u00e2y d\u1ef1ng m\u1ed9t k\u1ebf ho\u1ea1ch giao d\u1ecbch v\u1eefng ch\u1eafc. B\u1eb1ng c\u00e1ch s\u1eed d\u1ee5ng ch\u00fang, c\u00e1c nh\u00e0 giao d\u1ecbch c\u00f3 th\u1ec3 gi\u1ea3m thi\u1ec3u r\u1ee7i ro, t\u0103ng \u0111\u1ed9 ch\u00ednh x\u00e1c v\u00e0 duy tr\u00ec quy\u1ec1n ki\u1ec3m so\u00e1t\u2014b\u1edfi v\u00ec ngay c\u1ea3 m\u1ed9t sai s\u00f3t nh\u1ecf trong t\u00ednh to\u00e1n v\u1ec1 quy m\u00f4 v\u1ecb th\u1ebf c\u0169ng c\u00f3 th\u1ec3 d\u1eabn \u0111\u1ebfn r\u1ee7i ro kh\u00f4ng c\u00e2n x\u1ee9ng. <\/p>\t\t\t\t\t\t\t\t<\/div>\n\t\t\t\t<\/div>\n\t\t\t\t<\/div>\n\t\t\t\t\t<\/div>\n\t\t\t\t<\/div>\n\t\t<div class=\"elementor-element elementor-element-3d67841 e-flex e-con-boxed e-con e-parent\" data-id=\"3d67841\" data-element_type=\"container\">\n\t\t\t\t\t<div class=\"e-con-inner\">\n\t\t<div class=\"elementor-element elementor-element-6ddb2a9 e-con-full e-flex e-con e-child\" data-id=\"6ddb2a9\" data-element_type=\"container\">\n\t\t<div class=\"elementor-element elementor-element-ea8e806 e-grid e-con-full e-con e-child\" data-id=\"ea8e806\" data-element_type=\"container\">\n\t\t\t\t<div class=\"elementor-element elementor-element-5b070ac elementor-cta--valign-middle elementor-bg-transform elementor-bg-transform-move-up cal-tab-cs elementor-widget__width-initial elementor-cta--skin-classic elementor-animated-content elementor-widget elementor-widget-call-to-action\" data-id=\"5b070ac\" data-element_type=\"widget\" data-widget_type=\"call-to-action.default\">\n\t\t\t\t<div class=\"elementor-widget-container\">\n\t\t\t\t\t\t\t<div class=\"elementor-cta\">\n\t\t\t\t\t<div class=\"elementor-cta__bg-wrapper\">\n\t\t\t\t<div class=\"elementor-cta__bg elementor-bg\" style=\"background-image: url(https:\/\/finpros.com\/wp-content\/uploads\/2025\/04\/margin.jpg);\" role=\"img\" aria-label=\"margin\"><\/div>\n\t\t\t\t<div class=\"elementor-cta__bg-overlay\"><\/div>\n\t\t\t<\/div>\n\t\t\t\t\t\t\t<div class=\"elementor-cta__content\">\n\t\t\t\t\n\t\t\t\t\t\t\t\t\t<h2 class=\"elementor-cta__title elementor-cta__content-item elementor-content-item\">\n\t\t\t\t\t\tM\u00e1y t\u00ednh bi\u00ean \u0111\u1ed9\t\t\t\t\t<\/h2>\n\t\t\t\t\n\t\t\t\t\t\t\t\t\t<div class=\"elementor-cta__description elementor-cta__content-item elementor-content-item\">\n\t\t\t\t\t\tM\u1ed9t c\u00f4ng c\u1ee5 v\u00f4 gi\u00e1 \u0111\u1ec3 ki\u1ec3m so\u00e1t m\u1ee9c \u0111\u1ed9 ti\u1ebfp c\u1eadn th\u1ecb tr\u01b0\u1eddng c\u1ee7a b\u1ea1n v\u1edbi b\u1ea5t k\u1ef3...\t\t\t\t\t<\/div>\n\t\t\t\t\n\t\t\t\t\t\t\t\t\t<div class=\"elementor-cta__button-wrapper elementor-cta__content-item elementor-content-item \">\n\t\t\t\t\t<a class=\"elementor-cta__button elementor-button elementor-size-\" href=\"https:\/\/finpros.com\/vi\/may-tinh-bien-do\/\">\n\t\t\t\t\t\t\u0110\u1ecdc th\u00eam\t\t\t\t\t<\/a>\n\t\t\t\t\t<\/div>\n\t\t\t\t\t\t\t<\/div>\n\t\t\t\t\t\t<\/div>\n\t\t\t\t\t\t<\/div>\n\t\t\t\t<\/div>\n\t\t\t\t<div class=\"elementor-element elementor-element-eb099df elementor-bg-transform elementor-bg-transform-move-up cal-tab-cs elementor-cta--valign-middle elementor-widget__width-initial elementor-cta--skin-classic elementor-animated-content elementor-widget elementor-widget-call-to-action\" data-id=\"eb099df\" data-element_type=\"widget\" data-widget_type=\"call-to-action.default\">\n\t\t\t\t<div class=\"elementor-widget-container\">\n\t\t\t\t\t\t\t<div class=\"elementor-cta\">\n\t\t\t\t\t<div class=\"elementor-cta__bg-wrapper\">\n\t\t\t\t<div class=\"elementor-cta__bg elementor-bg\" style=\"background-image: url(https:\/\/finpros.com\/wp-content\/uploads\/2025\/04\/pip.jpg);\" role=\"img\" aria-label=\"pip\"><\/div>\n\t\t\t\t<div class=\"elementor-cta__bg-overlay\"><\/div>\n\t\t\t<\/div>\n\t\t\t\t\t\t\t<div class=\"elementor-cta__content\">\n\t\t\t\t\n\t\t\t\t\t\t\t\t\t<h2 class=\"elementor-cta__title elementor-cta__content-item elementor-content-item\">\n\t\t\t\t\t\tM\u00e1y t\u00ednh pip\t\t\t\t\t<\/h2>\n\t\t\t\t\n\t\t\t\t\t\t\t\t\t<div class=\"elementor-cta__description elementor-cta__content-item elementor-content-item\">\n\t\t\t\t\t\tC\u00f4ng c\u1ee5 \u0111\u01a1n gi\u1ea3n n\u00e0y s\u1ebd h\u1ed7 tr\u1ee3 c\u00e1c nh\u00e0 giao d\u1ecbch, \u0111\u1eb7c bi\u1ec7t l\u00e0 c\u00e1c nh\u00e0 giao d\u1ecbch m\u1edbi v\u00e0o ngh\u1ec1...\t\t\t\t\t<\/div>\n\t\t\t\t\n\t\t\t\t\t\t\t\t\t<div class=\"elementor-cta__button-wrapper elementor-cta__content-item elementor-content-item \">\n\t\t\t\t\t<a class=\"elementor-cta__button elementor-button elementor-size-\" href=\"https:\/\/finpros.com\/vi\/may-tinh-pip\/\">\n\t\t\t\t\t\t\u0110\u1ecdc th\u00eam\t\t\t\t\t<\/a>\n\t\t\t\t\t<\/div>\n\t\t\t\t\t\t\t<\/div>\n\t\t\t\t\t\t<\/div>\n\t\t\t\t\t\t<\/div>\n\t\t\t\t<\/div>\n\t\t\t\t<div class=\"elementor-element elementor-element-29e1ebc elementor-bg-transform elementor-bg-transform-move-up cal-tab-cs elementor-cta--valign-middle elementor-widget__width-initial elementor-cta--skin-classic elementor-animated-content elementor-widget elementor-widget-call-to-action\" data-id=\"29e1ebc\" data-element_type=\"widget\" data-widget_type=\"call-to-action.default\">\n\t\t\t\t<div class=\"elementor-widget-container\">\n\t\t\t\t\t\t\t<div class=\"elementor-cta\">\n\t\t\t\t\t<div class=\"elementor-cta__bg-wrapper\">\n\t\t\t\t<div class=\"elementor-cta__bg elementor-bg\" style=\"background-image: url(https:\/\/finpros.com\/wp-content\/uploads\/2025\/04\/profit.jpg);\" role=\"img\" aria-label=\"profit\"><\/div>\n\t\t\t\t<div class=\"elementor-cta__bg-overlay\"><\/div>\n\t\t\t<\/div>\n\t\t\t\t\t\t\t<div class=\"elementor-cta__content\">\n\t\t\t\t\n\t\t\t\t\t\t\t\t\t<h2 class=\"elementor-cta__title elementor-cta__content-item elementor-content-item\">\n\t\t\t\t\t\tM\u00e1y t\u00ednh l\u1ee3i nhu\u1eadn\t\t\t\t\t<\/h2>\n\t\t\t\t\n\t\t\t\t\t\t\t\t\t<div class=\"elementor-cta__description elementor-cta__content-item elementor-content-item\">\n\t\t\t\t\t\tM\u00e1y t\u00ednh l\u1ee3i nhu\u1eadn Forex l\u00e0 m\u1ed9t c\u00f4ng c\u1ee5 qu\u1ea3n l\u00fd r\u1ee7i ro gi\u00fap c\u1ea3i thi\u1ec7n...\t\t\t\t\t<\/div>\n\t\t\t\t\n\t\t\t\t\t\t\t\t\t<div class=\"elementor-cta__button-wrapper elementor-cta__content-item elementor-content-item \">\n\t\t\t\t\t<a class=\"elementor-cta__button elementor-button elementor-size-\" href=\"https:\/\/finpros.com\/vi\/may-tinh-loi-nhuan\/\">\n\t\t\t\t\t\t\u0110\u1ecdc th\u00eam\t\t\t\t\t<\/a>\n\t\t\t\t\t<\/div>\n\t\t\t\t\t\t\t<\/div>\n\t\t\t\t\t\t<\/div>\n\t\t\t\t\t\t<\/div>\n\t\t\t\t<\/div>\n\t\t\t\t<div class=\"elementor-element elementor-element-eeca3b9 elementor-bg-transform elementor-bg-transform-move-up cal-tab-cs elementor-cta--valign-middle elementor-widget__width-initial elementor-cta--skin-classic elementor-animated-content elementor-widget elementor-widget-call-to-action\" data-id=\"eeca3b9\" data-element_type=\"widget\" data-widget_type=\"call-to-action.default\">\n\t\t\t\t<div class=\"elementor-widget-container\">\n\t\t\t\t\t\t\t<div class=\"elementor-cta\">\n\t\t\t\t\t<div class=\"elementor-cta__bg-wrapper\">\n\t\t\t\t<div class=\"elementor-cta__bg elementor-bg\" style=\"background-image: url(https:\/\/finpros.com\/wp-content\/uploads\/2025\/04\/position.jpg);\" role=\"img\" aria-label=\"position\"><\/div>\n\t\t\t\t<div class=\"elementor-cta__bg-overlay\"><\/div>\n\t\t\t<\/div>\n\t\t\t\t\t\t\t<div class=\"elementor-cta__content\">\n\t\t\t\t\n\t\t\t\t\t\t\t\t\t<h2 class=\"elementor-cta__title elementor-cta__content-item elementor-content-item\">\n\t\t\t\t\t\tM\u00e1y t\u00ednh v\u1ecb tr\u00ed\t\t\t\t\t<\/h2>\n\t\t\t\t\n\t\t\t\t\t\t\t\t\t<div class=\"elementor-cta__description elementor-cta__content-item elementor-content-item\">\n\t\t\t\t\t\tM\u1ed9t c\u00f4ng c\u1ee5 quan tr\u1ecdng kh\u00e1c d\u00e0nh cho c\u00e1c nh\u00e0 giao d\u1ecbch c\u00f3 kinh nghi\u1ec7m ho\u1eb7c m\u1edbi v\u00e0o ngh\u1ec1...\t\t\t\t\t<\/div>\n\t\t\t\t\n\t\t\t\t\t\t\t\t\t<div class=\"elementor-cta__button-wrapper elementor-cta__content-item elementor-content-item \">\n\t\t\t\t\t<a class=\"elementor-cta__button elementor-button elementor-size-\" href=\"https:\/\/finpros.com\/vi\/may-tinh-vi-tri\/\">\n\t\t\t\t\t\t\u0110\u1ecdc th\u00eam\t\t\t\t\t<\/a>\n\t\t\t\t\t<\/div>\n\t\t\t\t\t\t\t<\/div>\n\t\t\t\t\t\t<\/div>\n\t\t\t\t\t\t<\/div>\n\t\t\t\t<\/div>\n\t\t\t\t<div class=\"elementor-element elementor-element-105172a elementor-bg-transform elementor-bg-transform-move-up cal-tab-cs elementor-cta--valign-middle elementor-widget__width-initial elementor-cta--skin-classic elementor-animated-content elementor-widget elementor-widget-call-to-action\" data-id=\"105172a\" data-element_type=\"widget\" data-widget_type=\"call-to-action.default\">\n\t\t\t\t<div class=\"elementor-widget-container\">\n\t\t\t\t\t\t\t<div class=\"elementor-cta\">\n\t\t\t\t\t<div class=\"elementor-cta__bg-wrapper\">\n\t\t\t\t<div class=\"elementor-cta__bg elementor-bg\" style=\"background-image: url(https:\/\/finpros.com\/wp-content\/uploads\/2025\/04\/currency.jpg);\" role=\"img\" aria-label=\"currency\"><\/div>\n\t\t\t\t<div class=\"elementor-cta__bg-overlay\"><\/div>\n\t\t\t<\/div>\n\t\t\t\t\t\t\t<div class=\"elementor-cta__content\">\n\t\t\t\t\n\t\t\t\t\t\t\t\t\t<h2 class=\"elementor-cta__title elementor-cta__content-item elementor-content-item\">\n\t\t\t\t\t\tB\u1ed9 chuy\u1ec3n \u0111\u1ed5i ti\u1ec1n t\u1ec7\t\t\t\t\t<\/h2>\n\t\t\t\t\n\t\t\t\t\t\t\t\t\t<div class=\"elementor-cta__description elementor-cta__content-item elementor-content-item\">\n\t\t\t\t\t\tC\u00f3 l\u1ebd c\u00e1ch giao d\u1ecbch \u0111\u01a1n gi\u1ea3n nh\u1ea5t v\u00e0 ch\u1eafc ch\u1eafn l\u00e0 quen thu\u1ed9c nh\u1ea5t c\u1ee7a ch\u00fang ta...\t\t\t\t\t<\/div>\n\t\t\t\t\n\t\t\t\t\t\t\t\t\t<div class=\"elementor-cta__button-wrapper elementor-cta__content-item elementor-content-item \">\n\t\t\t\t\t<a class=\"elementor-cta__button elementor-button elementor-size-\" href=\"https:\/\/finpros.com\/vi\/bo-chuyen-doi-tien-te\/\">\n\t\t\t\t\t\t\u0110\u1ecdc th\u00eam\t\t\t\t\t<\/a>\n\t\t\t\t\t<\/div>\n\t\t\t\t\t\t\t<\/div>\n\t\t\t\t\t\t<\/div>\n\t\t\t\t\t\t<\/div>\n\t\t\t\t<\/div>\n\t\t\t\t<\/div>\n\t\t\t\t<\/div>\n\t\t\t\t\t<\/div>\n\t\t\t\t<\/div>\n\t\t\t\t<\/div>\n\t\t","protected":false},"excerpt":{"rendered":"<p>S\u1eed d\u1ee5ng m\u00e1y t\u00ednh giao d\u1ecbch \u0111\u1ec3 \u0111\u1ea3m b\u1ea3o m\u1ecdi giao d\u1ecbch \u0111\u1ec1u \u0111\u01b0\u1ee3c h\u1ed7 tr\u1ee3 b\u1edfi d\u1eef li\u1ec7u v\u00e0 \u0111\u1ed9 ch\u00ednh x\u00e1c. Giao d\u1ecbch chuy\u00ean nghi\u1ec7p b\u1eaft \u0111\u1ea7u v\u1edbi c\u00e1c c\u00f4ng c\u1ee5 ph\u00f9 h\u1ee3p T\u1ea1i FinPros, ch\u00fang t\u00f4i \u0111\u00e3 thi\u1ebft k\u1ebf m\u1ed9t b\u1ed9 m\u00e1y t\u00ednh giao d\u1ecbch m\u1ea1nh m\u1ebd \u0111\u1ec3 gi\u00fap c\u00e1c nh\u00e0 giao [&hellip;]<\/p>\n","protected":false},"author":1,"featured_media":0,"parent":0,"menu_order":0,"comment_status":"closed","ping_status":"closed","template":"tpl-default-elementor.php","meta":{"footnotes":""},"class_list":["post-4038","page","type-page","status-publish","hentry"],"yoast_head":"<!-- This site is optimized with the Yoast SEO plugin v25.0 - https:\/\/yoast.com\/wordpress\/plugins\/seo\/ -->\n<title>M\u00e1y t\u00ednh - FinPros<\/title>\n<meta name=\"robots\" content=\"index, follow, max-snippet:-1, max-image-preview:large, max-video-preview:-1\" \/>\n<link rel=\"canonical\" href=\"https:\/\/finpros.com\/vi\/may-tinh\/\" \/>\n<meta property=\"og:locale\" content=\"vi_VN\" \/>\n<meta property=\"og:type\" content=\"article\" \/>\n<meta property=\"og:title\" content=\"M\u00e1y t\u00ednh - FinPros\" \/>\n<meta property=\"og:description\" content=\"S\u1eed d\u1ee5ng m\u00e1y t\u00ednh giao d\u1ecbch \u0111\u1ec3 \u0111\u1ea3m b\u1ea3o m\u1ecdi giao d\u1ecbch \u0111\u1ec1u \u0111\u01b0\u1ee3c h\u1ed7 tr\u1ee3 b\u1edfi d\u1eef li\u1ec7u v\u00e0 \u0111\u1ed9 ch\u00ednh x\u00e1c. Giao d\u1ecbch chuy\u00ean nghi\u1ec7p b\u1eaft \u0111\u1ea7u v\u1edbi c\u00e1c c\u00f4ng c\u1ee5 ph\u00f9 h\u1ee3p T\u1ea1i FinPros, ch\u00fang t\u00f4i \u0111\u00e3 thi\u1ebft k\u1ebf m\u1ed9t b\u1ed9 m\u00e1y t\u00ednh giao d\u1ecbch m\u1ea1nh m\u1ebd \u0111\u1ec3 gi\u00fap c\u00e1c nh\u00e0 giao [&hellip;]\" \/>\n<meta property=\"og:url\" content=\"https:\/\/finpros.com\/vi\/may-tinh\/\" \/>\n<meta property=\"og:site_name\" content=\"FinPros\" \/>\n<meta property=\"article:modified_time\" content=\"2025-05-28T18:28:21+00:00\" \/>\n<meta name=\"twitter:card\" content=\"summary_large_image\" \/>\n<meta name=\"twitter:label1\" content=\"Est. reading time\" \/>\n\t<meta name=\"twitter:data1\" content=\"2 minutes\" \/>\n<script type=\"application\/ld+json\" class=\"yoast-schema-graph\">{\"@context\":\"https:\/\/schema.org\",\"@graph\":[{\"@type\":\"WebPage\",\"@id\":\"https:\/\/finpros.com\/vi\/may-tinh\/\",\"url\":\"https:\/\/finpros.com\/vi\/may-tinh\/\",\"name\":\"M\u00e1y t\u00ednh - FinPros\",\"isPartOf\":{\"@id\":\"https:\/\/finpros.com\/#website\"},\"datePublished\":\"2025-04-07T08:17:08+00:00\",\"dateModified\":\"2025-05-28T18:28:21+00:00\",\"breadcrumb\":{\"@id\":\"https:\/\/finpros.com\/vi\/may-tinh\/#breadcrumb\"},\"inLanguage\":\"vi-VN\",\"potentialAction\":[{\"@type\":\"ReadAction\",\"target\":[\"https:\/\/finpros.com\/vi\/may-tinh\/\"]}]},{\"@type\":\"BreadcrumbList\",\"@id\":\"https:\/\/finpros.com\/vi\/may-tinh\/#breadcrumb\",\"itemListElement\":[{\"@type\":\"ListItem\",\"position\":1,\"name\":\"Trang ch\u1ee7\",\"item\":\"https:\/\/finpros.com\/\"},{\"@type\":\"ListItem\",\"position\":2,\"name\":\"M\u00e1y t\u00ednh\"}]},{\"@type\":\"WebSite\",\"@id\":\"https:\/\/finpros.com\/#website\",\"url\":\"https:\/\/finpros.com\/\",\"name\":\"FinPros\",\"description\":\"\",\"publisher\":{\"@id\":\"https:\/\/finpros.com\/#organization\"},\"potentialAction\":[{\"@type\":\"SearchAction\",\"target\":{\"@type\":\"EntryPoint\",\"urlTemplate\":\"https:\/\/finpros.com\/?s={search_term_string}\"},\"query-input\":{\"@type\":\"PropertyValueSpecification\",\"valueRequired\":true,\"valueName\":\"search_term_string\"}}],\"inLanguage\":\"vi-VN\"},{\"@type\":\"Organization\",\"@id\":\"https:\/\/finpros.com\/#organization\",\"name\":\"FinPros\",\"url\":\"https:\/\/finpros.com\/\",\"logo\":{\"@type\":\"ImageObject\",\"inLanguage\":\"vi-VN\",\"@id\":\"https:\/\/finpros.com\/#\/schema\/logo\/image\/\",\"url\":\"https:\/\/finpros.com\/wp-content\/uploads\/2025\/03\/FinPros-PNG-1.png\",\"contentUrl\":\"https:\/\/finpros.com\/wp-content\/uploads\/2025\/03\/FinPros-PNG-1.png\",\"width\":1050,\"height\":369,\"caption\":\"FinPros\"},\"image\":{\"@id\":\"https:\/\/finpros.com\/#\/schema\/logo\/image\/\"}}]}<\/script>\n<!-- \/ Yoast SEO plugin. -->","yoast_head_json":{"title":"M\u00e1y t\u00ednh - FinPros","robots":{"index":"index","follow":"follow","max-snippet":"max-snippet:-1","max-image-preview":"max-image-preview:large","max-video-preview":"max-video-preview:-1"},"canonical":"https:\/\/finpros.com\/vi\/may-tinh\/","og_locale":"vi_VN","og_type":"article","og_title":"M\u00e1y t\u00ednh - FinPros","og_description":"S\u1eed d\u1ee5ng m\u00e1y t\u00ednh giao d\u1ecbch \u0111\u1ec3 \u0111\u1ea3m b\u1ea3o m\u1ecdi giao d\u1ecbch \u0111\u1ec1u \u0111\u01b0\u1ee3c h\u1ed7 tr\u1ee3 b\u1edfi d\u1eef li\u1ec7u v\u00e0 \u0111\u1ed9 ch\u00ednh x\u00e1c. Giao d\u1ecbch chuy\u00ean nghi\u1ec7p b\u1eaft \u0111\u1ea7u v\u1edbi c\u00e1c c\u00f4ng c\u1ee5 ph\u00f9 h\u1ee3p T\u1ea1i FinPros, ch\u00fang t\u00f4i \u0111\u00e3 thi\u1ebft k\u1ebf m\u1ed9t b\u1ed9 m\u00e1y t\u00ednh giao d\u1ecbch m\u1ea1nh m\u1ebd \u0111\u1ec3 gi\u00fap c\u00e1c nh\u00e0 giao [&hellip;]","og_url":"https:\/\/finpros.com\/vi\/may-tinh\/","og_site_name":"FinPros","article_modified_time":"2025-05-28T18:28:21+00:00","twitter_card":"summary_large_image","twitter_misc":{"Est. reading time":"2 minutes"},"schema":{"@context":"https:\/\/schema.org","@graph":[{"@type":"WebPage","@id":"https:\/\/finpros.com\/vi\/may-tinh\/","url":"https:\/\/finpros.com\/vi\/may-tinh\/","name":"M\u00e1y t\u00ednh - FinPros","isPartOf":{"@id":"https:\/\/finpros.com\/#website"},"datePublished":"2025-04-07T08:17:08+00:00","dateModified":"2025-05-28T18:28:21+00:00","breadcrumb":{"@id":"https:\/\/finpros.com\/vi\/may-tinh\/#breadcrumb"},"inLanguage":"vi-VN","potentialAction":[{"@type":"ReadAction","target":["https:\/\/finpros.com\/vi\/may-tinh\/"]}]},{"@type":"BreadcrumbList","@id":"https:\/\/finpros.com\/vi\/may-tinh\/#breadcrumb","itemListElement":[{"@type":"ListItem","position":1,"name":"Trang ch\u1ee7","item":"https:\/\/finpros.com\/"},{"@type":"ListItem","position":2,"name":"M\u00e1y t\u00ednh"}]},{"@type":"WebSite","@id":"https:\/\/finpros.com\/#website","url":"https:\/\/finpros.com\/","name":"FinPros","description":"","publisher":{"@id":"https:\/\/finpros.com\/#organization"},"potentialAction":[{"@type":"SearchAction","target":{"@type":"EntryPoint","urlTemplate":"https:\/\/finpros.com\/?s={search_term_string}"},"query-input":{"@type":"PropertyValueSpecification","valueRequired":true,"valueName":"search_term_string"}}],"inLanguage":"vi-VN"},{"@type":"Organization","@id":"https:\/\/finpros.com\/#organization","name":"FinPros","url":"https:\/\/finpros.com\/","logo":{"@type":"ImageObject","inLanguage":"vi-VN","@id":"https:\/\/finpros.com\/#\/schema\/logo\/image\/","url":"https:\/\/finpros.com\/wp-content\/uploads\/2025\/03\/FinPros-PNG-1.png","contentUrl":"https:\/\/finpros.com\/wp-content\/uploads\/2025\/03\/FinPros-PNG-1.png","width":1050,"height":369,"caption":"FinPros"},"image":{"@id":"https:\/\/finpros.com\/#\/schema\/logo\/image\/"}}]}},"_links":{"self":[{"href":"https:\/\/finpros.com\/vi\/wp-json\/wp\/v2\/pages\/4038","targetHints":{"allow":["GET"]}}],"collection":[{"href":"https:\/\/finpros.com\/vi\/wp-json\/wp\/v2\/pages"}],"about":[{"href":"https:\/\/finpros.com\/vi\/wp-json\/wp\/v2\/types\/page"}],"author":[{"embeddable":true,"href":"https:\/\/finpros.com\/vi\/wp-json\/wp\/v2\/users\/1"}],"replies":[{"embeddable":true,"href":"https:\/\/finpros.com\/vi\/wp-json\/wp\/v2\/comments?post=4038"}],"version-history":[{"count":0,"href":"https:\/\/finpros.com\/vi\/wp-json\/wp\/v2\/pages\/4038\/revisions"}],"wp:attachment":[{"href":"https:\/\/finpros.com\/vi\/wp-json\/wp\/v2\/media?parent=4038"}],"curies":[{"name":"wp","href":"https:\/\/api.w.org\/{rel}","templated":true}]}}