{"id":3282,"date":"2025-03-25T05:33:35","date_gmt":"2025-03-25T05:33:35","guid":{"rendered":"https:\/\/finpros.com\/tuyen-bo-mien-tru-trach-nhiem\/"},"modified":"2025-05-28T18:45:59","modified_gmt":"2025-05-28T18:45:59","slug":"tuyen-bo-mien-tru-trach-nhiem","status":"publish","type":"page","link":"https:\/\/finpros.com\/vi\/tuyen-bo-mien-tru-trach-nhiem\/","title":{"rendered":"Tuy\u00ean b\u1ed1 mi\u1ec5n tr\u1eeb tr\u00e1ch nhi\u1ec7m"},"content":{"rendered":"\t\t<div data-elementor-type=\"wp-page\" data-elementor-id=\"3282\" class=\"elementor elementor-3282 elementor-1817\" data-elementor-post-type=\"page\">\n\t\t\t\t<div class=\"elementor-element elementor-element-6cf91e5a e-con-full calculator-sub-banner e-flex e-con e-parent\" data-id=\"6cf91e5a\" data-element_type=\"container\" data-settings=\"{&quot;background_background&quot;:&quot;classic&quot;}\">\n\t\t<div class=\"elementor-element elementor-element-1b329dd4 e-flex e-con-boxed e-con e-child\" data-id=\"1b329dd4\" data-element_type=\"container\" data-settings=\"{&quot;background_background&quot;:&quot;classic&quot;}\">\n\t\t\t\t\t<div class=\"e-con-inner\">\n\t\t\t\t<div class=\"elementor-element elementor-element-23f907ba elementor-widget elementor-widget-heading\" data-id=\"23f907ba\" data-element_type=\"widget\" data-widget_type=\"heading.default\">\n\t\t\t\t<div class=\"elementor-widget-container\">\n\t\t\t\t\t<h2 class=\"elementor-heading-title elementor-size-default\">Tuy\u00ean b\u1ed1 mi\u1ec5n tr\u1eeb tr\u00e1ch nhi\u1ec7m<\/h2>\t\t\t\t<\/div>\n\t\t\t\t<\/div>\n\t\t\t\t\t<\/div>\n\t\t\t\t<\/div>\n\t\t<div class=\"elementor-element elementor-element-4c23e695 e-con-full e-flex e-con e-child\" data-id=\"4c23e695\" data-element_type=\"container\">\n\t\t<div class=\"elementor-element elementor-element-1d05be48 e-flex e-con-boxed e-con e-child\" data-id=\"1d05be48\" data-element_type=\"container\">\n\t\t\t\t\t<div class=\"e-con-inner\">\n\t\t\t\t<div class=\"elementor-element elementor-element-4d38e9b1 elementor-align-left calc-banner-link bread-links elementor-widget elementor-widget-breadcrumbs\" data-id=\"4d38e9b1\" data-element_type=\"widget\" data-widget_type=\"breadcrumbs.default\">\n\t\t\t\t<div class=\"elementor-widget-container\">\n\t\t\t\t\t<p id=\"breadcrumbs\"><span><span><a href=\"https:\/\/finpros.com\/\">Trang ch\u1ee7<\/a><\/span><\/span><\/p>\t\t\t\t<\/div>\n\t\t\t\t<\/div>\n\t\t\t\t\t<\/div>\n\t\t\t\t<\/div>\n\t\t\t\t<\/div>\n\t\t\t\t<\/div>\n\t\t<div class=\"elementor-element elementor-element-1c649a8b e-flex e-con-boxed e-con e-parent\" data-id=\"1c649a8b\" data-element_type=\"container\">\n\t\t\t\t\t<div class=\"e-con-inner\">\n\t\t\t\t<div class=\"elementor-element elementor-element-13fb2a25 elementor-widget elementor-widget-text-editor\" data-id=\"13fb2a25\" data-element_type=\"widget\" data-widget_type=\"text-editor.default\">\n\t\t\t\t<div class=\"elementor-widget-container\">\n\t\t\t\t\t\t\t\t\t\n<h2 class=\"wp-block-heading\">Tuy\u00ean b\u1ed1 mi\u1ec5n tr\u1eeb tr\u00e1ch nhi\u1ec7m<\/h2>\n\n<p>M\u1ecdi \u00fd ki\u1ebfn, tin t\u1ee9c, nghi\u00ean c\u1ee9u, ph\u00e2n t\u00edch, gi\u00e1 c\u1ea3 ho\u1eb7c th\u00f4ng tin kh\u00e1c c\u00f3 tr\u00ean trang web n\u00e0y ch\u1ec9 \u0111\u01b0\u1ee3c cung c\u1ea5p cho m\u1ee5c \u0111\u00edch th\u00f4ng tin v\u00e0 kh\u00f4ng c\u1ea5u th\u00e0nh l\u1eddi khuy\u00ean \u0111\u1ea7u t\u01b0. Kh\u00f4ng c\u00f3 l\u1eddi \u0111\u1ec1 ngh\u1ecb ho\u1eb7c ch\u00e0o m\u1eddi mua ho\u1eb7c b\u00e1n b\u1ea5t k\u1ef3 c\u00f4ng c\u1ee5 t\u00e0i ch\u00ednh n\u00e0o, ho\u1eb7c b\u1ea5t k\u1ef3 lo\u1ea1i h\u00ecnh \u0111\u1ea7u t\u01b0, l\u1eddi khuy\u00ean giao d\u1ecbch ho\u1eb7c chi\u1ebfn l\u01b0\u1ee3c n\u00e0o kh\u00e1c \u0111\u01b0\u1ee3c \u0111\u01b0a ra, \u0111\u01b0a ra ho\u1eb7c theo b\u1ea5t k\u1ef3 c\u00e1ch n\u00e0o \u0111\u01b0\u1ee3c x\u00e1c nh\u1eadn tr\u00ean trang web n\u00e0y. FinPros kh\u00f4ng ch\u1ecbu tr\u00e1ch nhi\u1ec7m \u0111\u1ed1i v\u1edbi b\u1ea5t k\u1ef3 t\u1ed5n th\u1ea5t ho\u1eb7c thi\u1ec7t h\u1ea1i n\u00e0o c\u00f3 th\u1ec3 ph\u00e1t sinh, tr\u1ef1c ti\u1ebfp ho\u1eb7c gi\u00e1n ti\u1ebfp, t\u1eeb vi\u1ec7c s\u1eed d\u1ee5ng ho\u1eb7c d\u1ef1a v\u00e0o b\u1ea5t k\u1ef3 th\u00f4ng tin n\u00e0o nh\u01b0 v\u1eady. \u0110\u1eb7c bi\u1ec7t, FinPros kh\u00f4ng ch\u1ecbu tr\u00e1ch nhi\u1ec7m v\u1ec1 k\u1ebft qu\u1ea3 ho\u1ea1t \u0111\u1ed9ng giao d\u1ecbch c\u1ee7a kh\u00e1ch h\u00e0ng. M\u1ed7i kh\u00e1ch h\u00e0ng ch\u1ecbu ho\u00e0n to\u00e0n tr\u00e1ch nhi\u1ec7m v\u1ec1 l\u1ee3i nhu\u1eadn ho\u1eb7c thua l\u1ed7 ph\u00e1t sinh t\u1eeb c\u00e1c giao d\u1ecbch v\u00e0 \u0111\u1ea7u t\u01b0 c\u1ee7a m\u00ecnh. Th\u00f4ng tin th\u1ecb tr\u01b0\u1eddng, t\u00e0i li\u1ec7u gi\u00e1o d\u1ee5c v\u00e0 ph\u00e2n t\u00edch tr\u00ean trang web n\u00e0y, kh\u00f4ng \u0111\u01b0\u1ee3c hi\u1ec3u theo b\u1ea5t k\u1ef3 c\u00e1ch n\u00e0o, d\u00f9 l\u00e0 r\u00f5 r\u00e0ng hay ng\u1ea7m \u0111\u1ecbnh, tr\u1ef1c ti\u1ebfp hay gi\u00e1n ti\u1ebfp, l\u00e0 l\u1eddi khuy\u00ean \u0111\u1ea7u t\u01b0, l\u1eddi khuy\u00ean giao d\u1ecbch, khuy\u1ebfn ngh\u1ecb ho\u1eb7c g\u1ee3i \u00fd v\u1ec1 chi\u1ebfn l\u01b0\u1ee3c \u0111\u1ea7u t\u01b0 li\u00ean quan \u0111\u1ebfn c\u00e1c c\u00f4ng c\u1ee5 t\u00e0i ch\u00ednh. Th\u00f4ng tin \u0111\u00f3 ch\u1ec9 nh\u1eb1m m\u1ee5c \u0111\u00edch l\u00e0 t\u00e0i li\u1ec7u gi\u00e1o d\u1ee5c th\u1ecb tr\u01b0\u1eddng. FinPros s\u1ebd kh\u00f4ng ch\u1ecbu tr\u00e1ch nhi\u1ec7m \u0111\u1ed1i v\u1edbi b\u1ea5t k\u1ef3 l\u1ed7i n\u00e0o trong b\u00e1o gi\u00e1 v\u00e0 l\u1ed7i ph\u1ea7n m\u1ec1m n\u1ec1n t\u1ea3ng giao d\u1ecbch. Vui l\u00f2ng \u0111\u1ecdc k\u1ef9 <a href=\"https:\/\/pdf.finpros.com\/wp-content\/uploads\/2024\/01\/FinPros.com-Website-Terms-Conditions-of-Access-Use.pdf\" target=\"_blank\" rel=\"noreferrer noopener\">\u201c\u0110i\u1ec1u kho\u1ea3n v\u00e0 \u0111i\u1ec1u ki\u1ec7n truy c\u1eadp v\u00e0 s\u1eed d\u1ee5ng trang web\u201d<\/a> c\u1ee7a ch\u00fang t\u00f4i.        <\/p>\n\n<h2 class=\"wp-block-heading\"> <\/h2>\n\t\t\t\t\t\t\t\t<\/div>\n\t\t\t\t<\/div>\n\t\t\t\t\t<\/div>\n\t\t\t\t<\/div>\n\t\t\t\t<\/div>\n\t\t","protected":false},"excerpt":{"rendered":"<p>Tuy\u00ean b\u1ed1 mi\u1ec5n tr\u1eeb tr\u00e1ch nhi\u1ec7m M\u1ecdi \u00fd ki\u1ebfn, tin t\u1ee9c, nghi\u00ean c\u1ee9u, ph\u00e2n t\u00edch, gi\u00e1 c\u1ea3 ho\u1eb7c th\u00f4ng tin kh\u00e1c c\u00f3 tr\u00ean trang web n\u00e0y ch\u1ec9 \u0111\u01b0\u1ee3c cung c\u1ea5p cho m\u1ee5c \u0111\u00edch th\u00f4ng tin v\u00e0 kh\u00f4ng c\u1ea5u th\u00e0nh l\u1eddi khuy\u00ean \u0111\u1ea7u t\u01b0. Kh\u00f4ng c\u00f3 l\u1eddi \u0111\u1ec1 ngh\u1ecb ho\u1eb7c ch\u00e0o m\u1eddi mua ho\u1eb7c b\u00e1n b\u1ea5t [&hellip;]<\/p>\n","protected":false},"author":1,"featured_media":0,"parent":0,"menu_order":0,"comment_status":"closed","ping_status":"closed","template":"tpl-default-elementor.php","meta":{"footnotes":""},"class_list":["post-3282","page","type-page","status-publish","hentry"],"yoast_head":"<!-- This site is optimized with the Yoast SEO plugin v25.0 - https:\/\/yoast.com\/wordpress\/plugins\/seo\/ -->\n<title>Tuy\u00ean b\u1ed1 mi\u1ec5n tr\u1eeb tr\u00e1ch nhi\u1ec7m - FinPros<\/title>\n<meta name=\"robots\" content=\"index, follow, max-snippet:-1, max-image-preview:large, max-video-preview:-1\" \/>\n<link rel=\"canonical\" href=\"https:\/\/finpros.com\/vi\/tuyen-bo-mien-tru-trach-nhiem\/\" \/>\n<meta property=\"og:locale\" content=\"vi_VN\" \/>\n<meta property=\"og:type\" content=\"article\" \/>\n<meta property=\"og:title\" content=\"Tuy\u00ean b\u1ed1 mi\u1ec5n tr\u1eeb tr\u00e1ch nhi\u1ec7m - FinPros\" \/>\n<meta property=\"og:description\" content=\"Tuy\u00ean b\u1ed1 mi\u1ec5n tr\u1eeb tr\u00e1ch nhi\u1ec7m M\u1ecdi \u00fd ki\u1ebfn, tin t\u1ee9c, nghi\u00ean c\u1ee9u, ph\u00e2n t\u00edch, gi\u00e1 c\u1ea3 ho\u1eb7c th\u00f4ng tin kh\u00e1c c\u00f3 tr\u00ean trang web n\u00e0y ch\u1ec9 \u0111\u01b0\u1ee3c cung c\u1ea5p cho m\u1ee5c \u0111\u00edch th\u00f4ng tin v\u00e0 kh\u00f4ng c\u1ea5u th\u00e0nh l\u1eddi khuy\u00ean \u0111\u1ea7u t\u01b0. Kh\u00f4ng c\u00f3 l\u1eddi \u0111\u1ec1 ngh\u1ecb ho\u1eb7c ch\u00e0o m\u1eddi mua ho\u1eb7c b\u00e1n b\u1ea5t [&hellip;]\" \/>\n<meta property=\"og:url\" content=\"https:\/\/finpros.com\/vi\/tuyen-bo-mien-tru-trach-nhiem\/\" \/>\n<meta property=\"og:site_name\" content=\"FinPros\" \/>\n<meta property=\"article:modified_time\" content=\"2025-05-28T18:45:59+00:00\" \/>\n<meta name=\"twitter:card\" content=\"summary_large_image\" \/>\n<meta name=\"twitter:label1\" content=\"Est. reading time\" \/>\n\t<meta name=\"twitter:data1\" content=\"2 minutes\" \/>\n<script type=\"application\/ld+json\" class=\"yoast-schema-graph\">{\"@context\":\"https:\/\/schema.org\",\"@graph\":[{\"@type\":\"WebPage\",\"@id\":\"https:\/\/finpros.com\/vi\/tuyen-bo-mien-tru-trach-nhiem\/\",\"url\":\"https:\/\/finpros.com\/vi\/tuyen-bo-mien-tru-trach-nhiem\/\",\"name\":\"Tuy\u00ean b\u1ed1 mi\u1ec5n tr\u1eeb tr\u00e1ch nhi\u1ec7m - FinPros\",\"isPartOf\":{\"@id\":\"https:\/\/finpros.com\/#website\"},\"datePublished\":\"2025-03-25T05:33:35+00:00\",\"dateModified\":\"2025-05-28T18:45:59+00:00\",\"breadcrumb\":{\"@id\":\"https:\/\/finpros.com\/vi\/tuyen-bo-mien-tru-trach-nhiem\/#breadcrumb\"},\"inLanguage\":\"vi-VN\",\"potentialAction\":[{\"@type\":\"ReadAction\",\"target\":[\"https:\/\/finpros.com\/vi\/tuyen-bo-mien-tru-trach-nhiem\/\"]}]},{\"@type\":\"BreadcrumbList\",\"@id\":\"https:\/\/finpros.com\/vi\/tuyen-bo-mien-tru-trach-nhiem\/#breadcrumb\",\"itemListElement\":[{\"@type\":\"ListItem\",\"position\":1,\"name\":\"Trang ch\u1ee7\",\"item\":\"https:\/\/finpros.com\/\"},{\"@type\":\"ListItem\",\"position\":2,\"name\":\"Tuy\u00ean b\u1ed1 mi\u1ec5n tr\u1eeb tr\u00e1ch nhi\u1ec7m\"}]},{\"@type\":\"WebSite\",\"@id\":\"https:\/\/finpros.com\/#website\",\"url\":\"https:\/\/finpros.com\/\",\"name\":\"FinPros\",\"description\":\"\",\"publisher\":{\"@id\":\"https:\/\/finpros.com\/#organization\"},\"potentialAction\":[{\"@type\":\"SearchAction\",\"target\":{\"@type\":\"EntryPoint\",\"urlTemplate\":\"https:\/\/finpros.com\/?s={search_term_string}\"},\"query-input\":{\"@type\":\"PropertyValueSpecification\",\"valueRequired\":true,\"valueName\":\"search_term_string\"}}],\"inLanguage\":\"vi-VN\"},{\"@type\":\"Organization\",\"@id\":\"https:\/\/finpros.com\/#organization\",\"name\":\"FinPros\",\"url\":\"https:\/\/finpros.com\/\",\"logo\":{\"@type\":\"ImageObject\",\"inLanguage\":\"vi-VN\",\"@id\":\"https:\/\/finpros.com\/#\/schema\/logo\/image\/\",\"url\":\"https:\/\/finpros.com\/wp-content\/uploads\/2025\/03\/FinPros-PNG-1.png\",\"contentUrl\":\"https:\/\/finpros.com\/wp-content\/uploads\/2025\/03\/FinPros-PNG-1.png\",\"width\":1050,\"height\":369,\"caption\":\"FinPros\"},\"image\":{\"@id\":\"https:\/\/finpros.com\/#\/schema\/logo\/image\/\"}}]}<\/script>\n<!-- \/ Yoast SEO plugin. -->","yoast_head_json":{"title":"Tuy\u00ean b\u1ed1 mi\u1ec5n tr\u1eeb tr\u00e1ch nhi\u1ec7m - FinPros","robots":{"index":"index","follow":"follow","max-snippet":"max-snippet:-1","max-image-preview":"max-image-preview:large","max-video-preview":"max-video-preview:-1"},"canonical":"https:\/\/finpros.com\/vi\/tuyen-bo-mien-tru-trach-nhiem\/","og_locale":"vi_VN","og_type":"article","og_title":"Tuy\u00ean b\u1ed1 mi\u1ec5n tr\u1eeb tr\u00e1ch nhi\u1ec7m - FinPros","og_description":"Tuy\u00ean b\u1ed1 mi\u1ec5n tr\u1eeb tr\u00e1ch nhi\u1ec7m M\u1ecdi \u00fd ki\u1ebfn, tin t\u1ee9c, nghi\u00ean c\u1ee9u, ph\u00e2n t\u00edch, gi\u00e1 c\u1ea3 ho\u1eb7c th\u00f4ng tin kh\u00e1c c\u00f3 tr\u00ean trang web n\u00e0y ch\u1ec9 \u0111\u01b0\u1ee3c cung c\u1ea5p cho m\u1ee5c \u0111\u00edch th\u00f4ng tin v\u00e0 kh\u00f4ng c\u1ea5u th\u00e0nh l\u1eddi khuy\u00ean \u0111\u1ea7u t\u01b0. Kh\u00f4ng c\u00f3 l\u1eddi \u0111\u1ec1 ngh\u1ecb ho\u1eb7c ch\u00e0o m\u1eddi mua ho\u1eb7c b\u00e1n b\u1ea5t [&hellip;]","og_url":"https:\/\/finpros.com\/vi\/tuyen-bo-mien-tru-trach-nhiem\/","og_site_name":"FinPros","article_modified_time":"2025-05-28T18:45:59+00:00","twitter_card":"summary_large_image","twitter_misc":{"Est. reading time":"2 minutes"},"schema":{"@context":"https:\/\/schema.org","@graph":[{"@type":"WebPage","@id":"https:\/\/finpros.com\/vi\/tuyen-bo-mien-tru-trach-nhiem\/","url":"https:\/\/finpros.com\/vi\/tuyen-bo-mien-tru-trach-nhiem\/","name":"Tuy\u00ean b\u1ed1 mi\u1ec5n tr\u1eeb tr\u00e1ch nhi\u1ec7m - FinPros","isPartOf":{"@id":"https:\/\/finpros.com\/#website"},"datePublished":"2025-03-25T05:33:35+00:00","dateModified":"2025-05-28T18:45:59+00:00","breadcrumb":{"@id":"https:\/\/finpros.com\/vi\/tuyen-bo-mien-tru-trach-nhiem\/#breadcrumb"},"inLanguage":"vi-VN","potentialAction":[{"@type":"ReadAction","target":["https:\/\/finpros.com\/vi\/tuyen-bo-mien-tru-trach-nhiem\/"]}]},{"@type":"BreadcrumbList","@id":"https:\/\/finpros.com\/vi\/tuyen-bo-mien-tru-trach-nhiem\/#breadcrumb","itemListElement":[{"@type":"ListItem","position":1,"name":"Trang ch\u1ee7","item":"https:\/\/finpros.com\/"},{"@type":"ListItem","position":2,"name":"Tuy\u00ean b\u1ed1 mi\u1ec5n tr\u1eeb tr\u00e1ch nhi\u1ec7m"}]},{"@type":"WebSite","@id":"https:\/\/finpros.com\/#website","url":"https:\/\/finpros.com\/","name":"FinPros","description":"","publisher":{"@id":"https:\/\/finpros.com\/#organization"},"potentialAction":[{"@type":"SearchAction","target":{"@type":"EntryPoint","urlTemplate":"https:\/\/finpros.com\/?s={search_term_string}"},"query-input":{"@type":"PropertyValueSpecification","valueRequired":true,"valueName":"search_term_string"}}],"inLanguage":"vi-VN"},{"@type":"Organization","@id":"https:\/\/finpros.com\/#organization","name":"FinPros","url":"https:\/\/finpros.com\/","logo":{"@type":"ImageObject","inLanguage":"vi-VN","@id":"https:\/\/finpros.com\/#\/schema\/logo\/image\/","url":"https:\/\/finpros.com\/wp-content\/uploads\/2025\/03\/FinPros-PNG-1.png","contentUrl":"https:\/\/finpros.com\/wp-content\/uploads\/2025\/03\/FinPros-PNG-1.png","width":1050,"height":369,"caption":"FinPros"},"image":{"@id":"https:\/\/finpros.com\/#\/schema\/logo\/image\/"}}]}},"_links":{"self":[{"href":"https:\/\/finpros.com\/vi\/wp-json\/wp\/v2\/pages\/3282","targetHints":{"allow":["GET"]}}],"collection":[{"href":"https:\/\/finpros.com\/vi\/wp-json\/wp\/v2\/pages"}],"about":[{"href":"https:\/\/finpros.com\/vi\/wp-json\/wp\/v2\/types\/page"}],"author":[{"embeddable":true,"href":"https:\/\/finpros.com\/vi\/wp-json\/wp\/v2\/users\/1"}],"replies":[{"embeddable":true,"href":"https:\/\/finpros.com\/vi\/wp-json\/wp\/v2\/comments?post=3282"}],"version-history":[{"count":0,"href":"https:\/\/finpros.com\/vi\/wp-json\/wp\/v2\/pages\/3282\/revisions"}],"wp:attachment":[{"href":"https:\/\/finpros.com\/vi\/wp-json\/wp\/v2\/media?parent=3282"}],"curies":[{"name":"wp","href":"https:\/\/api.w.org\/{rel}","templated":true}]}}