{"id":3274,"date":"2025-03-25T05:34:16","date_gmt":"2025-03-25T05:34:16","guid":{"rendered":"https:\/\/finpros.com\/hanh-quan\/"},"modified":"2025-06-11T13:40:05","modified_gmt":"2025-06-11T13:40:05","slug":"thuong-gia","status":"publish","type":"page","link":"https:\/\/finpros.com\/vi\/thuong-gia\/","title":{"rendered":"Th\u01b0\u01a1ng gia"},"content":{"rendered":"\t\t<div data-elementor-type=\"wp-page\" data-elementor-id=\"3274\" class=\"elementor elementor-3274 elementor-1819\" data-elementor-post-type=\"page\">\n\t\t\t\t<div class=\"elementor-element elementor-element-6465227e e-con-full calculator-sub-banner e-flex e-con e-parent\" data-id=\"6465227e\" data-element_type=\"container\" data-settings=\"{&quot;background_background&quot;:&quot;classic&quot;}\">\n\t\t<div class=\"elementor-element elementor-element-172639cf e-flex e-con-boxed e-con e-child\" data-id=\"172639cf\" data-element_type=\"container\" data-settings=\"{&quot;background_background&quot;:&quot;classic&quot;}\">\n\t\t\t\t\t<div class=\"e-con-inner\">\n\t\t\t\t<div class=\"elementor-element elementor-element-57edd787 elementor-widget elementor-widget-heading\" data-id=\"57edd787\" data-element_type=\"widget\" data-widget_type=\"heading.default\">\n\t\t\t\t<div class=\"elementor-widget-container\">\n\t\t\t\t\t<h2 class=\"elementor-heading-title elementor-size-default\">Th\u01b0\u01a1ng gia<\/h2>\t\t\t\t<\/div>\n\t\t\t\t<\/div>\n\t\t\t\t\t<\/div>\n\t\t\t\t<\/div>\n\t\t<div class=\"elementor-element elementor-element-2679fdbd e-con-full e-flex e-con e-child\" data-id=\"2679fdbd\" data-element_type=\"container\">\n\t\t<div class=\"elementor-element elementor-element-2d04b428 e-flex e-con-boxed e-con e-child\" data-id=\"2d04b428\" data-element_type=\"container\">\n\t\t\t\t\t<div class=\"e-con-inner\">\n\t\t\t\t<div class=\"elementor-element elementor-element-70405a39 elementor-align-left calc-banner-link bread-links elementor-widget elementor-widget-breadcrumbs\" data-id=\"70405a39\" data-element_type=\"widget\" data-widget_type=\"breadcrumbs.default\">\n\t\t\t\t<div class=\"elementor-widget-container\">\n\t\t\t\t\t<p id=\"breadcrumbs\"><span><span><a href=\"https:\/\/finpros.com\/\">Trang ch\u1ee7<\/a><\/span><\/span><\/p>\t\t\t\t<\/div>\n\t\t\t\t<\/div>\n\t\t\t\t\t<\/div>\n\t\t\t\t<\/div>\n\t\t\t\t<\/div>\n\t\t\t\t<\/div>\n\t\t<div class=\"elementor-element elementor-element-2a82ecdf e-flex e-con-boxed e-con e-parent\" data-id=\"2a82ecdf\" data-element_type=\"container\">\n\t\t\t\t\t<div class=\"e-con-inner\">\n\t\t\t\t<div class=\"elementor-element elementor-element-7c23c44d elementor-widget elementor-widget-text-editor\" data-id=\"7c23c44d\" data-element_type=\"widget\" data-widget_type=\"text-editor.default\">\n\t\t\t\t<div class=\"elementor-widget-container\">\n\t\t\t\t\t\t\t\t\t<h2 class=\"wp-block-heading\">Ch\u00ednh s\u00e1ch th\u01b0\u01a1ng m\u1ea1i<\/h2><p>&#8216;Finquotes Management LTD, m\u1ed9t C\u00f4ng ty \u0111\u01b0\u1ee3c th\u00e0nh l\u1eadp t\u1ea1i S\u00edp v\u1edbi s\u1ed1 \u0111\u0103ng k\u00fd HE433355, c\u00f3 tr\u1ee5 s\u1edf ch\u00ednh t\u1ea1i Georgiou Gennadiou 10, T\u00f2a \u00e1n Agathangelos, t\u1ea7ng 3, C\u0103n h\u1ed9 303, 3041, Limassol, S\u00edp, \u0111\u01b0\u1ee3c ch\u1ec9 \u0111\u1ecbnh l\u00e0 \u0111\u01a1n v\u1ecb kinh doanh v\u00e0 b\u00e1n d\u1ecbch v\u1ee5, \u0111\u1ed3ng th\u1eddi l\u00e0 \u0110\u1ea1i di\u1ec7n \u0111\u1ed9c l\u1eadp v\u00e0 Nh\u00e0 ph\u00e2n ph\u1ed1i \u0111\u01b0\u1ee3c ch\u1ec9 \u0111\u1ecbnh c\u1ee7a t\u1ed5 ch\u1ee9c \u0111\u01b0\u1ee3c qu\u1ea3n l\u00fd.<\/p><h2 class=\"wp-block-heading\"> <\/h2>\t\t\t\t\t\t\t\t<\/div>\n\t\t\t\t<\/div>\n\t\t\t\t\t<\/div>\n\t\t\t\t<\/div>\n\t\t\t\t<\/div>\n\t\t","protected":false},"excerpt":{"rendered":"<p>Ch\u00ednh s\u00e1ch th\u01b0\u01a1ng m\u1ea1i &#8216;Finquotes Management LTD, m\u1ed9t C\u00f4ng ty \u0111\u01b0\u1ee3c th\u00e0nh l\u1eadp t\u1ea1i S\u00edp v\u1edbi s\u1ed1 \u0111\u0103ng k\u00fd HE433355, c\u00f3 tr\u1ee5 s\u1edf ch\u00ednh t\u1ea1i Georgiou Gennadiou 10, T\u00f2a \u00e1n Agathangelos, t\u1ea7ng 3, C\u0103n h\u1ed9 303, 3041, Limassol, S\u00edp, \u0111\u01b0\u1ee3c ch\u1ec9 \u0111\u1ecbnh l\u00e0 \u0111\u01a1n v\u1ecb kinh doanh v\u00e0 b\u00e1n d\u1ecbch v\u1ee5, \u0111\u1ed3ng th\u1eddi l\u00e0 \u0110\u1ea1i [&hellip;]<\/p>\n","protected":false},"author":1,"featured_media":0,"parent":0,"menu_order":0,"comment_status":"closed","ping_status":"closed","template":"tpl-default-elementor.php","meta":{"footnotes":""},"class_list":["post-3274","page","type-page","status-publish","hentry"],"yoast_head":"<!-- This site is optimized with the Yoast SEO plugin v25.0 - https:\/\/yoast.com\/wordpress\/plugins\/seo\/ -->\n<title>Th\u01b0\u01a1ng gia - FinPros<\/title>\n<meta name=\"robots\" content=\"index, follow, max-snippet:-1, max-image-preview:large, max-video-preview:-1\" \/>\n<link rel=\"canonical\" href=\"https:\/\/finpros.com\/vi\/thuong-gia\/\" \/>\n<meta property=\"og:locale\" content=\"vi_VN\" \/>\n<meta property=\"og:type\" content=\"article\" \/>\n<meta property=\"og:title\" content=\"Th\u01b0\u01a1ng gia - FinPros\" \/>\n<meta property=\"og:description\" content=\"Ch\u00ednh s\u00e1ch th\u01b0\u01a1ng m\u1ea1i &#8216;Finquotes Management LTD, m\u1ed9t C\u00f4ng ty \u0111\u01b0\u1ee3c th\u00e0nh l\u1eadp t\u1ea1i S\u00edp v\u1edbi s\u1ed1 \u0111\u0103ng k\u00fd HE433355, c\u00f3 tr\u1ee5 s\u1edf ch\u00ednh t\u1ea1i Georgiou Gennadiou 10, T\u00f2a \u00e1n Agathangelos, t\u1ea7ng 3, C\u0103n h\u1ed9 303, 3041, Limassol, S\u00edp, \u0111\u01b0\u1ee3c ch\u1ec9 \u0111\u1ecbnh l\u00e0 \u0111\u01a1n v\u1ecb kinh doanh v\u00e0 b\u00e1n d\u1ecbch v\u1ee5, \u0111\u1ed3ng th\u1eddi l\u00e0 \u0110\u1ea1i [&hellip;]\" \/>\n<meta property=\"og:url\" content=\"https:\/\/finpros.com\/vi\/thuong-gia\/\" \/>\n<meta property=\"og:site_name\" content=\"FinPros\" \/>\n<meta property=\"article:modified_time\" content=\"2025-06-11T13:40:05+00:00\" \/>\n<meta name=\"twitter:card\" content=\"summary_large_image\" \/>\n<meta name=\"twitter:label1\" content=\"Est. reading time\" \/>\n\t<meta name=\"twitter:data1\" content=\"1 minute\" \/>\n<script type=\"application\/ld+json\" class=\"yoast-schema-graph\">{\"@context\":\"https:\/\/schema.org\",\"@graph\":[{\"@type\":\"WebPage\",\"@id\":\"https:\/\/finpros.com\/vi\/thuong-gia\/\",\"url\":\"https:\/\/finpros.com\/vi\/thuong-gia\/\",\"name\":\"Th\u01b0\u01a1ng gia - FinPros\",\"isPartOf\":{\"@id\":\"https:\/\/finpros.com\/#website\"},\"datePublished\":\"2025-03-25T05:34:16+00:00\",\"dateModified\":\"2025-06-11T13:40:05+00:00\",\"breadcrumb\":{\"@id\":\"https:\/\/finpros.com\/vi\/thuong-gia\/#breadcrumb\"},\"inLanguage\":\"vi-VN\",\"potentialAction\":[{\"@type\":\"ReadAction\",\"target\":[\"https:\/\/finpros.com\/vi\/thuong-gia\/\"]}]},{\"@type\":\"BreadcrumbList\",\"@id\":\"https:\/\/finpros.com\/vi\/thuong-gia\/#breadcrumb\",\"itemListElement\":[{\"@type\":\"ListItem\",\"position\":1,\"name\":\"Trang ch\u1ee7\",\"item\":\"https:\/\/finpros.com\/\"},{\"@type\":\"ListItem\",\"position\":2,\"name\":\"Th\u01b0\u01a1ng gia\"}]},{\"@type\":\"WebSite\",\"@id\":\"https:\/\/finpros.com\/#website\",\"url\":\"https:\/\/finpros.com\/\",\"name\":\"FinPros\",\"description\":\"\",\"publisher\":{\"@id\":\"https:\/\/finpros.com\/#organization\"},\"potentialAction\":[{\"@type\":\"SearchAction\",\"target\":{\"@type\":\"EntryPoint\",\"urlTemplate\":\"https:\/\/finpros.com\/?s={search_term_string}\"},\"query-input\":{\"@type\":\"PropertyValueSpecification\",\"valueRequired\":true,\"valueName\":\"search_term_string\"}}],\"inLanguage\":\"vi-VN\"},{\"@type\":\"Organization\",\"@id\":\"https:\/\/finpros.com\/#organization\",\"name\":\"FinPros\",\"url\":\"https:\/\/finpros.com\/\",\"logo\":{\"@type\":\"ImageObject\",\"inLanguage\":\"vi-VN\",\"@id\":\"https:\/\/finpros.com\/#\/schema\/logo\/image\/\",\"url\":\"https:\/\/finpros.com\/wp-content\/uploads\/2025\/03\/FinPros-PNG-1.png\",\"contentUrl\":\"https:\/\/finpros.com\/wp-content\/uploads\/2025\/03\/FinPros-PNG-1.png\",\"width\":1050,\"height\":369,\"caption\":\"FinPros\"},\"image\":{\"@id\":\"https:\/\/finpros.com\/#\/schema\/logo\/image\/\"}}]}<\/script>\n<!-- \/ Yoast SEO plugin. -->","yoast_head_json":{"title":"Th\u01b0\u01a1ng gia - FinPros","robots":{"index":"index","follow":"follow","max-snippet":"max-snippet:-1","max-image-preview":"max-image-preview:large","max-video-preview":"max-video-preview:-1"},"canonical":"https:\/\/finpros.com\/vi\/thuong-gia\/","og_locale":"vi_VN","og_type":"article","og_title":"Th\u01b0\u01a1ng gia - FinPros","og_description":"Ch\u00ednh s\u00e1ch th\u01b0\u01a1ng m\u1ea1i &#8216;Finquotes Management LTD, m\u1ed9t C\u00f4ng ty \u0111\u01b0\u1ee3c th\u00e0nh l\u1eadp t\u1ea1i S\u00edp v\u1edbi s\u1ed1 \u0111\u0103ng k\u00fd HE433355, c\u00f3 tr\u1ee5 s\u1edf ch\u00ednh t\u1ea1i Georgiou Gennadiou 10, T\u00f2a \u00e1n Agathangelos, t\u1ea7ng 3, C\u0103n h\u1ed9 303, 3041, Limassol, S\u00edp, \u0111\u01b0\u1ee3c ch\u1ec9 \u0111\u1ecbnh l\u00e0 \u0111\u01a1n v\u1ecb kinh doanh v\u00e0 b\u00e1n d\u1ecbch v\u1ee5, \u0111\u1ed3ng th\u1eddi l\u00e0 \u0110\u1ea1i [&hellip;]","og_url":"https:\/\/finpros.com\/vi\/thuong-gia\/","og_site_name":"FinPros","article_modified_time":"2025-06-11T13:40:05+00:00","twitter_card":"summary_large_image","twitter_misc":{"Est. reading time":"1 minute"},"schema":{"@context":"https:\/\/schema.org","@graph":[{"@type":"WebPage","@id":"https:\/\/finpros.com\/vi\/thuong-gia\/","url":"https:\/\/finpros.com\/vi\/thuong-gia\/","name":"Th\u01b0\u01a1ng gia - FinPros","isPartOf":{"@id":"https:\/\/finpros.com\/#website"},"datePublished":"2025-03-25T05:34:16+00:00","dateModified":"2025-06-11T13:40:05+00:00","breadcrumb":{"@id":"https:\/\/finpros.com\/vi\/thuong-gia\/#breadcrumb"},"inLanguage":"vi-VN","potentialAction":[{"@type":"ReadAction","target":["https:\/\/finpros.com\/vi\/thuong-gia\/"]}]},{"@type":"BreadcrumbList","@id":"https:\/\/finpros.com\/vi\/thuong-gia\/#breadcrumb","itemListElement":[{"@type":"ListItem","position":1,"name":"Trang ch\u1ee7","item":"https:\/\/finpros.com\/"},{"@type":"ListItem","position":2,"name":"Th\u01b0\u01a1ng gia"}]},{"@type":"WebSite","@id":"https:\/\/finpros.com\/#website","url":"https:\/\/finpros.com\/","name":"FinPros","description":"","publisher":{"@id":"https:\/\/finpros.com\/#organization"},"potentialAction":[{"@type":"SearchAction","target":{"@type":"EntryPoint","urlTemplate":"https:\/\/finpros.com\/?s={search_term_string}"},"query-input":{"@type":"PropertyValueSpecification","valueRequired":true,"valueName":"search_term_string"}}],"inLanguage":"vi-VN"},{"@type":"Organization","@id":"https:\/\/finpros.com\/#organization","name":"FinPros","url":"https:\/\/finpros.com\/","logo":{"@type":"ImageObject","inLanguage":"vi-VN","@id":"https:\/\/finpros.com\/#\/schema\/logo\/image\/","url":"https:\/\/finpros.com\/wp-content\/uploads\/2025\/03\/FinPros-PNG-1.png","contentUrl":"https:\/\/finpros.com\/wp-content\/uploads\/2025\/03\/FinPros-PNG-1.png","width":1050,"height":369,"caption":"FinPros"},"image":{"@id":"https:\/\/finpros.com\/#\/schema\/logo\/image\/"}}]}},"_links":{"self":[{"href":"https:\/\/finpros.com\/vi\/wp-json\/wp\/v2\/pages\/3274","targetHints":{"allow":["GET"]}}],"collection":[{"href":"https:\/\/finpros.com\/vi\/wp-json\/wp\/v2\/pages"}],"about":[{"href":"https:\/\/finpros.com\/vi\/wp-json\/wp\/v2\/types\/page"}],"author":[{"embeddable":true,"href":"https:\/\/finpros.com\/vi\/wp-json\/wp\/v2\/users\/1"}],"replies":[{"embeddable":true,"href":"https:\/\/finpros.com\/vi\/wp-json\/wp\/v2\/comments?post=3274"}],"version-history":[{"count":0,"href":"https:\/\/finpros.com\/vi\/wp-json\/wp\/v2\/pages\/3274\/revisions"}],"wp:attachment":[{"href":"https:\/\/finpros.com\/vi\/wp-json\/wp\/v2\/media?parent=3274"}],"curies":[{"name":"wp","href":"https:\/\/api.w.org\/{rel}","templated":true}]}}