{"id":3243,"date":"2025-03-20T14:17:41","date_gmt":"2025-03-20T14:17:41","guid":{"rendered":"https:\/\/finpros.com\/cookie-va-chinh-sach-bao-mat\/"},"modified":"2025-05-28T18:47:22","modified_gmt":"2025-05-28T18:47:22","slug":"cookie-va-chinh-sach-bao-mat","status":"publish","type":"page","link":"https:\/\/finpros.com\/vi\/cookie-va-chinh-sach-bao-mat\/","title":{"rendered":"Cookie v\u00e0 Ch\u00ednh s\u00e1ch b\u1ea3o m\u1eadt"},"content":{"rendered":"\t\t<div data-elementor-type=\"wp-page\" data-elementor-id=\"3243\" class=\"elementor elementor-3243 elementor-3\" data-elementor-post-type=\"page\">\n\t\t\t\t<div class=\"elementor-element elementor-element-389cda44 e-con-full calculator-sub-banner e-flex e-con e-parent\" data-id=\"389cda44\" data-element_type=\"container\" data-settings=\"{&quot;background_background&quot;:&quot;classic&quot;}\">\n\t\t<div class=\"elementor-element elementor-element-40d4770e e-flex e-con-boxed e-con e-child\" data-id=\"40d4770e\" data-element_type=\"container\" data-settings=\"{&quot;background_background&quot;:&quot;classic&quot;}\">\n\t\t\t\t\t<div class=\"e-con-inner\">\n\t\t\t\t<div class=\"elementor-element elementor-element-4dbf8b8c elementor-widget elementor-widget-heading\" data-id=\"4dbf8b8c\" data-element_type=\"widget\" data-widget_type=\"heading.default\">\n\t\t\t\t<div class=\"elementor-widget-container\">\n\t\t\t\t\t<h2 class=\"elementor-heading-title elementor-size-default\">Cookie v\u00e0 Ch\u00ednh s\u00e1ch b\u1ea3o m\u1eadt<\/h2>\t\t\t\t<\/div>\n\t\t\t\t<\/div>\n\t\t\t\t\t<\/div>\n\t\t\t\t<\/div>\n\t\t<div class=\"elementor-element elementor-element-2953e584 e-con-full e-flex e-con e-child\" data-id=\"2953e584\" data-element_type=\"container\">\n\t\t<div class=\"elementor-element elementor-element-5e0d64fd e-flex e-con-boxed e-con e-child\" data-id=\"5e0d64fd\" data-element_type=\"container\">\n\t\t\t\t\t<div class=\"e-con-inner\">\n\t\t\t\t<div class=\"elementor-element elementor-element-45767c elementor-align-left calc-banner-link bread-links elementor-widget elementor-widget-breadcrumbs\" data-id=\"45767c\" data-element_type=\"widget\" data-widget_type=\"breadcrumbs.default\">\n\t\t\t\t<div class=\"elementor-widget-container\">\n\t\t\t\t\t<p id=\"breadcrumbs\"><span><span><a href=\"https:\/\/finpros.com\/\">Trang ch\u1ee7<\/a><\/span><\/span><\/p>\t\t\t\t<\/div>\n\t\t\t\t<\/div>\n\t\t\t\t\t<\/div>\n\t\t\t\t<\/div>\n\t\t\t\t<\/div>\n\t\t\t\t<\/div>\n\t\t<div class=\"elementor-element elementor-element-5fe6c9ea e-flex e-con-boxed e-con e-parent\" data-id=\"5fe6c9ea\" data-element_type=\"container\">\n\t\t\t\t\t<div class=\"e-con-inner\">\n\t\t\t\t<div class=\"elementor-element elementor-element-7baa9b78 elementor-widget elementor-widget-text-editor\" data-id=\"7baa9b78\" data-element_type=\"widget\" data-widget_type=\"text-editor.default\">\n\t\t\t\t<div class=\"elementor-widget-container\">\n\t\t\t\t\t\t\t\t\t\n<h2 class=\"wp-block-heading\" style=\"margin-bottom: 10px;\">Cookie v\u00e0 Ch\u00ednh s\u00e1ch b\u1ea3o m\u1eadt<\/h2>\n\n<p>  FinPros s\u1eed d\u1ee5ng cookie \u0111\u1ec3 c\u1ea3i thi\u1ec7n tr\u1ea3i nghi\u1ec7m ng\u01b0\u1eddi d\u00f9ng v\u00e0 hi\u1ec7u su\u1ea5t trang web, cung c\u1ea5p qu\u1ea3ng c\u00e1o ph\u00f9 h\u1ee3p v\u1edbi s\u1edf th\u00edch c\u1ee7a b\u1ea1n v\u00e0 cho ph\u00e9p chia s\u1ebb ph\u01b0\u01a1ng ti\u1ec7n truy\u1ec1n th\u00f4ng x\u00e3 h\u1ed9i. Khi \u0111\u01b0\u1ee3c y\u00eau c\u1ea7u theo lu\u1eadt hi\u1ec7n h\u00e0nh, ch\u00fang t\u00f4i s\u1ebd xin ph\u00e9p b\u1ea1n tr\u01b0\u1edbc khi \u0111\u1eb7t b\u1ea5t k\u1ef3 cookie n\u00e0o tr\u00ean thi\u1ebft b\u1ecb c\u1ee7a b\u1ea1n m\u00e0 kh\u00f4ng th\u1ef1c s\u1ef1 c\u1ea7n thi\u1ebft cho ho\u1ea1t \u0111\u1ed9ng c\u1ee7a trang web c\u1ee7a ch\u00fang t\u00f4i. T\u00ecm hi\u1ec3u v\u1ec1 cookie c\u1ee7a ch\u00fang t\u00f4i v\u00e0 c\u00e1ch s\u1eeda \u0111\u1ed5i t\u00f9y ch\u1ecdn c\u1ee7a b\u1ea1n trong <a href=\"https:\/\/pdf.finpros.com\/wp-content\/uploads\/2024\/01\/FinPros.com-Cookies-Policy.pdf\" target=\"_blank\" rel=\"noreferrer noopener\">\u201cTh\u00f4ng b\u00e1o v\u1ec1 cookie\u201d<\/a> v\u00e0 <a href=\"https:\/\/pdf.finpros.com\/wp-content\/uploads\/2024\/01\/FinPros.com-Privacy-Policy.pdf\" target=\"_blank\" rel=\"noreferrer noopener\">\u201cCh\u00ednh s\u00e1ch b\u1ea3o m\u1eadt\u201d<\/a> c\u1ee7a ch\u00fang t\u00f4i.  <\/p>\n\t\t\t\t\t\t\t\t<\/div>\n\t\t\t\t<\/div>\n\t\t\t\t\t<\/div>\n\t\t\t\t<\/div>\n\t\t\t\t<\/div>\n\t\t","protected":false},"excerpt":{"rendered":"<p>Cookie v\u00e0 Ch\u00ednh s\u00e1ch b\u1ea3o m\u1eadt FinPros s\u1eed d\u1ee5ng cookie \u0111\u1ec3 c\u1ea3i thi\u1ec7n tr\u1ea3i nghi\u1ec7m ng\u01b0\u1eddi d\u00f9ng v\u00e0 hi\u1ec7u su\u1ea5t trang web, cung c\u1ea5p qu\u1ea3ng c\u00e1o ph\u00f9 h\u1ee3p v\u1edbi s\u1edf th\u00edch c\u1ee7a b\u1ea1n v\u00e0 cho ph\u00e9p chia s\u1ebb ph\u01b0\u01a1ng ti\u1ec7n truy\u1ec1n th\u00f4ng x\u00e3 h\u1ed9i. Khi \u0111\u01b0\u1ee3c y\u00eau c\u1ea7u theo lu\u1eadt hi\u1ec7n h\u00e0nh, ch\u00fang t\u00f4i s\u1ebd [&hellip;]<\/p>\n","protected":false},"author":1,"featured_media":0,"parent":0,"menu_order":0,"comment_status":"closed","ping_status":"closed","template":"tpl-default-elementor.php","meta":{"footnotes":""},"class_list":["post-3243","page","type-page","status-publish","hentry"],"yoast_head":"<!-- This site is optimized with the Yoast SEO plugin v25.0 - https:\/\/yoast.com\/wordpress\/plugins\/seo\/ -->\n<title>Cookie v\u00e0 Ch\u00ednh s\u00e1ch b\u1ea3o m\u1eadt - FinPros<\/title>\n<meta name=\"robots\" content=\"index, follow, max-snippet:-1, max-image-preview:large, max-video-preview:-1\" \/>\n<link rel=\"canonical\" href=\"https:\/\/finpros.com\/vi\/cookie-va-chinh-sach-bao-mat\/\" \/>\n<meta property=\"og:locale\" content=\"vi_VN\" \/>\n<meta property=\"og:type\" content=\"article\" \/>\n<meta property=\"og:title\" content=\"Cookie v\u00e0 Ch\u00ednh s\u00e1ch b\u1ea3o m\u1eadt - FinPros\" \/>\n<meta property=\"og:description\" content=\"Cookie v\u00e0 Ch\u00ednh s\u00e1ch b\u1ea3o m\u1eadt FinPros s\u1eed d\u1ee5ng cookie \u0111\u1ec3 c\u1ea3i thi\u1ec7n tr\u1ea3i nghi\u1ec7m ng\u01b0\u1eddi d\u00f9ng v\u00e0 hi\u1ec7u su\u1ea5t trang web, cung c\u1ea5p qu\u1ea3ng c\u00e1o ph\u00f9 h\u1ee3p v\u1edbi s\u1edf th\u00edch c\u1ee7a b\u1ea1n v\u00e0 cho ph\u00e9p chia s\u1ebb ph\u01b0\u01a1ng ti\u1ec7n truy\u1ec1n th\u00f4ng x\u00e3 h\u1ed9i. Khi \u0111\u01b0\u1ee3c y\u00eau c\u1ea7u theo lu\u1eadt hi\u1ec7n h\u00e0nh, ch\u00fang t\u00f4i s\u1ebd [&hellip;]\" \/>\n<meta property=\"og:url\" content=\"https:\/\/finpros.com\/vi\/cookie-va-chinh-sach-bao-mat\/\" \/>\n<meta property=\"og:site_name\" content=\"FinPros\" \/>\n<meta property=\"article:modified_time\" content=\"2025-05-28T18:47:22+00:00\" \/>\n<meta name=\"twitter:card\" content=\"summary_large_image\" \/>\n<meta name=\"twitter:label1\" content=\"Est. reading time\" \/>\n\t<meta name=\"twitter:data1\" content=\"1 minute\" \/>\n<script type=\"application\/ld+json\" class=\"yoast-schema-graph\">{\"@context\":\"https:\/\/schema.org\",\"@graph\":[{\"@type\":\"WebPage\",\"@id\":\"https:\/\/finpros.com\/vi\/cookie-va-chinh-sach-bao-mat\/\",\"url\":\"https:\/\/finpros.com\/vi\/cookie-va-chinh-sach-bao-mat\/\",\"name\":\"Cookie v\u00e0 Ch\u00ednh s\u00e1ch b\u1ea3o m\u1eadt - FinPros\",\"isPartOf\":{\"@id\":\"https:\/\/finpros.com\/#website\"},\"datePublished\":\"2025-03-20T14:17:41+00:00\",\"dateModified\":\"2025-05-28T18:47:22+00:00\",\"breadcrumb\":{\"@id\":\"https:\/\/finpros.com\/vi\/cookie-va-chinh-sach-bao-mat\/#breadcrumb\"},\"inLanguage\":\"vi-VN\",\"potentialAction\":[{\"@type\":\"ReadAction\",\"target\":[\"https:\/\/finpros.com\/vi\/cookie-va-chinh-sach-bao-mat\/\"]}]},{\"@type\":\"BreadcrumbList\",\"@id\":\"https:\/\/finpros.com\/vi\/cookie-va-chinh-sach-bao-mat\/#breadcrumb\",\"itemListElement\":[{\"@type\":\"ListItem\",\"position\":1,\"name\":\"Trang ch\u1ee7\",\"item\":\"https:\/\/finpros.com\/\"},{\"@type\":\"ListItem\",\"position\":2,\"name\":\"Cookie v\u00e0 Ch\u00ednh s\u00e1ch b\u1ea3o m\u1eadt\"}]},{\"@type\":\"WebSite\",\"@id\":\"https:\/\/finpros.com\/#website\",\"url\":\"https:\/\/finpros.com\/\",\"name\":\"FinPros\",\"description\":\"\",\"publisher\":{\"@id\":\"https:\/\/finpros.com\/#organization\"},\"potentialAction\":[{\"@type\":\"SearchAction\",\"target\":{\"@type\":\"EntryPoint\",\"urlTemplate\":\"https:\/\/finpros.com\/?s={search_term_string}\"},\"query-input\":{\"@type\":\"PropertyValueSpecification\",\"valueRequired\":true,\"valueName\":\"search_term_string\"}}],\"inLanguage\":\"vi-VN\"},{\"@type\":\"Organization\",\"@id\":\"https:\/\/finpros.com\/#organization\",\"name\":\"FinPros\",\"url\":\"https:\/\/finpros.com\/\",\"logo\":{\"@type\":\"ImageObject\",\"inLanguage\":\"vi-VN\",\"@id\":\"https:\/\/finpros.com\/#\/schema\/logo\/image\/\",\"url\":\"https:\/\/finpros.com\/wp-content\/uploads\/2025\/03\/FinPros-PNG-1.png\",\"contentUrl\":\"https:\/\/finpros.com\/wp-content\/uploads\/2025\/03\/FinPros-PNG-1.png\",\"width\":1050,\"height\":369,\"caption\":\"FinPros\"},\"image\":{\"@id\":\"https:\/\/finpros.com\/#\/schema\/logo\/image\/\"}}]}<\/script>\n<!-- \/ Yoast SEO plugin. -->","yoast_head_json":{"title":"Cookie v\u00e0 Ch\u00ednh s\u00e1ch b\u1ea3o m\u1eadt - FinPros","robots":{"index":"index","follow":"follow","max-snippet":"max-snippet:-1","max-image-preview":"max-image-preview:large","max-video-preview":"max-video-preview:-1"},"canonical":"https:\/\/finpros.com\/vi\/cookie-va-chinh-sach-bao-mat\/","og_locale":"vi_VN","og_type":"article","og_title":"Cookie v\u00e0 Ch\u00ednh s\u00e1ch b\u1ea3o m\u1eadt - FinPros","og_description":"Cookie v\u00e0 Ch\u00ednh s\u00e1ch b\u1ea3o m\u1eadt FinPros s\u1eed d\u1ee5ng cookie \u0111\u1ec3 c\u1ea3i thi\u1ec7n tr\u1ea3i nghi\u1ec7m ng\u01b0\u1eddi d\u00f9ng v\u00e0 hi\u1ec7u su\u1ea5t trang web, cung c\u1ea5p qu\u1ea3ng c\u00e1o ph\u00f9 h\u1ee3p v\u1edbi s\u1edf th\u00edch c\u1ee7a b\u1ea1n v\u00e0 cho ph\u00e9p chia s\u1ebb ph\u01b0\u01a1ng ti\u1ec7n truy\u1ec1n th\u00f4ng x\u00e3 h\u1ed9i. Khi \u0111\u01b0\u1ee3c y\u00eau c\u1ea7u theo lu\u1eadt hi\u1ec7n h\u00e0nh, ch\u00fang t\u00f4i s\u1ebd [&hellip;]","og_url":"https:\/\/finpros.com\/vi\/cookie-va-chinh-sach-bao-mat\/","og_site_name":"FinPros","article_modified_time":"2025-05-28T18:47:22+00:00","twitter_card":"summary_large_image","twitter_misc":{"Est. reading time":"1 minute"},"schema":{"@context":"https:\/\/schema.org","@graph":[{"@type":"WebPage","@id":"https:\/\/finpros.com\/vi\/cookie-va-chinh-sach-bao-mat\/","url":"https:\/\/finpros.com\/vi\/cookie-va-chinh-sach-bao-mat\/","name":"Cookie v\u00e0 Ch\u00ednh s\u00e1ch b\u1ea3o m\u1eadt - FinPros","isPartOf":{"@id":"https:\/\/finpros.com\/#website"},"datePublished":"2025-03-20T14:17:41+00:00","dateModified":"2025-05-28T18:47:22+00:00","breadcrumb":{"@id":"https:\/\/finpros.com\/vi\/cookie-va-chinh-sach-bao-mat\/#breadcrumb"},"inLanguage":"vi-VN","potentialAction":[{"@type":"ReadAction","target":["https:\/\/finpros.com\/vi\/cookie-va-chinh-sach-bao-mat\/"]}]},{"@type":"BreadcrumbList","@id":"https:\/\/finpros.com\/vi\/cookie-va-chinh-sach-bao-mat\/#breadcrumb","itemListElement":[{"@type":"ListItem","position":1,"name":"Trang ch\u1ee7","item":"https:\/\/finpros.com\/"},{"@type":"ListItem","position":2,"name":"Cookie v\u00e0 Ch\u00ednh s\u00e1ch b\u1ea3o m\u1eadt"}]},{"@type":"WebSite","@id":"https:\/\/finpros.com\/#website","url":"https:\/\/finpros.com\/","name":"FinPros","description":"","publisher":{"@id":"https:\/\/finpros.com\/#organization"},"potentialAction":[{"@type":"SearchAction","target":{"@type":"EntryPoint","urlTemplate":"https:\/\/finpros.com\/?s={search_term_string}"},"query-input":{"@type":"PropertyValueSpecification","valueRequired":true,"valueName":"search_term_string"}}],"inLanguage":"vi-VN"},{"@type":"Organization","@id":"https:\/\/finpros.com\/#organization","name":"FinPros","url":"https:\/\/finpros.com\/","logo":{"@type":"ImageObject","inLanguage":"vi-VN","@id":"https:\/\/finpros.com\/#\/schema\/logo\/image\/","url":"https:\/\/finpros.com\/wp-content\/uploads\/2025\/03\/FinPros-PNG-1.png","contentUrl":"https:\/\/finpros.com\/wp-content\/uploads\/2025\/03\/FinPros-PNG-1.png","width":1050,"height":369,"caption":"FinPros"},"image":{"@id":"https:\/\/finpros.com\/#\/schema\/logo\/image\/"}}]}},"_links":{"self":[{"href":"https:\/\/finpros.com\/vi\/wp-json\/wp\/v2\/pages\/3243","targetHints":{"allow":["GET"]}}],"collection":[{"href":"https:\/\/finpros.com\/vi\/wp-json\/wp\/v2\/pages"}],"about":[{"href":"https:\/\/finpros.com\/vi\/wp-json\/wp\/v2\/types\/page"}],"author":[{"embeddable":true,"href":"https:\/\/finpros.com\/vi\/wp-json\/wp\/v2\/users\/1"}],"replies":[{"embeddable":true,"href":"https:\/\/finpros.com\/vi\/wp-json\/wp\/v2\/comments?post=3243"}],"version-history":[{"count":0,"href":"https:\/\/finpros.com\/vi\/wp-json\/wp\/v2\/pages\/3243\/revisions"}],"wp:attachment":[{"href":"https:\/\/finpros.com\/vi\/wp-json\/wp\/v2\/media?parent=3243"}],"curies":[{"name":"wp","href":"https:\/\/api.w.org\/{rel}","templated":true}]}}