{"id":18578,"date":"2025-07-14T10:25:00","date_gmt":"2025-07-14T10:25:00","guid":{"rendered":"https:\/\/finpros.com\/ndd-execution\/"},"modified":"2025-07-18T07:34:47","modified_gmt":"2025-07-18T07:34:47","slug":"ndd-execution","status":"publish","type":"page","link":"https:\/\/finpros.com\/vi\/ndd-execution\/","title":{"rendered":"Th\u1ef1c hi\u1ec7n NDD"},"content":{"rendered":"\t\t<div data-elementor-type=\"wp-page\" data-elementor-id=\"18578\" class=\"elementor elementor-18578 elementor-18469\" data-elementor-post-type=\"page\">\n\t\t\t\t<div class=\"elementor-element elementor-element-63759845 e-con-full calculator-sub-banner e-flex e-con e-parent\" data-id=\"63759845\" data-element_type=\"container\" data-settings=\"{&quot;background_background&quot;:&quot;classic&quot;}\">\n\t\t<div class=\"elementor-element elementor-element-7f9904e2 e-flex e-con-boxed e-con e-child\" data-id=\"7f9904e2\" data-element_type=\"container\" data-settings=\"{&quot;background_background&quot;:&quot;classic&quot;}\">\n\t\t\t\t\t<div class=\"e-con-inner\">\n\t\t\t\t<div class=\"elementor-element elementor-element-64a22e87 elementor-widget elementor-widget-heading\" data-id=\"64a22e87\" data-element_type=\"widget\" data-widget_type=\"heading.default\">\n\t\t\t\t<div class=\"elementor-widget-container\">\n\t\t\t\t\t<h2 class=\"elementor-heading-title elementor-size-default\">Kh\u00f4ng th\u1ef1c hi\u1ec7n giao d\u1ecbch t\u1ea1i b\u00e0n giao d\u1ecbch (NDD) t\u1ea1i FinPros<\/h2>\t\t\t\t<\/div>\n\t\t\t\t<\/div>\n\t\t\t\t<div class=\"elementor-element elementor-element-5704ead0 elementor-widget elementor-widget-heading\" data-id=\"5704ead0\" data-element_type=\"widget\" data-widget_type=\"heading.default\">\n\t\t\t\t<div class=\"elementor-widget-container\">\n\t\t\t\t\t<p class=\"elementor-heading-title elementor-size-default\">T\u1ea1i FinPros, <strong>m\u00f4 h\u00ecnh th\u1ef1c hi\u1ec7n giao d\u1ecbch kh\u00f4ng c\u1ea7n b\u00e0n giao d\u1ecbch (NDD)<\/strong> ti\u00ean ti\u1ebfn c\u1ee7a ch\u00fang t\u00f4i \u0111\u1ea3m b\u1ea3o b\u1ea1n c\u00f3 quy\u1ec1n truy c\u1eadp tr\u1ef1c ti\u1ebfp, nhanh ch\u00f3ng v\u00e0 minh b\u1ea1ch v\u00e0o th\u1ecb tr\u01b0\u1eddng m\u00e0 kh\u00f4ng c\u1ea7n trung gian.<\/p>\t\t\t\t<\/div>\n\t\t\t\t<\/div>\n\t\t\t\t\t<\/div>\n\t\t\t\t<\/div>\n\t\t<div class=\"elementor-element elementor-element-fa73717 e-flex e-con-boxed e-con e-child\" data-id=\"fa73717\" data-element_type=\"container\">\n\t\t\t\t\t<div class=\"e-con-inner\">\n\t\t<div class=\"elementor-element elementor-element-7c87245 e-flex e-con-boxed e-con e-child\" data-id=\"7c87245\" data-element_type=\"container\">\n\t\t\t\t\t<div class=\"e-con-inner\">\n\t\t\t\t<div class=\"elementor-element elementor-element-4773db9e elementor-align-left calc-banner-link bread-links elementor-widget elementor-widget-breadcrumbs\" data-id=\"4773db9e\" data-element_type=\"widget\" data-widget_type=\"breadcrumbs.default\">\n\t\t\t\t<div class=\"elementor-widget-container\">\n\t\t\t\t\t<p id=\"breadcrumbs\"><span><span><a href=\"https:\/\/finpros.com\/\">Trang ch\u1ee7<\/a><\/span><\/span><\/p>\t\t\t\t<\/div>\n\t\t\t\t<\/div>\n\t\t\t\t\t<\/div>\n\t\t\t\t<\/div>\n\t\t\t\t\t<\/div>\n\t\t\t\t<\/div>\n\t\t\t\t<\/div>\n\t\t<div class=\"elementor-element elementor-element-f3d127e e-flex e-con-boxed e-con e-parent\" data-id=\"f3d127e\" data-element_type=\"container\">\n\t\t\t\t\t<div class=\"e-con-inner\">\n\t\t<div class=\"elementor-element elementor-element-3209a0c e-con-full e-flex e-con e-child\" data-id=\"3209a0c\" data-element_type=\"container\">\n\t\t\t\t<div class=\"elementor-element elementor-element-3ded466 elementor-widget elementor-widget-heading\" data-id=\"3ded466\" data-element_type=\"widget\" data-widget_type=\"heading.default\">\n\t\t\t\t<div class=\"elementor-widget-container\">\n\t\t\t\t\t<h2 class=\"elementor-heading-title elementor-size-default\">Th\u1ef1c hi\u1ec7n giao d\u1ecbch l\u00e0 g\u00ec?\n<\/h2>\t\t\t\t<\/div>\n\t\t\t\t<\/div>\n\t\t\t\t<div class=\"elementor-element elementor-element-9ae2bb3 elementor-widget elementor-widget-text-editor\" data-id=\"9ae2bb3\" data-element_type=\"widget\" data-widget_type=\"text-editor.default\">\n\t\t\t\t<div class=\"elementor-widget-container\">\n\t\t\t\t\t\t\t\t\tTh\u1ef1c hi\u1ec7n giao d\u1ecbch l\u00e0 qu\u00e1 tr\u00ecnh m\u00e0 m\u1ed9t nh\u00e0 m\u00f4i gi\u1edbi th\u1ef1c hi\u1ec7n l\u1ec7nh mua ho\u1eb7c b\u00e1n c\u1ee7a nh\u00e0 giao d\u1ecbch\n m\u1ed9t c\u00f4ng c\u1ee5 t\u00e0i ch\u00ednh, ch\u1eb3ng h\u1ea1n nh\u01b0 ngo\u1ea1i h\u1ed1i, c\u1ed5 phi\u1ebfu, h\u00e0ng h\u00f3a ho\u1eb7c ti\u1ec1n \u0111i\u1ec7n t\u1eed. N\u00f3 li\u00ean quan \u0111\u1ebfn\n kh\u1edbp l\u1ec7nh v\u1edbi gi\u00e1 th\u1ecb tr\u01b0\u1eddng hi\u1ec7n c\u00f3 v\u00e0 ho\u00e0n t\u1ea5t giao d\u1ecbch. \t\t\t\t\t\t\t\t<\/div>\n\t\t\t\t<\/div>\n\t\t\t\t<div class=\"elementor-element elementor-element-356f7b6 elementor-icon-list--layout-traditional elementor-list-item-link-full_width elementor-widget elementor-widget-icon-list\" data-id=\"356f7b6\" data-element_type=\"widget\" data-widget_type=\"icon-list.default\">\n\t\t\t\t<div class=\"elementor-widget-container\">\n\t\t\t\t\t\t\t<ul class=\"elementor-icon-list-items\">\n\t\t\t\t\t\t\t<li class=\"elementor-icon-list-item\">\n\t\t\t\t\t\t\t\t\t\t<span class=\"elementor-icon-list-text\"><strong>T\u1ed1c \u0111\u1ed9:<\/strong> Th\u1ef1c hi\u1ec7n nhanh \u0111\u1ea3m b\u1ea3o c\u00e1c l\u1ec7nh \u0111\u01b0\u1ee3c kh\u1edbp \u1edf m\u1ee9c gi\u00e1 mong mu\u1ed1n ho\u1eb7c g\u1ea7n m\u1ee9c gi\u00e1 mong mu\u1ed1n, gi\u1ea3m thi\u1ec3u s\u1ef1 ch\u1eadm tr\u1ec5 c\u00f3 th\u1ec3 \u1ea3nh h\u01b0\u1edfng \u0111\u1ebfn l\u1ee3i nhu\u1eadn.<\/span>\n\t\t\t\t\t\t\t\t\t<\/li>\n\t\t\t\t\t\t\t\t<li class=\"elementor-icon-list-item\">\n\t\t\t\t\t\t\t\t\t\t<span class=\"elementor-icon-list-text\"><strong>T\u00ednh minh b\u1ea1ch:<\/strong> Quy tr\u00ecnh \u0111\u1ecbnh gi\u00e1 v\u00e0 th\u1ef1c hi\u1ec7n \u0111\u01a1n h\u00e0ng r\u00f5 r\u00e0ng gi\u00fap x\u00e2y d\u1ef1ng l\u00f2ng tin, \u0111\u1ea3m b\u1ea3o c\u00e1c nh\u00e0 giao d\u1ecbch bi\u1ebft ch\u00ednh x\u00e1c c\u00e1ch x\u1eed l\u00fd \u0111\u01a1n h\u00e0ng c\u1ee7a h\u1ecd.<\/span>\n\t\t\t\t\t\t\t\t\t<\/li>\n\t\t\t\t\t\t\t\t<li class=\"elementor-icon-list-item\">\n\t\t\t\t\t\t\t\t\t\t<span class=\"elementor-icon-list-text\"><strong>Tr\u01b0\u1ee3t gi\u00e1:<\/strong> Th\u1ef1c hi\u1ec7n hi\u1ec7u qu\u1ea3 s\u1ebd gi\u1ea3m tr\u01b0\u1ee3t gi\u00e1, \u0111\u1eb7c bi\u1ec7t l\u00e0 trong c\u00e1c th\u1ecb tr\u01b0\u1eddng bi\u1ebfn \u0111\u1ed9ng, b\u1eb1ng c\u00e1ch \u0111\u1ea3m b\u1ea3o gi\u00e1 g\u1ea7n v\u1edbi y\u00eau c\u1ea7u c\u1ee7a nh\u00e0 giao d\u1ecbch.<\/span>\n\t\t\t\t\t\t\t\t\t<\/li>\n\t\t\t\t\t\t\t\t<li class=\"elementor-icon-list-item\">\n\t\t\t\t\t\t\t\t\t\t<span class=\"elementor-icon-list-text\"><strong>\u0110\u1ed9 tin c\u1eady:<\/strong> Vi\u1ec7c th\u1ef1c hi\u1ec7n l\u1ec7nh m\u1ed9t c\u00e1ch nh\u1ea5t qu\u00e1n v\u00e0 ch\u00ednh x\u00e1c l\u00e0 r\u1ea5t quan tr\u1ecdng \u0111\u1ed1i v\u1edbi m\u1ecdi phong c\u00e1ch giao d\u1ecbch, t\u1eeb \u0111\u1ea7u c\u01a1 \u0111\u1ebfn \u0111\u1ea7u t\u01b0 d\u00e0i h\u1ea1n.<\/span>\n\t\t\t\t\t\t\t\t\t<\/li>\n\t\t\t\t\t\t<\/ul>\n\t\t\t\t\t\t<\/div>\n\t\t\t\t<\/div>\n\t\t\t\t<\/div>\n\t\t\t\t\t<\/div>\n\t\t\t\t<\/div>\n\t\t<div class=\"elementor-element elementor-element-973e8aa e-flex e-con-boxed e-con e-parent\" data-id=\"973e8aa\" data-element_type=\"container\">\n\t\t\t\t\t<div class=\"e-con-inner\">\n\t\t<div class=\"elementor-element elementor-element-8a8b99f e-con-full e-flex e-con e-child\" data-id=\"8a8b99f\" data-element_type=\"container\">\n\t\t\t\t<div class=\"elementor-element elementor-element-81b5973 elementor-widget elementor-widget-heading\" data-id=\"81b5973\" data-element_type=\"widget\" data-widget_type=\"heading.default\">\n\t\t\t\t<div class=\"elementor-widget-container\">\n\t\t\t\t\t<h2 class=\"elementor-heading-title elementor-size-default\">NDD Execution l\u00e0 g\u00ec?<\/h2>\t\t\t\t<\/div>\n\t\t\t\t<\/div>\n\t\t\t\t<div class=\"elementor-element elementor-element-be49f56 elementor-widget elementor-widget-text-editor\" data-id=\"be49f56\" data-element_type=\"widget\" data-widget_type=\"text-editor.default\">\n\t\t\t\t<div class=\"elementor-widget-container\">\n\t\t\t\t\t\t\t\t\t<p>NDD c\u00f3 ngh\u0129a l\u00e0 c\u00e1c giao d\u1ecbch c\u1ee7a b\u1ea1n s\u1ebd \u0111\u01b0\u1ee3c chuy\u1ec3n th\u1eb3ng \u0111\u1ebfn th\u1ecb tr\u01b0\u1eddng li\u00ean ng\u00e2n h\u00e0ng ho\u1eb7c c\u00e1c \u0111\u1ed1i t\u00e1c thanh kho\u1ea3n c\u1ee7a ch\u00fang t\u00f4i\u2014kh\u00f4ng c\u00f3 s\u1ef1 can thi\u1ec7p c\u1ee7a b\u00e0n giao d\u1ecbch, kh\u00f4ng c\u00f3 s\u1ef1 ch\u1eadm tr\u1ec5, kh\u00f4ng c\u00f3 b\u00e1o gi\u00e1 l\u1ea1i<\/p>\t\t\t\t\t\t\t\t<\/div>\n\t\t\t\t<\/div>\n\t\t\t\t<div class=\"elementor-element elementor-element-87ac577 elementor-widget elementor-widget-text-editor\" data-id=\"87ac577\" data-element_type=\"widget\" data-widget_type=\"text-editor.default\">\n\t\t\t\t<div class=\"elementor-widget-container\">\n\t\t\t\t\t\t\t\t\t<p>\u0110i\u1ec1u n\u00e0y c\u00f3 th\u1ec3 \u0111\u01b0\u1ee3c th\u1ef1c hi\u1ec7n th\u00f4ng qua:<\/p>\t\t\t\t\t\t\t\t<\/div>\n\t\t\t\t<\/div>\n\t\t\t\t<div class=\"elementor-element elementor-element-7078529 elementor-icon-list--layout-traditional elementor-list-item-link-full_width elementor-widget elementor-widget-icon-list\" data-id=\"7078529\" data-element_type=\"widget\" data-widget_type=\"icon-list.default\">\n\t\t\t\t<div class=\"elementor-widget-container\">\n\t\t\t\t\t\t\t<ul class=\"elementor-icon-list-items\">\n\t\t\t\t\t\t\t<li class=\"elementor-icon-list-item\">\n\t\t\t\t\t\t\t\t\t\t\t<span class=\"elementor-icon-list-icon\">\n\t\t\t\t\t\t\t<svg aria-hidden=\"true\" class=\"e-font-icon-svg e-fas-dot-circle\" viewBox=\"0 0 512 512\" xmlns=\"http:\/\/www.w3.org\/2000\/svg\"><path d=\"M256 8C119.033 8 8 119.033 8 256s111.033 248 248 248 248-111.033 248-248S392.967 8 256 8zm80 248c0 44.112-35.888 80-80 80s-80-35.888-80-80 35.888-80 80-80 80 35.888 80 80z\"><\/path><\/svg>\t\t\t\t\t\t<\/span>\n\t\t\t\t\t\t\t\t\t\t<span class=\"elementor-icon-list-text\"><strong>STP<\/strong> (X\u1eed l\u00fd tr\u1ef1c ti\u1ebfp): Giao d\u1ecbch \u0111\u01b0\u1ee3c chuy\u1ec3n tr\u1ef1c ti\u1ebfp \u0111\u1ebfn c\u00e1c nh\u00e0 cung c\u1ea5p thanh kho\u1ea3n<\/span>\n\t\t\t\t\t\t\t\t\t<\/li>\n\t\t\t\t\t\t\t\t<li class=\"elementor-icon-list-item\">\n\t\t\t\t\t\t\t\t\t\t\t<span class=\"elementor-icon-list-icon\">\n\t\t\t\t\t\t\t<svg aria-hidden=\"true\" class=\"e-font-icon-svg e-fas-dot-circle\" viewBox=\"0 0 512 512\" xmlns=\"http:\/\/www.w3.org\/2000\/svg\"><path d=\"M256 8C119.033 8 8 119.033 8 256s111.033 248 248 248 248-111.033 248-248S392.967 8 256 8zm80 248c0 44.112-35.888 80-80 80s-80-35.888-80-80 35.888-80 80-80 80 35.888 80 80z\"><\/path><\/svg>\t\t\t\t\t\t<\/span>\n\t\t\t\t\t\t\t\t\t\t<span class=\"elementor-icon-list-text\"><strong>ECN<\/strong> (M\u1ea1ng truy\u1ec1n th\u00f4ng \u0111i\u1ec7n t\u1eed): B\u1ea1n c\u0169ng c\u00f3 th\u1ec3 giao d\u1ecbch tr\u1ef1c ti\u1ebfp v\u1edbi nh\u1eefng ng\u01b0\u1eddi tham gia th\u1ecb tr\u01b0\u1eddng kh\u00e1c  <\/span>\n\t\t\t\t\t\t\t\t\t<\/li>\n\t\t\t\t\t\t<\/ul>\n\t\t\t\t\t\t<\/div>\n\t\t\t\t<\/div>\n\t\t\t\t<\/div>\n\t\t\t\t\t<\/div>\n\t\t\t\t<\/div>\n\t\t<div class=\"elementor-element elementor-element-b01f07b e-flex e-con-boxed e-con e-parent\" data-id=\"b01f07b\" data-element_type=\"container\">\n\t\t\t\t\t<div class=\"e-con-inner\">\n\t\t<div class=\"elementor-element elementor-element-d29a56e e-con-full e-flex e-con e-child\" data-id=\"d29a56e\" data-element_type=\"container\">\n\t\t\t\t<div class=\"elementor-element elementor-element-9aade5f elementor-widget elementor-widget-heading\" data-id=\"9aade5f\" data-element_type=\"widget\" data-widget_type=\"heading.default\">\n\t\t\t\t<div class=\"elementor-widget-container\">\n\t\t\t\t\t<h2 class=\"elementor-heading-title elementor-size-default\">\u0110i\u1ec1u n\u00e0y c\u00f3 \u00fd ngh\u0129a g\u00ec \u0111\u1ed1i v\u1edbi b\u1ea1n<\/h2>\t\t\t\t<\/div>\n\t\t\t\t<\/div>\n\t\t\t\t<div class=\"elementor-element elementor-element-2a23ead elementor-icon-list--layout-traditional elementor-list-item-link-full_width elementor-widget elementor-widget-icon-list\" data-id=\"2a23ead\" data-element_type=\"widget\" data-widget_type=\"icon-list.default\">\n\t\t\t\t<div class=\"elementor-widget-container\">\n\t\t\t\t\t\t\t<ul class=\"elementor-icon-list-items\">\n\t\t\t\t\t\t\t<li class=\"elementor-icon-list-item\">\n\t\t\t\t\t\t\t\t\t\t\t<span class=\"elementor-icon-list-icon\">\n\t\t\t\t\t\t\t<svg aria-hidden=\"true\" class=\"e-font-icon-svg e-fas-dot-circle\" viewBox=\"0 0 512 512\" xmlns=\"http:\/\/www.w3.org\/2000\/svg\"><path d=\"M256 8C119.033 8 8 119.033 8 256s111.033 248 248 248 248-111.033 248-248S392.967 8 256 8zm80 248c0 44.112-35.888 80-80 80s-80-35.888-80-80 35.888-80 80-80 80 35.888 80 80z\"><\/path><\/svg>\t\t\t\t\t\t<\/span>\n\t\t\t\t\t\t\t\t\t\t<span class=\"elementor-icon-list-text\"><strong>Th\u1ef1c hi\u1ec7n c\u1ef1c nhanh<\/strong> \u2013 Gi\u1ea3m thi\u1ec3u tr\u01b0\u1ee3t gi\u00e1 v\u00e0 tr\u00e1nh l\u1ec7nh b\u1ecb tr\u00ec ho\u00e3n<\/span>\n\t\t\t\t\t\t\t\t\t<\/li>\n\t\t\t\t\t\t\t\t<li class=\"elementor-icon-list-item\">\n\t\t\t\t\t\t\t\t\t\t\t<span class=\"elementor-icon-list-icon\">\n\t\t\t\t\t\t\t<svg aria-hidden=\"true\" class=\"e-font-icon-svg e-fas-dot-circle\" viewBox=\"0 0 512 512\" xmlns=\"http:\/\/www.w3.org\/2000\/svg\"><path d=\"M256 8C119.033 8 8 119.033 8 256s111.033 248 248 248 248-111.033 248-248S392.967 8 256 8zm80 248c0 44.112-35.888 80-80 80s-80-35.888-80-80 35.888-80 80-80 80 35.888 80 80z\"><\/path><\/svg>\t\t\t\t\t\t<\/span>\n\t\t\t\t\t\t\t\t\t\t<span class=\"elementor-icon-list-text\"><strong>Gi\u00e1 t\u1ed1t nh\u1ea5t th\u1ecb tr\u01b0\u1eddng<\/strong> \u2013 Truy c\u1eadp b\u00e1o gi\u00e1 t\u1ed5ng h\u1ee3p, c\u1ea1nh tranh t\u1eeb nhi\u1ec1u nh\u00e0 cung c\u1ea5p<\/span>\n\t\t\t\t\t\t\t\t\t<\/li>\n\t\t\t\t\t\t\t\t<li class=\"elementor-icon-list-item\">\n\t\t\t\t\t\t\t\t\t\t\t<span class=\"elementor-icon-list-icon\">\n\t\t\t\t\t\t\t<svg aria-hidden=\"true\" class=\"e-font-icon-svg e-fas-dot-circle\" viewBox=\"0 0 512 512\" xmlns=\"http:\/\/www.w3.org\/2000\/svg\"><path d=\"M256 8C119.033 8 8 119.033 8 256s111.033 248 248 248 248-111.033 248-248S392.967 8 256 8zm80 248c0 44.112-35.888 80-80 80s-80-35.888-80-80 35.888-80 80-80 80 35.888 80 80z\"><\/path><\/svg>\t\t\t\t\t\t<\/span>\n\t\t\t\t\t\t\t\t\t\t<span class=\"elementor-icon-list-text\"><strong>Minh b\u1ea1ch ho\u00e0n to\u00e0n<\/strong> \u2013 Kh\u00f4ng c\u00f3 ch\u00eanh l\u1ec7ch gi\u00e1 \u1ea9n ho\u1eb7c xung \u0111\u1ed9t l\u1ee3i \u00edch\u2014\u0111\u01a1n h\u00e0ng c\u1ee7a b\u1ea1n kh\u00f4ng b\u1ecb n\u1ed9i b\u1ed9 h\u00f3a<\/span>\n\t\t\t\t\t\t\t\t\t<\/li>\n\t\t\t\t\t\t\t\t<li class=\"elementor-icon-list-item\">\n\t\t\t\t\t\t\t\t\t\t\t<span class=\"elementor-icon-list-icon\">\n\t\t\t\t\t\t\t<svg aria-hidden=\"true\" class=\"e-font-icon-svg e-fas-dot-circle\" viewBox=\"0 0 512 512\" xmlns=\"http:\/\/www.w3.org\/2000\/svg\"><path d=\"M256 8C119.033 8 8 119.033 8 256s111.033 248 248 248 248-111.033 248-248S392.967 8 256 8zm80 248c0 44.112-35.888 80-80 80s-80-35.888-80-80 35.888-80 80-80 80 35.888 80 80z\"><\/path><\/svg>\t\t\t\t\t\t<\/span>\n\t\t\t\t\t\t\t\t\t\t<span class=\"elementor-icon-list-text\"><strong>L\u00fd t\u01b0\u1edfng cho c\u00e1c nh\u00e0 giao d\u1ecbch t\u00edch c\u1ef1c<\/strong> \u2013 Ho\u00e0n h\u1ea3o cho nh\u1eefng ng\u01b0\u1eddi \u0111\u1ea7u c\u01a1, nh\u00e0 giao d\u1ecbch kh\u1ed1i l\u01b0\u1ee3ng l\u1edbn ho\u1eb7c nh\u1eefng ng\u01b0\u1eddi s\u1eed d\u1ee5ng c\u00e1c chi\u1ebfn l\u01b0\u1ee3c t\u1ef1 \u0111\u1ed9ng<\/span>\n\t\t\t\t\t\t\t\t\t<\/li>\n\t\t\t\t\t\t<\/ul>\n\t\t\t\t\t\t<\/div>\n\t\t\t\t<\/div>\n\t\t\t\t<div class=\"elementor-element elementor-element-a227ba4 elementor-widget elementor-widget-text-editor\" data-id=\"a227ba4\" data-element_type=\"widget\" data-widget_type=\"text-editor.default\">\n\t\t\t\t<div class=\"elementor-widget-container\">\n\t\t\t\t\t\t\t\t\t<p>Ch\u1ecdn t\u00e0i kho\u1ea3n giao d\u1ecbch ph\u00f9 h\u1ee3p v\u1edbi b\u1ea1n v\u00e0 \u0111\u01b0\u1ee3c h\u01b0\u1edfng l\u1ee3i t\u1eeb gi\u00e1 c\u1ea3 v\u00e0 th\u1ef1c hi\u1ec7n c\u1ea1nh tranh.  <a href=\"https:\/\/finpros.com\/vi\/tai-khoan-cua-chung-toi\/\">T\u1ed5ng quan v\u1ec1 t\u00e0i kho\u1ea3n<\/a><\/p>\t\t\t\t\t\t\t\t<\/div>\n\t\t\t\t<\/div>\n\t\t\t\t<\/div>\n\t\t\t\t\t<\/div>\n\t\t\t\t<\/div>\n\t\t<div class=\"elementor-element elementor-element-0f2dbb1 e-con-full e-flex e-con e-parent\" data-id=\"0f2dbb1\" data-element_type=\"container\" data-settings=\"{&quot;background_background&quot;:&quot;classic&quot;}\">\n\t\t<div class=\"elementor-element elementor-element-a4c430d e-con-full e-flex e-con e-child\" data-id=\"a4c430d\" data-element_type=\"container\">\n\t\t\t\t<div class=\"elementor-element elementor-element-9d55769 elementor-widget elementor-widget-heading\" data-id=\"9d55769\" data-element_type=\"widget\" data-widget_type=\"heading.default\">\n\t\t\t\t<div class=\"elementor-widget-container\">\n\t\t\t\t\t<h2 class=\"elementor-heading-title elementor-size-default\">B\u1ea1n \u0111\u00e3 s\u1eb5n s\u00e0ng \u0111\u1ec3 b\u1eaft \u0111\u1ea7u ch\u01b0a?<\/h2>\t\t\t\t<\/div>\n\t\t\t\t<\/div>\n\t\t\t\t<div class=\"elementor-element elementor-element-d68e0de elementor-widget elementor-widget-text-editor\" data-id=\"d68e0de\" data-element_type=\"widget\" data-widget_type=\"text-editor.default\">\n\t\t\t\t<div class=\"elementor-widget-container\">\n\t\t\t\t\t\t\t\t\t<p>Ki\u1ec3m tra th\u1ecb tr\u01b0\u1eddng m\u00e0 kh\u00f4ng c\u00f3 r\u1ee7i ro \u2014 h\u00e3y m\u1edf t\u00e0i kho\u1ea3n demo mi\u1ec5n ph\u00ed ngay h\u00f4m nay!<\/p>\t\t\t\t\t\t\t\t<\/div>\n\t\t\t\t<\/div>\n\t\t\t\t<div class=\"elementor-element elementor-element-23d8677 elementor-align-left elementor-widget__width-auto btn-arrow-rotate  elementor-widget elementor-widget-button\" data-id=\"23d8677\" data-element_type=\"widget\" data-widget_type=\"button.default\">\n\t\t\t\t<div class=\"elementor-widget-container\">\n\t\t\t\t\t\t\t\t\t<div class=\"elementor-button-wrapper\">\n\t\t\t\t\t<a class=\"elementor-button elementor-button-link elementor-size-sm\" href=\"https:\/\/my.finpros.com\/register\/\">\n\t\t\t\t\t\t<span class=\"elementor-button-content-wrapper\">\n\t\t\t\t\t\t<span class=\"elementor-button-icon\">\n\t\t\t\t<svg aria-hidden=\"true\" class=\"e-font-icon-svg e-fas-arrow-right\" viewBox=\"0 0 448 512\" xmlns=\"http:\/\/www.w3.org\/2000\/svg\"><path d=\"M190.5 66.9l22.2-22.2c9.4-9.4 24.6-9.4 33.9 0L441 239c9.4 9.4 9.4 24.6 0 33.9L246.6 467.3c-9.4 9.4-24.6 9.4-33.9 0l-22.2-22.2c-9.5-9.5-9.3-25 .4-34.3L311.4 296H24c-13.3 0-24-10.7-24-24v-32c0-13.3 10.7-24 24-24h287.4L190.9 101.2c-9.8-9.3-10-24.8-.4-34.3z\"><\/path><\/svg>\t\t\t<\/span>\n\t\t\t\t\t\t\t\t\t<span class=\"elementor-button-text\">  D\u00f9ng th\u1eed t\u00e0i kho\u1ea3n demo<\/span>\n\t\t\t\t\t<\/span>\n\t\t\t\t\t<\/a>\n\t\t\t\t<\/div>\n\t\t\t\t\t\t\t\t<\/div>\n\t\t\t\t<\/div>\n\t\t\t\t<\/div>\n\t\t\t\t<\/div>\n\t\t\t\t<\/div>\n\t\t","protected":false},"excerpt":{"rendered":"<p>Kh\u00f4ng th\u1ef1c hi\u1ec7n giao d\u1ecbch t\u1ea1i b\u00e0n giao d\u1ecbch (NDD) t\u1ea1i FinPros T\u1ea1i FinPros, m\u00f4 h\u00ecnh th\u1ef1c hi\u1ec7n giao d\u1ecbch kh\u00f4ng c\u1ea7n b\u00e0n giao d\u1ecbch (NDD) ti\u00ean ti\u1ebfn c\u1ee7a ch\u00fang t\u00f4i \u0111\u1ea3m b\u1ea3o b\u1ea1n c\u00f3 quy\u1ec1n truy c\u1eadp tr\u1ef1c ti\u1ebfp, nhanh ch\u00f3ng v\u00e0 minh b\u1ea1ch v\u00e0o th\u1ecb tr\u01b0\u1eddng m\u00e0 kh\u00f4ng c\u1ea7n trung gian. Th\u1ef1c hi\u1ec7n [&hellip;]<\/p>\n","protected":false},"author":1,"featured_media":0,"parent":0,"menu_order":0,"comment_status":"closed","ping_status":"closed","template":"tpl-default-elementor.php","meta":{"footnotes":""},"class_list":["post-18578","page","type-page","status-publish","hentry"],"yoast_head":"<!-- This site is optimized with the Yoast SEO plugin v25.0 - https:\/\/yoast.com\/wordpress\/plugins\/seo\/ -->\n<title>Th\u1ef1c hi\u1ec7n NDD - FinPros<\/title>\n<meta name=\"robots\" content=\"index, follow, max-snippet:-1, max-image-preview:large, max-video-preview:-1\" \/>\n<link rel=\"canonical\" href=\"https:\/\/finpros.com\/vi\/ndd-execution\/\" \/>\n<meta property=\"og:locale\" content=\"vi_VN\" \/>\n<meta property=\"og:type\" content=\"article\" \/>\n<meta property=\"og:title\" content=\"Th\u1ef1c hi\u1ec7n NDD - FinPros\" \/>\n<meta property=\"og:description\" content=\"Kh\u00f4ng th\u1ef1c hi\u1ec7n giao d\u1ecbch t\u1ea1i b\u00e0n giao d\u1ecbch (NDD) t\u1ea1i FinPros T\u1ea1i FinPros, m\u00f4 h\u00ecnh th\u1ef1c hi\u1ec7n giao d\u1ecbch kh\u00f4ng c\u1ea7n b\u00e0n giao d\u1ecbch (NDD) ti\u00ean ti\u1ebfn c\u1ee7a ch\u00fang t\u00f4i \u0111\u1ea3m b\u1ea3o b\u1ea1n c\u00f3 quy\u1ec1n truy c\u1eadp tr\u1ef1c ti\u1ebfp, nhanh ch\u00f3ng v\u00e0 minh b\u1ea1ch v\u00e0o th\u1ecb tr\u01b0\u1eddng m\u00e0 kh\u00f4ng c\u1ea7n trung gian. Th\u1ef1c hi\u1ec7n [&hellip;]\" \/>\n<meta property=\"og:url\" content=\"https:\/\/finpros.com\/vi\/ndd-execution\/\" \/>\n<meta property=\"og:site_name\" content=\"FinPros\" \/>\n<meta property=\"article:modified_time\" content=\"2025-07-18T07:34:47+00:00\" \/>\n<meta name=\"twitter:card\" content=\"summary_large_image\" \/>\n<meta name=\"twitter:label1\" content=\"Est. reading time\" \/>\n\t<meta name=\"twitter:data1\" content=\"4 minutes\" \/>\n<script type=\"application\/ld+json\" class=\"yoast-schema-graph\">{\"@context\":\"https:\/\/schema.org\",\"@graph\":[{\"@type\":\"WebPage\",\"@id\":\"https:\/\/finpros.com\/vi\/ndd-execution\/\",\"url\":\"https:\/\/finpros.com\/vi\/ndd-execution\/\",\"name\":\"Th\u1ef1c hi\u1ec7n NDD - FinPros\",\"isPartOf\":{\"@id\":\"https:\/\/finpros.com\/#website\"},\"datePublished\":\"2025-07-14T10:25:00+00:00\",\"dateModified\":\"2025-07-18T07:34:47+00:00\",\"breadcrumb\":{\"@id\":\"https:\/\/finpros.com\/vi\/ndd-execution\/#breadcrumb\"},\"inLanguage\":\"vi-VN\",\"potentialAction\":[{\"@type\":\"ReadAction\",\"target\":[\"https:\/\/finpros.com\/vi\/ndd-execution\/\"]}]},{\"@type\":\"BreadcrumbList\",\"@id\":\"https:\/\/finpros.com\/vi\/ndd-execution\/#breadcrumb\",\"itemListElement\":[{\"@type\":\"ListItem\",\"position\":1,\"name\":\"Trang ch\u1ee7\",\"item\":\"https:\/\/finpros.com\/\"},{\"@type\":\"ListItem\",\"position\":2,\"name\":\"Th\u1ef1c hi\u1ec7n NDD\"}]},{\"@type\":\"WebSite\",\"@id\":\"https:\/\/finpros.com\/#website\",\"url\":\"https:\/\/finpros.com\/\",\"name\":\"FinPros\",\"description\":\"\",\"publisher\":{\"@id\":\"https:\/\/finpros.com\/#organization\"},\"potentialAction\":[{\"@type\":\"SearchAction\",\"target\":{\"@type\":\"EntryPoint\",\"urlTemplate\":\"https:\/\/finpros.com\/?s={search_term_string}\"},\"query-input\":{\"@type\":\"PropertyValueSpecification\",\"valueRequired\":true,\"valueName\":\"search_term_string\"}}],\"inLanguage\":\"vi-VN\"},{\"@type\":\"Organization\",\"@id\":\"https:\/\/finpros.com\/#organization\",\"name\":\"FinPros\",\"url\":\"https:\/\/finpros.com\/\",\"logo\":{\"@type\":\"ImageObject\",\"inLanguage\":\"vi-VN\",\"@id\":\"https:\/\/finpros.com\/#\/schema\/logo\/image\/\",\"url\":\"https:\/\/finpros.com\/wp-content\/uploads\/2025\/03\/FinPros-PNG-1.png\",\"contentUrl\":\"https:\/\/finpros.com\/wp-content\/uploads\/2025\/03\/FinPros-PNG-1.png\",\"width\":1050,\"height\":369,\"caption\":\"FinPros\"},\"image\":{\"@id\":\"https:\/\/finpros.com\/#\/schema\/logo\/image\/\"}}]}<\/script>\n<!-- \/ Yoast SEO plugin. -->","yoast_head_json":{"title":"Th\u1ef1c hi\u1ec7n NDD - FinPros","robots":{"index":"index","follow":"follow","max-snippet":"max-snippet:-1","max-image-preview":"max-image-preview:large","max-video-preview":"max-video-preview:-1"},"canonical":"https:\/\/finpros.com\/vi\/ndd-execution\/","og_locale":"vi_VN","og_type":"article","og_title":"Th\u1ef1c hi\u1ec7n NDD - FinPros","og_description":"Kh\u00f4ng th\u1ef1c hi\u1ec7n giao d\u1ecbch t\u1ea1i b\u00e0n giao d\u1ecbch (NDD) t\u1ea1i FinPros T\u1ea1i FinPros, m\u00f4 h\u00ecnh th\u1ef1c hi\u1ec7n giao d\u1ecbch kh\u00f4ng c\u1ea7n b\u00e0n giao d\u1ecbch (NDD) ti\u00ean ti\u1ebfn c\u1ee7a ch\u00fang t\u00f4i \u0111\u1ea3m b\u1ea3o b\u1ea1n c\u00f3 quy\u1ec1n truy c\u1eadp tr\u1ef1c ti\u1ebfp, nhanh ch\u00f3ng v\u00e0 minh b\u1ea1ch v\u00e0o th\u1ecb tr\u01b0\u1eddng m\u00e0 kh\u00f4ng c\u1ea7n trung gian. Th\u1ef1c hi\u1ec7n [&hellip;]","og_url":"https:\/\/finpros.com\/vi\/ndd-execution\/","og_site_name":"FinPros","article_modified_time":"2025-07-18T07:34:47+00:00","twitter_card":"summary_large_image","twitter_misc":{"Est. reading time":"4 minutes"},"schema":{"@context":"https:\/\/schema.org","@graph":[{"@type":"WebPage","@id":"https:\/\/finpros.com\/vi\/ndd-execution\/","url":"https:\/\/finpros.com\/vi\/ndd-execution\/","name":"Th\u1ef1c hi\u1ec7n NDD - FinPros","isPartOf":{"@id":"https:\/\/finpros.com\/#website"},"datePublished":"2025-07-14T10:25:00+00:00","dateModified":"2025-07-18T07:34:47+00:00","breadcrumb":{"@id":"https:\/\/finpros.com\/vi\/ndd-execution\/#breadcrumb"},"inLanguage":"vi-VN","potentialAction":[{"@type":"ReadAction","target":["https:\/\/finpros.com\/vi\/ndd-execution\/"]}]},{"@type":"BreadcrumbList","@id":"https:\/\/finpros.com\/vi\/ndd-execution\/#breadcrumb","itemListElement":[{"@type":"ListItem","position":1,"name":"Trang ch\u1ee7","item":"https:\/\/finpros.com\/"},{"@type":"ListItem","position":2,"name":"Th\u1ef1c hi\u1ec7n NDD"}]},{"@type":"WebSite","@id":"https:\/\/finpros.com\/#website","url":"https:\/\/finpros.com\/","name":"FinPros","description":"","publisher":{"@id":"https:\/\/finpros.com\/#organization"},"potentialAction":[{"@type":"SearchAction","target":{"@type":"EntryPoint","urlTemplate":"https:\/\/finpros.com\/?s={search_term_string}"},"query-input":{"@type":"PropertyValueSpecification","valueRequired":true,"valueName":"search_term_string"}}],"inLanguage":"vi-VN"},{"@type":"Organization","@id":"https:\/\/finpros.com\/#organization","name":"FinPros","url":"https:\/\/finpros.com\/","logo":{"@type":"ImageObject","inLanguage":"vi-VN","@id":"https:\/\/finpros.com\/#\/schema\/logo\/image\/","url":"https:\/\/finpros.com\/wp-content\/uploads\/2025\/03\/FinPros-PNG-1.png","contentUrl":"https:\/\/finpros.com\/wp-content\/uploads\/2025\/03\/FinPros-PNG-1.png","width":1050,"height":369,"caption":"FinPros"},"image":{"@id":"https:\/\/finpros.com\/#\/schema\/logo\/image\/"}}]}},"_links":{"self":[{"href":"https:\/\/finpros.com\/vi\/wp-json\/wp\/v2\/pages\/18578","targetHints":{"allow":["GET"]}}],"collection":[{"href":"https:\/\/finpros.com\/vi\/wp-json\/wp\/v2\/pages"}],"about":[{"href":"https:\/\/finpros.com\/vi\/wp-json\/wp\/v2\/types\/page"}],"author":[{"embeddable":true,"href":"https:\/\/finpros.com\/vi\/wp-json\/wp\/v2\/users\/1"}],"replies":[{"embeddable":true,"href":"https:\/\/finpros.com\/vi\/wp-json\/wp\/v2\/comments?post=18578"}],"version-history":[{"count":2,"href":"https:\/\/finpros.com\/vi\/wp-json\/wp\/v2\/pages\/18578\/revisions"}],"predecessor-version":[{"id":18663,"href":"https:\/\/finpros.com\/vi\/wp-json\/wp\/v2\/pages\/18578\/revisions\/18663"}],"wp:attachment":[{"href":"https:\/\/finpros.com\/vi\/wp-json\/wp\/v2\/media?parent=18578"}],"curies":[{"name":"wp","href":"https:\/\/api.w.org\/{rel}","templated":true}]}}