{"id":13331,"date":"2025-04-16T17:05:57","date_gmt":"2025-04-16T17:05:57","guid":{"rendered":"https:\/\/finpros.com\/bo-chuyen-doi-tien-te\/"},"modified":"2025-05-28T18:36:18","modified_gmt":"2025-05-28T18:36:18","slug":"bo-chuyen-doi-tien-te","status":"publish","type":"page","link":"https:\/\/finpros.com\/vi\/bo-chuyen-doi-tien-te\/","title":{"rendered":"B\u1ed9 chuy\u1ec3n \u0111\u1ed5i ti\u1ec1n t\u1ec7"},"content":{"rendered":"\t\t<div data-elementor-type=\"wp-page\" data-elementor-id=\"13331\" class=\"elementor elementor-13331 elementor-6527\" data-elementor-post-type=\"page\">\n\t\t\t\t<div class=\"elementor-element elementor-element-38043d00 e-con-full calculator-sub-banner sub-calc-bg e-flex e-con e-parent\" data-id=\"38043d00\" data-element_type=\"container\" data-settings=\"{&quot;background_background&quot;:&quot;classic&quot;}\">\n\t\t<div class=\"elementor-element elementor-element-2cc3841e e-con-full e-flex e-con e-child\" data-id=\"2cc3841e\" data-element_type=\"container\" data-settings=\"{&quot;background_background&quot;:&quot;classic&quot;}\">\n\t\t\t\t<div class=\"elementor-element elementor-element-7b598812 elementor-widget elementor-widget-heading\" data-id=\"7b598812\" data-element_type=\"widget\" data-widget_type=\"heading.default\">\n\t\t\t\t<div class=\"elementor-widget-container\">\n\t\t\t\t\t<h2 class=\"elementor-heading-title elementor-size-default\"><span>B\u1ed9 chuy\u1ec3n \u0111\u1ed5i<\/span> ti\u1ec1n t\u1ec7<\/h2>\t\t\t\t<\/div>\n\t\t\t\t<\/div>\n\t\t\t\t<div class=\"elementor-element elementor-element-4cf28096 elementor-widget elementor-widget-heading\" data-id=\"4cf28096\" data-element_type=\"widget\" data-widget_type=\"heading.default\">\n\t\t\t\t<div class=\"elementor-widget-container\">\n\t\t\t\t\t<p class=\"elementor-heading-title elementor-size-default\">Ti\u1ebfp c\u1eadn th\u1ecb tr\u01b0\u1eddng ti\u1ec1n t\u1ec7 to\u00e0n c\u1ea7u v\u1edbi t\u1ed1c \u0111\u1ed9 th\u1ef1c hi\u1ec7n nhanh ch\u00f3ng v\u00e0 ch\u00eanh l\u1ec7ch gi\u00e1 c\u00f4ng b\u1eb1ng<\/p>\t\t\t\t<\/div>\n\t\t\t\t<\/div>\n\t\t\t\t<\/div>\n\t\t<div class=\"elementor-element elementor-element-4d93ada5 e-con-full e-flex e-con e-child\" data-id=\"4d93ada5\" data-element_type=\"container\" data-settings=\"{&quot;background_background&quot;:&quot;classic&quot;}\">\n\t\t<div class=\"elementor-element elementor-element-72884d8c e-flex e-con-boxed e-con e-child\" data-id=\"72884d8c\" data-element_type=\"container\">\n\t\t\t\t\t<div class=\"e-con-inner\">\n\t\t\t\t<div class=\"elementor-element elementor-element-5b8c211d elementor-align-left calc-banner-link elementor-widget elementor-widget-breadcrumbs\" data-id=\"5b8c211d\" data-element_type=\"widget\" data-widget_type=\"breadcrumbs.default\">\n\t\t\t\t<div class=\"elementor-widget-container\">\n\t\t\t\t\t<p id=\"breadcrumbs\"><span><span><a href=\"https:\/\/finpros.com\/\">Trang ch\u1ee7<\/a><\/span><\/span><\/p>\t\t\t\t<\/div>\n\t\t\t\t<\/div>\n\t\t\t\t\t<\/div>\n\t\t\t\t<\/div>\n\t\t\t\t<\/div>\n\t\t\t\t<\/div>\n\t\t<div class=\"elementor-element elementor-element-2fac50f e-flex e-con-boxed e-con e-parent\" data-id=\"2fac50f\" data-element_type=\"container\">\n\t\t\t\t\t<div class=\"e-con-inner\">\n\t\t<div class=\"elementor-element elementor-element-4997a57 e-con-full e-flex e-con e-child\" data-id=\"4997a57\" data-element_type=\"container\">\n\t\t\t\t<div class=\"elementor-element elementor-element-1ec21d1 elementor-widget elementor-widget-heading\" data-id=\"1ec21d1\" data-element_type=\"widget\" data-widget_type=\"heading.default\">\n\t\t\t\t<div class=\"elementor-widget-container\">\n\t\t\t\t\t<h2 class=\"elementor-heading-title elementor-size-default\">  <span>B\u1ed9 chuy\u1ec3n \u0111\u1ed5i<\/span> ti\u1ec1n t\u1ec7<\/h2>\t\t\t\t<\/div>\n\t\t\t\t<\/div>\n\t\t\t\t<\/div>\n\t\t<div class=\"elementor-element elementor-element-df56ab4 e-con-full e-flex e-con e-child\" data-id=\"df56ab4\" data-element_type=\"container\">\n\t\t\t\t<div class=\"elementor-element elementor-element-51bd7d2 elementor-widget elementor-widget-text-editor\" data-id=\"51bd7d2\" data-element_type=\"widget\" data-widget_type=\"text-editor.default\">\n\t\t\t\t<div class=\"elementor-widget-container\">\n\t\t\t\t\t\t\t\t\t<p>C\u00f3 l\u1ebd l\u00e0 c\u00f4ng c\u1ee5 giao d\u1ecbch \u0111\u01a1n gi\u1ea3n nh\u1ea5t v\u00e0 ch\u1eafc ch\u1eafn l\u00e0 quen thu\u1ed9c nh\u1ea5t, c\u00f4ng c\u1ee5 chuy\u1ec3n \u0111\u1ed5i ti\u1ec1n t\u1ec7 cho ph\u00e9p c\u00e1c nh\u00e0 giao d\u1ecbch chuy\u1ec3n \u0111\u1ed5i ti\u1ec1n t\u1ec7 trong n\u01b0\u1edbc c\u1ee7a h\u1ecd sang m\u1ed9t lo\u1ea1i ti\u1ec1n t\u1ec7 kh\u00e1c.<\/p>\t\t\t\t\t\t\t\t<\/div>\n\t\t\t\t<\/div>\n\t\t\t\t<\/div>\n\t\t<div class=\"elementor-element elementor-element-f4a2424 e-con-full e-flex e-con e-child\" data-id=\"f4a2424\" data-element_type=\"container\">\n\t\t\t\t<div class=\"elementor-element elementor-element-fb967bb elementor-widget elementor-widget-text-editor\" data-id=\"fb967bb\" data-element_type=\"widget\" data-widget_type=\"text-editor.default\">\n\t\t\t\t<div class=\"elementor-widget-container\">\n\t\t\t\t\t\t\t\t\t<p><b>V\u00ed d\u1ee5<\/b> : N\u1ebfu b\u1ea1n mu\u1ed1n chuy\u1ec3n \u0111\u1ed5i 10.000 \u20ac sang 10.000 \u0111\u00f4 la th\u00ec k\u1ebft qu\u1ea3 l\u00e0 10.437,21 \u0111\u00f4 la M\u1ef9. Tr\u00ean c\u01a1 s\u1edf 1 EUR = 1,04372 \u0111\u00f4 la M\u1ef9 v\u00e0 1 \u0111\u00f4 la M\u1ef9 = 0,958111 euro. <\/p>\t\t\t\t\t\t\t\t<\/div>\n\t\t\t\t<\/div>\n\t\t\t\t<\/div>\n\t\t\t\t\t<\/div>\n\t\t\t\t<\/div>\n\t\t<div class=\"elementor-element elementor-element-fa3bf46 e-flex e-con-boxed e-con e-parent\" data-id=\"fa3bf46\" data-element_type=\"container\">\n\t\t\t\t\t<div class=\"e-con-inner\">\n\t\t<div class=\"elementor-element elementor-element-eb702b9 e-con-full e-flex e-con e-child\" data-id=\"eb702b9\" data-element_type=\"container\">\n\t\t\t\t<div class=\"elementor-element elementor-element-c05ae7a elementor-widget elementor-widget-shortcode\" data-id=\"c05ae7a\" data-element_type=\"widget\" data-widget_type=\"shortcode.default\">\n\t\t\t\t<div class=\"elementor-widget-container\">\n\t\t\t\t\t\t\t<div class=\"elementor-shortcode\">    <div class=\"calculator-container currency-converter\">\r\n        <div class=\"calculator-header\">\r\n            <h3>Currency Converter<\/h3>\r\n            <p>Convert between different currencies using real-time exchange rates<\/p>\r\n        <\/div>\r\n        <div class=\"calculator-body\">\r\n            <div class=\"calculator-form\">\r\n                <div class=\"form-row\">\r\n                    <div class=\"form-column\">\r\n                        <label for=\"cc-amount\">Amount<\/label>\r\n                        <input type=\"number\" id=\"cc-amount\" class=\"form-control\" value=\"1\" step=\"0.01\" min=\"0.01\">\r\n                    <\/div>\r\n                <\/div>\r\n\r\n                <div class=\"form-row\">                      \r\n                    <div class=\"form-column\" >\r\n                        <label for=\"cc-from-currency\">From Currency<\/label>\r\n                        <select id=\"cc-from-currency\" class=\"form-control\">\r\n                            <option value=\"USD\">USD - US Dollar<\/option>\r\n                            <option value=\"EUR\">EUR - Euro<\/option>\r\n                            <option value=\"GBP\">GBP - British Pound<\/option>\r\n                            <option value=\"JPY\">JPY - Japanese Yen<\/option>\r\n                            <option value=\"AUD\">AUD - Australian Dollar<\/option>\r\n                            <option value=\"CAD\">CAD - Canadian Dollar<\/option>\r\n                            <option value=\"CHF\">CHF - Swiss Franc<\/option>\r\n                            <option value=\"NZD\">NZD - New Zealand Dollar<\/option>\r\n                        <\/select>\r\n                    <\/div>\r\n                    <div class=\"form-column\">\r\n                        <label for=\"cc-to-currency\">To Currency<\/label>\r\n                        <select id=\"cc-to-currency\" class=\"form-control\">\r\n                            <option value=\"EUR\">EUR - Euro<\/option>\r\n                            <option value=\"USD\">USD - US Dollar<\/option>\r\n                            <option value=\"GBP\">GBP - British Pound<\/option>\r\n                            <option value=\"JPY\">JPY - Japanese Yen<\/option>\r\n                            <option value=\"AUD\">AUD - Australian Dollar<\/option>\r\n                            <option value=\"CAD\">CAD - Canadian Dollar<\/option>\r\n                            <option value=\"CHF\">CHF - Swiss Franc<\/option>\r\n                            <option value=\"NZD\">NZD - New Zealand Dollar<\/option>\r\n                        <\/select>\r\n                    <\/div>\r\n                <\/div>\r\n\r\n                <div class=\"form-row\">\r\n                    <div class=\"form-column\">\r\n                        <button id=\"cc-convert-btn\" class=\"calculate-button\">Convert<\/button>\r\n                    <\/div>\r\n                    <div class=\"form-column\">\r\n                        <button id=\"cc-swap-btn\" class=\"swap-button\"><span class=\"swap-icon\">\u21c4<\/span> Swap<\/button>\r\n                    <\/div>\r\n                <\/div>\r\n            <\/div>\r\n\r\n            <div class=\"calculator-results\">\r\n                <div class=\"form-row\">\r\n                    <div class=\"form-column\">\r\n                        <div class=\"result-box\">\r\n                            <div class=\"result-title\">Conversion Result<\/div>\r\n                            <div class=\"result-value\">\r\n                                <span id=\"cc-result-amount\">0.00<\/span>\r\n                                <span id=\"cc-result-currency\">EUR<\/span>\r\n                            <\/div>\r\n                        <\/div>\r\n                    <\/div>\r\n                <\/div>\r\n                <div class=\"form-row\">\r\n                    <div class=\"form-column\">\r\n                        <div class=\"exchange-rate-info\">\r\n                            <span>Exchange Rate: <\/span>\r\n                            <span id=\"cc-exchange-rate\">1.00<\/span>\r\n                            <span id=\"cc-rate-date\" class=\"rate-date\"><\/span>\r\n                        <\/div>\r\n                    <\/div>\r\n                <\/div>\r\n            <\/div>\r\n        <\/div>\r\n    <\/div>\r\n    <\/div>\n\t\t\t\t\t\t<\/div>\n\t\t\t\t<\/div>\n\t\t\t\t<\/div>\n\t\t\t\t\t<\/div>\n\t\t\t\t<\/div>\n\t\t<div class=\"elementor-element elementor-element-ece4e42 e-flex e-con-boxed e-con e-parent\" data-id=\"ece4e42\" data-element_type=\"container\">\n\t\t\t\t\t<div class=\"e-con-inner\">\n\t\t\t\t<div class=\"elementor-element elementor-element-dd87173 elementor-widget elementor-widget-heading\" data-id=\"dd87173\" data-element_type=\"widget\" data-widget_type=\"heading.default\">\n\t\t\t\t<div class=\"elementor-widget-container\">\n\t\t\t\t\t<h2 class=\"elementor-heading-title elementor-size-default\">T\u00ecm <span>c\u00e2u tr\u1ea3 l\u1eddi<\/span> cho c\u00e2u h\u1ecfi th\u01b0\u1eddng g\u1eb7p<br> C\u00e2u h\u1ecfi<\/h2>\t\t\t\t<\/div>\n\t\t\t\t<\/div>\n\t\t\t\t<div class=\"elementor-element elementor-element-9c8d095 elementor-widget__width-initial elementor-widget elementor-widget-shortcode\" data-id=\"9c8d095\" data-element_type=\"widget\" data-widget_type=\"shortcode.default\">\n\t\t\t\t<div class=\"elementor-widget-container\">\n\t\t\t\t\t\t\t<div class=\"elementor-shortcode\">            <div class=\"qae-faqs-container qae-faqs-toggle-container\">\n\t\t\t\t\t\t<div id=\"qaef-13509\" class=\"qe-faq-toggle giao-dich\">\n\t\t\t<div class=\"qe-toggle-title\">\n\t\t\t\t<h4>\n\t\t\t\t\t<i class=\"fa fa-minus-circle\"><\/i> L\u00e0m th\u1ebf n\u00e0o \u0111\u1ec3 t\u00f4i thay \u0111\u1ed5i m\u1eadt kh\u1ea9u?\t\t\t\t<\/h4>\n\t\t\t<\/div>\n\t\t\t<div class=\"qe-toggle-content\">\n\t\t\t\t<ul>\n<li>Nh\u1ea5n v\u00e0o n\u00fat \u201c\u0110\u0103ng nh\u1eadp\u201d r\u1ed3i \u201cQu\u00ean m\u1eadt kh\u1ea9u\u201d<\/li>\n<li>Nh\u1eadp email b\u1ea1n \u0111\u00e3 \u0111\u0103ng k\u00fd v\u00e0o tr\u01b0\u1eddng b\u1eaft bu\u1ed9c v\u00e0 nh\u1ea5n n\u00fat \u201cG\u1eedi\u201d.<\/li>\n<li>Ch\u00fang t\u00f4i s\u1ebd g\u1eedi cho b\u1ea1n li\u00ean k\u1ebft qua email \u0111\u1ec3 thay \u0111\u1ed5i m\u1eadt kh\u1ea9u.<\/li>\n<\/ul>\n\t\t\t<\/div>\n\t\t<\/div>\n\t\t\t\t<div id=\"qaef-13506\" class=\"qe-faq-toggle giao-dich\">\n\t\t\t<div class=\"qe-toggle-title\">\n\t\t\t\t<h4>\n\t\t\t\t\t<i class=\"fa fa-minus-circle\"><\/i> L\u00e0m th\u1ebf n\u00e0o \u0111\u1ec3 t\u00f4i c\u00f3 th\u1ec3 thay \u0111\u1ed5i th\u00f4ng tin t\u00e0i kho\u1ea3n c\u1ee7a m\u00ecnh?\t\t\t\t<\/h4>\n\t\t\t<\/div>\n\t\t\t<div class=\"qe-toggle-content\">\n\t\t\t\t<ul style=\"margin-left: -15px\">\n<li>Nh\u1ea5n v\u00e0o tab \u201cT\u00e0i kho\u1ea3n\u201d \u1edf g\u00f3c d\u01b0\u1edbi b\u00ean ph\u1ea3i, sau \u0111\u00f3 nh\u1ea5n v\u00e0o \u201cCh\u1ec9nh s\u1eeda h\u1ed3 s\u01a1\u201d.<\/li>\n<li>Tr\u00ean trang n\u00e0y, b\u1ea1n c\u00f3 th\u1ec3 ch\u1ec9nh s\u1eeda \u201cX\u1eed l\u00fd t\u00ecm ki\u1ebfm\u201d, \u201cT\u00ean t\u00edn hi\u1ec7u\u201d v\u00e0 \u201cH\u01b0\u1edbng d\u1eabn v\u1ed1n ch\u1ee7 s\u1edf h\u1eefu\u201d c\u1ee7a m\u00ecnh<\/li>\n<\/ul>\n\t\t\t<\/div>\n\t\t<\/div>\n\t\t\t\t<div id=\"qaef-13508\" class=\"qe-faq-toggle giao-dich\">\n\t\t\t<div class=\"qe-toggle-title\">\n\t\t\t\t<h4>\n\t\t\t\t\t<i class=\"fa fa-minus-circle\"><\/i> L\u00e0m th\u1ebf n\u00e0o \u0111\u1ec3 chuy\u1ec3n \u0111\u1ed5i t\u00e0i kho\u1ea3n giao d\u1ecbch c\u1ee7a t\u00f4i?\t\t\t\t<\/h4>\n\t\t\t<\/div>\n\t\t\t<div class=\"qe-toggle-content\">\n\t\t\t\t<ul style=\"margin-left: -15px\">\n<li>Nh\u1ea5n v\u00e0o tab \u201cT\u00e0i kho\u1ea3n\u201d \u1edf g\u00f3c d\u01b0\u1edbi b\u00ean ph\u1ea3i.<\/li>\n<li>Cu\u1ed9n xu\u1ed1ng d\u01b0\u1edbi c\u00f9ng v\u00e0 ch\u1ea1m v\u00e0o n\u00fat \u201cLi\u00ean k\u1ebft t\u00e0i kho\u1ea3n\u201d.<\/li>\n<li>Nh\u1eadp th\u00f4ng tin t\u00e0i kho\u1ea3n giao d\u1ecbch m\u1edbi c\u1ee7a b\u1ea1n.<\/li>\n<\/ul>\n\t\t\t<\/div>\n\t\t<\/div>\n\t\t            <\/div>\n\t\t<\/div>\n\t\t\t\t\t\t<\/div>\n\t\t\t\t<\/div>\n\t\t\t\t<div class=\"elementor-element elementor-element-10e200a elementor-align-center elementor-widget__width-auto read-more-link elementor-widget elementor-widget-button\" data-id=\"10e200a\" data-element_type=\"widget\" data-widget_type=\"button.default\">\n\t\t\t\t<div class=\"elementor-widget-container\">\n\t\t\t\t\t\t\t\t\t<div class=\"elementor-button-wrapper\">\n\t\t\t\t\t<a class=\"elementor-button elementor-button-link elementor-size-sm\" href=\"https:\/\/finpros.com\/vi\/cau-hoi-thuong-gap\/\">\n\t\t\t\t\t\t<span class=\"elementor-button-content-wrapper\">\n\t\t\t\t\t\t<span class=\"elementor-button-icon\">\n\t\t\t\t<svg aria-hidden=\"true\" class=\"e-font-icon-svg e-fas-arrow-right\" viewBox=\"0 0 448 512\" xmlns=\"http:\/\/www.w3.org\/2000\/svg\"><path d=\"M190.5 66.9l22.2-22.2c9.4-9.4 24.6-9.4 33.9 0L441 239c9.4 9.4 9.4 24.6 0 33.9L246.6 467.3c-9.4 9.4-24.6 9.4-33.9 0l-22.2-22.2c-9.5-9.5-9.3-25 .4-34.3L311.4 296H24c-13.3 0-24-10.7-24-24v-32c0-13.3 10.7-24 24-24h287.4L190.9 101.2c-9.8-9.3-10-24.8-.4-34.3z\"><\/path><\/svg>\t\t\t<\/span>\n\t\t\t\t\t\t\t\t\t<span class=\"elementor-button-text\">\u0110\u1ecdc th\u00eam<\/span>\n\t\t\t\t\t<\/span>\n\t\t\t\t\t<\/a>\n\t\t\t\t<\/div>\n\t\t\t\t\t\t\t\t<\/div>\n\t\t\t\t<\/div>\n\t\t\t\t\t<\/div>\n\t\t\t\t<\/div>\n\t\t\t\t<\/div>\n\t\t","protected":false},"excerpt":{"rendered":"<p>B\u1ed9 chuy\u1ec3n \u0111\u1ed5i ti\u1ec1n t\u1ec7 Ti\u1ebfp c\u1eadn th\u1ecb tr\u01b0\u1eddng ti\u1ec1n t\u1ec7 to\u00e0n c\u1ea7u v\u1edbi t\u1ed1c \u0111\u1ed9 th\u1ef1c hi\u1ec7n nhanh ch\u00f3ng v\u00e0 ch\u00eanh l\u1ec7ch gi\u00e1 c\u00f4ng b\u1eb1ng B\u1ed9 chuy\u1ec3n \u0111\u1ed5i ti\u1ec1n t\u1ec7 C\u00f3 l\u1ebd l\u00e0 c\u00f4ng c\u1ee5 giao d\u1ecbch \u0111\u01a1n gi\u1ea3n nh\u1ea5t v\u00e0 ch\u1eafc ch\u1eafn l\u00e0 quen thu\u1ed9c nh\u1ea5t, c\u00f4ng c\u1ee5 chuy\u1ec3n \u0111\u1ed5i ti\u1ec1n t\u1ec7 cho [&hellip;]<\/p>\n","protected":false},"author":1,"featured_media":0,"parent":0,"menu_order":0,"comment_status":"closed","ping_status":"closed","template":"tpl-default-elementor.php","meta":{"footnotes":""},"class_list":["post-13331","page","type-page","status-publish","hentry"],"yoast_head":"<!-- This site is optimized with the Yoast SEO plugin v25.0 - https:\/\/yoast.com\/wordpress\/plugins\/seo\/ -->\n<title>B\u1ed9 chuy\u1ec3n \u0111\u1ed5i ti\u1ec1n t\u1ec7 - FinPros<\/title>\n<meta name=\"robots\" content=\"index, follow, max-snippet:-1, max-image-preview:large, max-video-preview:-1\" \/>\n<link rel=\"canonical\" href=\"https:\/\/finpros.com\/vi\/bo-chuyen-doi-tien-te\/\" \/>\n<meta property=\"og:locale\" content=\"vi_VN\" \/>\n<meta property=\"og:type\" content=\"article\" \/>\n<meta property=\"og:title\" content=\"B\u1ed9 chuy\u1ec3n \u0111\u1ed5i ti\u1ec1n t\u1ec7 - FinPros\" \/>\n<meta property=\"og:description\" content=\"B\u1ed9 chuy\u1ec3n \u0111\u1ed5i ti\u1ec1n t\u1ec7 Ti\u1ebfp c\u1eadn th\u1ecb tr\u01b0\u1eddng ti\u1ec1n t\u1ec7 to\u00e0n c\u1ea7u v\u1edbi t\u1ed1c \u0111\u1ed9 th\u1ef1c hi\u1ec7n nhanh ch\u00f3ng v\u00e0 ch\u00eanh l\u1ec7ch gi\u00e1 c\u00f4ng b\u1eb1ng B\u1ed9 chuy\u1ec3n \u0111\u1ed5i ti\u1ec1n t\u1ec7 C\u00f3 l\u1ebd l\u00e0 c\u00f4ng c\u1ee5 giao d\u1ecbch \u0111\u01a1n gi\u1ea3n nh\u1ea5t v\u00e0 ch\u1eafc ch\u1eafn l\u00e0 quen thu\u1ed9c nh\u1ea5t, c\u00f4ng c\u1ee5 chuy\u1ec3n \u0111\u1ed5i ti\u1ec1n t\u1ec7 cho [&hellip;]\" \/>\n<meta property=\"og:url\" content=\"https:\/\/finpros.com\/vi\/bo-chuyen-doi-tien-te\/\" \/>\n<meta property=\"og:site_name\" content=\"FinPros\" \/>\n<meta property=\"article:modified_time\" content=\"2025-05-28T18:36:18+00:00\" \/>\n<meta name=\"twitter:card\" content=\"summary_large_image\" \/>\n<meta name=\"twitter:label1\" content=\"Est. reading time\" \/>\n\t<meta name=\"twitter:data1\" content=\"1 minute\" \/>\n<script type=\"application\/ld+json\" class=\"yoast-schema-graph\">{\"@context\":\"https:\/\/schema.org\",\"@graph\":[{\"@type\":\"WebPage\",\"@id\":\"https:\/\/finpros.com\/vi\/bo-chuyen-doi-tien-te\/\",\"url\":\"https:\/\/finpros.com\/vi\/bo-chuyen-doi-tien-te\/\",\"name\":\"B\u1ed9 chuy\u1ec3n \u0111\u1ed5i ti\u1ec1n t\u1ec7 - FinPros\",\"isPartOf\":{\"@id\":\"https:\/\/finpros.com\/#website\"},\"datePublished\":\"2025-04-16T17:05:57+00:00\",\"dateModified\":\"2025-05-28T18:36:18+00:00\",\"breadcrumb\":{\"@id\":\"https:\/\/finpros.com\/vi\/bo-chuyen-doi-tien-te\/#breadcrumb\"},\"inLanguage\":\"vi-VN\",\"potentialAction\":[{\"@type\":\"ReadAction\",\"target\":[\"https:\/\/finpros.com\/vi\/bo-chuyen-doi-tien-te\/\"]}]},{\"@type\":\"BreadcrumbList\",\"@id\":\"https:\/\/finpros.com\/vi\/bo-chuyen-doi-tien-te\/#breadcrumb\",\"itemListElement\":[{\"@type\":\"ListItem\",\"position\":1,\"name\":\"Trang ch\u1ee7\",\"item\":\"https:\/\/finpros.com\/\"},{\"@type\":\"ListItem\",\"position\":2,\"name\":\"B\u1ed9 chuy\u1ec3n \u0111\u1ed5i ti\u1ec1n t\u1ec7\"}]},{\"@type\":\"WebSite\",\"@id\":\"https:\/\/finpros.com\/#website\",\"url\":\"https:\/\/finpros.com\/\",\"name\":\"FinPros\",\"description\":\"\",\"publisher\":{\"@id\":\"https:\/\/finpros.com\/#organization\"},\"potentialAction\":[{\"@type\":\"SearchAction\",\"target\":{\"@type\":\"EntryPoint\",\"urlTemplate\":\"https:\/\/finpros.com\/?s={search_term_string}\"},\"query-input\":{\"@type\":\"PropertyValueSpecification\",\"valueRequired\":true,\"valueName\":\"search_term_string\"}}],\"inLanguage\":\"vi-VN\"},{\"@type\":\"Organization\",\"@id\":\"https:\/\/finpros.com\/#organization\",\"name\":\"FinPros\",\"url\":\"https:\/\/finpros.com\/\",\"logo\":{\"@type\":\"ImageObject\",\"inLanguage\":\"vi-VN\",\"@id\":\"https:\/\/finpros.com\/#\/schema\/logo\/image\/\",\"url\":\"https:\/\/finpros.com\/wp-content\/uploads\/2025\/03\/FinPros-PNG-1.png\",\"contentUrl\":\"https:\/\/finpros.com\/wp-content\/uploads\/2025\/03\/FinPros-PNG-1.png\",\"width\":1050,\"height\":369,\"caption\":\"FinPros\"},\"image\":{\"@id\":\"https:\/\/finpros.com\/#\/schema\/logo\/image\/\"}}]}<\/script>\n<!-- \/ Yoast SEO plugin. -->","yoast_head_json":{"title":"B\u1ed9 chuy\u1ec3n \u0111\u1ed5i ti\u1ec1n t\u1ec7 - FinPros","robots":{"index":"index","follow":"follow","max-snippet":"max-snippet:-1","max-image-preview":"max-image-preview:large","max-video-preview":"max-video-preview:-1"},"canonical":"https:\/\/finpros.com\/vi\/bo-chuyen-doi-tien-te\/","og_locale":"vi_VN","og_type":"article","og_title":"B\u1ed9 chuy\u1ec3n \u0111\u1ed5i ti\u1ec1n t\u1ec7 - FinPros","og_description":"B\u1ed9 chuy\u1ec3n \u0111\u1ed5i ti\u1ec1n t\u1ec7 Ti\u1ebfp c\u1eadn th\u1ecb tr\u01b0\u1eddng ti\u1ec1n t\u1ec7 to\u00e0n c\u1ea7u v\u1edbi t\u1ed1c \u0111\u1ed9 th\u1ef1c hi\u1ec7n nhanh ch\u00f3ng v\u00e0 ch\u00eanh l\u1ec7ch gi\u00e1 c\u00f4ng b\u1eb1ng B\u1ed9 chuy\u1ec3n \u0111\u1ed5i ti\u1ec1n t\u1ec7 C\u00f3 l\u1ebd l\u00e0 c\u00f4ng c\u1ee5 giao d\u1ecbch \u0111\u01a1n gi\u1ea3n nh\u1ea5t v\u00e0 ch\u1eafc ch\u1eafn l\u00e0 quen thu\u1ed9c nh\u1ea5t, c\u00f4ng c\u1ee5 chuy\u1ec3n \u0111\u1ed5i ti\u1ec1n t\u1ec7 cho [&hellip;]","og_url":"https:\/\/finpros.com\/vi\/bo-chuyen-doi-tien-te\/","og_site_name":"FinPros","article_modified_time":"2025-05-28T18:36:18+00:00","twitter_card":"summary_large_image","twitter_misc":{"Est. reading time":"1 minute"},"schema":{"@context":"https:\/\/schema.org","@graph":[{"@type":"WebPage","@id":"https:\/\/finpros.com\/vi\/bo-chuyen-doi-tien-te\/","url":"https:\/\/finpros.com\/vi\/bo-chuyen-doi-tien-te\/","name":"B\u1ed9 chuy\u1ec3n \u0111\u1ed5i ti\u1ec1n t\u1ec7 - FinPros","isPartOf":{"@id":"https:\/\/finpros.com\/#website"},"datePublished":"2025-04-16T17:05:57+00:00","dateModified":"2025-05-28T18:36:18+00:00","breadcrumb":{"@id":"https:\/\/finpros.com\/vi\/bo-chuyen-doi-tien-te\/#breadcrumb"},"inLanguage":"vi-VN","potentialAction":[{"@type":"ReadAction","target":["https:\/\/finpros.com\/vi\/bo-chuyen-doi-tien-te\/"]}]},{"@type":"BreadcrumbList","@id":"https:\/\/finpros.com\/vi\/bo-chuyen-doi-tien-te\/#breadcrumb","itemListElement":[{"@type":"ListItem","position":1,"name":"Trang ch\u1ee7","item":"https:\/\/finpros.com\/"},{"@type":"ListItem","position":2,"name":"B\u1ed9 chuy\u1ec3n \u0111\u1ed5i ti\u1ec1n t\u1ec7"}]},{"@type":"WebSite","@id":"https:\/\/finpros.com\/#website","url":"https:\/\/finpros.com\/","name":"FinPros","description":"","publisher":{"@id":"https:\/\/finpros.com\/#organization"},"potentialAction":[{"@type":"SearchAction","target":{"@type":"EntryPoint","urlTemplate":"https:\/\/finpros.com\/?s={search_term_string}"},"query-input":{"@type":"PropertyValueSpecification","valueRequired":true,"valueName":"search_term_string"}}],"inLanguage":"vi-VN"},{"@type":"Organization","@id":"https:\/\/finpros.com\/#organization","name":"FinPros","url":"https:\/\/finpros.com\/","logo":{"@type":"ImageObject","inLanguage":"vi-VN","@id":"https:\/\/finpros.com\/#\/schema\/logo\/image\/","url":"https:\/\/finpros.com\/wp-content\/uploads\/2025\/03\/FinPros-PNG-1.png","contentUrl":"https:\/\/finpros.com\/wp-content\/uploads\/2025\/03\/FinPros-PNG-1.png","width":1050,"height":369,"caption":"FinPros"},"image":{"@id":"https:\/\/finpros.com\/#\/schema\/logo\/image\/"}}]}},"_links":{"self":[{"href":"https:\/\/finpros.com\/vi\/wp-json\/wp\/v2\/pages\/13331","targetHints":{"allow":["GET"]}}],"collection":[{"href":"https:\/\/finpros.com\/vi\/wp-json\/wp\/v2\/pages"}],"about":[{"href":"https:\/\/finpros.com\/vi\/wp-json\/wp\/v2\/types\/page"}],"author":[{"embeddable":true,"href":"https:\/\/finpros.com\/vi\/wp-json\/wp\/v2\/users\/1"}],"replies":[{"embeddable":true,"href":"https:\/\/finpros.com\/vi\/wp-json\/wp\/v2\/comments?post=13331"}],"version-history":[{"count":0,"href":"https:\/\/finpros.com\/vi\/wp-json\/wp\/v2\/pages\/13331\/revisions"}],"wp:attachment":[{"href":"https:\/\/finpros.com\/vi\/wp-json\/wp\/v2\/media?parent=13331"}],"curies":[{"name":"wp","href":"https:\/\/api.w.org\/{rel}","templated":true}]}}