{"id":13325,"date":"2025-04-30T08:54:12","date_gmt":"2025-04-30T08:54:12","guid":{"rendered":"https:\/\/finpros.com\/finpros-tham-gia-hoi-nghi-thuong-dinh-cac-nha-giao-dich-ngoai-hoi-2025-tai-dubai-uae\/"},"modified":"2025-05-27T14:17:43","modified_gmt":"2025-05-27T14:17:43","slug":"finpros-tham-gia-hoi-nghi-thuong-dinh-cac-nha-giao-dich-ngoai-hoi-2025-tai-dubai-uae","status":"publish","type":"page","link":"https:\/\/finpros.com\/vi\/finpros-tham-gia-hoi-nghi-thuong-dinh-cac-nha-giao-dich-ngoai-hoi-2025-tai-dubai-uae\/","title":{"rendered":"FinPros tham gia H\u1ed9i ngh\u1ecb th\u01b0\u1ee3ng \u0111\u1ec9nh c\u00e1c nh\u00e0 giao d\u1ecbch ngo\u1ea1i h\u1ed1i 2025 t\u1ea1i Dubai, UAE"},"content":{"rendered":"\t\t<div data-elementor-type=\"wp-page\" data-elementor-id=\"13325\" class=\"elementor elementor-13325 elementor-11639\" data-elementor-post-type=\"page\">\n\t\t\t\t<div class=\"elementor-element elementor-element-3ea1a5b e-flex e-con-boxed e-con e-parent\" data-id=\"3ea1a5b\" data-element_type=\"container\">\n\t\t\t\t\t<div class=\"e-con-inner\">\n\t\t<div class=\"elementor-element elementor-element-ff9ded6 e-con-full e-flex e-con e-child\" data-id=\"ff9ded6\" data-element_type=\"container\">\n\t\t\t\t<div class=\"elementor-element elementor-element-c0c4b75 elementor-widget elementor-widget-heading\" data-id=\"c0c4b75\" data-element_type=\"widget\" data-widget_type=\"heading.default\">\n\t\t\t\t<div class=\"elementor-widget-container\">\n\t\t\t\t\t<h4 class=\"elementor-heading-title elementor-size-default\">  FinPros tham gia H\u1ed9i ngh\u1ecb th\u01b0\u1ee3ng \u0111\u1ec9nh c\u00e1c nh\u00e0 giao d\u1ecbch ngo\u1ea1i h\u1ed1i 2025 t\u1ea1i Dubai, UAE<\/h4>\t\t\t\t<\/div>\n\t\t\t\t<\/div>\n\t\t\t\t<div class=\"elementor-element elementor-element-af573be elementor-widget elementor-widget-text-editor\" data-id=\"af573be\" data-element_type=\"widget\" data-widget_type=\"text-editor.default\">\n\t\t\t\t<div class=\"elementor-widget-container\">\n\t\t\t\t\t\t\t\t\t<p>FinPros t\u1ef1 h\u00e0o th\u00f4ng b\u00e1o v\u1ec1 s\u1ef1 tham gia c\u1ee7a m\u00ecnh t\u1ea1i <strong>H\u1ed9i ngh\u1ecb th\u01b0\u1ee3ng \u0111\u1ec9nh c\u00e1c nh\u00e0 giao d\u1ecbch ngo\u1ea1i h\u1ed1i Dubai l\u1ea7n th\u1ee9 n\u0103m<\/strong> , m\u1ed9t trong nh\u1eefng s\u1ef1 ki\u1ec7n uy t\u00edn nh\u1ea5t trong khu v\u1ef1c d\u00e0nh ri\u00eang cho <strong>\u0111\u1ea7u t\u01b0, th\u1ecb tr\u01b0\u1eddng t\u00e0i ch\u00ednh v\u00e0 giao d\u1ecbch ngo\u1ea1i h\u1ed1i<\/strong> .<\/p><p>\u0110\u01b0\u1ee3c t\u1ed5 ch\u1ee9c t\u1ea1i <strong>Festival Arena<\/strong> mang t\u00ednh bi\u1ec3u t\u01b0\u1ee3ng t\u1eeb <strong>ng\u00e0y 14 \u0111\u1ebfn 15 th\u00e1ng 5 n\u0103m 2025<\/strong> , h\u1ed9i ngh\u1ecb th\u01b0\u1ee3ng \u0111\u1ec9nh k\u00e9o d\u00e0i hai ng\u00e0y n\u00e0y s\u1ebd quy t\u1ee5 c\u00e1c chuy\u00ean gia h\u00e0ng \u0111\u1ea7u, nh\u00e0 \u0111\u1ea7u t\u01b0 d\u00e0y d\u1ea1n kinh nghi\u1ec7m v\u00e0 chuy\u00ean gia t\u00e0i ch\u00ednh t\u1eeb kh\u1eafp n\u01a1i tr\u00ean th\u1ebf gi\u1edbi. V\u1edbi ch\u01b0\u01a1ng tr\u00ecnh ngh\u1ecb s\u1ef1 d\u00e0y \u0111\u1eb7c c\u00e1c cu\u1ed9c th\u1ea3o lu\u1eadn s\u00e2u s\u1eafc, c\u00e1c phi\u00ean th\u1ea3o lu\u1eadn quan tr\u1ecdng v\u00e0 c\u01a1 h\u1ed9i giao l\u01b0u, s\u1ef1 ki\u1ec7n n\u00e0y cung c\u1ea5p m\u1ed9t n\u1ec1n t\u1ea3ng m\u1ea1nh m\u1ebd \u0111\u1ec3 kh\u00e1m ph\u00e1 <strong>c\u00e1c xu h\u01b0\u1edbng, c\u00f4ng ngh\u1ec7 v\u00e0 c\u01a1 h\u1ed9i m\u1edbi nh\u1ea5t<\/strong> \u0111\u1ecbnh h\u00ecnh b\u1ed1i c\u1ea3nh t\u00e0i ch\u00ednh to\u00e0n c\u1ea7u. <\/p><p>Cho d\u00f9 b\u1ea1n l\u00e0 nh\u00e0 giao d\u1ecbch chuy\u00ean nghi\u1ec7p, nh\u00e0 \u0111\u1ea7u t\u01b0 t\u1ed5 ch\u1ee9c hay l\u1ea7n \u0111\u1ea7u kh\u00e1m ph\u00e1 th\u1ecb tr\u01b0\u1eddng t\u00e0i ch\u00ednh, H\u1ed9i ngh\u1ecb th\u01b0\u1ee3ng \u0111\u1ec9nh d\u00e0nh cho nh\u00e0 giao d\u1ecbch Forex \u0111\u01b0\u1ee3c thi\u1ebft k\u1ebf \u0111\u1ec3 trang b\u1ecb cho ng\u01b0\u1eddi tham d\u1ef1 <strong>nh\u1eefng hi\u1ec3u bi\u1ebft th\u1ef1c t\u1ebf, th\u00f4ng tin th\u1ecb tr\u01b0\u1eddng v\u00e0 c\u00e1c m\u1ed1i quan h\u1ec7 c\u00f3 gi\u00e1 tr\u1ecb trong ng\u00e0nh<\/strong> .<br> \u0110\u1eebng b\u1ecf l\u1ee1 c\u01a1 h\u1ed9i k\u1ebft n\u1ed1i v\u1edbi ch\u00fang t\u00f4i!<\/p><p>G\u1eb7p g\u1ee1 <strong>nh\u00f3m FinPros<\/strong> t\u1ea1i <strong>H\u1ed9i ngh\u1ecb th\u01b0\u1ee3ng \u0111\u1ec9nh giao d\u1ecbch ngo\u1ea1i h\u1ed1i Dubai<\/strong> v\u00e0 kh\u00e1m ph\u00e1 c\u00e1c k\u1ebf ho\u1ea1ch s\u1eafp t\u1edbi, \u0111\u1ed5i m\u1edbi giao d\u1ecbch v\u00e0 c\u01a1 h\u1ed9i h\u1ee3p t\u00e1c c\u1ee7a ch\u00fang t\u00f4i.<\/p>\t\t\t\t\t\t\t\t<\/div>\n\t\t\t\t<\/div>\n\t\t\t\t<div class=\"elementor-element elementor-element-4c3589f elementor-icon-list--layout-traditional elementor-list-item-link-full_width elementor-widget elementor-widget-icon-list\" data-id=\"4c3589f\" data-element_type=\"widget\" data-widget_type=\"icon-list.default\">\n\t\t\t\t<div class=\"elementor-widget-container\">\n\t\t\t\t\t\t\t<ul class=\"elementor-icon-list-items\">\n\t\t\t\t\t\t\t<li class=\"elementor-icon-list-item\">\n\t\t\t\t\t\t\t\t\t\t\t<span class=\"elementor-icon-list-icon\">\n\t\t\t\t\t\t\t<svg aria-hidden=\"true\" class=\"e-font-icon-svg e-far-calendar-check\" viewBox=\"0 0 448 512\" xmlns=\"http:\/\/www.w3.org\/2000\/svg\"><path d=\"M400 64h-48V12c0-6.627-5.373-12-12-12h-40c-6.627 0-12 5.373-12 12v52H160V12c0-6.627-5.373-12-12-12h-40c-6.627 0-12 5.373-12 12v52H48C21.49 64 0 85.49 0 112v352c0 26.51 21.49 48 48 48h352c26.51 0 48-21.49 48-48V112c0-26.51-21.49-48-48-48zm-6 400H54a6 6 0 0 1-6-6V160h352v298a6 6 0 0 1-6 6zm-52.849-200.65L198.842 404.519c-4.705 4.667-12.303 4.637-16.971-.068l-75.091-75.699c-4.667-4.705-4.637-12.303.068-16.971l22.719-22.536c4.705-4.667 12.303-4.637 16.97.069l44.104 44.461 111.072-110.181c4.705-4.667 12.303-4.637 16.971.068l22.536 22.718c4.667 4.705 4.636 12.303-.069 16.97z\"><\/path><\/svg>\t\t\t\t\t\t<\/span>\n\t\t\t\t\t\t\t\t\t\t<span class=\"elementor-icon-list-text\">14\u201315 th\u00e1ng 5 n\u0103m 2025<\/span>\n\t\t\t\t\t\t\t\t\t<\/li>\n\t\t\t\t\t\t\t\t<li class=\"elementor-icon-list-item\">\n\t\t\t\t\t\t\t\t\t\t\t<span class=\"elementor-icon-list-icon\">\n\t\t\t\t\t\t\t<svg aria-hidden=\"true\" class=\"e-font-icon-svg e-fas-map-marker-alt\" viewBox=\"0 0 384 512\" xmlns=\"http:\/\/www.w3.org\/2000\/svg\"><path d=\"M172.268 501.67C26.97 291.031 0 269.413 0 192 0 85.961 85.961 0 192 0s192 85.961 192 192c0 77.413-26.97 99.031-172.268 309.67-9.535 13.774-29.93 13.773-39.464 0zM192 272c44.183 0 80-35.817 80-80s-35.817-80-80-80-80 35.817-80 80 35.817 80 80 80z\"><\/path><\/svg>\t\t\t\t\t\t<\/span>\n\t\t\t\t\t\t\t\t\t\t<span class=\"elementor-icon-list-text\">S\u00e2n v\u1eadn \u0111\u1ed9ng Festival, Dubai<\/span>\n\t\t\t\t\t\t\t\t\t<\/li>\n\t\t\t\t\t\t<\/ul>\n\t\t\t\t\t\t<\/div>\n\t\t\t\t<\/div>\n\t\t\t\t<div class=\"elementor-element elementor-element-17d12b6 elementor-widget elementor-widget-heading\" data-id=\"17d12b6\" data-element_type=\"widget\" data-widget_type=\"heading.default\">\n\t\t\t\t<div class=\"elementor-widget-container\">\n\t\t\t\t\t<div class=\"elementor-heading-title elementor-size-default\"><span>S\u1eb5n s\u00e0ng tr\u00f2 chuy\u1ec7n?<\/span> <a href=\"https:\/\/finpros.com\/vi\/lien-he\/\">[Li\u00ean h\u1ec7 v\u1edbi ch\u00fang t\u00f4i]<\/a> ngay h\u00f4m nay \u0111\u1ec3 l\u00ean l\u1ecbch cu\u1ed9c h\u1ecdp.<\/div>\t\t\t\t<\/div>\n\t\t\t\t<\/div>\n\t\t\t\t<\/div>\n\t\t\t\t\t<\/div>\n\t\t\t\t<\/div>\n\t\t\t\t<\/div>\n\t\t","protected":false},"excerpt":{"rendered":"<p>FinPros tham gia H\u1ed9i ngh\u1ecb th\u01b0\u1ee3ng \u0111\u1ec9nh c\u00e1c nh\u00e0 giao d\u1ecbch ngo\u1ea1i h\u1ed1i 2025 t\u1ea1i Dubai, UAE FinPros t\u1ef1 h\u00e0o th\u00f4ng b\u00e1o v\u1ec1 s\u1ef1 tham gia c\u1ee7a m\u00ecnh t\u1ea1i H\u1ed9i ngh\u1ecb th\u01b0\u1ee3ng \u0111\u1ec9nh c\u00e1c nh\u00e0 giao d\u1ecbch ngo\u1ea1i h\u1ed1i Dubai l\u1ea7n th\u1ee9 n\u0103m , m\u1ed9t trong nh\u1eefng s\u1ef1 ki\u1ec7n uy t\u00edn nh\u1ea5t trong khu v\u1ef1c [&hellip;]<\/p>\n","protected":false},"author":1,"featured_media":0,"parent":0,"menu_order":0,"comment_status":"closed","ping_status":"closed","template":"tpl-default-elementor.php","meta":{"footnotes":""},"class_list":["post-13325","page","type-page","status-publish","hentry"],"yoast_head":"<!-- This site is optimized with the Yoast SEO plugin v25.0 - https:\/\/yoast.com\/wordpress\/plugins\/seo\/ -->\n<title>FinPros tham gia H\u1ed9i ngh\u1ecb th\u01b0\u1ee3ng \u0111\u1ec9nh c\u00e1c nh\u00e0 giao d\u1ecbch ngo\u1ea1i h\u1ed1i 2025 t\u1ea1i Dubai, UAE - FinPros<\/title>\n<meta name=\"robots\" content=\"index, follow, max-snippet:-1, max-image-preview:large, max-video-preview:-1\" \/>\n<link rel=\"canonical\" href=\"https:\/\/finpros.com\/vi\/finpros-tham-gia-hoi-nghi-thuong-dinh-cac-nha-giao-dich-ngoai-hoi-2025-tai-dubai-uae\/\" \/>\n<meta property=\"og:locale\" content=\"vi_VN\" \/>\n<meta property=\"og:type\" content=\"article\" \/>\n<meta property=\"og:title\" content=\"FinPros tham gia H\u1ed9i ngh\u1ecb th\u01b0\u1ee3ng \u0111\u1ec9nh c\u00e1c nh\u00e0 giao d\u1ecbch ngo\u1ea1i h\u1ed1i 2025 t\u1ea1i Dubai, UAE - FinPros\" \/>\n<meta property=\"og:description\" content=\"FinPros tham gia H\u1ed9i ngh\u1ecb th\u01b0\u1ee3ng \u0111\u1ec9nh c\u00e1c nh\u00e0 giao d\u1ecbch ngo\u1ea1i h\u1ed1i 2025 t\u1ea1i Dubai, UAE FinPros t\u1ef1 h\u00e0o th\u00f4ng b\u00e1o v\u1ec1 s\u1ef1 tham gia c\u1ee7a m\u00ecnh t\u1ea1i H\u1ed9i ngh\u1ecb th\u01b0\u1ee3ng \u0111\u1ec9nh c\u00e1c nh\u00e0 giao d\u1ecbch ngo\u1ea1i h\u1ed1i Dubai l\u1ea7n th\u1ee9 n\u0103m , m\u1ed9t trong nh\u1eefng s\u1ef1 ki\u1ec7n uy t\u00edn nh\u1ea5t trong khu v\u1ef1c [&hellip;]\" \/>\n<meta property=\"og:url\" content=\"https:\/\/finpros.com\/vi\/finpros-tham-gia-hoi-nghi-thuong-dinh-cac-nha-giao-dich-ngoai-hoi-2025-tai-dubai-uae\/\" \/>\n<meta property=\"og:site_name\" content=\"FinPros\" \/>\n<meta property=\"article:modified_time\" content=\"2025-05-27T14:17:43+00:00\" \/>\n<meta name=\"twitter:card\" content=\"summary_large_image\" \/>\n<meta name=\"twitter:label1\" content=\"Est. reading time\" \/>\n\t<meta name=\"twitter:data1\" content=\"2 minutes\" \/>\n<script type=\"application\/ld+json\" class=\"yoast-schema-graph\">{\"@context\":\"https:\/\/schema.org\",\"@graph\":[{\"@type\":\"WebPage\",\"@id\":\"https:\/\/finpros.com\/vi\/finpros-tham-gia-hoi-nghi-thuong-dinh-cac-nha-giao-dich-ngoai-hoi-2025-tai-dubai-uae\/\",\"url\":\"https:\/\/finpros.com\/vi\/finpros-tham-gia-hoi-nghi-thuong-dinh-cac-nha-giao-dich-ngoai-hoi-2025-tai-dubai-uae\/\",\"name\":\"FinPros tham gia H\u1ed9i ngh\u1ecb th\u01b0\u1ee3ng \u0111\u1ec9nh c\u00e1c nh\u00e0 giao d\u1ecbch ngo\u1ea1i h\u1ed1i 2025 t\u1ea1i Dubai, UAE - FinPros\",\"isPartOf\":{\"@id\":\"https:\/\/finpros.com\/#website\"},\"datePublished\":\"2025-04-30T08:54:12+00:00\",\"dateModified\":\"2025-05-27T14:17:43+00:00\",\"breadcrumb\":{\"@id\":\"https:\/\/finpros.com\/vi\/finpros-tham-gia-hoi-nghi-thuong-dinh-cac-nha-giao-dich-ngoai-hoi-2025-tai-dubai-uae\/#breadcrumb\"},\"inLanguage\":\"vi-VN\",\"potentialAction\":[{\"@type\":\"ReadAction\",\"target\":[\"https:\/\/finpros.com\/vi\/finpros-tham-gia-hoi-nghi-thuong-dinh-cac-nha-giao-dich-ngoai-hoi-2025-tai-dubai-uae\/\"]}]},{\"@type\":\"BreadcrumbList\",\"@id\":\"https:\/\/finpros.com\/vi\/finpros-tham-gia-hoi-nghi-thuong-dinh-cac-nha-giao-dich-ngoai-hoi-2025-tai-dubai-uae\/#breadcrumb\",\"itemListElement\":[{\"@type\":\"ListItem\",\"position\":1,\"name\":\"Trang ch\u1ee7\",\"item\":\"https:\/\/finpros.com\/\"},{\"@type\":\"ListItem\",\"position\":2,\"name\":\"FinPros tham gia H\u1ed9i ngh\u1ecb th\u01b0\u1ee3ng \u0111\u1ec9nh c\u00e1c nh\u00e0 giao d\u1ecbch ngo\u1ea1i h\u1ed1i 2025 t\u1ea1i Dubai, UAE\"}]},{\"@type\":\"WebSite\",\"@id\":\"https:\/\/finpros.com\/#website\",\"url\":\"https:\/\/finpros.com\/\",\"name\":\"FinPros\",\"description\":\"\",\"publisher\":{\"@id\":\"https:\/\/finpros.com\/#organization\"},\"potentialAction\":[{\"@type\":\"SearchAction\",\"target\":{\"@type\":\"EntryPoint\",\"urlTemplate\":\"https:\/\/finpros.com\/?s={search_term_string}\"},\"query-input\":{\"@type\":\"PropertyValueSpecification\",\"valueRequired\":true,\"valueName\":\"search_term_string\"}}],\"inLanguage\":\"vi-VN\"},{\"@type\":\"Organization\",\"@id\":\"https:\/\/finpros.com\/#organization\",\"name\":\"FinPros\",\"url\":\"https:\/\/finpros.com\/\",\"logo\":{\"@type\":\"ImageObject\",\"inLanguage\":\"vi-VN\",\"@id\":\"https:\/\/finpros.com\/#\/schema\/logo\/image\/\",\"url\":\"https:\/\/finpros.com\/wp-content\/uploads\/2025\/03\/FinPros-PNG-1.png\",\"contentUrl\":\"https:\/\/finpros.com\/wp-content\/uploads\/2025\/03\/FinPros-PNG-1.png\",\"width\":1050,\"height\":369,\"caption\":\"FinPros\"},\"image\":{\"@id\":\"https:\/\/finpros.com\/#\/schema\/logo\/image\/\"}}]}<\/script>\n<!-- \/ Yoast SEO plugin. -->","yoast_head_json":{"title":"FinPros tham gia H\u1ed9i ngh\u1ecb th\u01b0\u1ee3ng \u0111\u1ec9nh c\u00e1c nh\u00e0 giao d\u1ecbch ngo\u1ea1i h\u1ed1i 2025 t\u1ea1i Dubai, UAE - FinPros","robots":{"index":"index","follow":"follow","max-snippet":"max-snippet:-1","max-image-preview":"max-image-preview:large","max-video-preview":"max-video-preview:-1"},"canonical":"https:\/\/finpros.com\/vi\/finpros-tham-gia-hoi-nghi-thuong-dinh-cac-nha-giao-dich-ngoai-hoi-2025-tai-dubai-uae\/","og_locale":"vi_VN","og_type":"article","og_title":"FinPros tham gia H\u1ed9i ngh\u1ecb th\u01b0\u1ee3ng \u0111\u1ec9nh c\u00e1c nh\u00e0 giao d\u1ecbch ngo\u1ea1i h\u1ed1i 2025 t\u1ea1i Dubai, UAE - FinPros","og_description":"FinPros tham gia H\u1ed9i ngh\u1ecb th\u01b0\u1ee3ng \u0111\u1ec9nh c\u00e1c nh\u00e0 giao d\u1ecbch ngo\u1ea1i h\u1ed1i 2025 t\u1ea1i Dubai, UAE FinPros t\u1ef1 h\u00e0o th\u00f4ng b\u00e1o v\u1ec1 s\u1ef1 tham gia c\u1ee7a m\u00ecnh t\u1ea1i H\u1ed9i ngh\u1ecb th\u01b0\u1ee3ng \u0111\u1ec9nh c\u00e1c nh\u00e0 giao d\u1ecbch ngo\u1ea1i h\u1ed1i Dubai l\u1ea7n th\u1ee9 n\u0103m , m\u1ed9t trong nh\u1eefng s\u1ef1 ki\u1ec7n uy t\u00edn nh\u1ea5t trong khu v\u1ef1c [&hellip;]","og_url":"https:\/\/finpros.com\/vi\/finpros-tham-gia-hoi-nghi-thuong-dinh-cac-nha-giao-dich-ngoai-hoi-2025-tai-dubai-uae\/","og_site_name":"FinPros","article_modified_time":"2025-05-27T14:17:43+00:00","twitter_card":"summary_large_image","twitter_misc":{"Est. reading time":"2 minutes"},"schema":{"@context":"https:\/\/schema.org","@graph":[{"@type":"WebPage","@id":"https:\/\/finpros.com\/vi\/finpros-tham-gia-hoi-nghi-thuong-dinh-cac-nha-giao-dich-ngoai-hoi-2025-tai-dubai-uae\/","url":"https:\/\/finpros.com\/vi\/finpros-tham-gia-hoi-nghi-thuong-dinh-cac-nha-giao-dich-ngoai-hoi-2025-tai-dubai-uae\/","name":"FinPros tham gia H\u1ed9i ngh\u1ecb th\u01b0\u1ee3ng \u0111\u1ec9nh c\u00e1c nh\u00e0 giao d\u1ecbch ngo\u1ea1i h\u1ed1i 2025 t\u1ea1i Dubai, UAE - FinPros","isPartOf":{"@id":"https:\/\/finpros.com\/#website"},"datePublished":"2025-04-30T08:54:12+00:00","dateModified":"2025-05-27T14:17:43+00:00","breadcrumb":{"@id":"https:\/\/finpros.com\/vi\/finpros-tham-gia-hoi-nghi-thuong-dinh-cac-nha-giao-dich-ngoai-hoi-2025-tai-dubai-uae\/#breadcrumb"},"inLanguage":"vi-VN","potentialAction":[{"@type":"ReadAction","target":["https:\/\/finpros.com\/vi\/finpros-tham-gia-hoi-nghi-thuong-dinh-cac-nha-giao-dich-ngoai-hoi-2025-tai-dubai-uae\/"]}]},{"@type":"BreadcrumbList","@id":"https:\/\/finpros.com\/vi\/finpros-tham-gia-hoi-nghi-thuong-dinh-cac-nha-giao-dich-ngoai-hoi-2025-tai-dubai-uae\/#breadcrumb","itemListElement":[{"@type":"ListItem","position":1,"name":"Trang ch\u1ee7","item":"https:\/\/finpros.com\/"},{"@type":"ListItem","position":2,"name":"FinPros tham gia H\u1ed9i ngh\u1ecb th\u01b0\u1ee3ng \u0111\u1ec9nh c\u00e1c nh\u00e0 giao d\u1ecbch ngo\u1ea1i h\u1ed1i 2025 t\u1ea1i Dubai, UAE"}]},{"@type":"WebSite","@id":"https:\/\/finpros.com\/#website","url":"https:\/\/finpros.com\/","name":"FinPros","description":"","publisher":{"@id":"https:\/\/finpros.com\/#organization"},"potentialAction":[{"@type":"SearchAction","target":{"@type":"EntryPoint","urlTemplate":"https:\/\/finpros.com\/?s={search_term_string}"},"query-input":{"@type":"PropertyValueSpecification","valueRequired":true,"valueName":"search_term_string"}}],"inLanguage":"vi-VN"},{"@type":"Organization","@id":"https:\/\/finpros.com\/#organization","name":"FinPros","url":"https:\/\/finpros.com\/","logo":{"@type":"ImageObject","inLanguage":"vi-VN","@id":"https:\/\/finpros.com\/#\/schema\/logo\/image\/","url":"https:\/\/finpros.com\/wp-content\/uploads\/2025\/03\/FinPros-PNG-1.png","contentUrl":"https:\/\/finpros.com\/wp-content\/uploads\/2025\/03\/FinPros-PNG-1.png","width":1050,"height":369,"caption":"FinPros"},"image":{"@id":"https:\/\/finpros.com\/#\/schema\/logo\/image\/"}}]}},"_links":{"self":[{"href":"https:\/\/finpros.com\/vi\/wp-json\/wp\/v2\/pages\/13325","targetHints":{"allow":["GET"]}}],"collection":[{"href":"https:\/\/finpros.com\/vi\/wp-json\/wp\/v2\/pages"}],"about":[{"href":"https:\/\/finpros.com\/vi\/wp-json\/wp\/v2\/types\/page"}],"author":[{"embeddable":true,"href":"https:\/\/finpros.com\/vi\/wp-json\/wp\/v2\/users\/1"}],"replies":[{"embeddable":true,"href":"https:\/\/finpros.com\/vi\/wp-json\/wp\/v2\/comments?post=13325"}],"version-history":[{"count":0,"href":"https:\/\/finpros.com\/vi\/wp-json\/wp\/v2\/pages\/13325\/revisions"}],"wp:attachment":[{"href":"https:\/\/finpros.com\/vi\/wp-json\/wp\/v2\/media?parent=13325"}],"curies":[{"name":"wp","href":"https:\/\/api.w.org\/{rel}","templated":true}]}}