{"id":13312,"date":"2025-04-16T16:55:02","date_gmt":"2025-04-16T16:55:02","guid":{"rendered":"https:\/\/finpros.com\/may-tinh-vi-tri\/"},"modified":"2025-05-28T18:35:13","modified_gmt":"2025-05-28T18:35:13","slug":"may-tinh-vi-tri","status":"publish","type":"page","link":"https:\/\/finpros.com\/vi\/may-tinh-vi-tri\/","title":{"rendered":"M\u00e1y t\u00ednh v\u1ecb tr\u00ed"},"content":{"rendered":"\t\t<div data-elementor-type=\"wp-page\" data-elementor-id=\"13312\" class=\"elementor elementor-13312 elementor-6516\" data-elementor-post-type=\"page\">\n\t\t\t\t<div class=\"elementor-element elementor-element-67cc4b74 e-con-full calculator-sub-banner sub-calc-bg e-flex e-con e-parent\" data-id=\"67cc4b74\" data-element_type=\"container\" data-settings=\"{&quot;background_background&quot;:&quot;classic&quot;}\">\n\t\t<div class=\"elementor-element elementor-element-58415a1c e-con-full e-flex e-con e-child\" data-id=\"58415a1c\" data-element_type=\"container\" data-settings=\"{&quot;background_background&quot;:&quot;classic&quot;}\">\n\t\t\t\t<div class=\"elementor-element elementor-element-4479d006 elementor-widget elementor-widget-heading\" data-id=\"4479d006\" data-element_type=\"widget\" data-widget_type=\"heading.default\">\n\t\t\t\t<div class=\"elementor-widget-container\">\n\t\t\t\t\t<h2 class=\"elementor-heading-title elementor-size-default\"><span>M\u00e1y t\u00ednh<\/span> v\u1ecb tr\u00ed<\/h2>\t\t\t\t<\/div>\n\t\t\t\t<\/div>\n\t\t\t\t<div class=\"elementor-element elementor-element-6a60f05b elementor-widget elementor-widget-heading\" data-id=\"6a60f05b\" data-element_type=\"widget\" data-widget_type=\"heading.default\">\n\t\t\t\t<div class=\"elementor-widget-container\">\n\t\t\t\t\t<p class=\"elementor-heading-title elementor-size-default\">Ti\u1ebfp c\u1eadn th\u1ecb tr\u01b0\u1eddng ti\u1ec1n t\u1ec7 to\u00e0n c\u1ea7u v\u1edbi t\u1ed1c \u0111\u1ed9 th\u1ef1c hi\u1ec7n nhanh ch\u00f3ng v\u00e0 ch\u00eanh l\u1ec7ch gi\u00e1 c\u00f4ng b\u1eb1ng<\/p>\t\t\t\t<\/div>\n\t\t\t\t<\/div>\n\t\t\t\t<\/div>\n\t\t<div class=\"elementor-element elementor-element-8e81d33 e-con-full e-flex e-con e-child\" data-id=\"8e81d33\" data-element_type=\"container\" data-settings=\"{&quot;background_background&quot;:&quot;classic&quot;}\">\n\t\t<div class=\"elementor-element elementor-element-2c139343 e-flex e-con-boxed e-con e-child\" data-id=\"2c139343\" data-element_type=\"container\">\n\t\t\t\t\t<div class=\"e-con-inner\">\n\t\t\t\t<div class=\"elementor-element elementor-element-5b203a03 elementor-align-left calc-banner-link elementor-widget elementor-widget-breadcrumbs\" data-id=\"5b203a03\" data-element_type=\"widget\" data-widget_type=\"breadcrumbs.default\">\n\t\t\t\t<div class=\"elementor-widget-container\">\n\t\t\t\t\t<p id=\"breadcrumbs\"><span><span><a href=\"https:\/\/finpros.com\/\">Trang ch\u1ee7<\/a><\/span><\/span><\/p>\t\t\t\t<\/div>\n\t\t\t\t<\/div>\n\t\t\t\t\t<\/div>\n\t\t\t\t<\/div>\n\t\t\t\t<\/div>\n\t\t\t\t<\/div>\n\t\t<div class=\"elementor-element elementor-element-2fac50f e-flex e-con-boxed e-con e-parent\" data-id=\"2fac50f\" data-element_type=\"container\">\n\t\t\t\t\t<div class=\"e-con-inner\">\n\t\t<div class=\"elementor-element elementor-element-4997a57 e-con-full e-flex e-con e-child\" data-id=\"4997a57\" data-element_type=\"container\">\n\t\t\t\t<div class=\"elementor-element elementor-element-1ec21d1 elementor-widget elementor-widget-heading\" data-id=\"1ec21d1\" data-element_type=\"widget\" data-widget_type=\"heading.default\">\n\t\t\t\t<div class=\"elementor-widget-container\">\n\t\t\t\t\t<h2 class=\"elementor-heading-title elementor-size-default\">  <span>M\u00e1y<\/span> t\u00ednh v\u1ecb tr\u00ed<\/h2>\t\t\t\t<\/div>\n\t\t\t\t<\/div>\n\t\t\t\t<\/div>\n\t\t<div class=\"elementor-element elementor-element-df56ab4 e-con-full e-flex e-con e-child\" data-id=\"df56ab4\" data-element_type=\"container\">\n\t\t\t\t<div class=\"elementor-element elementor-element-51bd7d2 elementor-widget elementor-widget-text-editor\" data-id=\"51bd7d2\" data-element_type=\"widget\" data-widget_type=\"text-editor.default\">\n\t\t\t\t<div class=\"elementor-widget-container\">\n\t\t\t\t\t\t\t\t\t<p>M\u1ed9t c\u00f4ng c\u1ee5 quan tr\u1ecdng kh\u00e1c d\u00e0nh cho c\u00e1c nh\u00e0 giao d\u1ecbch c\u00f3 kinh nghi\u1ec7m ho\u1eb7c m\u1edbi v\u00e0o ngh\u1ec1, m\u00e1y t\u00ednh n\u00e0y r\u1ea5t c\u1ea7n thi\u1ebft \u0111\u1ec3 qu\u1ea3n l\u00fd r\u1ee7i ro cho m\u1ed7i giao d\u1ecbch v\u00e0 theo d\u00f5i t\u1ed5ng m\u1ee9c \u0111\u1ed9 r\u1ee7i ro c\u1ee7a b\u1ea1n tr\u00ean th\u1ecb tr\u01b0\u1eddng.<\/p>\t\t\t\t\t\t\t\t<\/div>\n\t\t\t\t<\/div>\n\t\t\t\t<\/div>\n\t\t<div class=\"elementor-element elementor-element-f4a2424 e-con-full e-flex e-con e-child\" data-id=\"f4a2424\" data-element_type=\"container\">\n\t\t\t\t<div class=\"elementor-element elementor-element-fb967bb elementor-widget elementor-widget-text-editor\" data-id=\"fb967bb\" data-element_type=\"widget\" data-widget_type=\"text-editor.default\">\n\t\t\t\t<div class=\"elementor-widget-container\">\n\t\t\t\t\t\t\t\t\t<p><b>V\u00ed d\u1ee5<\/b> : M\u1ed9t l\u1ea7n n\u1eefa s\u1eed d\u1ee5ng c\u1eb7p ti\u1ec1n t\u1ec7 chu\u1ea9n EUR\/USD c\u1ee7a ch\u00fang t\u00f4i. B\u1ea1n ch\u1ec9 n\u00ean m\u1ea1o hi\u1ec3m 1% t\u00e0i kho\u1ea3n c\u1ee7a m\u00ecnh cho m\u1ed7i giao d\u1ecbch. B\u1ea1n mu\u1ed1n d\u1eebng l\u1ed7 ch\u1ec9 c\u00e1ch gi\u00e1 hi\u1ec7n t\u1ea1i 25 pip. T\u00e0i kho\u1ea3n c\u1ee7a b\u1ea1n c\u00f3 gi\u00e1 tr\u1ecb l\u00e0 50.000 \u0111\u00f4 la, do \u0111\u00f3 b\u1ea1n s\u1ebd s\u1eed d\u1ee5ng quy m\u00f4 v\u1ecb th\u1ebf l\u00e0 hai l\u00f4. Tr\u00ean th\u1ef1c t\u1ebf, b\u1ea1n s\u1ebd m\u1ea1o hi\u1ec3m m\u1ea5t 500 \u0111\u00f4 la cho giao d\u1ecbch n\u00e0y. N\u1ebfu l\u1ec7nh d\u1eebng l\u1ed7 \u0111\u01b0\u1ee3c k\u00edch ho\u1ea1t, \u0111\u00e2y s\u1ebd l\u00e0 kho\u1ea3n l\u1ed7 c\u1ee7a b\u1ea1n.    <br><br><\/p><p class=\"note\">*m\u1ed9t l\u00f4 b\u1eb1ng 100.000 \u0111\u01a1n v\u1ecb.<\/p>\t\t\t\t\t\t\t\t<\/div>\n\t\t\t\t<\/div>\n\t\t\t\t<\/div>\n\t\t\t\t\t<\/div>\n\t\t\t\t<\/div>\n\t\t<div class=\"elementor-element elementor-element-fa3bf46 e-flex e-con-boxed e-con e-parent\" data-id=\"fa3bf46\" data-element_type=\"container\">\n\t\t\t\t\t<div class=\"e-con-inner\">\n\t\t<div class=\"elementor-element elementor-element-eb702b9 e-con-full e-flex e-con e-child\" data-id=\"eb702b9\" data-element_type=\"container\">\n\t\t\t\t<div class=\"elementor-element elementor-element-c05ae7a elementor-widget elementor-widget-shortcode\" data-id=\"c05ae7a\" data-element_type=\"widget\" data-widget_type=\"shortcode.default\">\n\t\t\t\t<div class=\"elementor-widget-container\">\n\t\t\t\t\t\t\t<div class=\"elementor-shortcode\">    <div class=\"position-size-calculator\">\r\n        <div class=\"calculator-container\">\r\n            <div class=\"calculator-header\">\r\n                <h3><i class=\"fas fa-calculator\"><\/i> Position Size Calculator<\/h3>\r\n                <p>Calculate optimal position size based on your risk parameters<\/p>\r\n            <\/div>\r\n            \r\n            <div class=\"calculator-body\">\r\n                <div class=\"input-section\">\r\n                    <div class=\"form-row\">\r\n                        <div class=\"form-column\">\r\n                            <div class=\"form-group\">\r\n                                <label for=\"psc-account-balance\">Account Balance<\/label>\r\n                                <input type=\"number\" id=\"psc-account-balance\" class=\"form-control\" value=\"10000\" min=\"1\" step=\"1\">\r\n                            <\/div>\r\n                            \r\n                            <div class=\"form-group\">\r\n                                <label for=\"psc-risk-percentage\">Risk Percentage (%)<\/label>\r\n                                <input type=\"number\" id=\"psc-risk-percentage\" class=\"form-control\" value=\"1\" min=\"0.01\" max=\"100\" step=\"0.01\">\r\n                            <\/div>\r\n                            \r\n                            <div class=\"form-group\">\r\n                                <label>Stop Loss Type<\/label>\r\n                                <div style=\"display: flex; margin-top: 8px;\">\r\n                                    <div style=\"margin-right: 20px;\">\r\n                                        <input type=\"radio\" id=\"psc-stop-loss-type-pips\" name=\"psc-stop-loss-type\" value=\"pips\" checked>\r\n                                        <label for=\"psc-stop-loss-type-pips\" style=\"display: inline; margin-left: 5px;\">Pips<\/label>\r\n                                    <\/div>\r\n                                    <div>\r\n                                        <input type=\"radio\" id=\"psc-stop-loss-type-price\" name=\"psc-stop-loss-type\" value=\"price\">\r\n                                        <label for=\"psc-stop-loss-type-price\" style=\"display: inline; margin-left: 5px;\">Price<\/label>\r\n                                    <\/div>\r\n                                <\/div>\r\n                            <\/div>\r\n                            \r\n                            <div class=\"form-group\" id=\"psc-stop-loss-pips-container\">\r\n                                <label for=\"psc-stop-loss-pips\">Stop loss (pips)<\/label>\r\n                                <input type=\"number\" id=\"psc-stop-loss-pips\" class=\"form-control\" value=\"50\" min=\"1\" step=\"1\">\r\n                            <\/div>\r\n                            \r\n                            <div id=\"psc-price-fields-container\" style=\"display: none;\">\r\n                                <div class=\"form-group\">\r\n                                    <label for=\"psc-open-price\">Open price<\/label>\r\n                                    <input type=\"number\" id=\"psc-open-price\" class=\"form-control\" value=\"1.0000\" step=\"0.00001\">\r\n                                <\/div>\r\n                                <div class=\"form-group\">\r\n                                    <label for=\"psc-stop-loss-price\">Stop loss price<\/label>\r\n                                    <input type=\"number\" id=\"psc-stop-loss-price\" class=\"form-control\" value=\"0.9950\" step=\"0.00001\">\r\n                                <\/div>\r\n                            <\/div>\r\n                            \r\n                            <div class=\"form-group\" id=\"psc-currency-price-container\" style=\"display: none;\">\r\n                                <label for=\"psc-currency-price\" id=\"psc-currency-price-label\">USD\/AUD Price<\/label>\r\n                                <input type=\"number\" id=\"psc-currency-price\" class=\"form-control\" value=\"1.0\" step=\"0.00001\">\r\n                            <\/div>\r\n                        <\/div>\r\n                        \r\n                        <div class=\"form-column\">\r\n                            <div class=\"form-group\">\r\n                                <label for=\"psc-account-currency\">Account Currency<\/label>\r\n                                <select id=\"psc-account-currency\" class=\"form-control\">\r\n                                    <option value=\"USD\">USD<\/option>\r\n                                    <option value=\"EUR\">EUR<\/option>\r\n                                    <option value=\"GBP\">GBP<\/option>\r\n                                    <option value=\"JPY\">JPY<\/option>\r\n                                    <option value=\"AUD\">AUD<\/option>\r\n                                    <option value=\"CAD\">CAD<\/option>\r\n                                <\/select>\r\n                            <\/div>\r\n                            \r\n                            <div class=\"form-group\">\r\n                                <label for=\"psc-currency-pair\">Instrument<\/label>\r\n                                <select id=\"psc-currency-pair\" class=\"form-control\">\r\n                                    <option value=\"\">Loading pairs...<\/option>\r\n                                <\/select>\r\n                            <\/div>\r\n                            \r\n                            <div class=\"form-group\">\r\n                                <label for=\"psc-pip-size\" id=\"psc-pip-size-label\">EUR\/USD 1 Pip Size<\/label>\r\n                                <input type=\"number\" id=\"psc-pip-size\" class=\"form-control\" value=\"0.0001\" step=\"0.00001\" readonly>\r\n                            <\/div>\r\n                            \r\n                            <div class=\"form-group\">\r\n                                <label for=\"psc-contract-size\">Contract size (Units per Lot)<\/label>\r\n                                <input type=\"number\" id=\"psc-contract-size\" class=\"form-control\" value=\"100000\" readonly>\r\n                            <\/div>\r\n                        <\/div>\r\n                    <\/div>\r\n                    \r\n                    <button id=\"psc-calculate-btn\" class=\"calculate-btn\">\r\n                        <i class=\"fas fa-calculator\"><\/i> Calculate\r\n                    <\/button>\r\n                <\/div>\r\n                \r\n                <div class=\"results-section\">\r\n                    <div class=\"result-box\">\r\n                        <div class=\"result-title\">Lots (trade size)<\/div>\r\n                        <div class=\"result-value\" id=\"psc-position-size\">1<\/div>\r\n                    <\/div>\r\n                    \r\n                    <div class=\"result-box\">\r\n                        <div class=\"result-title\">Units (trade size)<\/div>\r\n                        <div class=\"result-value\" id=\"psc-position-units\">100,000<\/div>\r\n                    <\/div>\r\n                    \r\n                    <div class=\"result-box\">\r\n                        <div class=\"result-title\">Money at risk<\/div>\r\n                        <div class=\"result-value\"><span id=\"psc-risk-currency\">US$<\/span><span id=\"psc-risk-amount\">2,000.00<\/span><\/div>\r\n                    <\/div>\r\n                <\/div>\r\n            <\/div>\r\n            \r\n            <div class=\"calculator-footer\">\r\n                <p>Always verify calculations with your broker's specifications before trading.<\/p>\r\n            <\/div>\r\n        <\/div>\r\n    <\/div>\r\n    <\/div>\n\t\t\t\t\t\t<\/div>\n\t\t\t\t<\/div>\n\t\t\t\t<\/div>\n\t\t\t\t\t<\/div>\n\t\t\t\t<\/div>\n\t\t<div class=\"elementor-element elementor-element-1d3e00a e-flex e-con-boxed e-con e-parent\" data-id=\"1d3e00a\" data-element_type=\"container\">\n\t\t\t\t\t<div class=\"e-con-inner\">\n\t\t\t\t<div class=\"elementor-element elementor-element-e40af82 elementor-widget elementor-widget-heading\" data-id=\"e40af82\" data-element_type=\"widget\" data-widget_type=\"heading.default\">\n\t\t\t\t<div class=\"elementor-widget-container\">\n\t\t\t\t\t<h2 class=\"elementor-heading-title elementor-size-default\">T\u00ecm <span>c\u00e2u tr\u1ea3 l\u1eddi<\/span> cho c\u00e2u h\u1ecfi th\u01b0\u1eddng g\u1eb7p<br> C\u00e2u h\u1ecfi<\/h2>\t\t\t\t<\/div>\n\t\t\t\t<\/div>\n\t\t\t\t<div class=\"elementor-element elementor-element-ad0bb0a elementor-widget__width-initial elementor-widget elementor-widget-shortcode\" data-id=\"ad0bb0a\" data-element_type=\"widget\" data-widget_type=\"shortcode.default\">\n\t\t\t\t<div class=\"elementor-widget-container\">\n\t\t\t\t\t\t\t<div class=\"elementor-shortcode\">            <div class=\"qae-faqs-container qae-faqs-toggle-container\">\n\t\t\t\t\t\t<div id=\"qaef-13509\" class=\"qe-faq-toggle giao-dich\">\n\t\t\t<div class=\"qe-toggle-title\">\n\t\t\t\t<h4>\n\t\t\t\t\t<i class=\"fa fa-minus-circle\"><\/i> L\u00e0m th\u1ebf n\u00e0o \u0111\u1ec3 t\u00f4i thay \u0111\u1ed5i m\u1eadt kh\u1ea9u?\t\t\t\t<\/h4>\n\t\t\t<\/div>\n\t\t\t<div class=\"qe-toggle-content\">\n\t\t\t\t<ul>\n<li>Nh\u1ea5n v\u00e0o n\u00fat \u201c\u0110\u0103ng nh\u1eadp\u201d r\u1ed3i \u201cQu\u00ean m\u1eadt kh\u1ea9u\u201d<\/li>\n<li>Nh\u1eadp email b\u1ea1n \u0111\u00e3 \u0111\u0103ng k\u00fd v\u00e0o tr\u01b0\u1eddng b\u1eaft bu\u1ed9c v\u00e0 nh\u1ea5n n\u00fat \u201cG\u1eedi\u201d.<\/li>\n<li>Ch\u00fang t\u00f4i s\u1ebd g\u1eedi cho b\u1ea1n li\u00ean k\u1ebft qua email \u0111\u1ec3 thay \u0111\u1ed5i m\u1eadt kh\u1ea9u.<\/li>\n<\/ul>\n\t\t\t<\/div>\n\t\t<\/div>\n\t\t\t\t<div id=\"qaef-13506\" class=\"qe-faq-toggle giao-dich\">\n\t\t\t<div class=\"qe-toggle-title\">\n\t\t\t\t<h4>\n\t\t\t\t\t<i class=\"fa fa-minus-circle\"><\/i> L\u00e0m th\u1ebf n\u00e0o \u0111\u1ec3 t\u00f4i c\u00f3 th\u1ec3 thay \u0111\u1ed5i th\u00f4ng tin t\u00e0i kho\u1ea3n c\u1ee7a m\u00ecnh?\t\t\t\t<\/h4>\n\t\t\t<\/div>\n\t\t\t<div class=\"qe-toggle-content\">\n\t\t\t\t<ul style=\"margin-left: -15px\">\n<li>Nh\u1ea5n v\u00e0o tab \u201cT\u00e0i kho\u1ea3n\u201d \u1edf g\u00f3c d\u01b0\u1edbi b\u00ean ph\u1ea3i, sau \u0111\u00f3 nh\u1ea5n v\u00e0o \u201cCh\u1ec9nh s\u1eeda h\u1ed3 s\u01a1\u201d.<\/li>\n<li>Tr\u00ean trang n\u00e0y, b\u1ea1n c\u00f3 th\u1ec3 ch\u1ec9nh s\u1eeda \u201cX\u1eed l\u00fd t\u00ecm ki\u1ebfm\u201d, \u201cT\u00ean t\u00edn hi\u1ec7u\u201d v\u00e0 \u201cH\u01b0\u1edbng d\u1eabn v\u1ed1n ch\u1ee7 s\u1edf h\u1eefu\u201d c\u1ee7a m\u00ecnh<\/li>\n<\/ul>\n\t\t\t<\/div>\n\t\t<\/div>\n\t\t\t\t<div id=\"qaef-13508\" class=\"qe-faq-toggle giao-dich\">\n\t\t\t<div class=\"qe-toggle-title\">\n\t\t\t\t<h4>\n\t\t\t\t\t<i class=\"fa fa-minus-circle\"><\/i> L\u00e0m th\u1ebf n\u00e0o \u0111\u1ec3 chuy\u1ec3n \u0111\u1ed5i t\u00e0i kho\u1ea3n giao d\u1ecbch c\u1ee7a t\u00f4i?\t\t\t\t<\/h4>\n\t\t\t<\/div>\n\t\t\t<div class=\"qe-toggle-content\">\n\t\t\t\t<ul style=\"margin-left: -15px\">\n<li>Nh\u1ea5n v\u00e0o tab \u201cT\u00e0i kho\u1ea3n\u201d \u1edf g\u00f3c d\u01b0\u1edbi b\u00ean ph\u1ea3i.<\/li>\n<li>Cu\u1ed9n xu\u1ed1ng d\u01b0\u1edbi c\u00f9ng v\u00e0 ch\u1ea1m v\u00e0o n\u00fat \u201cLi\u00ean k\u1ebft t\u00e0i kho\u1ea3n\u201d.<\/li>\n<li>Nh\u1eadp th\u00f4ng tin t\u00e0i kho\u1ea3n giao d\u1ecbch m\u1edbi c\u1ee7a b\u1ea1n.<\/li>\n<\/ul>\n\t\t\t<\/div>\n\t\t<\/div>\n\t\t            <\/div>\n\t\t<\/div>\n\t\t\t\t\t\t<\/div>\n\t\t\t\t<\/div>\n\t\t\t\t<div class=\"elementor-element elementor-element-a86303c elementor-align-center elementor-widget__width-auto read-more-link elementor-widget elementor-widget-button\" data-id=\"a86303c\" data-element_type=\"widget\" data-widget_type=\"button.default\">\n\t\t\t\t<div class=\"elementor-widget-container\">\n\t\t\t\t\t\t\t\t\t<div class=\"elementor-button-wrapper\">\n\t\t\t\t\t<a class=\"elementor-button elementor-button-link elementor-size-sm\" href=\"https:\/\/finpros.com\/vi\/cau-hoi-thuong-gap\/\">\n\t\t\t\t\t\t<span class=\"elementor-button-content-wrapper\">\n\t\t\t\t\t\t<span class=\"elementor-button-icon\">\n\t\t\t\t<svg aria-hidden=\"true\" class=\"e-font-icon-svg e-fas-arrow-right\" viewBox=\"0 0 448 512\" xmlns=\"http:\/\/www.w3.org\/2000\/svg\"><path d=\"M190.5 66.9l22.2-22.2c9.4-9.4 24.6-9.4 33.9 0L441 239c9.4 9.4 9.4 24.6 0 33.9L246.6 467.3c-9.4 9.4-24.6 9.4-33.9 0l-22.2-22.2c-9.5-9.5-9.3-25 .4-34.3L311.4 296H24c-13.3 0-24-10.7-24-24v-32c0-13.3 10.7-24 24-24h287.4L190.9 101.2c-9.8-9.3-10-24.8-.4-34.3z\"><\/path><\/svg>\t\t\t<\/span>\n\t\t\t\t\t\t\t\t\t<span class=\"elementor-button-text\">\u0110\u1ecdc th\u00eam<\/span>\n\t\t\t\t\t<\/span>\n\t\t\t\t\t<\/a>\n\t\t\t\t<\/div>\n\t\t\t\t\t\t\t\t<\/div>\n\t\t\t\t<\/div>\n\t\t\t\t\t<\/div>\n\t\t\t\t<\/div>\n\t\t\t\t<\/div>\n\t\t","protected":false},"excerpt":{"rendered":"<p>M\u00e1y t\u00ednh v\u1ecb tr\u00ed Ti\u1ebfp c\u1eadn th\u1ecb tr\u01b0\u1eddng ti\u1ec1n t\u1ec7 to\u00e0n c\u1ea7u v\u1edbi t\u1ed1c \u0111\u1ed9 th\u1ef1c hi\u1ec7n nhanh ch\u00f3ng v\u00e0 ch\u00eanh l\u1ec7ch gi\u00e1 c\u00f4ng b\u1eb1ng M\u00e1y t\u00ednh v\u1ecb tr\u00ed M\u1ed9t c\u00f4ng c\u1ee5 quan tr\u1ecdng kh\u00e1c d\u00e0nh cho c\u00e1c nh\u00e0 giao d\u1ecbch c\u00f3 kinh nghi\u1ec7m ho\u1eb7c m\u1edbi v\u00e0o ngh\u1ec1, m\u00e1y t\u00ednh n\u00e0y r\u1ea5t c\u1ea7n thi\u1ebft \u0111\u1ec3 [&hellip;]<\/p>\n","protected":false},"author":1,"featured_media":0,"parent":0,"menu_order":0,"comment_status":"closed","ping_status":"closed","template":"tpl-default-elementor.php","meta":{"footnotes":""},"class_list":["post-13312","page","type-page","status-publish","hentry"],"yoast_head":"<!-- This site is optimized with the Yoast SEO plugin v25.0 - https:\/\/yoast.com\/wordpress\/plugins\/seo\/ -->\n<title>M\u00e1y t\u00ednh v\u1ecb tr\u00ed - FinPros<\/title>\n<meta name=\"robots\" content=\"index, follow, max-snippet:-1, max-image-preview:large, max-video-preview:-1\" \/>\n<link rel=\"canonical\" href=\"https:\/\/finpros.com\/vi\/may-tinh-vi-tri\/\" \/>\n<meta property=\"og:locale\" content=\"vi_VN\" \/>\n<meta property=\"og:type\" content=\"article\" \/>\n<meta property=\"og:title\" content=\"M\u00e1y t\u00ednh v\u1ecb tr\u00ed - FinPros\" \/>\n<meta property=\"og:description\" content=\"M\u00e1y t\u00ednh v\u1ecb tr\u00ed Ti\u1ebfp c\u1eadn th\u1ecb tr\u01b0\u1eddng ti\u1ec1n t\u1ec7 to\u00e0n c\u1ea7u v\u1edbi t\u1ed1c \u0111\u1ed9 th\u1ef1c hi\u1ec7n nhanh ch\u00f3ng v\u00e0 ch\u00eanh l\u1ec7ch gi\u00e1 c\u00f4ng b\u1eb1ng M\u00e1y t\u00ednh v\u1ecb tr\u00ed M\u1ed9t c\u00f4ng c\u1ee5 quan tr\u1ecdng kh\u00e1c d\u00e0nh cho c\u00e1c nh\u00e0 giao d\u1ecbch c\u00f3 kinh nghi\u1ec7m ho\u1eb7c m\u1edbi v\u00e0o ngh\u1ec1, m\u00e1y t\u00ednh n\u00e0y r\u1ea5t c\u1ea7n thi\u1ebft \u0111\u1ec3 [&hellip;]\" \/>\n<meta property=\"og:url\" content=\"https:\/\/finpros.com\/vi\/may-tinh-vi-tri\/\" \/>\n<meta property=\"og:site_name\" content=\"FinPros\" \/>\n<meta property=\"article:modified_time\" content=\"2025-05-28T18:35:13+00:00\" \/>\n<meta name=\"twitter:card\" content=\"summary_large_image\" \/>\n<meta name=\"twitter:label1\" content=\"Est. reading time\" \/>\n\t<meta name=\"twitter:data1\" content=\"1 minute\" \/>\n<script type=\"application\/ld+json\" class=\"yoast-schema-graph\">{\"@context\":\"https:\/\/schema.org\",\"@graph\":[{\"@type\":\"WebPage\",\"@id\":\"https:\/\/finpros.com\/vi\/may-tinh-vi-tri\/\",\"url\":\"https:\/\/finpros.com\/vi\/may-tinh-vi-tri\/\",\"name\":\"M\u00e1y t\u00ednh v\u1ecb tr\u00ed - FinPros\",\"isPartOf\":{\"@id\":\"https:\/\/finpros.com\/#website\"},\"datePublished\":\"2025-04-16T16:55:02+00:00\",\"dateModified\":\"2025-05-28T18:35:13+00:00\",\"breadcrumb\":{\"@id\":\"https:\/\/finpros.com\/vi\/may-tinh-vi-tri\/#breadcrumb\"},\"inLanguage\":\"vi-VN\",\"potentialAction\":[{\"@type\":\"ReadAction\",\"target\":[\"https:\/\/finpros.com\/vi\/may-tinh-vi-tri\/\"]}]},{\"@type\":\"BreadcrumbList\",\"@id\":\"https:\/\/finpros.com\/vi\/may-tinh-vi-tri\/#breadcrumb\",\"itemListElement\":[{\"@type\":\"ListItem\",\"position\":1,\"name\":\"Trang ch\u1ee7\",\"item\":\"https:\/\/finpros.com\/\"},{\"@type\":\"ListItem\",\"position\":2,\"name\":\"M\u00e1y t\u00ednh v\u1ecb tr\u00ed\"}]},{\"@type\":\"WebSite\",\"@id\":\"https:\/\/finpros.com\/#website\",\"url\":\"https:\/\/finpros.com\/\",\"name\":\"FinPros\",\"description\":\"\",\"publisher\":{\"@id\":\"https:\/\/finpros.com\/#organization\"},\"potentialAction\":[{\"@type\":\"SearchAction\",\"target\":{\"@type\":\"EntryPoint\",\"urlTemplate\":\"https:\/\/finpros.com\/?s={search_term_string}\"},\"query-input\":{\"@type\":\"PropertyValueSpecification\",\"valueRequired\":true,\"valueName\":\"search_term_string\"}}],\"inLanguage\":\"vi-VN\"},{\"@type\":\"Organization\",\"@id\":\"https:\/\/finpros.com\/#organization\",\"name\":\"FinPros\",\"url\":\"https:\/\/finpros.com\/\",\"logo\":{\"@type\":\"ImageObject\",\"inLanguage\":\"vi-VN\",\"@id\":\"https:\/\/finpros.com\/#\/schema\/logo\/image\/\",\"url\":\"https:\/\/finpros.com\/wp-content\/uploads\/2025\/03\/FinPros-PNG-1.png\",\"contentUrl\":\"https:\/\/finpros.com\/wp-content\/uploads\/2025\/03\/FinPros-PNG-1.png\",\"width\":1050,\"height\":369,\"caption\":\"FinPros\"},\"image\":{\"@id\":\"https:\/\/finpros.com\/#\/schema\/logo\/image\/\"}}]}<\/script>\n<!-- \/ Yoast SEO plugin. -->","yoast_head_json":{"title":"M\u00e1y t\u00ednh v\u1ecb tr\u00ed - FinPros","robots":{"index":"index","follow":"follow","max-snippet":"max-snippet:-1","max-image-preview":"max-image-preview:large","max-video-preview":"max-video-preview:-1"},"canonical":"https:\/\/finpros.com\/vi\/may-tinh-vi-tri\/","og_locale":"vi_VN","og_type":"article","og_title":"M\u00e1y t\u00ednh v\u1ecb tr\u00ed - FinPros","og_description":"M\u00e1y t\u00ednh v\u1ecb tr\u00ed Ti\u1ebfp c\u1eadn th\u1ecb tr\u01b0\u1eddng ti\u1ec1n t\u1ec7 to\u00e0n c\u1ea7u v\u1edbi t\u1ed1c \u0111\u1ed9 th\u1ef1c hi\u1ec7n nhanh ch\u00f3ng v\u00e0 ch\u00eanh l\u1ec7ch gi\u00e1 c\u00f4ng b\u1eb1ng M\u00e1y t\u00ednh v\u1ecb tr\u00ed M\u1ed9t c\u00f4ng c\u1ee5 quan tr\u1ecdng kh\u00e1c d\u00e0nh cho c\u00e1c nh\u00e0 giao d\u1ecbch c\u00f3 kinh nghi\u1ec7m ho\u1eb7c m\u1edbi v\u00e0o ngh\u1ec1, m\u00e1y t\u00ednh n\u00e0y r\u1ea5t c\u1ea7n thi\u1ebft \u0111\u1ec3 [&hellip;]","og_url":"https:\/\/finpros.com\/vi\/may-tinh-vi-tri\/","og_site_name":"FinPros","article_modified_time":"2025-05-28T18:35:13+00:00","twitter_card":"summary_large_image","twitter_misc":{"Est. reading time":"1 minute"},"schema":{"@context":"https:\/\/schema.org","@graph":[{"@type":"WebPage","@id":"https:\/\/finpros.com\/vi\/may-tinh-vi-tri\/","url":"https:\/\/finpros.com\/vi\/may-tinh-vi-tri\/","name":"M\u00e1y t\u00ednh v\u1ecb tr\u00ed - FinPros","isPartOf":{"@id":"https:\/\/finpros.com\/#website"},"datePublished":"2025-04-16T16:55:02+00:00","dateModified":"2025-05-28T18:35:13+00:00","breadcrumb":{"@id":"https:\/\/finpros.com\/vi\/may-tinh-vi-tri\/#breadcrumb"},"inLanguage":"vi-VN","potentialAction":[{"@type":"ReadAction","target":["https:\/\/finpros.com\/vi\/may-tinh-vi-tri\/"]}]},{"@type":"BreadcrumbList","@id":"https:\/\/finpros.com\/vi\/may-tinh-vi-tri\/#breadcrumb","itemListElement":[{"@type":"ListItem","position":1,"name":"Trang ch\u1ee7","item":"https:\/\/finpros.com\/"},{"@type":"ListItem","position":2,"name":"M\u00e1y t\u00ednh v\u1ecb tr\u00ed"}]},{"@type":"WebSite","@id":"https:\/\/finpros.com\/#website","url":"https:\/\/finpros.com\/","name":"FinPros","description":"","publisher":{"@id":"https:\/\/finpros.com\/#organization"},"potentialAction":[{"@type":"SearchAction","target":{"@type":"EntryPoint","urlTemplate":"https:\/\/finpros.com\/?s={search_term_string}"},"query-input":{"@type":"PropertyValueSpecification","valueRequired":true,"valueName":"search_term_string"}}],"inLanguage":"vi-VN"},{"@type":"Organization","@id":"https:\/\/finpros.com\/#organization","name":"FinPros","url":"https:\/\/finpros.com\/","logo":{"@type":"ImageObject","inLanguage":"vi-VN","@id":"https:\/\/finpros.com\/#\/schema\/logo\/image\/","url":"https:\/\/finpros.com\/wp-content\/uploads\/2025\/03\/FinPros-PNG-1.png","contentUrl":"https:\/\/finpros.com\/wp-content\/uploads\/2025\/03\/FinPros-PNG-1.png","width":1050,"height":369,"caption":"FinPros"},"image":{"@id":"https:\/\/finpros.com\/#\/schema\/logo\/image\/"}}]}},"_links":{"self":[{"href":"https:\/\/finpros.com\/vi\/wp-json\/wp\/v2\/pages\/13312","targetHints":{"allow":["GET"]}}],"collection":[{"href":"https:\/\/finpros.com\/vi\/wp-json\/wp\/v2\/pages"}],"about":[{"href":"https:\/\/finpros.com\/vi\/wp-json\/wp\/v2\/types\/page"}],"author":[{"embeddable":true,"href":"https:\/\/finpros.com\/vi\/wp-json\/wp\/v2\/users\/1"}],"replies":[{"embeddable":true,"href":"https:\/\/finpros.com\/vi\/wp-json\/wp\/v2\/comments?post=13312"}],"version-history":[{"count":0,"href":"https:\/\/finpros.com\/vi\/wp-json\/wp\/v2\/pages\/13312\/revisions"}],"wp:attachment":[{"href":"https:\/\/finpros.com\/vi\/wp-json\/wp\/v2\/media?parent=13312"}],"curies":[{"name":"wp","href":"https:\/\/api.w.org\/{rel}","templated":true}]}}