{"id":13307,"date":"2025-04-30T08:45:16","date_gmt":"2025-04-30T08:45:16","guid":{"rendered":"https:\/\/finpros.com\/finpros-duoc-vinh-danh-voi-giai-thuong-nha-moi-gioi-cong-nghe-tai-chinh-tot-nhat\/"},"modified":"2025-05-27T14:10:28","modified_gmt":"2025-05-27T14:10:28","slug":"finpros-duoc-vinh-danh-voi-giai-thuong-nha-moi-gioi-cong-nghe-tai-chinh-tot-nhat","status":"publish","type":"page","link":"https:\/\/finpros.com\/vi\/finpros-duoc-vinh-danh-voi-giai-thuong-nha-moi-gioi-cong-nghe-tai-chinh-tot-nhat\/","title":{"rendered":"FinPros \u0111\u01b0\u1ee3c vinh danh v\u1edbi gi\u1ea3i th\u01b0\u1edfng \u201cNh\u00e0 m\u00f4i gi\u1edbi c\u00f4ng ngh\u1ec7 t\u00e0i ch\u00ednh t\u1ed1t nh\u1ea5t\u201d"},"content":{"rendered":"\t\t<div data-elementor-type=\"wp-page\" data-elementor-id=\"13307\" class=\"elementor elementor-13307 elementor-11653\" data-elementor-post-type=\"page\">\n\t\t\t\t<div class=\"elementor-element elementor-element-3ea1a5b e-flex e-con-boxed e-con e-parent\" data-id=\"3ea1a5b\" data-element_type=\"container\">\n\t\t\t\t\t<div class=\"e-con-inner\">\n\t\t<div class=\"elementor-element elementor-element-ff9ded6 e-con-full e-flex e-con e-child\" data-id=\"ff9ded6\" data-element_type=\"container\">\n\t\t\t\t<div class=\"elementor-element elementor-element-c0c4b75 elementor-widget elementor-widget-heading\" data-id=\"c0c4b75\" data-element_type=\"widget\" data-widget_type=\"heading.default\">\n\t\t\t\t<div class=\"elementor-widget-container\">\n\t\t\t\t\t<h4 class=\"elementor-heading-title elementor-size-default\">FinPros \u0111\u01b0\u1ee3c vinh danh v\u1edbi gi\u1ea3i th\u01b0\u1edfng \u201cNh\u00e0 m\u00f4i gi\u1edbi c\u00f4ng ngh\u1ec7 t\u00e0i ch\u00ednh t\u1ed1t nh\u1ea5t\u201d<\/h4>\t\t\t\t<\/div>\n\t\t\t\t<\/div>\n\t\t\t\t<div class=\"elementor-element elementor-element-55a6c7c elementor-widget elementor-widget-text-editor\" data-id=\"55a6c7c\" data-element_type=\"widget\" data-widget_type=\"text-editor.default\">\n\t\t\t\t<div class=\"elementor-widget-container\">\n\t\t\t\t\t\t\t\t\t<p>FinPros vinh d\u1ef1 \u0111\u01b0\u1ee3c vinh danh l\u00e0 \u201cNh\u00e0 m\u00f4i gi\u1edbi Fintech t\u1ed1t nh\u1ea5t\u201d t\u1ea1i Wiki Finance Expo Dubai 2024<br> Tri\u1ec3n l\u00e3m Wiki Finance Expo 2024 \u0111\u00e3 k\u1ebft th\u00fac v\u00e0o ng\u00e0y 27 th\u00e1ng 11 t\u1ea1i Millennium Plaza Downtown Hotel \u1edf Dubai, \u0111\u00e1nh d\u1ea5u m\u1ed9t th\u1eddi \u0111i\u1ec3m quan tr\u1ecdng kh\u00e1c trong b\u1ed1i c\u1ea3nh c\u00f4ng ngh\u1ec7 t\u00e0i ch\u00ednh to\u00e0n c\u1ea7u. \u0110\u01b0\u1ee3c c\u00f4ng nh\u1eadn l\u00e0 m\u1ed9t trong nh\u1eefng s\u1ef1 ki\u1ec7n t\u00e0i ch\u00ednh c\u00f3 \u1ea3nh h\u01b0\u1edfng nh\u1ea5t tr\u00ean to\u00e0n th\u1ebf gi\u1edbi, tri\u1ec3n l\u00e3m \u0111\u00e3 quy t\u1ee5 c\u00e1c t\u1ed5 ch\u1ee9c h\u00e0ng \u0111\u1ea7u, c\u00e1c nh\u00e0 \u0111\u1ed5i m\u1edbi c\u00f4ng ngh\u1ec7 t\u00e0i ch\u00ednh v\u00e0 c\u00e1c nh\u00e0 l\u00e3nh \u0111\u1ea1o t\u01b0 t\u01b0\u1edfng \u0111\u1ec3 kh\u00e1m ph\u00e1 t\u01b0\u01a1ng lai \u0111ang ph\u00e1t tri\u1ec3n c\u1ee7a giao d\u1ecbch v\u00e0 t\u00e0i ch\u00ednh k\u1ef9 thu\u1eadt s\u1ed1.<br> T\u1ea1i trung t\u00e2m c\u1ee7a bu\u1ed5i h\u1ecdp m\u1eb7t uy t\u00edn n\u00e0y, FinPros \u0111\u00e3 t\u1ef1 h\u00e0o \u0111\u01b0\u1ee3c trao danh hi\u1ec7u \u201cNh\u00e0 m\u00f4i gi\u1edbi Fintech t\u1ed1t nh\u1ea5t\u201d, m\u1ed9t s\u1ef1 c\u00f4ng nh\u1eadn quan tr\u1ecdng cho vai tr\u00f2 l\u00e0 \u0111\u01a1n v\u1ecb d\u1eabn \u0111\u1ea7u \u0111\u00e1ng tin c\u1eady trong ng\u00e0nh v\u00e0 l\u00e0 \u0111\u1ed9ng l\u1ef1c th\u00fac \u0111\u1ea9y c\u00e1c gi\u1ea3i ph\u00e1p giao d\u1ecbch th\u1ebf h\u1ec7 ti\u1ebfp theo.<br> S\u1ef1 ki\u1ec7n n\u00e0y \u0111\u00f3ng vai tr\u00f2 l\u00e0 n\u1ec1n t\u1ea3ng quan tr\u1ecdng cho s\u1ef1 h\u1ee3p t\u00e1c B2B v\u00e0 B2C, mang \u0111\u1ebfn c\u01a1 h\u1ed9i k\u1ebft n\u1ed1i, kh\u00e1m ph\u00e1 v\u00e0 quan h\u1ec7 \u0111\u1ed1i t\u00e1c chi\u1ebfn l\u01b0\u1ee3c. Tri\u1ec3n l\u00e3m n\u0103m nay nh\u1ea5n m\u1ea1nh c\u00e1ch c\u00e1c c\u00f4ng ty nh\u01b0 FinPros kh\u00f4ng ch\u1ec9 n\u1eafm b\u1eaft qu\u00e1 tr\u00ecnh chuy\u1ec3n \u0111\u1ed5i c\u00f4ng ngh\u1ec7 m\u00e0 c\u00f2n thi\u1ebft l\u1eadp c\u00e1c chu\u1ea9n m\u1ef1c m\u1edbi cho s\u1ef1 xu\u1ea5t s\u1eafc trong d\u1ecbch v\u1ee5 v\u00e0 \u0111\u1ed5i m\u1edbi.<br> Vi\u1ec7c nh\u1eadn \u0111\u01b0\u1ee3c gi\u1ea3i th\u01b0\u1edfng n\u00e0y nh\u1ea5n m\u1ea1nh cam k\u1ebft li\u00ean t\u1ee5c c\u1ee7a FinPros trong vi\u1ec7c cung c\u1ea5p c\u00e1c tr\u1ea3i nghi\u1ec7m giao d\u1ecbch ti\u00ean ti\u1ebfn, an to\u00e0n v\u00e0 t\u1eadp trung v\u00e0o kh\u00e1ch h\u00e0ng. Trong m\u1ed9t m\u00f4i tr\u01b0\u1eddng c\u1ea1nh tranh cao, FinPros ti\u1ebfp t\u1ee5c kh\u1eb3ng \u0111\u1ecbnh m\u00ecnh th\u00f4ng qua s\u1ef1 t\u1eadn t\u00e2m \u0111\u1ed5i m\u1edbi, c\u01a1 s\u1edf h\u1ea1 t\u1ea7ng giao d\u1ecbch m\u1ea1nh m\u1ebd v\u00e0 s\u1ef1 t\u1eadp trung kh\u00f4ng ng\u1eebng v\u00e0o vi\u1ec7c trao quy\u1ec1n cho c\u00e1c nh\u00e0 giao d\u1ecbch tr\u00ean to\u00e0n th\u1ebf gi\u1edbi.   <\/p>\t\t\t\t\t\t\t\t<\/div>\n\t\t\t\t<\/div>\n\t\t\t\t<\/div>\n\t\t<div class=\"elementor-element elementor-element-02c2b95 e-con-full e-flex e-con e-child\" data-id=\"02c2b95\" data-element_type=\"container\">\n\t\t\t\t<div class=\"elementor-element elementor-element-8685787 elementor-widget elementor-widget-gallery\" data-id=\"8685787\" data-element_type=\"widget\" data-settings=\"{&quot;columns&quot;:3,&quot;image_hover_animation&quot;:&quot;grow&quot;,&quot;background_overlay_hover_animation&quot;:&quot;enter-from-left&quot;,&quot;lazyload&quot;:&quot;yes&quot;,&quot;gallery_layout&quot;:&quot;grid&quot;,&quot;columns_tablet&quot;:2,&quot;columns_mobile&quot;:1,&quot;gap&quot;:{&quot;unit&quot;:&quot;px&quot;,&quot;size&quot;:10,&quot;sizes&quot;:[]},&quot;gap_tablet&quot;:{&quot;unit&quot;:&quot;px&quot;,&quot;size&quot;:10,&quot;sizes&quot;:[]},&quot;gap_mobile&quot;:{&quot;unit&quot;:&quot;px&quot;,&quot;size&quot;:10,&quot;sizes&quot;:[]},&quot;link_to&quot;:&quot;file&quot;,&quot;aspect_ratio&quot;:&quot;3:2&quot;,&quot;overlay_background&quot;:&quot;yes&quot;,&quot;content_hover_animation&quot;:&quot;fade-in&quot;}\" data-widget_type=\"gallery.default\">\n\t\t\t\t<div class=\"elementor-widget-container\">\n\t\t\t\t\t\t\t<div class=\"elementor-gallery__container\">\n\t\t\t\t\t\t\t<a class=\"e-gallery-item elementor-gallery-item elementor-animated-content\" href=\"https:\/\/finpros.com\/wp-content\/uploads\/2025\/04\/IMG_5139-scaled.webp\" data-elementor-open-lightbox=\"yes\" data-elementor-lightbox-slideshow=\"8685787\" data-elementor-lightbox-title=\"IMG_5139\" data-e-action-hash=\"#elementor-action%3Aaction%3Dlightbox%26settings%3DeyJpZCI6OTAxNSwidXJsIjoiaHR0cHM6XC9cL2ZpbnByb3MuY29tXC93cC1jb250ZW50XC91cGxvYWRzXC8yMDI1XC8wNFwvSU1HXzUxMzktc2NhbGVkLndlYnAiLCJzbGlkZXNob3ciOiI4Njg1Nzg3In0%3D\">\n\t\t\t\t\t<div class=\"e-gallery-image elementor-gallery-item__image\" data-thumbnail=\"https:\/\/finpros.com\/wp-content\/uploads\/2025\/04\/IMG_5139-225x300.webp\" data-width=\"225\" data-height=\"300\" aria-label=\"\" role=\"img\" ><\/div>\n\t\t\t\t\t\t\t\t\t\t\t<div class=\"elementor-gallery-item__overlay\"><\/div>\n\t\t\t\t\t\t\t\t\t\t\t\t\t\t<\/a>\n\t\t\t\t\t\t\t<a class=\"e-gallery-item elementor-gallery-item elementor-animated-content\" href=\"https:\/\/finpros.com\/wp-content\/uploads\/2025\/04\/IMG_5140-scaled.webp\" data-elementor-open-lightbox=\"yes\" data-elementor-lightbox-slideshow=\"8685787\" data-elementor-lightbox-title=\"IMG_5140\" data-e-action-hash=\"#elementor-action%3Aaction%3Dlightbox%26settings%3DeyJpZCI6OTAyMSwidXJsIjoiaHR0cHM6XC9cL2ZpbnByb3MuY29tXC93cC1jb250ZW50XC91cGxvYWRzXC8yMDI1XC8wNFwvSU1HXzUxNDAtc2NhbGVkLndlYnAiLCJzbGlkZXNob3ciOiI4Njg1Nzg3In0%3D\">\n\t\t\t\t\t<div class=\"e-gallery-image elementor-gallery-item__image\" data-thumbnail=\"https:\/\/finpros.com\/wp-content\/uploads\/2025\/04\/IMG_5140-225x300.webp\" data-width=\"225\" data-height=\"300\" aria-label=\"\" role=\"img\" ><\/div>\n\t\t\t\t\t\t\t\t\t\t\t<div class=\"elementor-gallery-item__overlay\"><\/div>\n\t\t\t\t\t\t\t\t\t\t\t\t\t\t<\/a>\n\t\t\t\t\t<\/div>\n\t\t\t\t\t<\/div>\n\t\t\t\t<\/div>\n\t\t\t\t<\/div>\n\t\t\t\t\t<\/div>\n\t\t\t\t<\/div>\n\t\t\t\t<\/div>\n\t\t","protected":false},"excerpt":{"rendered":"<p>FinPros \u0111\u01b0\u1ee3c vinh danh v\u1edbi gi\u1ea3i th\u01b0\u1edfng \u201cNh\u00e0 m\u00f4i gi\u1edbi c\u00f4ng ngh\u1ec7 t\u00e0i ch\u00ednh t\u1ed1t nh\u1ea5t\u201d FinPros vinh d\u1ef1 \u0111\u01b0\u1ee3c vinh danh l\u00e0 \u201cNh\u00e0 m\u00f4i gi\u1edbi Fintech t\u1ed1t nh\u1ea5t\u201d t\u1ea1i Wiki Finance Expo Dubai 2024 Tri\u1ec3n l\u00e3m Wiki Finance Expo 2024 \u0111\u00e3 k\u1ebft th\u00fac v\u00e0o ng\u00e0y 27 th\u00e1ng 11 t\u1ea1i Millennium Plaza Downtown Hotel \u1edf [&hellip;]<\/p>\n","protected":false},"author":1,"featured_media":0,"parent":0,"menu_order":0,"comment_status":"closed","ping_status":"closed","template":"tpl-default-elementor.php","meta":{"footnotes":""},"class_list":["post-13307","page","type-page","status-publish","hentry"],"yoast_head":"<!-- This site is optimized with the Yoast SEO plugin v25.0 - https:\/\/yoast.com\/wordpress\/plugins\/seo\/ -->\n<title>FinPros \u0111\u01b0\u1ee3c vinh danh v\u1edbi gi\u1ea3i th\u01b0\u1edfng \u201cNh\u00e0 m\u00f4i gi\u1edbi c\u00f4ng ngh\u1ec7 t\u00e0i ch\u00ednh t\u1ed1t nh\u1ea5t\u201d - FinPros<\/title>\n<meta name=\"robots\" content=\"index, follow, max-snippet:-1, max-image-preview:large, max-video-preview:-1\" \/>\n<link rel=\"canonical\" href=\"https:\/\/finpros.com\/vi\/finpros-duoc-vinh-danh-voi-giai-thuong-nha-moi-gioi-cong-nghe-tai-chinh-tot-nhat\/\" \/>\n<meta property=\"og:locale\" content=\"vi_VN\" \/>\n<meta property=\"og:type\" content=\"article\" \/>\n<meta property=\"og:title\" content=\"FinPros \u0111\u01b0\u1ee3c vinh danh v\u1edbi gi\u1ea3i th\u01b0\u1edfng \u201cNh\u00e0 m\u00f4i gi\u1edbi c\u00f4ng ngh\u1ec7 t\u00e0i ch\u00ednh t\u1ed1t nh\u1ea5t\u201d - FinPros\" \/>\n<meta property=\"og:description\" content=\"FinPros \u0111\u01b0\u1ee3c vinh danh v\u1edbi gi\u1ea3i th\u01b0\u1edfng \u201cNh\u00e0 m\u00f4i gi\u1edbi c\u00f4ng ngh\u1ec7 t\u00e0i ch\u00ednh t\u1ed1t nh\u1ea5t\u201d FinPros vinh d\u1ef1 \u0111\u01b0\u1ee3c vinh danh l\u00e0 \u201cNh\u00e0 m\u00f4i gi\u1edbi Fintech t\u1ed1t nh\u1ea5t\u201d t\u1ea1i Wiki Finance Expo Dubai 2024 Tri\u1ec3n l\u00e3m Wiki Finance Expo 2024 \u0111\u00e3 k\u1ebft th\u00fac v\u00e0o ng\u00e0y 27 th\u00e1ng 11 t\u1ea1i Millennium Plaza Downtown Hotel \u1edf [&hellip;]\" \/>\n<meta property=\"og:url\" content=\"https:\/\/finpros.com\/vi\/finpros-duoc-vinh-danh-voi-giai-thuong-nha-moi-gioi-cong-nghe-tai-chinh-tot-nhat\/\" \/>\n<meta property=\"og:site_name\" content=\"FinPros\" \/>\n<meta property=\"article:modified_time\" content=\"2025-05-27T14:10:28+00:00\" \/>\n<meta name=\"twitter:card\" content=\"summary_large_image\" \/>\n<meta name=\"twitter:label1\" content=\"Est. reading time\" \/>\n\t<meta name=\"twitter:data1\" content=\"2 minutes\" \/>\n<script type=\"application\/ld+json\" class=\"yoast-schema-graph\">{\"@context\":\"https:\/\/schema.org\",\"@graph\":[{\"@type\":\"WebPage\",\"@id\":\"https:\/\/finpros.com\/vi\/finpros-duoc-vinh-danh-voi-giai-thuong-nha-moi-gioi-cong-nghe-tai-chinh-tot-nhat\/\",\"url\":\"https:\/\/finpros.com\/vi\/finpros-duoc-vinh-danh-voi-giai-thuong-nha-moi-gioi-cong-nghe-tai-chinh-tot-nhat\/\",\"name\":\"FinPros \u0111\u01b0\u1ee3c vinh danh v\u1edbi gi\u1ea3i th\u01b0\u1edfng \u201cNh\u00e0 m\u00f4i gi\u1edbi c\u00f4ng ngh\u1ec7 t\u00e0i ch\u00ednh t\u1ed1t nh\u1ea5t\u201d - FinPros\",\"isPartOf\":{\"@id\":\"https:\/\/finpros.com\/#website\"},\"datePublished\":\"2025-04-30T08:45:16+00:00\",\"dateModified\":\"2025-05-27T14:10:28+00:00\",\"breadcrumb\":{\"@id\":\"https:\/\/finpros.com\/vi\/finpros-duoc-vinh-danh-voi-giai-thuong-nha-moi-gioi-cong-nghe-tai-chinh-tot-nhat\/#breadcrumb\"},\"inLanguage\":\"vi-VN\",\"potentialAction\":[{\"@type\":\"ReadAction\",\"target\":[\"https:\/\/finpros.com\/vi\/finpros-duoc-vinh-danh-voi-giai-thuong-nha-moi-gioi-cong-nghe-tai-chinh-tot-nhat\/\"]}]},{\"@type\":\"BreadcrumbList\",\"@id\":\"https:\/\/finpros.com\/vi\/finpros-duoc-vinh-danh-voi-giai-thuong-nha-moi-gioi-cong-nghe-tai-chinh-tot-nhat\/#breadcrumb\",\"itemListElement\":[{\"@type\":\"ListItem\",\"position\":1,\"name\":\"Trang ch\u1ee7\",\"item\":\"https:\/\/finpros.com\/\"},{\"@type\":\"ListItem\",\"position\":2,\"name\":\"FinPros \u0111\u01b0\u1ee3c vinh danh v\u1edbi gi\u1ea3i th\u01b0\u1edfng \u201cNh\u00e0 m\u00f4i gi\u1edbi c\u00f4ng ngh\u1ec7 t\u00e0i ch\u00ednh t\u1ed1t nh\u1ea5t\u201d\"}]},{\"@type\":\"WebSite\",\"@id\":\"https:\/\/finpros.com\/#website\",\"url\":\"https:\/\/finpros.com\/\",\"name\":\"FinPros\",\"description\":\"\",\"publisher\":{\"@id\":\"https:\/\/finpros.com\/#organization\"},\"potentialAction\":[{\"@type\":\"SearchAction\",\"target\":{\"@type\":\"EntryPoint\",\"urlTemplate\":\"https:\/\/finpros.com\/?s={search_term_string}\"},\"query-input\":{\"@type\":\"PropertyValueSpecification\",\"valueRequired\":true,\"valueName\":\"search_term_string\"}}],\"inLanguage\":\"vi-VN\"},{\"@type\":\"Organization\",\"@id\":\"https:\/\/finpros.com\/#organization\",\"name\":\"FinPros\",\"url\":\"https:\/\/finpros.com\/\",\"logo\":{\"@type\":\"ImageObject\",\"inLanguage\":\"vi-VN\",\"@id\":\"https:\/\/finpros.com\/#\/schema\/logo\/image\/\",\"url\":\"https:\/\/finpros.com\/wp-content\/uploads\/2025\/03\/FinPros-PNG-1.png\",\"contentUrl\":\"https:\/\/finpros.com\/wp-content\/uploads\/2025\/03\/FinPros-PNG-1.png\",\"width\":1050,\"height\":369,\"caption\":\"FinPros\"},\"image\":{\"@id\":\"https:\/\/finpros.com\/#\/schema\/logo\/image\/\"}}]}<\/script>\n<!-- \/ Yoast SEO plugin. -->","yoast_head_json":{"title":"FinPros \u0111\u01b0\u1ee3c vinh danh v\u1edbi gi\u1ea3i th\u01b0\u1edfng \u201cNh\u00e0 m\u00f4i gi\u1edbi c\u00f4ng ngh\u1ec7 t\u00e0i ch\u00ednh t\u1ed1t nh\u1ea5t\u201d - FinPros","robots":{"index":"index","follow":"follow","max-snippet":"max-snippet:-1","max-image-preview":"max-image-preview:large","max-video-preview":"max-video-preview:-1"},"canonical":"https:\/\/finpros.com\/vi\/finpros-duoc-vinh-danh-voi-giai-thuong-nha-moi-gioi-cong-nghe-tai-chinh-tot-nhat\/","og_locale":"vi_VN","og_type":"article","og_title":"FinPros \u0111\u01b0\u1ee3c vinh danh v\u1edbi gi\u1ea3i th\u01b0\u1edfng \u201cNh\u00e0 m\u00f4i gi\u1edbi c\u00f4ng ngh\u1ec7 t\u00e0i ch\u00ednh t\u1ed1t nh\u1ea5t\u201d - FinPros","og_description":"FinPros \u0111\u01b0\u1ee3c vinh danh v\u1edbi gi\u1ea3i th\u01b0\u1edfng \u201cNh\u00e0 m\u00f4i gi\u1edbi c\u00f4ng ngh\u1ec7 t\u00e0i ch\u00ednh t\u1ed1t nh\u1ea5t\u201d FinPros vinh d\u1ef1 \u0111\u01b0\u1ee3c vinh danh l\u00e0 \u201cNh\u00e0 m\u00f4i gi\u1edbi Fintech t\u1ed1t nh\u1ea5t\u201d t\u1ea1i Wiki Finance Expo Dubai 2024 Tri\u1ec3n l\u00e3m Wiki Finance Expo 2024 \u0111\u00e3 k\u1ebft th\u00fac v\u00e0o ng\u00e0y 27 th\u00e1ng 11 t\u1ea1i Millennium Plaza Downtown Hotel \u1edf [&hellip;]","og_url":"https:\/\/finpros.com\/vi\/finpros-duoc-vinh-danh-voi-giai-thuong-nha-moi-gioi-cong-nghe-tai-chinh-tot-nhat\/","og_site_name":"FinPros","article_modified_time":"2025-05-27T14:10:28+00:00","twitter_card":"summary_large_image","twitter_misc":{"Est. reading time":"2 minutes"},"schema":{"@context":"https:\/\/schema.org","@graph":[{"@type":"WebPage","@id":"https:\/\/finpros.com\/vi\/finpros-duoc-vinh-danh-voi-giai-thuong-nha-moi-gioi-cong-nghe-tai-chinh-tot-nhat\/","url":"https:\/\/finpros.com\/vi\/finpros-duoc-vinh-danh-voi-giai-thuong-nha-moi-gioi-cong-nghe-tai-chinh-tot-nhat\/","name":"FinPros \u0111\u01b0\u1ee3c vinh danh v\u1edbi gi\u1ea3i th\u01b0\u1edfng \u201cNh\u00e0 m\u00f4i gi\u1edbi c\u00f4ng ngh\u1ec7 t\u00e0i ch\u00ednh t\u1ed1t nh\u1ea5t\u201d - FinPros","isPartOf":{"@id":"https:\/\/finpros.com\/#website"},"datePublished":"2025-04-30T08:45:16+00:00","dateModified":"2025-05-27T14:10:28+00:00","breadcrumb":{"@id":"https:\/\/finpros.com\/vi\/finpros-duoc-vinh-danh-voi-giai-thuong-nha-moi-gioi-cong-nghe-tai-chinh-tot-nhat\/#breadcrumb"},"inLanguage":"vi-VN","potentialAction":[{"@type":"ReadAction","target":["https:\/\/finpros.com\/vi\/finpros-duoc-vinh-danh-voi-giai-thuong-nha-moi-gioi-cong-nghe-tai-chinh-tot-nhat\/"]}]},{"@type":"BreadcrumbList","@id":"https:\/\/finpros.com\/vi\/finpros-duoc-vinh-danh-voi-giai-thuong-nha-moi-gioi-cong-nghe-tai-chinh-tot-nhat\/#breadcrumb","itemListElement":[{"@type":"ListItem","position":1,"name":"Trang ch\u1ee7","item":"https:\/\/finpros.com\/"},{"@type":"ListItem","position":2,"name":"FinPros \u0111\u01b0\u1ee3c vinh danh v\u1edbi gi\u1ea3i th\u01b0\u1edfng \u201cNh\u00e0 m\u00f4i gi\u1edbi c\u00f4ng ngh\u1ec7 t\u00e0i ch\u00ednh t\u1ed1t nh\u1ea5t\u201d"}]},{"@type":"WebSite","@id":"https:\/\/finpros.com\/#website","url":"https:\/\/finpros.com\/","name":"FinPros","description":"","publisher":{"@id":"https:\/\/finpros.com\/#organization"},"potentialAction":[{"@type":"SearchAction","target":{"@type":"EntryPoint","urlTemplate":"https:\/\/finpros.com\/?s={search_term_string}"},"query-input":{"@type":"PropertyValueSpecification","valueRequired":true,"valueName":"search_term_string"}}],"inLanguage":"vi-VN"},{"@type":"Organization","@id":"https:\/\/finpros.com\/#organization","name":"FinPros","url":"https:\/\/finpros.com\/","logo":{"@type":"ImageObject","inLanguage":"vi-VN","@id":"https:\/\/finpros.com\/#\/schema\/logo\/image\/","url":"https:\/\/finpros.com\/wp-content\/uploads\/2025\/03\/FinPros-PNG-1.png","contentUrl":"https:\/\/finpros.com\/wp-content\/uploads\/2025\/03\/FinPros-PNG-1.png","width":1050,"height":369,"caption":"FinPros"},"image":{"@id":"https:\/\/finpros.com\/#\/schema\/logo\/image\/"}}]}},"_links":{"self":[{"href":"https:\/\/finpros.com\/vi\/wp-json\/wp\/v2\/pages\/13307","targetHints":{"allow":["GET"]}}],"collection":[{"href":"https:\/\/finpros.com\/vi\/wp-json\/wp\/v2\/pages"}],"about":[{"href":"https:\/\/finpros.com\/vi\/wp-json\/wp\/v2\/types\/page"}],"author":[{"embeddable":true,"href":"https:\/\/finpros.com\/vi\/wp-json\/wp\/v2\/users\/1"}],"replies":[{"embeddable":true,"href":"https:\/\/finpros.com\/vi\/wp-json\/wp\/v2\/comments?post=13307"}],"version-history":[{"count":0,"href":"https:\/\/finpros.com\/vi\/wp-json\/wp\/v2\/pages\/13307\/revisions"}],"wp:attachment":[{"href":"https:\/\/finpros.com\/vi\/wp-json\/wp\/v2\/media?parent=13307"}],"curies":[{"name":"wp","href":"https:\/\/api.w.org\/{rel}","templated":true}]}}