{"id":13305,"date":"2025-04-30T08:52:19","date_gmt":"2025-04-30T08:52:19","guid":{"rendered":"https:\/\/finpros.com\/finpros-tham-gia-wikiexpo-dubai-2024-voi-tu-cach-la-nha-tai-tro-vang\/"},"modified":"2025-05-27T14:17:26","modified_gmt":"2025-05-27T14:17:26","slug":"finpros-tham-gia-wikiexpo-dubai-2024-voi-tu-cach-la-nha-tai-tro-vang","status":"publish","type":"page","link":"https:\/\/finpros.com\/vi\/finpros-tham-gia-wikiexpo-dubai-2024-voi-tu-cach-la-nha-tai-tro-vang\/","title":{"rendered":"FinPros tham gia WikiEXPO Dubai 2024 v\u1edbi t\u01b0 c\u00e1ch l\u00e0 Nh\u00e0 t\u00e0i tr\u1ee3 V\u00e0ng"},"content":{"rendered":"\t\t<div data-elementor-type=\"wp-page\" data-elementor-id=\"13305\" class=\"elementor elementor-13305 elementor-11642\" data-elementor-post-type=\"page\">\n\t\t\t\t<div class=\"elementor-element elementor-element-3ea1a5b e-flex e-con-boxed e-con e-parent\" data-id=\"3ea1a5b\" data-element_type=\"container\">\n\t\t\t\t\t<div class=\"e-con-inner\">\n\t\t<div class=\"elementor-element elementor-element-ff9ded6 e-con-full e-flex e-con e-child\" data-id=\"ff9ded6\" data-element_type=\"container\">\n\t\t\t\t<div class=\"elementor-element elementor-element-c0c4b75 elementor-widget elementor-widget-heading\" data-id=\"c0c4b75\" data-element_type=\"widget\" data-widget_type=\"heading.default\">\n\t\t\t\t<div class=\"elementor-widget-container\">\n\t\t\t\t\t<h4 class=\"elementor-heading-title elementor-size-default\">FinPros tham gia WikiEXPO Dubai 2024 v\u1edbi t\u01b0 c\u00e1ch l\u00e0 Nh\u00e0 t\u00e0i tr\u1ee3 V\u00e0ng<\/h4>\t\t\t\t<\/div>\n\t\t\t\t<\/div>\n\t\t\t\t<div class=\"elementor-element elementor-element-8a5371f elementor-widget elementor-widget-text-editor\" data-id=\"8a5371f\" data-element_type=\"widget\" data-widget_type=\"text-editor.default\">\n\t\t\t\t<div class=\"elementor-widget-container\">\n\t\t\t\t\t\t\t\t\t<p>V\u00e0o <strong>ng\u00e0y 27 th\u00e1ng 11 n\u0103m 2024<\/strong> , <strong>FinPros t\u1ef1 h\u00e0o tham gia v\u1edbi t\u01b0 c\u00e1ch l\u00e0 Nh\u00e0 t\u00e0i tr\u1ee3 V\u00e0ng<\/strong> t\u1ea1i <strong>WikiEXPO Dubai 2024<\/strong> , m\u1ed9t s\u1ef1 ki\u1ec7n to\u00e0n c\u1ea7u h\u00e0ng \u0111\u1ea7u do <strong>WikiGlobal<\/strong> t\u1ed5 ch\u1ee9c v\u00e0 <strong>WikiFX<\/strong> \u0111\u1ed3ng t\u1ed5 ch\u1ee9c. \u0110\u01b0\u1ee3c t\u1ed5 ch\u1ee9c theo ch\u1ee7 \u0111\u1ec1 <strong>\u201cNh\u00ecn th\u1ea5y s\u1ef1 \u0111a d\u1ea1ng, giao d\u1ecbch an to\u00e0n\u201d,<\/strong> tri\u1ec3n l\u00e3m \u0111\u00e3 quy t\u1ee5 h\u00e0ng ngh\u00ecn chuy\u00ean gia trong ng\u00e0nh \u0111\u1ec3 kh\u00e1m ph\u00e1 t\u01b0\u01a1ng lai c\u1ee7a c\u00f4ng ngh\u1ec7 t\u00e0i ch\u00ednh v\u00e0 t\u00e0i ch\u00ednh to\u00e0n c\u1ea7u. <\/p><p>S\u1ef1 ki\u1ec7n thu h\u00fat <strong>h\u01a1n 6.000 ng\u01b0\u1eddi tham d\u1ef1<\/strong> , bao g\u1ed3m g\u1ea7n <strong>100 di\u1ec5n gi\u1ea3 n\u1ed5i ti\u1ebfng v\u00e0 l\u00e3nh \u0111\u1ea1o ng\u00e0nh<\/strong> , khi\u1ebfn \u0111\u00e2y tr\u1edf th\u00e0nh m\u1ed9t trong nh\u1eefng cu\u1ed9c t\u1ee5 h\u1ecdp l\u1edbn nh\u1ea5t v\u00e0 c\u00f3 \u1ea3nh h\u01b0\u1edfng nh\u1ea5t trong l\u0129nh v\u1ef1c t\u00e0i ch\u00ednh n\u0103m nay.<\/p><p>V\u1edbi t\u01b0 c\u00e1ch l\u00e0 Nh\u00e0 t\u00e0i tr\u1ee3 V\u00e0ng, <strong>FinPros \u0111\u00e3 tr\u1edf th\u00e0nh t\u00e2m \u0111i\u1ec3m<\/strong> , gi\u1edbi thi\u1ec7u c\u00e1c gi\u1ea3i ph\u00e1p giao d\u1ecbch ti\u00ean ti\u1ebfn, c\u00e1c d\u1ecbch v\u1ee5 n\u1ec1n t\u1ea3ng ti\u00ean ti\u1ebfn v\u00e0 cam k\u1ebft v\u1ec1 m\u00f4i tr\u01b0\u1eddng giao d\u1ecbch an to\u00e0n, minh b\u1ea1ch. Nh\u00f3m c\u1ee7a ch\u00fang t\u00f4i \u0111\u00e3 h\u1ee3p t\u00e1c v\u1edbi c\u00e1c \u0111\u1ed1i t\u00e1c to\u00e0n c\u1ea7u, c\u00e1c nh\u00e0 \u0111\u1ed5i m\u1edbi c\u00f4ng ngh\u1ec7 t\u00e0i ch\u00ednh v\u00e0 c\u00e1c nh\u00e0 giao d\u1ecbch\u2014nu\u00f4i d\u01b0\u1ee1ng c\u00e1c k\u1ebft n\u1ed1i m\u1edbi v\u00e0 chia s\u1ebb hi\u1ec3u bi\u1ebft v\u1ec1 vi\u1ec7c \u0111i\u1ec1u h\u01b0\u1edbng b\u1ed1i c\u1ea3nh t\u00e0i ch\u00ednh \u0111ang thay \u0111\u1ed5i nhanh ch\u00f3ng. <\/p><p>Vi\u1ec7c tham gia WikiEXPO c\u1ee7ng c\u1ed1 cam k\u1ebft c\u1ee7a FinPros trong vi\u1ec7c \u0111i \u0111\u1ea7u trong \u0111\u1ed5i m\u1edbi c\u00f4ng ngh\u1ec7 t\u00e0i ch\u00ednh, qu\u1ea3n l\u00fd v\u00e0 c\u00e1c gi\u1ea3i ph\u00e1p h\u01b0\u1edbng \u0111\u1ebfn kh\u00e1ch h\u00e0ng.<\/p>\t\t\t\t\t\t\t\t<\/div>\n\t\t\t\t<\/div>\n\t\t\t\t<\/div>\n\t\t<div class=\"elementor-element elementor-element-29be501 e-con-full e-flex e-con e-child\" data-id=\"29be501\" data-element_type=\"container\">\n\t\t\t\t<div class=\"elementor-element elementor-element-ba2bacc elementor-widget elementor-widget-gallery\" data-id=\"ba2bacc\" data-element_type=\"widget\" data-settings=\"{&quot;columns&quot;:3,&quot;image_hover_animation&quot;:&quot;grow&quot;,&quot;background_overlay_hover_animation&quot;:&quot;enter-from-left&quot;,&quot;lazyload&quot;:&quot;yes&quot;,&quot;gallery_layout&quot;:&quot;grid&quot;,&quot;columns_tablet&quot;:2,&quot;columns_mobile&quot;:1,&quot;gap&quot;:{&quot;unit&quot;:&quot;px&quot;,&quot;size&quot;:10,&quot;sizes&quot;:[]},&quot;gap_tablet&quot;:{&quot;unit&quot;:&quot;px&quot;,&quot;size&quot;:10,&quot;sizes&quot;:[]},&quot;gap_mobile&quot;:{&quot;unit&quot;:&quot;px&quot;,&quot;size&quot;:10,&quot;sizes&quot;:[]},&quot;link_to&quot;:&quot;file&quot;,&quot;aspect_ratio&quot;:&quot;3:2&quot;,&quot;overlay_background&quot;:&quot;yes&quot;,&quot;content_hover_animation&quot;:&quot;fade-in&quot;}\" data-widget_type=\"gallery.default\">\n\t\t\t\t<div class=\"elementor-widget-container\">\n\t\t\t\t\t\t\t<div class=\"elementor-gallery__container\">\n\t\t\t\t\t\t\t<a class=\"e-gallery-item elementor-gallery-item elementor-animated-content\" href=\"https:\/\/finpros.com\/wp-content\/uploads\/2025\/04\/IMG_5137-scaled.webp\" data-elementor-open-lightbox=\"yes\" data-elementor-lightbox-slideshow=\"ba2bacc\" data-elementor-lightbox-title=\"IMG_5137\" data-e-action-hash=\"#elementor-action%3Aaction%3Dlightbox%26settings%3DeyJpZCI6ODk2OSwidXJsIjoiaHR0cHM6XC9cL2ZpbnByb3MuY29tXC93cC1jb250ZW50XC91cGxvYWRzXC8yMDI1XC8wNFwvSU1HXzUxMzctc2NhbGVkLndlYnAiLCJzbGlkZXNob3ciOiJiYTJiYWNjIn0%3D\">\n\t\t\t\t\t<div class=\"e-gallery-image elementor-gallery-item__image\" data-thumbnail=\"https:\/\/finpros.com\/wp-content\/uploads\/2025\/04\/IMG_5137-225x300.webp\" data-width=\"225\" data-height=\"300\" aria-label=\"\" role=\"img\" ><\/div>\n\t\t\t\t\t\t\t\t\t\t\t<div class=\"elementor-gallery-item__overlay\"><\/div>\n\t\t\t\t\t\t\t\t\t\t\t\t\t\t<\/a>\n\t\t\t\t\t\t\t<a class=\"e-gallery-item elementor-gallery-item elementor-animated-content\" href=\"https:\/\/finpros.com\/wp-content\/uploads\/2025\/04\/IMG_5153.jpg\" data-elementor-open-lightbox=\"yes\" data-elementor-lightbox-slideshow=\"ba2bacc\" data-elementor-lightbox-title=\"IMG_5153\" data-e-action-hash=\"#elementor-action%3Aaction%3Dlightbox%26settings%3DeyJpZCI6ODg4MSwidXJsIjoiaHR0cHM6XC9cL2ZpbnByb3MuY29tXC93cC1jb250ZW50XC91cGxvYWRzXC8yMDI1XC8wNFwvSU1HXzUxNTMuanBnIiwic2xpZGVzaG93IjoiYmEyYmFjYyJ9\">\n\t\t\t\t\t<div class=\"e-gallery-image elementor-gallery-item__image\" data-thumbnail=\"https:\/\/finpros.com\/wp-content\/uploads\/2025\/04\/IMG_5153-225x300.jpg\" data-width=\"225\" data-height=\"300\" aria-label=\"\" role=\"img\" ><\/div>\n\t\t\t\t\t\t\t\t\t\t\t<div class=\"elementor-gallery-item__overlay\"><\/div>\n\t\t\t\t\t\t\t\t\t\t\t\t\t\t<\/a>\n\t\t\t\t\t\t\t<a class=\"e-gallery-item elementor-gallery-item elementor-animated-content\" href=\"https:\/\/finpros.com\/wp-content\/uploads\/2025\/04\/IMG_E5114-scaled.webp\" data-elementor-open-lightbox=\"yes\" data-elementor-lightbox-slideshow=\"ba2bacc\" data-elementor-lightbox-title=\"IMG_E5114\" data-e-action-hash=\"#elementor-action%3Aaction%3Dlightbox%26settings%3DeyJpZCI6ODk1MSwidXJsIjoiaHR0cHM6XC9cL2ZpbnByb3MuY29tXC93cC1jb250ZW50XC91cGxvYWRzXC8yMDI1XC8wNFwvSU1HX0U1MTE0LXNjYWxlZC53ZWJwIiwic2xpZGVzaG93IjoiYmEyYmFjYyJ9\">\n\t\t\t\t\t<div class=\"e-gallery-image elementor-gallery-item__image\" data-thumbnail=\"https:\/\/finpros.com\/wp-content\/uploads\/2025\/04\/IMG_E5114-300x225.webp\" data-width=\"300\" data-height=\"225\" aria-label=\"\" role=\"img\" ><\/div>\n\t\t\t\t\t\t\t\t\t\t\t<div class=\"elementor-gallery-item__overlay\"><\/div>\n\t\t\t\t\t\t\t\t\t\t\t\t\t\t<\/a>\n\t\t\t\t\t\t\t<a class=\"e-gallery-item elementor-gallery-item elementor-animated-content\" href=\"https:\/\/finpros.com\/wp-content\/uploads\/2025\/04\/IMG_4970-scaled.webp\" data-elementor-open-lightbox=\"yes\" data-elementor-lightbox-slideshow=\"ba2bacc\" data-elementor-lightbox-title=\"IMG_4970\" data-e-action-hash=\"#elementor-action%3Aaction%3Dlightbox%26settings%3DeyJpZCI6ODk2MywidXJsIjoiaHR0cHM6XC9cL2ZpbnByb3MuY29tXC93cC1jb250ZW50XC91cGxvYWRzXC8yMDI1XC8wNFwvSU1HXzQ5NzAtc2NhbGVkLndlYnAiLCJzbGlkZXNob3ciOiJiYTJiYWNjIn0%3D\">\n\t\t\t\t\t<div class=\"e-gallery-image elementor-gallery-item__image\" data-thumbnail=\"https:\/\/finpros.com\/wp-content\/uploads\/2025\/04\/IMG_4970-300x225.webp\" data-width=\"300\" data-height=\"225\" aria-label=\"\" role=\"img\" ><\/div>\n\t\t\t\t\t\t\t\t\t\t\t<div class=\"elementor-gallery-item__overlay\"><\/div>\n\t\t\t\t\t\t\t\t\t\t\t\t\t\t<\/a>\n\t\t\t\t\t\t\t<a class=\"e-gallery-item elementor-gallery-item elementor-animated-content\" href=\"https:\/\/finpros.com\/wp-content\/uploads\/2025\/04\/IMG_E5118-scaled.webp\" data-elementor-open-lightbox=\"yes\" data-elementor-lightbox-slideshow=\"ba2bacc\" data-elementor-lightbox-title=\"IMG_E5118\" data-e-action-hash=\"#elementor-action%3Aaction%3Dlightbox%26settings%3DeyJpZCI6ODk1NywidXJsIjoiaHR0cHM6XC9cL2ZpbnByb3MuY29tXC93cC1jb250ZW50XC91cGxvYWRzXC8yMDI1XC8wNFwvSU1HX0U1MTE4LXNjYWxlZC53ZWJwIiwic2xpZGVzaG93IjoiYmEyYmFjYyJ9\">\n\t\t\t\t\t<div class=\"e-gallery-image elementor-gallery-item__image\" data-thumbnail=\"https:\/\/finpros.com\/wp-content\/uploads\/2025\/04\/IMG_E5118-300x225.webp\" data-width=\"300\" data-height=\"225\" aria-label=\"\" role=\"img\" ><\/div>\n\t\t\t\t\t\t\t\t\t\t\t<div class=\"elementor-gallery-item__overlay\"><\/div>\n\t\t\t\t\t\t\t\t\t\t\t\t\t\t<\/a>\n\t\t\t\t\t\t\t<a class=\"e-gallery-item elementor-gallery-item elementor-animated-content\" href=\"https:\/\/finpros.com\/wp-content\/uploads\/2025\/04\/IMG_E4995-scaled.webp\" data-elementor-open-lightbox=\"yes\" data-elementor-lightbox-slideshow=\"ba2bacc\" data-elementor-lightbox-title=\"IMG_E4995\" data-e-action-hash=\"#elementor-action%3Aaction%3Dlightbox%26settings%3DeyJpZCI6ODk0NSwidXJsIjoiaHR0cHM6XC9cL2ZpbnByb3MuY29tXC93cC1jb250ZW50XC91cGxvYWRzXC8yMDI1XC8wNFwvSU1HX0U0OTk1LXNjYWxlZC53ZWJwIiwic2xpZGVzaG93IjoiYmEyYmFjYyJ9\">\n\t\t\t\t\t<div class=\"e-gallery-image elementor-gallery-item__image\" data-thumbnail=\"https:\/\/finpros.com\/wp-content\/uploads\/2025\/04\/IMG_E4995-300x225.webp\" data-width=\"300\" data-height=\"225\" aria-label=\"\" role=\"img\" ><\/div>\n\t\t\t\t\t\t\t\t\t\t\t<div class=\"elementor-gallery-item__overlay\"><\/div>\n\t\t\t\t\t\t\t\t\t\t\t\t\t\t<\/a>\n\t\t\t\t\t<\/div>\n\t\t\t\t\t<\/div>\n\t\t\t\t<\/div>\n\t\t\t\t<\/div>\n\t\t\t\t\t<\/div>\n\t\t\t\t<\/div>\n\t\t\t\t<\/div>\n\t\t","protected":false},"excerpt":{"rendered":"<p>FinPros tham gia WikiEXPO Dubai 2024 v\u1edbi t\u01b0 c\u00e1ch l\u00e0 Nh\u00e0 t\u00e0i tr\u1ee3 V\u00e0ng V\u00e0o ng\u00e0y 27 th\u00e1ng 11 n\u0103m 2024 , FinPros t\u1ef1 h\u00e0o tham gia v\u1edbi t\u01b0 c\u00e1ch l\u00e0 Nh\u00e0 t\u00e0i tr\u1ee3 V\u00e0ng t\u1ea1i WikiEXPO Dubai 2024 , m\u1ed9t s\u1ef1 ki\u1ec7n to\u00e0n c\u1ea7u h\u00e0ng \u0111\u1ea7u do WikiGlobal t\u1ed5 ch\u1ee9c v\u00e0 WikiFX \u0111\u1ed3ng t\u1ed5 [&hellip;]<\/p>\n","protected":false},"author":1,"featured_media":0,"parent":0,"menu_order":0,"comment_status":"closed","ping_status":"closed","template":"tpl-default-elementor.php","meta":{"footnotes":""},"class_list":["post-13305","page","type-page","status-publish","hentry"],"yoast_head":"<!-- This site is optimized with the Yoast SEO plugin v25.0 - https:\/\/yoast.com\/wordpress\/plugins\/seo\/ -->\n<title>FinPros tham gia WikiEXPO Dubai 2024 v\u1edbi t\u01b0 c\u00e1ch l\u00e0 Nh\u00e0 t\u00e0i tr\u1ee3 V\u00e0ng - FinPros<\/title>\n<meta name=\"robots\" content=\"index, follow, max-snippet:-1, max-image-preview:large, max-video-preview:-1\" \/>\n<link rel=\"canonical\" href=\"https:\/\/finpros.com\/vi\/finpros-tham-gia-wikiexpo-dubai-2024-voi-tu-cach-la-nha-tai-tro-vang\/\" \/>\n<meta property=\"og:locale\" content=\"vi_VN\" \/>\n<meta property=\"og:type\" content=\"article\" \/>\n<meta property=\"og:title\" content=\"FinPros tham gia WikiEXPO Dubai 2024 v\u1edbi t\u01b0 c\u00e1ch l\u00e0 Nh\u00e0 t\u00e0i tr\u1ee3 V\u00e0ng - FinPros\" \/>\n<meta property=\"og:description\" content=\"FinPros tham gia WikiEXPO Dubai 2024 v\u1edbi t\u01b0 c\u00e1ch l\u00e0 Nh\u00e0 t\u00e0i tr\u1ee3 V\u00e0ng V\u00e0o ng\u00e0y 27 th\u00e1ng 11 n\u0103m 2024 , FinPros t\u1ef1 h\u00e0o tham gia v\u1edbi t\u01b0 c\u00e1ch l\u00e0 Nh\u00e0 t\u00e0i tr\u1ee3 V\u00e0ng t\u1ea1i WikiEXPO Dubai 2024 , m\u1ed9t s\u1ef1 ki\u1ec7n to\u00e0n c\u1ea7u h\u00e0ng \u0111\u1ea7u do WikiGlobal t\u1ed5 ch\u1ee9c v\u00e0 WikiFX \u0111\u1ed3ng t\u1ed5 [&hellip;]\" \/>\n<meta property=\"og:url\" content=\"https:\/\/finpros.com\/vi\/finpros-tham-gia-wikiexpo-dubai-2024-voi-tu-cach-la-nha-tai-tro-vang\/\" \/>\n<meta property=\"og:site_name\" content=\"FinPros\" \/>\n<meta property=\"article:modified_time\" content=\"2025-05-27T14:17:26+00:00\" \/>\n<meta name=\"twitter:card\" content=\"summary_large_image\" \/>\n<meta name=\"twitter:label1\" content=\"Est. reading time\" \/>\n\t<meta name=\"twitter:data1\" content=\"2 minutes\" \/>\n<script type=\"application\/ld+json\" class=\"yoast-schema-graph\">{\"@context\":\"https:\/\/schema.org\",\"@graph\":[{\"@type\":\"WebPage\",\"@id\":\"https:\/\/finpros.com\/vi\/finpros-tham-gia-wikiexpo-dubai-2024-voi-tu-cach-la-nha-tai-tro-vang\/\",\"url\":\"https:\/\/finpros.com\/vi\/finpros-tham-gia-wikiexpo-dubai-2024-voi-tu-cach-la-nha-tai-tro-vang\/\",\"name\":\"FinPros tham gia WikiEXPO Dubai 2024 v\u1edbi t\u01b0 c\u00e1ch l\u00e0 Nh\u00e0 t\u00e0i tr\u1ee3 V\u00e0ng - FinPros\",\"isPartOf\":{\"@id\":\"https:\/\/finpros.com\/#website\"},\"datePublished\":\"2025-04-30T08:52:19+00:00\",\"dateModified\":\"2025-05-27T14:17:26+00:00\",\"breadcrumb\":{\"@id\":\"https:\/\/finpros.com\/vi\/finpros-tham-gia-wikiexpo-dubai-2024-voi-tu-cach-la-nha-tai-tro-vang\/#breadcrumb\"},\"inLanguage\":\"vi-VN\",\"potentialAction\":[{\"@type\":\"ReadAction\",\"target\":[\"https:\/\/finpros.com\/vi\/finpros-tham-gia-wikiexpo-dubai-2024-voi-tu-cach-la-nha-tai-tro-vang\/\"]}]},{\"@type\":\"BreadcrumbList\",\"@id\":\"https:\/\/finpros.com\/vi\/finpros-tham-gia-wikiexpo-dubai-2024-voi-tu-cach-la-nha-tai-tro-vang\/#breadcrumb\",\"itemListElement\":[{\"@type\":\"ListItem\",\"position\":1,\"name\":\"Trang ch\u1ee7\",\"item\":\"https:\/\/finpros.com\/\"},{\"@type\":\"ListItem\",\"position\":2,\"name\":\"FinPros tham gia WikiEXPO Dubai 2024 v\u1edbi t\u01b0 c\u00e1ch l\u00e0 Nh\u00e0 t\u00e0i tr\u1ee3 V\u00e0ng\"}]},{\"@type\":\"WebSite\",\"@id\":\"https:\/\/finpros.com\/#website\",\"url\":\"https:\/\/finpros.com\/\",\"name\":\"FinPros\",\"description\":\"\",\"publisher\":{\"@id\":\"https:\/\/finpros.com\/#organization\"},\"potentialAction\":[{\"@type\":\"SearchAction\",\"target\":{\"@type\":\"EntryPoint\",\"urlTemplate\":\"https:\/\/finpros.com\/?s={search_term_string}\"},\"query-input\":{\"@type\":\"PropertyValueSpecification\",\"valueRequired\":true,\"valueName\":\"search_term_string\"}}],\"inLanguage\":\"vi-VN\"},{\"@type\":\"Organization\",\"@id\":\"https:\/\/finpros.com\/#organization\",\"name\":\"FinPros\",\"url\":\"https:\/\/finpros.com\/\",\"logo\":{\"@type\":\"ImageObject\",\"inLanguage\":\"vi-VN\",\"@id\":\"https:\/\/finpros.com\/#\/schema\/logo\/image\/\",\"url\":\"https:\/\/finpros.com\/wp-content\/uploads\/2025\/03\/FinPros-PNG-1.png\",\"contentUrl\":\"https:\/\/finpros.com\/wp-content\/uploads\/2025\/03\/FinPros-PNG-1.png\",\"width\":1050,\"height\":369,\"caption\":\"FinPros\"},\"image\":{\"@id\":\"https:\/\/finpros.com\/#\/schema\/logo\/image\/\"}}]}<\/script>\n<!-- \/ Yoast SEO plugin. -->","yoast_head_json":{"title":"FinPros tham gia WikiEXPO Dubai 2024 v\u1edbi t\u01b0 c\u00e1ch l\u00e0 Nh\u00e0 t\u00e0i tr\u1ee3 V\u00e0ng - FinPros","robots":{"index":"index","follow":"follow","max-snippet":"max-snippet:-1","max-image-preview":"max-image-preview:large","max-video-preview":"max-video-preview:-1"},"canonical":"https:\/\/finpros.com\/vi\/finpros-tham-gia-wikiexpo-dubai-2024-voi-tu-cach-la-nha-tai-tro-vang\/","og_locale":"vi_VN","og_type":"article","og_title":"FinPros tham gia WikiEXPO Dubai 2024 v\u1edbi t\u01b0 c\u00e1ch l\u00e0 Nh\u00e0 t\u00e0i tr\u1ee3 V\u00e0ng - FinPros","og_description":"FinPros tham gia WikiEXPO Dubai 2024 v\u1edbi t\u01b0 c\u00e1ch l\u00e0 Nh\u00e0 t\u00e0i tr\u1ee3 V\u00e0ng V\u00e0o ng\u00e0y 27 th\u00e1ng 11 n\u0103m 2024 , FinPros t\u1ef1 h\u00e0o tham gia v\u1edbi t\u01b0 c\u00e1ch l\u00e0 Nh\u00e0 t\u00e0i tr\u1ee3 V\u00e0ng t\u1ea1i WikiEXPO Dubai 2024 , m\u1ed9t s\u1ef1 ki\u1ec7n to\u00e0n c\u1ea7u h\u00e0ng \u0111\u1ea7u do WikiGlobal t\u1ed5 ch\u1ee9c v\u00e0 WikiFX \u0111\u1ed3ng t\u1ed5 [&hellip;]","og_url":"https:\/\/finpros.com\/vi\/finpros-tham-gia-wikiexpo-dubai-2024-voi-tu-cach-la-nha-tai-tro-vang\/","og_site_name":"FinPros","article_modified_time":"2025-05-27T14:17:26+00:00","twitter_card":"summary_large_image","twitter_misc":{"Est. reading time":"2 minutes"},"schema":{"@context":"https:\/\/schema.org","@graph":[{"@type":"WebPage","@id":"https:\/\/finpros.com\/vi\/finpros-tham-gia-wikiexpo-dubai-2024-voi-tu-cach-la-nha-tai-tro-vang\/","url":"https:\/\/finpros.com\/vi\/finpros-tham-gia-wikiexpo-dubai-2024-voi-tu-cach-la-nha-tai-tro-vang\/","name":"FinPros tham gia WikiEXPO Dubai 2024 v\u1edbi t\u01b0 c\u00e1ch l\u00e0 Nh\u00e0 t\u00e0i tr\u1ee3 V\u00e0ng - FinPros","isPartOf":{"@id":"https:\/\/finpros.com\/#website"},"datePublished":"2025-04-30T08:52:19+00:00","dateModified":"2025-05-27T14:17:26+00:00","breadcrumb":{"@id":"https:\/\/finpros.com\/vi\/finpros-tham-gia-wikiexpo-dubai-2024-voi-tu-cach-la-nha-tai-tro-vang\/#breadcrumb"},"inLanguage":"vi-VN","potentialAction":[{"@type":"ReadAction","target":["https:\/\/finpros.com\/vi\/finpros-tham-gia-wikiexpo-dubai-2024-voi-tu-cach-la-nha-tai-tro-vang\/"]}]},{"@type":"BreadcrumbList","@id":"https:\/\/finpros.com\/vi\/finpros-tham-gia-wikiexpo-dubai-2024-voi-tu-cach-la-nha-tai-tro-vang\/#breadcrumb","itemListElement":[{"@type":"ListItem","position":1,"name":"Trang ch\u1ee7","item":"https:\/\/finpros.com\/"},{"@type":"ListItem","position":2,"name":"FinPros tham gia WikiEXPO Dubai 2024 v\u1edbi t\u01b0 c\u00e1ch l\u00e0 Nh\u00e0 t\u00e0i tr\u1ee3 V\u00e0ng"}]},{"@type":"WebSite","@id":"https:\/\/finpros.com\/#website","url":"https:\/\/finpros.com\/","name":"FinPros","description":"","publisher":{"@id":"https:\/\/finpros.com\/#organization"},"potentialAction":[{"@type":"SearchAction","target":{"@type":"EntryPoint","urlTemplate":"https:\/\/finpros.com\/?s={search_term_string}"},"query-input":{"@type":"PropertyValueSpecification","valueRequired":true,"valueName":"search_term_string"}}],"inLanguage":"vi-VN"},{"@type":"Organization","@id":"https:\/\/finpros.com\/#organization","name":"FinPros","url":"https:\/\/finpros.com\/","logo":{"@type":"ImageObject","inLanguage":"vi-VN","@id":"https:\/\/finpros.com\/#\/schema\/logo\/image\/","url":"https:\/\/finpros.com\/wp-content\/uploads\/2025\/03\/FinPros-PNG-1.png","contentUrl":"https:\/\/finpros.com\/wp-content\/uploads\/2025\/03\/FinPros-PNG-1.png","width":1050,"height":369,"caption":"FinPros"},"image":{"@id":"https:\/\/finpros.com\/#\/schema\/logo\/image\/"}}]}},"_links":{"self":[{"href":"https:\/\/finpros.com\/vi\/wp-json\/wp\/v2\/pages\/13305","targetHints":{"allow":["GET"]}}],"collection":[{"href":"https:\/\/finpros.com\/vi\/wp-json\/wp\/v2\/pages"}],"about":[{"href":"https:\/\/finpros.com\/vi\/wp-json\/wp\/v2\/types\/page"}],"author":[{"embeddable":true,"href":"https:\/\/finpros.com\/vi\/wp-json\/wp\/v2\/users\/1"}],"replies":[{"embeddable":true,"href":"https:\/\/finpros.com\/vi\/wp-json\/wp\/v2\/comments?post=13305"}],"version-history":[{"count":0,"href":"https:\/\/finpros.com\/vi\/wp-json\/wp\/v2\/pages\/13305\/revisions"}],"wp:attachment":[{"href":"https:\/\/finpros.com\/vi\/wp-json\/wp\/v2\/media?parent=13305"}],"curies":[{"name":"wp","href":"https:\/\/api.w.org\/{rel}","templated":true}]}}