{"id":13304,"date":"2025-04-30T08:50:04","date_gmt":"2025-04-30T08:50:04","guid":{"rendered":"https:\/\/finpros.com\/finpros-gianh-giai-thuong-doanh-nghiep-to-chuc-tot-nhat-tai-trien-lam-tai-chinh-quoc-te-finexpo-hong-kong\/"},"modified":"2025-05-27T14:18:16","modified_gmt":"2025-05-27T14:18:16","slug":"finpros-gianh-giai-thuong-doanh-nghiep-to-chuc-tot-nhat-tai-trien-lam-tai-chinh-quoc-te-finexpo-hong-kong","status":"publish","type":"page","link":"https:\/\/finpros.com\/vi\/finpros-gianh-giai-thuong-doanh-nghiep-to-chuc-tot-nhat-tai-trien-lam-tai-chinh-quoc-te-finexpo-hong-kong\/","title":{"rendered":"FinPros gi\u00e0nh gi\u1ea3i th\u01b0\u1edfng \u201cDoanh nghi\u1ec7p t\u1ed5 ch\u1ee9c t\u1ed1t nh\u1ea5t\u201d t\u1ea1i Tri\u1ec3n l\u00e3m t\u00e0i ch\u00ednh qu\u1ed1c t\u1ebf FINEXPO \u2013 H\u1ed3ng K\u00f4ng"},"content":{"rendered":"\t\t<div data-elementor-type=\"wp-page\" data-elementor-id=\"13304\" class=\"elementor elementor-13304 elementor-11646\" data-elementor-post-type=\"page\">\n\t\t\t\t<div class=\"elementor-element elementor-element-3ea1a5b e-flex e-con-boxed e-con e-parent\" data-id=\"3ea1a5b\" data-element_type=\"container\">\n\t\t\t\t\t<div class=\"e-con-inner\">\n\t\t<div class=\"elementor-element elementor-element-ff9ded6 e-con-full e-flex e-con e-child\" data-id=\"ff9ded6\" data-element_type=\"container\">\n\t\t\t\t<div class=\"elementor-element elementor-element-c0c4b75 elementor-widget elementor-widget-heading\" data-id=\"c0c4b75\" data-element_type=\"widget\" data-widget_type=\"heading.default\">\n\t\t\t\t<div class=\"elementor-widget-container\">\n\t\t\t\t\t<h4 class=\"elementor-heading-title elementor-size-default\">FinPros gi\u00e0nh gi\u1ea3i th\u01b0\u1edfng \u201cDoanh nghi\u1ec7p t\u1ed5 ch\u1ee9c t\u1ed1t nh\u1ea5t\u201d t\u1ea1i Tri\u1ec3n l\u00e3m t\u00e0i ch\u00ednh qu\u1ed1c t\u1ebf FINEXPO \u2013 H\u1ed3ng K\u00f4ng<\/h4>\t\t\t\t<\/div>\n\t\t\t\t<\/div>\n\t\t\t\t<div class=\"elementor-element elementor-element-18be892 elementor-widget elementor-widget-text-editor\" data-id=\"18be892\" data-element_type=\"widget\" data-widget_type=\"text-editor.default\">\n\t\t\t\t<div class=\"elementor-widget-container\">\n\t\t\t\t\t\t\t\t\t<p><strong>FinPros<\/strong> t\u1ef1 h\u00e0o th\u00f4ng b\u00e1o r\u1eb1ng c\u00f4ng ty \u0111\u00e3 \u0111\u01b0\u1ee3c trao danh hi\u1ec7u danh gi\u00e1 <strong>\u201cDoanh nghi\u1ec7p t\u1ed5 ch\u1ee9c t\u1ed1t nh\u1ea5t\u201d<\/strong> t\u1ea1i <strong>Tri\u1ec3n l\u00e3m t\u00e0i ch\u00ednh qu\u1ed1c t\u1ebf FINEXPO<\/strong> \u0111\u01b0\u1ee3c t\u1ed5 ch\u1ee9c t\u1ea1i <strong>H\u1ed3ng K\u00f4ng<\/strong> , c\u1ee7ng c\u1ed1 th\u00eam v\u1ecb th\u1ebf l\u00e0 m\u1ed9t th\u1ebf l\u1ef1c h\u00e0ng \u0111\u1ea7u trong ng\u00e0nh d\u1ecbch v\u1ee5 t\u00e0i ch\u00ednh to\u00e0n c\u1ea7u.<\/p><p>S\u1ef1 ki\u1ec7n n\u00e0y quy t\u1ee5 c\u00e1c chuy\u00ean gia t\u00e0i ch\u00ednh, nh\u00e0 \u0111\u1ed5i m\u1edbi c\u00f4ng ngh\u1ec7 t\u00e0i ch\u00ednh v\u00e0 c\u00e1c nh\u00e0 l\u00e3nh \u0111\u1ea1o t\u1ed5 ch\u1ee9c t\u1eeb kh\u1eafp n\u01a1i tr\u00ean th\u1ebf gi\u1edbi \u0111\u1ec3 th\u1ea3o lu\u1eadn v\u1ec1 c\u00e1c xu h\u01b0\u1edbng v\u00e0 gi\u1ea3i ph\u00e1p m\u1edbi nh\u1ea5t \u0111\u1ecbnh h\u00ecnh t\u01b0\u01a1ng lai c\u1ee7a t\u00e0i ch\u00ednh. L\u00e0 m\u1ed9t trong nh\u1eefng tri\u1ec3n l\u00e3m \u0111\u01b0\u1ee3c k\u00ednh tr\u1ecdng nh\u1ea5t trong ng\u00e0nh, FINEXPO \u0111\u00f3ng vai tr\u00f2 l\u00e0 trung t\u00e2m k\u1ebft n\u1ed1i m\u1ea1ng, \u0111\u1ed5i m\u1edbi v\u00e0 hi\u1ec3u bi\u1ebft chi\u1ebfn l\u01b0\u1ee3c c\u1ea5p cao. <\/p><p>Gi\u1ea3i th\u01b0\u1edfng <strong>Doanh nghi\u1ec7p t\u1ed5 ch\u1ee9c t\u1ed1t nh\u1ea5t<\/strong> n\u00eau b\u1eadt <strong>cam k\u1ebft c\u1ee7a FinPros trong vi\u1ec7c cung c\u1ea5p c\u01a1 s\u1edf h\u1ea1 t\u1ea7ng giao d\u1ecbch ti\u00ean ti\u1ebfn, gi\u1ea3i ph\u00e1p thanh kho\u1ea3n v\u00e0 d\u1ecbch v\u1ee5 \u0111\u01b0\u1ee3c thi\u1ebft k\u1ebf ri\u00eang<\/strong> cho kh\u00e1ch h\u00e0ng t\u1ed5 ch\u1ee9c. \u0110\u00e2y l\u00e0 s\u1ef1 ph\u1ea3n \u00e1nh s\u1ee9 m\u1ec7nh li\u00ean t\u1ee5c c\u1ee7a c\u00f4ng ty nh\u1eb1m trao quy\u1ec1n cho c\u00e1c nh\u00e0 giao d\u1ecbch chuy\u00ean nghi\u1ec7p v\u00e0 \u0111\u1ed1i t\u00e1c t\u1ed5 ch\u1ee9c th\u00f4ng qua c\u00f4ng ngh\u1ec7 ti\u00ean ti\u1ebfn, s\u1ee9c m\u1ea1nh qu\u1ea3n l\u00fd v\u00e0 ph\u01b0\u01a1ng ph\u00e1p ti\u1ebfp c\u1eadn l\u1ea5y kh\u00e1ch h\u00e0ng l\u00e0m trung t\u00e2m. <\/p><p>S\u1ef1 c\u00f4ng nh\u1eadn n\u00e0y truy\u1ec1n c\u1ea3m h\u1ee9ng cho ch\u00fang t\u00f4i ti\u1ebfp t\u1ee5c v\u01b0\u1ee3t qua m\u1ecdi gi\u1edbi h\u1ea1n v\u00e0 mang \u0111\u1ebfn s\u1ef1 xu\u1ea5t s\u1eafc trong l\u0129nh v\u1ef1c t\u00e0i ch\u00ednh t\u1ed5 ch\u1ee9c.<\/p>\t\t\t\t\t\t\t\t<\/div>\n\t\t\t\t<\/div>\n\t\t\t\t<\/div>\n\t\t<div class=\"elementor-element elementor-element-7043b98 e-con-full e-flex e-con e-child\" data-id=\"7043b98\" data-element_type=\"container\">\n\t\t\t\t<div class=\"elementor-element elementor-element-aecb360 elementor-widget elementor-widget-gallery\" data-id=\"aecb360\" data-element_type=\"widget\" data-settings=\"{&quot;columns&quot;:3,&quot;image_hover_animation&quot;:&quot;grow&quot;,&quot;background_overlay_hover_animation&quot;:&quot;enter-from-left&quot;,&quot;lazyload&quot;:&quot;yes&quot;,&quot;gallery_layout&quot;:&quot;grid&quot;,&quot;columns_tablet&quot;:2,&quot;columns_mobile&quot;:1,&quot;gap&quot;:{&quot;unit&quot;:&quot;px&quot;,&quot;size&quot;:10,&quot;sizes&quot;:[]},&quot;gap_tablet&quot;:{&quot;unit&quot;:&quot;px&quot;,&quot;size&quot;:10,&quot;sizes&quot;:[]},&quot;gap_mobile&quot;:{&quot;unit&quot;:&quot;px&quot;,&quot;size&quot;:10,&quot;sizes&quot;:[]},&quot;link_to&quot;:&quot;file&quot;,&quot;aspect_ratio&quot;:&quot;3:2&quot;,&quot;overlay_background&quot;:&quot;yes&quot;,&quot;content_hover_animation&quot;:&quot;fade-in&quot;}\" data-widget_type=\"gallery.default\">\n\t\t\t\t<div class=\"elementor-widget-container\">\n\t\t\t\t\t\t\t<div class=\"elementor-gallery__container\">\n\t\t\t\t\t\t\t<a class=\"e-gallery-item elementor-gallery-item elementor-animated-content\" href=\"https:\/\/finpros.com\/wp-content\/uploads\/2025\/04\/\u5fae\u4fe1\u56fe\u7247_202409060925121-1-scaled.webp\" data-elementor-open-lightbox=\"yes\" data-elementor-lightbox-slideshow=\"aecb360\" data-elementor-lightbox-title=\"\u5fae\u4fe1\u56fe\u7247_202409060925121\" data-e-action-hash=\"#elementor-action%3Aaction%3Dlightbox%26settings%3DeyJpZCI6OTA0OCwidXJsIjoiaHR0cHM6XC9cL2ZpbnByb3MuY29tXC93cC1jb250ZW50XC91cGxvYWRzXC8yMDI1XC8wNFwvXHU1ZmFlXHU0ZmUxXHU1NmZlXHU3MjQ3XzIwMjQwOTA2MDkyNTEyMS0xLXNjYWxlZC53ZWJwIiwic2xpZGVzaG93IjoiYWVjYjM2MCJ9\">\n\t\t\t\t\t<div class=\"e-gallery-image elementor-gallery-item__image\" data-thumbnail=\"https:\/\/finpros.com\/wp-content\/uploads\/2025\/04\/\u5fae\u4fe1\u56fe\u7247_202409060925121-1-300x225.webp\" data-width=\"300\" data-height=\"225\" aria-label=\"\" role=\"img\" ><\/div>\n\t\t\t\t\t\t\t\t\t\t\t<div class=\"elementor-gallery-item__overlay\"><\/div>\n\t\t\t\t\t\t\t\t\t\t\t\t\t\t<\/a>\n\t\t\t\t\t\t\t<a class=\"e-gallery-item elementor-gallery-item elementor-animated-content\" href=\"https:\/\/finpros.com\/wp-content\/uploads\/2025\/04\/Image-8-1-1-scaled.webp\" data-elementor-open-lightbox=\"yes\" data-elementor-lightbox-slideshow=\"aecb360\" data-elementor-lightbox-title=\"Image (8) (1)\" data-e-action-hash=\"#elementor-action%3Aaction%3Dlightbox%26settings%3DeyJpZCI6OTAzMCwidXJsIjoiaHR0cHM6XC9cL2ZpbnByb3MuY29tXC93cC1jb250ZW50XC91cGxvYWRzXC8yMDI1XC8wNFwvSW1hZ2UtOC0xLTEtc2NhbGVkLndlYnAiLCJzbGlkZXNob3ciOiJhZWNiMzYwIn0%3D\">\n\t\t\t\t\t<div class=\"e-gallery-image elementor-gallery-item__image\" data-thumbnail=\"https:\/\/finpros.com\/wp-content\/uploads\/2025\/04\/Image-8-1-1-225x300.webp\" data-width=\"225\" data-height=\"300\" aria-label=\"\" role=\"img\" ><\/div>\n\t\t\t\t\t\t\t\t\t\t\t<div class=\"elementor-gallery-item__overlay\"><\/div>\n\t\t\t\t\t\t\t\t\t\t\t\t\t\t<\/a>\n\t\t\t\t\t\t\t<a class=\"e-gallery-item elementor-gallery-item elementor-animated-content\" href=\"https:\/\/finpros.com\/wp-content\/uploads\/2025\/04\/\u5fae\u4fe1\u56fe\u7247_20240906120050-1-scaled.webp\" data-elementor-open-lightbox=\"yes\" data-elementor-lightbox-slideshow=\"aecb360\" data-elementor-lightbox-title=\"\u5fae\u4fe1\u56fe\u7247_20240906120050\" data-e-action-hash=\"#elementor-action%3Aaction%3Dlightbox%26settings%3DeyJpZCI6OTAzNiwidXJsIjoiaHR0cHM6XC9cL2ZpbnByb3MuY29tXC93cC1jb250ZW50XC91cGxvYWRzXC8yMDI1XC8wNFwvXHU1ZmFlXHU0ZmUxXHU1NmZlXHU3MjQ3XzIwMjQwOTA2MTIwMDUwLTEtc2NhbGVkLndlYnAiLCJzbGlkZXNob3ciOiJhZWNiMzYwIn0%3D\">\n\t\t\t\t\t<div class=\"e-gallery-image elementor-gallery-item__image\" data-thumbnail=\"https:\/\/finpros.com\/wp-content\/uploads\/2025\/04\/\u5fae\u4fe1\u56fe\u7247_20240906120050-1-300x225.webp\" data-width=\"300\" data-height=\"225\" aria-label=\"\" role=\"img\" ><\/div>\n\t\t\t\t\t\t\t\t\t\t\t<div class=\"elementor-gallery-item__overlay\"><\/div>\n\t\t\t\t\t\t\t\t\t\t\t\t\t\t<\/a>\n\t\t\t\t\t<\/div>\n\t\t\t\t\t<\/div>\n\t\t\t\t<\/div>\n\t\t\t\t<\/div>\n\t\t\t\t\t<\/div>\n\t\t\t\t<\/div>\n\t\t\t\t<\/div>\n\t\t","protected":false},"excerpt":{"rendered":"<p>FinPros gi\u00e0nh gi\u1ea3i th\u01b0\u1edfng \u201cDoanh nghi\u1ec7p t\u1ed5 ch\u1ee9c t\u1ed1t nh\u1ea5t\u201d t\u1ea1i Tri\u1ec3n l\u00e3m t\u00e0i ch\u00ednh qu\u1ed1c t\u1ebf FINEXPO \u2013 H\u1ed3ng K\u00f4ng FinPros t\u1ef1 h\u00e0o th\u00f4ng b\u00e1o r\u1eb1ng c\u00f4ng ty \u0111\u00e3 \u0111\u01b0\u1ee3c trao danh hi\u1ec7u danh gi\u00e1 \u201cDoanh nghi\u1ec7p t\u1ed5 ch\u1ee9c t\u1ed1t nh\u1ea5t\u201d t\u1ea1i Tri\u1ec3n l\u00e3m t\u00e0i ch\u00ednh qu\u1ed1c t\u1ebf FINEXPO \u0111\u01b0\u1ee3c t\u1ed5 ch\u1ee9c t\u1ea1i H\u1ed3ng [&hellip;]<\/p>\n","protected":false},"author":1,"featured_media":0,"parent":0,"menu_order":0,"comment_status":"closed","ping_status":"closed","template":"tpl-default-elementor.php","meta":{"footnotes":""},"class_list":["post-13304","page","type-page","status-publish","hentry"],"yoast_head":"<!-- This site is optimized with the Yoast SEO plugin v25.0 - https:\/\/yoast.com\/wordpress\/plugins\/seo\/ -->\n<title>FinPros gi\u00e0nh gi\u1ea3i th\u01b0\u1edfng \u201cDoanh nghi\u1ec7p t\u1ed5 ch\u1ee9c t\u1ed1t nh\u1ea5t\u201d t\u1ea1i Tri\u1ec3n l\u00e3m t\u00e0i ch\u00ednh qu\u1ed1c t\u1ebf FINEXPO \u2013 H\u1ed3ng K\u00f4ng - FinPros<\/title>\n<meta name=\"robots\" content=\"index, follow, max-snippet:-1, max-image-preview:large, max-video-preview:-1\" \/>\n<link rel=\"canonical\" href=\"https:\/\/finpros.com\/vi\/finpros-gianh-giai-thuong-doanh-nghiep-to-chuc-tot-nhat-tai-trien-lam-tai-chinh-quoc-te-finexpo-hong-kong\/\" \/>\n<meta property=\"og:locale\" content=\"vi_VN\" \/>\n<meta property=\"og:type\" content=\"article\" \/>\n<meta property=\"og:title\" content=\"FinPros gi\u00e0nh gi\u1ea3i th\u01b0\u1edfng \u201cDoanh nghi\u1ec7p t\u1ed5 ch\u1ee9c t\u1ed1t nh\u1ea5t\u201d t\u1ea1i Tri\u1ec3n l\u00e3m t\u00e0i ch\u00ednh qu\u1ed1c t\u1ebf FINEXPO \u2013 H\u1ed3ng K\u00f4ng - FinPros\" \/>\n<meta property=\"og:description\" content=\"FinPros gi\u00e0nh gi\u1ea3i th\u01b0\u1edfng \u201cDoanh nghi\u1ec7p t\u1ed5 ch\u1ee9c t\u1ed1t nh\u1ea5t\u201d t\u1ea1i Tri\u1ec3n l\u00e3m t\u00e0i ch\u00ednh qu\u1ed1c t\u1ebf FINEXPO \u2013 H\u1ed3ng K\u00f4ng FinPros t\u1ef1 h\u00e0o th\u00f4ng b\u00e1o r\u1eb1ng c\u00f4ng ty \u0111\u00e3 \u0111\u01b0\u1ee3c trao danh hi\u1ec7u danh gi\u00e1 \u201cDoanh nghi\u1ec7p t\u1ed5 ch\u1ee9c t\u1ed1t nh\u1ea5t\u201d t\u1ea1i Tri\u1ec3n l\u00e3m t\u00e0i ch\u00ednh qu\u1ed1c t\u1ebf FINEXPO \u0111\u01b0\u1ee3c t\u1ed5 ch\u1ee9c t\u1ea1i H\u1ed3ng [&hellip;]\" \/>\n<meta property=\"og:url\" content=\"https:\/\/finpros.com\/vi\/finpros-gianh-giai-thuong-doanh-nghiep-to-chuc-tot-nhat-tai-trien-lam-tai-chinh-quoc-te-finexpo-hong-kong\/\" \/>\n<meta property=\"og:site_name\" content=\"FinPros\" \/>\n<meta property=\"article:modified_time\" content=\"2025-05-27T14:18:16+00:00\" \/>\n<meta name=\"twitter:card\" content=\"summary_large_image\" \/>\n<meta name=\"twitter:label1\" content=\"Est. reading time\" \/>\n\t<meta name=\"twitter:data1\" content=\"2 minutes\" \/>\n<script type=\"application\/ld+json\" class=\"yoast-schema-graph\">{\"@context\":\"https:\/\/schema.org\",\"@graph\":[{\"@type\":\"WebPage\",\"@id\":\"https:\/\/finpros.com\/vi\/finpros-gianh-giai-thuong-doanh-nghiep-to-chuc-tot-nhat-tai-trien-lam-tai-chinh-quoc-te-finexpo-hong-kong\/\",\"url\":\"https:\/\/finpros.com\/vi\/finpros-gianh-giai-thuong-doanh-nghiep-to-chuc-tot-nhat-tai-trien-lam-tai-chinh-quoc-te-finexpo-hong-kong\/\",\"name\":\"FinPros gi\u00e0nh gi\u1ea3i th\u01b0\u1edfng \u201cDoanh nghi\u1ec7p t\u1ed5 ch\u1ee9c t\u1ed1t nh\u1ea5t\u201d t\u1ea1i Tri\u1ec3n l\u00e3m t\u00e0i ch\u00ednh qu\u1ed1c t\u1ebf FINEXPO \u2013 H\u1ed3ng K\u00f4ng - FinPros\",\"isPartOf\":{\"@id\":\"https:\/\/finpros.com\/#website\"},\"datePublished\":\"2025-04-30T08:50:04+00:00\",\"dateModified\":\"2025-05-27T14:18:16+00:00\",\"breadcrumb\":{\"@id\":\"https:\/\/finpros.com\/vi\/finpros-gianh-giai-thuong-doanh-nghiep-to-chuc-tot-nhat-tai-trien-lam-tai-chinh-quoc-te-finexpo-hong-kong\/#breadcrumb\"},\"inLanguage\":\"vi-VN\",\"potentialAction\":[{\"@type\":\"ReadAction\",\"target\":[\"https:\/\/finpros.com\/vi\/finpros-gianh-giai-thuong-doanh-nghiep-to-chuc-tot-nhat-tai-trien-lam-tai-chinh-quoc-te-finexpo-hong-kong\/\"]}]},{\"@type\":\"BreadcrumbList\",\"@id\":\"https:\/\/finpros.com\/vi\/finpros-gianh-giai-thuong-doanh-nghiep-to-chuc-tot-nhat-tai-trien-lam-tai-chinh-quoc-te-finexpo-hong-kong\/#breadcrumb\",\"itemListElement\":[{\"@type\":\"ListItem\",\"position\":1,\"name\":\"Trang ch\u1ee7\",\"item\":\"https:\/\/finpros.com\/\"},{\"@type\":\"ListItem\",\"position\":2,\"name\":\"FinPros gi\u00e0nh gi\u1ea3i th\u01b0\u1edfng \u201cDoanh nghi\u1ec7p t\u1ed5 ch\u1ee9c t\u1ed1t nh\u1ea5t\u201d t\u1ea1i Tri\u1ec3n l\u00e3m t\u00e0i ch\u00ednh qu\u1ed1c t\u1ebf FINEXPO \u2013 H\u1ed3ng K\u00f4ng\"}]},{\"@type\":\"WebSite\",\"@id\":\"https:\/\/finpros.com\/#website\",\"url\":\"https:\/\/finpros.com\/\",\"name\":\"FinPros\",\"description\":\"\",\"publisher\":{\"@id\":\"https:\/\/finpros.com\/#organization\"},\"potentialAction\":[{\"@type\":\"SearchAction\",\"target\":{\"@type\":\"EntryPoint\",\"urlTemplate\":\"https:\/\/finpros.com\/?s={search_term_string}\"},\"query-input\":{\"@type\":\"PropertyValueSpecification\",\"valueRequired\":true,\"valueName\":\"search_term_string\"}}],\"inLanguage\":\"vi-VN\"},{\"@type\":\"Organization\",\"@id\":\"https:\/\/finpros.com\/#organization\",\"name\":\"FinPros\",\"url\":\"https:\/\/finpros.com\/\",\"logo\":{\"@type\":\"ImageObject\",\"inLanguage\":\"vi-VN\",\"@id\":\"https:\/\/finpros.com\/#\/schema\/logo\/image\/\",\"url\":\"https:\/\/finpros.com\/wp-content\/uploads\/2025\/03\/FinPros-PNG-1.png\",\"contentUrl\":\"https:\/\/finpros.com\/wp-content\/uploads\/2025\/03\/FinPros-PNG-1.png\",\"width\":1050,\"height\":369,\"caption\":\"FinPros\"},\"image\":{\"@id\":\"https:\/\/finpros.com\/#\/schema\/logo\/image\/\"}}]}<\/script>\n<!-- \/ Yoast SEO plugin. -->","yoast_head_json":{"title":"FinPros gi\u00e0nh gi\u1ea3i th\u01b0\u1edfng \u201cDoanh nghi\u1ec7p t\u1ed5 ch\u1ee9c t\u1ed1t nh\u1ea5t\u201d t\u1ea1i Tri\u1ec3n l\u00e3m t\u00e0i ch\u00ednh qu\u1ed1c t\u1ebf FINEXPO \u2013 H\u1ed3ng K\u00f4ng - FinPros","robots":{"index":"index","follow":"follow","max-snippet":"max-snippet:-1","max-image-preview":"max-image-preview:large","max-video-preview":"max-video-preview:-1"},"canonical":"https:\/\/finpros.com\/vi\/finpros-gianh-giai-thuong-doanh-nghiep-to-chuc-tot-nhat-tai-trien-lam-tai-chinh-quoc-te-finexpo-hong-kong\/","og_locale":"vi_VN","og_type":"article","og_title":"FinPros gi\u00e0nh gi\u1ea3i th\u01b0\u1edfng \u201cDoanh nghi\u1ec7p t\u1ed5 ch\u1ee9c t\u1ed1t nh\u1ea5t\u201d t\u1ea1i Tri\u1ec3n l\u00e3m t\u00e0i ch\u00ednh qu\u1ed1c t\u1ebf FINEXPO \u2013 H\u1ed3ng K\u00f4ng - FinPros","og_description":"FinPros gi\u00e0nh gi\u1ea3i th\u01b0\u1edfng \u201cDoanh nghi\u1ec7p t\u1ed5 ch\u1ee9c t\u1ed1t nh\u1ea5t\u201d t\u1ea1i Tri\u1ec3n l\u00e3m t\u00e0i ch\u00ednh qu\u1ed1c t\u1ebf FINEXPO \u2013 H\u1ed3ng K\u00f4ng FinPros t\u1ef1 h\u00e0o th\u00f4ng b\u00e1o r\u1eb1ng c\u00f4ng ty \u0111\u00e3 \u0111\u01b0\u1ee3c trao danh hi\u1ec7u danh gi\u00e1 \u201cDoanh nghi\u1ec7p t\u1ed5 ch\u1ee9c t\u1ed1t nh\u1ea5t\u201d t\u1ea1i Tri\u1ec3n l\u00e3m t\u00e0i ch\u00ednh qu\u1ed1c t\u1ebf FINEXPO \u0111\u01b0\u1ee3c t\u1ed5 ch\u1ee9c t\u1ea1i H\u1ed3ng [&hellip;]","og_url":"https:\/\/finpros.com\/vi\/finpros-gianh-giai-thuong-doanh-nghiep-to-chuc-tot-nhat-tai-trien-lam-tai-chinh-quoc-te-finexpo-hong-kong\/","og_site_name":"FinPros","article_modified_time":"2025-05-27T14:18:16+00:00","twitter_card":"summary_large_image","twitter_misc":{"Est. reading time":"2 minutes"},"schema":{"@context":"https:\/\/schema.org","@graph":[{"@type":"WebPage","@id":"https:\/\/finpros.com\/vi\/finpros-gianh-giai-thuong-doanh-nghiep-to-chuc-tot-nhat-tai-trien-lam-tai-chinh-quoc-te-finexpo-hong-kong\/","url":"https:\/\/finpros.com\/vi\/finpros-gianh-giai-thuong-doanh-nghiep-to-chuc-tot-nhat-tai-trien-lam-tai-chinh-quoc-te-finexpo-hong-kong\/","name":"FinPros gi\u00e0nh gi\u1ea3i th\u01b0\u1edfng \u201cDoanh nghi\u1ec7p t\u1ed5 ch\u1ee9c t\u1ed1t nh\u1ea5t\u201d t\u1ea1i Tri\u1ec3n l\u00e3m t\u00e0i ch\u00ednh qu\u1ed1c t\u1ebf FINEXPO \u2013 H\u1ed3ng K\u00f4ng - FinPros","isPartOf":{"@id":"https:\/\/finpros.com\/#website"},"datePublished":"2025-04-30T08:50:04+00:00","dateModified":"2025-05-27T14:18:16+00:00","breadcrumb":{"@id":"https:\/\/finpros.com\/vi\/finpros-gianh-giai-thuong-doanh-nghiep-to-chuc-tot-nhat-tai-trien-lam-tai-chinh-quoc-te-finexpo-hong-kong\/#breadcrumb"},"inLanguage":"vi-VN","potentialAction":[{"@type":"ReadAction","target":["https:\/\/finpros.com\/vi\/finpros-gianh-giai-thuong-doanh-nghiep-to-chuc-tot-nhat-tai-trien-lam-tai-chinh-quoc-te-finexpo-hong-kong\/"]}]},{"@type":"BreadcrumbList","@id":"https:\/\/finpros.com\/vi\/finpros-gianh-giai-thuong-doanh-nghiep-to-chuc-tot-nhat-tai-trien-lam-tai-chinh-quoc-te-finexpo-hong-kong\/#breadcrumb","itemListElement":[{"@type":"ListItem","position":1,"name":"Trang ch\u1ee7","item":"https:\/\/finpros.com\/"},{"@type":"ListItem","position":2,"name":"FinPros gi\u00e0nh gi\u1ea3i th\u01b0\u1edfng \u201cDoanh nghi\u1ec7p t\u1ed5 ch\u1ee9c t\u1ed1t nh\u1ea5t\u201d t\u1ea1i Tri\u1ec3n l\u00e3m t\u00e0i ch\u00ednh qu\u1ed1c t\u1ebf FINEXPO \u2013 H\u1ed3ng K\u00f4ng"}]},{"@type":"WebSite","@id":"https:\/\/finpros.com\/#website","url":"https:\/\/finpros.com\/","name":"FinPros","description":"","publisher":{"@id":"https:\/\/finpros.com\/#organization"},"potentialAction":[{"@type":"SearchAction","target":{"@type":"EntryPoint","urlTemplate":"https:\/\/finpros.com\/?s={search_term_string}"},"query-input":{"@type":"PropertyValueSpecification","valueRequired":true,"valueName":"search_term_string"}}],"inLanguage":"vi-VN"},{"@type":"Organization","@id":"https:\/\/finpros.com\/#organization","name":"FinPros","url":"https:\/\/finpros.com\/","logo":{"@type":"ImageObject","inLanguage":"vi-VN","@id":"https:\/\/finpros.com\/#\/schema\/logo\/image\/","url":"https:\/\/finpros.com\/wp-content\/uploads\/2025\/03\/FinPros-PNG-1.png","contentUrl":"https:\/\/finpros.com\/wp-content\/uploads\/2025\/03\/FinPros-PNG-1.png","width":1050,"height":369,"caption":"FinPros"},"image":{"@id":"https:\/\/finpros.com\/#\/schema\/logo\/image\/"}}]}},"_links":{"self":[{"href":"https:\/\/finpros.com\/vi\/wp-json\/wp\/v2\/pages\/13304","targetHints":{"allow":["GET"]}}],"collection":[{"href":"https:\/\/finpros.com\/vi\/wp-json\/wp\/v2\/pages"}],"about":[{"href":"https:\/\/finpros.com\/vi\/wp-json\/wp\/v2\/types\/page"}],"author":[{"embeddable":true,"href":"https:\/\/finpros.com\/vi\/wp-json\/wp\/v2\/users\/1"}],"replies":[{"embeddable":true,"href":"https:\/\/finpros.com\/vi\/wp-json\/wp\/v2\/comments?post=13304"}],"version-history":[{"count":0,"href":"https:\/\/finpros.com\/vi\/wp-json\/wp\/v2\/pages\/13304\/revisions"}],"wp:attachment":[{"href":"https:\/\/finpros.com\/vi\/wp-json\/wp\/v2\/media?parent=13304"}],"curies":[{"name":"wp","href":"https:\/\/api.w.org\/{rel}","templated":true}]}}