{"id":13300,"date":"2025-04-16T17:31:34","date_gmt":"2025-04-16T17:31:34","guid":{"rendered":"https:\/\/finpros.com\/may-tinh-loi-nhuan\/"},"modified":"2025-05-28T18:33:52","modified_gmt":"2025-05-28T18:33:52","slug":"may-tinh-loi-nhuan","status":"publish","type":"page","link":"https:\/\/finpros.com\/vi\/may-tinh-loi-nhuan\/","title":{"rendered":"M\u00e1y t\u00ednh l\u1ee3i nhu\u1eadn"},"content":{"rendered":"\t\t<div data-elementor-type=\"wp-page\" data-elementor-id=\"13300\" class=\"elementor elementor-13300 elementor-6538\" data-elementor-post-type=\"page\">\n\t\t\t\t<div class=\"elementor-element elementor-element-4791af43 e-con-full calculator-sub-banner sub-calc-bg e-flex e-con e-parent\" data-id=\"4791af43\" data-element_type=\"container\" data-settings=\"{&quot;background_background&quot;:&quot;classic&quot;}\">\n\t\t<div class=\"elementor-element elementor-element-21a6c8eb e-con-full e-flex e-con e-child\" data-id=\"21a6c8eb\" data-element_type=\"container\" data-settings=\"{&quot;background_background&quot;:&quot;classic&quot;}\">\n\t\t\t\t<div class=\"elementor-element elementor-element-4826c520 elementor-widget elementor-widget-heading\" data-id=\"4826c520\" data-element_type=\"widget\" data-widget_type=\"heading.default\">\n\t\t\t\t<div class=\"elementor-widget-container\">\n\t\t\t\t\t<h2 class=\"elementor-heading-title elementor-size-default\"><span>M\u00e1y t\u00ednh<\/span> l\u1ee3i nhu\u1eadn<\/h2>\t\t\t\t<\/div>\n\t\t\t\t<\/div>\n\t\t\t\t<div class=\"elementor-element elementor-element-494adcd elementor-widget elementor-widget-heading\" data-id=\"494adcd\" data-element_type=\"widget\" data-widget_type=\"heading.default\">\n\t\t\t\t<div class=\"elementor-widget-container\">\n\t\t\t\t\t<p class=\"elementor-heading-title elementor-size-default\">Ti\u1ebfp c\u1eadn th\u1ecb tr\u01b0\u1eddng ti\u1ec1n t\u1ec7 to\u00e0n c\u1ea7u v\u1edbi t\u1ed1c \u0111\u1ed9 th\u1ef1c hi\u1ec7n nhanh ch\u00f3ng v\u00e0 ch\u00eanh l\u1ec7ch gi\u00e1 c\u00f4ng b\u1eb1ng<\/p>\t\t\t\t<\/div>\n\t\t\t\t<\/div>\n\t\t\t\t<\/div>\n\t\t<div class=\"elementor-element elementor-element-7ea55af6 e-con-full e-flex e-con e-child\" data-id=\"7ea55af6\" data-element_type=\"container\" data-settings=\"{&quot;background_background&quot;:&quot;classic&quot;}\">\n\t\t<div class=\"elementor-element elementor-element-2f7b609b e-flex e-con-boxed e-con e-child\" data-id=\"2f7b609b\" data-element_type=\"container\">\n\t\t\t\t\t<div class=\"e-con-inner\">\n\t\t\t\t<div class=\"elementor-element elementor-element-59ed4361 elementor-align-left calc-banner-link elementor-widget elementor-widget-breadcrumbs\" data-id=\"59ed4361\" data-element_type=\"widget\" data-widget_type=\"breadcrumbs.default\">\n\t\t\t\t<div class=\"elementor-widget-container\">\n\t\t\t\t\t<p id=\"breadcrumbs\"><span><span><a href=\"https:\/\/finpros.com\/\">Trang ch\u1ee7<\/a><\/span><\/span><\/p>\t\t\t\t<\/div>\n\t\t\t\t<\/div>\n\t\t\t\t\t<\/div>\n\t\t\t\t<\/div>\n\t\t\t\t<\/div>\n\t\t\t\t<\/div>\n\t\t<div class=\"elementor-element elementor-element-2fac50f e-flex e-con-boxed e-con e-parent\" data-id=\"2fac50f\" data-element_type=\"container\">\n\t\t\t\t\t<div class=\"e-con-inner\">\n\t\t<div class=\"elementor-element elementor-element-4997a57 e-con-full e-flex e-con e-child\" data-id=\"4997a57\" data-element_type=\"container\">\n\t\t\t\t<div class=\"elementor-element elementor-element-1ec21d1 elementor-widget elementor-widget-heading\" data-id=\"1ec21d1\" data-element_type=\"widget\" data-widget_type=\"heading.default\">\n\t\t\t\t<div class=\"elementor-widget-container\">\n\t\t\t\t\t<h2 class=\"elementor-heading-title elementor-size-default\">  <span>M\u00e1y t\u00ednh<\/span> l\u1ee3i nhu\u1eadn<\/h2>\t\t\t\t<\/div>\n\t\t\t\t<\/div>\n\t\t\t\t<\/div>\n\t\t<div class=\"elementor-element elementor-element-df56ab4 e-con-full e-flex e-con e-child\" data-id=\"df56ab4\" data-element_type=\"container\">\n\t\t\t\t<div class=\"elementor-element elementor-element-51bd7d2 elementor-widget elementor-widget-text-editor\" data-id=\"51bd7d2\" data-element_type=\"widget\" data-widget_type=\"text-editor.default\">\n\t\t\t\t<div class=\"elementor-widget-container\">\n\t\t\t\t\t\t\t\t\t<p>M\u00e1y t\u00ednh l\u1ee3i nhu\u1eadn Forex l\u00e0 c\u00f4ng c\u1ee5 qu\u1ea3n l\u00fd r\u1ee7i ro gi\u00fap c\u1ea3i thi\u1ec7n giao d\u1ecbch c\u1eb7p ti\u1ec1n t\u1ec7 v\u00e0 c\u00e1c t\u00e0i s\u1ea3n kh\u00e1c c\u1ee7a b\u1ea1n. T\u00ednh to\u00e1n l\u1ee3i nhu\u1eadn v\u00e0 thua l\u1ed7 ti\u1ec1m n\u0103ng c\u1ee7a l\u1ec7nh c\u1ee7a b\u1ea1n v\u00e0 giao d\u1ecbch tr\u00ean th\u1ecb tr\u01b0\u1eddng t\u00e0i ch\u00ednh m\u1ed9t c\u00e1ch t\u1ef1 tin h\u01a1n. <\/p>\t\t\t\t\t\t\t\t<\/div>\n\t\t\t\t<\/div>\n\t\t\t\t<\/div>\n\t\t<div class=\"elementor-element elementor-element-f4a2424 e-con-full e-flex e-con e-child\" data-id=\"f4a2424\" data-element_type=\"container\">\n\t\t\t\t<div class=\"elementor-element elementor-element-fb967bb elementor-widget elementor-widget-text-editor\" data-id=\"fb967bb\" data-element_type=\"widget\" data-widget_type=\"text-editor.default\">\n\t\t\t\t<div class=\"elementor-widget-container\">\n\t\t\t\t\t\t\t\t\t<p><strong data-start=\"87\" data-end=\"99\">V\u00ed d\u1ee5:<\/strong> N\u1ebfu b\u1ea1n quy \u0111\u1ed5i <strong data-start=\"115\" data-end=\"126\">10.000 \u20ac<\/strong> sang <strong data-start=\"130\" data-end=\"137\">USD<\/strong> , k\u1ebft qu\u1ea3 s\u1ebd l\u00e0 <strong data-start=\"159\" data-end=\"173\">10.437,20 USD<\/strong> , d\u1ef1a tr\u00ean t\u1ef7 gi\u00e1 <strong data-start=\"193\" data-end=\"216\" data-is-only-node=\"\">1 EUR = 1,04372 USD<\/strong> v\u00e0 <strong data-start=\"221\" data-end=\"245\">1 USD = 0,958111 EUR<\/strong> .<\/p>\t\t\t\t\t\t\t\t<\/div>\n\t\t\t\t<\/div>\n\t\t\t\t<\/div>\n\t\t\t\t\t<\/div>\n\t\t\t\t<\/div>\n\t\t<div class=\"elementor-element elementor-element-fa3bf46 e-flex e-con-boxed e-con e-parent\" data-id=\"fa3bf46\" data-element_type=\"container\">\n\t\t\t\t\t<div class=\"e-con-inner\">\n\t\t<div class=\"elementor-element elementor-element-eb702b9 e-con-full e-flex e-con e-child\" data-id=\"eb702b9\" data-element_type=\"container\">\n\t\t\t\t<div class=\"elementor-element elementor-element-c05ae7a elementor-widget elementor-widget-shortcode\" data-id=\"c05ae7a\" data-element_type=\"widget\" data-widget_type=\"shortcode.default\">\n\t\t\t\t<div class=\"elementor-widget-container\">\n\t\t\t\t\t\t\t<div class=\"elementor-shortcode\">    <div class=\"calculator-container profit-calculator\">\r\n        <div class=\"calculator-header\">\r\n            <h3>Profit Calculator<\/h3>\r\n            <p>Calculate your potential profit in money and pips<\/p>\r\n        <\/div>\r\n        <div class=\"calculator-body\">\r\n        <div class=\"calculator-form\">\r\n            <div class=\"form-row\">\r\n                <div class=\"form-column\">\r\n                    <label for=\"pc-currency-pair\">Instrument<\/label>\r\n                    <select id=\"pc-currency-pair\" class=\"form-control\"><\/select>\r\n                <\/div>\r\n                <div class=\"form-column\">\r\n                    <label for=\"pc-account-currency\">Deposit currency<\/label>\r\n                    <select id=\"pc-account-currency\" class=\"form-control\">\r\n                        <option value=\"USD\">USD<\/option>\r\n                        <option value=\"EUR\">EUR<\/option>\r\n                        <option value=\"GBP\">GBP<\/option>\r\n                        <option value=\"CHF\">CHF<\/option>\r\n                        <option value=\"JPY\">JPY<\/option>\r\n                        <option value=\"AUD\">AUD<\/option>\r\n                        <option value=\"CAD\">CAD<\/option>\r\n                    <\/select>\r\n                <\/div>\r\n            <\/div>\r\n\r\n            <div class=\"form-row\">\r\n                <div class=\"form-column\">\r\n                    <label for=\"pc-trade-type\">Buy or Sell<\/label>\r\n                    <select id=\"pc-trade-type\" class=\"form-control\">\r\n                        <option value=\"buy\">Buy<\/option>\r\n                        <option value=\"sell\">Sell<\/option>\r\n                    <\/select>\r\n                <\/div>\r\n                <div class=\"form-column\">\r\n                    <label for=\"pc-lot-size\">Lots (trade size)<\/label>\r\n                    <input type=\"number\" id=\"pc-lot-size\" class=\"form-control\" value=\"1\" step=\"0.01\" min=\"0.01\">\r\n                <\/div>\r\n            <\/div>\r\n\r\n            <div class=\"form-row\">\r\n                <div class=\"form-column\">\r\n                    <label for=\"pc-open-price\">Open price<\/label>\r\n                    <input type=\"number\" id=\"pc-open-price\" class=\"form-control\" step=\"0.00001\">\r\n                <\/div>\r\n                <div class=\"form-column\">\r\n                    <label for=\"pc-close-price\">Close price<\/label>\r\n                    <input type=\"number\" id=\"pc-close-price\" class=\"form-control\" step=\"0.00001\">\r\n                <\/div>\r\n            <\/div>\r\n\r\n            <div class=\"form-row\">\r\n                <div class=\"form-column\">\r\n                    <label id=\"pc-pip-size-label\">1 Pip Size<\/label>\r\n                    <input type=\"number\" id=\"pc-pip-size\" class=\"form-control\" readonly>\r\n                <\/div>\r\n                <div class=\"form-column\" id=\"pc-currency-price-container\" style=\"display: none;\">\r\n                    <label id=\"pc-currency-price-label\">Currency Price<\/label>\r\n                    <input type=\"number\" id=\"pc-currency-price\" class=\"form-control\" readonly>\r\n                <\/div>\r\n            <\/div>\r\n\r\n            <div class=\"form-row\">\r\n                <div class=\"form-column\">\r\n                    <button id=\"pc-calculate-btn\" class=\"calculate-button\">Calculate<\/button>\r\n                <\/div>\r\n            <\/div>\r\n        <\/div>\r\n\r\n        <div class=\"calculator-results\">\r\n            <div class=\"form-row\">\r\n                <div class=\"form-column\">\r\n                    <div class=\"result-box\">\r\n                        <div class=\"result-title\">Profit in money<\/div>\r\n                        <div class=\"result-value\">\r\n                            <span id=\"pc-profit-currency\"><\/span>\r\n                            <span id=\"pc-profit-money\">0.00<\/span>\r\n                        <\/div>\r\n                    <\/div>\r\n                <\/div>\r\n                <div class=\"form-column\">\r\n                    <div class=\"result-box\">\r\n                        <div class=\"result-title\">Profit in pips<\/div>\r\n                        <div class=\"result-value\" id=\"pc-profit-pips\">0<\/div>\r\n                    <\/div>\r\n                <\/div>\r\n            <\/div>\r\n        <\/div>\r\n    <\/div>\r\n    <\/div>\r\n    <\/div>\n\t\t\t\t\t\t<\/div>\n\t\t\t\t<\/div>\n\t\t\t\t<\/div>\n\t\t\t\t\t<\/div>\n\t\t\t\t<\/div>\n\t\t<div class=\"elementor-element elementor-element-6710d59 e-flex e-con-boxed e-con e-parent\" data-id=\"6710d59\" data-element_type=\"container\">\n\t\t\t\t\t<div class=\"e-con-inner\">\n\t\t\t\t<div class=\"elementor-element elementor-element-e64a681 elementor-widget elementor-widget-heading\" data-id=\"e64a681\" data-element_type=\"widget\" data-widget_type=\"heading.default\">\n\t\t\t\t<div class=\"elementor-widget-container\">\n\t\t\t\t\t<h2 class=\"elementor-heading-title elementor-size-default\">T\u00ecm <span>c\u00e2u tr\u1ea3 l\u1eddi<\/span> cho c\u00e2u h\u1ecfi th\u01b0\u1eddng g\u1eb7p<br> C\u00e2u h\u1ecfi<\/h2>\t\t\t\t<\/div>\n\t\t\t\t<\/div>\n\t\t\t\t<div class=\"elementor-element elementor-element-b057886 elementor-widget__width-initial elementor-widget elementor-widget-shortcode\" data-id=\"b057886\" data-element_type=\"widget\" data-widget_type=\"shortcode.default\">\n\t\t\t\t<div class=\"elementor-widget-container\">\n\t\t\t\t\t\t\t<div class=\"elementor-shortcode\">            <div class=\"qae-faqs-container qae-faqs-toggle-container\">\n\t\t\t\t\t\t<div id=\"qaef-13509\" class=\"qe-faq-toggle giao-dich\">\n\t\t\t<div class=\"qe-toggle-title\">\n\t\t\t\t<h4>\n\t\t\t\t\t<i class=\"fa fa-minus-circle\"><\/i> L\u00e0m th\u1ebf n\u00e0o \u0111\u1ec3 t\u00f4i thay \u0111\u1ed5i m\u1eadt kh\u1ea9u?\t\t\t\t<\/h4>\n\t\t\t<\/div>\n\t\t\t<div class=\"qe-toggle-content\">\n\t\t\t\t<ul>\n<li>Nh\u1ea5n v\u00e0o n\u00fat \u201c\u0110\u0103ng nh\u1eadp\u201d r\u1ed3i \u201cQu\u00ean m\u1eadt kh\u1ea9u\u201d<\/li>\n<li>Nh\u1eadp email b\u1ea1n \u0111\u00e3 \u0111\u0103ng k\u00fd v\u00e0o tr\u01b0\u1eddng b\u1eaft bu\u1ed9c v\u00e0 nh\u1ea5n n\u00fat \u201cG\u1eedi\u201d.<\/li>\n<li>Ch\u00fang t\u00f4i s\u1ebd g\u1eedi cho b\u1ea1n li\u00ean k\u1ebft qua email \u0111\u1ec3 thay \u0111\u1ed5i m\u1eadt kh\u1ea9u.<\/li>\n<\/ul>\n\t\t\t<\/div>\n\t\t<\/div>\n\t\t\t\t<div id=\"qaef-13506\" class=\"qe-faq-toggle giao-dich\">\n\t\t\t<div class=\"qe-toggle-title\">\n\t\t\t\t<h4>\n\t\t\t\t\t<i class=\"fa fa-minus-circle\"><\/i> L\u00e0m th\u1ebf n\u00e0o \u0111\u1ec3 t\u00f4i c\u00f3 th\u1ec3 thay \u0111\u1ed5i th\u00f4ng tin t\u00e0i kho\u1ea3n c\u1ee7a m\u00ecnh?\t\t\t\t<\/h4>\n\t\t\t<\/div>\n\t\t\t<div class=\"qe-toggle-content\">\n\t\t\t\t<ul style=\"margin-left: -15px\">\n<li>Nh\u1ea5n v\u00e0o tab \u201cT\u00e0i kho\u1ea3n\u201d \u1edf g\u00f3c d\u01b0\u1edbi b\u00ean ph\u1ea3i, sau \u0111\u00f3 nh\u1ea5n v\u00e0o \u201cCh\u1ec9nh s\u1eeda h\u1ed3 s\u01a1\u201d.<\/li>\n<li>Tr\u00ean trang n\u00e0y, b\u1ea1n c\u00f3 th\u1ec3 ch\u1ec9nh s\u1eeda \u201cX\u1eed l\u00fd t\u00ecm ki\u1ebfm\u201d, \u201cT\u00ean t\u00edn hi\u1ec7u\u201d v\u00e0 \u201cH\u01b0\u1edbng d\u1eabn v\u1ed1n ch\u1ee7 s\u1edf h\u1eefu\u201d c\u1ee7a m\u00ecnh<\/li>\n<\/ul>\n\t\t\t<\/div>\n\t\t<\/div>\n\t\t\t\t<div id=\"qaef-13508\" class=\"qe-faq-toggle giao-dich\">\n\t\t\t<div class=\"qe-toggle-title\">\n\t\t\t\t<h4>\n\t\t\t\t\t<i class=\"fa fa-minus-circle\"><\/i> L\u00e0m th\u1ebf n\u00e0o \u0111\u1ec3 chuy\u1ec3n \u0111\u1ed5i t\u00e0i kho\u1ea3n giao d\u1ecbch c\u1ee7a t\u00f4i?\t\t\t\t<\/h4>\n\t\t\t<\/div>\n\t\t\t<div class=\"qe-toggle-content\">\n\t\t\t\t<ul style=\"margin-left: -15px\">\n<li>Nh\u1ea5n v\u00e0o tab \u201cT\u00e0i kho\u1ea3n\u201d \u1edf g\u00f3c d\u01b0\u1edbi b\u00ean ph\u1ea3i.<\/li>\n<li>Cu\u1ed9n xu\u1ed1ng d\u01b0\u1edbi c\u00f9ng v\u00e0 ch\u1ea1m v\u00e0o n\u00fat \u201cLi\u00ean k\u1ebft t\u00e0i kho\u1ea3n\u201d.<\/li>\n<li>Nh\u1eadp th\u00f4ng tin t\u00e0i kho\u1ea3n giao d\u1ecbch m\u1edbi c\u1ee7a b\u1ea1n.<\/li>\n<\/ul>\n\t\t\t<\/div>\n\t\t<\/div>\n\t\t            <\/div>\n\t\t<\/div>\n\t\t\t\t\t\t<\/div>\n\t\t\t\t<\/div>\n\t\t\t\t<div class=\"elementor-element elementor-element-6d49d67 elementor-align-center elementor-widget__width-auto read-more-link elementor-widget elementor-widget-button\" data-id=\"6d49d67\" data-element_type=\"widget\" data-widget_type=\"button.default\">\n\t\t\t\t<div class=\"elementor-widget-container\">\n\t\t\t\t\t\t\t\t\t<div class=\"elementor-button-wrapper\">\n\t\t\t\t\t<a class=\"elementor-button elementor-button-link elementor-size-sm\" href=\"https:\/\/finpros.com\/vi\/cau-hoi-thuong-gap\/\">\n\t\t\t\t\t\t<span class=\"elementor-button-content-wrapper\">\n\t\t\t\t\t\t<span class=\"elementor-button-icon\">\n\t\t\t\t<svg aria-hidden=\"true\" class=\"e-font-icon-svg e-fas-arrow-right\" viewBox=\"0 0 448 512\" xmlns=\"http:\/\/www.w3.org\/2000\/svg\"><path d=\"M190.5 66.9l22.2-22.2c9.4-9.4 24.6-9.4 33.9 0L441 239c9.4 9.4 9.4 24.6 0 33.9L246.6 467.3c-9.4 9.4-24.6 9.4-33.9 0l-22.2-22.2c-9.5-9.5-9.3-25 .4-34.3L311.4 296H24c-13.3 0-24-10.7-24-24v-32c0-13.3 10.7-24 24-24h287.4L190.9 101.2c-9.8-9.3-10-24.8-.4-34.3z\"><\/path><\/svg>\t\t\t<\/span>\n\t\t\t\t\t\t\t\t\t<span class=\"elementor-button-text\">\u0110\u1ecdc th\u00eam<\/span>\n\t\t\t\t\t<\/span>\n\t\t\t\t\t<\/a>\n\t\t\t\t<\/div>\n\t\t\t\t\t\t\t\t<\/div>\n\t\t\t\t<\/div>\n\t\t\t\t\t<\/div>\n\t\t\t\t<\/div>\n\t\t\t\t<\/div>\n\t\t","protected":false},"excerpt":{"rendered":"<p>M\u00e1y t\u00ednh l\u1ee3i nhu\u1eadn Ti\u1ebfp c\u1eadn th\u1ecb tr\u01b0\u1eddng ti\u1ec1n t\u1ec7 to\u00e0n c\u1ea7u v\u1edbi t\u1ed1c \u0111\u1ed9 th\u1ef1c hi\u1ec7n nhanh ch\u00f3ng v\u00e0 ch\u00eanh l\u1ec7ch gi\u00e1 c\u00f4ng b\u1eb1ng M\u00e1y t\u00ednh l\u1ee3i nhu\u1eadn M\u00e1y t\u00ednh l\u1ee3i nhu\u1eadn Forex l\u00e0 c\u00f4ng c\u1ee5 qu\u1ea3n l\u00fd r\u1ee7i ro gi\u00fap c\u1ea3i thi\u1ec7n giao d\u1ecbch c\u1eb7p ti\u1ec1n t\u1ec7 v\u00e0 c\u00e1c t\u00e0i s\u1ea3n kh\u00e1c c\u1ee7a [&hellip;]<\/p>\n","protected":false},"author":1,"featured_media":0,"parent":0,"menu_order":0,"comment_status":"closed","ping_status":"closed","template":"tpl-default-elementor.php","meta":{"footnotes":""},"class_list":["post-13300","page","type-page","status-publish","hentry"],"yoast_head":"<!-- This site is optimized with the Yoast SEO plugin v25.0 - https:\/\/yoast.com\/wordpress\/plugins\/seo\/ -->\n<title>M\u00e1y t\u00ednh l\u1ee3i nhu\u1eadn - FinPros<\/title>\n<meta name=\"robots\" content=\"index, follow, max-snippet:-1, max-image-preview:large, max-video-preview:-1\" \/>\n<link rel=\"canonical\" href=\"https:\/\/finpros.com\/vi\/may-tinh-loi-nhuan\/\" \/>\n<meta property=\"og:locale\" content=\"vi_VN\" \/>\n<meta property=\"og:type\" content=\"article\" \/>\n<meta property=\"og:title\" content=\"M\u00e1y t\u00ednh l\u1ee3i nhu\u1eadn - FinPros\" \/>\n<meta property=\"og:description\" content=\"M\u00e1y t\u00ednh l\u1ee3i nhu\u1eadn Ti\u1ebfp c\u1eadn th\u1ecb tr\u01b0\u1eddng ti\u1ec1n t\u1ec7 to\u00e0n c\u1ea7u v\u1edbi t\u1ed1c \u0111\u1ed9 th\u1ef1c hi\u1ec7n nhanh ch\u00f3ng v\u00e0 ch\u00eanh l\u1ec7ch gi\u00e1 c\u00f4ng b\u1eb1ng M\u00e1y t\u00ednh l\u1ee3i nhu\u1eadn M\u00e1y t\u00ednh l\u1ee3i nhu\u1eadn Forex l\u00e0 c\u00f4ng c\u1ee5 qu\u1ea3n l\u00fd r\u1ee7i ro gi\u00fap c\u1ea3i thi\u1ec7n giao d\u1ecbch c\u1eb7p ti\u1ec1n t\u1ec7 v\u00e0 c\u00e1c t\u00e0i s\u1ea3n kh\u00e1c c\u1ee7a [&hellip;]\" \/>\n<meta property=\"og:url\" content=\"https:\/\/finpros.com\/vi\/may-tinh-loi-nhuan\/\" \/>\n<meta property=\"og:site_name\" content=\"FinPros\" \/>\n<meta property=\"article:modified_time\" content=\"2025-05-28T18:33:52+00:00\" \/>\n<meta name=\"twitter:card\" content=\"summary_large_image\" \/>\n<meta name=\"twitter:label1\" content=\"Est. reading time\" \/>\n\t<meta name=\"twitter:data1\" content=\"1 minute\" \/>\n<script type=\"application\/ld+json\" class=\"yoast-schema-graph\">{\"@context\":\"https:\/\/schema.org\",\"@graph\":[{\"@type\":\"WebPage\",\"@id\":\"https:\/\/finpros.com\/vi\/may-tinh-loi-nhuan\/\",\"url\":\"https:\/\/finpros.com\/vi\/may-tinh-loi-nhuan\/\",\"name\":\"M\u00e1y t\u00ednh l\u1ee3i nhu\u1eadn - FinPros\",\"isPartOf\":{\"@id\":\"https:\/\/finpros.com\/#website\"},\"datePublished\":\"2025-04-16T17:31:34+00:00\",\"dateModified\":\"2025-05-28T18:33:52+00:00\",\"breadcrumb\":{\"@id\":\"https:\/\/finpros.com\/vi\/may-tinh-loi-nhuan\/#breadcrumb\"},\"inLanguage\":\"vi-VN\",\"potentialAction\":[{\"@type\":\"ReadAction\",\"target\":[\"https:\/\/finpros.com\/vi\/may-tinh-loi-nhuan\/\"]}]},{\"@type\":\"BreadcrumbList\",\"@id\":\"https:\/\/finpros.com\/vi\/may-tinh-loi-nhuan\/#breadcrumb\",\"itemListElement\":[{\"@type\":\"ListItem\",\"position\":1,\"name\":\"Trang ch\u1ee7\",\"item\":\"https:\/\/finpros.com\/\"},{\"@type\":\"ListItem\",\"position\":2,\"name\":\"M\u00e1y t\u00ednh l\u1ee3i nhu\u1eadn\"}]},{\"@type\":\"WebSite\",\"@id\":\"https:\/\/finpros.com\/#website\",\"url\":\"https:\/\/finpros.com\/\",\"name\":\"FinPros\",\"description\":\"\",\"publisher\":{\"@id\":\"https:\/\/finpros.com\/#organization\"},\"potentialAction\":[{\"@type\":\"SearchAction\",\"target\":{\"@type\":\"EntryPoint\",\"urlTemplate\":\"https:\/\/finpros.com\/?s={search_term_string}\"},\"query-input\":{\"@type\":\"PropertyValueSpecification\",\"valueRequired\":true,\"valueName\":\"search_term_string\"}}],\"inLanguage\":\"vi-VN\"},{\"@type\":\"Organization\",\"@id\":\"https:\/\/finpros.com\/#organization\",\"name\":\"FinPros\",\"url\":\"https:\/\/finpros.com\/\",\"logo\":{\"@type\":\"ImageObject\",\"inLanguage\":\"vi-VN\",\"@id\":\"https:\/\/finpros.com\/#\/schema\/logo\/image\/\",\"url\":\"https:\/\/finpros.com\/wp-content\/uploads\/2025\/03\/FinPros-PNG-1.png\",\"contentUrl\":\"https:\/\/finpros.com\/wp-content\/uploads\/2025\/03\/FinPros-PNG-1.png\",\"width\":1050,\"height\":369,\"caption\":\"FinPros\"},\"image\":{\"@id\":\"https:\/\/finpros.com\/#\/schema\/logo\/image\/\"}}]}<\/script>\n<!-- \/ Yoast SEO plugin. -->","yoast_head_json":{"title":"M\u00e1y t\u00ednh l\u1ee3i nhu\u1eadn - FinPros","robots":{"index":"index","follow":"follow","max-snippet":"max-snippet:-1","max-image-preview":"max-image-preview:large","max-video-preview":"max-video-preview:-1"},"canonical":"https:\/\/finpros.com\/vi\/may-tinh-loi-nhuan\/","og_locale":"vi_VN","og_type":"article","og_title":"M\u00e1y t\u00ednh l\u1ee3i nhu\u1eadn - FinPros","og_description":"M\u00e1y t\u00ednh l\u1ee3i nhu\u1eadn Ti\u1ebfp c\u1eadn th\u1ecb tr\u01b0\u1eddng ti\u1ec1n t\u1ec7 to\u00e0n c\u1ea7u v\u1edbi t\u1ed1c \u0111\u1ed9 th\u1ef1c hi\u1ec7n nhanh ch\u00f3ng v\u00e0 ch\u00eanh l\u1ec7ch gi\u00e1 c\u00f4ng b\u1eb1ng M\u00e1y t\u00ednh l\u1ee3i nhu\u1eadn M\u00e1y t\u00ednh l\u1ee3i nhu\u1eadn Forex l\u00e0 c\u00f4ng c\u1ee5 qu\u1ea3n l\u00fd r\u1ee7i ro gi\u00fap c\u1ea3i thi\u1ec7n giao d\u1ecbch c\u1eb7p ti\u1ec1n t\u1ec7 v\u00e0 c\u00e1c t\u00e0i s\u1ea3n kh\u00e1c c\u1ee7a [&hellip;]","og_url":"https:\/\/finpros.com\/vi\/may-tinh-loi-nhuan\/","og_site_name":"FinPros","article_modified_time":"2025-05-28T18:33:52+00:00","twitter_card":"summary_large_image","twitter_misc":{"Est. reading time":"1 minute"},"schema":{"@context":"https:\/\/schema.org","@graph":[{"@type":"WebPage","@id":"https:\/\/finpros.com\/vi\/may-tinh-loi-nhuan\/","url":"https:\/\/finpros.com\/vi\/may-tinh-loi-nhuan\/","name":"M\u00e1y t\u00ednh l\u1ee3i nhu\u1eadn - FinPros","isPartOf":{"@id":"https:\/\/finpros.com\/#website"},"datePublished":"2025-04-16T17:31:34+00:00","dateModified":"2025-05-28T18:33:52+00:00","breadcrumb":{"@id":"https:\/\/finpros.com\/vi\/may-tinh-loi-nhuan\/#breadcrumb"},"inLanguage":"vi-VN","potentialAction":[{"@type":"ReadAction","target":["https:\/\/finpros.com\/vi\/may-tinh-loi-nhuan\/"]}]},{"@type":"BreadcrumbList","@id":"https:\/\/finpros.com\/vi\/may-tinh-loi-nhuan\/#breadcrumb","itemListElement":[{"@type":"ListItem","position":1,"name":"Trang ch\u1ee7","item":"https:\/\/finpros.com\/"},{"@type":"ListItem","position":2,"name":"M\u00e1y t\u00ednh l\u1ee3i nhu\u1eadn"}]},{"@type":"WebSite","@id":"https:\/\/finpros.com\/#website","url":"https:\/\/finpros.com\/","name":"FinPros","description":"","publisher":{"@id":"https:\/\/finpros.com\/#organization"},"potentialAction":[{"@type":"SearchAction","target":{"@type":"EntryPoint","urlTemplate":"https:\/\/finpros.com\/?s={search_term_string}"},"query-input":{"@type":"PropertyValueSpecification","valueRequired":true,"valueName":"search_term_string"}}],"inLanguage":"vi-VN"},{"@type":"Organization","@id":"https:\/\/finpros.com\/#organization","name":"FinPros","url":"https:\/\/finpros.com\/","logo":{"@type":"ImageObject","inLanguage":"vi-VN","@id":"https:\/\/finpros.com\/#\/schema\/logo\/image\/","url":"https:\/\/finpros.com\/wp-content\/uploads\/2025\/03\/FinPros-PNG-1.png","contentUrl":"https:\/\/finpros.com\/wp-content\/uploads\/2025\/03\/FinPros-PNG-1.png","width":1050,"height":369,"caption":"FinPros"},"image":{"@id":"https:\/\/finpros.com\/#\/schema\/logo\/image\/"}}]}},"_links":{"self":[{"href":"https:\/\/finpros.com\/vi\/wp-json\/wp\/v2\/pages\/13300","targetHints":{"allow":["GET"]}}],"collection":[{"href":"https:\/\/finpros.com\/vi\/wp-json\/wp\/v2\/pages"}],"about":[{"href":"https:\/\/finpros.com\/vi\/wp-json\/wp\/v2\/types\/page"}],"author":[{"embeddable":true,"href":"https:\/\/finpros.com\/vi\/wp-json\/wp\/v2\/users\/1"}],"replies":[{"embeddable":true,"href":"https:\/\/finpros.com\/vi\/wp-json\/wp\/v2\/comments?post=13300"}],"version-history":[{"count":0,"href":"https:\/\/finpros.com\/vi\/wp-json\/wp\/v2\/pages\/13300\/revisions"}],"wp:attachment":[{"href":"https:\/\/finpros.com\/vi\/wp-json\/wp\/v2\/media?parent=13300"}],"curies":[{"name":"wp","href":"https:\/\/api.w.org\/{rel}","templated":true}]}}