{"id":13295,"date":"2025-04-30T08:17:35","date_gmt":"2025-04-30T08:17:35","guid":{"rendered":"https:\/\/finpros.com\/finpros-tai-trien-lam-tai-chinh-quoc-te-ifinexpo-2024-tai-hong-kong\/"},"modified":"2025-05-28T18:49:56","modified_gmt":"2025-05-28T18:49:56","slug":"finpros-tai-trien-lam-tai-chinh-quoc-te-ifinexpo-2024-tai-hong-kong","status":"publish","type":"page","link":"https:\/\/finpros.com\/vi\/finpros-tai-trien-lam-tai-chinh-quoc-te-ifinexpo-2024-tai-hong-kong\/","title":{"rendered":"FinPros t\u1ea1i Tri\u1ec3n l\u00e3m T\u00e0i ch\u00ednh Qu\u1ed1c t\u1ebf IFINEXPO 2024 t\u1ea1i H\u1ed3ng K\u00f4ng"},"content":{"rendered":"\t\t<div data-elementor-type=\"wp-page\" data-elementor-id=\"13295\" class=\"elementor elementor-13295 elementor-11657\" data-elementor-post-type=\"page\">\n\t\t\t\t<div class=\"elementor-element elementor-element-38c5c181 e-con-full calculator-sub-banner news-bg-banner e-flex e-con e-parent\" data-id=\"38c5c181\" data-element_type=\"container\" data-settings=\"{&quot;background_background&quot;:&quot;classic&quot;}\">\n\t\t<div class=\"elementor-element elementor-element-709f5a5 e-con-full e-flex e-con e-child\" data-id=\"709f5a5\" data-element_type=\"container\" data-settings=\"{&quot;background_background&quot;:&quot;classic&quot;}\">\n\t\t\t\t<div class=\"elementor-element elementor-element-5265cc elementor-widget elementor-widget-heading\" data-id=\"5265cc\" data-element_type=\"widget\" data-widget_type=\"heading.default\">\n\t\t\t\t<div class=\"elementor-widget-container\">\n\t\t\t\t\t<h2 class=\"elementor-heading-title elementor-size-default\">FinPros t\u1ea1i Tri\u1ec3n l\u00e3m T\u00e0i ch\u00ednh Qu\u1ed1c t\u1ebf IFINEXPO 2024 t\u1ea1i H\u1ed3ng K\u00f4ng<\/h2>\t\t\t\t<\/div>\n\t\t\t\t<\/div>\n\t\t\t\t<\/div>\n\t\t<div class=\"elementor-element elementor-element-565c3bba e-con-full e-flex e-con e-child\" data-id=\"565c3bba\" data-element_type=\"container\">\n\t\t<div class=\"elementor-element elementor-element-5b0f66ee e-flex e-con-boxed e-con e-child\" data-id=\"5b0f66ee\" data-element_type=\"container\">\n\t\t\t\t\t<div class=\"e-con-inner\">\n\t\t\t\t<div class=\"elementor-element elementor-element-17fbd168 elementor-align-left calc-banner-link bread-links elementor-widget elementor-widget-breadcrumbs\" data-id=\"17fbd168\" data-element_type=\"widget\" data-widget_type=\"breadcrumbs.default\">\n\t\t\t\t<div class=\"elementor-widget-container\">\n\t\t\t\t\t<p id=\"breadcrumbs\"><span><span><a href=\"https:\/\/finpros.com\/\">Trang ch\u1ee7<\/a><\/span><\/span><\/p>\t\t\t\t<\/div>\n\t\t\t\t<\/div>\n\t\t\t\t\t<\/div>\n\t\t\t\t<\/div>\n\t\t\t\t<\/div>\n\t\t\t\t<\/div>\n\t\t<div class=\"elementor-element elementor-element-3ea1a5b e-con-full e-flex e-con e-parent\" data-id=\"3ea1a5b\" data-element_type=\"container\">\n\t\t<div class=\"elementor-element elementor-element-ff9ded6 e-flex e-con-boxed e-con e-child\" data-id=\"ff9ded6\" data-element_type=\"container\">\n\t\t\t\t\t<div class=\"e-con-inner\">\n\t\t\t\t<div class=\"elementor-element elementor-element-c0c4b75 elementor-widget elementor-widget-heading\" data-id=\"c0c4b75\" data-element_type=\"widget\" data-widget_type=\"heading.default\">\n\t\t\t\t<div class=\"elementor-widget-container\">\n\t\t\t\t\t<h4 class=\"elementor-heading-title elementor-size-default\">FinPros t\u1ea1i Tri\u1ec3n l\u00e3m T\u00e0i ch\u00ednh Qu\u1ed1c t\u1ebf IFINEXPO 2024 t\u1ea1i H\u1ed3ng K\u00f4ng<\/h4>\t\t\t\t<\/div>\n\t\t\t\t<\/div>\n\t\t\t\t<div class=\"elementor-element elementor-element-2df1fc8 elementor-widget elementor-widget-text-editor\" data-id=\"2df1fc8\" data-element_type=\"widget\" data-widget_type=\"text-editor.default\">\n\t\t\t\t<div class=\"elementor-widget-container\">\n\t\t\t\t\t\t\t\t\t<p>Ch\u00fang t\u00f4i t\u1ef1 h\u00e0o th\u00f4ng b\u00e1o r\u1eb1ng <strong>FinPros<\/strong> \u0111\u00e3 tham gia th\u00e0nh c\u00f4ng <strong>Tri\u1ec3n l\u00e3m t\u00e0i ch\u00ednh qu\u1ed1c t\u1ebf IFINEXPO 2024<\/strong> danh gi\u00e1, \u0111\u01b0\u1ee3c t\u1ed5 ch\u1ee9c t\u1ea1i <strong>H\u1ed3ng K\u00f4ng<\/strong> v\u00e0o <strong>th\u00e1ng 9 n\u0103m 2024<\/strong> .<br>S\u1ef1 ki\u1ec7n quy t\u1ee5 nh\u1eefng nh\u00e0 \u0111\u1ed5i m\u1edbi t\u00e0i ch\u00ednh h\u00e0ng \u0111\u1ea7u, t\u1ea1o ra m\u1ed9t n\u1ec1n t\u1ea3ng s\u00f4i \u0111\u1ed9ng \u0111\u1ec3 gi\u1edbi thi\u1ec7u c\u00e1c gi\u1ea3i ph\u00e1p giao d\u1ecbch ti\u00ean ti\u1ebfn v\u00e0 s\u00e1ng ki\u1ebfn to\u00e0n c\u1ea7u c\u1ee7a ch\u00fang t\u00f4i.<br>Trong tri\u1ec3n l\u00e3m, FinPros \u0111\u00e3 vinh d\u1ef1 nh\u1eadn gi\u1ea3i th\u01b0\u1edfng \u201cDoanh nghi\u1ec7p t\u1ed5 ch\u1ee9c t\u1ed1t nh\u1ea5t\u201d, m\u1ed9t s\u1ef1 ghi nh\u1eadn cho cam k\u1ebft c\u1ee7a ch\u00fang t\u00f4i v\u1ec1 s\u1ef1 xu\u1ea5t s\u1eafc, \u0111\u1ed5i m\u1edbi v\u00e0 d\u1ecbch v\u1ee5 h\u01b0\u1edbng \u0111\u1ebfn kh\u00e1ch h\u00e0ng trong l\u0129nh v\u1ef1c t\u00e0i ch\u00ednh.<br>Nh\u00f3m c\u1ee7a ch\u00fang t\u00f4i \u0111\u00e3 h\u1ee3p t\u00e1c v\u1edbi c\u00e1c \u0111\u1ed1i t\u00e1c to\u00e0n c\u1ea7u, c\u00e1c nh\u00e0 l\u00e3nh \u0111\u1ea1o ng\u00e0nh v\u00e0 c\u00e1c chuy\u00ean gia giao d\u1ecbch \u0111\u1ec3 c\u1ee7ng c\u1ed1 danh ti\u1ebfng c\u1ee7a FinPros nh\u01b0 m\u1ed9t \u0111\u01a1n v\u1ecb \u0111i \u0111\u1ea7u \u0111\u00e1ng tin c\u1eady v\u00e0 c\u00f3 t\u01b0 duy ti\u1ebfn b\u1ed9 trong l\u0129nh v\u1ef1c c\u00f4ng ngh\u1ec7 t\u00e0i ch\u00ednh.<br>Ch\u00fang t\u00f4i v\u1eabn lu\u00f4n t\u1eadn t\u00e2m th\u00fac \u0111\u1ea9y \u0111\u1ed5i m\u1edbi t\u00e0i ch\u00ednh v\u00e0 cung c\u1ea5p c\u00e1c gi\u1ea3i ph\u00e1p h\u00e0ng \u0111\u1ea7u cho kh\u00e1ch h\u00e0ng v\u00e0 \u0111\u1ed1i t\u00e1c t\u1ed5 ch\u1ee9c tr\u00ean to\u00e0n th\u1ebf gi\u1edbi.<br>H\u00e3y theo d\u00f5i \u0111\u1ec3 bi\u1ebft th\u00eam nh\u1eefng c\u1ed9t m\u1ed1c th\u00fa v\u1ecb!<\/p>\t\t\t\t\t\t\t\t<\/div>\n\t\t\t\t<\/div>\n\t\t\t\t\t<\/div>\n\t\t\t\t<\/div>\n\t\t<div class=\"elementor-element elementor-element-ed21682 e-con-full e-flex e-con e-child\" data-id=\"ed21682\" data-element_type=\"container\">\n\t\t\t\t<div class=\"elementor-element elementor-element-288c4cc elementor-widget elementor-widget-gallery\" data-id=\"288c4cc\" data-element_type=\"widget\" data-settings=\"{&quot;columns&quot;:3,&quot;image_hover_animation&quot;:&quot;grow&quot;,&quot;background_overlay_hover_animation&quot;:&quot;enter-from-left&quot;,&quot;lazyload&quot;:&quot;yes&quot;,&quot;gallery_layout&quot;:&quot;grid&quot;,&quot;columns_tablet&quot;:2,&quot;columns_mobile&quot;:1,&quot;gap&quot;:{&quot;unit&quot;:&quot;px&quot;,&quot;size&quot;:10,&quot;sizes&quot;:[]},&quot;gap_tablet&quot;:{&quot;unit&quot;:&quot;px&quot;,&quot;size&quot;:10,&quot;sizes&quot;:[]},&quot;gap_mobile&quot;:{&quot;unit&quot;:&quot;px&quot;,&quot;size&quot;:10,&quot;sizes&quot;:[]},&quot;link_to&quot;:&quot;file&quot;,&quot;aspect_ratio&quot;:&quot;3:2&quot;,&quot;overlay_background&quot;:&quot;yes&quot;,&quot;content_hover_animation&quot;:&quot;fade-in&quot;}\" data-widget_type=\"gallery.default\">\n\t\t\t\t<div class=\"elementor-widget-container\">\n\t\t\t\t\t\t\t<div class=\"elementor-gallery__container\">\n\t\t\t\t\t\t\t<a class=\"e-gallery-item elementor-gallery-item elementor-animated-content\" href=\"https:\/\/finpros.com\/wp-content\/uploads\/2025\/04\/Image-8-1-scaled.webp\" data-elementor-open-lightbox=\"yes\" data-elementor-lightbox-slideshow=\"288c4cc\" data-elementor-lightbox-title=\"Image (8) (1)\" data-e-action-hash=\"#elementor-action%3Aaction%3Dlightbox%26settings%3DeyJpZCI6ODk4NCwidXJsIjoiaHR0cHM6XC9cL2ZpbnByb3MuY29tXC93cC1jb250ZW50XC91cGxvYWRzXC8yMDI1XC8wNFwvSW1hZ2UtOC0xLXNjYWxlZC53ZWJwIiwic2xpZGVzaG93IjoiMjg4YzRjYyJ9\">\n\t\t\t\t\t<div class=\"e-gallery-image elementor-gallery-item__image\" data-thumbnail=\"https:\/\/finpros.com\/wp-content\/uploads\/2025\/04\/Image-8-1-225x300.webp\" data-width=\"225\" data-height=\"300\" aria-label=\"\" role=\"img\" ><\/div>\n\t\t\t\t\t\t\t\t\t\t\t<div class=\"elementor-gallery-item__overlay\"><\/div>\n\t\t\t\t\t\t\t\t\t\t\t\t\t\t<\/a>\n\t\t\t\t\t\t\t<a class=\"e-gallery-item elementor-gallery-item elementor-animated-content\" href=\"https:\/\/finpros.com\/wp-content\/uploads\/2025\/04\/\u5fae\u4fe1\u56fe\u7247_202409060925121-scaled.webp\" data-elementor-open-lightbox=\"yes\" data-elementor-lightbox-slideshow=\"288c4cc\" data-elementor-lightbox-title=\"\u5fae\u4fe1\u56fe\u7247_202409060925121\" data-e-action-hash=\"#elementor-action%3Aaction%3Dlightbox%26settings%3DeyJpZCI6OTAwMiwidXJsIjoiaHR0cHM6XC9cL2ZpbnByb3MuY29tXC93cC1jb250ZW50XC91cGxvYWRzXC8yMDI1XC8wNFwvXHU1ZmFlXHU0ZmUxXHU1NmZlXHU3MjQ3XzIwMjQwOTA2MDkyNTEyMS1zY2FsZWQud2VicCIsInNsaWRlc2hvdyI6IjI4OGM0Y2MifQ%3D%3D\">\n\t\t\t\t\t<div class=\"e-gallery-image elementor-gallery-item__image\" data-thumbnail=\"https:\/\/finpros.com\/wp-content\/uploads\/2025\/04\/\u5fae\u4fe1\u56fe\u7247_202409060925121-300x225.webp\" data-width=\"300\" data-height=\"225\" aria-label=\"\" role=\"img\" ><\/div>\n\t\t\t\t\t\t\t\t\t\t\t<div class=\"elementor-gallery-item__overlay\"><\/div>\n\t\t\t\t\t\t\t\t\t\t\t\t\t\t<\/a>\n\t\t\t\t\t\t\t<a class=\"e-gallery-item elementor-gallery-item elementor-animated-content\" href=\"https:\/\/finpros.com\/wp-content\/uploads\/2025\/04\/\u5fae\u4fe1\u56fe\u7247_20240906120057-scaled.webp\" data-elementor-open-lightbox=\"yes\" data-elementor-lightbox-slideshow=\"288c4cc\" data-elementor-lightbox-title=\"\u5fae\u4fe1\u56fe\u7247_20240906120057\" data-e-action-hash=\"#elementor-action%3Aaction%3Dlightbox%26settings%3DeyJpZCI6ODk5NiwidXJsIjoiaHR0cHM6XC9cL2ZpbnByb3MuY29tXC93cC1jb250ZW50XC91cGxvYWRzXC8yMDI1XC8wNFwvXHU1ZmFlXHU0ZmUxXHU1NmZlXHU3MjQ3XzIwMjQwOTA2MTIwMDU3LXNjYWxlZC53ZWJwIiwic2xpZGVzaG93IjoiMjg4YzRjYyJ9\">\n\t\t\t\t\t<div class=\"e-gallery-image elementor-gallery-item__image\" data-thumbnail=\"https:\/\/finpros.com\/wp-content\/uploads\/2025\/04\/\u5fae\u4fe1\u56fe\u7247_20240906120057-300x225.webp\" data-width=\"300\" data-height=\"225\" aria-label=\"\" role=\"img\" ><\/div>\n\t\t\t\t\t\t\t\t\t\t\t<div class=\"elementor-gallery-item__overlay\"><\/div>\n\t\t\t\t\t\t\t\t\t\t\t\t\t\t<\/a>\n\t\t\t\t\t<\/div>\n\t\t\t\t\t<\/div>\n\t\t\t\t<\/div>\n\t\t\t\t<\/div>\n\t\t\t\t<\/div>\n\t\t\t\t<\/div>\n\t\t","protected":false},"excerpt":{"rendered":"<p>FinPros t\u1ea1i Tri\u1ec3n l\u00e3m T\u00e0i ch\u00ednh Qu\u1ed1c t\u1ebf IFINEXPO 2024 t\u1ea1i H\u1ed3ng K\u00f4ng Ch\u00fang t\u00f4i t\u1ef1 h\u00e0o th\u00f4ng b\u00e1o r\u1eb1ng FinPros \u0111\u00e3 tham gia th\u00e0nh c\u00f4ng Tri\u1ec3n l\u00e3m t\u00e0i ch\u00ednh qu\u1ed1c t\u1ebf IFINEXPO 2024 danh gi\u00e1, \u0111\u01b0\u1ee3c t\u1ed5 ch\u1ee9c t\u1ea1i H\u1ed3ng K\u00f4ng v\u00e0o th\u00e1ng 9 n\u0103m 2024 . S\u1ef1 ki\u1ec7n quy t\u1ee5 nh\u1eefng nh\u00e0 \u0111\u1ed5i [&hellip;]<\/p>\n","protected":false},"author":1,"featured_media":0,"parent":0,"menu_order":0,"comment_status":"closed","ping_status":"closed","template":"tpl-default-elementor.php","meta":{"footnotes":""},"class_list":["post-13295","page","type-page","status-publish","hentry"],"yoast_head":"<!-- This site is optimized with the Yoast SEO plugin v25.0 - https:\/\/yoast.com\/wordpress\/plugins\/seo\/ -->\n<title>FinPros t\u1ea1i Tri\u1ec3n l\u00e3m T\u00e0i ch\u00ednh Qu\u1ed1c t\u1ebf IFINEXPO 2024 t\u1ea1i H\u1ed3ng K\u00f4ng - FinPros<\/title>\n<meta name=\"robots\" content=\"index, follow, max-snippet:-1, max-image-preview:large, max-video-preview:-1\" \/>\n<link rel=\"canonical\" href=\"https:\/\/finpros.com\/vi\/finpros-tai-trien-lam-tai-chinh-quoc-te-ifinexpo-2024-tai-hong-kong\/\" \/>\n<meta property=\"og:locale\" content=\"vi_VN\" \/>\n<meta property=\"og:type\" content=\"article\" \/>\n<meta property=\"og:title\" content=\"FinPros t\u1ea1i Tri\u1ec3n l\u00e3m T\u00e0i ch\u00ednh Qu\u1ed1c t\u1ebf IFINEXPO 2024 t\u1ea1i H\u1ed3ng K\u00f4ng - FinPros\" \/>\n<meta property=\"og:description\" content=\"FinPros t\u1ea1i Tri\u1ec3n l\u00e3m T\u00e0i ch\u00ednh Qu\u1ed1c t\u1ebf IFINEXPO 2024 t\u1ea1i H\u1ed3ng K\u00f4ng Ch\u00fang t\u00f4i t\u1ef1 h\u00e0o th\u00f4ng b\u00e1o r\u1eb1ng FinPros \u0111\u00e3 tham gia th\u00e0nh c\u00f4ng Tri\u1ec3n l\u00e3m t\u00e0i ch\u00ednh qu\u1ed1c t\u1ebf IFINEXPO 2024 danh gi\u00e1, \u0111\u01b0\u1ee3c t\u1ed5 ch\u1ee9c t\u1ea1i H\u1ed3ng K\u00f4ng v\u00e0o th\u00e1ng 9 n\u0103m 2024 . S\u1ef1 ki\u1ec7n quy t\u1ee5 nh\u1eefng nh\u00e0 \u0111\u1ed5i [&hellip;]\" \/>\n<meta property=\"og:url\" content=\"https:\/\/finpros.com\/vi\/finpros-tai-trien-lam-tai-chinh-quoc-te-ifinexpo-2024-tai-hong-kong\/\" \/>\n<meta property=\"og:site_name\" content=\"FinPros\" \/>\n<meta property=\"article:modified_time\" content=\"2025-05-28T18:49:56+00:00\" \/>\n<meta name=\"twitter:card\" content=\"summary_large_image\" \/>\n<meta name=\"twitter:label1\" content=\"Est. reading time\" \/>\n\t<meta name=\"twitter:data1\" content=\"1 minute\" \/>\n<script type=\"application\/ld+json\" class=\"yoast-schema-graph\">{\"@context\":\"https:\/\/schema.org\",\"@graph\":[{\"@type\":\"WebPage\",\"@id\":\"https:\/\/finpros.com\/vi\/finpros-tai-trien-lam-tai-chinh-quoc-te-ifinexpo-2024-tai-hong-kong\/\",\"url\":\"https:\/\/finpros.com\/vi\/finpros-tai-trien-lam-tai-chinh-quoc-te-ifinexpo-2024-tai-hong-kong\/\",\"name\":\"FinPros t\u1ea1i Tri\u1ec3n l\u00e3m T\u00e0i ch\u00ednh Qu\u1ed1c t\u1ebf IFINEXPO 2024 t\u1ea1i H\u1ed3ng K\u00f4ng - FinPros\",\"isPartOf\":{\"@id\":\"https:\/\/finpros.com\/#website\"},\"datePublished\":\"2025-04-30T08:17:35+00:00\",\"dateModified\":\"2025-05-28T18:49:56+00:00\",\"breadcrumb\":{\"@id\":\"https:\/\/finpros.com\/vi\/finpros-tai-trien-lam-tai-chinh-quoc-te-ifinexpo-2024-tai-hong-kong\/#breadcrumb\"},\"inLanguage\":\"vi-VN\",\"potentialAction\":[{\"@type\":\"ReadAction\",\"target\":[\"https:\/\/finpros.com\/vi\/finpros-tai-trien-lam-tai-chinh-quoc-te-ifinexpo-2024-tai-hong-kong\/\"]}]},{\"@type\":\"BreadcrumbList\",\"@id\":\"https:\/\/finpros.com\/vi\/finpros-tai-trien-lam-tai-chinh-quoc-te-ifinexpo-2024-tai-hong-kong\/#breadcrumb\",\"itemListElement\":[{\"@type\":\"ListItem\",\"position\":1,\"name\":\"Trang ch\u1ee7\",\"item\":\"https:\/\/finpros.com\/\"},{\"@type\":\"ListItem\",\"position\":2,\"name\":\"FinPros t\u1ea1i Tri\u1ec3n l\u00e3m T\u00e0i ch\u00ednh Qu\u1ed1c t\u1ebf IFINEXPO 2024 t\u1ea1i H\u1ed3ng K\u00f4ng\"}]},{\"@type\":\"WebSite\",\"@id\":\"https:\/\/finpros.com\/#website\",\"url\":\"https:\/\/finpros.com\/\",\"name\":\"FinPros\",\"description\":\"\",\"publisher\":{\"@id\":\"https:\/\/finpros.com\/#organization\"},\"potentialAction\":[{\"@type\":\"SearchAction\",\"target\":{\"@type\":\"EntryPoint\",\"urlTemplate\":\"https:\/\/finpros.com\/?s={search_term_string}\"},\"query-input\":{\"@type\":\"PropertyValueSpecification\",\"valueRequired\":true,\"valueName\":\"search_term_string\"}}],\"inLanguage\":\"vi-VN\"},{\"@type\":\"Organization\",\"@id\":\"https:\/\/finpros.com\/#organization\",\"name\":\"FinPros\",\"url\":\"https:\/\/finpros.com\/\",\"logo\":{\"@type\":\"ImageObject\",\"inLanguage\":\"vi-VN\",\"@id\":\"https:\/\/finpros.com\/#\/schema\/logo\/image\/\",\"url\":\"https:\/\/finpros.com\/wp-content\/uploads\/2025\/03\/FinPros-PNG-1.png\",\"contentUrl\":\"https:\/\/finpros.com\/wp-content\/uploads\/2025\/03\/FinPros-PNG-1.png\",\"width\":1050,\"height\":369,\"caption\":\"FinPros\"},\"image\":{\"@id\":\"https:\/\/finpros.com\/#\/schema\/logo\/image\/\"}}]}<\/script>\n<!-- \/ Yoast SEO plugin. -->","yoast_head_json":{"title":"FinPros t\u1ea1i Tri\u1ec3n l\u00e3m T\u00e0i ch\u00ednh Qu\u1ed1c t\u1ebf IFINEXPO 2024 t\u1ea1i H\u1ed3ng K\u00f4ng - FinPros","robots":{"index":"index","follow":"follow","max-snippet":"max-snippet:-1","max-image-preview":"max-image-preview:large","max-video-preview":"max-video-preview:-1"},"canonical":"https:\/\/finpros.com\/vi\/finpros-tai-trien-lam-tai-chinh-quoc-te-ifinexpo-2024-tai-hong-kong\/","og_locale":"vi_VN","og_type":"article","og_title":"FinPros t\u1ea1i Tri\u1ec3n l\u00e3m T\u00e0i ch\u00ednh Qu\u1ed1c t\u1ebf IFINEXPO 2024 t\u1ea1i H\u1ed3ng K\u00f4ng - FinPros","og_description":"FinPros t\u1ea1i Tri\u1ec3n l\u00e3m T\u00e0i ch\u00ednh Qu\u1ed1c t\u1ebf IFINEXPO 2024 t\u1ea1i H\u1ed3ng K\u00f4ng Ch\u00fang t\u00f4i t\u1ef1 h\u00e0o th\u00f4ng b\u00e1o r\u1eb1ng FinPros \u0111\u00e3 tham gia th\u00e0nh c\u00f4ng Tri\u1ec3n l\u00e3m t\u00e0i ch\u00ednh qu\u1ed1c t\u1ebf IFINEXPO 2024 danh gi\u00e1, \u0111\u01b0\u1ee3c t\u1ed5 ch\u1ee9c t\u1ea1i H\u1ed3ng K\u00f4ng v\u00e0o th\u00e1ng 9 n\u0103m 2024 . S\u1ef1 ki\u1ec7n quy t\u1ee5 nh\u1eefng nh\u00e0 \u0111\u1ed5i [&hellip;]","og_url":"https:\/\/finpros.com\/vi\/finpros-tai-trien-lam-tai-chinh-quoc-te-ifinexpo-2024-tai-hong-kong\/","og_site_name":"FinPros","article_modified_time":"2025-05-28T18:49:56+00:00","twitter_card":"summary_large_image","twitter_misc":{"Est. reading time":"1 minute"},"schema":{"@context":"https:\/\/schema.org","@graph":[{"@type":"WebPage","@id":"https:\/\/finpros.com\/vi\/finpros-tai-trien-lam-tai-chinh-quoc-te-ifinexpo-2024-tai-hong-kong\/","url":"https:\/\/finpros.com\/vi\/finpros-tai-trien-lam-tai-chinh-quoc-te-ifinexpo-2024-tai-hong-kong\/","name":"FinPros t\u1ea1i Tri\u1ec3n l\u00e3m T\u00e0i ch\u00ednh Qu\u1ed1c t\u1ebf IFINEXPO 2024 t\u1ea1i H\u1ed3ng K\u00f4ng - FinPros","isPartOf":{"@id":"https:\/\/finpros.com\/#website"},"datePublished":"2025-04-30T08:17:35+00:00","dateModified":"2025-05-28T18:49:56+00:00","breadcrumb":{"@id":"https:\/\/finpros.com\/vi\/finpros-tai-trien-lam-tai-chinh-quoc-te-ifinexpo-2024-tai-hong-kong\/#breadcrumb"},"inLanguage":"vi-VN","potentialAction":[{"@type":"ReadAction","target":["https:\/\/finpros.com\/vi\/finpros-tai-trien-lam-tai-chinh-quoc-te-ifinexpo-2024-tai-hong-kong\/"]}]},{"@type":"BreadcrumbList","@id":"https:\/\/finpros.com\/vi\/finpros-tai-trien-lam-tai-chinh-quoc-te-ifinexpo-2024-tai-hong-kong\/#breadcrumb","itemListElement":[{"@type":"ListItem","position":1,"name":"Trang ch\u1ee7","item":"https:\/\/finpros.com\/"},{"@type":"ListItem","position":2,"name":"FinPros t\u1ea1i Tri\u1ec3n l\u00e3m T\u00e0i ch\u00ednh Qu\u1ed1c t\u1ebf IFINEXPO 2024 t\u1ea1i H\u1ed3ng K\u00f4ng"}]},{"@type":"WebSite","@id":"https:\/\/finpros.com\/#website","url":"https:\/\/finpros.com\/","name":"FinPros","description":"","publisher":{"@id":"https:\/\/finpros.com\/#organization"},"potentialAction":[{"@type":"SearchAction","target":{"@type":"EntryPoint","urlTemplate":"https:\/\/finpros.com\/?s={search_term_string}"},"query-input":{"@type":"PropertyValueSpecification","valueRequired":true,"valueName":"search_term_string"}}],"inLanguage":"vi-VN"},{"@type":"Organization","@id":"https:\/\/finpros.com\/#organization","name":"FinPros","url":"https:\/\/finpros.com\/","logo":{"@type":"ImageObject","inLanguage":"vi-VN","@id":"https:\/\/finpros.com\/#\/schema\/logo\/image\/","url":"https:\/\/finpros.com\/wp-content\/uploads\/2025\/03\/FinPros-PNG-1.png","contentUrl":"https:\/\/finpros.com\/wp-content\/uploads\/2025\/03\/FinPros-PNG-1.png","width":1050,"height":369,"caption":"FinPros"},"image":{"@id":"https:\/\/finpros.com\/#\/schema\/logo\/image\/"}}]}},"_links":{"self":[{"href":"https:\/\/finpros.com\/vi\/wp-json\/wp\/v2\/pages\/13295","targetHints":{"allow":["GET"]}}],"collection":[{"href":"https:\/\/finpros.com\/vi\/wp-json\/wp\/v2\/pages"}],"about":[{"href":"https:\/\/finpros.com\/vi\/wp-json\/wp\/v2\/types\/page"}],"author":[{"embeddable":true,"href":"https:\/\/finpros.com\/vi\/wp-json\/wp\/v2\/users\/1"}],"replies":[{"embeddable":true,"href":"https:\/\/finpros.com\/vi\/wp-json\/wp\/v2\/comments?post=13295"}],"version-history":[{"count":0,"href":"https:\/\/finpros.com\/vi\/wp-json\/wp\/v2\/pages\/13295\/revisions"}],"wp:attachment":[{"href":"https:\/\/finpros.com\/vi\/wp-json\/wp\/v2\/media?parent=13295"}],"curies":[{"name":"wp","href":"https:\/\/api.w.org\/{rel}","templated":true}]}}