{"id":13294,"date":"2025-04-30T08:47:53","date_gmt":"2025-04-30T08:47:53","guid":{"rendered":"https:\/\/finpros.com\/finpros-tham-gia-su-kien-cua-hiep-hoi-khoa-hoc-va-cong-nghe-so-dsta-tai-hong-kong\/"},"modified":"2025-05-27T14:18:00","modified_gmt":"2025-05-27T14:18:00","slug":"finpros-tham-gia-su-kien-cua-hiep-hoi-khoa-hoc-va-cong-nghe-so-dsta-tai-hong-kong","status":"publish","type":"page","link":"https:\/\/finpros.com\/vi\/finpros-tham-gia-su-kien-cua-hiep-hoi-khoa-hoc-va-cong-nghe-so-dsta-tai-hong-kong\/","title":{"rendered":"FinPros tham gia s\u1ef1 ki\u1ec7n c\u1ee7a Hi\u1ec7p h\u1ed9i khoa h\u1ecdc v\u00e0 c\u00f4ng ngh\u1ec7 s\u1ed1 DSTA t\u1ea1i H\u1ed3ng K\u00f4ng"},"content":{"rendered":"\t\t<div data-elementor-type=\"wp-page\" data-elementor-id=\"13294\" class=\"elementor elementor-13294 elementor-11650\" data-elementor-post-type=\"page\">\n\t\t\t\t<div class=\"elementor-element elementor-element-3ea1a5b e-flex e-con-boxed e-con e-parent\" data-id=\"3ea1a5b\" data-element_type=\"container\">\n\t\t\t\t\t<div class=\"e-con-inner\">\n\t\t<div class=\"elementor-element elementor-element-ff9ded6 e-con-full e-flex e-con e-child\" data-id=\"ff9ded6\" data-element_type=\"container\">\n\t\t\t\t<div class=\"elementor-element elementor-element-c0c4b75 elementor-widget elementor-widget-heading\" data-id=\"c0c4b75\" data-element_type=\"widget\" data-widget_type=\"heading.default\">\n\t\t\t\t<div class=\"elementor-widget-container\">\n\t\t\t\t\t<h4 class=\"elementor-heading-title elementor-size-default\">FinPros tham gia s\u1ef1 ki\u1ec7n c\u1ee7a Hi\u1ec7p h\u1ed9i khoa h\u1ecdc v\u00e0 c\u00f4ng ngh\u1ec7 s\u1ed1 DSTA t\u1ea1i H\u1ed3ng K\u00f4ng<\/h4>\t\t\t\t<\/div>\n\t\t\t\t<\/div>\n\t\t\t\t<div class=\"elementor-element elementor-element-e73b7d7 elementor-widget elementor-widget-text-editor\" data-id=\"e73b7d7\" data-element_type=\"widget\" data-widget_type=\"text-editor.default\">\n\t\t\t\t<div class=\"elementor-widget-container\">\n\t\t\t\t\t\t\t\t\t<p>V\u00e0o th\u00e1ng 3 n\u0103m 2024, <strong>FinPros<\/strong> t\u1ef1 h\u00e0o tham gia s\u1ef1 ki\u1ec7n <strong>Hi\u1ec7p h\u1ed9i Khoa h\u1ecdc v\u00e0 C\u00f4ng ngh\u1ec7 S\u1ed1 (DSTA)<\/strong> \u0111\u01b0\u1ee3c t\u1ed5 ch\u1ee9c t\u1ea1i <strong>H\u1ed3ng K\u00f4ng<\/strong> \u2014 m\u1ed9t cu\u1ed9c t\u1ee5 h\u1ecdp c\u1ee7a nh\u1eefng nh\u00e0 \u0111\u1ed5i m\u1edbi, ti\u00ean phong c\u00f4ng ngh\u1ec7 v\u00e0 nh\u1eefng ng\u01b0\u1eddi d\u1eabn \u0111\u1ea7u ng\u00e0nh t\u00e0i ch\u00ednh.<\/p><p>S\u1ef1 ki\u1ec7n DSTA cung c\u1ea5p m\u1ed9t n\u1ec1n t\u1ea3ng n\u0103ng \u0111\u1ed9ng \u0111\u1ec3 kh\u00e1m ph\u00e1 c\u00e1c xu h\u01b0\u1edbng m\u1edbi n\u1ed5i t\u1ea1i giao \u0111i\u1ec3m c\u1ee7a <strong>t\u00e0i ch\u00ednh, \u0111\u1ed5i m\u1edbi k\u1ef9 thu\u1eadt s\u1ed1 v\u00e0 c\u00f4ng ngh\u1ec7<\/strong> .<\/p><p>FinPros \u0111\u00e3 th\u1ec3 hi\u1ec7n cam k\u1ebft th\u00fac \u0111\u1ea9y t\u01b0\u01a1ng lai c\u1ee7a c\u00e1c d\u1ecbch v\u1ee5 t\u00e0i ch\u00ednh, \u0111\u1eb7c bi\u1ec7t t\u1eadp trung v\u00e0o vi\u1ec7c t\u1eadn d\u1ee5ng nh\u1eefng ti\u1ebfn b\u1ed9 c\u1ee7a c\u00f4ng ngh\u1ec7 t\u00e0i ch\u00ednh \u0111\u1ec3 cung c\u1ea5p <strong>c\u00e1c gi\u1ea3i ph\u00e1p giao d\u1ecbch an to\u00e0n, hi\u1ec7u qu\u1ea3 v\u00e0 th\u1ebf h\u1ec7 ti\u1ebfp theo<\/strong> .<\/p><p>Trong su\u1ed1t s\u1ef1 ki\u1ec7n, nh\u00f3m c\u1ee7a ch\u00fang t\u00f4i \u0111\u00e3 h\u1ee3p t\u00e1c v\u1edbi c\u00e1c \u0111\u1ed1i t\u00e1c to\u00e0n c\u1ea7u, chuy\u00ean gia c\u00f4ng ngh\u1ec7 v\u00e0 c\u00e1c c\u00f4ng ty c\u00f3 t\u01b0 duy ti\u1ebfn b\u1ed9 \u0111\u1ec3 th\u1ea3o lu\u1eadn v\u1ec1 b\u1ed1i c\u1ea3nh ph\u00e1t tri\u1ec3n c\u1ee7a <strong>t\u00e0i ch\u00ednh k\u1ef9 thu\u1eadt s\u1ed1, n\u1ec1n t\u1ea3ng do AI th\u00fac \u0111\u1ea9y v\u00e0 \u0111\u1ed5i m\u1edbi quy \u0111\u1ecbnh<\/strong> .<\/p><p>Vi\u1ec7c tham gia DSTA nh\u1ea5n m\u1ea1nh s\u1ef1 t\u1eadn t\u00e2m c\u1ee7a FinPros trong vi\u1ec7c lu\u00f4n \u0111i \u0111\u1ea7u trong qu\u00e1 tr\u00ecnh chuy\u1ec3n \u0111\u1ed5i c\u00f4ng ngh\u1ec7, li\u00ean t\u1ee5c c\u1ea3i thi\u1ec7n c\u00e1ch ch\u00fang t\u00f4i ph\u1ee5c v\u1ee5 c\u00e1c nh\u00e0 giao d\u1ecbch v\u00e0 nh\u00e0 \u0111\u1ea7u t\u01b0 tr\u00ean to\u00e0n th\u1ebf gi\u1edbi.<\/p><p>Ch\u00fang t\u00f4i mong mu\u1ed1n x\u00e2y d\u1ef1ng c\u00e1c quan h\u1ec7 \u0111\u1ed1i t\u00e1c m\u1edbi v\u00e0 \u0111\u00f3ng g\u00f3p v\u00e0o t\u01b0\u01a1ng lai k\u1ef9 thu\u1eadt s\u1ed1 c\u1ee7a ng\u00e0nh t\u00e0i ch\u00ednh.<\/p>\t\t\t\t\t\t\t\t<\/div>\n\t\t\t\t<\/div>\n\t\t\t\t<\/div>\n\t\t\t\t\t<\/div>\n\t\t\t\t<\/div>\n\t\t\t\t<\/div>\n\t\t","protected":false},"excerpt":{"rendered":"<p>FinPros tham gia s\u1ef1 ki\u1ec7n c\u1ee7a Hi\u1ec7p h\u1ed9i khoa h\u1ecdc v\u00e0 c\u00f4ng ngh\u1ec7 s\u1ed1 DSTA t\u1ea1i H\u1ed3ng K\u00f4ng V\u00e0o th\u00e1ng 3 n\u0103m 2024, FinPros t\u1ef1 h\u00e0o tham gia s\u1ef1 ki\u1ec7n Hi\u1ec7p h\u1ed9i Khoa h\u1ecdc v\u00e0 C\u00f4ng ngh\u1ec7 S\u1ed1 (DSTA) \u0111\u01b0\u1ee3c t\u1ed5 ch\u1ee9c t\u1ea1i H\u1ed3ng K\u00f4ng \u2014 m\u1ed9t cu\u1ed9c t\u1ee5 h\u1ecdp c\u1ee7a nh\u1eefng nh\u00e0 \u0111\u1ed5i m\u1edbi, [&hellip;]<\/p>\n","protected":false},"author":1,"featured_media":0,"parent":0,"menu_order":0,"comment_status":"closed","ping_status":"closed","template":"tpl-default-elementor.php","meta":{"footnotes":""},"class_list":["post-13294","page","type-page","status-publish","hentry"],"yoast_head":"<!-- This site is optimized with the Yoast SEO plugin v25.0 - https:\/\/yoast.com\/wordpress\/plugins\/seo\/ -->\n<title>FinPros tham gia s\u1ef1 ki\u1ec7n c\u1ee7a Hi\u1ec7p h\u1ed9i khoa h\u1ecdc v\u00e0 c\u00f4ng ngh\u1ec7 s\u1ed1 DSTA t\u1ea1i H\u1ed3ng K\u00f4ng - FinPros<\/title>\n<meta name=\"robots\" content=\"index, follow, max-snippet:-1, max-image-preview:large, max-video-preview:-1\" \/>\n<link rel=\"canonical\" href=\"https:\/\/finpros.com\/vi\/finpros-tham-gia-su-kien-cua-hiep-hoi-khoa-hoc-va-cong-nghe-so-dsta-tai-hong-kong\/\" \/>\n<meta property=\"og:locale\" content=\"vi_VN\" \/>\n<meta property=\"og:type\" content=\"article\" \/>\n<meta property=\"og:title\" content=\"FinPros tham gia s\u1ef1 ki\u1ec7n c\u1ee7a Hi\u1ec7p h\u1ed9i khoa h\u1ecdc v\u00e0 c\u00f4ng ngh\u1ec7 s\u1ed1 DSTA t\u1ea1i H\u1ed3ng K\u00f4ng - FinPros\" \/>\n<meta property=\"og:description\" content=\"FinPros tham gia s\u1ef1 ki\u1ec7n c\u1ee7a Hi\u1ec7p h\u1ed9i khoa h\u1ecdc v\u00e0 c\u00f4ng ngh\u1ec7 s\u1ed1 DSTA t\u1ea1i H\u1ed3ng K\u00f4ng V\u00e0o th\u00e1ng 3 n\u0103m 2024, FinPros t\u1ef1 h\u00e0o tham gia s\u1ef1 ki\u1ec7n Hi\u1ec7p h\u1ed9i Khoa h\u1ecdc v\u00e0 C\u00f4ng ngh\u1ec7 S\u1ed1 (DSTA) \u0111\u01b0\u1ee3c t\u1ed5 ch\u1ee9c t\u1ea1i H\u1ed3ng K\u00f4ng \u2014 m\u1ed9t cu\u1ed9c t\u1ee5 h\u1ecdp c\u1ee7a nh\u1eefng nh\u00e0 \u0111\u1ed5i m\u1edbi, [&hellip;]\" \/>\n<meta property=\"og:url\" content=\"https:\/\/finpros.com\/vi\/finpros-tham-gia-su-kien-cua-hiep-hoi-khoa-hoc-va-cong-nghe-so-dsta-tai-hong-kong\/\" \/>\n<meta property=\"og:site_name\" content=\"FinPros\" \/>\n<meta property=\"article:modified_time\" content=\"2025-05-27T14:18:00+00:00\" \/>\n<meta name=\"twitter:card\" content=\"summary_large_image\" \/>\n<meta name=\"twitter:label1\" content=\"Est. reading time\" \/>\n\t<meta name=\"twitter:data1\" content=\"2 minutes\" \/>\n<script type=\"application\/ld+json\" class=\"yoast-schema-graph\">{\"@context\":\"https:\/\/schema.org\",\"@graph\":[{\"@type\":\"WebPage\",\"@id\":\"https:\/\/finpros.com\/vi\/finpros-tham-gia-su-kien-cua-hiep-hoi-khoa-hoc-va-cong-nghe-so-dsta-tai-hong-kong\/\",\"url\":\"https:\/\/finpros.com\/vi\/finpros-tham-gia-su-kien-cua-hiep-hoi-khoa-hoc-va-cong-nghe-so-dsta-tai-hong-kong\/\",\"name\":\"FinPros tham gia s\u1ef1 ki\u1ec7n c\u1ee7a Hi\u1ec7p h\u1ed9i khoa h\u1ecdc v\u00e0 c\u00f4ng ngh\u1ec7 s\u1ed1 DSTA t\u1ea1i H\u1ed3ng K\u00f4ng - FinPros\",\"isPartOf\":{\"@id\":\"https:\/\/finpros.com\/#website\"},\"datePublished\":\"2025-04-30T08:47:53+00:00\",\"dateModified\":\"2025-05-27T14:18:00+00:00\",\"breadcrumb\":{\"@id\":\"https:\/\/finpros.com\/vi\/finpros-tham-gia-su-kien-cua-hiep-hoi-khoa-hoc-va-cong-nghe-so-dsta-tai-hong-kong\/#breadcrumb\"},\"inLanguage\":\"vi-VN\",\"potentialAction\":[{\"@type\":\"ReadAction\",\"target\":[\"https:\/\/finpros.com\/vi\/finpros-tham-gia-su-kien-cua-hiep-hoi-khoa-hoc-va-cong-nghe-so-dsta-tai-hong-kong\/\"]}]},{\"@type\":\"BreadcrumbList\",\"@id\":\"https:\/\/finpros.com\/vi\/finpros-tham-gia-su-kien-cua-hiep-hoi-khoa-hoc-va-cong-nghe-so-dsta-tai-hong-kong\/#breadcrumb\",\"itemListElement\":[{\"@type\":\"ListItem\",\"position\":1,\"name\":\"Trang ch\u1ee7\",\"item\":\"https:\/\/finpros.com\/\"},{\"@type\":\"ListItem\",\"position\":2,\"name\":\"FinPros tham gia s\u1ef1 ki\u1ec7n c\u1ee7a Hi\u1ec7p h\u1ed9i khoa h\u1ecdc v\u00e0 c\u00f4ng ngh\u1ec7 s\u1ed1 DSTA t\u1ea1i H\u1ed3ng K\u00f4ng\"}]},{\"@type\":\"WebSite\",\"@id\":\"https:\/\/finpros.com\/#website\",\"url\":\"https:\/\/finpros.com\/\",\"name\":\"FinPros\",\"description\":\"\",\"publisher\":{\"@id\":\"https:\/\/finpros.com\/#organization\"},\"potentialAction\":[{\"@type\":\"SearchAction\",\"target\":{\"@type\":\"EntryPoint\",\"urlTemplate\":\"https:\/\/finpros.com\/?s={search_term_string}\"},\"query-input\":{\"@type\":\"PropertyValueSpecification\",\"valueRequired\":true,\"valueName\":\"search_term_string\"}}],\"inLanguage\":\"vi-VN\"},{\"@type\":\"Organization\",\"@id\":\"https:\/\/finpros.com\/#organization\",\"name\":\"FinPros\",\"url\":\"https:\/\/finpros.com\/\",\"logo\":{\"@type\":\"ImageObject\",\"inLanguage\":\"vi-VN\",\"@id\":\"https:\/\/finpros.com\/#\/schema\/logo\/image\/\",\"url\":\"https:\/\/finpros.com\/wp-content\/uploads\/2025\/03\/FinPros-PNG-1.png\",\"contentUrl\":\"https:\/\/finpros.com\/wp-content\/uploads\/2025\/03\/FinPros-PNG-1.png\",\"width\":1050,\"height\":369,\"caption\":\"FinPros\"},\"image\":{\"@id\":\"https:\/\/finpros.com\/#\/schema\/logo\/image\/\"}}]}<\/script>\n<!-- \/ Yoast SEO plugin. -->","yoast_head_json":{"title":"FinPros tham gia s\u1ef1 ki\u1ec7n c\u1ee7a Hi\u1ec7p h\u1ed9i khoa h\u1ecdc v\u00e0 c\u00f4ng ngh\u1ec7 s\u1ed1 DSTA t\u1ea1i H\u1ed3ng K\u00f4ng - FinPros","robots":{"index":"index","follow":"follow","max-snippet":"max-snippet:-1","max-image-preview":"max-image-preview:large","max-video-preview":"max-video-preview:-1"},"canonical":"https:\/\/finpros.com\/vi\/finpros-tham-gia-su-kien-cua-hiep-hoi-khoa-hoc-va-cong-nghe-so-dsta-tai-hong-kong\/","og_locale":"vi_VN","og_type":"article","og_title":"FinPros tham gia s\u1ef1 ki\u1ec7n c\u1ee7a Hi\u1ec7p h\u1ed9i khoa h\u1ecdc v\u00e0 c\u00f4ng ngh\u1ec7 s\u1ed1 DSTA t\u1ea1i H\u1ed3ng K\u00f4ng - FinPros","og_description":"FinPros tham gia s\u1ef1 ki\u1ec7n c\u1ee7a Hi\u1ec7p h\u1ed9i khoa h\u1ecdc v\u00e0 c\u00f4ng ngh\u1ec7 s\u1ed1 DSTA t\u1ea1i H\u1ed3ng K\u00f4ng V\u00e0o th\u00e1ng 3 n\u0103m 2024, FinPros t\u1ef1 h\u00e0o tham gia s\u1ef1 ki\u1ec7n Hi\u1ec7p h\u1ed9i Khoa h\u1ecdc v\u00e0 C\u00f4ng ngh\u1ec7 S\u1ed1 (DSTA) \u0111\u01b0\u1ee3c t\u1ed5 ch\u1ee9c t\u1ea1i H\u1ed3ng K\u00f4ng \u2014 m\u1ed9t cu\u1ed9c t\u1ee5 h\u1ecdp c\u1ee7a nh\u1eefng nh\u00e0 \u0111\u1ed5i m\u1edbi, [&hellip;]","og_url":"https:\/\/finpros.com\/vi\/finpros-tham-gia-su-kien-cua-hiep-hoi-khoa-hoc-va-cong-nghe-so-dsta-tai-hong-kong\/","og_site_name":"FinPros","article_modified_time":"2025-05-27T14:18:00+00:00","twitter_card":"summary_large_image","twitter_misc":{"Est. reading time":"2 minutes"},"schema":{"@context":"https:\/\/schema.org","@graph":[{"@type":"WebPage","@id":"https:\/\/finpros.com\/vi\/finpros-tham-gia-su-kien-cua-hiep-hoi-khoa-hoc-va-cong-nghe-so-dsta-tai-hong-kong\/","url":"https:\/\/finpros.com\/vi\/finpros-tham-gia-su-kien-cua-hiep-hoi-khoa-hoc-va-cong-nghe-so-dsta-tai-hong-kong\/","name":"FinPros tham gia s\u1ef1 ki\u1ec7n c\u1ee7a Hi\u1ec7p h\u1ed9i khoa h\u1ecdc v\u00e0 c\u00f4ng ngh\u1ec7 s\u1ed1 DSTA t\u1ea1i H\u1ed3ng K\u00f4ng - FinPros","isPartOf":{"@id":"https:\/\/finpros.com\/#website"},"datePublished":"2025-04-30T08:47:53+00:00","dateModified":"2025-05-27T14:18:00+00:00","breadcrumb":{"@id":"https:\/\/finpros.com\/vi\/finpros-tham-gia-su-kien-cua-hiep-hoi-khoa-hoc-va-cong-nghe-so-dsta-tai-hong-kong\/#breadcrumb"},"inLanguage":"vi-VN","potentialAction":[{"@type":"ReadAction","target":["https:\/\/finpros.com\/vi\/finpros-tham-gia-su-kien-cua-hiep-hoi-khoa-hoc-va-cong-nghe-so-dsta-tai-hong-kong\/"]}]},{"@type":"BreadcrumbList","@id":"https:\/\/finpros.com\/vi\/finpros-tham-gia-su-kien-cua-hiep-hoi-khoa-hoc-va-cong-nghe-so-dsta-tai-hong-kong\/#breadcrumb","itemListElement":[{"@type":"ListItem","position":1,"name":"Trang ch\u1ee7","item":"https:\/\/finpros.com\/"},{"@type":"ListItem","position":2,"name":"FinPros tham gia s\u1ef1 ki\u1ec7n c\u1ee7a Hi\u1ec7p h\u1ed9i khoa h\u1ecdc v\u00e0 c\u00f4ng ngh\u1ec7 s\u1ed1 DSTA t\u1ea1i H\u1ed3ng K\u00f4ng"}]},{"@type":"WebSite","@id":"https:\/\/finpros.com\/#website","url":"https:\/\/finpros.com\/","name":"FinPros","description":"","publisher":{"@id":"https:\/\/finpros.com\/#organization"},"potentialAction":[{"@type":"SearchAction","target":{"@type":"EntryPoint","urlTemplate":"https:\/\/finpros.com\/?s={search_term_string}"},"query-input":{"@type":"PropertyValueSpecification","valueRequired":true,"valueName":"search_term_string"}}],"inLanguage":"vi-VN"},{"@type":"Organization","@id":"https:\/\/finpros.com\/#organization","name":"FinPros","url":"https:\/\/finpros.com\/","logo":{"@type":"ImageObject","inLanguage":"vi-VN","@id":"https:\/\/finpros.com\/#\/schema\/logo\/image\/","url":"https:\/\/finpros.com\/wp-content\/uploads\/2025\/03\/FinPros-PNG-1.png","contentUrl":"https:\/\/finpros.com\/wp-content\/uploads\/2025\/03\/FinPros-PNG-1.png","width":1050,"height":369,"caption":"FinPros"},"image":{"@id":"https:\/\/finpros.com\/#\/schema\/logo\/image\/"}}]}},"_links":{"self":[{"href":"https:\/\/finpros.com\/vi\/wp-json\/wp\/v2\/pages\/13294","targetHints":{"allow":["GET"]}}],"collection":[{"href":"https:\/\/finpros.com\/vi\/wp-json\/wp\/v2\/pages"}],"about":[{"href":"https:\/\/finpros.com\/vi\/wp-json\/wp\/v2\/types\/page"}],"author":[{"embeddable":true,"href":"https:\/\/finpros.com\/vi\/wp-json\/wp\/v2\/users\/1"}],"replies":[{"embeddable":true,"href":"https:\/\/finpros.com\/vi\/wp-json\/wp\/v2\/comments?post=13294"}],"version-history":[{"count":0,"href":"https:\/\/finpros.com\/vi\/wp-json\/wp\/v2\/pages\/13294\/revisions"}],"wp:attachment":[{"href":"https:\/\/finpros.com\/vi\/wp-json\/wp\/v2\/media?parent=13294"}],"curies":[{"name":"wp","href":"https:\/\/api.w.org\/{rel}","templated":true}]}}