{"id":13271,"date":"2025-04-16T15:33:08","date_gmt":"2025-04-16T15:33:08","guid":{"rendered":"https:\/\/finpros.com\/may-tinh-pip\/"},"modified":"2025-05-28T18:32:15","modified_gmt":"2025-05-28T18:32:15","slug":"may-tinh-pip","status":"publish","type":"page","link":"https:\/\/finpros.com\/vi\/may-tinh-pip\/","title":{"rendered":"M\u00e1y t\u00ednh PIP"},"content":{"rendered":"\t\t<div data-elementor-type=\"wp-page\" data-elementor-id=\"13271\" class=\"elementor elementor-13271 elementor-6453\" data-elementor-post-type=\"page\">\n\t\t\t\t<div class=\"elementor-element elementor-element-49cd0cda e-con-full calculator-sub-banner sub-calc-bg e-flex e-con e-parent\" data-id=\"49cd0cda\" data-element_type=\"container\" data-settings=\"{&quot;background_background&quot;:&quot;classic&quot;}\">\n\t\t<div class=\"elementor-element elementor-element-74508e9 e-con-full e-flex e-con e-child\" data-id=\"74508e9\" data-element_type=\"container\" data-settings=\"{&quot;background_background&quot;:&quot;classic&quot;}\">\n\t\t\t\t<div class=\"elementor-element elementor-element-378cfcc2 elementor-widget elementor-widget-heading\" data-id=\"378cfcc2\" data-element_type=\"widget\" data-widget_type=\"heading.default\">\n\t\t\t\t<div class=\"elementor-widget-container\">\n\t\t\t\t\t<h2 class=\"elementor-heading-title elementor-size-default\"><span>M\u00e1y t\u00ednh<\/span> PIP<\/h2>\t\t\t\t<\/div>\n\t\t\t\t<\/div>\n\t\t\t\t<div class=\"elementor-element elementor-element-17507c1c elementor-widget elementor-widget-heading\" data-id=\"17507c1c\" data-element_type=\"widget\" data-widget_type=\"heading.default\">\n\t\t\t\t<div class=\"elementor-widget-container\">\n\t\t\t\t\t<p class=\"elementor-heading-title elementor-size-default\">Ti\u1ebfp c\u1eadn th\u1ecb tr\u01b0\u1eddng ti\u1ec1n t\u1ec7 to\u00e0n c\u1ea7u v\u1edbi t\u1ed1c \u0111\u1ed9 th\u1ef1c hi\u1ec7n nhanh ch\u00f3ng v\u00e0 ch\u00eanh l\u1ec7ch gi\u00e1 c\u00f4ng b\u1eb1ng<\/p>\t\t\t\t<\/div>\n\t\t\t\t<\/div>\n\t\t\t\t<\/div>\n\t\t<div class=\"elementor-element elementor-element-1f534053 e-con-full e-flex e-con e-child\" data-id=\"1f534053\" data-element_type=\"container\" data-settings=\"{&quot;background_background&quot;:&quot;classic&quot;}\">\n\t\t<div class=\"elementor-element elementor-element-58969a89 e-flex e-con-boxed e-con e-child\" data-id=\"58969a89\" data-element_type=\"container\">\n\t\t\t\t\t<div class=\"e-con-inner\">\n\t\t\t\t<div class=\"elementor-element elementor-element-692dad55 elementor-align-left calc-banner-link elementor-widget elementor-widget-breadcrumbs\" data-id=\"692dad55\" data-element_type=\"widget\" data-widget_type=\"breadcrumbs.default\">\n\t\t\t\t<div class=\"elementor-widget-container\">\n\t\t\t\t\t<p id=\"breadcrumbs\"><span><span><a href=\"https:\/\/finpros.com\/\">Trang ch\u1ee7<\/a><\/span><\/span><\/p>\t\t\t\t<\/div>\n\t\t\t\t<\/div>\n\t\t\t\t\t<\/div>\n\t\t\t\t<\/div>\n\t\t\t\t<\/div>\n\t\t\t\t<\/div>\n\t\t<div class=\"elementor-element elementor-element-2fac50f e-flex e-con-boxed e-con e-parent\" data-id=\"2fac50f\" data-element_type=\"container\">\n\t\t\t\t\t<div class=\"e-con-inner\">\n\t\t<div class=\"elementor-element elementor-element-4997a57 e-con-full e-flex e-con e-child\" data-id=\"4997a57\" data-element_type=\"container\">\n\t\t\t\t<div class=\"elementor-element elementor-element-1ec21d1 elementor-widget elementor-widget-heading\" data-id=\"1ec21d1\" data-element_type=\"widget\" data-widget_type=\"heading.default\">\n\t\t\t\t<div class=\"elementor-widget-container\">\n\t\t\t\t\t<h2 class=\"elementor-heading-title elementor-size-default\">  M\u00e1y <span>t\u00ednh<\/span> pip<\/h2>\t\t\t\t<\/div>\n\t\t\t\t<\/div>\n\t\t\t\t<\/div>\n\t\t<div class=\"elementor-element elementor-element-df56ab4 e-con-full e-flex e-con e-child\" data-id=\"df56ab4\" data-element_type=\"container\">\n\t\t\t\t<div class=\"elementor-element elementor-element-51bd7d2 elementor-widget elementor-widget-text-editor\" data-id=\"51bd7d2\" data-element_type=\"widget\" data-widget_type=\"text-editor.default\">\n\t\t\t\t<div class=\"elementor-widget-container\">\n\t\t\t\t\t\t\t\t\t<p>C\u00f4ng c\u1ee5 \u0111\u01a1n gi\u1ea3n n\u00e0y s\u1ebd h\u1ed7 tr\u1ee3 c\u00e1c nh\u00e0 giao d\u1ecbch, \u0111\u1eb7c bi\u1ec7t l\u00e0 c\u00e1c nh\u00e0 giao d\u1ecbch m\u1edbi v\u00e0o ngh\u1ec1, trong vi\u1ec7c t\u00ednh to\u00e1n s\u1ed1 pip cho m\u1ed7i giao d\u1ecbch.<\/p>\t\t\t\t\t\t\t\t<\/div>\n\t\t\t\t<\/div>\n\t\t\t\t<\/div>\n\t\t<div class=\"elementor-element elementor-element-f4a2424 e-con-full e-flex e-con e-child\" data-id=\"f4a2424\" data-element_type=\"container\">\n\t\t\t\t<div class=\"elementor-element elementor-element-fb967bb elementor-widget elementor-widget-text-editor\" data-id=\"fb967bb\" data-element_type=\"widget\" data-widget_type=\"text-editor.default\">\n\t\t\t\t<div class=\"elementor-widget-container\">\n\t\t\t\t\t\t\t\t\t<p><strong>V\u00ed d\u1ee5:<\/strong> Ch\u00fang ta s\u1ebd s\u1eed d\u1ee5ng l\u1ea1i v\u00ed d\u1ee5 EUR\/USD c\u1ee7a m\u00ecnh; n\u1ebfu b\u1ea1n mu\u1ed1n giao d\u1ecbch c\u1eb7p ti\u1ec1n t\u1ec7 ch\u00ednh EUR\/USD, v\u1edbi m\u1ee9c gi\u00e1 \u0111\u01b0\u1ee3c b\u00e1o l\u00e0 1,04275, v\u1edbi quy m\u00f4 giao d\u1ecbch l\u00e0 10.000, th\u00ec t\u01b0\u01a1ng \u0111\u01b0\u01a1ng v\u1edbi m\u1ed9t pip. Do \u0111\u00f3, b\u1ea1n \u0111ang m\u1ea1o hi\u1ec3m m\u1ed9t pip cho m\u1ed7i \u0111i\u1ec3m. <br><br><\/p><pre><em>*one lot equals 100,000 units.<\/em><\/pre>\t\t\t\t\t\t\t\t<\/div>\n\t\t\t\t<\/div>\n\t\t\t\t<\/div>\n\t\t\t\t\t<\/div>\n\t\t\t\t<\/div>\n\t\t<div class=\"elementor-element elementor-element-fa3bf46 e-flex e-con-boxed e-con e-parent\" data-id=\"fa3bf46\" data-element_type=\"container\">\n\t\t\t\t\t<div class=\"e-con-inner\">\n\t\t<div class=\"elementor-element elementor-element-eb702b9 e-con-full e-flex e-con e-child\" data-id=\"eb702b9\" data-element_type=\"container\">\n\t\t\t\t<div class=\"elementor-element elementor-element-c05ae7a elementor-widget elementor-widget-shortcode\" data-id=\"c05ae7a\" data-element_type=\"widget\" data-widget_type=\"shortcode.default\">\n\t\t\t\t<div class=\"elementor-widget-container\">\n\t\t\t\t\t\t\t<div class=\"elementor-shortcode\">    <div class=\"deposit-pip-calculator\">\r\n\r\n        <div class=\"calculator-container\">\r\n            <div class=\"calculator-header\">\r\n                <h3><i class=\"fas fa-calculator\"><\/i> Deposit Currency Pip Calculator<\/h3>\r\n                <p>Calculate pip values based on your account currency<\/p>\r\n            <\/div>\r\n            \r\n            <div class=\"calculator-body\">\r\n                <div class=\"input-section\">\r\n                    <div class=\"form-group\">\r\n                        <label for=\"dpc-deposit-currency\">Deposit Currency<\/label>\r\n                        <select id=\"dpc-deposit-currency\" class=\"form-control\">\r\n                            <option value=\"USD\">USD<\/option>\r\n                            <option value=\"EUR\">EUR<\/option>\r\n                            <option value=\"GBP\">GBP<\/option>\r\n                            <option value=\"JPY\">JPY<\/option>\r\n                            <option value=\"AUD\">AUD<\/option>\r\n                            <option value=\"CAD\">CAD<\/option>\r\n                        <\/select>\r\n                    <\/div>\r\n                    \r\n                    <div class=\"form-group\">\r\n                        <label for=\"dpc-currency-pair\">Currency Pair<\/label>\r\n                        <select id=\"dpc-currency-pair\" class=\"form-control\">\r\n                            <option value=\"\">Loading pairs...<\/option>\r\n                        <\/select>\r\n                    <\/div>\r\n                    \r\n                    <div class=\"form-group\">\r\n                        <label for=\"dpc-trade-size\">Trade Size (Lots)<\/label>\r\n                        <input type=\"number\" id=\"dpc-trade-size\" class=\"form-control\" value=\"1\" min=\"0.01\" step=\"0.01\">\r\n                    <\/div>\r\n                    \r\n                    <div class=\"form-group\">\r\n                        <label for=\"dpc-pip-amount\">Pip Amount<\/label>\r\n                        <input type=\"number\" id=\"dpc-pip-amount\" class=\"form-control\" value=\"10\" min=\"0.1\" step=\"0.1\">\r\n                    <\/div>\r\n                    \r\n                    <button id=\"dpc-calculate-btn\" class=\"calculate-btn\">\r\n                        <i class=\"fas fa-calculator\"><\/i> Calculate\r\n                    <\/button>\r\n                <\/div>\r\n                \r\n                <div class=\"results-section\">\r\n                    <div class=\"result-box\">\r\n                        <div class=\"result-title\">Pip Value<\/div>\r\n                        <div class=\"result-value\" id=\"dpc-pip-value\">0.00<\/div>\r\n                        <div class=\"result-currency\" id=\"dpc-pip-currency\">USD<\/div>\r\n                    <\/div>\r\n                    \r\n                    <div class=\"result-box\">\r\n                        <div class=\"result-title\">Total Value<\/div>\r\n                        <div class=\"result-value\" id=\"dpc-total-value\">0.00<\/div>\r\n                        <div class=\"result-currency\" id=\"dpc-total-currency\">USD<\/div>\r\n                    <\/div>\r\n                <\/div>\r\n            <\/div>\r\n            \r\n            <div class=\"calculator-footer\">\r\n                <p>Currency pairs loaded from CSV file. Update the file to modify available pairs.<\/p>\r\n            <\/div>\r\n        <\/div>\r\n        <\/div>\r\n    <\/div>\n\t\t\t\t\t\t<\/div>\n\t\t\t\t<\/div>\n\t\t\t\t<\/div>\n\t\t\t\t\t<\/div>\n\t\t\t\t<\/div>\n\t\t<div class=\"elementor-element elementor-element-6e61966 e-flex e-con-boxed e-con e-parent\" data-id=\"6e61966\" data-element_type=\"container\">\n\t\t\t\t\t<div class=\"e-con-inner\">\n\t\t\t\t<div class=\"elementor-element elementor-element-8f281e5 elementor-widget elementor-widget-heading\" data-id=\"8f281e5\" data-element_type=\"widget\" data-widget_type=\"heading.default\">\n\t\t\t\t<div class=\"elementor-widget-container\">\n\t\t\t\t\t<h2 class=\"elementor-heading-title elementor-size-default\">T\u00ecm <span>c\u00e2u tr\u1ea3 l\u1eddi<\/span> cho c\u00e2u h\u1ecfi th\u01b0\u1eddng g\u1eb7p<br> C\u00e2u h\u1ecfi<\/h2>\t\t\t\t<\/div>\n\t\t\t\t<\/div>\n\t\t\t\t<div class=\"elementor-element elementor-element-1b9121f elementor-widget__width-initial elementor-widget elementor-widget-shortcode\" data-id=\"1b9121f\" data-element_type=\"widget\" data-widget_type=\"shortcode.default\">\n\t\t\t\t<div class=\"elementor-widget-container\">\n\t\t\t\t\t\t\t<div class=\"elementor-shortcode\">            <div class=\"qae-faqs-container qae-faqs-toggle-container\">\n\t\t\t\t\t\t<div id=\"qaef-13509\" class=\"qe-faq-toggle giao-dich\">\n\t\t\t<div class=\"qe-toggle-title\">\n\t\t\t\t<h4>\n\t\t\t\t\t<i class=\"fa fa-minus-circle\"><\/i> L\u00e0m th\u1ebf n\u00e0o \u0111\u1ec3 t\u00f4i thay \u0111\u1ed5i m\u1eadt kh\u1ea9u?\t\t\t\t<\/h4>\n\t\t\t<\/div>\n\t\t\t<div class=\"qe-toggle-content\">\n\t\t\t\t<ul>\n<li>Nh\u1ea5n v\u00e0o n\u00fat \u201c\u0110\u0103ng nh\u1eadp\u201d r\u1ed3i \u201cQu\u00ean m\u1eadt kh\u1ea9u\u201d<\/li>\n<li>Nh\u1eadp email b\u1ea1n \u0111\u00e3 \u0111\u0103ng k\u00fd v\u00e0o tr\u01b0\u1eddng b\u1eaft bu\u1ed9c v\u00e0 nh\u1ea5n n\u00fat \u201cG\u1eedi\u201d.<\/li>\n<li>Ch\u00fang t\u00f4i s\u1ebd g\u1eedi cho b\u1ea1n li\u00ean k\u1ebft qua email \u0111\u1ec3 thay \u0111\u1ed5i m\u1eadt kh\u1ea9u.<\/li>\n<\/ul>\n\t\t\t<\/div>\n\t\t<\/div>\n\t\t\t\t<div id=\"qaef-13506\" class=\"qe-faq-toggle giao-dich\">\n\t\t\t<div class=\"qe-toggle-title\">\n\t\t\t\t<h4>\n\t\t\t\t\t<i class=\"fa fa-minus-circle\"><\/i> L\u00e0m th\u1ebf n\u00e0o \u0111\u1ec3 t\u00f4i c\u00f3 th\u1ec3 thay \u0111\u1ed5i th\u00f4ng tin t\u00e0i kho\u1ea3n c\u1ee7a m\u00ecnh?\t\t\t\t<\/h4>\n\t\t\t<\/div>\n\t\t\t<div class=\"qe-toggle-content\">\n\t\t\t\t<ul style=\"margin-left: -15px\">\n<li>Nh\u1ea5n v\u00e0o tab \u201cT\u00e0i kho\u1ea3n\u201d \u1edf g\u00f3c d\u01b0\u1edbi b\u00ean ph\u1ea3i, sau \u0111\u00f3 nh\u1ea5n v\u00e0o \u201cCh\u1ec9nh s\u1eeda h\u1ed3 s\u01a1\u201d.<\/li>\n<li>Tr\u00ean trang n\u00e0y, b\u1ea1n c\u00f3 th\u1ec3 ch\u1ec9nh s\u1eeda \u201cX\u1eed l\u00fd t\u00ecm ki\u1ebfm\u201d, \u201cT\u00ean t\u00edn hi\u1ec7u\u201d v\u00e0 \u201cH\u01b0\u1edbng d\u1eabn v\u1ed1n ch\u1ee7 s\u1edf h\u1eefu\u201d c\u1ee7a m\u00ecnh<\/li>\n<\/ul>\n\t\t\t<\/div>\n\t\t<\/div>\n\t\t\t\t<div id=\"qaef-13508\" class=\"qe-faq-toggle giao-dich\">\n\t\t\t<div class=\"qe-toggle-title\">\n\t\t\t\t<h4>\n\t\t\t\t\t<i class=\"fa fa-minus-circle\"><\/i> L\u00e0m th\u1ebf n\u00e0o \u0111\u1ec3 chuy\u1ec3n \u0111\u1ed5i t\u00e0i kho\u1ea3n giao d\u1ecbch c\u1ee7a t\u00f4i?\t\t\t\t<\/h4>\n\t\t\t<\/div>\n\t\t\t<div class=\"qe-toggle-content\">\n\t\t\t\t<ul style=\"margin-left: -15px\">\n<li>Nh\u1ea5n v\u00e0o tab \u201cT\u00e0i kho\u1ea3n\u201d \u1edf g\u00f3c d\u01b0\u1edbi b\u00ean ph\u1ea3i.<\/li>\n<li>Cu\u1ed9n xu\u1ed1ng d\u01b0\u1edbi c\u00f9ng v\u00e0 ch\u1ea1m v\u00e0o n\u00fat \u201cLi\u00ean k\u1ebft t\u00e0i kho\u1ea3n\u201d.<\/li>\n<li>Nh\u1eadp th\u00f4ng tin t\u00e0i kho\u1ea3n giao d\u1ecbch m\u1edbi c\u1ee7a b\u1ea1n.<\/li>\n<\/ul>\n\t\t\t<\/div>\n\t\t<\/div>\n\t\t            <\/div>\n\t\t<\/div>\n\t\t\t\t\t\t<\/div>\n\t\t\t\t<\/div>\n\t\t\t\t<div class=\"elementor-element elementor-element-52c45f8 elementor-align-center elementor-widget__width-auto read-more-link elementor-widget elementor-widget-button\" data-id=\"52c45f8\" data-element_type=\"widget\" data-widget_type=\"button.default\">\n\t\t\t\t<div class=\"elementor-widget-container\">\n\t\t\t\t\t\t\t\t\t<div class=\"elementor-button-wrapper\">\n\t\t\t\t\t<a class=\"elementor-button elementor-button-link elementor-size-sm\" href=\"https:\/\/finpros.com\/vi\/cau-hoi-thuong-gap\/\">\n\t\t\t\t\t\t<span class=\"elementor-button-content-wrapper\">\n\t\t\t\t\t\t<span class=\"elementor-button-icon\">\n\t\t\t\t<svg aria-hidden=\"true\" class=\"e-font-icon-svg e-fas-arrow-right\" viewBox=\"0 0 448 512\" xmlns=\"http:\/\/www.w3.org\/2000\/svg\"><path d=\"M190.5 66.9l22.2-22.2c9.4-9.4 24.6-9.4 33.9 0L441 239c9.4 9.4 9.4 24.6 0 33.9L246.6 467.3c-9.4 9.4-24.6 9.4-33.9 0l-22.2-22.2c-9.5-9.5-9.3-25 .4-34.3L311.4 296H24c-13.3 0-24-10.7-24-24v-32c0-13.3 10.7-24 24-24h287.4L190.9 101.2c-9.8-9.3-10-24.8-.4-34.3z\"><\/path><\/svg>\t\t\t<\/span>\n\t\t\t\t\t\t\t\t\t<span class=\"elementor-button-text\">\u0110\u1ecdc th\u00eam<\/span>\n\t\t\t\t\t<\/span>\n\t\t\t\t\t<\/a>\n\t\t\t\t<\/div>\n\t\t\t\t\t\t\t\t<\/div>\n\t\t\t\t<\/div>\n\t\t\t\t\t<\/div>\n\t\t\t\t<\/div>\n\t\t\t\t<\/div>\n\t\t","protected":false},"excerpt":{"rendered":"<p>M\u00e1y t\u00ednh PIP Ti\u1ebfp c\u1eadn th\u1ecb tr\u01b0\u1eddng ti\u1ec1n t\u1ec7 to\u00e0n c\u1ea7u v\u1edbi t\u1ed1c \u0111\u1ed9 th\u1ef1c hi\u1ec7n nhanh ch\u00f3ng v\u00e0 ch\u00eanh l\u1ec7ch gi\u00e1 c\u00f4ng b\u1eb1ng M\u00e1y t\u00ednh pip C\u00f4ng c\u1ee5 \u0111\u01a1n gi\u1ea3n n\u00e0y s\u1ebd h\u1ed7 tr\u1ee3 c\u00e1c nh\u00e0 giao d\u1ecbch, \u0111\u1eb7c bi\u1ec7t l\u00e0 c\u00e1c nh\u00e0 giao d\u1ecbch m\u1edbi v\u00e0o ngh\u1ec1, trong vi\u1ec7c t\u00ednh to\u00e1n s\u1ed1 pip [&hellip;]<\/p>\n","protected":false},"author":1,"featured_media":0,"parent":0,"menu_order":0,"comment_status":"closed","ping_status":"closed","template":"tpl-default-elementor.php","meta":{"footnotes":""},"class_list":["post-13271","page","type-page","status-publish","hentry"],"yoast_head":"<!-- This site is optimized with the Yoast SEO plugin v25.0 - https:\/\/yoast.com\/wordpress\/plugins\/seo\/ -->\n<title>M\u00e1y t\u00ednh PIP - FinPros<\/title>\n<meta name=\"robots\" content=\"index, follow, max-snippet:-1, max-image-preview:large, max-video-preview:-1\" \/>\n<link rel=\"canonical\" href=\"https:\/\/finpros.com\/vi\/may-tinh-pip\/\" \/>\n<meta property=\"og:locale\" content=\"vi_VN\" \/>\n<meta property=\"og:type\" content=\"article\" \/>\n<meta property=\"og:title\" content=\"M\u00e1y t\u00ednh PIP - FinPros\" \/>\n<meta property=\"og:description\" content=\"M\u00e1y t\u00ednh PIP Ti\u1ebfp c\u1eadn th\u1ecb tr\u01b0\u1eddng ti\u1ec1n t\u1ec7 to\u00e0n c\u1ea7u v\u1edbi t\u1ed1c \u0111\u1ed9 th\u1ef1c hi\u1ec7n nhanh ch\u00f3ng v\u00e0 ch\u00eanh l\u1ec7ch gi\u00e1 c\u00f4ng b\u1eb1ng M\u00e1y t\u00ednh pip C\u00f4ng c\u1ee5 \u0111\u01a1n gi\u1ea3n n\u00e0y s\u1ebd h\u1ed7 tr\u1ee3 c\u00e1c nh\u00e0 giao d\u1ecbch, \u0111\u1eb7c bi\u1ec7t l\u00e0 c\u00e1c nh\u00e0 giao d\u1ecbch m\u1edbi v\u00e0o ngh\u1ec1, trong vi\u1ec7c t\u00ednh to\u00e1n s\u1ed1 pip [&hellip;]\" \/>\n<meta property=\"og:url\" content=\"https:\/\/finpros.com\/vi\/may-tinh-pip\/\" \/>\n<meta property=\"og:site_name\" content=\"FinPros\" \/>\n<meta property=\"article:modified_time\" content=\"2025-05-28T18:32:15+00:00\" \/>\n<meta name=\"twitter:card\" content=\"summary_large_image\" \/>\n<meta name=\"twitter:label1\" content=\"Est. reading time\" \/>\n\t<meta name=\"twitter:data1\" content=\"1 minute\" \/>\n<script type=\"application\/ld+json\" class=\"yoast-schema-graph\">{\"@context\":\"https:\/\/schema.org\",\"@graph\":[{\"@type\":\"WebPage\",\"@id\":\"https:\/\/finpros.com\/vi\/may-tinh-pip\/\",\"url\":\"https:\/\/finpros.com\/vi\/may-tinh-pip\/\",\"name\":\"M\u00e1y t\u00ednh PIP - FinPros\",\"isPartOf\":{\"@id\":\"https:\/\/finpros.com\/#website\"},\"datePublished\":\"2025-04-16T15:33:08+00:00\",\"dateModified\":\"2025-05-28T18:32:15+00:00\",\"breadcrumb\":{\"@id\":\"https:\/\/finpros.com\/vi\/may-tinh-pip\/#breadcrumb\"},\"inLanguage\":\"vi-VN\",\"potentialAction\":[{\"@type\":\"ReadAction\",\"target\":[\"https:\/\/finpros.com\/vi\/may-tinh-pip\/\"]}]},{\"@type\":\"BreadcrumbList\",\"@id\":\"https:\/\/finpros.com\/vi\/may-tinh-pip\/#breadcrumb\",\"itemListElement\":[{\"@type\":\"ListItem\",\"position\":1,\"name\":\"Trang ch\u1ee7\",\"item\":\"https:\/\/finpros.com\/\"},{\"@type\":\"ListItem\",\"position\":2,\"name\":\"M\u00e1y t\u00ednh PIP\"}]},{\"@type\":\"WebSite\",\"@id\":\"https:\/\/finpros.com\/#website\",\"url\":\"https:\/\/finpros.com\/\",\"name\":\"FinPros\",\"description\":\"\",\"publisher\":{\"@id\":\"https:\/\/finpros.com\/#organization\"},\"potentialAction\":[{\"@type\":\"SearchAction\",\"target\":{\"@type\":\"EntryPoint\",\"urlTemplate\":\"https:\/\/finpros.com\/?s={search_term_string}\"},\"query-input\":{\"@type\":\"PropertyValueSpecification\",\"valueRequired\":true,\"valueName\":\"search_term_string\"}}],\"inLanguage\":\"vi-VN\"},{\"@type\":\"Organization\",\"@id\":\"https:\/\/finpros.com\/#organization\",\"name\":\"FinPros\",\"url\":\"https:\/\/finpros.com\/\",\"logo\":{\"@type\":\"ImageObject\",\"inLanguage\":\"vi-VN\",\"@id\":\"https:\/\/finpros.com\/#\/schema\/logo\/image\/\",\"url\":\"https:\/\/finpros.com\/wp-content\/uploads\/2025\/03\/FinPros-PNG-1.png\",\"contentUrl\":\"https:\/\/finpros.com\/wp-content\/uploads\/2025\/03\/FinPros-PNG-1.png\",\"width\":1050,\"height\":369,\"caption\":\"FinPros\"},\"image\":{\"@id\":\"https:\/\/finpros.com\/#\/schema\/logo\/image\/\"}}]}<\/script>\n<!-- \/ Yoast SEO plugin. -->","yoast_head_json":{"title":"M\u00e1y t\u00ednh PIP - FinPros","robots":{"index":"index","follow":"follow","max-snippet":"max-snippet:-1","max-image-preview":"max-image-preview:large","max-video-preview":"max-video-preview:-1"},"canonical":"https:\/\/finpros.com\/vi\/may-tinh-pip\/","og_locale":"vi_VN","og_type":"article","og_title":"M\u00e1y t\u00ednh PIP - FinPros","og_description":"M\u00e1y t\u00ednh PIP Ti\u1ebfp c\u1eadn th\u1ecb tr\u01b0\u1eddng ti\u1ec1n t\u1ec7 to\u00e0n c\u1ea7u v\u1edbi t\u1ed1c \u0111\u1ed9 th\u1ef1c hi\u1ec7n nhanh ch\u00f3ng v\u00e0 ch\u00eanh l\u1ec7ch gi\u00e1 c\u00f4ng b\u1eb1ng M\u00e1y t\u00ednh pip C\u00f4ng c\u1ee5 \u0111\u01a1n gi\u1ea3n n\u00e0y s\u1ebd h\u1ed7 tr\u1ee3 c\u00e1c nh\u00e0 giao d\u1ecbch, \u0111\u1eb7c bi\u1ec7t l\u00e0 c\u00e1c nh\u00e0 giao d\u1ecbch m\u1edbi v\u00e0o ngh\u1ec1, trong vi\u1ec7c t\u00ednh to\u00e1n s\u1ed1 pip [&hellip;]","og_url":"https:\/\/finpros.com\/vi\/may-tinh-pip\/","og_site_name":"FinPros","article_modified_time":"2025-05-28T18:32:15+00:00","twitter_card":"summary_large_image","twitter_misc":{"Est. reading time":"1 minute"},"schema":{"@context":"https:\/\/schema.org","@graph":[{"@type":"WebPage","@id":"https:\/\/finpros.com\/vi\/may-tinh-pip\/","url":"https:\/\/finpros.com\/vi\/may-tinh-pip\/","name":"M\u00e1y t\u00ednh PIP - FinPros","isPartOf":{"@id":"https:\/\/finpros.com\/#website"},"datePublished":"2025-04-16T15:33:08+00:00","dateModified":"2025-05-28T18:32:15+00:00","breadcrumb":{"@id":"https:\/\/finpros.com\/vi\/may-tinh-pip\/#breadcrumb"},"inLanguage":"vi-VN","potentialAction":[{"@type":"ReadAction","target":["https:\/\/finpros.com\/vi\/may-tinh-pip\/"]}]},{"@type":"BreadcrumbList","@id":"https:\/\/finpros.com\/vi\/may-tinh-pip\/#breadcrumb","itemListElement":[{"@type":"ListItem","position":1,"name":"Trang ch\u1ee7","item":"https:\/\/finpros.com\/"},{"@type":"ListItem","position":2,"name":"M\u00e1y t\u00ednh PIP"}]},{"@type":"WebSite","@id":"https:\/\/finpros.com\/#website","url":"https:\/\/finpros.com\/","name":"FinPros","description":"","publisher":{"@id":"https:\/\/finpros.com\/#organization"},"potentialAction":[{"@type":"SearchAction","target":{"@type":"EntryPoint","urlTemplate":"https:\/\/finpros.com\/?s={search_term_string}"},"query-input":{"@type":"PropertyValueSpecification","valueRequired":true,"valueName":"search_term_string"}}],"inLanguage":"vi-VN"},{"@type":"Organization","@id":"https:\/\/finpros.com\/#organization","name":"FinPros","url":"https:\/\/finpros.com\/","logo":{"@type":"ImageObject","inLanguage":"vi-VN","@id":"https:\/\/finpros.com\/#\/schema\/logo\/image\/","url":"https:\/\/finpros.com\/wp-content\/uploads\/2025\/03\/FinPros-PNG-1.png","contentUrl":"https:\/\/finpros.com\/wp-content\/uploads\/2025\/03\/FinPros-PNG-1.png","width":1050,"height":369,"caption":"FinPros"},"image":{"@id":"https:\/\/finpros.com\/#\/schema\/logo\/image\/"}}]}},"_links":{"self":[{"href":"https:\/\/finpros.com\/vi\/wp-json\/wp\/v2\/pages\/13271","targetHints":{"allow":["GET"]}}],"collection":[{"href":"https:\/\/finpros.com\/vi\/wp-json\/wp\/v2\/pages"}],"about":[{"href":"https:\/\/finpros.com\/vi\/wp-json\/wp\/v2\/types\/page"}],"author":[{"embeddable":true,"href":"https:\/\/finpros.com\/vi\/wp-json\/wp\/v2\/users\/1"}],"replies":[{"embeddable":true,"href":"https:\/\/finpros.com\/vi\/wp-json\/wp\/v2\/comments?post=13271"}],"version-history":[{"count":0,"href":"https:\/\/finpros.com\/vi\/wp-json\/wp\/v2\/pages\/13271\/revisions"}],"wp:attachment":[{"href":"https:\/\/finpros.com\/vi\/wp-json\/wp\/v2\/media?parent=13271"}],"curies":[{"name":"wp","href":"https:\/\/api.w.org\/{rel}","templated":true}]}}