{"id":13251,"date":"2023-03-14T08:27:41","date_gmt":"2023-03-14T08:27:41","guid":{"rendered":"https:\/\/finpros.com\/thi-truong\/"},"modified":"2025-06-11T09:33:13","modified_gmt":"2025-06-11T09:33:13","slug":"thi-truong","status":"publish","type":"page","link":"https:\/\/finpros.com\/vi\/thi-truong\/","title":{"rendered":"Th\u1ecb tr\u01b0\u1eddng"},"content":{"rendered":"\t\t<div data-elementor-type=\"wp-page\" data-elementor-id=\"13251\" class=\"elementor elementor-13251 elementor-27\" data-elementor-post-type=\"page\">\n\t\t\t\t<div class=\"elementor-element elementor-element-ce5aae7 e-con-full calculator-sub-banner e-flex e-con e-parent\" data-id=\"ce5aae7\" data-element_type=\"container\" data-settings=\"{&quot;background_background&quot;:&quot;classic&quot;}\">\n\t\t<div class=\"elementor-element elementor-element-4168424f e-con-full e-flex e-con e-child\" data-id=\"4168424f\" data-element_type=\"container\" data-settings=\"{&quot;background_background&quot;:&quot;classic&quot;}\">\n\t\t\t\t<div class=\"elementor-element elementor-element-4a2f1119 elementor-widget elementor-widget-heading\" data-id=\"4a2f1119\" data-element_type=\"widget\" data-widget_type=\"heading.default\">\n\t\t\t\t<div class=\"elementor-widget-container\">\n\t\t\t\t\t<h2 class=\"elementor-heading-title elementor-size-default\">Th\u1ecb tr\u01b0\u1eddng<\/h2>\t\t\t\t<\/div>\n\t\t\t\t<\/div>\n\t\t\t\t<div class=\"elementor-element elementor-element-bbe5685 elementor-widget elementor-widget-heading\" data-id=\"bbe5685\" data-element_type=\"widget\" data-widget_type=\"heading.default\">\n\t\t\t\t<div class=\"elementor-widget-container\">\n\t\t\t\t\t<p class=\"elementor-heading-title elementor-size-default\">L\u00e0m ch\u1ee7 th\u1ecb tr\u01b0\u1eddng v\u1edbi s\u1ef1 hi\u1ec3u bi\u1ebft s\u00e2u s\u1eafc v\u00e0 ch\u00ednh x\u00e1c<\/p>\t\t\t\t<\/div>\n\t\t\t\t<\/div>\n\t\t\t\t<\/div>\n\t\t<div class=\"elementor-element elementor-element-372e79be e-con-full e-flex e-con e-child\" data-id=\"372e79be\" data-element_type=\"container\">\n\t\t<div class=\"elementor-element elementor-element-57ffb265 e-flex e-con-boxed e-con e-child\" data-id=\"57ffb265\" data-element_type=\"container\">\n\t\t\t\t\t<div class=\"e-con-inner\">\n\t\t\t\t<div class=\"elementor-element elementor-element-42978780 elementor-align-left calc-banner-link bread-links elementor-widget elementor-widget-breadcrumbs\" data-id=\"42978780\" data-element_type=\"widget\" data-widget_type=\"breadcrumbs.default\">\n\t\t\t\t<div class=\"elementor-widget-container\">\n\t\t\t\t\t<p id=\"breadcrumbs\"><span><span><a href=\"https:\/\/finpros.com\/\">Trang ch\u1ee7<\/a><\/span><\/span><\/p>\t\t\t\t<\/div>\n\t\t\t\t<\/div>\n\t\t\t\t\t<\/div>\n\t\t\t\t<\/div>\n\t\t\t\t<\/div>\n\t\t\t\t<\/div>\n\t\t<div class=\"elementor-element elementor-element-30a4f0a3 e-flex e-con-boxed e-con e-parent\" data-id=\"30a4f0a3\" data-element_type=\"container\">\n\t\t\t\t\t<div class=\"e-con-inner\">\n\t\t<div class=\"elementor-element elementor-element-1b43f3d9 e-con-full e-flex e-con e-child\" data-id=\"1b43f3d9\" data-element_type=\"container\">\n\t\t<div class=\"elementor-element elementor-element-63e69355 e-grid e-con-full e-con e-child\" data-id=\"63e69355\" data-element_type=\"container\">\n\t\t\t\t<div class=\"elementor-element elementor-element-79ba2055 elementor-cta--valign-middle elementor-bg-transform elementor-bg-transform-move-up cal-tab-cs market-bx-cs elementor-widget__width-initial elementor-cta--skin-classic elementor-animated-content elementor-widget elementor-widget-call-to-action\" data-id=\"79ba2055\" data-element_type=\"widget\" data-widget_type=\"call-to-action.default\">\n\t\t\t\t<div class=\"elementor-widget-container\">\n\t\t\t\t\t\t\t<div class=\"elementor-cta\">\n\t\t\t\t\t<div class=\"elementor-cta__bg-wrapper\">\n\t\t\t\t<div class=\"elementor-cta__bg elementor-bg\" style=\"background-image: url(https:\/\/finpros.com\/wp-content\/uploads\/2023\/03\/Forex@4x-1024x621.png);\" role=\"img\" aria-label=\"Forex@4x\"><\/div>\n\t\t\t\t<div class=\"elementor-cta__bg-overlay\"><\/div>\n\t\t\t<\/div>\n\t\t\t\t\t\t\t<div class=\"elementor-cta__content\">\n\t\t\t\t\n\t\t\t\t\t\t\t\t\t<h2 class=\"elementor-cta__title elementor-cta__content-item elementor-content-item\">\n\t\t\t\t\t\tGiao d\u1ecbch Forex\t\t\t\t\t<\/h2>\n\t\t\t\t\n\t\t\t\t\t\t\t\t\t<div class=\"elementor-cta__description elementor-cta__content-item elementor-content-item\">\n\t\t\t\t\t\tTi\u1ebfp c\u1eadn th\u1ecb tr\u01b0\u1eddng ti\u1ec1n t\u1ec7 to\u00e0n c\u1ea7u v\u1edbi t\u1ed1c \u0111\u1ed9 th\u1ef1c hi\u1ec7n nhanh ch\u00f3ng\u2026\t\t\t\t\t<\/div>\n\t\t\t\t\n\t\t\t\t\t\t\t\t\t<div class=\"elementor-cta__button-wrapper elementor-cta__content-item elementor-content-item \">\n\t\t\t\t\t<a class=\"elementor-cta__button elementor-button elementor-size-\" href=\"https:\/\/finpros.com\/vi\/ngoai-hoi\/\">\n\t\t\t\t\t\t\u0110\u1ecdc th\u00eam\t\t\t\t\t<\/a>\n\t\t\t\t\t<\/div>\n\t\t\t\t\t\t\t<\/div>\n\t\t\t\t\t\t<\/div>\n\t\t\t\t\t\t<\/div>\n\t\t\t\t<\/div>\n\t\t\t\t<div class=\"elementor-element elementor-element-41d552be elementor-bg-transform elementor-bg-transform-move-up cal-tab-cs market-bx-cs elementor-cta--valign-middle elementor-widget__width-initial elementor-cta--skin-classic elementor-animated-content elementor-widget elementor-widget-call-to-action\" data-id=\"41d552be\" data-element_type=\"widget\" data-widget_type=\"call-to-action.default\">\n\t\t\t\t<div class=\"elementor-widget-container\">\n\t\t\t\t\t\t\t<div class=\"elementor-cta\">\n\t\t\t\t\t<div class=\"elementor-cta__bg-wrapper\">\n\t\t\t\t<div class=\"elementor-cta__bg elementor-bg\" style=\"background-image: url(https:\/\/finpros.com\/wp-content\/uploads\/2023\/03\/Indices@4x-1024x621.png);\" role=\"img\" aria-label=\"Indices@4x\"><\/div>\n\t\t\t\t<div class=\"elementor-cta__bg-overlay\"><\/div>\n\t\t\t<\/div>\n\t\t\t\t\t\t\t<div class=\"elementor-cta__content\">\n\t\t\t\t\n\t\t\t\t\t\t\t\t\t<h2 class=\"elementor-cta__title elementor-cta__content-item elementor-content-item\">\n\t\t\t\t\t\tCh\u1ec9 s\u1ed1 th\u01b0\u01a1ng m\u1ea1i\t\t\t\t\t<\/h2>\n\t\t\t\t\n\t\t\t\t\t\t\t\t\t<div class=\"elementor-cta__description elementor-cta__content-item elementor-content-item\">\n\t\t\t\t\t\tT\u1eadn d\u1ee5ng l\u1ee3i th\u1ebf t\u1eeb bi\u1ebfn \u0111\u1ed9ng gi\u00e1 \u1edf c\u00e1c th\u1ecb tr\u01b0\u1eddng h\u00e0ng \u0111\u1ea7u th\u1ebf gi\u1edbi\u2026\t\t\t\t\t<\/div>\n\t\t\t\t\n\t\t\t\t\t\t\t\t\t<div class=\"elementor-cta__button-wrapper elementor-cta__content-item elementor-content-item \">\n\t\t\t\t\t<a class=\"elementor-cta__button elementor-button elementor-size-\" href=\"https:\/\/finpros.com\/vi\/chi-so\/\">\n\t\t\t\t\t\t\u0110\u1ecdc th\u00eam\t\t\t\t\t<\/a>\n\t\t\t\t\t<\/div>\n\t\t\t\t\t\t\t<\/div>\n\t\t\t\t\t\t<\/div>\n\t\t\t\t\t\t<\/div>\n\t\t\t\t<\/div>\n\t\t\t\t<div class=\"elementor-element elementor-element-423b1f46 elementor-bg-transform elementor-bg-transform-move-up cal-tab-cs market-bx-cs elementor-cta--valign-middle elementor-widget__width-initial elementor-cta--skin-classic elementor-animated-content elementor-widget elementor-widget-call-to-action\" data-id=\"423b1f46\" data-element_type=\"widget\" data-widget_type=\"call-to-action.default\">\n\t\t\t\t<div class=\"elementor-widget-container\">\n\t\t\t\t\t\t\t<div class=\"elementor-cta\">\n\t\t\t\t\t<div class=\"elementor-cta__bg-wrapper\">\n\t\t\t\t<div class=\"elementor-cta__bg elementor-bg\" style=\"background-image: url(https:\/\/finpros.com\/wp-content\/uploads\/2023\/03\/Energy@4x-1024x621.png);\" role=\"img\" aria-label=\"Energy@4x\"><\/div>\n\t\t\t\t<div class=\"elementor-cta__bg-overlay\"><\/div>\n\t\t\t<\/div>\n\t\t\t\t\t\t\t<div class=\"elementor-cta__content\">\n\t\t\t\t\n\t\t\t\t\t\t\t\t\t<h2 class=\"elementor-cta__title elementor-cta__content-item elementor-content-item\">\n\t\t\t\t\t\tN\u0103ng l\u01b0\u1ee3ng th\u01b0\u01a1ng m\u1ea1i\t\t\t\t\t<\/h2>\n\t\t\t\t\n\t\t\t\t\t\t\t\t\t<div class=\"elementor-cta__description elementor-cta__content-item elementor-content-item\">\n\t\t\t\t\t\tT\u1eadn d\u1ee5ng s\u1ef1 bi\u1ebfn \u0111\u1ed9ng c\u1ee7a th\u1ecb tr\u01b0\u1eddng to\u00e0n c\u1ea7u v\u1edbi giao d\u1ecbch CFD\u2026\t\t\t\t\t<\/div>\n\t\t\t\t\n\t\t\t\t\t\t\t\t\t<div class=\"elementor-cta__button-wrapper elementor-cta__content-item elementor-content-item \">\n\t\t\t\t\t<a class=\"elementor-cta__button elementor-button elementor-size-\" href=\"https:\/\/finpros.com\/vi\/nang-luong\/\">\n\t\t\t\t\t\t\u0110\u1ecdc th\u00eam\t\t\t\t\t<\/a>\n\t\t\t\t\t<\/div>\n\t\t\t\t\t\t\t<\/div>\n\t\t\t\t\t\t<\/div>\n\t\t\t\t\t\t<\/div>\n\t\t\t\t<\/div>\n\t\t\t\t<div class=\"elementor-element elementor-element-5ecd5f86 elementor-bg-transform elementor-bg-transform-move-up cal-tab-cs market-bx-cs elementor-cta--valign-middle elementor-widget__width-initial elementor-cta--skin-classic elementor-animated-content elementor-widget elementor-widget-call-to-action\" data-id=\"5ecd5f86\" data-element_type=\"widget\" data-widget_type=\"call-to-action.default\">\n\t\t\t\t<div class=\"elementor-widget-container\">\n\t\t\t\t\t\t\t<div class=\"elementor-cta\">\n\t\t\t\t\t<div class=\"elementor-cta__bg-wrapper\">\n\t\t\t\t<div class=\"elementor-cta__bg elementor-bg\" style=\"background-image: url(https:\/\/finpros.com\/wp-content\/uploads\/2023\/03\/Metals@4x-1024x621.png);\" role=\"img\" aria-label=\"Metals@4x\"><\/div>\n\t\t\t\t<div class=\"elementor-cta__bg-overlay\"><\/div>\n\t\t\t<\/div>\n\t\t\t\t\t\t\t<div class=\"elementor-cta__content\">\n\t\t\t\t\n\t\t\t\t\t\t\t\t\t<h2 class=\"elementor-cta__title elementor-cta__content-item elementor-content-item\">\n\t\t\t\t\t\tKim lo\u1ea1i th\u01b0\u01a1ng m\u1ea1i\t\t\t\t\t<\/h2>\n\t\t\t\t\n\t\t\t\t\t\t\t\t\t<div class=\"elementor-cta__description elementor-cta__content-item elementor-content-item\">\n\t\t\t\t\t\tGiao d\u1ecbch kim lo\u1ea1i cho ph\u00e9p c\u00e1c nh\u00e0 \u0111\u1ea7u t\u01b0 mua v\u00e0 b\u00e1n kim lo\u1ea1i qu\u00fd\u2026\t\t\t\t\t<\/div>\n\t\t\t\t\n\t\t\t\t\t\t\t\t\t<div class=\"elementor-cta__button-wrapper elementor-cta__content-item elementor-content-item \">\n\t\t\t\t\t<a class=\"elementor-cta__button elementor-button elementor-size-\" href=\"https:\/\/finpros.com\/vi\/kim-loai\/\">\n\t\t\t\t\t\t\u0110\u1ecdc th\u00eam\t\t\t\t\t<\/a>\n\t\t\t\t\t<\/div>\n\t\t\t\t\t\t\t<\/div>\n\t\t\t\t\t\t<\/div>\n\t\t\t\t\t\t<\/div>\n\t\t\t\t<\/div>\n\t\t\t\t<div class=\"elementor-element elementor-element-46901ada elementor-bg-transform elementor-bg-transform-move-up cal-tab-cs market-bx-cs elementor-cta--valign-middle elementor-widget__width-initial elementor-cta--skin-classic elementor-animated-content elementor-widget elementor-widget-call-to-action\" data-id=\"46901ada\" data-element_type=\"widget\" data-widget_type=\"call-to-action.default\">\n\t\t\t\t<div class=\"elementor-widget-container\">\n\t\t\t\t\t\t\t<div class=\"elementor-cta\">\n\t\t\t\t\t<div class=\"elementor-cta__bg-wrapper\">\n\t\t\t\t<div class=\"elementor-cta__bg elementor-bg\" style=\"background-image: url(https:\/\/finpros.com\/wp-content\/uploads\/2023\/03\/Shares@4x-1024x621.png);\" role=\"img\" aria-label=\"Shares@4x\"><\/div>\n\t\t\t\t<div class=\"elementor-cta__bg-overlay\"><\/div>\n\t\t\t<\/div>\n\t\t\t\t\t\t\t<div class=\"elementor-cta__content\">\n\t\t\t\t\n\t\t\t\t\t\t\t\t\t<h2 class=\"elementor-cta__title elementor-cta__content-item elementor-content-item\">\n\t\t\t\t\t\tC\u1ed5 phi\u1ebfu giao d\u1ecbch\t\t\t\t\t<\/h2>\n\t\t\t\t\n\t\t\t\t\t\t\t\t\t<div class=\"elementor-cta__description elementor-cta__content-item elementor-content-item\">\n\t\t\t\t\t\tGiao d\u1ecbch c\u00e1c c\u1ed5 phi\u1ebfu ph\u1ed5 bi\u1ebfn nh\u01b0 Apple, Tesla v\u00e0 Amazon...\t\t\t\t\t<\/div>\n\t\t\t\t\n\t\t\t\t\t\t\t\t\t<div class=\"elementor-cta__button-wrapper elementor-cta__content-item elementor-content-item \">\n\t\t\t\t\t<a class=\"elementor-cta__button elementor-button elementor-size-\" href=\"\/share\/\">\n\t\t\t\t\t\t\u0110\u1ecdc th\u00eam\t\t\t\t\t<\/a>\n\t\t\t\t\t<\/div>\n\t\t\t\t\t\t\t<\/div>\n\t\t\t\t\t\t<\/div>\n\t\t\t\t\t\t<\/div>\n\t\t\t\t<\/div>\n\t\t\t\t<div class=\"elementor-element elementor-element-19834871 elementor-bg-transform elementor-bg-transform-move-up cal-tab-cs market-bx-cs elementor-cta--valign-middle elementor-widget__width-initial elementor-cta--skin-classic elementor-animated-content elementor-widget elementor-widget-call-to-action\" data-id=\"19834871\" data-element_type=\"widget\" data-widget_type=\"call-to-action.default\">\n\t\t\t\t<div class=\"elementor-widget-container\">\n\t\t\t\t\t\t\t<div class=\"elementor-cta\">\n\t\t\t\t\t<div class=\"elementor-cta__bg-wrapper\">\n\t\t\t\t<div class=\"elementor-cta__bg elementor-bg\" style=\"background-image: url(https:\/\/finpros.com\/wp-content\/uploads\/2023\/03\/Crypto@4x-1024x621.png);\" role=\"img\" aria-label=\"Crypto@4x\"><\/div>\n\t\t\t\t<div class=\"elementor-cta__bg-overlay\"><\/div>\n\t\t\t<\/div>\n\t\t\t\t\t\t\t<div class=\"elementor-cta__content\">\n\t\t\t\t\n\t\t\t\t\t\t\t\t\t<h2 class=\"elementor-cta__title elementor-cta__content-item elementor-content-item\">\n\t\t\t\t\t\tGiao d\u1ecbch ti\u1ec1n \u0111i\u1ec7n t\u1eed\t\t\t\t\t<\/h2>\n\t\t\t\t\n\t\t\t\t\t\t\t\t\t<div class=\"elementor-cta__description elementor-cta__content-item elementor-content-item\">\n\t\t\t\t\t\tGiao d\u1ecbch Bitcoin, Ethereum v\u00e0 c\u00e1c lo\u1ea1i ti\u1ec1n \u0111i\u1ec7n t\u1eed h\u00e0ng \u0111\u1ea7u kh\u00e1c\t\t\t\t\t<\/div>\n\t\t\t\t\n\t\t\t\t\t\t\t\t\t<div class=\"elementor-cta__button-wrapper elementor-cta__content-item elementor-content-item \">\n\t\t\t\t\t<a class=\"elementor-cta__button elementor-button elementor-size-\" href=\"https:\/\/finpros.com\/vi\/tien-dien-tu\/\">\n\t\t\t\t\t\t\u0110\u1ecdc th\u00eam\t\t\t\t\t<\/a>\n\t\t\t\t\t<\/div>\n\t\t\t\t\t\t\t<\/div>\n\t\t\t\t\t\t<\/div>\n\t\t\t\t\t\t<\/div>\n\t\t\t\t<\/div>\n\t\t\t\t<\/div>\n\t\t\t\t<\/div>\n\t\t\t\t\t<\/div>\n\t\t\t\t<\/div>\n\t\t<div class=\"elementor-element elementor-element-891e12c e-con-full e-flex e-con e-parent\" data-id=\"891e12c\" data-element_type=\"container\" data-settings=\"{&quot;background_background&quot;:&quot;classic&quot;}\">\n\t\t<div class=\"elementor-element elementor-element-e9f14a2 e-con-full e-flex e-con e-child\" data-id=\"e9f14a2\" data-element_type=\"container\">\n\t\t\t\t<div class=\"elementor-element elementor-element-b644b7a elementor-widget elementor-widget-heading\" data-id=\"b644b7a\" data-element_type=\"widget\" data-widget_type=\"heading.default\">\n\t\t\t\t<div class=\"elementor-widget-container\">\n\t\t\t\t\t<h2 class=\"elementor-heading-title elementor-size-default\">S\u1eb5n s\u00e0ng \u0111\u1ec3 b\u1eaft \u0111\u1ea7u ch\u01b0a?<\/h2>\t\t\t\t<\/div>\n\t\t\t\t<\/div>\n\t\t\t\t<div class=\"elementor-element elementor-element-acca17e elementor-widget elementor-widget-text-editor\" data-id=\"acca17e\" data-element_type=\"widget\" data-widget_type=\"text-editor.default\">\n\t\t\t\t<div class=\"elementor-widget-container\">\n\t\t\t\t\t\t\t\t\t<p>Ki\u1ec3m tra th\u1ecb tr\u01b0\u1eddng m\u00e0 kh\u00f4ng c\u00f3 r\u1ee7i ro \u2014 h\u00e3y m\u1edf t\u00e0i kho\u1ea3n demo mi\u1ec5n ph\u00ed ngay h\u00f4m nay!<\/p>\t\t\t\t\t\t\t\t<\/div>\n\t\t\t\t<\/div>\n\t\t\t\t<div class=\"elementor-element elementor-element-43853cb elementor-align-left elementor-widget__width-auto btn-arrow-rotate  elementor-widget elementor-widget-button\" data-id=\"43853cb\" data-element_type=\"widget\" data-widget_type=\"button.default\">\n\t\t\t\t<div class=\"elementor-widget-container\">\n\t\t\t\t\t\t\t\t\t<div class=\"elementor-button-wrapper\">\n\t\t\t\t\t<a class=\"elementor-button elementor-button-link elementor-size-sm\" href=\"https:\/\/play.google.com\/store\/apps\/details?id=com.FinPros.pelican\">\n\t\t\t\t\t\t<span class=\"elementor-button-content-wrapper\">\n\t\t\t\t\t\t<span class=\"elementor-button-icon\">\n\t\t\t\t<svg aria-hidden=\"true\" class=\"e-font-icon-svg e-fas-arrow-right\" viewBox=\"0 0 448 512\" xmlns=\"http:\/\/www.w3.org\/2000\/svg\"><path d=\"M190.5 66.9l22.2-22.2c9.4-9.4 24.6-9.4 33.9 0L441 239c9.4 9.4 9.4 24.6 0 33.9L246.6 467.3c-9.4 9.4-24.6 9.4-33.9 0l-22.2-22.2c-9.5-9.5-9.3-25 .4-34.3L311.4 296H24c-13.3 0-24-10.7-24-24v-32c0-13.3 10.7-24 24-24h287.4L190.9 101.2c-9.8-9.3-10-24.8-.4-34.3z\"><\/path><\/svg>\t\t\t<\/span>\n\t\t\t\t\t\t\t\t\t<span class=\"elementor-button-text\">  H\u00e3y th\u1eed t\u00e0i kho\u1ea3n demo<\/span>\n\t\t\t\t\t<\/span>\n\t\t\t\t\t<\/a>\n\t\t\t\t<\/div>\n\t\t\t\t\t\t\t\t<\/div>\n\t\t\t\t<\/div>\n\t\t\t\t<\/div>\n\t\t\t\t<\/div>\n\t\t\t\t<\/div>\n\t\t","protected":false},"excerpt":{"rendered":"<p>L\u00e0m ch\u1ee7 th\u1ecb tr\u01b0\u1eddng v\u1edbi s\u1ef1 hi\u1ec3u bi\u1ebft s\u00e2u s\u1eafc v\u00e0 ch\u00ednh x\u00e1c Giao d\u1ecbch Forex Ti\u1ebfp c\u1eadn th\u1ecb tr\u01b0\u1eddng ti\u1ec1n t\u1ec7 to\u00e0n c\u1ea7u v\u1edbi t\u1ed1c \u0111\u1ed9 th\u1ef1c hi\u1ec7n nhanh ch\u00f3ng\u2026 \u0110\u1ecdc th\u00eam Ch\u1ec9 s\u1ed1 th\u01b0\u01a1ng m\u1ea1i T\u1eadn d\u1ee5ng l\u1ee3i th\u1ebf t\u1eeb bi\u1ebfn \u0111\u1ed9ng gi\u00e1 \u1edf c\u00e1c th\u1ecb tr\u01b0\u1eddng h\u00e0ng \u0111\u1ea7u th\u1ebf gi\u1edbi\u2026 \u0110\u1ecdc th\u00eam [&hellip;]<\/p>\n","protected":false},"author":1,"featured_media":0,"parent":0,"menu_order":0,"comment_status":"closed","ping_status":"closed","template":"tpl-default-elementor.php","meta":{"footnotes":""},"class_list":["post-13251","page","type-page","status-publish","hentry"],"yoast_head":"<!-- This site is optimized with the Yoast SEO plugin v25.0 - https:\/\/yoast.com\/wordpress\/plugins\/seo\/ -->\n<title>Th\u1ecb tr\u01b0\u1eddng - FinPros<\/title>\n<meta name=\"robots\" content=\"index, follow, max-snippet:-1, max-image-preview:large, max-video-preview:-1\" \/>\n<link rel=\"canonical\" href=\"https:\/\/finpros.com\/vi\/thi-truong\/\" \/>\n<meta property=\"og:locale\" content=\"vi_VN\" \/>\n<meta property=\"og:type\" content=\"article\" \/>\n<meta property=\"og:title\" content=\"Th\u1ecb tr\u01b0\u1eddng - FinPros\" \/>\n<meta property=\"og:description\" content=\"L\u00e0m ch\u1ee7 th\u1ecb tr\u01b0\u1eddng v\u1edbi s\u1ef1 hi\u1ec3u bi\u1ebft s\u00e2u s\u1eafc v\u00e0 ch\u00ednh x\u00e1c Giao d\u1ecbch Forex Ti\u1ebfp c\u1eadn th\u1ecb tr\u01b0\u1eddng ti\u1ec1n t\u1ec7 to\u00e0n c\u1ea7u v\u1edbi t\u1ed1c \u0111\u1ed9 th\u1ef1c hi\u1ec7n nhanh ch\u00f3ng\u2026 \u0110\u1ecdc th\u00eam Ch\u1ec9 s\u1ed1 th\u01b0\u01a1ng m\u1ea1i T\u1eadn d\u1ee5ng l\u1ee3i th\u1ebf t\u1eeb bi\u1ebfn \u0111\u1ed9ng gi\u00e1 \u1edf c\u00e1c th\u1ecb tr\u01b0\u1eddng h\u00e0ng \u0111\u1ea7u th\u1ebf gi\u1edbi\u2026 \u0110\u1ecdc th\u00eam [&hellip;]\" \/>\n<meta property=\"og:url\" content=\"https:\/\/finpros.com\/vi\/thi-truong\/\" \/>\n<meta property=\"og:site_name\" content=\"FinPros\" \/>\n<meta property=\"article:modified_time\" content=\"2025-06-11T09:33:13+00:00\" \/>\n<meta name=\"twitter:card\" content=\"summary_large_image\" \/>\n<meta name=\"twitter:label1\" content=\"Est. reading time\" \/>\n\t<meta name=\"twitter:data1\" content=\"1 minute\" \/>\n<script type=\"application\/ld+json\" class=\"yoast-schema-graph\">{\"@context\":\"https:\/\/schema.org\",\"@graph\":[{\"@type\":\"WebPage\",\"@id\":\"https:\/\/finpros.com\/vi\/thi-truong\/\",\"url\":\"https:\/\/finpros.com\/vi\/thi-truong\/\",\"name\":\"Th\u1ecb tr\u01b0\u1eddng - FinPros\",\"isPartOf\":{\"@id\":\"https:\/\/finpros.com\/#website\"},\"datePublished\":\"2023-03-14T08:27:41+00:00\",\"dateModified\":\"2025-06-11T09:33:13+00:00\",\"breadcrumb\":{\"@id\":\"https:\/\/finpros.com\/vi\/thi-truong\/#breadcrumb\"},\"inLanguage\":\"vi-VN\",\"potentialAction\":[{\"@type\":\"ReadAction\",\"target\":[\"https:\/\/finpros.com\/vi\/thi-truong\/\"]}]},{\"@type\":\"BreadcrumbList\",\"@id\":\"https:\/\/finpros.com\/vi\/thi-truong\/#breadcrumb\",\"itemListElement\":[{\"@type\":\"ListItem\",\"position\":1,\"name\":\"Trang ch\u1ee7\",\"item\":\"https:\/\/finpros.com\/\"},{\"@type\":\"ListItem\",\"position\":2,\"name\":\"Th\u1ecb tr\u01b0\u1eddng\"}]},{\"@type\":\"WebSite\",\"@id\":\"https:\/\/finpros.com\/#website\",\"url\":\"https:\/\/finpros.com\/\",\"name\":\"FinPros\",\"description\":\"\",\"publisher\":{\"@id\":\"https:\/\/finpros.com\/#organization\"},\"potentialAction\":[{\"@type\":\"SearchAction\",\"target\":{\"@type\":\"EntryPoint\",\"urlTemplate\":\"https:\/\/finpros.com\/?s={search_term_string}\"},\"query-input\":{\"@type\":\"PropertyValueSpecification\",\"valueRequired\":true,\"valueName\":\"search_term_string\"}}],\"inLanguage\":\"vi-VN\"},{\"@type\":\"Organization\",\"@id\":\"https:\/\/finpros.com\/#organization\",\"name\":\"FinPros\",\"url\":\"https:\/\/finpros.com\/\",\"logo\":{\"@type\":\"ImageObject\",\"inLanguage\":\"vi-VN\",\"@id\":\"https:\/\/finpros.com\/#\/schema\/logo\/image\/\",\"url\":\"https:\/\/finpros.com\/wp-content\/uploads\/2025\/03\/FinPros-PNG-1.png\",\"contentUrl\":\"https:\/\/finpros.com\/wp-content\/uploads\/2025\/03\/FinPros-PNG-1.png\",\"width\":1050,\"height\":369,\"caption\":\"FinPros\"},\"image\":{\"@id\":\"https:\/\/finpros.com\/#\/schema\/logo\/image\/\"}}]}<\/script>\n<!-- \/ Yoast SEO plugin. -->","yoast_head_json":{"title":"Th\u1ecb tr\u01b0\u1eddng - FinPros","robots":{"index":"index","follow":"follow","max-snippet":"max-snippet:-1","max-image-preview":"max-image-preview:large","max-video-preview":"max-video-preview:-1"},"canonical":"https:\/\/finpros.com\/vi\/thi-truong\/","og_locale":"vi_VN","og_type":"article","og_title":"Th\u1ecb tr\u01b0\u1eddng - FinPros","og_description":"L\u00e0m ch\u1ee7 th\u1ecb tr\u01b0\u1eddng v\u1edbi s\u1ef1 hi\u1ec3u bi\u1ebft s\u00e2u s\u1eafc v\u00e0 ch\u00ednh x\u00e1c Giao d\u1ecbch Forex Ti\u1ebfp c\u1eadn th\u1ecb tr\u01b0\u1eddng ti\u1ec1n t\u1ec7 to\u00e0n c\u1ea7u v\u1edbi t\u1ed1c \u0111\u1ed9 th\u1ef1c hi\u1ec7n nhanh ch\u00f3ng\u2026 \u0110\u1ecdc th\u00eam Ch\u1ec9 s\u1ed1 th\u01b0\u01a1ng m\u1ea1i T\u1eadn d\u1ee5ng l\u1ee3i th\u1ebf t\u1eeb bi\u1ebfn \u0111\u1ed9ng gi\u00e1 \u1edf c\u00e1c th\u1ecb tr\u01b0\u1eddng h\u00e0ng \u0111\u1ea7u th\u1ebf gi\u1edbi\u2026 \u0110\u1ecdc th\u00eam [&hellip;]","og_url":"https:\/\/finpros.com\/vi\/thi-truong\/","og_site_name":"FinPros","article_modified_time":"2025-06-11T09:33:13+00:00","twitter_card":"summary_large_image","twitter_misc":{"Est. reading time":"1 minute"},"schema":{"@context":"https:\/\/schema.org","@graph":[{"@type":"WebPage","@id":"https:\/\/finpros.com\/vi\/thi-truong\/","url":"https:\/\/finpros.com\/vi\/thi-truong\/","name":"Th\u1ecb tr\u01b0\u1eddng - FinPros","isPartOf":{"@id":"https:\/\/finpros.com\/#website"},"datePublished":"2023-03-14T08:27:41+00:00","dateModified":"2025-06-11T09:33:13+00:00","breadcrumb":{"@id":"https:\/\/finpros.com\/vi\/thi-truong\/#breadcrumb"},"inLanguage":"vi-VN","potentialAction":[{"@type":"ReadAction","target":["https:\/\/finpros.com\/vi\/thi-truong\/"]}]},{"@type":"BreadcrumbList","@id":"https:\/\/finpros.com\/vi\/thi-truong\/#breadcrumb","itemListElement":[{"@type":"ListItem","position":1,"name":"Trang ch\u1ee7","item":"https:\/\/finpros.com\/"},{"@type":"ListItem","position":2,"name":"Th\u1ecb tr\u01b0\u1eddng"}]},{"@type":"WebSite","@id":"https:\/\/finpros.com\/#website","url":"https:\/\/finpros.com\/","name":"FinPros","description":"","publisher":{"@id":"https:\/\/finpros.com\/#organization"},"potentialAction":[{"@type":"SearchAction","target":{"@type":"EntryPoint","urlTemplate":"https:\/\/finpros.com\/?s={search_term_string}"},"query-input":{"@type":"PropertyValueSpecification","valueRequired":true,"valueName":"search_term_string"}}],"inLanguage":"vi-VN"},{"@type":"Organization","@id":"https:\/\/finpros.com\/#organization","name":"FinPros","url":"https:\/\/finpros.com\/","logo":{"@type":"ImageObject","inLanguage":"vi-VN","@id":"https:\/\/finpros.com\/#\/schema\/logo\/image\/","url":"https:\/\/finpros.com\/wp-content\/uploads\/2025\/03\/FinPros-PNG-1.png","contentUrl":"https:\/\/finpros.com\/wp-content\/uploads\/2025\/03\/FinPros-PNG-1.png","width":1050,"height":369,"caption":"FinPros"},"image":{"@id":"https:\/\/finpros.com\/#\/schema\/logo\/image\/"}}]}},"_links":{"self":[{"href":"https:\/\/finpros.com\/vi\/wp-json\/wp\/v2\/pages\/13251","targetHints":{"allow":["GET"]}}],"collection":[{"href":"https:\/\/finpros.com\/vi\/wp-json\/wp\/v2\/pages"}],"about":[{"href":"https:\/\/finpros.com\/vi\/wp-json\/wp\/v2\/types\/page"}],"author":[{"embeddable":true,"href":"https:\/\/finpros.com\/vi\/wp-json\/wp\/v2\/users\/1"}],"replies":[{"embeddable":true,"href":"https:\/\/finpros.com\/vi\/wp-json\/wp\/v2\/comments?post=13251"}],"version-history":[{"count":0,"href":"https:\/\/finpros.com\/vi\/wp-json\/wp\/v2\/pages\/13251\/revisions"}],"wp:attachment":[{"href":"https:\/\/finpros.com\/vi\/wp-json\/wp\/v2\/media?parent=13251"}],"curies":[{"name":"wp","href":"https:\/\/api.w.org\/{rel}","templated":true}]}}