{"id":17628,"date":"2025-04-14T08:56:29","date_gmt":"2025-04-14T08:56:29","guid":{"rendered":"https:\/\/finpros.com\/seguridad-de-los-fondos\/"},"modified":"2025-06-19T10:27:50","modified_gmt":"2025-06-19T10:27:50","slug":"seguridad-de-los-fondos","status":"publish","type":"page","link":"https:\/\/finpros.com\/es\/seguridad-de-los-fondos\/","title":{"rendered":"Seguridad de los fondos"},"content":{"rendered":"\t\t<div data-elementor-type=\"wp-page\" data-elementor-id=\"17628\" class=\"elementor elementor-17628 elementor-5512\" data-elementor-post-type=\"page\">\n\t\t\t\t<div class=\"elementor-element elementor-element-7416c55 e-con-full calculator-sub-banner e-flex e-con e-parent\" data-id=\"7416c55\" data-element_type=\"container\" data-settings=\"{&quot;background_background&quot;:&quot;classic&quot;}\">\n\t\t<div class=\"elementor-element elementor-element-59bf632f e-flex e-con-boxed e-con e-child\" data-id=\"59bf632f\" data-element_type=\"container\" data-settings=\"{&quot;background_background&quot;:&quot;classic&quot;}\">\n\t\t\t\t\t<div class=\"e-con-inner\">\n\t\t\t\t<div class=\"elementor-element elementor-element-1501c591 elementor-widget elementor-widget-heading\" data-id=\"1501c591\" data-element_type=\"widget\" data-widget_type=\"heading.default\">\n\t\t\t\t<div class=\"elementor-widget-container\">\n\t\t\t\t\t<h2 class=\"elementor-heading-title elementor-size-default\">Seguridad de los fondos<\/h2>\t\t\t\t<\/div>\n\t\t\t\t<\/div>\n\t\t\t\t<div class=\"elementor-element elementor-element-115d8ece elementor-widget elementor-widget-heading\" data-id=\"115d8ece\" data-element_type=\"widget\" data-widget_type=\"heading.default\">\n\t\t\t\t<div class=\"elementor-widget-container\">\n\t\t\t\t\t<p class=\"elementor-heading-title elementor-size-default\">Garantizar la seguridad de sus fondos: nuestro compromiso<\/p>\t\t\t\t<\/div>\n\t\t\t\t<\/div>\n\t\t\t\t\t<\/div>\n\t\t\t\t<\/div>\n\t\t<div class=\"elementor-element elementor-element-53383b45 e-con-full e-flex e-con e-child\" data-id=\"53383b45\" data-element_type=\"container\">\n\t\t<div class=\"elementor-element elementor-element-54a05b1b e-flex e-con-boxed e-con e-child\" data-id=\"54a05b1b\" data-element_type=\"container\">\n\t\t\t\t\t<div class=\"e-con-inner\">\n\t\t\t\t<div class=\"elementor-element elementor-element-57c663cf elementor-align-left calc-banner-link bread-links elementor-widget elementor-widget-breadcrumbs\" data-id=\"57c663cf\" data-element_type=\"widget\" data-widget_type=\"breadcrumbs.default\">\n\t\t\t\t<div class=\"elementor-widget-container\">\n\t\t\t\t\t<p id=\"breadcrumbs\"><span><span><a href=\"https:\/\/finpros.com\/\">Inicio<\/a><\/span><\/span><\/p>\t\t\t\t<\/div>\n\t\t\t\t<\/div>\n\t\t\t\t\t<\/div>\n\t\t\t\t<\/div>\n\t\t\t\t<\/div>\n\t\t\t\t<\/div>\n\t\t<div class=\"elementor-element elementor-element-93982d1 e-flex e-con-boxed e-con e-parent\" data-id=\"93982d1\" data-element_type=\"container\">\n\t\t\t\t\t<div class=\"e-con-inner\">\n\t\t<div class=\"elementor-element elementor-element-4215ce9 e-con-full e-flex e-con e-child\" data-id=\"4215ce9\" data-element_type=\"container\">\n\t\t\t\t<div class=\"elementor-element elementor-element-eb26127 elementor-widget elementor-widget-heading\" data-id=\"eb26127\" data-element_type=\"widget\" data-widget_type=\"heading.default\">\n\t\t\t\t<div class=\"elementor-widget-container\">\n\t\t\t\t\t<h2 class=\"elementor-heading-title elementor-size-default\">Sus fondos, nuestra prioridad: <span>seguridad sin igual en FinPros<\/span><\/h2>\t\t\t\t<\/div>\n\t\t\t\t<\/div>\n\t\t\t\t<div class=\"elementor-element elementor-element-5e9ee7e elementor-widget elementor-widget-text-editor\" data-id=\"5e9ee7e\" data-element_type=\"widget\" data-widget_type=\"text-editor.default\">\n\t\t\t\t<div class=\"elementor-widget-container\">\n\t\t\t\t\t\t\t\t\t<p>Como corredor completamente autorizado, FinPros sit\u00faa la seguridad de los fondos de los clientes en el centro de todo lo que hacemos. Aplicamos una estricta segregaci\u00f3n de fondos: los activos de los clientes est\u00e1n totalmente separados de los fondos de la empresa y se mantienen en cuentas de custodia independientes en bancos globales de primer nivel. <br><br>La conciliaci\u00f3n diaria y las auditor\u00edas independientes de terceros garantizan una transparencia y trazabilidad completas para cada transacci\u00f3n.<br><br><br>Para reforzar la protecci\u00f3n, implementamos cifrado AES-256 de grado bancario, autenticaci\u00f3n multifactor y monitoreo de riesgos las 24 horas del d\u00eda, los 7 d\u00edas de la semana, impulsado por IA, que detecta anomal\u00edas y previene el acceso no autorizado.<br><br><br>En FinPros, la seguridad de los fondos no es solo una promesa, es nuestro fundamento.<\/p>\t\t\t\t\t\t\t\t<\/div>\n\t\t\t\t<\/div>\n\t\t\t\t<div class=\"elementor-element elementor-element-1803115 elementor-align-left elementor-widget__width-auto btn-arrow-rotate elementor-widget elementor-widget-button\" data-id=\"1803115\" data-element_type=\"widget\" data-widget_type=\"button.default\">\n\t\t\t\t<div class=\"elementor-widget-container\">\n\t\t\t\t\t\t\t\t\t<div class=\"elementor-button-wrapper\">\n\t\t\t\t\t<a class=\"elementor-button elementor-button-link elementor-size-sm\" href=\"https:\/\/my.finpros.com\/register\/\">\n\t\t\t\t\t\t<span class=\"elementor-button-content-wrapper\">\n\t\t\t\t\t\t<span class=\"elementor-button-icon\">\n\t\t\t\t<svg aria-hidden=\"true\" class=\"e-font-icon-svg e-fas-arrow-right\" viewBox=\"0 0 448 512\" xmlns=\"http:\/\/www.w3.org\/2000\/svg\"><path d=\"M190.5 66.9l22.2-22.2c9.4-9.4 24.6-9.4 33.9 0L441 239c9.4 9.4 9.4 24.6 0 33.9L246.6 467.3c-9.4 9.4-24.6 9.4-33.9 0l-22.2-22.2c-9.5-9.5-9.3-25 .4-34.3L311.4 296H24c-13.3 0-24-10.7-24-24v-32c0-13.3 10.7-24 24-24h287.4L190.9 101.2c-9.8-9.3-10-24.8-.4-34.3z\"><\/path><\/svg>\t\t\t<\/span>\n\t\t\t\t\t\t\t\t\t<span class=\"elementor-button-text\">Comience a operar hoy<\/span>\n\t\t\t\t\t<\/span>\n\t\t\t\t\t<\/a>\n\t\t\t\t<\/div>\n\t\t\t\t\t\t\t\t<\/div>\n\t\t\t\t<\/div>\n\t\t\t\t<\/div>\n\t\t<div class=\"elementor-element elementor-element-e5ab994 e-con-full e-flex e-con e-child\" data-id=\"e5ab994\" data-element_type=\"container\">\n\t\t\t\t<div class=\"elementor-element elementor-element-48948b6 elementor-widget elementor-widget-image\" data-id=\"48948b6\" data-element_type=\"widget\" data-widget_type=\"image.default\">\n\t\t\t\t<div class=\"elementor-widget-container\">\n\t\t\t\t\t\t\t\t\t\t\t\t\t\t\t<img fetchpriority=\"high\" decoding=\"async\" width=\"386\" height=\"436\" src=\"https:\/\/finpros.com\/wp-content\/uploads\/2025\/05\/Group-25.jpg\" class=\"attachment-large size-large wp-image-17639\" alt=\"\" srcset=\"https:\/\/finpros.com\/wp-content\/uploads\/2025\/05\/Group-25.jpg 386w, https:\/\/finpros.com\/wp-content\/uploads\/2025\/05\/Group-25-266x300.jpg 266w\" sizes=\"(max-width: 386px) 100vw, 386px\" \/>\t\t\t\t\t\t\t\t\t\t\t\t\t\t\t<\/div>\n\t\t\t\t<\/div>\n\t\t\t\t<\/div>\n\t\t\t\t\t<\/div>\n\t\t\t\t<\/div>\n\t\t<div class=\"elementor-element elementor-element-c11ab13 e-con-full e-flex e-con e-parent\" data-id=\"c11ab13\" data-element_type=\"container\" data-settings=\"{&quot;background_background&quot;:&quot;classic&quot;}\">\n\t\t<div class=\"elementor-element elementor-element-43b578e e-con-full e-flex e-con e-child\" data-id=\"43b578e\" data-element_type=\"container\" data-settings=\"{&quot;background_background&quot;:&quot;classic&quot;}\">\n\t\t<div class=\"elementor-element elementor-element-5ff73ea e-con-full e-flex e-con e-child\" data-id=\"5ff73ea\" data-element_type=\"container\">\n\t\t<div class=\"elementor-element elementor-element-d986a6b e-con-full e-flex e-con e-child\" data-id=\"d986a6b\" data-element_type=\"container\">\n\t\t\t\t<div class=\"elementor-element elementor-element-e14c751 elementor-widget elementor-widget-heading\" data-id=\"e14c751\" data-element_type=\"widget\" data-widget_type=\"heading.default\">\n\t\t\t\t<div class=\"elementor-widget-container\">\n\t\t\t\t\t<h5 class=\"elementor-heading-title elementor-size-default\">Bancos Cooperativos<\/h5>\t\t\t\t<\/div>\n\t\t\t\t<\/div>\n\t\t\t\t<div class=\"elementor-element elementor-element-85a19a4 elementor-widget elementor-widget-heading\" data-id=\"85a19a4\" data-element_type=\"widget\" data-widget_type=\"heading.default\">\n\t\t\t\t<div class=\"elementor-widget-container\">\n\t\t\t\t\t<h3 class=\"elementor-heading-title elementor-size-default\"><span>MUNDIALMENTE RECONOCIDOS<\/span> Bancos de confianza<\/h3>\t\t\t\t<\/div>\n\t\t\t\t<\/div>\n\t\t\t\t<\/div>\n\t\t\t\t<div class=\"elementor-element elementor-element-d7fbe0b elementor-widget elementor-widget-text-editor\" data-id=\"d7fbe0b\" data-element_type=\"widget\" data-widget_type=\"text-editor.default\">\n\t\t\t\t<div class=\"elementor-widget-container\">\n\t\t\t\t\t\t\t\t\t<p>Asociados con los principales bancos internacionales para transacciones globales sin problemas<\/p>\t\t\t\t\t\t\t\t<\/div>\n\t\t\t\t<\/div>\n\t\t\t\t<\/div>\n\t\t<div class=\"elementor-element elementor-element-9999613 e-con-full e-flex e-con e-child\" data-id=\"9999613\" data-element_type=\"container\">\n\t\t\t\t<div class=\"elementor-element elementor-element-f9f171a elementor-widget-divider--view-line elementor-widget elementor-widget-divider\" data-id=\"f9f171a\" data-element_type=\"widget\" data-widget_type=\"divider.default\">\n\t\t\t\t<div class=\"elementor-widget-container\">\n\t\t\t\t\t\t\t<div class=\"elementor-divider\">\n\t\t\t<span class=\"elementor-divider-separator\">\n\t\t\t\t\t\t<\/span>\n\t\t<\/div>\n\t\t\t\t\t\t<\/div>\n\t\t\t\t<\/div>\n\t\t\t\t<\/div>\n\t\t<div class=\"elementor-element elementor-element-51a96d2 e-grid e-con-full partner-logo-cs e-con e-child\" data-id=\"51a96d2\" data-element_type=\"container\">\n\t\t\t\t<div class=\"elementor-element elementor-element-b83d4dc elementor-widget elementor-widget-image\" data-id=\"b83d4dc\" data-element_type=\"widget\" data-widget_type=\"image.default\">\n\t\t\t\t<div class=\"elementor-widget-container\">\n\t\t\t\t\t\t\t\t\t\t\t\t\t\t\t<img decoding=\"async\" width=\"375\" height=\"64\" src=\"https:\/\/finpros.com\/wp-content\/uploads\/2025\/04\/Barclays-logo.png\" class=\"attachment-large size-large wp-image-17629\" alt=\"\" srcset=\"https:\/\/finpros.com\/wp-content\/uploads\/2025\/04\/Barclays-logo.png 375w, https:\/\/finpros.com\/wp-content\/uploads\/2025\/04\/Barclays-logo-300x51.png 300w, https:\/\/finpros.com\/wp-content\/uploads\/2025\/04\/Barclays-logo-370x64.png 370w\" sizes=\"(max-width: 375px) 100vw, 375px\" \/>\t\t\t\t\t\t\t\t\t\t\t\t\t\t\t<\/div>\n\t\t\t\t<\/div>\n\t\t\t\t<div class=\"elementor-element elementor-element-7fd38b2 elementor-widget elementor-widget-image\" data-id=\"7fd38b2\" data-element_type=\"widget\" data-widget_type=\"image.default\">\n\t\t\t\t<div class=\"elementor-widget-container\">\n\t\t\t\t\t\t\t\t\t\t\t\t\t\t\t<img decoding=\"async\" width=\"525\" height=\"108\" src=\"https:\/\/finpros.com\/wp-content\/uploads\/2025\/04\/jp-morgan-logo-1024x210.png\" class=\"attachment-large size-large wp-image-17630\" alt=\"\" srcset=\"https:\/\/finpros.com\/wp-content\/uploads\/2025\/04\/jp-morgan-logo-1024x210.png 1024w, https:\/\/finpros.com\/wp-content\/uploads\/2025\/04\/jp-morgan-logo-300x62.png 300w, https:\/\/finpros.com\/wp-content\/uploads\/2025\/04\/jp-morgan-logo-768x158.png 768w, https:\/\/finpros.com\/wp-content\/uploads\/2025\/04\/jp-morgan-logo-1536x316.png 1536w, https:\/\/finpros.com\/wp-content\/uploads\/2025\/04\/jp-morgan-logo-2048x421.png 2048w\" sizes=\"(max-width: 525px) 100vw, 525px\" \/>\t\t\t\t\t\t\t\t\t\t\t\t\t\t\t<\/div>\n\t\t\t\t<\/div>\n\t\t\t\t<div class=\"elementor-element elementor-element-31bda3e elementor-widget elementor-widget-image\" data-id=\"31bda3e\" data-element_type=\"widget\" data-widget_type=\"image.default\">\n\t\t\t\t<div class=\"elementor-widget-container\">\n\t\t\t\t\t\t\t\t\t\t\t\t\t\t\t<img loading=\"lazy\" decoding=\"async\" width=\"525\" height=\"315\" src=\"https:\/\/finpros.com\/wp-content\/uploads\/2025\/04\/Citibank-logo-1024x614.jpg\" class=\"attachment-large size-large wp-image-17631\" alt=\"\" srcset=\"https:\/\/finpros.com\/wp-content\/uploads\/2025\/04\/Citibank-logo-1024x614.jpg 1024w, https:\/\/finpros.com\/wp-content\/uploads\/2025\/04\/Citibank-logo-300x180.jpg 300w, https:\/\/finpros.com\/wp-content\/uploads\/2025\/04\/Citibank-logo-768x461.jpg 768w, https:\/\/finpros.com\/wp-content\/uploads\/2025\/04\/Citibank-logo-1536x922.jpg 1536w, https:\/\/finpros.com\/wp-content\/uploads\/2025\/04\/Citibank-logo-2048x1229.jpg 2048w, https:\/\/finpros.com\/wp-content\/uploads\/2025\/04\/Citibank-logo-270x161.jpg 270w\" sizes=\"(max-width: 525px) 100vw, 525px\" \/>\t\t\t\t\t\t\t\t\t\t\t\t\t\t\t<\/div>\n\t\t\t\t<\/div>\n\t\t\t\t<div class=\"elementor-element elementor-element-06071c9 elementor-widget elementor-widget-image\" data-id=\"06071c9\" data-element_type=\"widget\" data-widget_type=\"image.default\">\n\t\t\t\t<div class=\"elementor-widget-container\">\n\t\t\t\t\t\t\t\t\t\t\t\t\t\t\t<img loading=\"lazy\" decoding=\"async\" width=\"525\" height=\"290\" src=\"https:\/\/finpros.com\/wp-content\/uploads\/2025\/04\/DBS-logo-1024x566.jpg\" class=\"attachment-large size-large wp-image-17632\" alt=\"\" srcset=\"https:\/\/finpros.com\/wp-content\/uploads\/2025\/04\/DBS-logo-1024x566.jpg 1024w, https:\/\/finpros.com\/wp-content\/uploads\/2025\/04\/DBS-logo-300x166.jpg 300w, https:\/\/finpros.com\/wp-content\/uploads\/2025\/04\/DBS-logo-768x425.jpg 768w, https:\/\/finpros.com\/wp-content\/uploads\/2025\/04\/DBS-logo-1536x850.jpg 1536w, https:\/\/finpros.com\/wp-content\/uploads\/2025\/04\/DBS-logo-2048x1133.jpg 2048w\" sizes=\"(max-width: 525px) 100vw, 525px\" \/>\t\t\t\t\t\t\t\t\t\t\t\t\t\t\t<\/div>\n\t\t\t\t<\/div>\n\t\t\t\t<\/div>\n\t\t\t\t<\/div>\n\t\t\t\t<\/div>\n\t\t<div class=\"elementor-element elementor-element-57d2d48 e-flex e-con-boxed e-con e-parent\" data-id=\"57d2d48\" data-element_type=\"container\" data-settings=\"{&quot;background_background&quot;:&quot;classic&quot;}\">\n\t\t\t\t\t<div class=\"e-con-inner\">\n\t\t<div class=\"elementor-element elementor-element-48e4374 e-flex e-con-boxed e-con e-child\" data-id=\"48e4374\" data-element_type=\"container\">\n\t\t\t\t\t<div class=\"e-con-inner\">\n\t\t\t\t<div class=\"elementor-element elementor-element-b29d481 elementor-widget elementor-widget-heading\" data-id=\"b29d481\" data-element_type=\"widget\" data-widget_type=\"heading.default\">\n\t\t\t\t<div class=\"elementor-widget-container\">\n\t\t\t\t\t<h2 class=\"elementor-heading-title elementor-size-default\">Cuentas <span>segregadas<\/span>\n<\/h2>\t\t\t\t<\/div>\n\t\t\t\t<\/div>\n\t\t\t\t<div class=\"elementor-element elementor-element-ac2e033 elementor-widget elementor-widget-text-editor\" data-id=\"ac2e033\" data-element_type=\"widget\" data-widget_type=\"text-editor.default\">\n\t\t\t\t<div class=\"elementor-widget-container\">\n\t\t\t\t\t\t\t\t\t<p>Para mejorar la seguridad financiera, utilizamos un \u201cenfoque segregado\u201d, depositando los fondos de los clientes en una \u201ccuenta protegida\u201d con instituciones de cr\u00e9dito autorizadas. Este m\u00e9todo garantiza que los fondos permanezcan seguros, f\u00e1cilmente disponibles y completamente protegidos en todo momento. <\/p>\t\t\t\t\t\t\t\t<\/div>\n\t\t\t\t<\/div>\n\t\t\t\t\t<\/div>\n\t\t\t\t<\/div>\n\t\t<div class=\"elementor-element elementor-element-0b7ddfd e-con-full e-flex e-con e-child\" data-id=\"0b7ddfd\" data-element_type=\"container\">\n\t\t<div class=\"elementor-element elementor-element-5526deb e-flex e-con-boxed e-con e-child\" data-id=\"5526deb\" data-element_type=\"container\">\n\t\t\t\t\t<div class=\"e-con-inner\">\n\t\t\t\t<div class=\"elementor-element elementor-element-5a72f12 elementor-widget elementor-widget-image\" data-id=\"5a72f12\" data-element_type=\"widget\" data-widget_type=\"image.default\">\n\t\t\t\t<div class=\"elementor-widget-container\">\n\t\t\t\t\t\t\t\t\t\t\t\t\t\t\t<img loading=\"lazy\" decoding=\"async\" width=\"4523\" height=\"712\" src=\"https:\/\/finpros.com\/wp-content\/uploads\/2025\/04\/Clear.Bank-Logo.png\" class=\"elementor-animation-pulse-shrink attachment-full size-full wp-image-17633\" alt=\"\" srcset=\"https:\/\/finpros.com\/wp-content\/uploads\/2025\/04\/Clear.Bank-Logo.png 4523w, https:\/\/finpros.com\/wp-content\/uploads\/2025\/04\/Clear.Bank-Logo-300x47.png 300w, https:\/\/finpros.com\/wp-content\/uploads\/2025\/04\/Clear.Bank-Logo-1024x161.png 1024w, https:\/\/finpros.com\/wp-content\/uploads\/2025\/04\/Clear.Bank-Logo-768x121.png 768w, https:\/\/finpros.com\/wp-content\/uploads\/2025\/04\/Clear.Bank-Logo-1536x242.png 1536w, https:\/\/finpros.com\/wp-content\/uploads\/2025\/04\/Clear.Bank-Logo-2048x322.png 2048w\" sizes=\"(max-width: 4523px) 100vw, 4523px\" \/>\t\t\t\t\t\t\t\t\t\t\t\t\t\t\t<\/div>\n\t\t\t\t<\/div>\n\t\t\t\t<div class=\"elementor-element elementor-element-862fffc elementor-widget elementor-widget-image\" data-id=\"862fffc\" data-element_type=\"widget\" data-widget_type=\"image.default\">\n\t\t\t\t<div class=\"elementor-widget-container\">\n\t\t\t\t\t\t\t\t\t\t\t\t\t\t\t<img loading=\"lazy\" decoding=\"async\" width=\"1216\" height=\"316\" src=\"https:\/\/finpros.com\/wp-content\/uploads\/2025\/04\/equals-money.png\" class=\"elementor-animation-pulse-shrink attachment-full size-full wp-image-17634\" alt=\"\" srcset=\"https:\/\/finpros.com\/wp-content\/uploads\/2025\/04\/equals-money.png 1216w, https:\/\/finpros.com\/wp-content\/uploads\/2025\/04\/equals-money-300x78.png 300w, https:\/\/finpros.com\/wp-content\/uploads\/2025\/04\/equals-money-1024x266.png 1024w, https:\/\/finpros.com\/wp-content\/uploads\/2025\/04\/equals-money-768x200.png 768w\" sizes=\"(max-width: 1216px) 100vw, 1216px\" \/>\t\t\t\t\t\t\t\t\t\t\t\t\t\t\t<\/div>\n\t\t\t\t<\/div>\n\t\t\t\t<div class=\"elementor-element elementor-element-80d74cb elementor-widget elementor-widget-image\" data-id=\"80d74cb\" data-element_type=\"widget\" data-widget_type=\"image.default\">\n\t\t\t\t<div class=\"elementor-widget-container\">\n\t\t\t\t\t\t\t\t\t\t\t\t\t\t\t<img loading=\"lazy\" decoding=\"async\" width=\"300\" height=\"172\" src=\"https:\/\/finpros.com\/wp-content\/uploads\/2025\/04\/ifx-logo.png\" class=\"elementor-animation-pulse-shrink attachment-full size-full wp-image-17635\" alt=\"\" \/>\t\t\t\t\t\t\t\t\t\t\t\t\t\t\t<\/div>\n\t\t\t\t<\/div>\n\t\t\t\t\t<\/div>\n\t\t\t\t<\/div>\n\t\t\t\t<\/div>\n\t\t\t\t\t<\/div>\n\t\t\t\t<\/div>\n\t\t\t\t<\/div>\n\t\t","protected":false},"excerpt":{"rendered":"<p>Garantizar la seguridad de sus fondos: nuestro compromiso Sus fondos, nuestra prioridad: seguridad sin igual en FinPros Como corredor completamente autorizado, FinPros sit\u00faa la seguridad de los fondos de los clientes en el centro de todo lo que hacemos. Aplicamos una estricta segregaci\u00f3n de fondos: los activos de los clientes est\u00e1n totalmente separados de los [&hellip;]<\/p>\n","protected":false},"author":1,"featured_media":0,"parent":0,"menu_order":0,"comment_status":"closed","ping_status":"closed","template":"tpl-default-elementor.php","meta":{"footnotes":""},"class_list":["post-17628","page","type-page","status-publish","hentry"],"yoast_head":"<!-- This site is optimized with the Yoast SEO plugin v25.0 - https:\/\/yoast.com\/wordpress\/plugins\/seo\/ -->\n<title>Seguridad de los fondos - FinPros<\/title>\n<meta name=\"robots\" content=\"index, follow, max-snippet:-1, max-image-preview:large, max-video-preview:-1\" \/>\n<link rel=\"canonical\" href=\"https:\/\/finpros.com\/es\/seguridad-de-los-fondos\/\" \/>\n<meta property=\"og:locale\" content=\"es_ES\" \/>\n<meta property=\"og:type\" content=\"article\" \/>\n<meta property=\"og:title\" content=\"Seguridad de los fondos - FinPros\" \/>\n<meta property=\"og:description\" content=\"Garantizar la seguridad de sus fondos: nuestro compromiso Sus fondos, nuestra prioridad: seguridad sin igual en FinPros Como corredor completamente autorizado, FinPros sit\u00faa la seguridad de los fondos de los clientes en el centro de todo lo que hacemos. Aplicamos una estricta segregaci\u00f3n de fondos: los activos de los clientes est\u00e1n totalmente separados de los [&hellip;]\" \/>\n<meta property=\"og:url\" content=\"https:\/\/finpros.com\/es\/seguridad-de-los-fondos\/\" \/>\n<meta property=\"og:site_name\" content=\"FinPros\" \/>\n<meta property=\"article:modified_time\" content=\"2025-06-19T10:27:50+00:00\" \/>\n<meta property=\"og:image\" content=\"https:\/\/finpros.com\/wp-content\/uploads\/2025\/05\/Group-25.jpg\" \/>\n<meta name=\"twitter:card\" content=\"summary_large_image\" \/>\n<meta name=\"twitter:label1\" content=\"Tiempo de lectura\" \/>\n\t<meta name=\"twitter:data1\" content=\"1 minuto\" \/>\n<script type=\"application\/ld+json\" class=\"yoast-schema-graph\">{\"@context\":\"https:\/\/schema.org\",\"@graph\":[{\"@type\":\"WebPage\",\"@id\":\"https:\/\/finpros.com\/es\/seguridad-de-los-fondos\/\",\"url\":\"https:\/\/finpros.com\/es\/seguridad-de-los-fondos\/\",\"name\":\"Seguridad de los fondos - FinPros\",\"isPartOf\":{\"@id\":\"https:\/\/finpros.com\/#website\"},\"primaryImageOfPage\":{\"@id\":\"https:\/\/finpros.com\/es\/seguridad-de-los-fondos\/#primaryimage\"},\"image\":{\"@id\":\"https:\/\/finpros.com\/es\/seguridad-de-los-fondos\/#primaryimage\"},\"thumbnailUrl\":\"https:\/\/finpros.com\/wp-content\/uploads\/2025\/05\/Group-25.jpg\",\"datePublished\":\"2025-04-14T08:56:29+00:00\",\"dateModified\":\"2025-06-19T10:27:50+00:00\",\"breadcrumb\":{\"@id\":\"https:\/\/finpros.com\/es\/seguridad-de-los-fondos\/#breadcrumb\"},\"inLanguage\":\"es\",\"potentialAction\":[{\"@type\":\"ReadAction\",\"target\":[\"https:\/\/finpros.com\/es\/seguridad-de-los-fondos\/\"]}]},{\"@type\":\"ImageObject\",\"inLanguage\":\"es\",\"@id\":\"https:\/\/finpros.com\/es\/seguridad-de-los-fondos\/#primaryimage\",\"url\":\"https:\/\/finpros.com\/wp-content\/uploads\/2025\/05\/Group-25.jpg\",\"contentUrl\":\"https:\/\/finpros.com\/wp-content\/uploads\/2025\/05\/Group-25.jpg\"},{\"@type\":\"BreadcrumbList\",\"@id\":\"https:\/\/finpros.com\/es\/seguridad-de-los-fondos\/#breadcrumb\",\"itemListElement\":[{\"@type\":\"ListItem\",\"position\":1,\"name\":\"Inicio\",\"item\":\"https:\/\/finpros.com\/\"},{\"@type\":\"ListItem\",\"position\":2,\"name\":\"Seguridad de los fondos\"}]},{\"@type\":\"WebSite\",\"@id\":\"https:\/\/finpros.com\/#website\",\"url\":\"https:\/\/finpros.com\/\",\"name\":\"FinPros\",\"description\":\"\",\"publisher\":{\"@id\":\"https:\/\/finpros.com\/#organization\"},\"potentialAction\":[{\"@type\":\"SearchAction\",\"target\":{\"@type\":\"EntryPoint\",\"urlTemplate\":\"https:\/\/finpros.com\/?s={search_term_string}\"},\"query-input\":{\"@type\":\"PropertyValueSpecification\",\"valueRequired\":true,\"valueName\":\"search_term_string\"}}],\"inLanguage\":\"es\"},{\"@type\":\"Organization\",\"@id\":\"https:\/\/finpros.com\/#organization\",\"name\":\"FinPros\",\"url\":\"https:\/\/finpros.com\/\",\"logo\":{\"@type\":\"ImageObject\",\"inLanguage\":\"es\",\"@id\":\"https:\/\/finpros.com\/#\/schema\/logo\/image\/\",\"url\":\"https:\/\/finpros.com\/wp-content\/uploads\/2025\/03\/FinPros-PNG-1.png\",\"contentUrl\":\"https:\/\/finpros.com\/wp-content\/uploads\/2025\/03\/FinPros-PNG-1.png\",\"width\":1050,\"height\":369,\"caption\":\"FinPros\"},\"image\":{\"@id\":\"https:\/\/finpros.com\/#\/schema\/logo\/image\/\"}}]}<\/script>\n<!-- \/ Yoast SEO plugin. -->","yoast_head_json":{"title":"Seguridad de los fondos - FinPros","robots":{"index":"index","follow":"follow","max-snippet":"max-snippet:-1","max-image-preview":"max-image-preview:large","max-video-preview":"max-video-preview:-1"},"canonical":"https:\/\/finpros.com\/es\/seguridad-de-los-fondos\/","og_locale":"es_ES","og_type":"article","og_title":"Seguridad de los fondos - FinPros","og_description":"Garantizar la seguridad de sus fondos: nuestro compromiso Sus fondos, nuestra prioridad: seguridad sin igual en FinPros Como corredor completamente autorizado, FinPros sit\u00faa la seguridad de los fondos de los clientes en el centro de todo lo que hacemos. Aplicamos una estricta segregaci\u00f3n de fondos: los activos de los clientes est\u00e1n totalmente separados de los [&hellip;]","og_url":"https:\/\/finpros.com\/es\/seguridad-de-los-fondos\/","og_site_name":"FinPros","article_modified_time":"2025-06-19T10:27:50+00:00","og_image":[{"url":"https:\/\/finpros.com\/wp-content\/uploads\/2025\/05\/Group-25.jpg","type":"","width":"","height":""}],"twitter_card":"summary_large_image","twitter_misc":{"Tiempo de lectura":"1 minuto"},"schema":{"@context":"https:\/\/schema.org","@graph":[{"@type":"WebPage","@id":"https:\/\/finpros.com\/es\/seguridad-de-los-fondos\/","url":"https:\/\/finpros.com\/es\/seguridad-de-los-fondos\/","name":"Seguridad de los fondos - FinPros","isPartOf":{"@id":"https:\/\/finpros.com\/#website"},"primaryImageOfPage":{"@id":"https:\/\/finpros.com\/es\/seguridad-de-los-fondos\/#primaryimage"},"image":{"@id":"https:\/\/finpros.com\/es\/seguridad-de-los-fondos\/#primaryimage"},"thumbnailUrl":"https:\/\/finpros.com\/wp-content\/uploads\/2025\/05\/Group-25.jpg","datePublished":"2025-04-14T08:56:29+00:00","dateModified":"2025-06-19T10:27:50+00:00","breadcrumb":{"@id":"https:\/\/finpros.com\/es\/seguridad-de-los-fondos\/#breadcrumb"},"inLanguage":"es","potentialAction":[{"@type":"ReadAction","target":["https:\/\/finpros.com\/es\/seguridad-de-los-fondos\/"]}]},{"@type":"ImageObject","inLanguage":"es","@id":"https:\/\/finpros.com\/es\/seguridad-de-los-fondos\/#primaryimage","url":"https:\/\/finpros.com\/wp-content\/uploads\/2025\/05\/Group-25.jpg","contentUrl":"https:\/\/finpros.com\/wp-content\/uploads\/2025\/05\/Group-25.jpg"},{"@type":"BreadcrumbList","@id":"https:\/\/finpros.com\/es\/seguridad-de-los-fondos\/#breadcrumb","itemListElement":[{"@type":"ListItem","position":1,"name":"Inicio","item":"https:\/\/finpros.com\/"},{"@type":"ListItem","position":2,"name":"Seguridad de los fondos"}]},{"@type":"WebSite","@id":"https:\/\/finpros.com\/#website","url":"https:\/\/finpros.com\/","name":"FinPros","description":"","publisher":{"@id":"https:\/\/finpros.com\/#organization"},"potentialAction":[{"@type":"SearchAction","target":{"@type":"EntryPoint","urlTemplate":"https:\/\/finpros.com\/?s={search_term_string}"},"query-input":{"@type":"PropertyValueSpecification","valueRequired":true,"valueName":"search_term_string"}}],"inLanguage":"es"},{"@type":"Organization","@id":"https:\/\/finpros.com\/#organization","name":"FinPros","url":"https:\/\/finpros.com\/","logo":{"@type":"ImageObject","inLanguage":"es","@id":"https:\/\/finpros.com\/#\/schema\/logo\/image\/","url":"https:\/\/finpros.com\/wp-content\/uploads\/2025\/03\/FinPros-PNG-1.png","contentUrl":"https:\/\/finpros.com\/wp-content\/uploads\/2025\/03\/FinPros-PNG-1.png","width":1050,"height":369,"caption":"FinPros"},"image":{"@id":"https:\/\/finpros.com\/#\/schema\/logo\/image\/"}}]}},"_links":{"self":[{"href":"https:\/\/finpros.com\/es\/wp-json\/wp\/v2\/pages\/17628","targetHints":{"allow":["GET"]}}],"collection":[{"href":"https:\/\/finpros.com\/es\/wp-json\/wp\/v2\/pages"}],"about":[{"href":"https:\/\/finpros.com\/es\/wp-json\/wp\/v2\/types\/page"}],"author":[{"embeddable":true,"href":"https:\/\/finpros.com\/es\/wp-json\/wp\/v2\/users\/1"}],"replies":[{"embeddable":true,"href":"https:\/\/finpros.com\/es\/wp-json\/wp\/v2\/comments?post=17628"}],"version-history":[{"count":1,"href":"https:\/\/finpros.com\/es\/wp-json\/wp\/v2\/pages\/17628\/revisions"}],"predecessor-version":[{"id":17640,"href":"https:\/\/finpros.com\/es\/wp-json\/wp\/v2\/pages\/17628\/revisions\/17640"}],"wp:attachment":[{"href":"https:\/\/finpros.com\/es\/wp-json\/wp\/v2\/media?parent=17628"}],"curies":[{"name":"wp","href":"https:\/\/api.w.org\/{rel}","templated":true}]}}