{"id":17590,"date":"2025-04-30T08:45:16","date_gmt":"2025-04-30T08:45:16","guid":{"rendered":"https:\/\/finpros.com\/finpros-honrado-con-el-premio-al-mejor-broker-de-tecnologia-financiera\/"},"modified":"2025-06-19T10:25:33","modified_gmt":"2025-06-19T10:25:33","slug":"finpros-honrado-con-el-premio-al-mejor-broker-de-tecnologia-financiera","status":"publish","type":"page","link":"https:\/\/finpros.com\/es\/finpros-honrado-con-el-premio-al-mejor-broker-de-tecnologia-financiera\/","title":{"rendered":"FinPros honrado con el premio al \u201cMejor br\u00f3ker de tecnolog\u00eda financiera\u201d"},"content":{"rendered":"\t\t<div data-elementor-type=\"wp-page\" data-elementor-id=\"17590\" class=\"elementor elementor-17590 elementor-11653\" data-elementor-post-type=\"page\">\n\t\t\t\t<div class=\"elementor-element elementor-element-20d1bdec e-con-full calculator-sub-banner news-bg-banner e-flex e-con e-parent\" data-id=\"20d1bdec\" data-element_type=\"container\" data-settings=\"{&quot;background_background&quot;:&quot;classic&quot;}\">\n\t\t<div class=\"elementor-element elementor-element-1d2ebd53 e-con-full e-flex e-con e-child\" data-id=\"1d2ebd53\" data-element_type=\"container\" data-settings=\"{&quot;background_background&quot;:&quot;classic&quot;}\">\n\t\t\t\t<div class=\"elementor-element elementor-element-15da8da1 elementor-widget elementor-widget-heading\" data-id=\"15da8da1\" data-element_type=\"widget\" data-widget_type=\"heading.default\">\n\t\t\t\t<div class=\"elementor-widget-container\">\n\t\t\t\t\t<h2 class=\"elementor-heading-title elementor-size-default\">FinPros honrado con el premio al \u201cMejor br\u00f3ker de tecnolog\u00eda financiera\u201d<\/h2>\t\t\t\t<\/div>\n\t\t\t\t<\/div>\n\t\t\t\t<\/div>\n\t\t<div class=\"elementor-element elementor-element-6b0d0ffa e-con-full e-flex e-con e-child\" data-id=\"6b0d0ffa\" data-element_type=\"container\">\n\t\t<div class=\"elementor-element elementor-element-69c3fbaa e-flex e-con-boxed e-con e-child\" data-id=\"69c3fbaa\" data-element_type=\"container\">\n\t\t\t\t\t<div class=\"e-con-inner\">\n\t\t\t\t<div class=\"elementor-element elementor-element-472ea46a elementor-align-left calc-banner-link bread-links elementor-widget elementor-widget-breadcrumbs\" data-id=\"472ea46a\" data-element_type=\"widget\" data-widget_type=\"breadcrumbs.default\">\n\t\t\t\t<div class=\"elementor-widget-container\">\n\t\t\t\t\t<p id=\"breadcrumbs\"><span><span><a href=\"https:\/\/finpros.com\/\">Inicio<\/a><\/span><\/span><\/p>\t\t\t\t<\/div>\n\t\t\t\t<\/div>\n\t\t\t\t\t<\/div>\n\t\t\t\t<\/div>\n\t\t\t\t<\/div>\n\t\t\t\t<\/div>\n\t\t<div class=\"elementor-element elementor-element-3ea1a5b e-flex e-con-boxed e-con e-parent\" data-id=\"3ea1a5b\" data-element_type=\"container\">\n\t\t\t\t\t<div class=\"e-con-inner\">\n\t\t<div class=\"elementor-element elementor-element-ff9ded6 e-con-full e-flex e-con e-child\" data-id=\"ff9ded6\" data-element_type=\"container\">\n\t\t\t\t<div class=\"elementor-element elementor-element-c0c4b75 elementor-widget elementor-widget-heading\" data-id=\"c0c4b75\" data-element_type=\"widget\" data-widget_type=\"heading.default\">\n\t\t\t\t<div class=\"elementor-widget-container\">\n\t\t\t\t\t<h4 class=\"elementor-heading-title elementor-size-default\">FinPros honrado con el premio al \u201cMejor br\u00f3ker de tecnolog\u00eda financiera\u201d<\/h4>\t\t\t\t<\/div>\n\t\t\t\t<\/div>\n\t\t\t\t<div class=\"elementor-element elementor-element-55a6c7c elementor-widget elementor-widget-text-editor\" data-id=\"55a6c7c\" data-element_type=\"widget\" data-widget_type=\"text-editor.default\">\n\t\t\t\t<div class=\"elementor-widget-container\">\n\t\t\t\t\t\t\t\t\t<p>FinPros tuvo el honor de ser nombrado &#8220;Mejor Broker Fintech&#8221; en la Wiki Finance Expo Dubai 2024<br>La Wiki Finance Expo 2024 concluy\u00f3 el 27 de noviembre en el Hotel Millennium Plaza Downtown de Dubai, marcando otro momento clave en el panorama fintech global. Reconocida como uno de los eventos financieros m\u00e1s influyentes a nivel mundial, la exposici\u00f3n reuni\u00f3 a instituciones l\u00edderes, innovadores fintech y l\u00edderes de opini\u00f3n para explorar el futuro en evoluci\u00f3n del comercio y las finanzas digitales.<br>En el centro de esta prestigiosa reuni\u00f3n, FinPros fue galardonado con orgullo con el t\u00edtulo de &#8220;Mejor Broker Fintech&#8221;, un reconocimiento significativo de su papel como l\u00edder confiable en la industria y una fuerza impulsora detr\u00e1s de las soluciones de trading de pr\u00f3xima generaci\u00f3n.<br>El evento sirvi\u00f3 como una plataforma vital para la colaboraci\u00f3n B2B y B2C, ofreciendo oportunidades para el networking, el descubrimiento y las asociaciones estrat\u00e9gicas. La exposici\u00f3n de este a\u00f1o destac\u00f3 c\u00f3mo empresas como FinPros no solo est\u00e1n adoptando la transformaci\u00f3n tecnol\u00f3gica, sino tambi\u00e9n estableciendo nuevos est\u00e1ndares de excelencia en servicio e innovaci\u00f3n.<br>Recibir este premio subraya el compromiso continuo de FinPros de ofrecer experiencias de trading avanzadas, seguras y centradas en el cliente. En un entorno altamente competitivo, FinPros contin\u00faa distingui\u00e9ndose por su dedicaci\u00f3n a la innovaci\u00f3n, una infraestructura de trading robusta y un enfoque inquebrantable en empoderar a los traders de todo el mundo.   <\/p>\t\t\t\t\t\t\t\t<\/div>\n\t\t\t\t<\/div>\n\t\t\t\t<\/div>\n\t\t<div class=\"elementor-element elementor-element-02c2b95 e-con-full e-flex e-con e-child\" data-id=\"02c2b95\" data-element_type=\"container\">\n\t\t\t\t<div class=\"elementor-element elementor-element-8685787 elementor-widget elementor-widget-gallery\" data-id=\"8685787\" data-element_type=\"widget\" data-settings=\"{&quot;columns&quot;:3,&quot;image_hover_animation&quot;:&quot;grow&quot;,&quot;background_overlay_hover_animation&quot;:&quot;enter-from-left&quot;,&quot;lazyload&quot;:&quot;yes&quot;,&quot;gallery_layout&quot;:&quot;grid&quot;,&quot;columns_tablet&quot;:2,&quot;columns_mobile&quot;:1,&quot;gap&quot;:{&quot;unit&quot;:&quot;px&quot;,&quot;size&quot;:10,&quot;sizes&quot;:[]},&quot;gap_tablet&quot;:{&quot;unit&quot;:&quot;px&quot;,&quot;size&quot;:10,&quot;sizes&quot;:[]},&quot;gap_mobile&quot;:{&quot;unit&quot;:&quot;px&quot;,&quot;size&quot;:10,&quot;sizes&quot;:[]},&quot;link_to&quot;:&quot;file&quot;,&quot;aspect_ratio&quot;:&quot;3:2&quot;,&quot;overlay_background&quot;:&quot;yes&quot;,&quot;content_hover_animation&quot;:&quot;fade-in&quot;}\" data-widget_type=\"gallery.default\">\n\t\t\t\t<div class=\"elementor-widget-container\">\n\t\t\t\t\t\t\t<div class=\"elementor-gallery__container\">\n\t\t\t\t\t\t\t<a class=\"e-gallery-item elementor-gallery-item elementor-animated-content\" href=\"https:\/\/finpros.com\/wp-content\/uploads\/2025\/04\/IMG_5139-scaled.webp\" data-elementor-open-lightbox=\"yes\" data-elementor-lightbox-slideshow=\"8685787\" data-elementor-lightbox-title=\"IMG_5139\" data-e-action-hash=\"#elementor-action%3Aaction%3Dlightbox%26settings%3DeyJpZCI6OTAxNSwidXJsIjoiaHR0cHM6XC9cL2ZpbnByb3MuY29tXC93cC1jb250ZW50XC91cGxvYWRzXC8yMDI1XC8wNFwvSU1HXzUxMzktc2NhbGVkLndlYnAiLCJzbGlkZXNob3ciOiI4Njg1Nzg3In0%3D\">\n\t\t\t\t\t<div class=\"e-gallery-image elementor-gallery-item__image\" data-thumbnail=\"https:\/\/finpros.com\/wp-content\/uploads\/2025\/04\/IMG_5139-225x300.webp\" data-width=\"225\" data-height=\"300\" aria-label=\"\" role=\"img\" ><\/div>\n\t\t\t\t\t\t\t\t\t\t\t<div class=\"elementor-gallery-item__overlay\"><\/div>\n\t\t\t\t\t\t\t\t\t\t\t\t\t\t<\/a>\n\t\t\t\t\t\t\t<a class=\"e-gallery-item elementor-gallery-item elementor-animated-content\" href=\"https:\/\/finpros.com\/wp-content\/uploads\/2025\/04\/IMG_5140-scaled.webp\" data-elementor-open-lightbox=\"yes\" data-elementor-lightbox-slideshow=\"8685787\" data-elementor-lightbox-title=\"IMG_5140\" data-e-action-hash=\"#elementor-action%3Aaction%3Dlightbox%26settings%3DeyJpZCI6OTAyMSwidXJsIjoiaHR0cHM6XC9cL2ZpbnByb3MuY29tXC93cC1jb250ZW50XC91cGxvYWRzXC8yMDI1XC8wNFwvSU1HXzUxNDAtc2NhbGVkLndlYnAiLCJzbGlkZXNob3ciOiI4Njg1Nzg3In0%3D\">\n\t\t\t\t\t<div class=\"e-gallery-image elementor-gallery-item__image\" data-thumbnail=\"https:\/\/finpros.com\/wp-content\/uploads\/2025\/04\/IMG_5140-225x300.webp\" data-width=\"225\" data-height=\"300\" aria-label=\"\" role=\"img\" ><\/div>\n\t\t\t\t\t\t\t\t\t\t\t<div class=\"elementor-gallery-item__overlay\"><\/div>\n\t\t\t\t\t\t\t\t\t\t\t\t\t\t<\/a>\n\t\t\t\t\t<\/div>\n\t\t\t\t\t<\/div>\n\t\t\t\t<\/div>\n\t\t\t\t<\/div>\n\t\t\t\t\t<\/div>\n\t\t\t\t<\/div>\n\t\t\t\t<\/div>\n\t\t","protected":false},"excerpt":{"rendered":"<p>FinPros honrado con el premio al \u201cMejor br\u00f3ker de tecnolog\u00eda financiera\u201d FinPros tuvo el honor de ser nombrado &#8220;Mejor Broker Fintech&#8221; en la Wiki Finance Expo Dubai 2024La Wiki Finance Expo 2024 concluy\u00f3 el 27 de noviembre en el Hotel Millennium Plaza Downtown de Dubai, marcando otro momento clave en el panorama fintech global. Reconocida [&hellip;]<\/p>\n","protected":false},"author":1,"featured_media":0,"parent":0,"menu_order":0,"comment_status":"closed","ping_status":"closed","template":"tpl-default-elementor.php","meta":{"footnotes":""},"class_list":["post-17590","page","type-page","status-publish","hentry"],"yoast_head":"<!-- This site is optimized with the Yoast SEO plugin v25.0 - https:\/\/yoast.com\/wordpress\/plugins\/seo\/ -->\n<title>FinPros honrado con el premio al \u201cMejor br\u00f3ker de tecnolog\u00eda financiera\u201d - FinPros<\/title>\n<meta name=\"robots\" content=\"index, follow, max-snippet:-1, max-image-preview:large, max-video-preview:-1\" \/>\n<link rel=\"canonical\" href=\"https:\/\/finpros.com\/es\/finpros-honrado-con-el-premio-al-mejor-broker-de-tecnologia-financiera\/\" \/>\n<meta property=\"og:locale\" content=\"es_ES\" \/>\n<meta property=\"og:type\" content=\"article\" \/>\n<meta property=\"og:title\" content=\"FinPros honrado con el premio al \u201cMejor br\u00f3ker de tecnolog\u00eda financiera\u201d - FinPros\" \/>\n<meta property=\"og:description\" content=\"FinPros honrado con el premio al \u201cMejor br\u00f3ker de tecnolog\u00eda financiera\u201d FinPros tuvo el honor de ser nombrado &#8220;Mejor Broker Fintech&#8221; en la Wiki Finance Expo Dubai 2024La Wiki Finance Expo 2024 concluy\u00f3 el 27 de noviembre en el Hotel Millennium Plaza Downtown de Dubai, marcando otro momento clave en el panorama fintech global. Reconocida [&hellip;]\" \/>\n<meta property=\"og:url\" content=\"https:\/\/finpros.com\/es\/finpros-honrado-con-el-premio-al-mejor-broker-de-tecnologia-financiera\/\" \/>\n<meta property=\"og:site_name\" content=\"FinPros\" \/>\n<meta property=\"article:modified_time\" content=\"2025-06-19T10:25:33+00:00\" \/>\n<meta name=\"twitter:card\" content=\"summary_large_image\" \/>\n<meta name=\"twitter:label1\" content=\"Tiempo de lectura\" \/>\n\t<meta name=\"twitter:data1\" content=\"1 minuto\" \/>\n<script type=\"application\/ld+json\" class=\"yoast-schema-graph\">{\"@context\":\"https:\/\/schema.org\",\"@graph\":[{\"@type\":\"WebPage\",\"@id\":\"https:\/\/finpros.com\/es\/finpros-honrado-con-el-premio-al-mejor-broker-de-tecnologia-financiera\/\",\"url\":\"https:\/\/finpros.com\/es\/finpros-honrado-con-el-premio-al-mejor-broker-de-tecnologia-financiera\/\",\"name\":\"FinPros honrado con el premio al \u201cMejor br\u00f3ker de tecnolog\u00eda financiera\u201d - FinPros\",\"isPartOf\":{\"@id\":\"https:\/\/finpros.com\/#website\"},\"datePublished\":\"2025-04-30T08:45:16+00:00\",\"dateModified\":\"2025-06-19T10:25:33+00:00\",\"breadcrumb\":{\"@id\":\"https:\/\/finpros.com\/es\/finpros-honrado-con-el-premio-al-mejor-broker-de-tecnologia-financiera\/#breadcrumb\"},\"inLanguage\":\"es\",\"potentialAction\":[{\"@type\":\"ReadAction\",\"target\":[\"https:\/\/finpros.com\/es\/finpros-honrado-con-el-premio-al-mejor-broker-de-tecnologia-financiera\/\"]}]},{\"@type\":\"BreadcrumbList\",\"@id\":\"https:\/\/finpros.com\/es\/finpros-honrado-con-el-premio-al-mejor-broker-de-tecnologia-financiera\/#breadcrumb\",\"itemListElement\":[{\"@type\":\"ListItem\",\"position\":1,\"name\":\"Inicio\",\"item\":\"https:\/\/finpros.com\/\"},{\"@type\":\"ListItem\",\"position\":2,\"name\":\"FinPros honrado con el premio al \u201cMejor br\u00f3ker de tecnolog\u00eda financiera\u201d\"}]},{\"@type\":\"WebSite\",\"@id\":\"https:\/\/finpros.com\/#website\",\"url\":\"https:\/\/finpros.com\/\",\"name\":\"FinPros\",\"description\":\"\",\"publisher\":{\"@id\":\"https:\/\/finpros.com\/#organization\"},\"potentialAction\":[{\"@type\":\"SearchAction\",\"target\":{\"@type\":\"EntryPoint\",\"urlTemplate\":\"https:\/\/finpros.com\/?s={search_term_string}\"},\"query-input\":{\"@type\":\"PropertyValueSpecification\",\"valueRequired\":true,\"valueName\":\"search_term_string\"}}],\"inLanguage\":\"es\"},{\"@type\":\"Organization\",\"@id\":\"https:\/\/finpros.com\/#organization\",\"name\":\"FinPros\",\"url\":\"https:\/\/finpros.com\/\",\"logo\":{\"@type\":\"ImageObject\",\"inLanguage\":\"es\",\"@id\":\"https:\/\/finpros.com\/#\/schema\/logo\/image\/\",\"url\":\"https:\/\/finpros.com\/wp-content\/uploads\/2025\/03\/FinPros-PNG-1.png\",\"contentUrl\":\"https:\/\/finpros.com\/wp-content\/uploads\/2025\/03\/FinPros-PNG-1.png\",\"width\":1050,\"height\":369,\"caption\":\"FinPros\"},\"image\":{\"@id\":\"https:\/\/finpros.com\/#\/schema\/logo\/image\/\"}}]}<\/script>\n<!-- \/ Yoast SEO plugin. -->","yoast_head_json":{"title":"FinPros honrado con el premio al \u201cMejor br\u00f3ker de tecnolog\u00eda financiera\u201d - FinPros","robots":{"index":"index","follow":"follow","max-snippet":"max-snippet:-1","max-image-preview":"max-image-preview:large","max-video-preview":"max-video-preview:-1"},"canonical":"https:\/\/finpros.com\/es\/finpros-honrado-con-el-premio-al-mejor-broker-de-tecnologia-financiera\/","og_locale":"es_ES","og_type":"article","og_title":"FinPros honrado con el premio al \u201cMejor br\u00f3ker de tecnolog\u00eda financiera\u201d - FinPros","og_description":"FinPros honrado con el premio al \u201cMejor br\u00f3ker de tecnolog\u00eda financiera\u201d FinPros tuvo el honor de ser nombrado &#8220;Mejor Broker Fintech&#8221; en la Wiki Finance Expo Dubai 2024La Wiki Finance Expo 2024 concluy\u00f3 el 27 de noviembre en el Hotel Millennium Plaza Downtown de Dubai, marcando otro momento clave en el panorama fintech global. Reconocida [&hellip;]","og_url":"https:\/\/finpros.com\/es\/finpros-honrado-con-el-premio-al-mejor-broker-de-tecnologia-financiera\/","og_site_name":"FinPros","article_modified_time":"2025-06-19T10:25:33+00:00","twitter_card":"summary_large_image","twitter_misc":{"Tiempo de lectura":"1 minuto"},"schema":{"@context":"https:\/\/schema.org","@graph":[{"@type":"WebPage","@id":"https:\/\/finpros.com\/es\/finpros-honrado-con-el-premio-al-mejor-broker-de-tecnologia-financiera\/","url":"https:\/\/finpros.com\/es\/finpros-honrado-con-el-premio-al-mejor-broker-de-tecnologia-financiera\/","name":"FinPros honrado con el premio al \u201cMejor br\u00f3ker de tecnolog\u00eda financiera\u201d - FinPros","isPartOf":{"@id":"https:\/\/finpros.com\/#website"},"datePublished":"2025-04-30T08:45:16+00:00","dateModified":"2025-06-19T10:25:33+00:00","breadcrumb":{"@id":"https:\/\/finpros.com\/es\/finpros-honrado-con-el-premio-al-mejor-broker-de-tecnologia-financiera\/#breadcrumb"},"inLanguage":"es","potentialAction":[{"@type":"ReadAction","target":["https:\/\/finpros.com\/es\/finpros-honrado-con-el-premio-al-mejor-broker-de-tecnologia-financiera\/"]}]},{"@type":"BreadcrumbList","@id":"https:\/\/finpros.com\/es\/finpros-honrado-con-el-premio-al-mejor-broker-de-tecnologia-financiera\/#breadcrumb","itemListElement":[{"@type":"ListItem","position":1,"name":"Inicio","item":"https:\/\/finpros.com\/"},{"@type":"ListItem","position":2,"name":"FinPros honrado con el premio al \u201cMejor br\u00f3ker de tecnolog\u00eda financiera\u201d"}]},{"@type":"WebSite","@id":"https:\/\/finpros.com\/#website","url":"https:\/\/finpros.com\/","name":"FinPros","description":"","publisher":{"@id":"https:\/\/finpros.com\/#organization"},"potentialAction":[{"@type":"SearchAction","target":{"@type":"EntryPoint","urlTemplate":"https:\/\/finpros.com\/?s={search_term_string}"},"query-input":{"@type":"PropertyValueSpecification","valueRequired":true,"valueName":"search_term_string"}}],"inLanguage":"es"},{"@type":"Organization","@id":"https:\/\/finpros.com\/#organization","name":"FinPros","url":"https:\/\/finpros.com\/","logo":{"@type":"ImageObject","inLanguage":"es","@id":"https:\/\/finpros.com\/#\/schema\/logo\/image\/","url":"https:\/\/finpros.com\/wp-content\/uploads\/2025\/03\/FinPros-PNG-1.png","contentUrl":"https:\/\/finpros.com\/wp-content\/uploads\/2025\/03\/FinPros-PNG-1.png","width":1050,"height":369,"caption":"FinPros"},"image":{"@id":"https:\/\/finpros.com\/#\/schema\/logo\/image\/"}}]}},"_links":{"self":[{"href":"https:\/\/finpros.com\/es\/wp-json\/wp\/v2\/pages\/17590","targetHints":{"allow":["GET"]}}],"collection":[{"href":"https:\/\/finpros.com\/es\/wp-json\/wp\/v2\/pages"}],"about":[{"href":"https:\/\/finpros.com\/es\/wp-json\/wp\/v2\/types\/page"}],"author":[{"embeddable":true,"href":"https:\/\/finpros.com\/es\/wp-json\/wp\/v2\/users\/1"}],"replies":[{"embeddable":true,"href":"https:\/\/finpros.com\/es\/wp-json\/wp\/v2\/comments?post=17590"}],"version-history":[{"count":1,"href":"https:\/\/finpros.com\/es\/wp-json\/wp\/v2\/pages\/17590\/revisions"}],"predecessor-version":[{"id":17591,"href":"https:\/\/finpros.com\/es\/wp-json\/wp\/v2\/pages\/17590\/revisions\/17591"}],"wp:attachment":[{"href":"https:\/\/finpros.com\/es\/wp-json\/wp\/v2\/media?parent=17590"}],"curies":[{"name":"wp","href":"https:\/\/api.w.org\/{rel}","templated":true}]}}