{"id":17587,"date":"2025-04-30T08:54:12","date_gmt":"2025-04-30T08:54:12","guid":{"rendered":"https:\/\/finpros.com\/finpros-participa-en-la-cumbre-de-traders-de-forex-2025-en-dubai-eau\/"},"modified":"2025-06-19T10:25:08","modified_gmt":"2025-06-19T10:25:08","slug":"finpros-participa-en-la-cumbre-de-traders-de-forex-2025-en-dubai-eau","status":"publish","type":"page","link":"https:\/\/finpros.com\/es\/finpros-participa-en-la-cumbre-de-traders-de-forex-2025-en-dubai-eau\/","title":{"rendered":"FinPros participa en la Cumbre de Traders de Forex 2025 en Dub\u00e1i, EAU"},"content":{"rendered":"\t\t<div data-elementor-type=\"wp-page\" data-elementor-id=\"17587\" class=\"elementor elementor-17587 elementor-11639\" data-elementor-post-type=\"page\">\n\t\t\t\t<div class=\"elementor-element elementor-element-32134e20 e-con-full calculator-sub-banner news-bg-banner e-flex e-con e-parent\" data-id=\"32134e20\" data-element_type=\"container\" data-settings=\"{&quot;background_background&quot;:&quot;classic&quot;}\">\n\t\t<div class=\"elementor-element elementor-element-31cd34ee e-con-full e-flex e-con e-child\" data-id=\"31cd34ee\" data-element_type=\"container\" data-settings=\"{&quot;background_background&quot;:&quot;classic&quot;}\">\n\t\t\t\t<div class=\"elementor-element elementor-element-447e3d5f elementor-widget elementor-widget-heading\" data-id=\"447e3d5f\" data-element_type=\"widget\" data-widget_type=\"heading.default\">\n\t\t\t\t<div class=\"elementor-widget-container\">\n\t\t\t\t\t<h2 class=\"elementor-heading-title elementor-size-default\">FinPros participa en la Cumbre de Traders de Forex 2025 en Dub\u00e1i, EAU<\/h2>\t\t\t\t<\/div>\n\t\t\t\t<\/div>\n\t\t\t\t<\/div>\n\t\t<div class=\"elementor-element elementor-element-49732b09 e-con-full e-flex e-con e-child\" data-id=\"49732b09\" data-element_type=\"container\">\n\t\t<div class=\"elementor-element elementor-element-16dabb4e e-flex e-con-boxed e-con e-child\" data-id=\"16dabb4e\" data-element_type=\"container\">\n\t\t\t\t\t<div class=\"e-con-inner\">\n\t\t\t\t<div class=\"elementor-element elementor-element-24ed59b7 elementor-align-left calc-banner-link bread-links elementor-widget elementor-widget-breadcrumbs\" data-id=\"24ed59b7\" data-element_type=\"widget\" data-widget_type=\"breadcrumbs.default\">\n\t\t\t\t<div class=\"elementor-widget-container\">\n\t\t\t\t\t<p id=\"breadcrumbs\"><span><span><a href=\"https:\/\/finpros.com\/\">Inicio<\/a><\/span><\/span><\/p>\t\t\t\t<\/div>\n\t\t\t\t<\/div>\n\t\t\t\t\t<\/div>\n\t\t\t\t<\/div>\n\t\t\t\t<\/div>\n\t\t\t\t<\/div>\n\t\t<div class=\"elementor-element elementor-element-3ea1a5b e-flex e-con-boxed e-con e-parent\" data-id=\"3ea1a5b\" data-element_type=\"container\">\n\t\t\t\t\t<div class=\"e-con-inner\">\n\t\t<div class=\"elementor-element elementor-element-ff9ded6 e-con-full e-flex e-con e-child\" data-id=\"ff9ded6\" data-element_type=\"container\">\n\t\t\t\t<div class=\"elementor-element elementor-element-c0c4b75 elementor-widget elementor-widget-heading\" data-id=\"c0c4b75\" data-element_type=\"widget\" data-widget_type=\"heading.default\">\n\t\t\t\t<div class=\"elementor-widget-container\">\n\t\t\t\t\t<h4 class=\"elementor-heading-title elementor-size-default\"> FinPros participa en la Cumbre de Operadores de Forex 2025 en Dubai, EAU<\/h4>\t\t\t\t<\/div>\n\t\t\t\t<\/div>\n\t\t\t\t<div class=\"elementor-element elementor-element-af573be elementor-widget elementor-widget-text-editor\" data-id=\"af573be\" data-element_type=\"widget\" data-widget_type=\"text-editor.default\">\n\t\t\t\t<div class=\"elementor-widget-container\">\n\t\t\t\t\t\t\t\t\t<p>FinPros se enorgullece de anunciar su participaci\u00f3n en la <strong>quinta edici\u00f3n de la Cumbre de Operadores de Forex en Dubai<\/strong>, uno de los eventos m\u00e1s prestigiosos de la regi\u00f3n dedicado a la <strong>inversi\u00f3n, los mercados financieros y la negociaci\u00f3n de divisas<\/strong>.<\/p><p>Celebrado en el ic\u00f3nico <strong>Festival Arena<\/strong> del <strong>14 al 15 de mayo de 2025<\/strong>, esta cumbre de dos d\u00edas reunir\u00e1 a expertos l\u00edderes, inversores experimentados y profesionales financieros de todo el mundo. Con una agenda repleta de discusiones perspicaces, sesiones plenarias y oportunidades de networking, el evento ofrece una plataforma poderosa para explorar las <strong>\u00faltimas tendencias, tecnolog\u00edas y oportunidades<\/strong> que est\u00e1n dando forma al panorama financiero global. <\/p><p>Ya sea usted un trader profesional, un inversor institucional o est\u00e9 explorando los mercados financieros por primera vez, la Cumbre de Traders de Forex est\u00e1 dise\u00f1ada para equipar a los asistentes con <strong>conocimientos accionables, inteligencia de mercado y valiosas conexiones en la industria<\/strong>.<br>\u00a1No se pierda la oportunidad de conectar con nosotros!<\/p><p>Re\u00fanase con el <strong>equipo de FinPros<\/strong> en la <strong>Cumbre de Traders de Forex de Dub\u00e1i<\/strong> y descubra nuestros planes futuros, innovaciones en trading y oportunidades de asociaci\u00f3n.<\/p>\t\t\t\t\t\t\t\t<\/div>\n\t\t\t\t<\/div>\n\t\t\t\t<div class=\"elementor-element elementor-element-4c3589f elementor-icon-list--layout-traditional elementor-list-item-link-full_width elementor-widget elementor-widget-icon-list\" data-id=\"4c3589f\" data-element_type=\"widget\" data-widget_type=\"icon-list.default\">\n\t\t\t\t<div class=\"elementor-widget-container\">\n\t\t\t\t\t\t\t<ul class=\"elementor-icon-list-items\">\n\t\t\t\t\t\t\t<li class=\"elementor-icon-list-item\">\n\t\t\t\t\t\t\t\t\t\t\t<span class=\"elementor-icon-list-icon\">\n\t\t\t\t\t\t\t<svg aria-hidden=\"true\" class=\"e-font-icon-svg e-far-calendar-check\" viewBox=\"0 0 448 512\" xmlns=\"http:\/\/www.w3.org\/2000\/svg\"><path d=\"M400 64h-48V12c0-6.627-5.373-12-12-12h-40c-6.627 0-12 5.373-12 12v52H160V12c0-6.627-5.373-12-12-12h-40c-6.627 0-12 5.373-12 12v52H48C21.49 64 0 85.49 0 112v352c0 26.51 21.49 48 48 48h352c26.51 0 48-21.49 48-48V112c0-26.51-21.49-48-48-48zm-6 400H54a6 6 0 0 1-6-6V160h352v298a6 6 0 0 1-6 6zm-52.849-200.65L198.842 404.519c-4.705 4.667-12.303 4.637-16.971-.068l-75.091-75.699c-4.667-4.705-4.637-12.303.068-16.971l22.719-22.536c4.705-4.667 12.303-4.637 16.97.069l44.104 44.461 111.072-110.181c4.705-4.667 12.303-4.637 16.971.068l22.536 22.718c4.667 4.705 4.636 12.303-.069 16.97z\"><\/path><\/svg>\t\t\t\t\t\t<\/span>\n\t\t\t\t\t\t\t\t\t\t<span class=\"elementor-icon-list-text\">14\u201315 de mayo de 2025<\/span>\n\t\t\t\t\t\t\t\t\t<\/li>\n\t\t\t\t\t\t\t\t<li class=\"elementor-icon-list-item\">\n\t\t\t\t\t\t\t\t\t\t\t<span class=\"elementor-icon-list-icon\">\n\t\t\t\t\t\t\t<svg aria-hidden=\"true\" class=\"e-font-icon-svg e-fas-map-marker-alt\" viewBox=\"0 0 384 512\" xmlns=\"http:\/\/www.w3.org\/2000\/svg\"><path d=\"M172.268 501.67C26.97 291.031 0 269.413 0 192 0 85.961 85.961 0 192 0s192 85.961 192 192c0 77.413-26.97 99.031-172.268 309.67-9.535 13.774-29.93 13.773-39.464 0zM192 272c44.183 0 80-35.817 80-80s-35.817-80-80-80-80 35.817-80 80 35.817 80 80 80z\"><\/path><\/svg>\t\t\t\t\t\t<\/span>\n\t\t\t\t\t\t\t\t\t\t<span class=\"elementor-icon-list-text\">Festival Arena, Dub\u00e1i<\/span>\n\t\t\t\t\t\t\t\t\t<\/li>\n\t\t\t\t\t\t<\/ul>\n\t\t\t\t\t\t<\/div>\n\t\t\t\t<\/div>\n\t\t\t\t<div class=\"elementor-element elementor-element-17d12b6 elementor-widget elementor-widget-heading\" data-id=\"17d12b6\" data-element_type=\"widget\" data-widget_type=\"heading.default\">\n\t\t\t\t<div class=\"elementor-widget-container\">\n\t\t\t\t\t<div class=\"elementor-heading-title elementor-size-default\"><span>\u00bfListo para conversar?<\/span> <a href=\"https:\/\/finpros.com\/es\/contacto\/\">[Cont\u00e1ctenos]<\/a> hoy mismo para programar una reuni\u00f3n.<\/div>\t\t\t\t<\/div>\n\t\t\t\t<\/div>\n\t\t\t\t<\/div>\n\t\t\t\t\t<\/div>\n\t\t\t\t<\/div>\n\t\t\t\t<\/div>\n\t\t","protected":false},"excerpt":{"rendered":"<p>FinPros participa en la Cumbre de Operadores de Forex 2025 en Dubai, EAU FinPros se enorgullece de anunciar su participaci\u00f3n en la quinta edici\u00f3n de la Cumbre de Operadores de Forex en Dubai, uno de los eventos m\u00e1s prestigiosos de la regi\u00f3n dedicado a la inversi\u00f3n, los mercados financieros y la negociaci\u00f3n de divisas. Celebrado [&hellip;]<\/p>\n","protected":false},"author":1,"featured_media":0,"parent":0,"menu_order":0,"comment_status":"closed","ping_status":"closed","template":"tpl-default-elementor.php","meta":{"footnotes":""},"class_list":["post-17587","page","type-page","status-publish","hentry"],"yoast_head":"<!-- This site is optimized with the Yoast SEO plugin v25.0 - https:\/\/yoast.com\/wordpress\/plugins\/seo\/ -->\n<title>FinPros participa en la Cumbre de Traders de Forex 2025 en Dub\u00e1i, EAU - FinPros<\/title>\n<meta name=\"robots\" content=\"index, follow, max-snippet:-1, max-image-preview:large, max-video-preview:-1\" \/>\n<link rel=\"canonical\" href=\"https:\/\/finpros.com\/es\/finpros-participa-en-la-cumbre-de-traders-de-forex-2025-en-dubai-eau\/\" \/>\n<meta property=\"og:locale\" content=\"es_ES\" \/>\n<meta property=\"og:type\" content=\"article\" \/>\n<meta property=\"og:title\" content=\"FinPros participa en la Cumbre de Traders de Forex 2025 en Dub\u00e1i, EAU - FinPros\" \/>\n<meta property=\"og:description\" content=\"FinPros participa en la Cumbre de Operadores de Forex 2025 en Dubai, EAU FinPros se enorgullece de anunciar su participaci\u00f3n en la quinta edici\u00f3n de la Cumbre de Operadores de Forex en Dubai, uno de los eventos m\u00e1s prestigiosos de la regi\u00f3n dedicado a la inversi\u00f3n, los mercados financieros y la negociaci\u00f3n de divisas. Celebrado [&hellip;]\" \/>\n<meta property=\"og:url\" content=\"https:\/\/finpros.com\/es\/finpros-participa-en-la-cumbre-de-traders-de-forex-2025-en-dubai-eau\/\" \/>\n<meta property=\"og:site_name\" content=\"FinPros\" \/>\n<meta property=\"article:modified_time\" content=\"2025-06-19T10:25:08+00:00\" \/>\n<meta name=\"twitter:card\" content=\"summary_large_image\" \/>\n<meta name=\"twitter:label1\" content=\"Tiempo de lectura\" \/>\n\t<meta name=\"twitter:data1\" content=\"1 minuto\" \/>\n<script type=\"application\/ld+json\" class=\"yoast-schema-graph\">{\"@context\":\"https:\/\/schema.org\",\"@graph\":[{\"@type\":\"WebPage\",\"@id\":\"https:\/\/finpros.com\/es\/finpros-participa-en-la-cumbre-de-traders-de-forex-2025-en-dubai-eau\/\",\"url\":\"https:\/\/finpros.com\/es\/finpros-participa-en-la-cumbre-de-traders-de-forex-2025-en-dubai-eau\/\",\"name\":\"FinPros participa en la Cumbre de Traders de Forex 2025 en Dub\u00e1i, EAU - FinPros\",\"isPartOf\":{\"@id\":\"https:\/\/finpros.com\/#website\"},\"datePublished\":\"2025-04-30T08:54:12+00:00\",\"dateModified\":\"2025-06-19T10:25:08+00:00\",\"breadcrumb\":{\"@id\":\"https:\/\/finpros.com\/es\/finpros-participa-en-la-cumbre-de-traders-de-forex-2025-en-dubai-eau\/#breadcrumb\"},\"inLanguage\":\"es\",\"potentialAction\":[{\"@type\":\"ReadAction\",\"target\":[\"https:\/\/finpros.com\/es\/finpros-participa-en-la-cumbre-de-traders-de-forex-2025-en-dubai-eau\/\"]}]},{\"@type\":\"BreadcrumbList\",\"@id\":\"https:\/\/finpros.com\/es\/finpros-participa-en-la-cumbre-de-traders-de-forex-2025-en-dubai-eau\/#breadcrumb\",\"itemListElement\":[{\"@type\":\"ListItem\",\"position\":1,\"name\":\"Inicio\",\"item\":\"https:\/\/finpros.com\/\"},{\"@type\":\"ListItem\",\"position\":2,\"name\":\"FinPros participa en la Cumbre de Traders de Forex 2025 en Dub\u00e1i, EAU\"}]},{\"@type\":\"WebSite\",\"@id\":\"https:\/\/finpros.com\/#website\",\"url\":\"https:\/\/finpros.com\/\",\"name\":\"FinPros\",\"description\":\"\",\"publisher\":{\"@id\":\"https:\/\/finpros.com\/#organization\"},\"potentialAction\":[{\"@type\":\"SearchAction\",\"target\":{\"@type\":\"EntryPoint\",\"urlTemplate\":\"https:\/\/finpros.com\/?s={search_term_string}\"},\"query-input\":{\"@type\":\"PropertyValueSpecification\",\"valueRequired\":true,\"valueName\":\"search_term_string\"}}],\"inLanguage\":\"es\"},{\"@type\":\"Organization\",\"@id\":\"https:\/\/finpros.com\/#organization\",\"name\":\"FinPros\",\"url\":\"https:\/\/finpros.com\/\",\"logo\":{\"@type\":\"ImageObject\",\"inLanguage\":\"es\",\"@id\":\"https:\/\/finpros.com\/#\/schema\/logo\/image\/\",\"url\":\"https:\/\/finpros.com\/wp-content\/uploads\/2025\/03\/FinPros-PNG-1.png\",\"contentUrl\":\"https:\/\/finpros.com\/wp-content\/uploads\/2025\/03\/FinPros-PNG-1.png\",\"width\":1050,\"height\":369,\"caption\":\"FinPros\"},\"image\":{\"@id\":\"https:\/\/finpros.com\/#\/schema\/logo\/image\/\"}}]}<\/script>\n<!-- \/ Yoast SEO plugin. -->","yoast_head_json":{"title":"FinPros participa en la Cumbre de Traders de Forex 2025 en Dub\u00e1i, EAU - FinPros","robots":{"index":"index","follow":"follow","max-snippet":"max-snippet:-1","max-image-preview":"max-image-preview:large","max-video-preview":"max-video-preview:-1"},"canonical":"https:\/\/finpros.com\/es\/finpros-participa-en-la-cumbre-de-traders-de-forex-2025-en-dubai-eau\/","og_locale":"es_ES","og_type":"article","og_title":"FinPros participa en la Cumbre de Traders de Forex 2025 en Dub\u00e1i, EAU - FinPros","og_description":"FinPros participa en la Cumbre de Operadores de Forex 2025 en Dubai, EAU FinPros se enorgullece de anunciar su participaci\u00f3n en la quinta edici\u00f3n de la Cumbre de Operadores de Forex en Dubai, uno de los eventos m\u00e1s prestigiosos de la regi\u00f3n dedicado a la inversi\u00f3n, los mercados financieros y la negociaci\u00f3n de divisas. Celebrado [&hellip;]","og_url":"https:\/\/finpros.com\/es\/finpros-participa-en-la-cumbre-de-traders-de-forex-2025-en-dubai-eau\/","og_site_name":"FinPros","article_modified_time":"2025-06-19T10:25:08+00:00","twitter_card":"summary_large_image","twitter_misc":{"Tiempo de lectura":"1 minuto"},"schema":{"@context":"https:\/\/schema.org","@graph":[{"@type":"WebPage","@id":"https:\/\/finpros.com\/es\/finpros-participa-en-la-cumbre-de-traders-de-forex-2025-en-dubai-eau\/","url":"https:\/\/finpros.com\/es\/finpros-participa-en-la-cumbre-de-traders-de-forex-2025-en-dubai-eau\/","name":"FinPros participa en la Cumbre de Traders de Forex 2025 en Dub\u00e1i, EAU - FinPros","isPartOf":{"@id":"https:\/\/finpros.com\/#website"},"datePublished":"2025-04-30T08:54:12+00:00","dateModified":"2025-06-19T10:25:08+00:00","breadcrumb":{"@id":"https:\/\/finpros.com\/es\/finpros-participa-en-la-cumbre-de-traders-de-forex-2025-en-dubai-eau\/#breadcrumb"},"inLanguage":"es","potentialAction":[{"@type":"ReadAction","target":["https:\/\/finpros.com\/es\/finpros-participa-en-la-cumbre-de-traders-de-forex-2025-en-dubai-eau\/"]}]},{"@type":"BreadcrumbList","@id":"https:\/\/finpros.com\/es\/finpros-participa-en-la-cumbre-de-traders-de-forex-2025-en-dubai-eau\/#breadcrumb","itemListElement":[{"@type":"ListItem","position":1,"name":"Inicio","item":"https:\/\/finpros.com\/"},{"@type":"ListItem","position":2,"name":"FinPros participa en la Cumbre de Traders de Forex 2025 en Dub\u00e1i, EAU"}]},{"@type":"WebSite","@id":"https:\/\/finpros.com\/#website","url":"https:\/\/finpros.com\/","name":"FinPros","description":"","publisher":{"@id":"https:\/\/finpros.com\/#organization"},"potentialAction":[{"@type":"SearchAction","target":{"@type":"EntryPoint","urlTemplate":"https:\/\/finpros.com\/?s={search_term_string}"},"query-input":{"@type":"PropertyValueSpecification","valueRequired":true,"valueName":"search_term_string"}}],"inLanguage":"es"},{"@type":"Organization","@id":"https:\/\/finpros.com\/#organization","name":"FinPros","url":"https:\/\/finpros.com\/","logo":{"@type":"ImageObject","inLanguage":"es","@id":"https:\/\/finpros.com\/#\/schema\/logo\/image\/","url":"https:\/\/finpros.com\/wp-content\/uploads\/2025\/03\/FinPros-PNG-1.png","contentUrl":"https:\/\/finpros.com\/wp-content\/uploads\/2025\/03\/FinPros-PNG-1.png","width":1050,"height":369,"caption":"FinPros"},"image":{"@id":"https:\/\/finpros.com\/#\/schema\/logo\/image\/"}}]}},"_links":{"self":[{"href":"https:\/\/finpros.com\/es\/wp-json\/wp\/v2\/pages\/17587","targetHints":{"allow":["GET"]}}],"collection":[{"href":"https:\/\/finpros.com\/es\/wp-json\/wp\/v2\/pages"}],"about":[{"href":"https:\/\/finpros.com\/es\/wp-json\/wp\/v2\/types\/page"}],"author":[{"embeddable":true,"href":"https:\/\/finpros.com\/es\/wp-json\/wp\/v2\/users\/1"}],"replies":[{"embeddable":true,"href":"https:\/\/finpros.com\/es\/wp-json\/wp\/v2\/comments?post=17587"}],"version-history":[{"count":1,"href":"https:\/\/finpros.com\/es\/wp-json\/wp\/v2\/pages\/17587\/revisions"}],"predecessor-version":[{"id":17588,"href":"https:\/\/finpros.com\/es\/wp-json\/wp\/v2\/pages\/17587\/revisions\/17588"}],"wp:attachment":[{"href":"https:\/\/finpros.com\/es\/wp-json\/wp\/v2\/media?parent=17587"}],"curies":[{"name":"wp","href":"https:\/\/api.w.org\/{rel}","templated":true}]}}