{"id":17581,"date":"2025-04-30T08:47:53","date_gmt":"2025-04-30T08:47:53","guid":{"rendered":"https:\/\/finpros.com\/finpros-participa-en-el-evento-de-la-asociacion-de-ciencia-y-tecnologia-digital-dsta-en-hong-kong\/"},"modified":"2025-06-19T10:24:54","modified_gmt":"2025-06-19T10:24:54","slug":"finpros-participa-en-el-evento-de-la-asociacion-de-ciencia-y-tecnologia-digital-dsta-en-hong-kong","status":"publish","type":"page","link":"https:\/\/finpros.com\/es\/finpros-participa-en-el-evento-de-la-asociacion-de-ciencia-y-tecnologia-digital-dsta-en-hong-kong\/","title":{"rendered":"FinPros participa en el evento de la Asociaci\u00f3n de Ciencia y Tecnolog\u00eda Digital DSTA en Hong Kong"},"content":{"rendered":"\t\t<div data-elementor-type=\"wp-page\" data-elementor-id=\"17581\" class=\"elementor elementor-17581 elementor-11650\" data-elementor-post-type=\"page\">\n\t\t\t\t<div class=\"elementor-element elementor-element-5f5b194c e-con-full calculator-sub-banner news-bg-banner e-flex e-con e-parent\" data-id=\"5f5b194c\" data-element_type=\"container\" data-settings=\"{&quot;background_background&quot;:&quot;classic&quot;}\">\n\t\t<div class=\"elementor-element elementor-element-57bfe474 e-con-full e-flex e-con e-child\" data-id=\"57bfe474\" data-element_type=\"container\" data-settings=\"{&quot;background_background&quot;:&quot;classic&quot;}\">\n\t\t\t\t<div class=\"elementor-element elementor-element-4b6f294c elementor-widget elementor-widget-heading\" data-id=\"4b6f294c\" data-element_type=\"widget\" data-widget_type=\"heading.default\">\n\t\t\t\t<div class=\"elementor-widget-container\">\n\t\t\t\t\t<h2 class=\"elementor-heading-title elementor-size-default\">FinPros participa en el evento de la Asociaci\u00f3n de Ciencia y Tecnolog\u00eda Digital DSTA en Hong Kong<\/h2>\t\t\t\t<\/div>\n\t\t\t\t<\/div>\n\t\t\t\t<\/div>\n\t\t<div class=\"elementor-element elementor-element-33af5f78 e-con-full e-flex e-con e-child\" data-id=\"33af5f78\" data-element_type=\"container\">\n\t\t<div class=\"elementor-element elementor-element-2c32aa58 e-flex e-con-boxed e-con e-child\" data-id=\"2c32aa58\" data-element_type=\"container\">\n\t\t\t\t\t<div class=\"e-con-inner\">\n\t\t\t\t<div class=\"elementor-element elementor-element-377587bf elementor-align-left calc-banner-link bread-links elementor-widget elementor-widget-breadcrumbs\" data-id=\"377587bf\" data-element_type=\"widget\" data-widget_type=\"breadcrumbs.default\">\n\t\t\t\t<div class=\"elementor-widget-container\">\n\t\t\t\t\t<p id=\"breadcrumbs\"><span><span><a href=\"https:\/\/finpros.com\/\">Inicio<\/a><\/span><\/span><\/p>\t\t\t\t<\/div>\n\t\t\t\t<\/div>\n\t\t\t\t\t<\/div>\n\t\t\t\t<\/div>\n\t\t\t\t<\/div>\n\t\t\t\t<\/div>\n\t\t<div class=\"elementor-element elementor-element-3ea1a5b e-flex e-con-boxed e-con e-parent\" data-id=\"3ea1a5b\" data-element_type=\"container\">\n\t\t\t\t\t<div class=\"e-con-inner\">\n\t\t<div class=\"elementor-element elementor-element-ff9ded6 e-con-full e-flex e-con e-child\" data-id=\"ff9ded6\" data-element_type=\"container\">\n\t\t\t\t<div class=\"elementor-element elementor-element-c0c4b75 elementor-widget elementor-widget-heading\" data-id=\"c0c4b75\" data-element_type=\"widget\" data-widget_type=\"heading.default\">\n\t\t\t\t<div class=\"elementor-widget-container\">\n\t\t\t\t\t<h4 class=\"elementor-heading-title elementor-size-default\">FinPros participa en el evento de la Asociaci\u00f3n de Ciencia y Tecnolog\u00eda Digital DSTA en Hong Kong<\/h4>\t\t\t\t<\/div>\n\t\t\t\t<\/div>\n\t\t\t\t<div class=\"elementor-element elementor-element-e73b7d7 elementor-widget elementor-widget-text-editor\" data-id=\"e73b7d7\" data-element_type=\"widget\" data-widget_type=\"text-editor.default\">\n\t\t\t\t<div class=\"elementor-widget-container\">\n\t\t\t\t\t\t\t\t\t<p>En marzo de 2024, <strong>FinPros<\/strong> particip\u00f3 con orgullo en el evento de la <strong>Asociaci\u00f3n de Ciencia y Tecnolog\u00eda Digital (DSTA)<\/strong> celebrado en <strong>Hong Kong<\/strong>, una reuni\u00f3n de innovadores, pioneros tecnol\u00f3gicos y l\u00edderes de la industria financiera.<\/p><p>El evento DSTA proporcion\u00f3 una plataforma din\u00e1mica para explorar las tendencias emergentes en la intersecci\u00f3n de <strong>las finanzas, la innovaci\u00f3n digital y la tecnolog\u00eda<\/strong>.<\/p><p>FinPros demostr\u00f3 su compromiso con el impulso del futuro de los servicios financieros, con un enfoque especial en el aprovechamiento de los avances de la tecnolog\u00eda financiera para ofrecer <strong>soluciones de negociaci\u00f3n seguras, eficientes y de pr\u00f3xima generaci\u00f3n<\/strong>.<\/p><p>A lo largo del evento, nuestro equipo interactu\u00f3 con socios globales, expertos en tecnolog\u00eda y empresas visionarias para discutir el panorama en evoluci\u00f3n de <strong>las finanzas digitales, las plataformas impulsadas por IA y la innovaci\u00f3n regulatoria<\/strong>.<\/p><p>La participaci\u00f3n en DSTA subraya la dedicaci\u00f3n de FinPros por mantenerse a la vanguardia de la transformaci\u00f3n tecnol\u00f3gica, mejorando continuamente la manera en que servimos a comerciantes e inversores en todo el mundo.<\/p><p>Esperamos con inter\u00e9s establecer nuevas alianzas y contribuir al futuro digital de las finanzas.<\/p>\t\t\t\t\t\t\t\t<\/div>\n\t\t\t\t<\/div>\n\t\t\t\t<\/div>\n\t\t\t\t\t<\/div>\n\t\t\t\t<\/div>\n\t\t\t\t<\/div>\n\t\t","protected":false},"excerpt":{"rendered":"<p>FinPros participa en el evento de la Asociaci\u00f3n de Ciencia y Tecnolog\u00eda Digital DSTA en Hong Kong En marzo de 2024, FinPros particip\u00f3 con orgullo en el evento de la Asociaci\u00f3n de Ciencia y Tecnolog\u00eda Digital (DSTA) celebrado en Hong Kong, una reuni\u00f3n de innovadores, pioneros tecnol\u00f3gicos y l\u00edderes de la industria financiera. El evento [&hellip;]<\/p>\n","protected":false},"author":1,"featured_media":0,"parent":0,"menu_order":0,"comment_status":"closed","ping_status":"closed","template":"tpl-default-elementor.php","meta":{"footnotes":""},"class_list":["post-17581","page","type-page","status-publish","hentry"],"yoast_head":"<!-- This site is optimized with the Yoast SEO plugin v25.0 - https:\/\/yoast.com\/wordpress\/plugins\/seo\/ -->\n<title>FinPros participa en el evento de la Asociaci\u00f3n de Ciencia y Tecnolog\u00eda Digital DSTA en Hong Kong - FinPros<\/title>\n<meta name=\"robots\" content=\"index, follow, max-snippet:-1, max-image-preview:large, max-video-preview:-1\" \/>\n<link rel=\"canonical\" href=\"https:\/\/finpros.com\/es\/finpros-participa-en-el-evento-de-la-asociacion-de-ciencia-y-tecnologia-digital-dsta-en-hong-kong\/\" \/>\n<meta property=\"og:locale\" content=\"es_ES\" \/>\n<meta property=\"og:type\" content=\"article\" \/>\n<meta property=\"og:title\" content=\"FinPros participa en el evento de la Asociaci\u00f3n de Ciencia y Tecnolog\u00eda Digital DSTA en Hong Kong - FinPros\" \/>\n<meta property=\"og:description\" content=\"FinPros participa en el evento de la Asociaci\u00f3n de Ciencia y Tecnolog\u00eda Digital DSTA en Hong Kong En marzo de 2024, FinPros particip\u00f3 con orgullo en el evento de la Asociaci\u00f3n de Ciencia y Tecnolog\u00eda Digital (DSTA) celebrado en Hong Kong, una reuni\u00f3n de innovadores, pioneros tecnol\u00f3gicos y l\u00edderes de la industria financiera. El evento [&hellip;]\" \/>\n<meta property=\"og:url\" content=\"https:\/\/finpros.com\/es\/finpros-participa-en-el-evento-de-la-asociacion-de-ciencia-y-tecnologia-digital-dsta-en-hong-kong\/\" \/>\n<meta property=\"og:site_name\" content=\"FinPros\" \/>\n<meta property=\"article:modified_time\" content=\"2025-06-19T10:24:54+00:00\" \/>\n<meta name=\"twitter:card\" content=\"summary_large_image\" \/>\n<meta name=\"twitter:label1\" content=\"Tiempo de lectura\" \/>\n\t<meta name=\"twitter:data1\" content=\"1 minuto\" \/>\n<script type=\"application\/ld+json\" class=\"yoast-schema-graph\">{\"@context\":\"https:\/\/schema.org\",\"@graph\":[{\"@type\":\"WebPage\",\"@id\":\"https:\/\/finpros.com\/es\/finpros-participa-en-el-evento-de-la-asociacion-de-ciencia-y-tecnologia-digital-dsta-en-hong-kong\/\",\"url\":\"https:\/\/finpros.com\/es\/finpros-participa-en-el-evento-de-la-asociacion-de-ciencia-y-tecnologia-digital-dsta-en-hong-kong\/\",\"name\":\"FinPros participa en el evento de la Asociaci\u00f3n de Ciencia y Tecnolog\u00eda Digital DSTA en Hong Kong - FinPros\",\"isPartOf\":{\"@id\":\"https:\/\/finpros.com\/#website\"},\"datePublished\":\"2025-04-30T08:47:53+00:00\",\"dateModified\":\"2025-06-19T10:24:54+00:00\",\"breadcrumb\":{\"@id\":\"https:\/\/finpros.com\/es\/finpros-participa-en-el-evento-de-la-asociacion-de-ciencia-y-tecnologia-digital-dsta-en-hong-kong\/#breadcrumb\"},\"inLanguage\":\"es\",\"potentialAction\":[{\"@type\":\"ReadAction\",\"target\":[\"https:\/\/finpros.com\/es\/finpros-participa-en-el-evento-de-la-asociacion-de-ciencia-y-tecnologia-digital-dsta-en-hong-kong\/\"]}]},{\"@type\":\"BreadcrumbList\",\"@id\":\"https:\/\/finpros.com\/es\/finpros-participa-en-el-evento-de-la-asociacion-de-ciencia-y-tecnologia-digital-dsta-en-hong-kong\/#breadcrumb\",\"itemListElement\":[{\"@type\":\"ListItem\",\"position\":1,\"name\":\"Inicio\",\"item\":\"https:\/\/finpros.com\/\"},{\"@type\":\"ListItem\",\"position\":2,\"name\":\"FinPros participa en el evento de la Asociaci\u00f3n de Ciencia y Tecnolog\u00eda Digital DSTA en Hong Kong\"}]},{\"@type\":\"WebSite\",\"@id\":\"https:\/\/finpros.com\/#website\",\"url\":\"https:\/\/finpros.com\/\",\"name\":\"FinPros\",\"description\":\"\",\"publisher\":{\"@id\":\"https:\/\/finpros.com\/#organization\"},\"potentialAction\":[{\"@type\":\"SearchAction\",\"target\":{\"@type\":\"EntryPoint\",\"urlTemplate\":\"https:\/\/finpros.com\/?s={search_term_string}\"},\"query-input\":{\"@type\":\"PropertyValueSpecification\",\"valueRequired\":true,\"valueName\":\"search_term_string\"}}],\"inLanguage\":\"es\"},{\"@type\":\"Organization\",\"@id\":\"https:\/\/finpros.com\/#organization\",\"name\":\"FinPros\",\"url\":\"https:\/\/finpros.com\/\",\"logo\":{\"@type\":\"ImageObject\",\"inLanguage\":\"es\",\"@id\":\"https:\/\/finpros.com\/#\/schema\/logo\/image\/\",\"url\":\"https:\/\/finpros.com\/wp-content\/uploads\/2025\/03\/FinPros-PNG-1.png\",\"contentUrl\":\"https:\/\/finpros.com\/wp-content\/uploads\/2025\/03\/FinPros-PNG-1.png\",\"width\":1050,\"height\":369,\"caption\":\"FinPros\"},\"image\":{\"@id\":\"https:\/\/finpros.com\/#\/schema\/logo\/image\/\"}}]}<\/script>\n<!-- \/ Yoast SEO plugin. -->","yoast_head_json":{"title":"FinPros participa en el evento de la Asociaci\u00f3n de Ciencia y Tecnolog\u00eda Digital DSTA en Hong Kong - FinPros","robots":{"index":"index","follow":"follow","max-snippet":"max-snippet:-1","max-image-preview":"max-image-preview:large","max-video-preview":"max-video-preview:-1"},"canonical":"https:\/\/finpros.com\/es\/finpros-participa-en-el-evento-de-la-asociacion-de-ciencia-y-tecnologia-digital-dsta-en-hong-kong\/","og_locale":"es_ES","og_type":"article","og_title":"FinPros participa en el evento de la Asociaci\u00f3n de Ciencia y Tecnolog\u00eda Digital DSTA en Hong Kong - FinPros","og_description":"FinPros participa en el evento de la Asociaci\u00f3n de Ciencia y Tecnolog\u00eda Digital DSTA en Hong Kong En marzo de 2024, FinPros particip\u00f3 con orgullo en el evento de la Asociaci\u00f3n de Ciencia y Tecnolog\u00eda Digital (DSTA) celebrado en Hong Kong, una reuni\u00f3n de innovadores, pioneros tecnol\u00f3gicos y l\u00edderes de la industria financiera. El evento [&hellip;]","og_url":"https:\/\/finpros.com\/es\/finpros-participa-en-el-evento-de-la-asociacion-de-ciencia-y-tecnologia-digital-dsta-en-hong-kong\/","og_site_name":"FinPros","article_modified_time":"2025-06-19T10:24:54+00:00","twitter_card":"summary_large_image","twitter_misc":{"Tiempo de lectura":"1 minuto"},"schema":{"@context":"https:\/\/schema.org","@graph":[{"@type":"WebPage","@id":"https:\/\/finpros.com\/es\/finpros-participa-en-el-evento-de-la-asociacion-de-ciencia-y-tecnologia-digital-dsta-en-hong-kong\/","url":"https:\/\/finpros.com\/es\/finpros-participa-en-el-evento-de-la-asociacion-de-ciencia-y-tecnologia-digital-dsta-en-hong-kong\/","name":"FinPros participa en el evento de la Asociaci\u00f3n de Ciencia y Tecnolog\u00eda Digital DSTA en Hong Kong - FinPros","isPartOf":{"@id":"https:\/\/finpros.com\/#website"},"datePublished":"2025-04-30T08:47:53+00:00","dateModified":"2025-06-19T10:24:54+00:00","breadcrumb":{"@id":"https:\/\/finpros.com\/es\/finpros-participa-en-el-evento-de-la-asociacion-de-ciencia-y-tecnologia-digital-dsta-en-hong-kong\/#breadcrumb"},"inLanguage":"es","potentialAction":[{"@type":"ReadAction","target":["https:\/\/finpros.com\/es\/finpros-participa-en-el-evento-de-la-asociacion-de-ciencia-y-tecnologia-digital-dsta-en-hong-kong\/"]}]},{"@type":"BreadcrumbList","@id":"https:\/\/finpros.com\/es\/finpros-participa-en-el-evento-de-la-asociacion-de-ciencia-y-tecnologia-digital-dsta-en-hong-kong\/#breadcrumb","itemListElement":[{"@type":"ListItem","position":1,"name":"Inicio","item":"https:\/\/finpros.com\/"},{"@type":"ListItem","position":2,"name":"FinPros participa en el evento de la Asociaci\u00f3n de Ciencia y Tecnolog\u00eda Digital DSTA en Hong Kong"}]},{"@type":"WebSite","@id":"https:\/\/finpros.com\/#website","url":"https:\/\/finpros.com\/","name":"FinPros","description":"","publisher":{"@id":"https:\/\/finpros.com\/#organization"},"potentialAction":[{"@type":"SearchAction","target":{"@type":"EntryPoint","urlTemplate":"https:\/\/finpros.com\/?s={search_term_string}"},"query-input":{"@type":"PropertyValueSpecification","valueRequired":true,"valueName":"search_term_string"}}],"inLanguage":"es"},{"@type":"Organization","@id":"https:\/\/finpros.com\/#organization","name":"FinPros","url":"https:\/\/finpros.com\/","logo":{"@type":"ImageObject","inLanguage":"es","@id":"https:\/\/finpros.com\/#\/schema\/logo\/image\/","url":"https:\/\/finpros.com\/wp-content\/uploads\/2025\/03\/FinPros-PNG-1.png","contentUrl":"https:\/\/finpros.com\/wp-content\/uploads\/2025\/03\/FinPros-PNG-1.png","width":1050,"height":369,"caption":"FinPros"},"image":{"@id":"https:\/\/finpros.com\/#\/schema\/logo\/image\/"}}]}},"_links":{"self":[{"href":"https:\/\/finpros.com\/es\/wp-json\/wp\/v2\/pages\/17581","targetHints":{"allow":["GET"]}}],"collection":[{"href":"https:\/\/finpros.com\/es\/wp-json\/wp\/v2\/pages"}],"about":[{"href":"https:\/\/finpros.com\/es\/wp-json\/wp\/v2\/types\/page"}],"author":[{"embeddable":true,"href":"https:\/\/finpros.com\/es\/wp-json\/wp\/v2\/users\/1"}],"replies":[{"embeddable":true,"href":"https:\/\/finpros.com\/es\/wp-json\/wp\/v2\/comments?post=17581"}],"version-history":[{"count":1,"href":"https:\/\/finpros.com\/es\/wp-json\/wp\/v2\/pages\/17581\/revisions"}],"predecessor-version":[{"id":17583,"href":"https:\/\/finpros.com\/es\/wp-json\/wp\/v2\/pages\/17581\/revisions\/17583"}],"wp:attachment":[{"href":"https:\/\/finpros.com\/es\/wp-json\/wp\/v2\/media?parent=17581"}],"curies":[{"name":"wp","href":"https:\/\/api.w.org\/{rel}","templated":true}]}}