{"id":17577,"date":"2025-04-30T08:50:04","date_gmt":"2025-04-30T08:50:04","guid":{"rendered":"https:\/\/finpros.com\/finpros-gana-el-premio-al-mejor-negocio-institucional-en-la-exposicion-internacional-de-finanzas-finexpo-hong-kong\/"},"modified":"2025-06-19T10:24:54","modified_gmt":"2025-06-19T10:24:54","slug":"finpros-gana-el-premio-al-mejor-negocio-institucional-en-la-exposicion-internacional-de-finanzas-finexpo-hong-kong","status":"publish","type":"page","link":"https:\/\/finpros.com\/es\/finpros-gana-el-premio-al-mejor-negocio-institucional-en-la-exposicion-internacional-de-finanzas-finexpo-hong-kong\/","title":{"rendered":"FinPros gana el premio al \u201cMejor negocio institucional\u201d en la exposici\u00f3n internacional de finanzas FINEXPO \u2013 Hong Kong"},"content":{"rendered":"\t\t<div data-elementor-type=\"wp-page\" data-elementor-id=\"17577\" class=\"elementor elementor-17577 elementor-11646\" data-elementor-post-type=\"page\">\n\t\t\t\t<div class=\"elementor-element elementor-element-46096895 e-con-full calculator-sub-banner news-bg-banner e-flex e-con e-parent\" data-id=\"46096895\" data-element_type=\"container\" data-settings=\"{&quot;background_background&quot;:&quot;classic&quot;}\">\n\t\t<div class=\"elementor-element elementor-element-37b996d8 e-con-full e-flex e-con e-child\" data-id=\"37b996d8\" data-element_type=\"container\" data-settings=\"{&quot;background_background&quot;:&quot;classic&quot;}\">\n\t\t\t\t<div class=\"elementor-element elementor-element-81f5067 elementor-widget elementor-widget-heading\" data-id=\"81f5067\" data-element_type=\"widget\" data-widget_type=\"heading.default\">\n\t\t\t\t<div class=\"elementor-widget-container\">\n\t\t\t\t\t<h2 class=\"elementor-heading-title elementor-size-default\">FinPros gana el premio al \u201cMejor negocio institucional\u201d en la exposici\u00f3n internacional de finanzas FINEXPO \u2013 Hong Kong<\/h2>\t\t\t\t<\/div>\n\t\t\t\t<\/div>\n\t\t\t\t<\/div>\n\t\t<div class=\"elementor-element elementor-element-38bbf7fc e-con-full e-flex e-con e-child\" data-id=\"38bbf7fc\" data-element_type=\"container\">\n\t\t<div class=\"elementor-element elementor-element-2284ca27 e-flex e-con-boxed e-con e-child\" data-id=\"2284ca27\" data-element_type=\"container\">\n\t\t\t\t\t<div class=\"e-con-inner\">\n\t\t\t\t<div class=\"elementor-element elementor-element-b3ad25e elementor-align-left calc-banner-link bread-links elementor-widget elementor-widget-breadcrumbs\" data-id=\"b3ad25e\" data-element_type=\"widget\" data-widget_type=\"breadcrumbs.default\">\n\t\t\t\t<div class=\"elementor-widget-container\">\n\t\t\t\t\t<p id=\"breadcrumbs\"><span><span><a href=\"https:\/\/finpros.com\/\">Inicio<\/a><\/span><\/span><\/p>\t\t\t\t<\/div>\n\t\t\t\t<\/div>\n\t\t\t\t\t<\/div>\n\t\t\t\t<\/div>\n\t\t\t\t<\/div>\n\t\t\t\t<\/div>\n\t\t<div class=\"elementor-element elementor-element-3ea1a5b e-flex e-con-boxed e-con e-parent\" data-id=\"3ea1a5b\" data-element_type=\"container\">\n\t\t\t\t\t<div class=\"e-con-inner\">\n\t\t<div class=\"elementor-element elementor-element-ff9ded6 e-con-full e-flex e-con e-child\" data-id=\"ff9ded6\" data-element_type=\"container\">\n\t\t\t\t<div class=\"elementor-element elementor-element-c0c4b75 elementor-widget elementor-widget-heading\" data-id=\"c0c4b75\" data-element_type=\"widget\" data-widget_type=\"heading.default\">\n\t\t\t\t<div class=\"elementor-widget-container\">\n\t\t\t\t\t<h4 class=\"elementor-heading-title elementor-size-default\">FinPros gana el premio al \u201cMejor negocio institucional\u201d en la exposici\u00f3n internacional de finanzas FINEXPO \u2013 Hong Kong<\/h4>\t\t\t\t<\/div>\n\t\t\t\t<\/div>\n\t\t\t\t<div class=\"elementor-element elementor-element-18be892 elementor-widget elementor-widget-text-editor\" data-id=\"18be892\" data-element_type=\"widget\" data-widget_type=\"text-editor.default\">\n\t\t\t\t<div class=\"elementor-widget-container\">\n\t\t\t\t\t\t\t\t\t<p><strong>FinPros<\/strong> se enorgullece de anunciar que ha sido galardonado con el prestigioso t\u00edtulo de <strong>\u201cMejor Negocio Institucional\u201d<\/strong> en la <strong>Exposici\u00f3n Internacional de Finanzas FINEXPO<\/strong> celebrada en <strong>Hong Kong<\/strong>, consolidando a\u00fan m\u00e1s su posici\u00f3n como una fuerza l\u00edder en la industria de servicios financieros globales.<\/p><p>El evento reuni\u00f3 a expertos financieros, innovadores de tecnolog\u00eda financiera y l\u00edderes institucionales de todo el mundo para discutir las \u00faltimas tendencias y soluciones que est\u00e1n dando forma al futuro de las finanzas. Como una de las exposiciones m\u00e1s respetadas en la industria, FINEXPO sirve como un centro para el establecimiento de contactos, la innovaci\u00f3n y la obtenci\u00f3n de perspectivas estrat\u00e9gicas de alto nivel. <\/p><p>La obtenci\u00f3n del premio <strong>Mejor Negocio Institucional<\/strong> resalta <strong>el compromiso de FinPros de proporcionar infraestructura de negociaci\u00f3n avanzada, soluciones de liquidez y servicios personalizados<\/strong> a clientes institucionales. Es un reflejo de la misi\u00f3n continua de la empresa de empoderar a los operadores profesionales y socios institucionales a trav\u00e9s de tecnolog\u00eda de vanguardia, solidez regulatoria y un enfoque centrado en el cliente. <\/p><p>Este reconocimiento nos inspira a continuar superando l\u00edmites y entregando excelencia en las finanzas institucionales.<\/p>\t\t\t\t\t\t\t\t<\/div>\n\t\t\t\t<\/div>\n\t\t\t\t<\/div>\n\t\t<div class=\"elementor-element elementor-element-7043b98 e-con-full e-flex e-con e-child\" data-id=\"7043b98\" data-element_type=\"container\">\n\t\t\t\t<div class=\"elementor-element elementor-element-aecb360 elementor-widget elementor-widget-gallery\" data-id=\"aecb360\" data-element_type=\"widget\" data-settings=\"{&quot;columns&quot;:3,&quot;image_hover_animation&quot;:&quot;grow&quot;,&quot;background_overlay_hover_animation&quot;:&quot;enter-from-left&quot;,&quot;lazyload&quot;:&quot;yes&quot;,&quot;gallery_layout&quot;:&quot;grid&quot;,&quot;columns_tablet&quot;:2,&quot;columns_mobile&quot;:1,&quot;gap&quot;:{&quot;unit&quot;:&quot;px&quot;,&quot;size&quot;:10,&quot;sizes&quot;:[]},&quot;gap_tablet&quot;:{&quot;unit&quot;:&quot;px&quot;,&quot;size&quot;:10,&quot;sizes&quot;:[]},&quot;gap_mobile&quot;:{&quot;unit&quot;:&quot;px&quot;,&quot;size&quot;:10,&quot;sizes&quot;:[]},&quot;link_to&quot;:&quot;file&quot;,&quot;aspect_ratio&quot;:&quot;3:2&quot;,&quot;overlay_background&quot;:&quot;yes&quot;,&quot;content_hover_animation&quot;:&quot;fade-in&quot;}\" data-widget_type=\"gallery.default\">\n\t\t\t\t<div class=\"elementor-widget-container\">\n\t\t\t\t\t\t\t<div class=\"elementor-gallery__container\">\n\t\t\t\t\t\t\t<a class=\"e-gallery-item elementor-gallery-item elementor-animated-content\" href=\"https:\/\/finpros.com\/wp-content\/uploads\/2025\/04\/\u5fae\u4fe1\u56fe\u7247_20240906120050-1-scaled.webp\" data-elementor-open-lightbox=\"yes\" data-elementor-lightbox-slideshow=\"aecb360\" data-elementor-lightbox-title=\"\u5fae\u4fe1\u56fe\u7247_20240906120050\" data-e-action-hash=\"#elementor-action%3Aaction%3Dlightbox%26settings%3DeyJpZCI6OTAzNiwidXJsIjoiaHR0cHM6XC9cL2ZpbnByb3MuY29tXC93cC1jb250ZW50XC91cGxvYWRzXC8yMDI1XC8wNFwvXHU1ZmFlXHU0ZmUxXHU1NmZlXHU3MjQ3XzIwMjQwOTA2MTIwMDUwLTEtc2NhbGVkLndlYnAiLCJzbGlkZXNob3ciOiJhZWNiMzYwIn0%3D\">\n\t\t\t\t\t<div class=\"e-gallery-image elementor-gallery-item__image\" data-thumbnail=\"https:\/\/finpros.com\/wp-content\/uploads\/2025\/04\/\u5fae\u4fe1\u56fe\u7247_20240906120050-1-300x225.webp\" data-width=\"300\" data-height=\"225\" aria-label=\"\" role=\"img\" ><\/div>\n\t\t\t\t\t\t\t\t\t\t\t<div class=\"elementor-gallery-item__overlay\"><\/div>\n\t\t\t\t\t\t\t\t\t\t\t\t\t\t<\/a>\n\t\t\t\t\t\t\t<a class=\"e-gallery-item elementor-gallery-item elementor-animated-content\" href=\"https:\/\/finpros.com\/wp-content\/uploads\/2025\/04\/\u5fae\u4fe1\u56fe\u7247_202409060925121-1-scaled.webp\" data-elementor-open-lightbox=\"yes\" data-elementor-lightbox-slideshow=\"aecb360\" data-elementor-lightbox-title=\"\u5fae\u4fe1\u56fe\u7247_202409060925121\" data-e-action-hash=\"#elementor-action%3Aaction%3Dlightbox%26settings%3DeyJpZCI6OTA0OCwidXJsIjoiaHR0cHM6XC9cL2ZpbnByb3MuY29tXC93cC1jb250ZW50XC91cGxvYWRzXC8yMDI1XC8wNFwvXHU1ZmFlXHU0ZmUxXHU1NmZlXHU3MjQ3XzIwMjQwOTA2MDkyNTEyMS0xLXNjYWxlZC53ZWJwIiwic2xpZGVzaG93IjoiYWVjYjM2MCJ9\">\n\t\t\t\t\t<div class=\"e-gallery-image elementor-gallery-item__image\" data-thumbnail=\"https:\/\/finpros.com\/wp-content\/uploads\/2025\/04\/\u5fae\u4fe1\u56fe\u7247_202409060925121-1-300x225.webp\" data-width=\"300\" data-height=\"225\" aria-label=\"\" role=\"img\" ><\/div>\n\t\t\t\t\t\t\t\t\t\t\t<div class=\"elementor-gallery-item__overlay\"><\/div>\n\t\t\t\t\t\t\t\t\t\t\t\t\t\t<\/a>\n\t\t\t\t\t\t\t<a class=\"e-gallery-item elementor-gallery-item elementor-animated-content\" href=\"https:\/\/finpros.com\/wp-content\/uploads\/2025\/04\/Image-8-1-1-scaled.webp\" data-elementor-open-lightbox=\"yes\" data-elementor-lightbox-slideshow=\"aecb360\" data-elementor-lightbox-title=\"Image (8) (1)\" data-e-action-hash=\"#elementor-action%3Aaction%3Dlightbox%26settings%3DeyJpZCI6OTAzMCwidXJsIjoiaHR0cHM6XC9cL2ZpbnByb3MuY29tXC93cC1jb250ZW50XC91cGxvYWRzXC8yMDI1XC8wNFwvSW1hZ2UtOC0xLTEtc2NhbGVkLndlYnAiLCJzbGlkZXNob3ciOiJhZWNiMzYwIn0%3D\">\n\t\t\t\t\t<div class=\"e-gallery-image elementor-gallery-item__image\" data-thumbnail=\"https:\/\/finpros.com\/wp-content\/uploads\/2025\/04\/Image-8-1-1-225x300.webp\" data-width=\"225\" data-height=\"300\" aria-label=\"\" role=\"img\" ><\/div>\n\t\t\t\t\t\t\t\t\t\t\t<div class=\"elementor-gallery-item__overlay\"><\/div>\n\t\t\t\t\t\t\t\t\t\t\t\t\t\t<\/a>\n\t\t\t\t\t<\/div>\n\t\t\t\t\t<\/div>\n\t\t\t\t<\/div>\n\t\t\t\t<\/div>\n\t\t\t\t\t<\/div>\n\t\t\t\t<\/div>\n\t\t\t\t<\/div>\n\t\t","protected":false},"excerpt":{"rendered":"<p>FinPros gana el premio al \u201cMejor negocio institucional\u201d en la exposici\u00f3n internacional de finanzas FINEXPO \u2013 Hong Kong FinPros se enorgullece de anunciar que ha sido galardonado con el prestigioso t\u00edtulo de \u201cMejor Negocio Institucional\u201d en la Exposici\u00f3n Internacional de Finanzas FINEXPO celebrada en Hong Kong, consolidando a\u00fan m\u00e1s su posici\u00f3n como una fuerza l\u00edder [&hellip;]<\/p>\n","protected":false},"author":1,"featured_media":0,"parent":0,"menu_order":0,"comment_status":"closed","ping_status":"closed","template":"tpl-default-elementor.php","meta":{"footnotes":""},"class_list":["post-17577","page","type-page","status-publish","hentry"],"yoast_head":"<!-- This site is optimized with the Yoast SEO plugin v25.0 - https:\/\/yoast.com\/wordpress\/plugins\/seo\/ -->\n<title>FinPros gana el premio al \u201cMejor negocio institucional\u201d en la exposici\u00f3n internacional de finanzas FINEXPO \u2013 Hong Kong - FinPros<\/title>\n<meta name=\"robots\" content=\"index, follow, max-snippet:-1, max-image-preview:large, max-video-preview:-1\" \/>\n<link rel=\"canonical\" href=\"https:\/\/finpros.com\/es\/finpros-gana-el-premio-al-mejor-negocio-institucional-en-la-exposicion-internacional-de-finanzas-finexpo-hong-kong\/\" \/>\n<meta property=\"og:locale\" content=\"es_ES\" \/>\n<meta property=\"og:type\" content=\"article\" \/>\n<meta property=\"og:title\" content=\"FinPros gana el premio al \u201cMejor negocio institucional\u201d en la exposici\u00f3n internacional de finanzas FINEXPO \u2013 Hong Kong - FinPros\" \/>\n<meta property=\"og:description\" content=\"FinPros gana el premio al \u201cMejor negocio institucional\u201d en la exposici\u00f3n internacional de finanzas FINEXPO \u2013 Hong Kong FinPros se enorgullece de anunciar que ha sido galardonado con el prestigioso t\u00edtulo de \u201cMejor Negocio Institucional\u201d en la Exposici\u00f3n Internacional de Finanzas FINEXPO celebrada en Hong Kong, consolidando a\u00fan m\u00e1s su posici\u00f3n como una fuerza l\u00edder [&hellip;]\" \/>\n<meta property=\"og:url\" content=\"https:\/\/finpros.com\/es\/finpros-gana-el-premio-al-mejor-negocio-institucional-en-la-exposicion-internacional-de-finanzas-finexpo-hong-kong\/\" \/>\n<meta property=\"og:site_name\" content=\"FinPros\" \/>\n<meta property=\"article:modified_time\" content=\"2025-06-19T10:24:54+00:00\" \/>\n<meta name=\"twitter:card\" content=\"summary_large_image\" \/>\n<meta name=\"twitter:label1\" content=\"Tiempo de lectura\" \/>\n\t<meta name=\"twitter:data1\" content=\"1 minuto\" \/>\n<script type=\"application\/ld+json\" class=\"yoast-schema-graph\">{\"@context\":\"https:\/\/schema.org\",\"@graph\":[{\"@type\":\"WebPage\",\"@id\":\"https:\/\/finpros.com\/es\/finpros-gana-el-premio-al-mejor-negocio-institucional-en-la-exposicion-internacional-de-finanzas-finexpo-hong-kong\/\",\"url\":\"https:\/\/finpros.com\/es\/finpros-gana-el-premio-al-mejor-negocio-institucional-en-la-exposicion-internacional-de-finanzas-finexpo-hong-kong\/\",\"name\":\"FinPros gana el premio al \u201cMejor negocio institucional\u201d en la exposici\u00f3n internacional de finanzas FINEXPO \u2013 Hong Kong - FinPros\",\"isPartOf\":{\"@id\":\"https:\/\/finpros.com\/#website\"},\"datePublished\":\"2025-04-30T08:50:04+00:00\",\"dateModified\":\"2025-06-19T10:24:54+00:00\",\"breadcrumb\":{\"@id\":\"https:\/\/finpros.com\/es\/finpros-gana-el-premio-al-mejor-negocio-institucional-en-la-exposicion-internacional-de-finanzas-finexpo-hong-kong\/#breadcrumb\"},\"inLanguage\":\"es\",\"potentialAction\":[{\"@type\":\"ReadAction\",\"target\":[\"https:\/\/finpros.com\/es\/finpros-gana-el-premio-al-mejor-negocio-institucional-en-la-exposicion-internacional-de-finanzas-finexpo-hong-kong\/\"]}]},{\"@type\":\"BreadcrumbList\",\"@id\":\"https:\/\/finpros.com\/es\/finpros-gana-el-premio-al-mejor-negocio-institucional-en-la-exposicion-internacional-de-finanzas-finexpo-hong-kong\/#breadcrumb\",\"itemListElement\":[{\"@type\":\"ListItem\",\"position\":1,\"name\":\"Inicio\",\"item\":\"https:\/\/finpros.com\/\"},{\"@type\":\"ListItem\",\"position\":2,\"name\":\"FinPros gana el premio al \u201cMejor negocio institucional\u201d en la exposici\u00f3n internacional de finanzas FINEXPO \u2013 Hong Kong\"}]},{\"@type\":\"WebSite\",\"@id\":\"https:\/\/finpros.com\/#website\",\"url\":\"https:\/\/finpros.com\/\",\"name\":\"FinPros\",\"description\":\"\",\"publisher\":{\"@id\":\"https:\/\/finpros.com\/#organization\"},\"potentialAction\":[{\"@type\":\"SearchAction\",\"target\":{\"@type\":\"EntryPoint\",\"urlTemplate\":\"https:\/\/finpros.com\/?s={search_term_string}\"},\"query-input\":{\"@type\":\"PropertyValueSpecification\",\"valueRequired\":true,\"valueName\":\"search_term_string\"}}],\"inLanguage\":\"es\"},{\"@type\":\"Organization\",\"@id\":\"https:\/\/finpros.com\/#organization\",\"name\":\"FinPros\",\"url\":\"https:\/\/finpros.com\/\",\"logo\":{\"@type\":\"ImageObject\",\"inLanguage\":\"es\",\"@id\":\"https:\/\/finpros.com\/#\/schema\/logo\/image\/\",\"url\":\"https:\/\/finpros.com\/wp-content\/uploads\/2025\/03\/FinPros-PNG-1.png\",\"contentUrl\":\"https:\/\/finpros.com\/wp-content\/uploads\/2025\/03\/FinPros-PNG-1.png\",\"width\":1050,\"height\":369,\"caption\":\"FinPros\"},\"image\":{\"@id\":\"https:\/\/finpros.com\/#\/schema\/logo\/image\/\"}}]}<\/script>\n<!-- \/ Yoast SEO plugin. -->","yoast_head_json":{"title":"FinPros gana el premio al \u201cMejor negocio institucional\u201d en la exposici\u00f3n internacional de finanzas FINEXPO \u2013 Hong Kong - FinPros","robots":{"index":"index","follow":"follow","max-snippet":"max-snippet:-1","max-image-preview":"max-image-preview:large","max-video-preview":"max-video-preview:-1"},"canonical":"https:\/\/finpros.com\/es\/finpros-gana-el-premio-al-mejor-negocio-institucional-en-la-exposicion-internacional-de-finanzas-finexpo-hong-kong\/","og_locale":"es_ES","og_type":"article","og_title":"FinPros gana el premio al \u201cMejor negocio institucional\u201d en la exposici\u00f3n internacional de finanzas FINEXPO \u2013 Hong Kong - FinPros","og_description":"FinPros gana el premio al \u201cMejor negocio institucional\u201d en la exposici\u00f3n internacional de finanzas FINEXPO \u2013 Hong Kong FinPros se enorgullece de anunciar que ha sido galardonado con el prestigioso t\u00edtulo de \u201cMejor Negocio Institucional\u201d en la Exposici\u00f3n Internacional de Finanzas FINEXPO celebrada en Hong Kong, consolidando a\u00fan m\u00e1s su posici\u00f3n como una fuerza l\u00edder [&hellip;]","og_url":"https:\/\/finpros.com\/es\/finpros-gana-el-premio-al-mejor-negocio-institucional-en-la-exposicion-internacional-de-finanzas-finexpo-hong-kong\/","og_site_name":"FinPros","article_modified_time":"2025-06-19T10:24:54+00:00","twitter_card":"summary_large_image","twitter_misc":{"Tiempo de lectura":"1 minuto"},"schema":{"@context":"https:\/\/schema.org","@graph":[{"@type":"WebPage","@id":"https:\/\/finpros.com\/es\/finpros-gana-el-premio-al-mejor-negocio-institucional-en-la-exposicion-internacional-de-finanzas-finexpo-hong-kong\/","url":"https:\/\/finpros.com\/es\/finpros-gana-el-premio-al-mejor-negocio-institucional-en-la-exposicion-internacional-de-finanzas-finexpo-hong-kong\/","name":"FinPros gana el premio al \u201cMejor negocio institucional\u201d en la exposici\u00f3n internacional de finanzas FINEXPO \u2013 Hong Kong - FinPros","isPartOf":{"@id":"https:\/\/finpros.com\/#website"},"datePublished":"2025-04-30T08:50:04+00:00","dateModified":"2025-06-19T10:24:54+00:00","breadcrumb":{"@id":"https:\/\/finpros.com\/es\/finpros-gana-el-premio-al-mejor-negocio-institucional-en-la-exposicion-internacional-de-finanzas-finexpo-hong-kong\/#breadcrumb"},"inLanguage":"es","potentialAction":[{"@type":"ReadAction","target":["https:\/\/finpros.com\/es\/finpros-gana-el-premio-al-mejor-negocio-institucional-en-la-exposicion-internacional-de-finanzas-finexpo-hong-kong\/"]}]},{"@type":"BreadcrumbList","@id":"https:\/\/finpros.com\/es\/finpros-gana-el-premio-al-mejor-negocio-institucional-en-la-exposicion-internacional-de-finanzas-finexpo-hong-kong\/#breadcrumb","itemListElement":[{"@type":"ListItem","position":1,"name":"Inicio","item":"https:\/\/finpros.com\/"},{"@type":"ListItem","position":2,"name":"FinPros gana el premio al \u201cMejor negocio institucional\u201d en la exposici\u00f3n internacional de finanzas FINEXPO \u2013 Hong Kong"}]},{"@type":"WebSite","@id":"https:\/\/finpros.com\/#website","url":"https:\/\/finpros.com\/","name":"FinPros","description":"","publisher":{"@id":"https:\/\/finpros.com\/#organization"},"potentialAction":[{"@type":"SearchAction","target":{"@type":"EntryPoint","urlTemplate":"https:\/\/finpros.com\/?s={search_term_string}"},"query-input":{"@type":"PropertyValueSpecification","valueRequired":true,"valueName":"search_term_string"}}],"inLanguage":"es"},{"@type":"Organization","@id":"https:\/\/finpros.com\/#organization","name":"FinPros","url":"https:\/\/finpros.com\/","logo":{"@type":"ImageObject","inLanguage":"es","@id":"https:\/\/finpros.com\/#\/schema\/logo\/image\/","url":"https:\/\/finpros.com\/wp-content\/uploads\/2025\/03\/FinPros-PNG-1.png","contentUrl":"https:\/\/finpros.com\/wp-content\/uploads\/2025\/03\/FinPros-PNG-1.png","width":1050,"height":369,"caption":"FinPros"},"image":{"@id":"https:\/\/finpros.com\/#\/schema\/logo\/image\/"}}]}},"_links":{"self":[{"href":"https:\/\/finpros.com\/es\/wp-json\/wp\/v2\/pages\/17577","targetHints":{"allow":["GET"]}}],"collection":[{"href":"https:\/\/finpros.com\/es\/wp-json\/wp\/v2\/pages"}],"about":[{"href":"https:\/\/finpros.com\/es\/wp-json\/wp\/v2\/types\/page"}],"author":[{"embeddable":true,"href":"https:\/\/finpros.com\/es\/wp-json\/wp\/v2\/users\/1"}],"replies":[{"embeddable":true,"href":"https:\/\/finpros.com\/es\/wp-json\/wp\/v2\/comments?post=17577"}],"version-history":[{"count":2,"href":"https:\/\/finpros.com\/es\/wp-json\/wp\/v2\/pages\/17577\/revisions"}],"predecessor-version":[{"id":17585,"href":"https:\/\/finpros.com\/es\/wp-json\/wp\/v2\/pages\/17577\/revisions\/17585"}],"wp:attachment":[{"href":"https:\/\/finpros.com\/es\/wp-json\/wp\/v2\/media?parent=17577"}],"curies":[{"name":"wp","href":"https:\/\/api.w.org\/{rel}","templated":true}]}}