{"id":17573,"date":"2025-04-30T08:52:19","date_gmt":"2025-04-30T08:52:19","guid":{"rendered":"https:\/\/finpros.com\/finpros-se-une-a-wikiexpo-dubai-2024-como-patrocinador-oro\/"},"modified":"2025-06-19T10:24:53","modified_gmt":"2025-06-19T10:24:53","slug":"finpros-se-une-a-wikiexpo-dubai-2024-como-patrocinador-oro","status":"publish","type":"page","link":"https:\/\/finpros.com\/es\/finpros-se-une-a-wikiexpo-dubai-2024-como-patrocinador-oro\/","title":{"rendered":"FinPros se une a WikiEXPO Dubai 2024 como patrocinador Oro"},"content":{"rendered":"\t\t<div data-elementor-type=\"wp-page\" data-elementor-id=\"17573\" class=\"elementor elementor-17573 elementor-11642\" data-elementor-post-type=\"page\">\n\t\t\t\t<div class=\"elementor-element elementor-element-31fb568e e-con-full calculator-sub-banner news-bg-banner e-flex e-con e-parent\" data-id=\"31fb568e\" data-element_type=\"container\" data-settings=\"{&quot;background_background&quot;:&quot;classic&quot;}\">\n\t\t<div class=\"elementor-element elementor-element-56b11d61 e-con-full e-flex e-con e-child\" data-id=\"56b11d61\" data-element_type=\"container\" data-settings=\"{&quot;background_background&quot;:&quot;classic&quot;}\">\n\t\t\t\t<div class=\"elementor-element elementor-element-40c26776 elementor-widget elementor-widget-heading\" data-id=\"40c26776\" data-element_type=\"widget\" data-widget_type=\"heading.default\">\n\t\t\t\t<div class=\"elementor-widget-container\">\n\t\t\t\t\t<h2 class=\"elementor-heading-title elementor-size-default\">FinPros se une a WikiEXPO Dubai 2024 como patrocinador Oro<\/h2>\t\t\t\t<\/div>\n\t\t\t\t<\/div>\n\t\t\t\t<\/div>\n\t\t<div class=\"elementor-element elementor-element-46a15ef4 e-con-full e-flex e-con e-child\" data-id=\"46a15ef4\" data-element_type=\"container\">\n\t\t<div class=\"elementor-element elementor-element-5ec70da e-flex e-con-boxed e-con e-child\" data-id=\"5ec70da\" data-element_type=\"container\">\n\t\t\t\t\t<div class=\"e-con-inner\">\n\t\t\t\t<div class=\"elementor-element elementor-element-2e320ef8 elementor-align-left calc-banner-link bread-links elementor-widget elementor-widget-breadcrumbs\" data-id=\"2e320ef8\" data-element_type=\"widget\" data-widget_type=\"breadcrumbs.default\">\n\t\t\t\t<div class=\"elementor-widget-container\">\n\t\t\t\t\t<p id=\"breadcrumbs\"><span><span><a href=\"https:\/\/finpros.com\/\">Inicio<\/a><\/span><\/span><\/p>\t\t\t\t<\/div>\n\t\t\t\t<\/div>\n\t\t\t\t\t<\/div>\n\t\t\t\t<\/div>\n\t\t\t\t<\/div>\n\t\t\t\t<\/div>\n\t\t<div class=\"elementor-element elementor-element-3ea1a5b e-flex e-con-boxed e-con e-parent\" data-id=\"3ea1a5b\" data-element_type=\"container\">\n\t\t\t\t\t<div class=\"e-con-inner\">\n\t\t<div class=\"elementor-element elementor-element-ff9ded6 e-con-full e-flex e-con e-child\" data-id=\"ff9ded6\" data-element_type=\"container\">\n\t\t\t\t<div class=\"elementor-element elementor-element-c0c4b75 elementor-widget elementor-widget-heading\" data-id=\"c0c4b75\" data-element_type=\"widget\" data-widget_type=\"heading.default\">\n\t\t\t\t<div class=\"elementor-widget-container\">\n\t\t\t\t\t<h4 class=\"elementor-heading-title elementor-size-default\">FinPros se une a WikiEXPO Dubai 2024 como patrocinador Oro<\/h4>\t\t\t\t<\/div>\n\t\t\t\t<\/div>\n\t\t\t\t<div class=\"elementor-element elementor-element-8a5371f elementor-widget elementor-widget-text-editor\" data-id=\"8a5371f\" data-element_type=\"widget\" data-widget_type=\"text-editor.default\">\n\t\t\t\t<div class=\"elementor-widget-container\">\n\t\t\t\t\t\t\t\t\t<p>El <strong>27 de noviembre de 2024<\/strong>, <strong>FinPros particip\u00f3 orgullosamente como Patrocinador Oro<\/strong> en <strong>WikiEXPO Dubai 2024<\/strong>, un evento global de primer nivel organizado por <strong>WikiGlobal<\/strong> y co-organizado por <strong>WikiFX<\/strong>. Celebrado bajo el lema <strong>\u201cVisualizar la Diversidad, Operar con Seguridad,\u201d<\/strong> la exposici\u00f3n reuni\u00f3 a miles de profesionales de la industria para explorar el futuro de la tecnolog\u00eda financiera y las finanzas globales. <\/p><p>El evento atrajo a <strong>m\u00e1s de 6.000 asistentes<\/strong>, incluyendo cerca de <strong>100 oradores de alto perfil y l\u00edderes de la industria<\/strong>, convirti\u00e9ndolo en una de las reuniones m\u00e1s grandes e influyentes del sector financiero este a\u00f1o.<\/p><p>Como Patrocinador Oro, <strong>FinPros ocup\u00f3 un lugar central<\/strong>, exhibiendo nuestras soluciones de negociaci\u00f3n de vanguardia, ofertas de plataformas avanzadas y compromiso con entornos de negociaci\u00f3n seguros y transparentes. Nuestro equipo interactu\u00f3 con socios globales, innovadores en tecnolog\u00eda financiera y operadores, fomentando nuevas conexiones y compartiendo conocimientos sobre c\u00f3mo navegar en un panorama financiero en r\u00e1pida evoluci\u00f3n. <\/p><p>La participaci\u00f3n en WikiEXPO refuerza el compromiso de FinPros de estar a la vanguardia de la innovaci\u00f3n en tecnolog\u00eda financiera, la regulaci\u00f3n y las soluciones centradas en el cliente.<\/p>\t\t\t\t\t\t\t\t<\/div>\n\t\t\t\t<\/div>\n\t\t\t\t<\/div>\n\t\t<div class=\"elementor-element elementor-element-29be501 e-con-full e-flex e-con e-child\" data-id=\"29be501\" data-element_type=\"container\">\n\t\t\t\t<div class=\"elementor-element elementor-element-ba2bacc elementor-widget elementor-widget-gallery\" data-id=\"ba2bacc\" data-element_type=\"widget\" data-settings=\"{&quot;columns&quot;:3,&quot;image_hover_animation&quot;:&quot;grow&quot;,&quot;background_overlay_hover_animation&quot;:&quot;enter-from-left&quot;,&quot;lazyload&quot;:&quot;yes&quot;,&quot;gallery_layout&quot;:&quot;grid&quot;,&quot;columns_tablet&quot;:2,&quot;columns_mobile&quot;:1,&quot;gap&quot;:{&quot;unit&quot;:&quot;px&quot;,&quot;size&quot;:10,&quot;sizes&quot;:[]},&quot;gap_tablet&quot;:{&quot;unit&quot;:&quot;px&quot;,&quot;size&quot;:10,&quot;sizes&quot;:[]},&quot;gap_mobile&quot;:{&quot;unit&quot;:&quot;px&quot;,&quot;size&quot;:10,&quot;sizes&quot;:[]},&quot;link_to&quot;:&quot;file&quot;,&quot;aspect_ratio&quot;:&quot;3:2&quot;,&quot;overlay_background&quot;:&quot;yes&quot;,&quot;content_hover_animation&quot;:&quot;fade-in&quot;}\" data-widget_type=\"gallery.default\">\n\t\t\t\t<div class=\"elementor-widget-container\">\n\t\t\t\t\t\t\t<div class=\"elementor-gallery__container\">\n\t\t\t\t\t\t\t<a class=\"e-gallery-item elementor-gallery-item elementor-animated-content\" href=\"https:\/\/finpros.com\/wp-content\/uploads\/2025\/04\/IMG_E5118-scaled.webp\" data-elementor-open-lightbox=\"yes\" data-elementor-lightbox-slideshow=\"ba2bacc\" data-elementor-lightbox-title=\"IMG_E5118\" data-e-action-hash=\"#elementor-action%3Aaction%3Dlightbox%26settings%3DeyJpZCI6ODk1NywidXJsIjoiaHR0cHM6XC9cL2ZpbnByb3MuY29tXC93cC1jb250ZW50XC91cGxvYWRzXC8yMDI1XC8wNFwvSU1HX0U1MTE4LXNjYWxlZC53ZWJwIiwic2xpZGVzaG93IjoiYmEyYmFjYyJ9\">\n\t\t\t\t\t<div class=\"e-gallery-image elementor-gallery-item__image\" data-thumbnail=\"https:\/\/finpros.com\/wp-content\/uploads\/2025\/04\/IMG_E5118-300x225.webp\" data-width=\"300\" data-height=\"225\" aria-label=\"\" role=\"img\" ><\/div>\n\t\t\t\t\t\t\t\t\t\t\t<div class=\"elementor-gallery-item__overlay\"><\/div>\n\t\t\t\t\t\t\t\t\t\t\t\t\t\t<\/a>\n\t\t\t\t\t\t\t<a class=\"e-gallery-item elementor-gallery-item elementor-animated-content\" href=\"https:\/\/finpros.com\/wp-content\/uploads\/2025\/04\/IMG_5137-scaled.webp\" data-elementor-open-lightbox=\"yes\" data-elementor-lightbox-slideshow=\"ba2bacc\" data-elementor-lightbox-title=\"IMG_5137\" data-e-action-hash=\"#elementor-action%3Aaction%3Dlightbox%26settings%3DeyJpZCI6ODk2OSwidXJsIjoiaHR0cHM6XC9cL2ZpbnByb3MuY29tXC93cC1jb250ZW50XC91cGxvYWRzXC8yMDI1XC8wNFwvSU1HXzUxMzctc2NhbGVkLndlYnAiLCJzbGlkZXNob3ciOiJiYTJiYWNjIn0%3D\">\n\t\t\t\t\t<div class=\"e-gallery-image elementor-gallery-item__image\" data-thumbnail=\"https:\/\/finpros.com\/wp-content\/uploads\/2025\/04\/IMG_5137-225x300.webp\" data-width=\"225\" data-height=\"300\" aria-label=\"\" role=\"img\" ><\/div>\n\t\t\t\t\t\t\t\t\t\t\t<div class=\"elementor-gallery-item__overlay\"><\/div>\n\t\t\t\t\t\t\t\t\t\t\t\t\t\t<\/a>\n\t\t\t\t\t\t\t<a class=\"e-gallery-item elementor-gallery-item elementor-animated-content\" href=\"https:\/\/finpros.com\/wp-content\/uploads\/2025\/04\/IMG_E4995-scaled.webp\" data-elementor-open-lightbox=\"yes\" data-elementor-lightbox-slideshow=\"ba2bacc\" data-elementor-lightbox-title=\"IMG_E4995\" data-e-action-hash=\"#elementor-action%3Aaction%3Dlightbox%26settings%3DeyJpZCI6ODk0NSwidXJsIjoiaHR0cHM6XC9cL2ZpbnByb3MuY29tXC93cC1jb250ZW50XC91cGxvYWRzXC8yMDI1XC8wNFwvSU1HX0U0OTk1LXNjYWxlZC53ZWJwIiwic2xpZGVzaG93IjoiYmEyYmFjYyJ9\">\n\t\t\t\t\t<div class=\"e-gallery-image elementor-gallery-item__image\" data-thumbnail=\"https:\/\/finpros.com\/wp-content\/uploads\/2025\/04\/IMG_E4995-300x225.webp\" data-width=\"300\" data-height=\"225\" aria-label=\"\" role=\"img\" ><\/div>\n\t\t\t\t\t\t\t\t\t\t\t<div class=\"elementor-gallery-item__overlay\"><\/div>\n\t\t\t\t\t\t\t\t\t\t\t\t\t\t<\/a>\n\t\t\t\t\t\t\t<a class=\"e-gallery-item elementor-gallery-item elementor-animated-content\" href=\"https:\/\/finpros.com\/wp-content\/uploads\/2025\/04\/IMG_4970-scaled.webp\" data-elementor-open-lightbox=\"yes\" data-elementor-lightbox-slideshow=\"ba2bacc\" data-elementor-lightbox-title=\"IMG_4970\" data-e-action-hash=\"#elementor-action%3Aaction%3Dlightbox%26settings%3DeyJpZCI6ODk2MywidXJsIjoiaHR0cHM6XC9cL2ZpbnByb3MuY29tXC93cC1jb250ZW50XC91cGxvYWRzXC8yMDI1XC8wNFwvSU1HXzQ5NzAtc2NhbGVkLndlYnAiLCJzbGlkZXNob3ciOiJiYTJiYWNjIn0%3D\">\n\t\t\t\t\t<div class=\"e-gallery-image elementor-gallery-item__image\" data-thumbnail=\"https:\/\/finpros.com\/wp-content\/uploads\/2025\/04\/IMG_4970-300x225.webp\" data-width=\"300\" data-height=\"225\" aria-label=\"\" role=\"img\" ><\/div>\n\t\t\t\t\t\t\t\t\t\t\t<div class=\"elementor-gallery-item__overlay\"><\/div>\n\t\t\t\t\t\t\t\t\t\t\t\t\t\t<\/a>\n\t\t\t\t\t\t\t<a class=\"e-gallery-item elementor-gallery-item elementor-animated-content\" href=\"https:\/\/finpros.com\/wp-content\/uploads\/2025\/04\/IMG_5153.jpg\" data-elementor-open-lightbox=\"yes\" data-elementor-lightbox-slideshow=\"ba2bacc\" data-elementor-lightbox-title=\"IMG_5153\" data-e-action-hash=\"#elementor-action%3Aaction%3Dlightbox%26settings%3DeyJpZCI6ODg4MSwidXJsIjoiaHR0cHM6XC9cL2ZpbnByb3MuY29tXC93cC1jb250ZW50XC91cGxvYWRzXC8yMDI1XC8wNFwvSU1HXzUxNTMuanBnIiwic2xpZGVzaG93IjoiYmEyYmFjYyJ9\">\n\t\t\t\t\t<div class=\"e-gallery-image elementor-gallery-item__image\" data-thumbnail=\"https:\/\/finpros.com\/wp-content\/uploads\/2025\/04\/IMG_5153-225x300.jpg\" data-width=\"225\" data-height=\"300\" aria-label=\"\" role=\"img\" ><\/div>\n\t\t\t\t\t\t\t\t\t\t\t<div class=\"elementor-gallery-item__overlay\"><\/div>\n\t\t\t\t\t\t\t\t\t\t\t\t\t\t<\/a>\n\t\t\t\t\t\t\t<a class=\"e-gallery-item elementor-gallery-item elementor-animated-content\" href=\"https:\/\/finpros.com\/wp-content\/uploads\/2025\/04\/IMG_E5114-scaled.webp\" data-elementor-open-lightbox=\"yes\" data-elementor-lightbox-slideshow=\"ba2bacc\" data-elementor-lightbox-title=\"IMG_E5114\" data-e-action-hash=\"#elementor-action%3Aaction%3Dlightbox%26settings%3DeyJpZCI6ODk1MSwidXJsIjoiaHR0cHM6XC9cL2ZpbnByb3MuY29tXC93cC1jb250ZW50XC91cGxvYWRzXC8yMDI1XC8wNFwvSU1HX0U1MTE0LXNjYWxlZC53ZWJwIiwic2xpZGVzaG93IjoiYmEyYmFjYyJ9\">\n\t\t\t\t\t<div class=\"e-gallery-image elementor-gallery-item__image\" data-thumbnail=\"https:\/\/finpros.com\/wp-content\/uploads\/2025\/04\/IMG_E5114-300x225.webp\" data-width=\"300\" data-height=\"225\" aria-label=\"\" role=\"img\" ><\/div>\n\t\t\t\t\t\t\t\t\t\t\t<div class=\"elementor-gallery-item__overlay\"><\/div>\n\t\t\t\t\t\t\t\t\t\t\t\t\t\t<\/a>\n\t\t\t\t\t<\/div>\n\t\t\t\t\t<\/div>\n\t\t\t\t<\/div>\n\t\t\t\t<\/div>\n\t\t\t\t\t<\/div>\n\t\t\t\t<\/div>\n\t\t\t\t<\/div>\n\t\t","protected":false},"excerpt":{"rendered":"<p>FinPros se une a WikiEXPO Dubai 2024 como patrocinador Oro El 27 de noviembre de 2024, FinPros particip\u00f3 orgullosamente como Patrocinador Oro en WikiEXPO Dubai 2024, un evento global de primer nivel organizado por WikiGlobal y co-organizado por WikiFX. Celebrado bajo el lema \u201cVisualizar la Diversidad, Operar con Seguridad,\u201d la exposici\u00f3n reuni\u00f3 a miles de [&hellip;]<\/p>\n","protected":false},"author":1,"featured_media":0,"parent":0,"menu_order":0,"comment_status":"closed","ping_status":"closed","template":"tpl-default-elementor.php","meta":{"footnotes":""},"class_list":["post-17573","page","type-page","status-publish","hentry"],"yoast_head":"<!-- This site is optimized with the Yoast SEO plugin v25.0 - https:\/\/yoast.com\/wordpress\/plugins\/seo\/ -->\n<title>FinPros se une a WikiEXPO Dubai 2024 como patrocinador Oro - FinPros<\/title>\n<meta name=\"robots\" content=\"index, follow, max-snippet:-1, max-image-preview:large, max-video-preview:-1\" \/>\n<link rel=\"canonical\" href=\"https:\/\/finpros.com\/es\/finpros-se-une-a-wikiexpo-dubai-2024-como-patrocinador-oro\/\" \/>\n<meta property=\"og:locale\" content=\"es_ES\" \/>\n<meta property=\"og:type\" content=\"article\" \/>\n<meta property=\"og:title\" content=\"FinPros se une a WikiEXPO Dubai 2024 como patrocinador Oro - FinPros\" \/>\n<meta property=\"og:description\" content=\"FinPros se une a WikiEXPO Dubai 2024 como patrocinador Oro El 27 de noviembre de 2024, FinPros particip\u00f3 orgullosamente como Patrocinador Oro en WikiEXPO Dubai 2024, un evento global de primer nivel organizado por WikiGlobal y co-organizado por WikiFX. Celebrado bajo el lema \u201cVisualizar la Diversidad, Operar con Seguridad,\u201d la exposici\u00f3n reuni\u00f3 a miles de [&hellip;]\" \/>\n<meta property=\"og:url\" content=\"https:\/\/finpros.com\/es\/finpros-se-une-a-wikiexpo-dubai-2024-como-patrocinador-oro\/\" \/>\n<meta property=\"og:site_name\" content=\"FinPros\" \/>\n<meta property=\"article:modified_time\" content=\"2025-06-19T10:24:53+00:00\" \/>\n<meta name=\"twitter:card\" content=\"summary_large_image\" \/>\n<meta name=\"twitter:label1\" content=\"Tiempo de lectura\" \/>\n\t<meta name=\"twitter:data1\" content=\"1 minuto\" \/>\n<script type=\"application\/ld+json\" class=\"yoast-schema-graph\">{\"@context\":\"https:\/\/schema.org\",\"@graph\":[{\"@type\":\"WebPage\",\"@id\":\"https:\/\/finpros.com\/es\/finpros-se-une-a-wikiexpo-dubai-2024-como-patrocinador-oro\/\",\"url\":\"https:\/\/finpros.com\/es\/finpros-se-une-a-wikiexpo-dubai-2024-como-patrocinador-oro\/\",\"name\":\"FinPros se une a WikiEXPO Dubai 2024 como patrocinador Oro - FinPros\",\"isPartOf\":{\"@id\":\"https:\/\/finpros.com\/#website\"},\"datePublished\":\"2025-04-30T08:52:19+00:00\",\"dateModified\":\"2025-06-19T10:24:53+00:00\",\"breadcrumb\":{\"@id\":\"https:\/\/finpros.com\/es\/finpros-se-une-a-wikiexpo-dubai-2024-como-patrocinador-oro\/#breadcrumb\"},\"inLanguage\":\"es\",\"potentialAction\":[{\"@type\":\"ReadAction\",\"target\":[\"https:\/\/finpros.com\/es\/finpros-se-une-a-wikiexpo-dubai-2024-como-patrocinador-oro\/\"]}]},{\"@type\":\"BreadcrumbList\",\"@id\":\"https:\/\/finpros.com\/es\/finpros-se-une-a-wikiexpo-dubai-2024-como-patrocinador-oro\/#breadcrumb\",\"itemListElement\":[{\"@type\":\"ListItem\",\"position\":1,\"name\":\"Inicio\",\"item\":\"https:\/\/finpros.com\/\"},{\"@type\":\"ListItem\",\"position\":2,\"name\":\"FinPros se une a WikiEXPO Dubai 2024 como patrocinador Oro\"}]},{\"@type\":\"WebSite\",\"@id\":\"https:\/\/finpros.com\/#website\",\"url\":\"https:\/\/finpros.com\/\",\"name\":\"FinPros\",\"description\":\"\",\"publisher\":{\"@id\":\"https:\/\/finpros.com\/#organization\"},\"potentialAction\":[{\"@type\":\"SearchAction\",\"target\":{\"@type\":\"EntryPoint\",\"urlTemplate\":\"https:\/\/finpros.com\/?s={search_term_string}\"},\"query-input\":{\"@type\":\"PropertyValueSpecification\",\"valueRequired\":true,\"valueName\":\"search_term_string\"}}],\"inLanguage\":\"es\"},{\"@type\":\"Organization\",\"@id\":\"https:\/\/finpros.com\/#organization\",\"name\":\"FinPros\",\"url\":\"https:\/\/finpros.com\/\",\"logo\":{\"@type\":\"ImageObject\",\"inLanguage\":\"es\",\"@id\":\"https:\/\/finpros.com\/#\/schema\/logo\/image\/\",\"url\":\"https:\/\/finpros.com\/wp-content\/uploads\/2025\/03\/FinPros-PNG-1.png\",\"contentUrl\":\"https:\/\/finpros.com\/wp-content\/uploads\/2025\/03\/FinPros-PNG-1.png\",\"width\":1050,\"height\":369,\"caption\":\"FinPros\"},\"image\":{\"@id\":\"https:\/\/finpros.com\/#\/schema\/logo\/image\/\"}}]}<\/script>\n<!-- \/ Yoast SEO plugin. -->","yoast_head_json":{"title":"FinPros se une a WikiEXPO Dubai 2024 como patrocinador Oro - FinPros","robots":{"index":"index","follow":"follow","max-snippet":"max-snippet:-1","max-image-preview":"max-image-preview:large","max-video-preview":"max-video-preview:-1"},"canonical":"https:\/\/finpros.com\/es\/finpros-se-une-a-wikiexpo-dubai-2024-como-patrocinador-oro\/","og_locale":"es_ES","og_type":"article","og_title":"FinPros se une a WikiEXPO Dubai 2024 como patrocinador Oro - FinPros","og_description":"FinPros se une a WikiEXPO Dubai 2024 como patrocinador Oro El 27 de noviembre de 2024, FinPros particip\u00f3 orgullosamente como Patrocinador Oro en WikiEXPO Dubai 2024, un evento global de primer nivel organizado por WikiGlobal y co-organizado por WikiFX. Celebrado bajo el lema \u201cVisualizar la Diversidad, Operar con Seguridad,\u201d la exposici\u00f3n reuni\u00f3 a miles de [&hellip;]","og_url":"https:\/\/finpros.com\/es\/finpros-se-une-a-wikiexpo-dubai-2024-como-patrocinador-oro\/","og_site_name":"FinPros","article_modified_time":"2025-06-19T10:24:53+00:00","twitter_card":"summary_large_image","twitter_misc":{"Tiempo de lectura":"1 minuto"},"schema":{"@context":"https:\/\/schema.org","@graph":[{"@type":"WebPage","@id":"https:\/\/finpros.com\/es\/finpros-se-une-a-wikiexpo-dubai-2024-como-patrocinador-oro\/","url":"https:\/\/finpros.com\/es\/finpros-se-une-a-wikiexpo-dubai-2024-como-patrocinador-oro\/","name":"FinPros se une a WikiEXPO Dubai 2024 como patrocinador Oro - FinPros","isPartOf":{"@id":"https:\/\/finpros.com\/#website"},"datePublished":"2025-04-30T08:52:19+00:00","dateModified":"2025-06-19T10:24:53+00:00","breadcrumb":{"@id":"https:\/\/finpros.com\/es\/finpros-se-une-a-wikiexpo-dubai-2024-como-patrocinador-oro\/#breadcrumb"},"inLanguage":"es","potentialAction":[{"@type":"ReadAction","target":["https:\/\/finpros.com\/es\/finpros-se-une-a-wikiexpo-dubai-2024-como-patrocinador-oro\/"]}]},{"@type":"BreadcrumbList","@id":"https:\/\/finpros.com\/es\/finpros-se-une-a-wikiexpo-dubai-2024-como-patrocinador-oro\/#breadcrumb","itemListElement":[{"@type":"ListItem","position":1,"name":"Inicio","item":"https:\/\/finpros.com\/"},{"@type":"ListItem","position":2,"name":"FinPros se une a WikiEXPO Dubai 2024 como patrocinador Oro"}]},{"@type":"WebSite","@id":"https:\/\/finpros.com\/#website","url":"https:\/\/finpros.com\/","name":"FinPros","description":"","publisher":{"@id":"https:\/\/finpros.com\/#organization"},"potentialAction":[{"@type":"SearchAction","target":{"@type":"EntryPoint","urlTemplate":"https:\/\/finpros.com\/?s={search_term_string}"},"query-input":{"@type":"PropertyValueSpecification","valueRequired":true,"valueName":"search_term_string"}}],"inLanguage":"es"},{"@type":"Organization","@id":"https:\/\/finpros.com\/#organization","name":"FinPros","url":"https:\/\/finpros.com\/","logo":{"@type":"ImageObject","inLanguage":"es","@id":"https:\/\/finpros.com\/#\/schema\/logo\/image\/","url":"https:\/\/finpros.com\/wp-content\/uploads\/2025\/03\/FinPros-PNG-1.png","contentUrl":"https:\/\/finpros.com\/wp-content\/uploads\/2025\/03\/FinPros-PNG-1.png","width":1050,"height":369,"caption":"FinPros"},"image":{"@id":"https:\/\/finpros.com\/#\/schema\/logo\/image\/"}}]}},"_links":{"self":[{"href":"https:\/\/finpros.com\/es\/wp-json\/wp\/v2\/pages\/17573","targetHints":{"allow":["GET"]}}],"collection":[{"href":"https:\/\/finpros.com\/es\/wp-json\/wp\/v2\/pages"}],"about":[{"href":"https:\/\/finpros.com\/es\/wp-json\/wp\/v2\/types\/page"}],"author":[{"embeddable":true,"href":"https:\/\/finpros.com\/es\/wp-json\/wp\/v2\/users\/1"}],"replies":[{"embeddable":true,"href":"https:\/\/finpros.com\/es\/wp-json\/wp\/v2\/comments?post=17573"}],"version-history":[{"count":4,"href":"https:\/\/finpros.com\/es\/wp-json\/wp\/v2\/pages\/17573\/revisions"}],"predecessor-version":[{"id":17584,"href":"https:\/\/finpros.com\/es\/wp-json\/wp\/v2\/pages\/17573\/revisions\/17584"}],"wp:attachment":[{"href":"https:\/\/finpros.com\/es\/wp-json\/wp\/v2\/media?parent=17573"}],"curies":[{"name":"wp","href":"https:\/\/api.w.org\/{rel}","templated":true}]}}