{"id":17321,"date":"2025-04-30T08:17:35","date_gmt":"2025-04-30T08:17:35","guid":{"rendered":"https:\/\/finpros.com\/finpros-en-la-exposicion-internacional-de-finanzas-ifinexpo-2024-en-hong-kong\/"},"modified":"2025-06-19T10:19:22","modified_gmt":"2025-06-19T10:19:22","slug":"finpros-en-la-exposicion-internacional-de-finanzas-ifinexpo-2024-en-hong-kong","status":"publish","type":"page","link":"https:\/\/finpros.com\/es\/finpros-en-la-exposicion-internacional-de-finanzas-ifinexpo-2024-en-hong-kong\/","title":{"rendered":"FinPros en la exposici\u00f3n internacional de finanzas IFINEXPO 2024 en Hong Kong"},"content":{"rendered":"\t\t<div data-elementor-type=\"wp-page\" data-elementor-id=\"17321\" class=\"elementor elementor-17321 elementor-11657\" data-elementor-post-type=\"page\">\n\t\t\t\t<div class=\"elementor-element elementor-element-38c5c181 e-con-full calculator-sub-banner news-bg-banner e-flex e-con e-parent\" data-id=\"38c5c181\" data-element_type=\"container\" data-settings=\"{&quot;background_background&quot;:&quot;classic&quot;}\">\n\t\t<div class=\"elementor-element elementor-element-709f5a5 e-con-full e-flex e-con e-child\" data-id=\"709f5a5\" data-element_type=\"container\" data-settings=\"{&quot;background_background&quot;:&quot;classic&quot;}\">\n\t\t\t\t<div class=\"elementor-element elementor-element-5265cc elementor-widget elementor-widget-heading\" data-id=\"5265cc\" data-element_type=\"widget\" data-widget_type=\"heading.default\">\n\t\t\t\t<div class=\"elementor-widget-container\">\n\t\t\t\t\t<h2 class=\"elementor-heading-title elementor-size-default\">FinPros en la exposici\u00f3n internacional de finanzas IFINEXPO 2024 en Hong Kong<\/h2>\t\t\t\t<\/div>\n\t\t\t\t<\/div>\n\t\t\t\t<\/div>\n\t\t<div class=\"elementor-element elementor-element-565c3bba e-con-full e-flex e-con e-child\" data-id=\"565c3bba\" data-element_type=\"container\">\n\t\t<div class=\"elementor-element elementor-element-5b0f66ee e-flex e-con-boxed e-con e-child\" data-id=\"5b0f66ee\" data-element_type=\"container\">\n\t\t\t\t\t<div class=\"e-con-inner\">\n\t\t\t\t<div class=\"elementor-element elementor-element-17fbd168 elementor-align-left calc-banner-link bread-links elementor-widget elementor-widget-breadcrumbs\" data-id=\"17fbd168\" data-element_type=\"widget\" data-widget_type=\"breadcrumbs.default\">\n\t\t\t\t<div class=\"elementor-widget-container\">\n\t\t\t\t\t<p id=\"breadcrumbs\"><span><span><a href=\"https:\/\/finpros.com\/\">Inicio<\/a><\/span><\/span><\/p>\t\t\t\t<\/div>\n\t\t\t\t<\/div>\n\t\t\t\t\t<\/div>\n\t\t\t\t<\/div>\n\t\t\t\t<\/div>\n\t\t\t\t<\/div>\n\t\t<div class=\"elementor-element elementor-element-3ea1a5b e-con-full e-flex e-con e-parent\" data-id=\"3ea1a5b\" data-element_type=\"container\">\n\t\t<div class=\"elementor-element elementor-element-ff9ded6 e-flex e-con-boxed e-con e-child\" data-id=\"ff9ded6\" data-element_type=\"container\">\n\t\t\t\t\t<div class=\"e-con-inner\">\n\t\t\t\t<div class=\"elementor-element elementor-element-c0c4b75 elementor-widget elementor-widget-heading\" data-id=\"c0c4b75\" data-element_type=\"widget\" data-widget_type=\"heading.default\">\n\t\t\t\t<div class=\"elementor-widget-container\">\n\t\t\t\t\t<h4 class=\"elementor-heading-title elementor-size-default\">FinPros en la exposici\u00f3n internacional de finanzas IFINEXPO 2024 en Hong Kong<\/h4>\t\t\t\t<\/div>\n\t\t\t\t<\/div>\n\t\t\t\t<div class=\"elementor-element elementor-element-2df1fc8 elementor-widget elementor-widget-text-editor\" data-id=\"2df1fc8\" data-element_type=\"widget\" data-widget_type=\"text-editor.default\">\n\t\t\t\t<div class=\"elementor-widget-container\">\n\t\t\t\t\t\t\t\t\t<p>Nos complace anunciar que <strong>FinPros<\/strong> particip\u00f3 exitosamente en la prestigiosa <strong>Exposici\u00f3n Internacional de Finanzas IFINEXPO 2024<\/strong>, celebrada en <strong>Hong Kong<\/strong> en <strong>septiembre de 2024<\/strong>.<br>El evento reuni\u00f3 a los principales innovadores financieros, ofreciendo una plataforma din\u00e1mica para exhibir nuestras soluciones de negociaci\u00f3n de vanguardia e iniciativas globales.<br>Durante la exposici\u00f3n, FinPros fue galardonado con el premio al \u201cMejor Negocio Institucional\u201d, un reconocimiento a nuestro compromiso con la excelencia, la innovaci\u00f3n y el servicio orientado al cliente en el sector financiero.<br>Nuestro equipo interactu\u00f3 con socios globales, l\u00edderes de la industria y profesionales del comercio, fortaleciendo la reputaci\u00f3n de FinPros como un l\u00edder confiable y visionario en el espacio fintech.<br>Mantenemos nuestro compromiso de impulsar la innovaci\u00f3n financiera y ofrecer soluciones de primer nivel a clientes y socios institucionales en todo el mundo.<br>\u00a1Mant\u00e9nganse atentos para m\u00e1s hitos emocionantes!<\/p>\t\t\t\t\t\t\t\t<\/div>\n\t\t\t\t<\/div>\n\t\t\t\t\t<\/div>\n\t\t\t\t<\/div>\n\t\t<div class=\"elementor-element elementor-element-ed21682 e-con-full e-flex e-con e-child\" data-id=\"ed21682\" data-element_type=\"container\">\n\t\t\t\t<div class=\"elementor-element elementor-element-288c4cc elementor-widget elementor-widget-gallery\" data-id=\"288c4cc\" data-element_type=\"widget\" data-settings=\"{&quot;columns&quot;:3,&quot;image_hover_animation&quot;:&quot;grow&quot;,&quot;background_overlay_hover_animation&quot;:&quot;enter-from-left&quot;,&quot;lazyload&quot;:&quot;yes&quot;,&quot;gallery_layout&quot;:&quot;grid&quot;,&quot;columns_tablet&quot;:2,&quot;columns_mobile&quot;:1,&quot;gap&quot;:{&quot;unit&quot;:&quot;px&quot;,&quot;size&quot;:10,&quot;sizes&quot;:[]},&quot;gap_tablet&quot;:{&quot;unit&quot;:&quot;px&quot;,&quot;size&quot;:10,&quot;sizes&quot;:[]},&quot;gap_mobile&quot;:{&quot;unit&quot;:&quot;px&quot;,&quot;size&quot;:10,&quot;sizes&quot;:[]},&quot;link_to&quot;:&quot;file&quot;,&quot;aspect_ratio&quot;:&quot;3:2&quot;,&quot;overlay_background&quot;:&quot;yes&quot;,&quot;content_hover_animation&quot;:&quot;fade-in&quot;}\" data-widget_type=\"gallery.default\">\n\t\t\t\t<div class=\"elementor-widget-container\">\n\t\t\t\t\t\t\t<div class=\"elementor-gallery__container\">\n\t\t\t\t\t\t\t<a class=\"e-gallery-item elementor-gallery-item elementor-animated-content\" href=\"https:\/\/finpros.com\/wp-content\/uploads\/2025\/04\/\u5fae\u4fe1\u56fe\u7247_20240906120057-scaled.webp\" data-elementor-open-lightbox=\"yes\" data-elementor-lightbox-slideshow=\"288c4cc\" data-elementor-lightbox-title=\"\u5fae\u4fe1\u56fe\u7247_20240906120057\" data-e-action-hash=\"#elementor-action%3Aaction%3Dlightbox%26settings%3DeyJpZCI6ODk5NiwidXJsIjoiaHR0cHM6XC9cL2ZpbnByb3MuY29tXC93cC1jb250ZW50XC91cGxvYWRzXC8yMDI1XC8wNFwvXHU1ZmFlXHU0ZmUxXHU1NmZlXHU3MjQ3XzIwMjQwOTA2MTIwMDU3LXNjYWxlZC53ZWJwIiwic2xpZGVzaG93IjoiMjg4YzRjYyJ9\">\n\t\t\t\t\t<div class=\"e-gallery-image elementor-gallery-item__image\" data-thumbnail=\"https:\/\/finpros.com\/wp-content\/uploads\/2025\/04\/\u5fae\u4fe1\u56fe\u7247_20240906120057-300x225.webp\" data-width=\"300\" data-height=\"225\" aria-label=\"\" role=\"img\" ><\/div>\n\t\t\t\t\t\t\t\t\t\t\t<div class=\"elementor-gallery-item__overlay\"><\/div>\n\t\t\t\t\t\t\t\t\t\t\t\t\t\t<\/a>\n\t\t\t\t\t\t\t<a class=\"e-gallery-item elementor-gallery-item elementor-animated-content\" href=\"https:\/\/finpros.com\/wp-content\/uploads\/2025\/04\/Image-8-1-scaled.webp\" data-elementor-open-lightbox=\"yes\" data-elementor-lightbox-slideshow=\"288c4cc\" data-elementor-lightbox-title=\"Image (8) (1)\" data-e-action-hash=\"#elementor-action%3Aaction%3Dlightbox%26settings%3DeyJpZCI6ODk4NCwidXJsIjoiaHR0cHM6XC9cL2ZpbnByb3MuY29tXC93cC1jb250ZW50XC91cGxvYWRzXC8yMDI1XC8wNFwvSW1hZ2UtOC0xLXNjYWxlZC53ZWJwIiwic2xpZGVzaG93IjoiMjg4YzRjYyJ9\">\n\t\t\t\t\t<div class=\"e-gallery-image elementor-gallery-item__image\" data-thumbnail=\"https:\/\/finpros.com\/wp-content\/uploads\/2025\/04\/Image-8-1-225x300.webp\" data-width=\"225\" data-height=\"300\" aria-label=\"\" role=\"img\" ><\/div>\n\t\t\t\t\t\t\t\t\t\t\t<div class=\"elementor-gallery-item__overlay\"><\/div>\n\t\t\t\t\t\t\t\t\t\t\t\t\t\t<\/a>\n\t\t\t\t\t\t\t<a class=\"e-gallery-item elementor-gallery-item elementor-animated-content\" href=\"https:\/\/finpros.com\/wp-content\/uploads\/2025\/04\/\u5fae\u4fe1\u56fe\u7247_202409060925121-scaled.webp\" data-elementor-open-lightbox=\"yes\" data-elementor-lightbox-slideshow=\"288c4cc\" data-elementor-lightbox-title=\"\u5fae\u4fe1\u56fe\u7247_202409060925121\" data-e-action-hash=\"#elementor-action%3Aaction%3Dlightbox%26settings%3DeyJpZCI6OTAwMiwidXJsIjoiaHR0cHM6XC9cL2ZpbnByb3MuY29tXC93cC1jb250ZW50XC91cGxvYWRzXC8yMDI1XC8wNFwvXHU1ZmFlXHU0ZmUxXHU1NmZlXHU3MjQ3XzIwMjQwOTA2MDkyNTEyMS1zY2FsZWQud2VicCIsInNsaWRlc2hvdyI6IjI4OGM0Y2MifQ%3D%3D\">\n\t\t\t\t\t<div class=\"e-gallery-image elementor-gallery-item__image\" data-thumbnail=\"https:\/\/finpros.com\/wp-content\/uploads\/2025\/04\/\u5fae\u4fe1\u56fe\u7247_202409060925121-300x225.webp\" data-width=\"300\" data-height=\"225\" aria-label=\"\" role=\"img\" ><\/div>\n\t\t\t\t\t\t\t\t\t\t\t<div class=\"elementor-gallery-item__overlay\"><\/div>\n\t\t\t\t\t\t\t\t\t\t\t\t\t\t<\/a>\n\t\t\t\t\t<\/div>\n\t\t\t\t\t<\/div>\n\t\t\t\t<\/div>\n\t\t\t\t<\/div>\n\t\t\t\t<\/div>\n\t\t\t\t<\/div>\n\t\t","protected":false},"excerpt":{"rendered":"<p>FinPros en la exposici\u00f3n internacional de finanzas IFINEXPO 2024 en Hong Kong Nos complace anunciar que FinPros particip\u00f3 exitosamente en la prestigiosa Exposici\u00f3n Internacional de Finanzas IFINEXPO 2024, celebrada en Hong Kong en septiembre de 2024.El evento reuni\u00f3 a los principales innovadores financieros, ofreciendo una plataforma din\u00e1mica para exhibir nuestras soluciones de negociaci\u00f3n de vanguardia [&hellip;]<\/p>\n","protected":false},"author":1,"featured_media":0,"parent":0,"menu_order":0,"comment_status":"closed","ping_status":"closed","template":"tpl-default-elementor.php","meta":{"footnotes":""},"class_list":["post-17321","page","type-page","status-publish","hentry"],"yoast_head":"<!-- This site is optimized with the Yoast SEO plugin v25.0 - https:\/\/yoast.com\/wordpress\/plugins\/seo\/ -->\n<title>FinPros en la exposici\u00f3n internacional de finanzas IFINEXPO 2024 en Hong Kong - FinPros<\/title>\n<meta name=\"robots\" content=\"index, follow, max-snippet:-1, max-image-preview:large, max-video-preview:-1\" \/>\n<link rel=\"canonical\" href=\"https:\/\/finpros.com\/es\/finpros-en-la-exposicion-internacional-de-finanzas-ifinexpo-2024-en-hong-kong\/\" \/>\n<meta property=\"og:locale\" content=\"es_ES\" \/>\n<meta property=\"og:type\" content=\"article\" \/>\n<meta property=\"og:title\" content=\"FinPros en la exposici\u00f3n internacional de finanzas IFINEXPO 2024 en Hong Kong - FinPros\" \/>\n<meta property=\"og:description\" content=\"FinPros en la exposici\u00f3n internacional de finanzas IFINEXPO 2024 en Hong Kong Nos complace anunciar que FinPros particip\u00f3 exitosamente en la prestigiosa Exposici\u00f3n Internacional de Finanzas IFINEXPO 2024, celebrada en Hong Kong en septiembre de 2024.El evento reuni\u00f3 a los principales innovadores financieros, ofreciendo una plataforma din\u00e1mica para exhibir nuestras soluciones de negociaci\u00f3n de vanguardia [&hellip;]\" \/>\n<meta property=\"og:url\" content=\"https:\/\/finpros.com\/es\/finpros-en-la-exposicion-internacional-de-finanzas-ifinexpo-2024-en-hong-kong\/\" \/>\n<meta property=\"og:site_name\" content=\"FinPros\" \/>\n<meta property=\"article:modified_time\" content=\"2025-06-19T10:19:22+00:00\" \/>\n<meta name=\"twitter:card\" content=\"summary_large_image\" \/>\n<meta name=\"twitter:label1\" content=\"Tiempo de lectura\" \/>\n\t<meta name=\"twitter:data1\" content=\"1 minuto\" \/>\n<script type=\"application\/ld+json\" class=\"yoast-schema-graph\">{\"@context\":\"https:\/\/schema.org\",\"@graph\":[{\"@type\":\"WebPage\",\"@id\":\"https:\/\/finpros.com\/es\/finpros-en-la-exposicion-internacional-de-finanzas-ifinexpo-2024-en-hong-kong\/\",\"url\":\"https:\/\/finpros.com\/es\/finpros-en-la-exposicion-internacional-de-finanzas-ifinexpo-2024-en-hong-kong\/\",\"name\":\"FinPros en la exposici\u00f3n internacional de finanzas IFINEXPO 2024 en Hong Kong - FinPros\",\"isPartOf\":{\"@id\":\"https:\/\/finpros.com\/#website\"},\"datePublished\":\"2025-04-30T08:17:35+00:00\",\"dateModified\":\"2025-06-19T10:19:22+00:00\",\"breadcrumb\":{\"@id\":\"https:\/\/finpros.com\/es\/finpros-en-la-exposicion-internacional-de-finanzas-ifinexpo-2024-en-hong-kong\/#breadcrumb\"},\"inLanguage\":\"es\",\"potentialAction\":[{\"@type\":\"ReadAction\",\"target\":[\"https:\/\/finpros.com\/es\/finpros-en-la-exposicion-internacional-de-finanzas-ifinexpo-2024-en-hong-kong\/\"]}]},{\"@type\":\"BreadcrumbList\",\"@id\":\"https:\/\/finpros.com\/es\/finpros-en-la-exposicion-internacional-de-finanzas-ifinexpo-2024-en-hong-kong\/#breadcrumb\",\"itemListElement\":[{\"@type\":\"ListItem\",\"position\":1,\"name\":\"Inicio\",\"item\":\"https:\/\/finpros.com\/\"},{\"@type\":\"ListItem\",\"position\":2,\"name\":\"FinPros en la exposici\u00f3n internacional de finanzas IFINEXPO 2024 en Hong Kong\"}]},{\"@type\":\"WebSite\",\"@id\":\"https:\/\/finpros.com\/#website\",\"url\":\"https:\/\/finpros.com\/\",\"name\":\"FinPros\",\"description\":\"\",\"publisher\":{\"@id\":\"https:\/\/finpros.com\/#organization\"},\"potentialAction\":[{\"@type\":\"SearchAction\",\"target\":{\"@type\":\"EntryPoint\",\"urlTemplate\":\"https:\/\/finpros.com\/?s={search_term_string}\"},\"query-input\":{\"@type\":\"PropertyValueSpecification\",\"valueRequired\":true,\"valueName\":\"search_term_string\"}}],\"inLanguage\":\"es\"},{\"@type\":\"Organization\",\"@id\":\"https:\/\/finpros.com\/#organization\",\"name\":\"FinPros\",\"url\":\"https:\/\/finpros.com\/\",\"logo\":{\"@type\":\"ImageObject\",\"inLanguage\":\"es\",\"@id\":\"https:\/\/finpros.com\/#\/schema\/logo\/image\/\",\"url\":\"https:\/\/finpros.com\/wp-content\/uploads\/2025\/03\/FinPros-PNG-1.png\",\"contentUrl\":\"https:\/\/finpros.com\/wp-content\/uploads\/2025\/03\/FinPros-PNG-1.png\",\"width\":1050,\"height\":369,\"caption\":\"FinPros\"},\"image\":{\"@id\":\"https:\/\/finpros.com\/#\/schema\/logo\/image\/\"}}]}<\/script>\n<!-- \/ Yoast SEO plugin. -->","yoast_head_json":{"title":"FinPros en la exposici\u00f3n internacional de finanzas IFINEXPO 2024 en Hong Kong - FinPros","robots":{"index":"index","follow":"follow","max-snippet":"max-snippet:-1","max-image-preview":"max-image-preview:large","max-video-preview":"max-video-preview:-1"},"canonical":"https:\/\/finpros.com\/es\/finpros-en-la-exposicion-internacional-de-finanzas-ifinexpo-2024-en-hong-kong\/","og_locale":"es_ES","og_type":"article","og_title":"FinPros en la exposici\u00f3n internacional de finanzas IFINEXPO 2024 en Hong Kong - FinPros","og_description":"FinPros en la exposici\u00f3n internacional de finanzas IFINEXPO 2024 en Hong Kong Nos complace anunciar que FinPros particip\u00f3 exitosamente en la prestigiosa Exposici\u00f3n Internacional de Finanzas IFINEXPO 2024, celebrada en Hong Kong en septiembre de 2024.El evento reuni\u00f3 a los principales innovadores financieros, ofreciendo una plataforma din\u00e1mica para exhibir nuestras soluciones de negociaci\u00f3n de vanguardia [&hellip;]","og_url":"https:\/\/finpros.com\/es\/finpros-en-la-exposicion-internacional-de-finanzas-ifinexpo-2024-en-hong-kong\/","og_site_name":"FinPros","article_modified_time":"2025-06-19T10:19:22+00:00","twitter_card":"summary_large_image","twitter_misc":{"Tiempo de lectura":"1 minuto"},"schema":{"@context":"https:\/\/schema.org","@graph":[{"@type":"WebPage","@id":"https:\/\/finpros.com\/es\/finpros-en-la-exposicion-internacional-de-finanzas-ifinexpo-2024-en-hong-kong\/","url":"https:\/\/finpros.com\/es\/finpros-en-la-exposicion-internacional-de-finanzas-ifinexpo-2024-en-hong-kong\/","name":"FinPros en la exposici\u00f3n internacional de finanzas IFINEXPO 2024 en Hong Kong - FinPros","isPartOf":{"@id":"https:\/\/finpros.com\/#website"},"datePublished":"2025-04-30T08:17:35+00:00","dateModified":"2025-06-19T10:19:22+00:00","breadcrumb":{"@id":"https:\/\/finpros.com\/es\/finpros-en-la-exposicion-internacional-de-finanzas-ifinexpo-2024-en-hong-kong\/#breadcrumb"},"inLanguage":"es","potentialAction":[{"@type":"ReadAction","target":["https:\/\/finpros.com\/es\/finpros-en-la-exposicion-internacional-de-finanzas-ifinexpo-2024-en-hong-kong\/"]}]},{"@type":"BreadcrumbList","@id":"https:\/\/finpros.com\/es\/finpros-en-la-exposicion-internacional-de-finanzas-ifinexpo-2024-en-hong-kong\/#breadcrumb","itemListElement":[{"@type":"ListItem","position":1,"name":"Inicio","item":"https:\/\/finpros.com\/"},{"@type":"ListItem","position":2,"name":"FinPros en la exposici\u00f3n internacional de finanzas IFINEXPO 2024 en Hong Kong"}]},{"@type":"WebSite","@id":"https:\/\/finpros.com\/#website","url":"https:\/\/finpros.com\/","name":"FinPros","description":"","publisher":{"@id":"https:\/\/finpros.com\/#organization"},"potentialAction":[{"@type":"SearchAction","target":{"@type":"EntryPoint","urlTemplate":"https:\/\/finpros.com\/?s={search_term_string}"},"query-input":{"@type":"PropertyValueSpecification","valueRequired":true,"valueName":"search_term_string"}}],"inLanguage":"es"},{"@type":"Organization","@id":"https:\/\/finpros.com\/#organization","name":"FinPros","url":"https:\/\/finpros.com\/","logo":{"@type":"ImageObject","inLanguage":"es","@id":"https:\/\/finpros.com\/#\/schema\/logo\/image\/","url":"https:\/\/finpros.com\/wp-content\/uploads\/2025\/03\/FinPros-PNG-1.png","contentUrl":"https:\/\/finpros.com\/wp-content\/uploads\/2025\/03\/FinPros-PNG-1.png","width":1050,"height":369,"caption":"FinPros"},"image":{"@id":"https:\/\/finpros.com\/#\/schema\/logo\/image\/"}}]}},"_links":{"self":[{"href":"https:\/\/finpros.com\/es\/wp-json\/wp\/v2\/pages\/17321","targetHints":{"allow":["GET"]}}],"collection":[{"href":"https:\/\/finpros.com\/es\/wp-json\/wp\/v2\/pages"}],"about":[{"href":"https:\/\/finpros.com\/es\/wp-json\/wp\/v2\/types\/page"}],"author":[{"embeddable":true,"href":"https:\/\/finpros.com\/es\/wp-json\/wp\/v2\/users\/1"}],"replies":[{"embeddable":true,"href":"https:\/\/finpros.com\/es\/wp-json\/wp\/v2\/comments?post=17321"}],"version-history":[{"count":1,"href":"https:\/\/finpros.com\/es\/wp-json\/wp\/v2\/pages\/17321\/revisions"}],"predecessor-version":[{"id":17332,"href":"https:\/\/finpros.com\/es\/wp-json\/wp\/v2\/pages\/17321\/revisions\/17332"}],"wp:attachment":[{"href":"https:\/\/finpros.com\/es\/wp-json\/wp\/v2\/media?parent=17321"}],"curies":[{"name":"wp","href":"https:\/\/api.w.org\/{rel}","templated":true}]}}