{"id":17319,"date":"2025-04-16T17:31:34","date_gmt":"2025-04-16T17:31:34","guid":{"rendered":"https:\/\/finpros.com\/calculadora-de-beneficios\/"},"modified":"2025-06-19T10:20:03","modified_gmt":"2025-06-19T10:20:03","slug":"calculadora-de-beneficios","status":"publish","type":"page","link":"https:\/\/finpros.com\/es\/calculadora-de-beneficios\/","title":{"rendered":"Calculadora de beneficios"},"content":{"rendered":"\t\t<div data-elementor-type=\"wp-page\" data-elementor-id=\"17319\" class=\"elementor elementor-17319 elementor-6538\" data-elementor-post-type=\"page\">\n\t\t\t\t<div class=\"elementor-element elementor-element-4791af43 e-con-full calculator-sub-banner sub-calc-bg e-flex e-con e-parent\" data-id=\"4791af43\" data-element_type=\"container\" data-settings=\"{&quot;background_background&quot;:&quot;classic&quot;}\">\n\t\t<div class=\"elementor-element elementor-element-21a6c8eb e-con-full e-flex e-con e-child\" data-id=\"21a6c8eb\" data-element_type=\"container\" data-settings=\"{&quot;background_background&quot;:&quot;classic&quot;}\">\n\t\t\t\t<div class=\"elementor-element elementor-element-4826c520 elementor-widget elementor-widget-heading\" data-id=\"4826c520\" data-element_type=\"widget\" data-widget_type=\"heading.default\">\n\t\t\t\t<div class=\"elementor-widget-container\">\n\t\t\t\t\t<h2 class=\"elementor-heading-title elementor-size-default\">Calculadora de <span>beneficio<\/span><\/h2>\t\t\t\t<\/div>\n\t\t\t\t<\/div>\n\t\t\t\t<div class=\"elementor-element elementor-element-494adcd elementor-widget elementor-widget-heading\" data-id=\"494adcd\" data-element_type=\"widget\" data-widget_type=\"heading.default\">\n\t\t\t\t<div class=\"elementor-widget-container\">\n\t\t\t\t\t<p class=\"elementor-heading-title elementor-size-default\">Obtenga acceso a los mercados de divisas globales con ejecuci\u00f3n r\u00e1pida y diferenciales justos<\/p>\t\t\t\t<\/div>\n\t\t\t\t<\/div>\n\t\t\t\t<\/div>\n\t\t<div class=\"elementor-element elementor-element-7ea55af6 e-con-full e-flex e-con e-child\" data-id=\"7ea55af6\" data-element_type=\"container\" data-settings=\"{&quot;background_background&quot;:&quot;classic&quot;}\">\n\t\t<div class=\"elementor-element elementor-element-2f7b609b e-flex e-con-boxed e-con e-child\" data-id=\"2f7b609b\" data-element_type=\"container\">\n\t\t\t\t\t<div class=\"e-con-inner\">\n\t\t\t\t<div class=\"elementor-element elementor-element-59ed4361 elementor-align-left calc-banner-link elementor-widget elementor-widget-breadcrumbs\" data-id=\"59ed4361\" data-element_type=\"widget\" data-widget_type=\"breadcrumbs.default\">\n\t\t\t\t<div class=\"elementor-widget-container\">\n\t\t\t\t\t<p id=\"breadcrumbs\"><span><span><a href=\"https:\/\/finpros.com\/\">Inicio<\/a><\/span><\/span><\/p>\t\t\t\t<\/div>\n\t\t\t\t<\/div>\n\t\t\t\t\t<\/div>\n\t\t\t\t<\/div>\n\t\t\t\t<\/div>\n\t\t\t\t<\/div>\n\t\t<div class=\"elementor-element elementor-element-2fac50f e-flex e-con-boxed e-con e-parent\" data-id=\"2fac50f\" data-element_type=\"container\">\n\t\t\t\t\t<div class=\"e-con-inner\">\n\t\t<div class=\"elementor-element elementor-element-4997a57 e-con-full e-flex e-con e-child\" data-id=\"4997a57\" data-element_type=\"container\">\n\t\t\t\t<div class=\"elementor-element elementor-element-1ec21d1 elementor-widget elementor-widget-heading\" data-id=\"1ec21d1\" data-element_type=\"widget\" data-widget_type=\"heading.default\">\n\t\t\t\t<div class=\"elementor-widget-container\">\n\t\t\t\t\t<h2 class=\"elementor-heading-title elementor-size-default\"> Calculadora de <span>beneficio<\/span><\/h2>\t\t\t\t<\/div>\n\t\t\t\t<\/div>\n\t\t\t\t<\/div>\n\t\t<div class=\"elementor-element elementor-element-df56ab4 e-con-full e-flex e-con e-child\" data-id=\"df56ab4\" data-element_type=\"container\">\n\t\t\t\t<div class=\"elementor-element elementor-element-51bd7d2 elementor-widget elementor-widget-text-editor\" data-id=\"51bd7d2\" data-element_type=\"widget\" data-widget_type=\"text-editor.default\">\n\t\t\t\t<div class=\"elementor-widget-container\">\n\t\t\t\t\t\t\t\t\t<p>La calculadora de beneficio de Forex es una herramienta de gesti\u00f3n de riesgos para mejorar sus operaciones con pares de divisas y otros activos. Calcule los beneficios y p\u00e9rdidas potenciales de sus \u00f3rdenes y opere en los mercados financieros con mayor confianza. <\/p>\t\t\t\t\t\t\t\t<\/div>\n\t\t\t\t<\/div>\n\t\t\t\t<\/div>\n\t\t<div class=\"elementor-element elementor-element-f4a2424 e-con-full e-flex e-con e-child\" data-id=\"f4a2424\" data-element_type=\"container\">\n\t\t\t\t<div class=\"elementor-element elementor-element-fb967bb elementor-widget elementor-widget-text-editor\" data-id=\"fb967bb\" data-element_type=\"widget\" data-widget_type=\"text-editor.default\">\n\t\t\t\t<div class=\"elementor-widget-container\">\n\t\t\t\t\t\t\t\t\t<p><strong data-start=\"87\" data-end=\"99\">Ejemplo:<\/strong> Si convierte <strong data-start=\"115\" data-end=\"126\">\u20ac10.000<\/strong> a <strong data-start=\"130\" data-end=\"137\">USD<\/strong>, el resultado ser\u00eda <strong data-start=\"159\" data-end=\"173\">$10.437,20<\/strong>, basado en el tipo de cambio <strong data-start=\"193\" data-end=\"216\" data-is-only-node=\"\">1 EUR = 1,04372 USD<\/strong> y <strong data-start=\"221\" data-end=\"245\">1 USD = 0,958111 EUR<\/strong>.<\/p>\t\t\t\t\t\t\t\t<\/div>\n\t\t\t\t<\/div>\n\t\t\t\t<\/div>\n\t\t\t\t\t<\/div>\n\t\t\t\t<\/div>\n\t\t<div class=\"elementor-element elementor-element-fa3bf46 e-flex e-con-boxed e-con e-parent\" data-id=\"fa3bf46\" data-element_type=\"container\">\n\t\t\t\t\t<div class=\"e-con-inner\">\n\t\t<div class=\"elementor-element elementor-element-eb702b9 e-con-full e-flex e-con e-child\" data-id=\"eb702b9\" data-element_type=\"container\">\n\t\t\t\t<div class=\"elementor-element elementor-element-c05ae7a elementor-widget elementor-widget-shortcode\" data-id=\"c05ae7a\" data-element_type=\"widget\" data-widget_type=\"shortcode.default\">\n\t\t\t\t<div class=\"elementor-widget-container\">\n\t\t\t\t\t\t\t<div class=\"elementor-shortcode\">    <div class=\"calculator-container profit-calculator\">\r\n        <div class=\"calculator-header\">\r\n            <h3>Profit Calculator<\/h3>\r\n            <p>Calculate your potential profit in money and pips<\/p>\r\n        <\/div>\r\n        <div class=\"calculator-body\">\r\n        <div class=\"calculator-form\">\r\n            <div class=\"form-row\">\r\n                <div class=\"form-column\">\r\n                    <label for=\"pc-currency-pair\">Instrument<\/label>\r\n                    <select id=\"pc-currency-pair\" class=\"form-control\"><\/select>\r\n                <\/div>\r\n                <div class=\"form-column\">\r\n                    <label for=\"pc-account-currency\">Deposit currency<\/label>\r\n                    <select id=\"pc-account-currency\" class=\"form-control\">\r\n                        <option value=\"USD\">USD<\/option>\r\n                        <option value=\"EUR\">EUR<\/option>\r\n                        <option value=\"GBP\">GBP<\/option>\r\n                        <option value=\"CHF\">CHF<\/option>\r\n                        <option value=\"JPY\">JPY<\/option>\r\n                        <option value=\"AUD\">AUD<\/option>\r\n                        <option value=\"CAD\">CAD<\/option>\r\n                    <\/select>\r\n                <\/div>\r\n            <\/div>\r\n\r\n            <div class=\"form-row\">\r\n                <div class=\"form-column\">\r\n                    <label for=\"pc-trade-type\">Buy or Sell<\/label>\r\n                    <select id=\"pc-trade-type\" class=\"form-control\">\r\n                        <option value=\"buy\">Buy<\/option>\r\n                        <option value=\"sell\">Sell<\/option>\r\n                    <\/select>\r\n                <\/div>\r\n                <div class=\"form-column\">\r\n                    <label for=\"pc-lot-size\">Lots (trade size)<\/label>\r\n                    <input type=\"number\" id=\"pc-lot-size\" class=\"form-control\" value=\"1\" step=\"0.01\" min=\"0.01\">\r\n                <\/div>\r\n            <\/div>\r\n\r\n            <div class=\"form-row\">\r\n                <div class=\"form-column\">\r\n                    <label for=\"pc-open-price\">Open price<\/label>\r\n                    <input type=\"number\" id=\"pc-open-price\" class=\"form-control\" step=\"0.00001\">\r\n                <\/div>\r\n                <div class=\"form-column\">\r\n                    <label for=\"pc-close-price\">Close price<\/label>\r\n                    <input type=\"number\" id=\"pc-close-price\" class=\"form-control\" step=\"0.00001\">\r\n                <\/div>\r\n            <\/div>\r\n\r\n            <div class=\"form-row\">\r\n                <div class=\"form-column\">\r\n                    <label id=\"pc-pip-size-label\">1 Pip Size<\/label>\r\n                    <input type=\"number\" id=\"pc-pip-size\" class=\"form-control\" readonly>\r\n                <\/div>\r\n                <div class=\"form-column\" id=\"pc-currency-price-container\" style=\"display: none;\">\r\n                    <label id=\"pc-currency-price-label\">Currency Price<\/label>\r\n                    <input type=\"number\" id=\"pc-currency-price\" class=\"form-control\" readonly>\r\n                <\/div>\r\n            <\/div>\r\n\r\n            <div class=\"form-row\">\r\n                <div class=\"form-column\">\r\n                    <button id=\"pc-calculate-btn\" class=\"calculate-button\">Calculate<\/button>\r\n                <\/div>\r\n            <\/div>\r\n        <\/div>\r\n\r\n        <div class=\"calculator-results\">\r\n            <div class=\"form-row\">\r\n                <div class=\"form-column\">\r\n                    <div class=\"result-box\">\r\n                        <div class=\"result-title\">Profit in money<\/div>\r\n                        <div class=\"result-value\">\r\n                            <span id=\"pc-profit-currency\"><\/span>\r\n                            <span id=\"pc-profit-money\">0.00<\/span>\r\n                        <\/div>\r\n                    <\/div>\r\n                <\/div>\r\n                <div class=\"form-column\">\r\n                    <div class=\"result-box\">\r\n                        <div class=\"result-title\">Profit in pips<\/div>\r\n                        <div class=\"result-value\" id=\"pc-profit-pips\">0<\/div>\r\n                    <\/div>\r\n                <\/div>\r\n            <\/div>\r\n        <\/div>\r\n    <\/div>\r\n    <\/div>\r\n    <\/div>\n\t\t\t\t\t\t<\/div>\n\t\t\t\t<\/div>\n\t\t\t\t<\/div>\n\t\t\t\t\t<\/div>\n\t\t\t\t<\/div>\n\t\t<div class=\"elementor-element elementor-element-6710d59 e-flex e-con-boxed e-con e-parent\" data-id=\"6710d59\" data-element_type=\"container\">\n\t\t\t\t\t<div class=\"e-con-inner\">\n\t\t\t\t<div class=\"elementor-element elementor-element-e64a681 elementor-widget elementor-widget-heading\" data-id=\"e64a681\" data-element_type=\"widget\" data-widget_type=\"heading.default\">\n\t\t\t\t<div class=\"elementor-widget-container\">\n\t\t\t\t\t<h2 class=\"elementor-heading-title elementor-size-default\">Encuentre <span>respuestas<\/span> a preguntas <br>frecuentes<\/h2>\t\t\t\t<\/div>\n\t\t\t\t<\/div>\n\t\t\t\t<div class=\"elementor-element elementor-element-b057886 elementor-widget__width-initial elementor-widget elementor-widget-shortcode\" data-id=\"b057886\" data-element_type=\"widget\" data-widget_type=\"shortcode.default\">\n\t\t\t\t<div class=\"elementor-widget-container\">\n\t\t\t\t\t\t\t<div class=\"elementor-shortcode\">            <div class=\"qae-faqs-container qae-faqs-toggle-container\">\n\t\t\t\t\t\t<div id=\"qaef-17554\" class=\"qe-faq-toggle operaciones\">\n\t\t\t<div class=\"qe-toggle-title\">\n\t\t\t\t<h4>\n\t\t\t\t\t<i class=\"fa fa-minus-circle\"><\/i> \u00bfC\u00f3mo puedo cambiar mi contrase\u00f1a?\t\t\t\t<\/h4>\n\t\t\t<\/div>\n\t\t\t<div class=\"qe-toggle-content\">\n\t\t\t\t<ul>\n<li>Pulse el bot\u00f3n \u201cIniciar sesi\u00f3n\u201d y luego \u201cOlvid\u00e9 mi contrase\u00f1a\u201d<\/li>\n<li>Introduzca el correo electr\u00f3nico con el que se registr\u00f3 en el campo correspondiente y pulse el bot\u00f3n \u201cEnviar\u201d.<\/li>\n<li>Le enviaremos un enlace por correo electr\u00f3nico para cambiar su contrase\u00f1a.<\/li>\n<\/ul>\n\t\t\t<\/div>\n\t\t<\/div>\n\t\t\t\t<div id=\"qaef-17555\" class=\"qe-faq-toggle operaciones\">\n\t\t\t<div class=\"qe-toggle-title\">\n\t\t\t\t<h4>\n\t\t\t\t\t<i class=\"fa fa-minus-circle\"><\/i> \u00bfC\u00f3mo puedo modificar los detalles de mi cuenta?\t\t\t\t<\/h4>\n\t\t\t<\/div>\n\t\t\t<div class=\"qe-toggle-content\">\n\t\t\t\t<ul style=\"margin-left: -15px\">\n<li>Pulse la pesta\u00f1a \u201cCuenta\u201d en la parte inferior derecha, y luego \u201cEditar perfil\u201d.<\/li>\n<li>En esta p\u00e1gina puede editar su \u201cIdentificador de b\u00fasqueda\u201d, \u201cNombre de se\u00f1al\u201d y \u201cGu\u00eda de capital\u201d<\/li>\n<\/ul>\n\t\t\t<\/div>\n\t\t<\/div>\n\t\t\t\t<div id=\"qaef-17556\" class=\"qe-faq-toggle operaciones\">\n\t\t\t<div class=\"qe-toggle-title\">\n\t\t\t\t<h4>\n\t\t\t\t\t<i class=\"fa fa-minus-circle\"><\/i> \u00bfC\u00f3mo cambio mi cuenta de trading?\t\t\t\t<\/h4>\n\t\t\t<\/div>\n\t\t\t<div class=\"qe-toggle-content\">\n\t\t\t\t<ul style=\"margin-left: -15px\">\n<li>Pulse la pesta\u00f1a \u201cCuenta\u201d en la esquina inferior derecha.<\/li>\n<li>Despl\u00e1cese hasta la parte inferior y pulse el bot\u00f3n \u201cVincular una cuenta\u201d.<\/li>\n<li>Introduzca los datos de su nueva cuenta de trading.<\/li>\n<\/ul>\n\t\t\t<\/div>\n\t\t<\/div>\n\t\t            <\/div>\n\t\t<\/div>\n\t\t\t\t\t\t<\/div>\n\t\t\t\t<\/div>\n\t\t\t\t<div class=\"elementor-element elementor-element-6d49d67 elementor-align-center elementor-widget__width-auto read-more-link elementor-widget elementor-widget-button\" data-id=\"6d49d67\" data-element_type=\"widget\" data-widget_type=\"button.default\">\n\t\t\t\t<div class=\"elementor-widget-container\">\n\t\t\t\t\t\t\t\t\t<div class=\"elementor-button-wrapper\">\n\t\t\t\t\t<a class=\"elementor-button elementor-button-link elementor-size-sm\" href=\"https:\/\/finpros.com\/es\/preguntas-frecuentes\/\">\n\t\t\t\t\t\t<span class=\"elementor-button-content-wrapper\">\n\t\t\t\t\t\t<span class=\"elementor-button-icon\">\n\t\t\t\t<svg aria-hidden=\"true\" class=\"e-font-icon-svg e-fas-arrow-right\" viewBox=\"0 0 448 512\" xmlns=\"http:\/\/www.w3.org\/2000\/svg\"><path d=\"M190.5 66.9l22.2-22.2c9.4-9.4 24.6-9.4 33.9 0L441 239c9.4 9.4 9.4 24.6 0 33.9L246.6 467.3c-9.4 9.4-24.6 9.4-33.9 0l-22.2-22.2c-9.5-9.5-9.3-25 .4-34.3L311.4 296H24c-13.3 0-24-10.7-24-24v-32c0-13.3 10.7-24 24-24h287.4L190.9 101.2c-9.8-9.3-10-24.8-.4-34.3z\"><\/path><\/svg>\t\t\t<\/span>\n\t\t\t\t\t\t\t\t\t<span class=\"elementor-button-text\">Leer m\u00e1s<\/span>\n\t\t\t\t\t<\/span>\n\t\t\t\t\t<\/a>\n\t\t\t\t<\/div>\n\t\t\t\t\t\t\t\t<\/div>\n\t\t\t\t<\/div>\n\t\t\t\t\t<\/div>\n\t\t\t\t<\/div>\n\t\t\t\t<\/div>\n\t\t","protected":false},"excerpt":{"rendered":"<p>Calculadora de beneficio Obtenga acceso a los mercados de divisas globales con ejecuci\u00f3n r\u00e1pida y diferenciales justos Calculadora de beneficio La calculadora de beneficio de Forex es una herramienta de gesti\u00f3n de riesgos para mejorar sus operaciones con pares de divisas y otros activos. Calcule los beneficios y p\u00e9rdidas potenciales de sus \u00f3rdenes y opere [&hellip;]<\/p>\n","protected":false},"author":1,"featured_media":0,"parent":0,"menu_order":0,"comment_status":"closed","ping_status":"closed","template":"tpl-default-elementor.php","meta":{"footnotes":""},"class_list":["post-17319","page","type-page","status-publish","hentry"],"yoast_head":"<!-- This site is optimized with the Yoast SEO plugin v25.0 - https:\/\/yoast.com\/wordpress\/plugins\/seo\/ -->\n<title>Calculadora de beneficios - FinPros<\/title>\n<meta name=\"robots\" content=\"index, follow, max-snippet:-1, max-image-preview:large, max-video-preview:-1\" \/>\n<link rel=\"canonical\" href=\"https:\/\/finpros.com\/es\/calculadora-de-beneficios\/\" \/>\n<meta property=\"og:locale\" content=\"es_ES\" \/>\n<meta property=\"og:type\" content=\"article\" \/>\n<meta property=\"og:title\" content=\"Calculadora de beneficios - FinPros\" \/>\n<meta property=\"og:description\" content=\"Calculadora de beneficio Obtenga acceso a los mercados de divisas globales con ejecuci\u00f3n r\u00e1pida y diferenciales justos Calculadora de beneficio La calculadora de beneficio de Forex es una herramienta de gesti\u00f3n de riesgos para mejorar sus operaciones con pares de divisas y otros activos. Calcule los beneficios y p\u00e9rdidas potenciales de sus \u00f3rdenes y opere [&hellip;]\" \/>\n<meta property=\"og:url\" content=\"https:\/\/finpros.com\/es\/calculadora-de-beneficios\/\" \/>\n<meta property=\"og:site_name\" content=\"FinPros\" \/>\n<meta property=\"article:modified_time\" content=\"2025-06-19T10:20:03+00:00\" \/>\n<meta name=\"twitter:card\" content=\"summary_large_image\" \/>\n<meta name=\"twitter:label1\" content=\"Tiempo de lectura\" \/>\n\t<meta name=\"twitter:data1\" content=\"1 minuto\" \/>\n<script type=\"application\/ld+json\" class=\"yoast-schema-graph\">{\"@context\":\"https:\/\/schema.org\",\"@graph\":[{\"@type\":\"WebPage\",\"@id\":\"https:\/\/finpros.com\/es\/calculadora-de-beneficios\/\",\"url\":\"https:\/\/finpros.com\/es\/calculadora-de-beneficios\/\",\"name\":\"Calculadora de beneficios - FinPros\",\"isPartOf\":{\"@id\":\"https:\/\/finpros.com\/#website\"},\"datePublished\":\"2025-04-16T17:31:34+00:00\",\"dateModified\":\"2025-06-19T10:20:03+00:00\",\"breadcrumb\":{\"@id\":\"https:\/\/finpros.com\/es\/calculadora-de-beneficios\/#breadcrumb\"},\"inLanguage\":\"es\",\"potentialAction\":[{\"@type\":\"ReadAction\",\"target\":[\"https:\/\/finpros.com\/es\/calculadora-de-beneficios\/\"]}]},{\"@type\":\"BreadcrumbList\",\"@id\":\"https:\/\/finpros.com\/es\/calculadora-de-beneficios\/#breadcrumb\",\"itemListElement\":[{\"@type\":\"ListItem\",\"position\":1,\"name\":\"Inicio\",\"item\":\"https:\/\/finpros.com\/\"},{\"@type\":\"ListItem\",\"position\":2,\"name\":\"Calculadora de beneficios\"}]},{\"@type\":\"WebSite\",\"@id\":\"https:\/\/finpros.com\/#website\",\"url\":\"https:\/\/finpros.com\/\",\"name\":\"FinPros\",\"description\":\"\",\"publisher\":{\"@id\":\"https:\/\/finpros.com\/#organization\"},\"potentialAction\":[{\"@type\":\"SearchAction\",\"target\":{\"@type\":\"EntryPoint\",\"urlTemplate\":\"https:\/\/finpros.com\/?s={search_term_string}\"},\"query-input\":{\"@type\":\"PropertyValueSpecification\",\"valueRequired\":true,\"valueName\":\"search_term_string\"}}],\"inLanguage\":\"es\"},{\"@type\":\"Organization\",\"@id\":\"https:\/\/finpros.com\/#organization\",\"name\":\"FinPros\",\"url\":\"https:\/\/finpros.com\/\",\"logo\":{\"@type\":\"ImageObject\",\"inLanguage\":\"es\",\"@id\":\"https:\/\/finpros.com\/#\/schema\/logo\/image\/\",\"url\":\"https:\/\/finpros.com\/wp-content\/uploads\/2025\/03\/FinPros-PNG-1.png\",\"contentUrl\":\"https:\/\/finpros.com\/wp-content\/uploads\/2025\/03\/FinPros-PNG-1.png\",\"width\":1050,\"height\":369,\"caption\":\"FinPros\"},\"image\":{\"@id\":\"https:\/\/finpros.com\/#\/schema\/logo\/image\/\"}}]}<\/script>\n<!-- \/ Yoast SEO plugin. -->","yoast_head_json":{"title":"Calculadora de beneficios - FinPros","robots":{"index":"index","follow":"follow","max-snippet":"max-snippet:-1","max-image-preview":"max-image-preview:large","max-video-preview":"max-video-preview:-1"},"canonical":"https:\/\/finpros.com\/es\/calculadora-de-beneficios\/","og_locale":"es_ES","og_type":"article","og_title":"Calculadora de beneficios - FinPros","og_description":"Calculadora de beneficio Obtenga acceso a los mercados de divisas globales con ejecuci\u00f3n r\u00e1pida y diferenciales justos Calculadora de beneficio La calculadora de beneficio de Forex es una herramienta de gesti\u00f3n de riesgos para mejorar sus operaciones con pares de divisas y otros activos. Calcule los beneficios y p\u00e9rdidas potenciales de sus \u00f3rdenes y opere [&hellip;]","og_url":"https:\/\/finpros.com\/es\/calculadora-de-beneficios\/","og_site_name":"FinPros","article_modified_time":"2025-06-19T10:20:03+00:00","twitter_card":"summary_large_image","twitter_misc":{"Tiempo de lectura":"1 minuto"},"schema":{"@context":"https:\/\/schema.org","@graph":[{"@type":"WebPage","@id":"https:\/\/finpros.com\/es\/calculadora-de-beneficios\/","url":"https:\/\/finpros.com\/es\/calculadora-de-beneficios\/","name":"Calculadora de beneficios - FinPros","isPartOf":{"@id":"https:\/\/finpros.com\/#website"},"datePublished":"2025-04-16T17:31:34+00:00","dateModified":"2025-06-19T10:20:03+00:00","breadcrumb":{"@id":"https:\/\/finpros.com\/es\/calculadora-de-beneficios\/#breadcrumb"},"inLanguage":"es","potentialAction":[{"@type":"ReadAction","target":["https:\/\/finpros.com\/es\/calculadora-de-beneficios\/"]}]},{"@type":"BreadcrumbList","@id":"https:\/\/finpros.com\/es\/calculadora-de-beneficios\/#breadcrumb","itemListElement":[{"@type":"ListItem","position":1,"name":"Inicio","item":"https:\/\/finpros.com\/"},{"@type":"ListItem","position":2,"name":"Calculadora de beneficios"}]},{"@type":"WebSite","@id":"https:\/\/finpros.com\/#website","url":"https:\/\/finpros.com\/","name":"FinPros","description":"","publisher":{"@id":"https:\/\/finpros.com\/#organization"},"potentialAction":[{"@type":"SearchAction","target":{"@type":"EntryPoint","urlTemplate":"https:\/\/finpros.com\/?s={search_term_string}"},"query-input":{"@type":"PropertyValueSpecification","valueRequired":true,"valueName":"search_term_string"}}],"inLanguage":"es"},{"@type":"Organization","@id":"https:\/\/finpros.com\/#organization","name":"FinPros","url":"https:\/\/finpros.com\/","logo":{"@type":"ImageObject","inLanguage":"es","@id":"https:\/\/finpros.com\/#\/schema\/logo\/image\/","url":"https:\/\/finpros.com\/wp-content\/uploads\/2025\/03\/FinPros-PNG-1.png","contentUrl":"https:\/\/finpros.com\/wp-content\/uploads\/2025\/03\/FinPros-PNG-1.png","width":1050,"height":369,"caption":"FinPros"},"image":{"@id":"https:\/\/finpros.com\/#\/schema\/logo\/image\/"}}]}},"_links":{"self":[{"href":"https:\/\/finpros.com\/es\/wp-json\/wp\/v2\/pages\/17319","targetHints":{"allow":["GET"]}}],"collection":[{"href":"https:\/\/finpros.com\/es\/wp-json\/wp\/v2\/pages"}],"about":[{"href":"https:\/\/finpros.com\/es\/wp-json\/wp\/v2\/types\/page"}],"author":[{"embeddable":true,"href":"https:\/\/finpros.com\/es\/wp-json\/wp\/v2\/users\/1"}],"replies":[{"embeddable":true,"href":"https:\/\/finpros.com\/es\/wp-json\/wp\/v2\/comments?post=17319"}],"version-history":[{"count":2,"href":"https:\/\/finpros.com\/es\/wp-json\/wp\/v2\/pages\/17319\/revisions"}],"predecessor-version":[{"id":17384,"href":"https:\/\/finpros.com\/es\/wp-json\/wp\/v2\/pages\/17319\/revisions\/17384"}],"wp:attachment":[{"href":"https:\/\/finpros.com\/es\/wp-json\/wp\/v2\/media?parent=17319"}],"curies":[{"name":"wp","href":"https:\/\/api.w.org\/{rel}","templated":true}]}}