{"id":17307,"date":"2025-03-25T05:33:35","date_gmt":"2025-03-25T05:33:35","guid":{"rendered":"https:\/\/finpros.com\/aviso-legal\/"},"modified":"2025-06-19T10:19:08","modified_gmt":"2025-06-19T10:19:08","slug":"aviso-legal","status":"publish","type":"page","link":"https:\/\/finpros.com\/es\/aviso-legal\/","title":{"rendered":"Aviso legal"},"content":{"rendered":"\t\t<div data-elementor-type=\"wp-page\" data-elementor-id=\"17307\" class=\"elementor elementor-17307 elementor-1817\" data-elementor-post-type=\"page\">\n\t\t\t\t<div class=\"elementor-element elementor-element-6cf91e5a e-con-full calculator-sub-banner e-flex e-con e-parent\" data-id=\"6cf91e5a\" data-element_type=\"container\" data-settings=\"{&quot;background_background&quot;:&quot;classic&quot;}\">\n\t\t<div class=\"elementor-element elementor-element-1b329dd4 e-flex e-con-boxed e-con e-child\" data-id=\"1b329dd4\" data-element_type=\"container\" data-settings=\"{&quot;background_background&quot;:&quot;classic&quot;}\">\n\t\t\t\t\t<div class=\"e-con-inner\">\n\t\t\t\t<div class=\"elementor-element elementor-element-23f907ba elementor-widget elementor-widget-heading\" data-id=\"23f907ba\" data-element_type=\"widget\" data-widget_type=\"heading.default\">\n\t\t\t\t<div class=\"elementor-widget-container\">\n\t\t\t\t\t<h2 class=\"elementor-heading-title elementor-size-default\">Aviso legal<\/h2>\t\t\t\t<\/div>\n\t\t\t\t<\/div>\n\t\t\t\t\t<\/div>\n\t\t\t\t<\/div>\n\t\t<div class=\"elementor-element elementor-element-4c23e695 e-con-full e-flex e-con e-child\" data-id=\"4c23e695\" data-element_type=\"container\">\n\t\t<div class=\"elementor-element elementor-element-1d05be48 e-flex e-con-boxed e-con e-child\" data-id=\"1d05be48\" data-element_type=\"container\">\n\t\t\t\t\t<div class=\"e-con-inner\">\n\t\t\t\t<div class=\"elementor-element elementor-element-4d38e9b1 elementor-align-left calc-banner-link bread-links elementor-widget elementor-widget-breadcrumbs\" data-id=\"4d38e9b1\" data-element_type=\"widget\" data-widget_type=\"breadcrumbs.default\">\n\t\t\t\t<div class=\"elementor-widget-container\">\n\t\t\t\t\t<p id=\"breadcrumbs\"><span><span><a href=\"https:\/\/finpros.com\/\">Inicio<\/a><\/span><\/span><\/p>\t\t\t\t<\/div>\n\t\t\t\t<\/div>\n\t\t\t\t\t<\/div>\n\t\t\t\t<\/div>\n\t\t\t\t<\/div>\n\t\t\t\t<\/div>\n\t\t<div class=\"elementor-element elementor-element-1c649a8b e-flex e-con-boxed e-con e-parent\" data-id=\"1c649a8b\" data-element_type=\"container\">\n\t\t\t\t\t<div class=\"e-con-inner\">\n\t\t\t\t<div class=\"elementor-element elementor-element-13fb2a25 elementor-widget elementor-widget-text-editor\" data-id=\"13fb2a25\" data-element_type=\"widget\" data-widget_type=\"text-editor.default\">\n\t\t\t\t<div class=\"elementor-widget-container\">\n\t\t\t\t\t\t\t\t\t\n<h2 class=\"wp-block-heading\">Aviso legal<\/h2>\n\n<p>Cualquier opini\u00f3n, noticia, investigaci\u00f3n, an\u00e1lisis, precio u otra informaci\u00f3n contenida en este sitio web se proporciona \u00fanicamente con fines informativos y no constituye asesoramiento de inversi\u00f3n. No se realiza, otorga o respalda de ninguna manera en este sitio web ninguna oferta o solicitud para comprar o vender cualquier instrumento financiero, ni ning\u00fan otro tipo de inversi\u00f3n, consejo o estrategia de negociaci\u00f3n. FinPros no acepta responsabilidad por ninguna p\u00e9rdida o da\u00f1o que pueda surgir, directa o indirectamente, del uso o la confianza en dicha informaci\u00f3n. En particular, FinPros no es responsable de los resultados de la actividad comercial de los clientes. Cada cliente es el \u00fanico responsable de las ganancias o p\u00e9rdidas resultantes de sus operaciones e inversiones. La informaci\u00f3n del mercado, el material educativo y anal\u00edtico en este sitio web no debe interpretarse de ninguna manera, ya sea expl\u00edcita o impl\u00edcitamente, directa o indirectamente, como asesoramiento de inversi\u00f3n, consejo de negociaci\u00f3n, recomendaci\u00f3n o sugerencia de una estrategia de inversi\u00f3n relacionada con instrumentos financieros. Dicha informaci\u00f3n est\u00e1 destinada puramente como material educativo del mercado. FinPros no ser\u00e1 responsable de ning\u00fan error en las cotizaciones y errores del software de la plataforma de negociaci\u00f3n. Por favor, lea detenidamente nuestros <a href=\"https:\/\/pdf.finpros.com\/wp-content\/uploads\/2024\/01\/FinPros.com-Website-Terms-Conditions-of-Access-Use.pdf\" target=\"_blank\" rel=\"noreferrer noopener\">&#8216;T\u00e9rminos y condiciones de acceso y uso del sitio web&#8217;<\/a>.        <\/p>\n\n<h2 class=\"wp-block-heading\"> <\/h2>\n\t\t\t\t\t\t\t\t<\/div>\n\t\t\t\t<\/div>\n\t\t\t\t\t<\/div>\n\t\t\t\t<\/div>\n\t\t\t\t<\/div>\n\t\t","protected":false},"excerpt":{"rendered":"<p>Aviso legal Cualquier opini\u00f3n, noticia, investigaci\u00f3n, an\u00e1lisis, precio u otra informaci\u00f3n contenida en este sitio web se proporciona \u00fanicamente con fines informativos y no constituye asesoramiento de inversi\u00f3n. No se realiza, otorga o respalda de ninguna manera en este sitio web ninguna oferta o solicitud para comprar o vender cualquier instrumento financiero, ni ning\u00fan otro [&hellip;]<\/p>\n","protected":false},"author":1,"featured_media":0,"parent":0,"menu_order":0,"comment_status":"closed","ping_status":"closed","template":"tpl-default-elementor.php","meta":{"footnotes":""},"class_list":["post-17307","page","type-page","status-publish","hentry"],"yoast_head":"<!-- This site is optimized with the Yoast SEO plugin v25.0 - https:\/\/yoast.com\/wordpress\/plugins\/seo\/ -->\n<title>Aviso legal - FinPros<\/title>\n<meta name=\"robots\" content=\"index, follow, max-snippet:-1, max-image-preview:large, max-video-preview:-1\" \/>\n<link rel=\"canonical\" href=\"https:\/\/finpros.com\/es\/aviso-legal\/\" \/>\n<meta property=\"og:locale\" content=\"es_ES\" \/>\n<meta property=\"og:type\" content=\"article\" \/>\n<meta property=\"og:title\" content=\"Aviso legal - FinPros\" \/>\n<meta property=\"og:description\" content=\"Aviso legal Cualquier opini\u00f3n, noticia, investigaci\u00f3n, an\u00e1lisis, precio u otra informaci\u00f3n contenida en este sitio web se proporciona \u00fanicamente con fines informativos y no constituye asesoramiento de inversi\u00f3n. No se realiza, otorga o respalda de ninguna manera en este sitio web ninguna oferta o solicitud para comprar o vender cualquier instrumento financiero, ni ning\u00fan otro [&hellip;]\" \/>\n<meta property=\"og:url\" content=\"https:\/\/finpros.com\/es\/aviso-legal\/\" \/>\n<meta property=\"og:site_name\" content=\"FinPros\" \/>\n<meta property=\"article:modified_time\" content=\"2025-06-19T10:19:08+00:00\" \/>\n<meta name=\"twitter:card\" content=\"summary_large_image\" \/>\n<meta name=\"twitter:label1\" content=\"Tiempo de lectura\" \/>\n\t<meta name=\"twitter:data1\" content=\"1 minuto\" \/>\n<script type=\"application\/ld+json\" class=\"yoast-schema-graph\">{\"@context\":\"https:\/\/schema.org\",\"@graph\":[{\"@type\":\"WebPage\",\"@id\":\"https:\/\/finpros.com\/es\/aviso-legal\/\",\"url\":\"https:\/\/finpros.com\/es\/aviso-legal\/\",\"name\":\"Aviso legal - FinPros\",\"isPartOf\":{\"@id\":\"https:\/\/finpros.com\/#website\"},\"datePublished\":\"2025-03-25T05:33:35+00:00\",\"dateModified\":\"2025-06-19T10:19:08+00:00\",\"breadcrumb\":{\"@id\":\"https:\/\/finpros.com\/es\/aviso-legal\/#breadcrumb\"},\"inLanguage\":\"es\",\"potentialAction\":[{\"@type\":\"ReadAction\",\"target\":[\"https:\/\/finpros.com\/es\/aviso-legal\/\"]}]},{\"@type\":\"BreadcrumbList\",\"@id\":\"https:\/\/finpros.com\/es\/aviso-legal\/#breadcrumb\",\"itemListElement\":[{\"@type\":\"ListItem\",\"position\":1,\"name\":\"Inicio\",\"item\":\"https:\/\/finpros.com\/\"},{\"@type\":\"ListItem\",\"position\":2,\"name\":\"Aviso legal\"}]},{\"@type\":\"WebSite\",\"@id\":\"https:\/\/finpros.com\/#website\",\"url\":\"https:\/\/finpros.com\/\",\"name\":\"FinPros\",\"description\":\"\",\"publisher\":{\"@id\":\"https:\/\/finpros.com\/#organization\"},\"potentialAction\":[{\"@type\":\"SearchAction\",\"target\":{\"@type\":\"EntryPoint\",\"urlTemplate\":\"https:\/\/finpros.com\/?s={search_term_string}\"},\"query-input\":{\"@type\":\"PropertyValueSpecification\",\"valueRequired\":true,\"valueName\":\"search_term_string\"}}],\"inLanguage\":\"es\"},{\"@type\":\"Organization\",\"@id\":\"https:\/\/finpros.com\/#organization\",\"name\":\"FinPros\",\"url\":\"https:\/\/finpros.com\/\",\"logo\":{\"@type\":\"ImageObject\",\"inLanguage\":\"es\",\"@id\":\"https:\/\/finpros.com\/#\/schema\/logo\/image\/\",\"url\":\"https:\/\/finpros.com\/wp-content\/uploads\/2025\/03\/FinPros-PNG-1.png\",\"contentUrl\":\"https:\/\/finpros.com\/wp-content\/uploads\/2025\/03\/FinPros-PNG-1.png\",\"width\":1050,\"height\":369,\"caption\":\"FinPros\"},\"image\":{\"@id\":\"https:\/\/finpros.com\/#\/schema\/logo\/image\/\"}}]}<\/script>\n<!-- \/ Yoast SEO plugin. -->","yoast_head_json":{"title":"Aviso legal - FinPros","robots":{"index":"index","follow":"follow","max-snippet":"max-snippet:-1","max-image-preview":"max-image-preview:large","max-video-preview":"max-video-preview:-1"},"canonical":"https:\/\/finpros.com\/es\/aviso-legal\/","og_locale":"es_ES","og_type":"article","og_title":"Aviso legal - FinPros","og_description":"Aviso legal Cualquier opini\u00f3n, noticia, investigaci\u00f3n, an\u00e1lisis, precio u otra informaci\u00f3n contenida en este sitio web se proporciona \u00fanicamente con fines informativos y no constituye asesoramiento de inversi\u00f3n. No se realiza, otorga o respalda de ninguna manera en este sitio web ninguna oferta o solicitud para comprar o vender cualquier instrumento financiero, ni ning\u00fan otro [&hellip;]","og_url":"https:\/\/finpros.com\/es\/aviso-legal\/","og_site_name":"FinPros","article_modified_time":"2025-06-19T10:19:08+00:00","twitter_card":"summary_large_image","twitter_misc":{"Tiempo de lectura":"1 minuto"},"schema":{"@context":"https:\/\/schema.org","@graph":[{"@type":"WebPage","@id":"https:\/\/finpros.com\/es\/aviso-legal\/","url":"https:\/\/finpros.com\/es\/aviso-legal\/","name":"Aviso legal - FinPros","isPartOf":{"@id":"https:\/\/finpros.com\/#website"},"datePublished":"2025-03-25T05:33:35+00:00","dateModified":"2025-06-19T10:19:08+00:00","breadcrumb":{"@id":"https:\/\/finpros.com\/es\/aviso-legal\/#breadcrumb"},"inLanguage":"es","potentialAction":[{"@type":"ReadAction","target":["https:\/\/finpros.com\/es\/aviso-legal\/"]}]},{"@type":"BreadcrumbList","@id":"https:\/\/finpros.com\/es\/aviso-legal\/#breadcrumb","itemListElement":[{"@type":"ListItem","position":1,"name":"Inicio","item":"https:\/\/finpros.com\/"},{"@type":"ListItem","position":2,"name":"Aviso legal"}]},{"@type":"WebSite","@id":"https:\/\/finpros.com\/#website","url":"https:\/\/finpros.com\/","name":"FinPros","description":"","publisher":{"@id":"https:\/\/finpros.com\/#organization"},"potentialAction":[{"@type":"SearchAction","target":{"@type":"EntryPoint","urlTemplate":"https:\/\/finpros.com\/?s={search_term_string}"},"query-input":{"@type":"PropertyValueSpecification","valueRequired":true,"valueName":"search_term_string"}}],"inLanguage":"es"},{"@type":"Organization","@id":"https:\/\/finpros.com\/#organization","name":"FinPros","url":"https:\/\/finpros.com\/","logo":{"@type":"ImageObject","inLanguage":"es","@id":"https:\/\/finpros.com\/#\/schema\/logo\/image\/","url":"https:\/\/finpros.com\/wp-content\/uploads\/2025\/03\/FinPros-PNG-1.png","contentUrl":"https:\/\/finpros.com\/wp-content\/uploads\/2025\/03\/FinPros-PNG-1.png","width":1050,"height":369,"caption":"FinPros"},"image":{"@id":"https:\/\/finpros.com\/#\/schema\/logo\/image\/"}}]}},"_links":{"self":[{"href":"https:\/\/finpros.com\/es\/wp-json\/wp\/v2\/pages\/17307","targetHints":{"allow":["GET"]}}],"collection":[{"href":"https:\/\/finpros.com\/es\/wp-json\/wp\/v2\/pages"}],"about":[{"href":"https:\/\/finpros.com\/es\/wp-json\/wp\/v2\/types\/page"}],"author":[{"embeddable":true,"href":"https:\/\/finpros.com\/es\/wp-json\/wp\/v2\/users\/1"}],"replies":[{"embeddable":true,"href":"https:\/\/finpros.com\/es\/wp-json\/wp\/v2\/comments?post=17307"}],"version-history":[{"count":1,"href":"https:\/\/finpros.com\/es\/wp-json\/wp\/v2\/pages\/17307\/revisions"}],"predecessor-version":[{"id":17311,"href":"https:\/\/finpros.com\/es\/wp-json\/wp\/v2\/pages\/17307\/revisions\/17311"}],"wp:attachment":[{"href":"https:\/\/finpros.com\/es\/wp-json\/wp\/v2\/media?parent=17307"}],"curies":[{"name":"wp","href":"https:\/\/api.w.org\/{rel}","templated":true}]}}