{"id":17275,"date":"2025-04-16T16:38:57","date_gmt":"2025-04-16T16:38:57","guid":{"rendered":"https:\/\/finpros.com\/calculadora-de-margen\/"},"modified":"2025-06-19T10:19:40","modified_gmt":"2025-06-19T10:19:40","slug":"calculadora-de-margen","status":"publish","type":"page","link":"https:\/\/finpros.com\/es\/calculadora-de-margen\/","title":{"rendered":"Calculadora de margen"},"content":{"rendered":"\t\t<div data-elementor-type=\"wp-page\" data-elementor-id=\"17275\" class=\"elementor elementor-17275 elementor-6504\" data-elementor-post-type=\"page\">\n\t\t\t\t<div class=\"elementor-element elementor-element-4deacff8 e-con-full calculator-sub-banner sub-calc-bg e-flex e-con e-parent\" data-id=\"4deacff8\" data-element_type=\"container\" data-settings=\"{&quot;background_background&quot;:&quot;classic&quot;}\">\n\t\t<div class=\"elementor-element elementor-element-26f4b682 e-con-full e-flex e-con e-child\" data-id=\"26f4b682\" data-element_type=\"container\" data-settings=\"{&quot;background_background&quot;:&quot;classic&quot;}\">\n\t\t\t\t<div class=\"elementor-element elementor-element-3ecc225d elementor-widget elementor-widget-heading\" data-id=\"3ecc225d\" data-element_type=\"widget\" data-widget_type=\"heading.default\">\n\t\t\t\t<div class=\"elementor-widget-container\">\n\t\t\t\t\t<h2 class=\"elementor-heading-title elementor-size-default\">  Calculadora <span>de margen<\/span><\/h2>\t\t\t\t<\/div>\n\t\t\t\t<\/div>\n\t\t\t\t<div class=\"elementor-element elementor-element-35b0953d elementor-widget elementor-widget-heading\" data-id=\"35b0953d\" data-element_type=\"widget\" data-widget_type=\"heading.default\">\n\t\t\t\t<div class=\"elementor-widget-container\">\n\t\t\t\t\t<p class=\"elementor-heading-title elementor-size-default\">Obtenga acceso a los mercados de divisas globales con ejecuci\u00f3n r\u00e1pida y diferenciales justos<\/p>\t\t\t\t<\/div>\n\t\t\t\t<\/div>\n\t\t\t\t<\/div>\n\t\t<div class=\"elementor-element elementor-element-1445e17e e-con-full e-flex e-con e-child\" data-id=\"1445e17e\" data-element_type=\"container\" data-settings=\"{&quot;background_background&quot;:&quot;classic&quot;}\">\n\t\t<div class=\"elementor-element elementor-element-5c7a39cb e-flex e-con-boxed e-con e-child\" data-id=\"5c7a39cb\" data-element_type=\"container\">\n\t\t\t\t\t<div class=\"e-con-inner\">\n\t\t\t\t<div class=\"elementor-element elementor-element-2d9185d6 elementor-align-left calc-banner-link elementor-widget elementor-widget-breadcrumbs\" data-id=\"2d9185d6\" data-element_type=\"widget\" data-widget_type=\"breadcrumbs.default\">\n\t\t\t\t<div class=\"elementor-widget-container\">\n\t\t\t\t\t<p id=\"breadcrumbs\"><span><span><a href=\"https:\/\/finpros.com\/\">Inicio<\/a><\/span><\/span><\/p>\t\t\t\t<\/div>\n\t\t\t\t<\/div>\n\t\t\t\t\t<\/div>\n\t\t\t\t<\/div>\n\t\t\t\t<\/div>\n\t\t\t\t<\/div>\n\t\t<div class=\"elementor-element elementor-element-2fac50f e-flex e-con-boxed e-con e-parent\" data-id=\"2fac50f\" data-element_type=\"container\">\n\t\t\t\t\t<div class=\"e-con-inner\">\n\t\t<div class=\"elementor-element elementor-element-4997a57 e-con-full e-flex e-con e-child\" data-id=\"4997a57\" data-element_type=\"container\">\n\t\t\t\t<div class=\"elementor-element elementor-element-1ec21d1 elementor-widget elementor-widget-heading\" data-id=\"1ec21d1\" data-element_type=\"widget\" data-widget_type=\"heading.default\">\n\t\t\t\t<div class=\"elementor-widget-container\">\n\t\t\t\t\t<h2 class=\"elementor-heading-title elementor-size-default\">  Calculadora <span>de margen<\/span><\/h2>\t\t\t\t<\/div>\n\t\t\t\t<\/div>\n\t\t\t\t<\/div>\n\t\t<div class=\"elementor-element elementor-element-df56ab4 e-con-full e-flex e-con e-child\" data-id=\"df56ab4\" data-element_type=\"container\">\n\t\t\t\t<div class=\"elementor-element elementor-element-51bd7d2 elementor-widget elementor-widget-text-editor\" data-id=\"51bd7d2\" data-element_type=\"widget\" data-widget_type=\"text-editor.default\">\n\t\t\t\t<div class=\"elementor-widget-container\">\n\t\t\t\t\t\t\t\t\t<p>Una herramienta invaluable para controlar su exposici\u00f3n al mercado con cualquier operaci\u00f3n dada, esta funci\u00f3n le permite calcular espec\u00edficamente el margen que necesitar\u00e1 para colocar una operaci\u00f3n en el mercado.<\/p>\t\t\t\t\t\t\t\t<\/div>\n\t\t\t\t<\/div>\n\t\t\t\t<\/div>\n\t\t<div class=\"elementor-element elementor-element-f4a2424 e-con-full e-flex e-con e-child\" data-id=\"f4a2424\" data-element_type=\"container\">\n\t\t\t\t<div class=\"elementor-element elementor-element-fb967bb elementor-widget elementor-widget-text-editor\" data-id=\"fb967bb\" data-element_type=\"widget\" data-widget_type=\"text-editor.default\">\n\t\t\t\t<div class=\"elementor-widget-container\">\n\t\t\t\t\t\t\t\t\t<p><b>Ejemplo<\/b>: si desea operar el par de divisas EUR\/USD, al precio cotizado de 1,04275, con un tama\u00f1o de operaci\u00f3n de 10.000*, utilizando un apalancamiento de 1:200, necesitar\u00e1 tener 52,14 d\u00f3lares en su cuenta para cubrir esa exposici\u00f3n.<\/p><p> <\/p><p>*un lote equivale a 100.000 unidades.<\/p>\t\t\t\t\t\t\t\t<\/div>\n\t\t\t\t<\/div>\n\t\t\t\t<\/div>\n\t\t\t\t\t<\/div>\n\t\t\t\t<\/div>\n\t\t<div class=\"elementor-element elementor-element-fa3bf46 e-flex e-con-boxed e-con e-parent\" data-id=\"fa3bf46\" data-element_type=\"container\">\n\t\t\t\t\t<div class=\"e-con-inner\">\n\t\t<div class=\"elementor-element elementor-element-eb702b9 e-con-full e-flex e-con e-child\" data-id=\"eb702b9\" data-element_type=\"container\">\n\t\t\t\t<div class=\"elementor-element elementor-element-c05ae7a elementor-widget elementor-widget-shortcode\" data-id=\"c05ae7a\" data-element_type=\"widget\" data-widget_type=\"shortcode.default\">\n\t\t\t\t<div class=\"elementor-widget-container\">\n\t\t\t\t\t\t\t<div class=\"elementor-shortcode\">    <div class=\"margin-calculator\">\r\n        <div class=\"calculator-container\">\r\n            <div class=\"calculator-header\">\r\n                <h3><i class=\"fas fa-calculator\"><\/i> Margin Calculator<\/h3>\r\n                <p>Calculate required margin based on your account settings<\/p>\r\n            <\/div>\r\n            \r\n            <div class=\"calculator-body\">\r\n                <div class=\"input-section\">\r\n                    <div class=\"form-group\">\r\n                        <label for=\"mc-account-currency\">Account Currency<\/label>\r\n                        <select id=\"mc-account-currency\" class=\"form-control\">\r\n                            <option value=\"USD\">USD<\/option>\r\n                            <option value=\"EUR\">EUR<\/option>\r\n                            <option value=\"GBP\">GBP<\/option>\r\n                            <option value=\"JPY\">JPY<\/option>\r\n                            <option value=\"AUD\">AUD<\/option>\r\n                            <option value=\"CAD\">CAD<\/option>\r\n                        <\/select>\r\n                    <\/div>\r\n                    \r\n                    <div class=\"form-group\">\r\n                        <label for=\"mc-currency-pair\">Instrument<\/label>\r\n                        <select id=\"mc-currency-pair\" class=\"form-control\">\r\n                            <option value=\"\">Loading pairs...<\/option>\r\n                        <\/select>\r\n                    <\/div>\r\n                    \r\n                    <div class=\"form-group\">\r\n                        <label for=\"mc-leverage\">Leverage<\/label>\r\n                        <select id=\"mc-leverage\" class=\"form-control\">\r\n                        <option value=\"1\">1:1<\/option>\r\n                            <option value=\"50\">1:50<\/option>\r\n                            <option value=\"100\">1:100<\/option>\r\n                            <option value=\"200\">1:200<\/option>\r\n                            <option value=\"400\">1:400<\/option>\r\n                            <option value=\"500\" selected>1:500<\/option>\r\n                            <option value=\"1000\">1:1000<\/option>\r\n                            <option value=\"1000\">2:1<\/option>\r\n                        <\/select>\r\n                    <\/div>\r\n                    \r\n                    <div class=\"form-group\">\r\n                        <label for=\"mc-position-size\">Position Size (Lots)<\/label>\r\n                        <input type=\"number\" id=\"mc-position-size\" class=\"form-control\" value=\"1\" min=\"0.01\" step=\"0.01\">\r\n                    <\/div>\r\n                    \r\n                    <div class=\"form-group\">\r\n                        <label for=\"mc-instrument-price\">Instrument Price<\/label>\r\n                        <input type=\"number\" id=\"mc-instrument-price\" class=\"form-control\" value=\"1.0000\" min=\"0.0001\" step=\"0.0001\">\r\n                    <\/div>\r\n                    \r\n                    <button id=\"mc-calculate-btn\" class=\"calculate-btn\">\r\n                        <i class=\"fas fa-calculator\"><\/i> Calculate\r\n                    <\/button>\r\n                <\/div>\r\n                \r\n                <div class=\"results-section\">\r\n                    <div class=\"result-box\">\r\n                        <div class=\"result-title\">Required Margin<\/div>\r\n                        <div class=\"result-value\" id=\"mc-required-margin\">0.00<\/div>\r\n                        <div class=\"result-currency\" id=\"mc-margin-currency\">USD<\/div>\r\n                    <\/div>\r\n                    \r\n                    <div class=\"result-box\">\r\n                        <div class=\"result-title\">Position Value<\/div>\r\n                        <div class=\"result-value\" id=\"mc-position-value\">0.00<\/div>\r\n                        <div class=\"result-currency\" id=\"mc-value-currency\">USD<\/div>\r\n                    <\/div>\r\n                <\/div>\r\n            <\/div>\r\n            \r\n            <div class=\"calculator-footer\">\r\n                <p>Margin requirements may vary by broker. This calculator provides estimates only.<\/p>\r\n            <\/div>\r\n        <\/div>\r\n    <\/div>\r\n    <\/div>\n\t\t\t\t\t\t<\/div>\n\t\t\t\t<\/div>\n\t\t\t\t<\/div>\n\t\t\t\t\t<\/div>\n\t\t\t\t<\/div>\n\t\t<div class=\"elementor-element elementor-element-f85fad9 e-flex e-con-boxed e-con e-parent\" data-id=\"f85fad9\" data-element_type=\"container\">\n\t\t\t\t\t<div class=\"e-con-inner\">\n\t\t\t\t<div class=\"elementor-element elementor-element-c50bdb3 elementor-widget elementor-widget-heading\" data-id=\"c50bdb3\" data-element_type=\"widget\" data-widget_type=\"heading.default\">\n\t\t\t\t<div class=\"elementor-widget-container\">\n\t\t\t\t\t<h2 class=\"elementor-heading-title elementor-size-default\">Encuentre <span>respuestas<\/span> a preguntas <br>frecuentes<\/h2>\t\t\t\t<\/div>\n\t\t\t\t<\/div>\n\t\t\t\t<div class=\"elementor-element elementor-element-589f48c elementor-widget__width-initial elementor-widget elementor-widget-shortcode\" data-id=\"589f48c\" data-element_type=\"widget\" data-widget_type=\"shortcode.default\">\n\t\t\t\t<div class=\"elementor-widget-container\">\n\t\t\t\t\t\t\t<div class=\"elementor-shortcode\">            <div class=\"qae-faqs-container qae-faqs-toggle-container\">\n\t\t\t\t\t\t<div id=\"qaef-17554\" class=\"qe-faq-toggle operaciones\">\n\t\t\t<div class=\"qe-toggle-title\">\n\t\t\t\t<h4>\n\t\t\t\t\t<i class=\"fa fa-minus-circle\"><\/i> \u00bfC\u00f3mo puedo cambiar mi contrase\u00f1a?\t\t\t\t<\/h4>\n\t\t\t<\/div>\n\t\t\t<div class=\"qe-toggle-content\">\n\t\t\t\t<ul>\n<li>Pulse el bot\u00f3n \u201cIniciar sesi\u00f3n\u201d y luego \u201cOlvid\u00e9 mi contrase\u00f1a\u201d<\/li>\n<li>Introduzca el correo electr\u00f3nico con el que se registr\u00f3 en el campo correspondiente y pulse el bot\u00f3n \u201cEnviar\u201d.<\/li>\n<li>Le enviaremos un enlace por correo electr\u00f3nico para cambiar su contrase\u00f1a.<\/li>\n<\/ul>\n\t\t\t<\/div>\n\t\t<\/div>\n\t\t\t\t<div id=\"qaef-17555\" class=\"qe-faq-toggle operaciones\">\n\t\t\t<div class=\"qe-toggle-title\">\n\t\t\t\t<h4>\n\t\t\t\t\t<i class=\"fa fa-minus-circle\"><\/i> \u00bfC\u00f3mo puedo modificar los detalles de mi cuenta?\t\t\t\t<\/h4>\n\t\t\t<\/div>\n\t\t\t<div class=\"qe-toggle-content\">\n\t\t\t\t<ul style=\"margin-left: -15px\">\n<li>Pulse la pesta\u00f1a \u201cCuenta\u201d en la parte inferior derecha, y luego \u201cEditar perfil\u201d.<\/li>\n<li>En esta p\u00e1gina puede editar su \u201cIdentificador de b\u00fasqueda\u201d, \u201cNombre de se\u00f1al\u201d y \u201cGu\u00eda de capital\u201d<\/li>\n<\/ul>\n\t\t\t<\/div>\n\t\t<\/div>\n\t\t\t\t<div id=\"qaef-17556\" class=\"qe-faq-toggle operaciones\">\n\t\t\t<div class=\"qe-toggle-title\">\n\t\t\t\t<h4>\n\t\t\t\t\t<i class=\"fa fa-minus-circle\"><\/i> \u00bfC\u00f3mo cambio mi cuenta de trading?\t\t\t\t<\/h4>\n\t\t\t<\/div>\n\t\t\t<div class=\"qe-toggle-content\">\n\t\t\t\t<ul style=\"margin-left: -15px\">\n<li>Pulse la pesta\u00f1a \u201cCuenta\u201d en la esquina inferior derecha.<\/li>\n<li>Despl\u00e1cese hasta la parte inferior y pulse el bot\u00f3n \u201cVincular una cuenta\u201d.<\/li>\n<li>Introduzca los datos de su nueva cuenta de trading.<\/li>\n<\/ul>\n\t\t\t<\/div>\n\t\t<\/div>\n\t\t            <\/div>\n\t\t<\/div>\n\t\t\t\t\t\t<\/div>\n\t\t\t\t<\/div>\n\t\t\t\t<div class=\"elementor-element elementor-element-ca08aea elementor-align-center elementor-widget__width-auto read-more-link elementor-widget elementor-widget-button\" data-id=\"ca08aea\" data-element_type=\"widget\" data-widget_type=\"button.default\">\n\t\t\t\t<div class=\"elementor-widget-container\">\n\t\t\t\t\t\t\t\t\t<div class=\"elementor-button-wrapper\">\n\t\t\t\t\t<a class=\"elementor-button elementor-button-link elementor-size-sm\" href=\"https:\/\/finpros.com\/es\/preguntas-frecuentes\/\">\n\t\t\t\t\t\t<span class=\"elementor-button-content-wrapper\">\n\t\t\t\t\t\t<span class=\"elementor-button-icon\">\n\t\t\t\t<svg aria-hidden=\"true\" class=\"e-font-icon-svg e-fas-arrow-right\" viewBox=\"0 0 448 512\" xmlns=\"http:\/\/www.w3.org\/2000\/svg\"><path d=\"M190.5 66.9l22.2-22.2c9.4-9.4 24.6-9.4 33.9 0L441 239c9.4 9.4 9.4 24.6 0 33.9L246.6 467.3c-9.4 9.4-24.6 9.4-33.9 0l-22.2-22.2c-9.5-9.5-9.3-25 .4-34.3L311.4 296H24c-13.3 0-24-10.7-24-24v-32c0-13.3 10.7-24 24-24h287.4L190.9 101.2c-9.8-9.3-10-24.8-.4-34.3z\"><\/path><\/svg>\t\t\t<\/span>\n\t\t\t\t\t\t\t\t\t<span class=\"elementor-button-text\">Leer m\u00e1s<\/span>\n\t\t\t\t\t<\/span>\n\t\t\t\t\t<\/a>\n\t\t\t\t<\/div>\n\t\t\t\t\t\t\t\t<\/div>\n\t\t\t\t<\/div>\n\t\t\t\t\t<\/div>\n\t\t\t\t<\/div>\n\t\t\t\t<\/div>\n\t\t","protected":false},"excerpt":{"rendered":"<p>Calculadora de margen Obtenga acceso a los mercados de divisas globales con ejecuci\u00f3n r\u00e1pida y diferenciales justos Calculadora de margen Una herramienta invaluable para controlar su exposici\u00f3n al mercado con cualquier operaci\u00f3n dada, esta funci\u00f3n le permite calcular espec\u00edficamente el margen que necesitar\u00e1 para colocar una operaci\u00f3n en el mercado. Ejemplo: si desea operar el [&hellip;]<\/p>\n","protected":false},"author":1,"featured_media":0,"parent":0,"menu_order":0,"comment_status":"closed","ping_status":"closed","template":"tpl-default-elementor.php","meta":{"footnotes":""},"class_list":["post-17275","page","type-page","status-publish","hentry"],"yoast_head":"<!-- This site is optimized with the Yoast SEO plugin v25.0 - https:\/\/yoast.com\/wordpress\/plugins\/seo\/ -->\n<title>Calculadora de margen - FinPros<\/title>\n<meta name=\"robots\" content=\"index, follow, max-snippet:-1, max-image-preview:large, max-video-preview:-1\" \/>\n<link rel=\"canonical\" href=\"https:\/\/finpros.com\/es\/calculadora-de-margen\/\" \/>\n<meta property=\"og:locale\" content=\"es_ES\" \/>\n<meta property=\"og:type\" content=\"article\" \/>\n<meta property=\"og:title\" content=\"Calculadora de margen - FinPros\" \/>\n<meta property=\"og:description\" content=\"Calculadora de margen Obtenga acceso a los mercados de divisas globales con ejecuci\u00f3n r\u00e1pida y diferenciales justos Calculadora de margen Una herramienta invaluable para controlar su exposici\u00f3n al mercado con cualquier operaci\u00f3n dada, esta funci\u00f3n le permite calcular espec\u00edficamente el margen que necesitar\u00e1 para colocar una operaci\u00f3n en el mercado. Ejemplo: si desea operar el [&hellip;]\" \/>\n<meta property=\"og:url\" content=\"https:\/\/finpros.com\/es\/calculadora-de-margen\/\" \/>\n<meta property=\"og:site_name\" content=\"FinPros\" \/>\n<meta property=\"article:modified_time\" content=\"2025-06-19T10:19:40+00:00\" \/>\n<meta name=\"twitter:card\" content=\"summary_large_image\" \/>\n<meta name=\"twitter:label1\" content=\"Tiempo de lectura\" \/>\n\t<meta name=\"twitter:data1\" content=\"1 minuto\" \/>\n<script type=\"application\/ld+json\" class=\"yoast-schema-graph\">{\"@context\":\"https:\/\/schema.org\",\"@graph\":[{\"@type\":\"WebPage\",\"@id\":\"https:\/\/finpros.com\/es\/calculadora-de-margen\/\",\"url\":\"https:\/\/finpros.com\/es\/calculadora-de-margen\/\",\"name\":\"Calculadora de margen - FinPros\",\"isPartOf\":{\"@id\":\"https:\/\/finpros.com\/#website\"},\"datePublished\":\"2025-04-16T16:38:57+00:00\",\"dateModified\":\"2025-06-19T10:19:40+00:00\",\"breadcrumb\":{\"@id\":\"https:\/\/finpros.com\/es\/calculadora-de-margen\/#breadcrumb\"},\"inLanguage\":\"es\",\"potentialAction\":[{\"@type\":\"ReadAction\",\"target\":[\"https:\/\/finpros.com\/es\/calculadora-de-margen\/\"]}]},{\"@type\":\"BreadcrumbList\",\"@id\":\"https:\/\/finpros.com\/es\/calculadora-de-margen\/#breadcrumb\",\"itemListElement\":[{\"@type\":\"ListItem\",\"position\":1,\"name\":\"Inicio\",\"item\":\"https:\/\/finpros.com\/\"},{\"@type\":\"ListItem\",\"position\":2,\"name\":\"Calculadora de margen\"}]},{\"@type\":\"WebSite\",\"@id\":\"https:\/\/finpros.com\/#website\",\"url\":\"https:\/\/finpros.com\/\",\"name\":\"FinPros\",\"description\":\"\",\"publisher\":{\"@id\":\"https:\/\/finpros.com\/#organization\"},\"potentialAction\":[{\"@type\":\"SearchAction\",\"target\":{\"@type\":\"EntryPoint\",\"urlTemplate\":\"https:\/\/finpros.com\/?s={search_term_string}\"},\"query-input\":{\"@type\":\"PropertyValueSpecification\",\"valueRequired\":true,\"valueName\":\"search_term_string\"}}],\"inLanguage\":\"es\"},{\"@type\":\"Organization\",\"@id\":\"https:\/\/finpros.com\/#organization\",\"name\":\"FinPros\",\"url\":\"https:\/\/finpros.com\/\",\"logo\":{\"@type\":\"ImageObject\",\"inLanguage\":\"es\",\"@id\":\"https:\/\/finpros.com\/#\/schema\/logo\/image\/\",\"url\":\"https:\/\/finpros.com\/wp-content\/uploads\/2025\/03\/FinPros-PNG-1.png\",\"contentUrl\":\"https:\/\/finpros.com\/wp-content\/uploads\/2025\/03\/FinPros-PNG-1.png\",\"width\":1050,\"height\":369,\"caption\":\"FinPros\"},\"image\":{\"@id\":\"https:\/\/finpros.com\/#\/schema\/logo\/image\/\"}}]}<\/script>\n<!-- \/ Yoast SEO plugin. -->","yoast_head_json":{"title":"Calculadora de margen - FinPros","robots":{"index":"index","follow":"follow","max-snippet":"max-snippet:-1","max-image-preview":"max-image-preview:large","max-video-preview":"max-video-preview:-1"},"canonical":"https:\/\/finpros.com\/es\/calculadora-de-margen\/","og_locale":"es_ES","og_type":"article","og_title":"Calculadora de margen - FinPros","og_description":"Calculadora de margen Obtenga acceso a los mercados de divisas globales con ejecuci\u00f3n r\u00e1pida y diferenciales justos Calculadora de margen Una herramienta invaluable para controlar su exposici\u00f3n al mercado con cualquier operaci\u00f3n dada, esta funci\u00f3n le permite calcular espec\u00edficamente el margen que necesitar\u00e1 para colocar una operaci\u00f3n en el mercado. Ejemplo: si desea operar el [&hellip;]","og_url":"https:\/\/finpros.com\/es\/calculadora-de-margen\/","og_site_name":"FinPros","article_modified_time":"2025-06-19T10:19:40+00:00","twitter_card":"summary_large_image","twitter_misc":{"Tiempo de lectura":"1 minuto"},"schema":{"@context":"https:\/\/schema.org","@graph":[{"@type":"WebPage","@id":"https:\/\/finpros.com\/es\/calculadora-de-margen\/","url":"https:\/\/finpros.com\/es\/calculadora-de-margen\/","name":"Calculadora de margen - FinPros","isPartOf":{"@id":"https:\/\/finpros.com\/#website"},"datePublished":"2025-04-16T16:38:57+00:00","dateModified":"2025-06-19T10:19:40+00:00","breadcrumb":{"@id":"https:\/\/finpros.com\/es\/calculadora-de-margen\/#breadcrumb"},"inLanguage":"es","potentialAction":[{"@type":"ReadAction","target":["https:\/\/finpros.com\/es\/calculadora-de-margen\/"]}]},{"@type":"BreadcrumbList","@id":"https:\/\/finpros.com\/es\/calculadora-de-margen\/#breadcrumb","itemListElement":[{"@type":"ListItem","position":1,"name":"Inicio","item":"https:\/\/finpros.com\/"},{"@type":"ListItem","position":2,"name":"Calculadora de margen"}]},{"@type":"WebSite","@id":"https:\/\/finpros.com\/#website","url":"https:\/\/finpros.com\/","name":"FinPros","description":"","publisher":{"@id":"https:\/\/finpros.com\/#organization"},"potentialAction":[{"@type":"SearchAction","target":{"@type":"EntryPoint","urlTemplate":"https:\/\/finpros.com\/?s={search_term_string}"},"query-input":{"@type":"PropertyValueSpecification","valueRequired":true,"valueName":"search_term_string"}}],"inLanguage":"es"},{"@type":"Organization","@id":"https:\/\/finpros.com\/#organization","name":"FinPros","url":"https:\/\/finpros.com\/","logo":{"@type":"ImageObject","inLanguage":"es","@id":"https:\/\/finpros.com\/#\/schema\/logo\/image\/","url":"https:\/\/finpros.com\/wp-content\/uploads\/2025\/03\/FinPros-PNG-1.png","contentUrl":"https:\/\/finpros.com\/wp-content\/uploads\/2025\/03\/FinPros-PNG-1.png","width":1050,"height":369,"caption":"FinPros"},"image":{"@id":"https:\/\/finpros.com\/#\/schema\/logo\/image\/"}}]}},"_links":{"self":[{"href":"https:\/\/finpros.com\/es\/wp-json\/wp\/v2\/pages\/17275","targetHints":{"allow":["GET"]}}],"collection":[{"href":"https:\/\/finpros.com\/es\/wp-json\/wp\/v2\/pages"}],"about":[{"href":"https:\/\/finpros.com\/es\/wp-json\/wp\/v2\/types\/page"}],"author":[{"embeddable":true,"href":"https:\/\/finpros.com\/es\/wp-json\/wp\/v2\/users\/1"}],"replies":[{"embeddable":true,"href":"https:\/\/finpros.com\/es\/wp-json\/wp\/v2\/comments?post=17275"}],"version-history":[{"count":2,"href":"https:\/\/finpros.com\/es\/wp-json\/wp\/v2\/pages\/17275\/revisions"}],"predecessor-version":[{"id":17347,"href":"https:\/\/finpros.com\/es\/wp-json\/wp\/v2\/pages\/17275\/revisions\/17347"}],"wp:attachment":[{"href":"https:\/\/finpros.com\/es\/wp-json\/wp\/v2\/media?parent=17275"}],"curies":[{"name":"wp","href":"https:\/\/api.w.org\/{rel}","templated":true}]}}