{"id":17274,"date":"2025-04-16T16:55:02","date_gmt":"2025-04-16T16:55:02","guid":{"rendered":"https:\/\/finpros.com\/calculadora-de-posicion\/"},"modified":"2025-06-19T10:19:38","modified_gmt":"2025-06-19T10:19:38","slug":"calculadora-de-posicion","status":"publish","type":"page","link":"https:\/\/finpros.com\/es\/calculadora-de-posicion\/","title":{"rendered":"Calculadora de posici\u00f3n"},"content":{"rendered":"\t\t<div data-elementor-type=\"wp-page\" data-elementor-id=\"17274\" class=\"elementor elementor-17274 elementor-6516\" data-elementor-post-type=\"page\">\n\t\t\t\t<div class=\"elementor-element elementor-element-67cc4b74 e-con-full calculator-sub-banner sub-calc-bg e-flex e-con e-parent\" data-id=\"67cc4b74\" data-element_type=\"container\" data-settings=\"{&quot;background_background&quot;:&quot;classic&quot;}\">\n\t\t<div class=\"elementor-element elementor-element-58415a1c e-con-full e-flex e-con e-child\" data-id=\"58415a1c\" data-element_type=\"container\" data-settings=\"{&quot;background_background&quot;:&quot;classic&quot;}\">\n\t\t\t\t<div class=\"elementor-element elementor-element-4479d006 elementor-widget elementor-widget-heading\" data-id=\"4479d006\" data-element_type=\"widget\" data-widget_type=\"heading.default\">\n\t\t\t\t<div class=\"elementor-widget-container\">\n\t\t\t\t\t<h2 class=\"elementor-heading-title elementor-size-default\">Calculadora de <span>posici\u00f3n<\/span><\/h2>\t\t\t\t<\/div>\n\t\t\t\t<\/div>\n\t\t\t\t<div class=\"elementor-element elementor-element-6a60f05b elementor-widget elementor-widget-heading\" data-id=\"6a60f05b\" data-element_type=\"widget\" data-widget_type=\"heading.default\">\n\t\t\t\t<div class=\"elementor-widget-container\">\n\t\t\t\t\t<p class=\"elementor-heading-title elementor-size-default\">Obtenga acceso a los mercados de divisas globales con ejecuci\u00f3n r\u00e1pida y diferenciales justos<\/p>\t\t\t\t<\/div>\n\t\t\t\t<\/div>\n\t\t\t\t<\/div>\n\t\t<div class=\"elementor-element elementor-element-8e81d33 e-con-full e-flex e-con e-child\" data-id=\"8e81d33\" data-element_type=\"container\" data-settings=\"{&quot;background_background&quot;:&quot;classic&quot;}\">\n\t\t<div class=\"elementor-element elementor-element-2c139343 e-flex e-con-boxed e-con e-child\" data-id=\"2c139343\" data-element_type=\"container\">\n\t\t\t\t\t<div class=\"e-con-inner\">\n\t\t\t\t<div class=\"elementor-element elementor-element-5b203a03 elementor-align-left calc-banner-link elementor-widget elementor-widget-breadcrumbs\" data-id=\"5b203a03\" data-element_type=\"widget\" data-widget_type=\"breadcrumbs.default\">\n\t\t\t\t<div class=\"elementor-widget-container\">\n\t\t\t\t\t<p id=\"breadcrumbs\"><span><span><a href=\"https:\/\/finpros.com\/\">Inicio<\/a><\/span><\/span><\/p>\t\t\t\t<\/div>\n\t\t\t\t<\/div>\n\t\t\t\t\t<\/div>\n\t\t\t\t<\/div>\n\t\t\t\t<\/div>\n\t\t\t\t<\/div>\n\t\t<div class=\"elementor-element elementor-element-2fac50f e-flex e-con-boxed e-con e-parent\" data-id=\"2fac50f\" data-element_type=\"container\">\n\t\t\t\t\t<div class=\"e-con-inner\">\n\t\t<div class=\"elementor-element elementor-element-4997a57 e-con-full e-flex e-con e-child\" data-id=\"4997a57\" data-element_type=\"container\">\n\t\t\t\t<div class=\"elementor-element elementor-element-1ec21d1 elementor-widget elementor-widget-heading\" data-id=\"1ec21d1\" data-element_type=\"widget\" data-widget_type=\"heading.default\">\n\t\t\t\t<div class=\"elementor-widget-container\">\n\t\t\t\t\t<h2 class=\"elementor-heading-title elementor-size-default\"> Calculadora de <span>posici\u00f3n<\/span><\/h2>\t\t\t\t<\/div>\n\t\t\t\t<\/div>\n\t\t\t\t<\/div>\n\t\t<div class=\"elementor-element elementor-element-df56ab4 e-con-full e-flex e-con e-child\" data-id=\"df56ab4\" data-element_type=\"container\">\n\t\t\t\t<div class=\"elementor-element elementor-element-51bd7d2 elementor-widget elementor-widget-text-editor\" data-id=\"51bd7d2\" data-element_type=\"widget\" data-widget_type=\"text-editor.default\">\n\t\t\t\t<div class=\"elementor-widget-container\">\n\t\t\t\t\t\t\t\t\t<p>Otra herramienta vital para operadores experimentados o novatos, esta calculadora es esencial para gestionar su riesgo por operaci\u00f3n y monitorear su exposici\u00f3n general en el mercado.<\/p>\t\t\t\t\t\t\t\t<\/div>\n\t\t\t\t<\/div>\n\t\t\t\t<\/div>\n\t\t<div class=\"elementor-element elementor-element-f4a2424 e-con-full e-flex e-con e-child\" data-id=\"f4a2424\" data-element_type=\"container\">\n\t\t\t\t<div class=\"elementor-element elementor-element-fb967bb elementor-widget elementor-widget-text-editor\" data-id=\"fb967bb\" data-element_type=\"widget\" data-widget_type=\"text-editor.default\">\n\t\t\t\t<div class=\"elementor-widget-container\">\n\t\t\t\t\t\t\t\t\t<p><b>Ejemplo<\/b>: Utilizando nuevamente nuestro par de divisas est\u00e1ndar EUR\/USD. Usted desea arriesgar solamente el 1% de su cuenta por operaci\u00f3n. Quiere tener su stop a solo 25 pips de distancia del precio actual. Tiene un tama\u00f1o de cuenta de $50,000, por lo tanto, utilizar\u00e1 un tama\u00f1o de posici\u00f3n de dos lotes. En efecto, estar\u00e1 arriesgando $500 en la operaci\u00f3n; si su stop loss se activa, esta ser\u00e1 su p\u00e9rdida.    <br><br><\/p><p class=\"note\">*un lote equivale a 100,000 unidades.<\/p>\t\t\t\t\t\t\t\t<\/div>\n\t\t\t\t<\/div>\n\t\t\t\t<\/div>\n\t\t\t\t\t<\/div>\n\t\t\t\t<\/div>\n\t\t<div class=\"elementor-element elementor-element-fa3bf46 e-flex e-con-boxed e-con e-parent\" data-id=\"fa3bf46\" data-element_type=\"container\">\n\t\t\t\t\t<div class=\"e-con-inner\">\n\t\t<div class=\"elementor-element elementor-element-eb702b9 e-con-full e-flex e-con e-child\" data-id=\"eb702b9\" data-element_type=\"container\">\n\t\t\t\t<div class=\"elementor-element elementor-element-c05ae7a elementor-widget elementor-widget-shortcode\" data-id=\"c05ae7a\" data-element_type=\"widget\" data-widget_type=\"shortcode.default\">\n\t\t\t\t<div class=\"elementor-widget-container\">\n\t\t\t\t\t\t\t<div class=\"elementor-shortcode\">    <div class=\"position-size-calculator\">\r\n        <div class=\"calculator-container\">\r\n            <div class=\"calculator-header\">\r\n                <h3><i class=\"fas fa-calculator\"><\/i> Position Size Calculator<\/h3>\r\n                <p>Calculate optimal position size based on your risk parameters<\/p>\r\n            <\/div>\r\n            \r\n            <div class=\"calculator-body\">\r\n                <div class=\"input-section\">\r\n                    <div class=\"form-row\">\r\n                        <div class=\"form-column\">\r\n                            <div class=\"form-group\">\r\n                                <label for=\"psc-account-balance\">Account Balance<\/label>\r\n                                <input type=\"number\" id=\"psc-account-balance\" class=\"form-control\" value=\"10000\" min=\"1\" step=\"1\">\r\n                            <\/div>\r\n                            \r\n                            <div class=\"form-group\">\r\n                                <label for=\"psc-risk-percentage\">Risk Percentage (%)<\/label>\r\n                                <input type=\"number\" id=\"psc-risk-percentage\" class=\"form-control\" value=\"1\" min=\"0.01\" max=\"100\" step=\"0.01\">\r\n                            <\/div>\r\n                            \r\n                            <div class=\"form-group\">\r\n                                <label>Stop Loss Type<\/label>\r\n                                <div style=\"display: flex; margin-top: 8px;\">\r\n                                    <div style=\"margin-right: 20px;\">\r\n                                        <input type=\"radio\" id=\"psc-stop-loss-type-pips\" name=\"psc-stop-loss-type\" value=\"pips\" checked>\r\n                                        <label for=\"psc-stop-loss-type-pips\" style=\"display: inline; margin-left: 5px;\">Pips<\/label>\r\n                                    <\/div>\r\n                                    <div>\r\n                                        <input type=\"radio\" id=\"psc-stop-loss-type-price\" name=\"psc-stop-loss-type\" value=\"price\">\r\n                                        <label for=\"psc-stop-loss-type-price\" style=\"display: inline; margin-left: 5px;\">Price<\/label>\r\n                                    <\/div>\r\n                                <\/div>\r\n                            <\/div>\r\n                            \r\n                            <div class=\"form-group\" id=\"psc-stop-loss-pips-container\">\r\n                                <label for=\"psc-stop-loss-pips\">Stop loss (pips)<\/label>\r\n                                <input type=\"number\" id=\"psc-stop-loss-pips\" class=\"form-control\" value=\"50\" min=\"1\" step=\"1\">\r\n                            <\/div>\r\n                            \r\n                            <div id=\"psc-price-fields-container\" style=\"display: none;\">\r\n                                <div class=\"form-group\">\r\n                                    <label for=\"psc-open-price\">Open price<\/label>\r\n                                    <input type=\"number\" id=\"psc-open-price\" class=\"form-control\" value=\"1.0000\" step=\"0.00001\">\r\n                                <\/div>\r\n                                <div class=\"form-group\">\r\n                                    <label for=\"psc-stop-loss-price\">Stop loss price<\/label>\r\n                                    <input type=\"number\" id=\"psc-stop-loss-price\" class=\"form-control\" value=\"0.9950\" step=\"0.00001\">\r\n                                <\/div>\r\n                            <\/div>\r\n                            \r\n                            <div class=\"form-group\" id=\"psc-currency-price-container\" style=\"display: none;\">\r\n                                <label for=\"psc-currency-price\" id=\"psc-currency-price-label\">USD\/AUD Price<\/label>\r\n                                <input type=\"number\" id=\"psc-currency-price\" class=\"form-control\" value=\"1.0\" step=\"0.00001\">\r\n                            <\/div>\r\n                        <\/div>\r\n                        \r\n                        <div class=\"form-column\">\r\n                            <div class=\"form-group\">\r\n                                <label for=\"psc-account-currency\">Account Currency<\/label>\r\n                                <select id=\"psc-account-currency\" class=\"form-control\">\r\n                                    <option value=\"USD\">USD<\/option>\r\n                                    <option value=\"EUR\">EUR<\/option>\r\n                                    <option value=\"GBP\">GBP<\/option>\r\n                                    <option value=\"JPY\">JPY<\/option>\r\n                                    <option value=\"AUD\">AUD<\/option>\r\n                                    <option value=\"CAD\">CAD<\/option>\r\n                                <\/select>\r\n                            <\/div>\r\n                            \r\n                            <div class=\"form-group\">\r\n                                <label for=\"psc-currency-pair\">Instrument<\/label>\r\n                                <select id=\"psc-currency-pair\" class=\"form-control\">\r\n                                    <option value=\"\">Loading pairs...<\/option>\r\n                                <\/select>\r\n                            <\/div>\r\n                            \r\n                            <div class=\"form-group\">\r\n                                <label for=\"psc-pip-size\" id=\"psc-pip-size-label\">EUR\/USD 1 Pip Size<\/label>\r\n                                <input type=\"number\" id=\"psc-pip-size\" class=\"form-control\" value=\"0.0001\" step=\"0.00001\" readonly>\r\n                            <\/div>\r\n                            \r\n                            <div class=\"form-group\">\r\n                                <label for=\"psc-contract-size\">Contract size (Units per Lot)<\/label>\r\n                                <input type=\"number\" id=\"psc-contract-size\" class=\"form-control\" value=\"100000\" readonly>\r\n                            <\/div>\r\n                        <\/div>\r\n                    <\/div>\r\n                    \r\n                    <button id=\"psc-calculate-btn\" class=\"calculate-btn\">\r\n                        <i class=\"fas fa-calculator\"><\/i> Calculate\r\n                    <\/button>\r\n                <\/div>\r\n                \r\n                <div class=\"results-section\">\r\n                    <div class=\"result-box\">\r\n                        <div class=\"result-title\">Lots (trade size)<\/div>\r\n                        <div class=\"result-value\" id=\"psc-position-size\">1<\/div>\r\n                    <\/div>\r\n                    \r\n                    <div class=\"result-box\">\r\n                        <div class=\"result-title\">Units (trade size)<\/div>\r\n                        <div class=\"result-value\" id=\"psc-position-units\">100,000<\/div>\r\n                    <\/div>\r\n                    \r\n                    <div class=\"result-box\">\r\n                        <div class=\"result-title\">Money at risk<\/div>\r\n                        <div class=\"result-value\"><span id=\"psc-risk-currency\">US$<\/span><span id=\"psc-risk-amount\">2,000.00<\/span><\/div>\r\n                    <\/div>\r\n                <\/div>\r\n            <\/div>\r\n            \r\n            <div class=\"calculator-footer\">\r\n                <p>Always verify calculations with your broker's specifications before trading.<\/p>\r\n            <\/div>\r\n        <\/div>\r\n    <\/div>\r\n    <\/div>\n\t\t\t\t\t\t<\/div>\n\t\t\t\t<\/div>\n\t\t\t\t<\/div>\n\t\t\t\t\t<\/div>\n\t\t\t\t<\/div>\n\t\t<div class=\"elementor-element elementor-element-1d3e00a e-flex e-con-boxed e-con e-parent\" data-id=\"1d3e00a\" data-element_type=\"container\">\n\t\t\t\t\t<div class=\"e-con-inner\">\n\t\t\t\t<div class=\"elementor-element elementor-element-e40af82 elementor-widget elementor-widget-heading\" data-id=\"e40af82\" data-element_type=\"widget\" data-widget_type=\"heading.default\">\n\t\t\t\t<div class=\"elementor-widget-container\">\n\t\t\t\t\t<h2 class=\"elementor-heading-title elementor-size-default\">Encuentre <span>respuestas<\/span> a preguntas <br>frecuentes<\/h2>\t\t\t\t<\/div>\n\t\t\t\t<\/div>\n\t\t\t\t<div class=\"elementor-element elementor-element-ad0bb0a elementor-widget__width-initial elementor-widget elementor-widget-shortcode\" data-id=\"ad0bb0a\" data-element_type=\"widget\" data-widget_type=\"shortcode.default\">\n\t\t\t\t<div class=\"elementor-widget-container\">\n\t\t\t\t\t\t\t<div class=\"elementor-shortcode\">            <div class=\"qae-faqs-container qae-faqs-toggle-container\">\n\t\t\t\t\t\t<div id=\"qaef-17554\" class=\"qe-faq-toggle operaciones\">\n\t\t\t<div class=\"qe-toggle-title\">\n\t\t\t\t<h4>\n\t\t\t\t\t<i class=\"fa fa-minus-circle\"><\/i> \u00bfC\u00f3mo puedo cambiar mi contrase\u00f1a?\t\t\t\t<\/h4>\n\t\t\t<\/div>\n\t\t\t<div class=\"qe-toggle-content\">\n\t\t\t\t<ul>\n<li>Pulse el bot\u00f3n \u201cIniciar sesi\u00f3n\u201d y luego \u201cOlvid\u00e9 mi contrase\u00f1a\u201d<\/li>\n<li>Introduzca el correo electr\u00f3nico con el que se registr\u00f3 en el campo correspondiente y pulse el bot\u00f3n \u201cEnviar\u201d.<\/li>\n<li>Le enviaremos un enlace por correo electr\u00f3nico para cambiar su contrase\u00f1a.<\/li>\n<\/ul>\n\t\t\t<\/div>\n\t\t<\/div>\n\t\t\t\t<div id=\"qaef-17555\" class=\"qe-faq-toggle operaciones\">\n\t\t\t<div class=\"qe-toggle-title\">\n\t\t\t\t<h4>\n\t\t\t\t\t<i class=\"fa fa-minus-circle\"><\/i> \u00bfC\u00f3mo puedo modificar los detalles de mi cuenta?\t\t\t\t<\/h4>\n\t\t\t<\/div>\n\t\t\t<div class=\"qe-toggle-content\">\n\t\t\t\t<ul style=\"margin-left: -15px\">\n<li>Pulse la pesta\u00f1a \u201cCuenta\u201d en la parte inferior derecha, y luego \u201cEditar perfil\u201d.<\/li>\n<li>En esta p\u00e1gina puede editar su \u201cIdentificador de b\u00fasqueda\u201d, \u201cNombre de se\u00f1al\u201d y \u201cGu\u00eda de capital\u201d<\/li>\n<\/ul>\n\t\t\t<\/div>\n\t\t<\/div>\n\t\t\t\t<div id=\"qaef-17556\" class=\"qe-faq-toggle operaciones\">\n\t\t\t<div class=\"qe-toggle-title\">\n\t\t\t\t<h4>\n\t\t\t\t\t<i class=\"fa fa-minus-circle\"><\/i> \u00bfC\u00f3mo cambio mi cuenta de trading?\t\t\t\t<\/h4>\n\t\t\t<\/div>\n\t\t\t<div class=\"qe-toggle-content\">\n\t\t\t\t<ul style=\"margin-left: -15px\">\n<li>Pulse la pesta\u00f1a \u201cCuenta\u201d en la esquina inferior derecha.<\/li>\n<li>Despl\u00e1cese hasta la parte inferior y pulse el bot\u00f3n \u201cVincular una cuenta\u201d.<\/li>\n<li>Introduzca los datos de su nueva cuenta de trading.<\/li>\n<\/ul>\n\t\t\t<\/div>\n\t\t<\/div>\n\t\t            <\/div>\n\t\t<\/div>\n\t\t\t\t\t\t<\/div>\n\t\t\t\t<\/div>\n\t\t\t\t<div class=\"elementor-element elementor-element-a86303c elementor-align-center elementor-widget__width-auto read-more-link elementor-widget elementor-widget-button\" data-id=\"a86303c\" data-element_type=\"widget\" data-widget_type=\"button.default\">\n\t\t\t\t<div class=\"elementor-widget-container\">\n\t\t\t\t\t\t\t\t\t<div class=\"elementor-button-wrapper\">\n\t\t\t\t\t<a class=\"elementor-button elementor-button-link elementor-size-sm\" href=\"https:\/\/finpros.com\/es\/preguntas-frecuentes\/\">\n\t\t\t\t\t\t<span class=\"elementor-button-content-wrapper\">\n\t\t\t\t\t\t<span class=\"elementor-button-icon\">\n\t\t\t\t<svg aria-hidden=\"true\" class=\"e-font-icon-svg e-fas-arrow-right\" viewBox=\"0 0 448 512\" xmlns=\"http:\/\/www.w3.org\/2000\/svg\"><path d=\"M190.5 66.9l22.2-22.2c9.4-9.4 24.6-9.4 33.9 0L441 239c9.4 9.4 9.4 24.6 0 33.9L246.6 467.3c-9.4 9.4-24.6 9.4-33.9 0l-22.2-22.2c-9.5-9.5-9.3-25 .4-34.3L311.4 296H24c-13.3 0-24-10.7-24-24v-32c0-13.3 10.7-24 24-24h287.4L190.9 101.2c-9.8-9.3-10-24.8-.4-34.3z\"><\/path><\/svg>\t\t\t<\/span>\n\t\t\t\t\t\t\t\t\t<span class=\"elementor-button-text\">Leer m\u00e1s<\/span>\n\t\t\t\t\t<\/span>\n\t\t\t\t\t<\/a>\n\t\t\t\t<\/div>\n\t\t\t\t\t\t\t\t<\/div>\n\t\t\t\t<\/div>\n\t\t\t\t\t<\/div>\n\t\t\t\t<\/div>\n\t\t\t\t<\/div>\n\t\t","protected":false},"excerpt":{"rendered":"<p>Calculadora de posici\u00f3n Obtenga acceso a los mercados de divisas globales con ejecuci\u00f3n r\u00e1pida y diferenciales justos Calculadora de posici\u00f3n Otra herramienta vital para operadores experimentados o novatos, esta calculadora es esencial para gestionar su riesgo por operaci\u00f3n y monitorear su exposici\u00f3n general en el mercado. Ejemplo: Utilizando nuevamente nuestro par de divisas est\u00e1ndar EUR\/USD. [&hellip;]<\/p>\n","protected":false},"author":1,"featured_media":0,"parent":0,"menu_order":0,"comment_status":"closed","ping_status":"closed","template":"tpl-default-elementor.php","meta":{"footnotes":""},"class_list":["post-17274","page","type-page","status-publish","hentry"],"yoast_head":"<!-- This site is optimized with the Yoast SEO plugin v25.0 - https:\/\/yoast.com\/wordpress\/plugins\/seo\/ -->\n<title>Calculadora de posici\u00f3n - FinPros<\/title>\n<meta name=\"robots\" content=\"index, follow, max-snippet:-1, max-image-preview:large, max-video-preview:-1\" \/>\n<link rel=\"canonical\" href=\"https:\/\/finpros.com\/es\/calculadora-de-posicion\/\" \/>\n<meta property=\"og:locale\" content=\"es_ES\" \/>\n<meta property=\"og:type\" content=\"article\" \/>\n<meta property=\"og:title\" content=\"Calculadora de posici\u00f3n - FinPros\" \/>\n<meta property=\"og:description\" content=\"Calculadora de posici\u00f3n Obtenga acceso a los mercados de divisas globales con ejecuci\u00f3n r\u00e1pida y diferenciales justos Calculadora de posici\u00f3n Otra herramienta vital para operadores experimentados o novatos, esta calculadora es esencial para gestionar su riesgo por operaci\u00f3n y monitorear su exposici\u00f3n general en el mercado. Ejemplo: Utilizando nuevamente nuestro par de divisas est\u00e1ndar EUR\/USD. [&hellip;]\" \/>\n<meta property=\"og:url\" content=\"https:\/\/finpros.com\/es\/calculadora-de-posicion\/\" \/>\n<meta property=\"og:site_name\" content=\"FinPros\" \/>\n<meta property=\"article:modified_time\" content=\"2025-06-19T10:19:38+00:00\" \/>\n<meta name=\"twitter:card\" content=\"summary_large_image\" \/>\n<meta name=\"twitter:label1\" content=\"Tiempo de lectura\" \/>\n\t<meta name=\"twitter:data1\" content=\"1 minuto\" \/>\n<script type=\"application\/ld+json\" class=\"yoast-schema-graph\">{\"@context\":\"https:\/\/schema.org\",\"@graph\":[{\"@type\":\"WebPage\",\"@id\":\"https:\/\/finpros.com\/es\/calculadora-de-posicion\/\",\"url\":\"https:\/\/finpros.com\/es\/calculadora-de-posicion\/\",\"name\":\"Calculadora de posici\u00f3n - FinPros\",\"isPartOf\":{\"@id\":\"https:\/\/finpros.com\/#website\"},\"datePublished\":\"2025-04-16T16:55:02+00:00\",\"dateModified\":\"2025-06-19T10:19:38+00:00\",\"breadcrumb\":{\"@id\":\"https:\/\/finpros.com\/es\/calculadora-de-posicion\/#breadcrumb\"},\"inLanguage\":\"es\",\"potentialAction\":[{\"@type\":\"ReadAction\",\"target\":[\"https:\/\/finpros.com\/es\/calculadora-de-posicion\/\"]}]},{\"@type\":\"BreadcrumbList\",\"@id\":\"https:\/\/finpros.com\/es\/calculadora-de-posicion\/#breadcrumb\",\"itemListElement\":[{\"@type\":\"ListItem\",\"position\":1,\"name\":\"Inicio\",\"item\":\"https:\/\/finpros.com\/\"},{\"@type\":\"ListItem\",\"position\":2,\"name\":\"Calculadora de posici\u00f3n\"}]},{\"@type\":\"WebSite\",\"@id\":\"https:\/\/finpros.com\/#website\",\"url\":\"https:\/\/finpros.com\/\",\"name\":\"FinPros\",\"description\":\"\",\"publisher\":{\"@id\":\"https:\/\/finpros.com\/#organization\"},\"potentialAction\":[{\"@type\":\"SearchAction\",\"target\":{\"@type\":\"EntryPoint\",\"urlTemplate\":\"https:\/\/finpros.com\/?s={search_term_string}\"},\"query-input\":{\"@type\":\"PropertyValueSpecification\",\"valueRequired\":true,\"valueName\":\"search_term_string\"}}],\"inLanguage\":\"es\"},{\"@type\":\"Organization\",\"@id\":\"https:\/\/finpros.com\/#organization\",\"name\":\"FinPros\",\"url\":\"https:\/\/finpros.com\/\",\"logo\":{\"@type\":\"ImageObject\",\"inLanguage\":\"es\",\"@id\":\"https:\/\/finpros.com\/#\/schema\/logo\/image\/\",\"url\":\"https:\/\/finpros.com\/wp-content\/uploads\/2025\/03\/FinPros-PNG-1.png\",\"contentUrl\":\"https:\/\/finpros.com\/wp-content\/uploads\/2025\/03\/FinPros-PNG-1.png\",\"width\":1050,\"height\":369,\"caption\":\"FinPros\"},\"image\":{\"@id\":\"https:\/\/finpros.com\/#\/schema\/logo\/image\/\"}}]}<\/script>\n<!-- \/ Yoast SEO plugin. -->","yoast_head_json":{"title":"Calculadora de posici\u00f3n - FinPros","robots":{"index":"index","follow":"follow","max-snippet":"max-snippet:-1","max-image-preview":"max-image-preview:large","max-video-preview":"max-video-preview:-1"},"canonical":"https:\/\/finpros.com\/es\/calculadora-de-posicion\/","og_locale":"es_ES","og_type":"article","og_title":"Calculadora de posici\u00f3n - FinPros","og_description":"Calculadora de posici\u00f3n Obtenga acceso a los mercados de divisas globales con ejecuci\u00f3n r\u00e1pida y diferenciales justos Calculadora de posici\u00f3n Otra herramienta vital para operadores experimentados o novatos, esta calculadora es esencial para gestionar su riesgo por operaci\u00f3n y monitorear su exposici\u00f3n general en el mercado. Ejemplo: Utilizando nuevamente nuestro par de divisas est\u00e1ndar EUR\/USD. [&hellip;]","og_url":"https:\/\/finpros.com\/es\/calculadora-de-posicion\/","og_site_name":"FinPros","article_modified_time":"2025-06-19T10:19:38+00:00","twitter_card":"summary_large_image","twitter_misc":{"Tiempo de lectura":"1 minuto"},"schema":{"@context":"https:\/\/schema.org","@graph":[{"@type":"WebPage","@id":"https:\/\/finpros.com\/es\/calculadora-de-posicion\/","url":"https:\/\/finpros.com\/es\/calculadora-de-posicion\/","name":"Calculadora de posici\u00f3n - FinPros","isPartOf":{"@id":"https:\/\/finpros.com\/#website"},"datePublished":"2025-04-16T16:55:02+00:00","dateModified":"2025-06-19T10:19:38+00:00","breadcrumb":{"@id":"https:\/\/finpros.com\/es\/calculadora-de-posicion\/#breadcrumb"},"inLanguage":"es","potentialAction":[{"@type":"ReadAction","target":["https:\/\/finpros.com\/es\/calculadora-de-posicion\/"]}]},{"@type":"BreadcrumbList","@id":"https:\/\/finpros.com\/es\/calculadora-de-posicion\/#breadcrumb","itemListElement":[{"@type":"ListItem","position":1,"name":"Inicio","item":"https:\/\/finpros.com\/"},{"@type":"ListItem","position":2,"name":"Calculadora de posici\u00f3n"}]},{"@type":"WebSite","@id":"https:\/\/finpros.com\/#website","url":"https:\/\/finpros.com\/","name":"FinPros","description":"","publisher":{"@id":"https:\/\/finpros.com\/#organization"},"potentialAction":[{"@type":"SearchAction","target":{"@type":"EntryPoint","urlTemplate":"https:\/\/finpros.com\/?s={search_term_string}"},"query-input":{"@type":"PropertyValueSpecification","valueRequired":true,"valueName":"search_term_string"}}],"inLanguage":"es"},{"@type":"Organization","@id":"https:\/\/finpros.com\/#organization","name":"FinPros","url":"https:\/\/finpros.com\/","logo":{"@type":"ImageObject","inLanguage":"es","@id":"https:\/\/finpros.com\/#\/schema\/logo\/image\/","url":"https:\/\/finpros.com\/wp-content\/uploads\/2025\/03\/FinPros-PNG-1.png","contentUrl":"https:\/\/finpros.com\/wp-content\/uploads\/2025\/03\/FinPros-PNG-1.png","width":1050,"height":369,"caption":"FinPros"},"image":{"@id":"https:\/\/finpros.com\/#\/schema\/logo\/image\/"}}]}},"_links":{"self":[{"href":"https:\/\/finpros.com\/es\/wp-json\/wp\/v2\/pages\/17274","targetHints":{"allow":["GET"]}}],"collection":[{"href":"https:\/\/finpros.com\/es\/wp-json\/wp\/v2\/pages"}],"about":[{"href":"https:\/\/finpros.com\/es\/wp-json\/wp\/v2\/types\/page"}],"author":[{"embeddable":true,"href":"https:\/\/finpros.com\/es\/wp-json\/wp\/v2\/users\/1"}],"replies":[{"embeddable":true,"href":"https:\/\/finpros.com\/es\/wp-json\/wp\/v2\/comments?post=17274"}],"version-history":[{"count":2,"href":"https:\/\/finpros.com\/es\/wp-json\/wp\/v2\/pages\/17274\/revisions"}],"predecessor-version":[{"id":17345,"href":"https:\/\/finpros.com\/es\/wp-json\/wp\/v2\/pages\/17274\/revisions\/17345"}],"wp:attachment":[{"href":"https:\/\/finpros.com\/es\/wp-json\/wp\/v2\/media?parent=17274"}],"curies":[{"name":"wp","href":"https:\/\/api.w.org\/{rel}","templated":true}]}}