{"id":17262,"date":"2025-03-25T05:34:16","date_gmt":"2025-03-25T05:34:16","guid":{"rendered":"https:\/\/finpros.com\/comerciante\/"},"modified":"2025-06-23T09:32:06","modified_gmt":"2025-06-23T09:32:06","slug":"comercio","status":"publish","type":"page","link":"https:\/\/finpros.com\/es\/comercio\/","title":{"rendered":"Comercio"},"content":{"rendered":"\t\t<div data-elementor-type=\"wp-page\" data-elementor-id=\"17262\" class=\"elementor elementor-17262 elementor-1819\" data-elementor-post-type=\"page\">\n\t\t\t\t<div class=\"elementor-element elementor-element-6465227e e-con-full calculator-sub-banner e-flex e-con e-parent\" data-id=\"6465227e\" data-element_type=\"container\" data-settings=\"{&quot;background_background&quot;:&quot;classic&quot;}\">\n\t\t<div class=\"elementor-element elementor-element-172639cf e-flex e-con-boxed e-con e-child\" data-id=\"172639cf\" data-element_type=\"container\" data-settings=\"{&quot;background_background&quot;:&quot;classic&quot;}\">\n\t\t\t\t\t<div class=\"e-con-inner\">\n\t\t\t\t<div class=\"elementor-element elementor-element-57edd787 elementor-widget elementor-widget-heading\" data-id=\"57edd787\" data-element_type=\"widget\" data-widget_type=\"heading.default\">\n\t\t\t\t<div class=\"elementor-widget-container\">\n\t\t\t\t\t<h2 class=\"elementor-heading-title elementor-size-default\">Comercio<\/h2>\t\t\t\t<\/div>\n\t\t\t\t<\/div>\n\t\t\t\t\t<\/div>\n\t\t\t\t<\/div>\n\t\t<div class=\"elementor-element elementor-element-2679fdbd e-con-full e-flex e-con e-child\" data-id=\"2679fdbd\" data-element_type=\"container\">\n\t\t<div class=\"elementor-element elementor-element-2d04b428 e-flex e-con-boxed e-con e-child\" data-id=\"2d04b428\" data-element_type=\"container\">\n\t\t\t\t\t<div class=\"e-con-inner\">\n\t\t\t\t<div class=\"elementor-element elementor-element-70405a39 elementor-align-left calc-banner-link bread-links elementor-widget elementor-widget-breadcrumbs\" data-id=\"70405a39\" data-element_type=\"widget\" data-widget_type=\"breadcrumbs.default\">\n\t\t\t\t<div class=\"elementor-widget-container\">\n\t\t\t\t\t<p id=\"breadcrumbs\"><span><span><a href=\"https:\/\/finpros.com\/\">Inicio<\/a><\/span><\/span><\/p>\t\t\t\t<\/div>\n\t\t\t\t<\/div>\n\t\t\t\t\t<\/div>\n\t\t\t\t<\/div>\n\t\t\t\t<\/div>\n\t\t\t\t<\/div>\n\t\t<div class=\"elementor-element elementor-element-2a82ecdf e-flex e-con-boxed e-con e-parent\" data-id=\"2a82ecdf\" data-element_type=\"container\">\n\t\t\t\t\t<div class=\"e-con-inner\">\n\t\t\t\t<div class=\"elementor-element elementor-element-7c23c44d elementor-widget elementor-widget-text-editor\" data-id=\"7c23c44d\" data-element_type=\"widget\" data-widget_type=\"text-editor.default\">\n\t\t\t\t<div class=\"elementor-widget-container\">\n\t\t\t\t\t\t\t\t\t<h2 class=\"wp-block-heading\">Pol\u00edtica de comerciante<\/h2><p>Finquotes Management LTD, una Compa\u00f1\u00eda constituida en Chipre con n\u00famero de registro HE433355, con domicilio social en Georgiou Gennadiou 10, Agathangelos Court, 3er piso, Apartamento 303, 3041, Limassol, Chipre, es designada como comerciante y vendedor de servicios, y tambi\u00e9n es el Representante Independiente Designado y Distribuidor de la entidad regulada.<\/p><h2 class=\"wp-block-heading\"> <\/h2>\t\t\t\t\t\t\t\t<\/div>\n\t\t\t\t<\/div>\n\t\t\t\t\t<\/div>\n\t\t\t\t<\/div>\n\t\t\t\t<\/div>\n\t\t","protected":false},"excerpt":{"rendered":"<p>Pol\u00edtica de comerciante Finquotes Management LTD, una Compa\u00f1\u00eda constituida en Chipre con n\u00famero de registro HE433355, con domicilio social en Georgiou Gennadiou 10, Agathangelos Court, 3er piso, Apartamento 303, 3041, Limassol, Chipre, es designada como comerciante y vendedor de servicios, y tambi\u00e9n es el Representante Independiente Designado y Distribuidor de la entidad regulada.<\/p>\n","protected":false},"author":1,"featured_media":0,"parent":0,"menu_order":0,"comment_status":"closed","ping_status":"closed","template":"tpl-default-elementor.php","meta":{"footnotes":""},"class_list":["post-17262","page","type-page","status-publish","hentry"],"yoast_head":"<!-- This site is optimized with the Yoast SEO plugin v25.0 - https:\/\/yoast.com\/wordpress\/plugins\/seo\/ -->\n<title>Comercio - FinPros<\/title>\n<meta name=\"robots\" content=\"index, follow, max-snippet:-1, max-image-preview:large, max-video-preview:-1\" \/>\n<link rel=\"canonical\" href=\"https:\/\/finpros.com\/es\/comercio\/\" \/>\n<meta property=\"og:locale\" content=\"es_ES\" \/>\n<meta property=\"og:type\" content=\"article\" \/>\n<meta property=\"og:title\" content=\"Comercio - FinPros\" \/>\n<meta property=\"og:description\" content=\"Pol\u00edtica de comerciante Finquotes Management LTD, una Compa\u00f1\u00eda constituida en Chipre con n\u00famero de registro HE433355, con domicilio social en Georgiou Gennadiou 10, Agathangelos Court, 3er piso, Apartamento 303, 3041, Limassol, Chipre, es designada como comerciante y vendedor de servicios, y tambi\u00e9n es el Representante Independiente Designado y Distribuidor de la entidad regulada.\" \/>\n<meta property=\"og:url\" content=\"https:\/\/finpros.com\/es\/comercio\/\" \/>\n<meta property=\"og:site_name\" content=\"FinPros\" \/>\n<meta property=\"article:modified_time\" content=\"2025-06-23T09:32:06+00:00\" \/>\n<meta name=\"twitter:card\" content=\"summary_large_image\" \/>\n<script type=\"application\/ld+json\" class=\"yoast-schema-graph\">{\"@context\":\"https:\/\/schema.org\",\"@graph\":[{\"@type\":\"WebPage\",\"@id\":\"https:\/\/finpros.com\/es\/comercio\/\",\"url\":\"https:\/\/finpros.com\/es\/comercio\/\",\"name\":\"Comercio - FinPros\",\"isPartOf\":{\"@id\":\"https:\/\/finpros.com\/#website\"},\"datePublished\":\"2025-03-25T05:34:16+00:00\",\"dateModified\":\"2025-06-23T09:32:06+00:00\",\"breadcrumb\":{\"@id\":\"https:\/\/finpros.com\/es\/comercio\/#breadcrumb\"},\"inLanguage\":\"es\",\"potentialAction\":[{\"@type\":\"ReadAction\",\"target\":[\"https:\/\/finpros.com\/es\/comercio\/\"]}]},{\"@type\":\"BreadcrumbList\",\"@id\":\"https:\/\/finpros.com\/es\/comercio\/#breadcrumb\",\"itemListElement\":[{\"@type\":\"ListItem\",\"position\":1,\"name\":\"Inicio\",\"item\":\"https:\/\/finpros.com\/\"},{\"@type\":\"ListItem\",\"position\":2,\"name\":\"Comercio\"}]},{\"@type\":\"WebSite\",\"@id\":\"https:\/\/finpros.com\/#website\",\"url\":\"https:\/\/finpros.com\/\",\"name\":\"FinPros\",\"description\":\"\",\"publisher\":{\"@id\":\"https:\/\/finpros.com\/#organization\"},\"potentialAction\":[{\"@type\":\"SearchAction\",\"target\":{\"@type\":\"EntryPoint\",\"urlTemplate\":\"https:\/\/finpros.com\/?s={search_term_string}\"},\"query-input\":{\"@type\":\"PropertyValueSpecification\",\"valueRequired\":true,\"valueName\":\"search_term_string\"}}],\"inLanguage\":\"es\"},{\"@type\":\"Organization\",\"@id\":\"https:\/\/finpros.com\/#organization\",\"name\":\"FinPros\",\"url\":\"https:\/\/finpros.com\/\",\"logo\":{\"@type\":\"ImageObject\",\"inLanguage\":\"es\",\"@id\":\"https:\/\/finpros.com\/#\/schema\/logo\/image\/\",\"url\":\"https:\/\/finpros.com\/wp-content\/uploads\/2025\/03\/FinPros-PNG-1.png\",\"contentUrl\":\"https:\/\/finpros.com\/wp-content\/uploads\/2025\/03\/FinPros-PNG-1.png\",\"width\":1050,\"height\":369,\"caption\":\"FinPros\"},\"image\":{\"@id\":\"https:\/\/finpros.com\/#\/schema\/logo\/image\/\"}}]}<\/script>\n<!-- \/ Yoast SEO plugin. -->","yoast_head_json":{"title":"Comercio - FinPros","robots":{"index":"index","follow":"follow","max-snippet":"max-snippet:-1","max-image-preview":"max-image-preview:large","max-video-preview":"max-video-preview:-1"},"canonical":"https:\/\/finpros.com\/es\/comercio\/","og_locale":"es_ES","og_type":"article","og_title":"Comercio - FinPros","og_description":"Pol\u00edtica de comerciante Finquotes Management LTD, una Compa\u00f1\u00eda constituida en Chipre con n\u00famero de registro HE433355, con domicilio social en Georgiou Gennadiou 10, Agathangelos Court, 3er piso, Apartamento 303, 3041, Limassol, Chipre, es designada como comerciante y vendedor de servicios, y tambi\u00e9n es el Representante Independiente Designado y Distribuidor de la entidad regulada.","og_url":"https:\/\/finpros.com\/es\/comercio\/","og_site_name":"FinPros","article_modified_time":"2025-06-23T09:32:06+00:00","twitter_card":"summary_large_image","schema":{"@context":"https:\/\/schema.org","@graph":[{"@type":"WebPage","@id":"https:\/\/finpros.com\/es\/comercio\/","url":"https:\/\/finpros.com\/es\/comercio\/","name":"Comercio - FinPros","isPartOf":{"@id":"https:\/\/finpros.com\/#website"},"datePublished":"2025-03-25T05:34:16+00:00","dateModified":"2025-06-23T09:32:06+00:00","breadcrumb":{"@id":"https:\/\/finpros.com\/es\/comercio\/#breadcrumb"},"inLanguage":"es","potentialAction":[{"@type":"ReadAction","target":["https:\/\/finpros.com\/es\/comercio\/"]}]},{"@type":"BreadcrumbList","@id":"https:\/\/finpros.com\/es\/comercio\/#breadcrumb","itemListElement":[{"@type":"ListItem","position":1,"name":"Inicio","item":"https:\/\/finpros.com\/"},{"@type":"ListItem","position":2,"name":"Comercio"}]},{"@type":"WebSite","@id":"https:\/\/finpros.com\/#website","url":"https:\/\/finpros.com\/","name":"FinPros","description":"","publisher":{"@id":"https:\/\/finpros.com\/#organization"},"potentialAction":[{"@type":"SearchAction","target":{"@type":"EntryPoint","urlTemplate":"https:\/\/finpros.com\/?s={search_term_string}"},"query-input":{"@type":"PropertyValueSpecification","valueRequired":true,"valueName":"search_term_string"}}],"inLanguage":"es"},{"@type":"Organization","@id":"https:\/\/finpros.com\/#organization","name":"FinPros","url":"https:\/\/finpros.com\/","logo":{"@type":"ImageObject","inLanguage":"es","@id":"https:\/\/finpros.com\/#\/schema\/logo\/image\/","url":"https:\/\/finpros.com\/wp-content\/uploads\/2025\/03\/FinPros-PNG-1.png","contentUrl":"https:\/\/finpros.com\/wp-content\/uploads\/2025\/03\/FinPros-PNG-1.png","width":1050,"height":369,"caption":"FinPros"},"image":{"@id":"https:\/\/finpros.com\/#\/schema\/logo\/image\/"}}]}},"_links":{"self":[{"href":"https:\/\/finpros.com\/es\/wp-json\/wp\/v2\/pages\/17262","targetHints":{"allow":["GET"]}}],"collection":[{"href":"https:\/\/finpros.com\/es\/wp-json\/wp\/v2\/pages"}],"about":[{"href":"https:\/\/finpros.com\/es\/wp-json\/wp\/v2\/types\/page"}],"author":[{"embeddable":true,"href":"https:\/\/finpros.com\/es\/wp-json\/wp\/v2\/users\/1"}],"replies":[{"embeddable":true,"href":"https:\/\/finpros.com\/es\/wp-json\/wp\/v2\/comments?post=17262"}],"version-history":[{"count":2,"href":"https:\/\/finpros.com\/es\/wp-json\/wp\/v2\/pages\/17262\/revisions"}],"predecessor-version":[{"id":18152,"href":"https:\/\/finpros.com\/es\/wp-json\/wp\/v2\/pages\/17262\/revisions\/18152"}],"wp:attachment":[{"href":"https:\/\/finpros.com\/es\/wp-json\/wp\/v2\/media?parent=17262"}],"curies":[{"name":"wp","href":"https:\/\/api.w.org\/{rel}","templated":true}]}}