{"id":17136,"date":"2023-05-15T20:13:23","date_gmt":"2023-05-15T20:13:23","guid":{"rendered":"https:\/\/finpros.com\/financiacion\/"},"modified":"2025-07-24T12:10:54","modified_gmt":"2025-07-24T12:10:54","slug":"financiacion","status":"publish","type":"page","link":"https:\/\/finpros.com\/es\/financiacion\/","title":{"rendered":"Financiaci\u00f3n"},"content":{"rendered":"\t\t<div data-elementor-type=\"wp-page\" data-elementor-id=\"17136\" class=\"elementor elementor-17136 elementor-1059\" data-elementor-post-type=\"page\">\n\t\t\t\t<div class=\"elementor-element elementor-element-785848bd e-con-full calculator-sub-banner e-flex e-con e-parent\" data-id=\"785848bd\" data-element_type=\"container\" data-settings=\"{&quot;background_background&quot;:&quot;classic&quot;}\">\n\t\t<div class=\"elementor-element elementor-element-dc0219a e-con-full e-flex e-con e-child\" data-id=\"dc0219a\" data-element_type=\"container\" data-settings=\"{&quot;background_background&quot;:&quot;classic&quot;}\">\n\t\t\t\t<div class=\"elementor-element elementor-element-51f7dd2 elementor-widget elementor-widget-heading\" data-id=\"51f7dd2\" data-element_type=\"widget\" data-widget_type=\"heading.default\">\n\t\t\t\t<div class=\"elementor-widget-container\">\n\t\t\t\t\t<h2 class=\"elementor-heading-title elementor-size-default\">Financiaci\u00f3n<\/h2>\t\t\t\t<\/div>\n\t\t\t\t<\/div>\n\t\t\t\t<div class=\"elementor-element elementor-element-680ba639 elementor-widget elementor-widget-heading\" data-id=\"680ba639\" data-element_type=\"widget\" data-widget_type=\"heading.default\">\n\t\t\t\t<div class=\"elementor-widget-container\">\n\t\t\t\t\t<p class=\"elementor-heading-title elementor-size-default\">Desde pasarelas locales a plataformas globales: experimenta soluciones de pago seguras, fiables y sin problemas, as\u00ed como retiradas r\u00e1pidas, adaptadas a cada operador.<\/p>\t\t\t\t<\/div>\n\t\t\t\t<\/div>\n\t\t\t\t<\/div>\n\t\t<div class=\"elementor-element elementor-element-17806869 e-con-full e-flex e-con e-child\" data-id=\"17806869\" data-element_type=\"container\">\n\t\t<div class=\"elementor-element elementor-element-1eaa0405 e-flex e-con-boxed e-con e-child\" data-id=\"1eaa0405\" data-element_type=\"container\">\n\t\t\t\t\t<div class=\"e-con-inner\">\n\t\t\t\t<div class=\"elementor-element elementor-element-2bd05ea5 elementor-align-left calc-banner-link bread-links elementor-widget elementor-widget-breadcrumbs\" data-id=\"2bd05ea5\" data-element_type=\"widget\" data-widget_type=\"breadcrumbs.default\">\n\t\t\t\t<div class=\"elementor-widget-container\">\n\t\t\t\t\t<p id=\"breadcrumbs\"><span><span><a href=\"https:\/\/finpros.com\/\">Inicio<\/a><\/span><\/span><\/p>\t\t\t\t<\/div>\n\t\t\t\t<\/div>\n\t\t\t\t\t<\/div>\n\t\t\t\t<\/div>\n\t\t\t\t<\/div>\n\t\t\t\t<\/div>\n\t\t\t\t<section class=\"elementor-section elementor-top-section elementor-element elementor-element-3c27147 elementor-section-boxed elementor-section-height-default elementor-section-height-default\" data-id=\"3c27147\" data-element_type=\"section\">\n\t\t\t\t\t\t<div class=\"elementor-container elementor-column-gap-default\">\n\t\t\t\t\t<div class=\"elementor-column elementor-col-100 elementor-top-column elementor-element elementor-element-37d145e\" data-id=\"37d145e\" data-element_type=\"column\">\n\t\t\t<div class=\"elementor-widget-wrap elementor-element-populated\">\n\t\t\t\t\t\t<div class=\"elementor-element elementor-element-42b6e29 funding-tbs e-n-tabs-mobile elementor-widget elementor-widget-n-tabs\" data-id=\"42b6e29\" data-element_type=\"widget\" data-settings=\"{&quot;tabs_justify_horizontal&quot;:&quot;start&quot;,&quot;horizontal_scroll&quot;:&quot;disable&quot;}\" data-widget_type=\"nested-tabs.default\">\n\t\t\t\t<div class=\"elementor-widget-container\">\n\t\t\t\t\t\t\t<div class=\"e-n-tabs\" data-widget-number=\"69955113\" aria-label=\"Pesta\u00f1as. Abre elementos con Intro o Espacio, ci\u00e9rralos con Escape y navega con las fechas.\">\n\t\t\t<div class=\"e-n-tabs-heading\" role=\"tablist\">\n\t\t\t\t\t<button id=\"e-n-tab-title-699551131\" class=\"e-n-tab-title\" aria-selected=\"true\" data-tab-index=\"1\" role=\"tab\" tabindex=\"0\" aria-controls=\"e-n-tab-content-699551131\" style=\"--n-tabs-title-order: 1;\">\n\t\t\t\t\t\t<span class=\"e-n-tab-title-text\">\n\t\t\t\tDep\u00f3sito\t\t\t<\/span>\n\t\t<\/button>\n\t\t\t\t<button id=\"e-n-tab-title-699551132\" class=\"e-n-tab-title\" aria-selected=\"false\" data-tab-index=\"2\" role=\"tab\" tabindex=\"-1\" aria-controls=\"e-n-tab-content-699551132\" style=\"--n-tabs-title-order: 2;\">\n\t\t\t\t\t\t<span class=\"e-n-tab-title-text\">\n\t\t\t\tRetiradas\t\t\t<\/span>\n\t\t<\/button>\n\t\t\t\t\t<\/div>\n\t\t\t<div class=\"e-n-tabs-content\">\n\t\t\t\t<div id=\"e-n-tab-content-699551131\" role=\"tabpanel\" aria-labelledby=\"e-n-tab-title-699551131\" data-tab-index=\"1\" style=\"--n-tabs-title-order: 1;\" class=\"e-active elementor-element elementor-element-337f7ba e-con-full e-flex e-con e-child\" data-id=\"337f7ba\" data-element_type=\"container\">\n\t\t\t\t<div class=\"elementor-element elementor-element-e1f7741 elementor-widget elementor-widget-text-editor\" data-id=\"e1f7741\" data-element_type=\"widget\" data-widget_type=\"text-editor.default\">\n\t\t\t\t<div class=\"elementor-widget-container\">\n\t\t\t\t\t\t\t\t\t<p>Encuentra los m\u00e9todos de financiaci\u00f3n m\u00e1s convenientes para empezar. Siempre intentamos que el proceso de financiaci\u00f3n y retirada de fondos te resulte m\u00e1s f\u00e1cil y r\u00e1pido, as\u00ed que si tienes alguna pregunta, ponte en contacto con nosotros. <\/p>\t\t\t\t\t\t\t\t<\/div>\n\t\t\t\t<\/div>\n\t\t\t\t<div class=\"elementor-element elementor-element-731aead elementor-widget elementor-widget-html\" data-id=\"731aead\" data-element_type=\"widget\" data-widget_type=\"html.default\">\n\t\t\t\t<div class=\"elementor-widget-container\">\n\t\t\t\t\t<div class=\"custom-funding-outer\">\r\n<table class=\"custom-deposit-table\">\r\n<thead>\r\n<tr>\r\n<th>Forma de pago<\/th>\r\n<th>Tiempo de procesamiento<\/th>\r\n<th>Comisi\u00f3n de dep\u00f3sito<\/th>\r\n<th>Divisas<\/th>\r\n<th><\/th>\r\n<\/tr>\r\n<\/thead>\r\n<tbody>\r\n<tr onclick=\"window.location='https:\/\/my.finpros.com\/login';\" style=\"cursor: pointer;\">\r\n<td><span class=\"tooltiptext\">Tarjetas de cr\u00e9dito\/d\u00e9bito<\/span><img decoding=\"async\" src=\"\/wp-content\/uploads\/2025\/03\/Credit-Card.webp\" alt=\"Tarjetas de cr\u00e9dito\/d\u00e9bito\" class=\"funding-tb-img\"><\/td>\r\n<td>Instant\u00e1neo<\/td>\r\n<td>0<\/td>\r\n<td>USD, EUR, GBP, JPY, CAD<\/td>\r\n<td><a href=\"https:\/\/my.finpros.com\/login\" class=\"theme-btn fund-btn\"><span>Financiar ahora<\/span><\/a><\/td>\r\n<\/tr>\r\n\r\n\r\n<tr onclick=\"window.location='https:\/\/my.finpros.com\/login';\" style=\"cursor: pointer;\">\r\n<td><span class=\"tooltiptext\">USDT<\/span><img decoding=\"async\" src=\"\/wp-content\/uploads\/2025\/03\/Crypto.webp\" alt=\"USDT\" class=\"funding-tb-img\"><\/td>\r\n<td>Instant\u00e1neo<\/td>\r\n<td>0<\/td>\r\n<td>USDT, ETH, BTC<\/td>\r\n<td><a href=\"https:\/\/my.finpros.com\/login\" class=\"theme-btn fund-btn\"><span>Financiar ahora<\/span><\/a><\/td>\r\n<\/tr>\r\n\r\n<tr onclick=\"window.location='https:\/\/my.finpros.com\/login';\" style=\"cursor: pointer;\">\r\n<td><span class=\"tooltiptext\">Sticpay<\/span><img decoding=\"async\" src=\"\/wp-content\/uploads\/2025\/03\/Sticpay.webp\" alt=\"Sticpay\" class=\"funding-tb-img\"><\/td>\r\n<td>Instant\u00e1neo<\/td>\r\n<td>0<\/td>\r\n<td>EUR, JPY, USD<\/td>\r\n<td><a href=\"https:\/\/my.finpros.com\/login\" class=\"theme-btn fund-btn\"><span>Financiar ahora<\/span><\/a><\/td>\r\n<\/tr>\r\n\r\n<!-- New Added -->\r\n\r\n<tr onclick=\"window.location='https:\/\/my.finpros.com\/login';\" style=\"cursor: pointer;\">\r\n<td><span class=\"tooltiptext\">Help2Pay<\/span><img decoding=\"async\" src=\"\/wp-content\/uploads\/2025\/04\/HelpToPay.webp\" alt=\"Help2Pay\" class=\"funding-tb-img\"><\/td>\r\n<td>Instant\u00e1neo<\/td>\r\n<td>0<\/td>\r\n<td>VND, THB, IDR, PHP, MYR  <\/td>\r\n<td><a href=\"https:\/\/my.finpros.com\/login\" class=\"theme-btn fund-btn\"><span>Financiar ahora<\/span><\/a><\/td>\r\n<\/tr>\r\n\r\n<tr onclick=\"window.location='https:\/\/my.finpros.com\/login';\" style=\"cursor: pointer;\">\r\n<td><span class=\"tooltiptext\">Transferencias bancarias<\/span><img decoding=\"async\" src=\"\/wp-content\/uploads\/2025\/03\/Bank-Wire.webp\" alt=\"Transferencias bancarias\" class=\"funding-tb-img\"><\/td>\r\n<td>3-5 d\u00edas<\/td>\r\n<td>0<\/td>\r\n<td>USD, EUR, GBP, JPY, CAD<\/td>\r\n<td><a href=\"https:\/\/my.finpros.com\/login\" class=\"theme-btn fund-btn\"><span>Financiar ahora<\/span><\/a><\/td>\r\n<\/tr>\r\n\r\n<tr onclick=\"window.location='https:\/\/my.finpros.com\/login';\" style=\"cursor: pointer;\">\r\n<td><span class=\"tooltiptext\">Interac<\/span><img decoding=\"async\" src=\"\/wp-content\/uploads\/2025\/04\/Interac.webp\" alt=\"Interac\" class=\"funding-tb-img\"><\/td>\r\n<td>Instant\u00e1neo<\/td>\r\n<td>0<\/td>\r\n<td>CAD<\/td>\r\n<td><a href=\"https:\/\/my.finpros.com\/login\" class=\"theme-btn fund-btn\"><span>Financiar ahora<\/span><\/a><\/td>\r\n<\/tr>\r\n\r\n<tr onclick=\"window.location='https:\/\/my.finpros.com\/login';\" style=\"cursor: pointer;\">\r\n<td><span class=\"tooltiptext\">IBAN virtual<\/span><img decoding=\"async\" src=\"\/wp-content\/uploads\/2025\/04\/V-Iban1.webp\" alt=\"IBAN virtual\" class=\"funding-tb-img\"><\/td>\r\n<td>Instant\u00e1neo<\/td>\r\n<td>0<\/td>\r\n<td>EUR (S\u00f3lo Europa)<\/td>\r\n<td><a href=\"https:\/\/my.finpros.com\/login\" class=\"theme-btn fund-btn\"><span>Financiar ahora<\/span><\/a><\/td>\r\n<\/tr>\r\n\r\n<!-- Add more rows as needed -->\r\n<\/tbody>\r\n<\/table>\r\n<\/div>\t\t\t\t<\/div>\n\t\t\t\t<\/div>\n\t\t\t\t<\/div>\n\t\t<div id=\"e-n-tab-content-699551132\" role=\"tabpanel\" aria-labelledby=\"e-n-tab-title-699551132\" data-tab-index=\"2\" style=\"--n-tabs-title-order: 2;\" class=\" elementor-element elementor-element-8e90bff e-con-full e-flex e-con e-child\" data-id=\"8e90bff\" data-element_type=\"container\">\n\t\t\t\t<div class=\"elementor-element elementor-element-bafa521 elementor-widget elementor-widget-text-editor\" data-id=\"bafa521\" data-element_type=\"widget\" data-widget_type=\"text-editor.default\">\n\t\t\t\t<div class=\"elementor-widget-container\">\n\t\t\t\t\t\t\t\t\t<p>Encuentra los m\u00e9todos de financiaci\u00f3n m\u00e1s convenientes para empezar. Siempre intentamos que el proceso de financiaci\u00f3n y retirada de fondos te resulte m\u00e1s f\u00e1cil y r\u00e1pido, as\u00ed que si tienes alguna pregunta, ponte en contacto con nosotros. <\/p>\t\t\t\t\t\t\t\t<\/div>\n\t\t\t\t<\/div>\n\t\t\t\t<div class=\"elementor-element elementor-element-b02df92 elementor-widget elementor-widget-html\" data-id=\"b02df92\" data-element_type=\"widget\" data-widget_type=\"html.default\">\n\t\t\t\t<div class=\"elementor-widget-container\">\n\t\t\t\t\t<div class=\"custom-funding-outer\">\r\n<table class=\"custom-deposit-table\">\r\n<thead>\r\n<tr>\r\n<th>Forma de pago<\/th>\r\n<th>Tiempo de procesamiento<\/th>\r\n<th>Comisi\u00f3n por retirada<\/th>\r\n<th>Divisas<\/th>\r\n<th><\/th>\r\n<\/tr>\r\n<\/thead>\r\n<tbody>\r\n<tr onclick=\"window.location='https:\/\/my.finpros.com\/login';\" style=\"cursor: pointer;\">\r\n<td><span class=\"tooltiptext\">Tarjetas de cr\u00e9dito\/d\u00e9bito<\/span><img decoding=\"async\" src=\"\/wp-content\/uploads\/2025\/03\/Credit-Card.webp\" alt=\"Tarjetas de cr\u00e9dito\/d\u00e9bito\" class=\"funding-tb-img\"><\/td>\r\n<td>24hrs<\/td>\r\n<td>0<\/td>\r\n<td>USD, EUR, GBP, JPY, CAD<\/td>\r\n<td><a href=\"https:\/\/my.finpros.com\/login\" class=\"theme-btn fund-btn\"><span>Retiradas<\/span><\/a><\/td>\r\n<\/tr>\r\n\r\n\r\n<tr onclick=\"window.location='https:\/\/my.finpros.com\/login';\" style=\"cursor: pointer;\">\r\n<td><span class=\"tooltiptext\">USDT<\/span><img decoding=\"async\" src=\"\/wp-content\/uploads\/2025\/03\/Crypto.webp\" alt=\"USDT\" class=\"funding-tb-img\"><\/td>\r\n<td>24hrs<\/td>\r\n<td>0<\/td>\r\n<td>USDT, ETH, BTC<\/td>\r\n<td><a href=\"https:\/\/my.finpros.com\/login\" class=\"theme-btn fund-btn\"><span>Retiradas<\/span><\/a><\/td>\r\n<\/tr>\r\n\r\n<tr onclick=\"window.location='https:\/\/my.finpros.com\/login';\" style=\"cursor: pointer;\">\r\n<td><span class=\"tooltiptext\">Sticpay<\/span><img decoding=\"async\" src=\"\/wp-content\/uploads\/2025\/03\/Sticpay.webp\" alt=\"Sticpay\" class=\"funding-tb-img\"><\/td>\r\n<td>24hrs<\/td>\r\n<td>0<\/td>\r\n<td>EUR, JPY, USD<\/td>\r\n<td><a href=\"https:\/\/my.finpros.com\/login\" class=\"theme-btn fund-btn\"><span>Retiradas<\/span><\/a><\/td>\r\n<\/tr>\r\n\r\n<!-- New Added -->\r\n\r\n<tr onclick=\"window.location='https:\/\/my.finpros.com\/login';\" style=\"cursor: pointer;\">\r\n<td><span class=\"tooltiptext\">Help2Pay<\/span><img decoding=\"async\" src=\"https:\/\/finpros.com\/wp-content\/uploads\/2025\/04\/HelpToPay.webp\" alt=\"Help2Pay\" class=\"funding-tb-img\"><\/td>\r\n<td>24hrs<\/td>\r\n<td>0<\/td>\r\n<td>VND, THB, IDR, PHP, MYR  <\/td>\r\n<td><a href=\"https:\/\/my.finpros.com\/login\" class=\"theme-btn fund-btn\"><span>Retiradas<\/span><\/a><\/td>\r\n<\/tr>\r\n\r\n<tr onclick=\"window.location='https:\/\/my.finpros.com\/login';\" style=\"cursor: pointer;\">\r\n<td><span class=\"tooltiptext\">Transferencias bancarias<\/span><img decoding=\"async\" src=\"\/wp-content\/uploads\/2025\/03\/Bank-Wire.webp\" alt=\"Transferencias bancarias\" class=\"funding-tb-img\"><\/td>\r\n<td>3-5 d\u00edas<\/td>\r\n<td>0<\/td>\r\n<td>USD, EUR, GBP, JPY, CAD<\/td>\r\n<td><a href=\"https:\/\/my.finpros.com\/login\" class=\"theme-btn fund-btn\"><span>Retiradas<\/span><\/a><\/td>\r\n<\/tr>\r\n\r\n<tr onclick=\"window.location='https:\/\/my.finpros.com\/login';\" style=\"cursor: pointer;\">\r\n<td><span class=\"tooltiptext\">Interac<\/span><img decoding=\"async\" src=\"\/wp-content\/uploads\/2025\/04\/Interac.webp\" alt=\"Interac\" class=\"funding-tb-img\"><\/td>\r\n<td>24hrs<\/td>\r\n<td>0<\/td>\r\n<td>CAD<\/td>\r\n<td><a href=\"https:\/\/my.finpros.com\/login\" class=\"theme-btn fund-btn\"><span>Retiradas<\/span><\/a><\/td>\r\n<\/tr>\r\n\r\n<tr onclick=\"window.location='https:\/\/my.finpros.com\/login';\" style=\"cursor: pointer;\">\r\n<td><span class=\"tooltiptext\">IBAN virtual<\/span><img decoding=\"async\" src=\"\/wp-content\/uploads\/2025\/04\/V-Iban1.webp\" alt=\"IBAN virtual\" class=\"funding-tb-img\"><\/td>\r\n<td>24hrs<\/td>\r\n<td>0<\/td>\r\n<td>EUR (S\u00f3lo Europa)<\/td>\r\n<td><a href=\"https:\/\/my.finpros.com\/login\" class=\"theme-btn fund-btn\"><span>Retiradas<\/span><\/a><\/td>\r\n<\/tr>\r\n\r\n<!-- Add more rows as needed -->\r\n<\/tbody>\r\n<\/table>\r\n<\/div>\t\t\t\t<\/div>\n\t\t\t\t<\/div>\n\t\t\t\t<\/div>\n\t\t\t\t\t<\/div>\n\t\t<\/div>\n\t\t\t\t\t\t<\/div>\n\t\t\t\t<\/div>\n\t\t\t\t\t<\/div>\n\t\t<\/div>\n\t\t\t\t\t<\/div>\n\t\t<\/section>\n\t\t<div class=\"elementor-element elementor-element-c6ef52b e-flex e-con-boxed e-con e-parent\" data-id=\"c6ef52b\" data-element_type=\"container\">\n\t\t\t\t\t<div class=\"e-con-inner\">\n\t\t<div class=\"elementor-element elementor-element-fd0484b e-con-full e-flex e-con e-child\" data-id=\"fd0484b\" data-element_type=\"container\">\n\t\t\t\t<div class=\"elementor-element elementor-element-9f3914b elementor-align-center elementor-hidden-desktop elementor-widget elementor-widget-button\" data-id=\"9f3914b\" data-element_type=\"widget\" data-widget_type=\"button.default\">\n\t\t\t\t<div class=\"elementor-widget-container\">\n\t\t\t\t\t\t\t\t\t<div class=\"elementor-button-wrapper\">\n\t\t\t\t\t<a class=\"elementor-button elementor-button-link elementor-size-sm\" href=\"https:\/\/my.finpros.com\/login\">\n\t\t\t\t\t\t<span class=\"elementor-button-content-wrapper\">\n\t\t\t\t\t\t<span class=\"elementor-button-icon\">\n\t\t\t\t<svg aria-hidden=\"true\" class=\"e-font-icon-svg e-fas-arrow-right\" viewBox=\"0 0 448 512\" xmlns=\"http:\/\/www.w3.org\/2000\/svg\"><path d=\"M190.5 66.9l22.2-22.2c9.4-9.4 24.6-9.4 33.9 0L441 239c9.4 9.4 9.4 24.6 0 33.9L246.6 467.3c-9.4 9.4-24.6 9.4-33.9 0l-22.2-22.2c-9.5-9.5-9.3-25 .4-34.3L311.4 296H24c-13.3 0-24-10.7-24-24v-32c0-13.3 10.7-24 24-24h287.4L190.9 101.2c-9.8-9.3-10-24.8-.4-34.3z\"><\/path><\/svg>\t\t\t<\/span>\n\t\t\t\t\t\t\t\t\t<span class=\"elementor-button-text\">Financiar ahora<\/span>\n\t\t\t\t\t<\/span>\n\t\t\t\t\t<\/a>\n\t\t\t\t<\/div>\n\t\t\t\t\t\t\t\t<\/div>\n\t\t\t\t<\/div>\n\t\t\t\t<\/div>\n\t\t\t\t<div class=\"elementor-element elementor-element-452d5e6 elementor-widget elementor-widget-text-editor\" data-id=\"452d5e6\" data-element_type=\"widget\" data-widget_type=\"text-editor.default\">\n\t\t\t\t<div class=\"elementor-widget-container\">\n\t\t\t\t\t\t\t\t\t<p>*Las retiradas se procesan normalmente en 24 horas, sujetas a las condiciones aplicables y al proveedor de servicios de pago.<\/p>\t\t\t\t\t\t\t\t<\/div>\n\t\t\t\t<\/div>\n\t\t\t\t<div class=\"elementor-element elementor-element-8a98701 elementor-widget elementor-widget-text-editor\" data-id=\"8a98701\" data-element_type=\"widget\" data-widget_type=\"text-editor.default\">\n\t\t\t\t<div class=\"elementor-widget-container\">\n\t\t\t\t\t\t\t\t\t<p>Para cualquier consulta sobre los m\u00e9todos de pago, ponte en contacto con nosotros en <a href=\"mailto:SupportPros@FinPros.com\">SupportPros@FinPros.com<\/a><\/p>\t\t\t\t\t\t\t\t<\/div>\n\t\t\t\t<\/div>\n\t\t\t\t<div class=\"elementor-element elementor-element-76ce3fe elementor-align-center btn-rs elementor-widget elementor-widget-button\" data-id=\"76ce3fe\" data-element_type=\"widget\" data-widget_type=\"button.default\">\n\t\t\t\t<div class=\"elementor-widget-container\">\n\t\t\t\t\t\t\t\t\t<div class=\"elementor-button-wrapper\">\n\t\t\t\t\t<a class=\"elementor-button elementor-button-link elementor-size-sm\" href=\"https:\/\/my.finpros.com\/register\/\">\n\t\t\t\t\t\t<span class=\"elementor-button-content-wrapper\">\n\t\t\t\t\t\t<span class=\"elementor-button-icon\">\n\t\t\t\t<svg aria-hidden=\"true\" class=\"e-font-icon-svg e-fas-arrow-right\" viewBox=\"0 0 448 512\" xmlns=\"http:\/\/www.w3.org\/2000\/svg\"><path d=\"M190.5 66.9l22.2-22.2c9.4-9.4 24.6-9.4 33.9 0L441 239c9.4 9.4 9.4 24.6 0 33.9L246.6 467.3c-9.4 9.4-24.6 9.4-33.9 0l-22.2-22.2c-9.5-9.5-9.3-25 .4-34.3L311.4 296H24c-13.3 0-24-10.7-24-24v-32c0-13.3 10.7-24 24-24h287.4L190.9 101.2c-9.8-9.3-10-24.8-.4-34.3z\"><\/path><\/svg>\t\t\t<\/span>\n\t\t\t\t\t\t\t\t\t<span class=\"elementor-button-text\">Empieza a operar ahora<\/span>\n\t\t\t\t\t<\/span>\n\t\t\t\t\t<\/a>\n\t\t\t\t<\/div>\n\t\t\t\t\t\t\t\t<\/div>\n\t\t\t\t<\/div>\n\t\t\t\t\t<\/div>\n\t\t\t\t<\/div>\n\t\t\t\t<\/div>\n\t\t","protected":false},"excerpt":{"rendered":"<p>Desde pasarelas locales a plataformas globales: experimenta soluciones de pago seguras, fiables y sin problemas, as\u00ed como retiradas r\u00e1pidas, adaptadas a cada operador. Dep\u00f3sito Retiradas Encuentra los m\u00e9todos de financiaci\u00f3n m\u00e1s convenientes para empezar. Siempre intentamos que el proceso de financiaci\u00f3n y retirada de fondos te resulte m\u00e1s f\u00e1cil y r\u00e1pido, as\u00ed que si tienes [&hellip;]<\/p>\n","protected":false},"author":1,"featured_media":0,"parent":0,"menu_order":0,"comment_status":"closed","ping_status":"closed","template":"tpl-default-elementor.php","meta":{"footnotes":""},"class_list":["post-17136","page","type-page","status-publish","hentry"],"yoast_head":"<!-- This site is optimized with the Yoast SEO plugin v25.0 - https:\/\/yoast.com\/wordpress\/plugins\/seo\/ -->\n<title>Financiaci\u00f3n - FinPros<\/title>\n<meta name=\"robots\" content=\"index, follow, max-snippet:-1, max-image-preview:large, max-video-preview:-1\" \/>\n<link rel=\"canonical\" href=\"https:\/\/finpros.com\/es\/financiacion\/\" \/>\n<meta property=\"og:locale\" content=\"es_ES\" \/>\n<meta property=\"og:type\" content=\"article\" \/>\n<meta property=\"og:title\" content=\"Financiaci\u00f3n - FinPros\" \/>\n<meta property=\"og:description\" content=\"Desde pasarelas locales a plataformas globales: experimenta soluciones de pago seguras, fiables y sin problemas, as\u00ed como retiradas r\u00e1pidas, adaptadas a cada operador. Dep\u00f3sito Retiradas Encuentra los m\u00e9todos de financiaci\u00f3n m\u00e1s convenientes para empezar. Siempre intentamos que el proceso de financiaci\u00f3n y retirada de fondos te resulte m\u00e1s f\u00e1cil y r\u00e1pido, as\u00ed que si tienes [&hellip;]\" \/>\n<meta property=\"og:url\" content=\"https:\/\/finpros.com\/es\/financiacion\/\" \/>\n<meta property=\"og:site_name\" content=\"FinPros\" \/>\n<meta property=\"article:modified_time\" content=\"2025-07-24T12:10:54+00:00\" \/>\n<meta property=\"og:image\" content=\"https:\/\/finpros.com\/wp-content\/uploads\/2025\/04\/HelpToPay.webp\" \/>\n<meta name=\"twitter:card\" content=\"summary_large_image\" \/>\n<meta name=\"twitter:label1\" content=\"Tiempo de lectura\" \/>\n\t<meta name=\"twitter:data1\" content=\"3 minuto\" \/>\n<script type=\"application\/ld+json\" class=\"yoast-schema-graph\">{\"@context\":\"https:\/\/schema.org\",\"@graph\":[{\"@type\":\"WebPage\",\"@id\":\"https:\/\/finpros.com\/es\/financiacion\/\",\"url\":\"https:\/\/finpros.com\/es\/financiacion\/\",\"name\":\"Financiaci\u00f3n - FinPros\",\"isPartOf\":{\"@id\":\"https:\/\/finpros.com\/#website\"},\"primaryImageOfPage\":{\"@id\":\"https:\/\/finpros.com\/es\/financiacion\/#primaryimage\"},\"image\":{\"@id\":\"https:\/\/finpros.com\/es\/financiacion\/#primaryimage\"},\"thumbnailUrl\":\"https:\/\/finpros.com\/wp-content\/uploads\/2025\/04\/HelpToPay.webp\",\"datePublished\":\"2023-05-15T20:13:23+00:00\",\"dateModified\":\"2025-07-24T12:10:54+00:00\",\"breadcrumb\":{\"@id\":\"https:\/\/finpros.com\/es\/financiacion\/#breadcrumb\"},\"inLanguage\":\"es\",\"potentialAction\":[{\"@type\":\"ReadAction\",\"target\":[\"https:\/\/finpros.com\/es\/financiacion\/\"]}]},{\"@type\":\"ImageObject\",\"inLanguage\":\"es\",\"@id\":\"https:\/\/finpros.com\/es\/financiacion\/#primaryimage\",\"url\":\"https:\/\/finpros.com\/wp-content\/uploads\/2025\/04\/HelpToPay.webp\",\"contentUrl\":\"https:\/\/finpros.com\/wp-content\/uploads\/2025\/04\/HelpToPay.webp\"},{\"@type\":\"BreadcrumbList\",\"@id\":\"https:\/\/finpros.com\/es\/financiacion\/#breadcrumb\",\"itemListElement\":[{\"@type\":\"ListItem\",\"position\":1,\"name\":\"Inicio\",\"item\":\"https:\/\/finpros.com\/\"},{\"@type\":\"ListItem\",\"position\":2,\"name\":\"Financiaci\u00f3n\"}]},{\"@type\":\"WebSite\",\"@id\":\"https:\/\/finpros.com\/#website\",\"url\":\"https:\/\/finpros.com\/\",\"name\":\"FinPros\",\"description\":\"\",\"publisher\":{\"@id\":\"https:\/\/finpros.com\/#organization\"},\"potentialAction\":[{\"@type\":\"SearchAction\",\"target\":{\"@type\":\"EntryPoint\",\"urlTemplate\":\"https:\/\/finpros.com\/?s={search_term_string}\"},\"query-input\":{\"@type\":\"PropertyValueSpecification\",\"valueRequired\":true,\"valueName\":\"search_term_string\"}}],\"inLanguage\":\"es\"},{\"@type\":\"Organization\",\"@id\":\"https:\/\/finpros.com\/#organization\",\"name\":\"FinPros\",\"url\":\"https:\/\/finpros.com\/\",\"logo\":{\"@type\":\"ImageObject\",\"inLanguage\":\"es\",\"@id\":\"https:\/\/finpros.com\/#\/schema\/logo\/image\/\",\"url\":\"https:\/\/finpros.com\/wp-content\/uploads\/2025\/03\/FinPros-PNG-1.png\",\"contentUrl\":\"https:\/\/finpros.com\/wp-content\/uploads\/2025\/03\/FinPros-PNG-1.png\",\"width\":1050,\"height\":369,\"caption\":\"FinPros\"},\"image\":{\"@id\":\"https:\/\/finpros.com\/#\/schema\/logo\/image\/\"}}]}<\/script>\n<!-- \/ Yoast SEO plugin. -->","yoast_head_json":{"title":"Financiaci\u00f3n - FinPros","robots":{"index":"index","follow":"follow","max-snippet":"max-snippet:-1","max-image-preview":"max-image-preview:large","max-video-preview":"max-video-preview:-1"},"canonical":"https:\/\/finpros.com\/es\/financiacion\/","og_locale":"es_ES","og_type":"article","og_title":"Financiaci\u00f3n - FinPros","og_description":"Desde pasarelas locales a plataformas globales: experimenta soluciones de pago seguras, fiables y sin problemas, as\u00ed como retiradas r\u00e1pidas, adaptadas a cada operador. Dep\u00f3sito Retiradas Encuentra los m\u00e9todos de financiaci\u00f3n m\u00e1s convenientes para empezar. Siempre intentamos que el proceso de financiaci\u00f3n y retirada de fondos te resulte m\u00e1s f\u00e1cil y r\u00e1pido, as\u00ed que si tienes [&hellip;]","og_url":"https:\/\/finpros.com\/es\/financiacion\/","og_site_name":"FinPros","article_modified_time":"2025-07-24T12:10:54+00:00","og_image":[{"url":"https:\/\/finpros.com\/wp-content\/uploads\/2025\/04\/HelpToPay.webp","type":"","width":"","height":""}],"twitter_card":"summary_large_image","twitter_misc":{"Tiempo de lectura":"3 minuto"},"schema":{"@context":"https:\/\/schema.org","@graph":[{"@type":"WebPage","@id":"https:\/\/finpros.com\/es\/financiacion\/","url":"https:\/\/finpros.com\/es\/financiacion\/","name":"Financiaci\u00f3n - FinPros","isPartOf":{"@id":"https:\/\/finpros.com\/#website"},"primaryImageOfPage":{"@id":"https:\/\/finpros.com\/es\/financiacion\/#primaryimage"},"image":{"@id":"https:\/\/finpros.com\/es\/financiacion\/#primaryimage"},"thumbnailUrl":"https:\/\/finpros.com\/wp-content\/uploads\/2025\/04\/HelpToPay.webp","datePublished":"2023-05-15T20:13:23+00:00","dateModified":"2025-07-24T12:10:54+00:00","breadcrumb":{"@id":"https:\/\/finpros.com\/es\/financiacion\/#breadcrumb"},"inLanguage":"es","potentialAction":[{"@type":"ReadAction","target":["https:\/\/finpros.com\/es\/financiacion\/"]}]},{"@type":"ImageObject","inLanguage":"es","@id":"https:\/\/finpros.com\/es\/financiacion\/#primaryimage","url":"https:\/\/finpros.com\/wp-content\/uploads\/2025\/04\/HelpToPay.webp","contentUrl":"https:\/\/finpros.com\/wp-content\/uploads\/2025\/04\/HelpToPay.webp"},{"@type":"BreadcrumbList","@id":"https:\/\/finpros.com\/es\/financiacion\/#breadcrumb","itemListElement":[{"@type":"ListItem","position":1,"name":"Inicio","item":"https:\/\/finpros.com\/"},{"@type":"ListItem","position":2,"name":"Financiaci\u00f3n"}]},{"@type":"WebSite","@id":"https:\/\/finpros.com\/#website","url":"https:\/\/finpros.com\/","name":"FinPros","description":"","publisher":{"@id":"https:\/\/finpros.com\/#organization"},"potentialAction":[{"@type":"SearchAction","target":{"@type":"EntryPoint","urlTemplate":"https:\/\/finpros.com\/?s={search_term_string}"},"query-input":{"@type":"PropertyValueSpecification","valueRequired":true,"valueName":"search_term_string"}}],"inLanguage":"es"},{"@type":"Organization","@id":"https:\/\/finpros.com\/#organization","name":"FinPros","url":"https:\/\/finpros.com\/","logo":{"@type":"ImageObject","inLanguage":"es","@id":"https:\/\/finpros.com\/#\/schema\/logo\/image\/","url":"https:\/\/finpros.com\/wp-content\/uploads\/2025\/03\/FinPros-PNG-1.png","contentUrl":"https:\/\/finpros.com\/wp-content\/uploads\/2025\/03\/FinPros-PNG-1.png","width":1050,"height":369,"caption":"FinPros"},"image":{"@id":"https:\/\/finpros.com\/#\/schema\/logo\/image\/"}}]}},"_links":{"self":[{"href":"https:\/\/finpros.com\/es\/wp-json\/wp\/v2\/pages\/17136","targetHints":{"allow":["GET"]}}],"collection":[{"href":"https:\/\/finpros.com\/es\/wp-json\/wp\/v2\/pages"}],"about":[{"href":"https:\/\/finpros.com\/es\/wp-json\/wp\/v2\/types\/page"}],"author":[{"embeddable":true,"href":"https:\/\/finpros.com\/es\/wp-json\/wp\/v2\/users\/1"}],"replies":[{"embeddable":true,"href":"https:\/\/finpros.com\/es\/wp-json\/wp\/v2\/comments?post=17136"}],"version-history":[{"count":6,"href":"https:\/\/finpros.com\/es\/wp-json\/wp\/v2\/pages\/17136\/revisions"}],"predecessor-version":[{"id":18732,"href":"https:\/\/finpros.com\/es\/wp-json\/wp\/v2\/pages\/17136\/revisions\/18732"}],"wp:attachment":[{"href":"https:\/\/finpros.com\/es\/wp-json\/wp\/v2\/media?parent=17136"}],"curies":[{"name":"wp","href":"https:\/\/api.w.org\/{rel}","templated":true}]}}