{"id":17066,"date":"2025-03-20T14:17:41","date_gmt":"2025-03-20T14:17:41","guid":{"rendered":"https:\/\/finpros.com\/politica-de-cookies-y-privacidad\/"},"modified":"2025-06-19T10:16:41","modified_gmt":"2025-06-19T10:16:41","slug":"politica-de-cookies-y-privacidad","status":"publish","type":"page","link":"https:\/\/finpros.com\/es\/politica-de-cookies-y-privacidad\/","title":{"rendered":"Pol\u00edtica de Cookies y Privacidad"},"content":{"rendered":"\t\t<div data-elementor-type=\"wp-page\" data-elementor-id=\"17066\" class=\"elementor elementor-17066 elementor-3\" data-elementor-post-type=\"page\">\n\t\t\t\t<div class=\"elementor-element elementor-element-389cda44 e-con-full calculator-sub-banner e-flex e-con e-parent\" data-id=\"389cda44\" data-element_type=\"container\" data-settings=\"{&quot;background_background&quot;:&quot;classic&quot;}\">\n\t\t<div class=\"elementor-element elementor-element-40d4770e e-flex e-con-boxed e-con e-child\" data-id=\"40d4770e\" data-element_type=\"container\" data-settings=\"{&quot;background_background&quot;:&quot;classic&quot;}\">\n\t\t\t\t\t<div class=\"e-con-inner\">\n\t\t\t\t<div class=\"elementor-element elementor-element-4dbf8b8c elementor-widget elementor-widget-heading\" data-id=\"4dbf8b8c\" data-element_type=\"widget\" data-widget_type=\"heading.default\">\n\t\t\t\t<div class=\"elementor-widget-container\">\n\t\t\t\t\t<h2 class=\"elementor-heading-title elementor-size-default\">Pol\u00edtica de Cookies y Privacidad<\/h2>\t\t\t\t<\/div>\n\t\t\t\t<\/div>\n\t\t\t\t\t<\/div>\n\t\t\t\t<\/div>\n\t\t<div class=\"elementor-element elementor-element-2953e584 e-con-full e-flex e-con e-child\" data-id=\"2953e584\" data-element_type=\"container\">\n\t\t<div class=\"elementor-element elementor-element-5e0d64fd e-flex e-con-boxed e-con e-child\" data-id=\"5e0d64fd\" data-element_type=\"container\">\n\t\t\t\t\t<div class=\"e-con-inner\">\n\t\t\t\t<div class=\"elementor-element elementor-element-45767c elementor-align-left calc-banner-link bread-links elementor-widget elementor-widget-breadcrumbs\" data-id=\"45767c\" data-element_type=\"widget\" data-widget_type=\"breadcrumbs.default\">\n\t\t\t\t<div class=\"elementor-widget-container\">\n\t\t\t\t\t<p id=\"breadcrumbs\"><span><span><a href=\"https:\/\/finpros.com\/\">Inicio<\/a><\/span><\/span><\/p>\t\t\t\t<\/div>\n\t\t\t\t<\/div>\n\t\t\t\t\t<\/div>\n\t\t\t\t<\/div>\n\t\t\t\t<\/div>\n\t\t\t\t<\/div>\n\t\t<div class=\"elementor-element elementor-element-5fe6c9ea e-flex e-con-boxed e-con e-parent\" data-id=\"5fe6c9ea\" data-element_type=\"container\">\n\t\t\t\t\t<div class=\"e-con-inner\">\n\t\t\t\t<div class=\"elementor-element elementor-element-7baa9b78 elementor-widget elementor-widget-text-editor\" data-id=\"7baa9b78\" data-element_type=\"widget\" data-widget_type=\"text-editor.default\">\n\t\t\t\t<div class=\"elementor-widget-container\">\n\t\t\t\t\t\t\t\t\t\n<h2 class=\"wp-block-heading\" style=\"margin-bottom: 10px;\">Pol\u00edtica de Cookies y Privacidad<\/h2>\n\n<p>  FinPros utiliza cookies para mejorar la experiencia del usuario y el rendimiento del sitio, ofrecer publicidad adaptada a sus intereses y permitir el intercambio en redes sociales. Cuando sea requerido por la ley aplicable, obtendremos su consentimiento antes de colocar cualquier cookie en su dispositivo que no sea estrictamente necesaria para el funcionamiento de nuestro(s) sitio(s) web. Obtenga m\u00e1s informaci\u00f3n sobre nuestras cookies y c\u00f3mo modificar sus preferencias en nuestro <a href=\"https:\/\/pdf.finpros.com\/wp-content\/uploads\/2024\/01\/FinPros.com-Cookies-Policy.pdf\" target=\"_blank\" rel=\"noreferrer noopener\">\u201cAviso de Cookies\u201d<\/a> y <a href=\"https:\/\/pdf.finpros.com\/wp-content\/uploads\/2024\/01\/FinPros.com-Privacy-Policy.pdf\" target=\"_blank\" rel=\"noreferrer noopener\">\u201cPol\u00edtica de Privacidad\u201d<\/a>.  <\/p>\n\t\t\t\t\t\t\t\t<\/div>\n\t\t\t\t<\/div>\n\t\t\t\t\t<\/div>\n\t\t\t\t<\/div>\n\t\t\t\t<\/div>\n\t\t","protected":false},"excerpt":{"rendered":"<p>Pol\u00edtica de Cookies y Privacidad FinPros utiliza cookies para mejorar la experiencia del usuario y el rendimiento del sitio, ofrecer publicidad adaptada a sus intereses y permitir el intercambio en redes sociales. Cuando sea requerido por la ley aplicable, obtendremos su consentimiento antes de colocar cualquier cookie en su dispositivo que no sea estrictamente necesaria [&hellip;]<\/p>\n","protected":false},"author":1,"featured_media":0,"parent":0,"menu_order":0,"comment_status":"closed","ping_status":"closed","template":"tpl-default-elementor.php","meta":{"footnotes":""},"class_list":["post-17066","page","type-page","status-publish","hentry"],"yoast_head":"<!-- This site is optimized with the Yoast SEO plugin v25.0 - https:\/\/yoast.com\/wordpress\/plugins\/seo\/ -->\n<title>Pol\u00edtica de Cookies y Privacidad - FinPros<\/title>\n<meta name=\"robots\" content=\"index, follow, max-snippet:-1, max-image-preview:large, max-video-preview:-1\" \/>\n<link rel=\"canonical\" href=\"https:\/\/finpros.com\/es\/politica-de-cookies-y-privacidad\/\" \/>\n<meta property=\"og:locale\" content=\"es_ES\" \/>\n<meta property=\"og:type\" content=\"article\" \/>\n<meta property=\"og:title\" content=\"Pol\u00edtica de Cookies y Privacidad - FinPros\" \/>\n<meta property=\"og:description\" content=\"Pol\u00edtica de Cookies y Privacidad FinPros utiliza cookies para mejorar la experiencia del usuario y el rendimiento del sitio, ofrecer publicidad adaptada a sus intereses y permitir el intercambio en redes sociales. Cuando sea requerido por la ley aplicable, obtendremos su consentimiento antes de colocar cualquier cookie en su dispositivo que no sea estrictamente necesaria [&hellip;]\" \/>\n<meta property=\"og:url\" content=\"https:\/\/finpros.com\/es\/politica-de-cookies-y-privacidad\/\" \/>\n<meta property=\"og:site_name\" content=\"FinPros\" \/>\n<meta property=\"article:modified_time\" content=\"2025-06-19T10:16:41+00:00\" \/>\n<meta name=\"twitter:card\" content=\"summary_large_image\" \/>\n<script type=\"application\/ld+json\" class=\"yoast-schema-graph\">{\"@context\":\"https:\/\/schema.org\",\"@graph\":[{\"@type\":\"WebPage\",\"@id\":\"https:\/\/finpros.com\/es\/politica-de-cookies-y-privacidad\/\",\"url\":\"https:\/\/finpros.com\/es\/politica-de-cookies-y-privacidad\/\",\"name\":\"Pol\u00edtica de Cookies y Privacidad - FinPros\",\"isPartOf\":{\"@id\":\"https:\/\/finpros.com\/#website\"},\"datePublished\":\"2025-03-20T14:17:41+00:00\",\"dateModified\":\"2025-06-19T10:16:41+00:00\",\"breadcrumb\":{\"@id\":\"https:\/\/finpros.com\/es\/politica-de-cookies-y-privacidad\/#breadcrumb\"},\"inLanguage\":\"es\",\"potentialAction\":[{\"@type\":\"ReadAction\",\"target\":[\"https:\/\/finpros.com\/es\/politica-de-cookies-y-privacidad\/\"]}]},{\"@type\":\"BreadcrumbList\",\"@id\":\"https:\/\/finpros.com\/es\/politica-de-cookies-y-privacidad\/#breadcrumb\",\"itemListElement\":[{\"@type\":\"ListItem\",\"position\":1,\"name\":\"Inicio\",\"item\":\"https:\/\/finpros.com\/\"},{\"@type\":\"ListItem\",\"position\":2,\"name\":\"Pol\u00edtica de Cookies y Privacidad\"}]},{\"@type\":\"WebSite\",\"@id\":\"https:\/\/finpros.com\/#website\",\"url\":\"https:\/\/finpros.com\/\",\"name\":\"FinPros\",\"description\":\"\",\"publisher\":{\"@id\":\"https:\/\/finpros.com\/#organization\"},\"potentialAction\":[{\"@type\":\"SearchAction\",\"target\":{\"@type\":\"EntryPoint\",\"urlTemplate\":\"https:\/\/finpros.com\/?s={search_term_string}\"},\"query-input\":{\"@type\":\"PropertyValueSpecification\",\"valueRequired\":true,\"valueName\":\"search_term_string\"}}],\"inLanguage\":\"es\"},{\"@type\":\"Organization\",\"@id\":\"https:\/\/finpros.com\/#organization\",\"name\":\"FinPros\",\"url\":\"https:\/\/finpros.com\/\",\"logo\":{\"@type\":\"ImageObject\",\"inLanguage\":\"es\",\"@id\":\"https:\/\/finpros.com\/#\/schema\/logo\/image\/\",\"url\":\"https:\/\/finpros.com\/wp-content\/uploads\/2025\/03\/FinPros-PNG-1.png\",\"contentUrl\":\"https:\/\/finpros.com\/wp-content\/uploads\/2025\/03\/FinPros-PNG-1.png\",\"width\":1050,\"height\":369,\"caption\":\"FinPros\"},\"image\":{\"@id\":\"https:\/\/finpros.com\/#\/schema\/logo\/image\/\"}}]}<\/script>\n<!-- \/ Yoast SEO plugin. -->","yoast_head_json":{"title":"Pol\u00edtica de Cookies y Privacidad - FinPros","robots":{"index":"index","follow":"follow","max-snippet":"max-snippet:-1","max-image-preview":"max-image-preview:large","max-video-preview":"max-video-preview:-1"},"canonical":"https:\/\/finpros.com\/es\/politica-de-cookies-y-privacidad\/","og_locale":"es_ES","og_type":"article","og_title":"Pol\u00edtica de Cookies y Privacidad - FinPros","og_description":"Pol\u00edtica de Cookies y Privacidad FinPros utiliza cookies para mejorar la experiencia del usuario y el rendimiento del sitio, ofrecer publicidad adaptada a sus intereses y permitir el intercambio en redes sociales. Cuando sea requerido por la ley aplicable, obtendremos su consentimiento antes de colocar cualquier cookie en su dispositivo que no sea estrictamente necesaria [&hellip;]","og_url":"https:\/\/finpros.com\/es\/politica-de-cookies-y-privacidad\/","og_site_name":"FinPros","article_modified_time":"2025-06-19T10:16:41+00:00","twitter_card":"summary_large_image","schema":{"@context":"https:\/\/schema.org","@graph":[{"@type":"WebPage","@id":"https:\/\/finpros.com\/es\/politica-de-cookies-y-privacidad\/","url":"https:\/\/finpros.com\/es\/politica-de-cookies-y-privacidad\/","name":"Pol\u00edtica de Cookies y Privacidad - FinPros","isPartOf":{"@id":"https:\/\/finpros.com\/#website"},"datePublished":"2025-03-20T14:17:41+00:00","dateModified":"2025-06-19T10:16:41+00:00","breadcrumb":{"@id":"https:\/\/finpros.com\/es\/politica-de-cookies-y-privacidad\/#breadcrumb"},"inLanguage":"es","potentialAction":[{"@type":"ReadAction","target":["https:\/\/finpros.com\/es\/politica-de-cookies-y-privacidad\/"]}]},{"@type":"BreadcrumbList","@id":"https:\/\/finpros.com\/es\/politica-de-cookies-y-privacidad\/#breadcrumb","itemListElement":[{"@type":"ListItem","position":1,"name":"Inicio","item":"https:\/\/finpros.com\/"},{"@type":"ListItem","position":2,"name":"Pol\u00edtica de Cookies y Privacidad"}]},{"@type":"WebSite","@id":"https:\/\/finpros.com\/#website","url":"https:\/\/finpros.com\/","name":"FinPros","description":"","publisher":{"@id":"https:\/\/finpros.com\/#organization"},"potentialAction":[{"@type":"SearchAction","target":{"@type":"EntryPoint","urlTemplate":"https:\/\/finpros.com\/?s={search_term_string}"},"query-input":{"@type":"PropertyValueSpecification","valueRequired":true,"valueName":"search_term_string"}}],"inLanguage":"es"},{"@type":"Organization","@id":"https:\/\/finpros.com\/#organization","name":"FinPros","url":"https:\/\/finpros.com\/","logo":{"@type":"ImageObject","inLanguage":"es","@id":"https:\/\/finpros.com\/#\/schema\/logo\/image\/","url":"https:\/\/finpros.com\/wp-content\/uploads\/2025\/03\/FinPros-PNG-1.png","contentUrl":"https:\/\/finpros.com\/wp-content\/uploads\/2025\/03\/FinPros-PNG-1.png","width":1050,"height":369,"caption":"FinPros"},"image":{"@id":"https:\/\/finpros.com\/#\/schema\/logo\/image\/"}}]}},"_links":{"self":[{"href":"https:\/\/finpros.com\/es\/wp-json\/wp\/v2\/pages\/17066","targetHints":{"allow":["GET"]}}],"collection":[{"href":"https:\/\/finpros.com\/es\/wp-json\/wp\/v2\/pages"}],"about":[{"href":"https:\/\/finpros.com\/es\/wp-json\/wp\/v2\/types\/page"}],"author":[{"embeddable":true,"href":"https:\/\/finpros.com\/es\/wp-json\/wp\/v2\/users\/1"}],"replies":[{"embeddable":true,"href":"https:\/\/finpros.com\/es\/wp-json\/wp\/v2\/comments?post=17066"}],"version-history":[{"count":1,"href":"https:\/\/finpros.com\/es\/wp-json\/wp\/v2\/pages\/17066\/revisions"}],"predecessor-version":[{"id":17070,"href":"https:\/\/finpros.com\/es\/wp-json\/wp\/v2\/pages\/17066\/revisions\/17070"}],"wp:attachment":[{"href":"https:\/\/finpros.com\/es\/wp-json\/wp\/v2\/media?parent=17066"}],"curies":[{"name":"wp","href":"https:\/\/api.w.org\/{rel}","templated":true}]}}