{"id":19311,"date":"2023-03-14T08:27:41","date_gmt":"2023-03-14T08:27:41","guid":{"rendered":"https:\/\/finpros.com\/trhy\/"},"modified":"2025-11-21T15:48:50","modified_gmt":"2025-11-21T15:48:50","slug":"trhy","status":"publish","type":"page","link":"https:\/\/finpros.com\/cs\/trhy\/","title":{"rendered":"Trhy"},"content":{"rendered":"\t\t<div data-elementor-type=\"wp-page\" data-elementor-id=\"19311\" class=\"elementor elementor-19311 elementor-27\" data-elementor-post-type=\"page\">\n\t\t\t\t<div class=\"elementor-element elementor-element-ce5aae7 e-con-full calculator-sub-banner e-flex e-con e-parent\" data-id=\"ce5aae7\" data-element_type=\"container\" data-settings=\"{&quot;background_background&quot;:&quot;classic&quot;}\">\n\t\t<div class=\"elementor-element elementor-element-4168424f e-con-full e-flex e-con e-child\" data-id=\"4168424f\" data-element_type=\"container\" data-settings=\"{&quot;background_background&quot;:&quot;classic&quot;}\">\n\t\t\t\t<div class=\"elementor-element elementor-element-4a2f1119 elementor-widget elementor-widget-heading\" data-id=\"4a2f1119\" data-element_type=\"widget\" data-widget_type=\"heading.default\">\n\t\t\t\t<div class=\"elementor-widget-container\">\n\t\t\t\t\t<h2 class=\"elementor-heading-title elementor-size-default\">Trhy<\/h2>\t\t\t\t<\/div>\n\t\t\t\t<\/div>\n\t\t\t\t<div class=\"elementor-element elementor-element-bbe5685 elementor-widget elementor-widget-heading\" data-id=\"bbe5685\" data-element_type=\"widget\" data-widget_type=\"heading.default\">\n\t\t\t\t<div class=\"elementor-widget-container\">\n\t\t\t\t\t<p class=\"elementor-heading-title elementor-size-default\">Ovl\u00e1dn\u011bte trhy s p\u0159ehledem a p\u0159esnost\u00ed<\/p>\t\t\t\t<\/div>\n\t\t\t\t<\/div>\n\t\t\t\t<\/div>\n\t\t<div class=\"elementor-element elementor-element-372e79be e-con-full e-flex e-con e-child\" data-id=\"372e79be\" data-element_type=\"container\">\n\t\t<div class=\"elementor-element elementor-element-57ffb265 e-flex e-con-boxed e-con e-child\" data-id=\"57ffb265\" data-element_type=\"container\">\n\t\t\t\t\t<div class=\"e-con-inner\">\n\t\t\t\t<div class=\"elementor-element elementor-element-42978780 elementor-align-left calc-banner-link bread-links elementor-widget elementor-widget-breadcrumbs\" data-id=\"42978780\" data-element_type=\"widget\" data-widget_type=\"breadcrumbs.default\">\n\t\t\t\t<div class=\"elementor-widget-container\">\n\t\t\t\t\t<p id=\"breadcrumbs\"><span><span><a href=\"https:\/\/finpros.com\/\">Home<\/a><\/span><\/span><\/p>\t\t\t\t<\/div>\n\t\t\t\t<\/div>\n\t\t\t\t\t<\/div>\n\t\t\t\t<\/div>\n\t\t\t\t<\/div>\n\t\t\t\t<\/div>\n\t\t<div class=\"elementor-element elementor-element-30a4f0a3 e-flex e-con-boxed e-con e-parent\" data-id=\"30a4f0a3\" data-element_type=\"container\">\n\t\t\t\t\t<div class=\"e-con-inner\">\n\t\t<div class=\"elementor-element elementor-element-1b43f3d9 e-con-full e-flex e-con e-child\" data-id=\"1b43f3d9\" data-element_type=\"container\">\n\t\t<div class=\"elementor-element elementor-element-63e69355 e-grid e-con-full e-con e-child\" data-id=\"63e69355\" data-element_type=\"container\">\n\t\t\t\t<div class=\"elementor-element elementor-element-79ba2055 elementor-cta--valign-middle elementor-bg-transform elementor-bg-transform-move-up cal-tab-cs market-bx-cs elementor-widget__width-initial elementor-cta--skin-classic elementor-animated-content elementor-widget elementor-widget-call-to-action\" data-id=\"79ba2055\" data-element_type=\"widget\" data-widget_type=\"call-to-action.default\">\n\t\t\t\t<div class=\"elementor-widget-container\">\n\t\t\t\t\t\t\t<div class=\"elementor-cta\">\n\t\t\t\t\t<div class=\"elementor-cta__bg-wrapper\">\n\t\t\t\t<div class=\"elementor-cta__bg elementor-bg\" style=\"background-image: url(https:\/\/finpros.com\/wp-content\/uploads\/2023\/03\/Forex@4x-1024x621.png);\" role=\"img\" aria-label=\"Forex@4x\"><\/div>\n\t\t\t\t<div class=\"elementor-cta__bg-overlay\"><\/div>\n\t\t\t<\/div>\n\t\t\t\t\t\t\t<div class=\"elementor-cta__content\">\n\t\t\t\t\n\t\t\t\t\t\t\t\t\t<h2 class=\"elementor-cta__title elementor-cta__content-item elementor-content-item\">\n\t\t\t\t\t\tObchodov\u00e1n\u00ed na Forexu\t\t\t\t\t<\/h2>\n\t\t\t\t\n\t\t\t\t\t\t\t\t\t<div class=\"elementor-cta__description elementor-cta__content-item elementor-content-item\">\n\t\t\t\t\t\tZ\u00edskejte p\u0159\u00edstup ke glob\u00e1ln\u00edm m\u011bnov\u00fdm trh\u016fm s rychlou realizac\u00ed...\t\t\t\t\t<\/div>\n\t\t\t\t\n\t\t\t\t\t\t\t\t\t<div class=\"elementor-cta__button-wrapper elementor-cta__content-item elementor-content-item \">\n\t\t\t\t\t<a class=\"elementor-cta__button elementor-button elementor-size-\" href=\"https:\/\/finpros.com\/cs\/forex\/\">\n\t\t\t\t\t\tP\u0159e\u010dt\u011bte si v\u00edce\t\t\t\t\t<\/a>\n\t\t\t\t\t<\/div>\n\t\t\t\t\t\t\t<\/div>\n\t\t\t\t\t\t<\/div>\n\t\t\t\t\t\t<\/div>\n\t\t\t\t<\/div>\n\t\t\t\t<div class=\"elementor-element elementor-element-41d552be elementor-bg-transform elementor-bg-transform-move-up cal-tab-cs market-bx-cs elementor-cta--valign-middle elementor-widget__width-initial elementor-cta--skin-classic elementor-animated-content elementor-widget elementor-widget-call-to-action\" data-id=\"41d552be\" data-element_type=\"widget\" data-widget_type=\"call-to-action.default\">\n\t\t\t\t<div class=\"elementor-widget-container\">\n\t\t\t\t\t\t\t<div class=\"elementor-cta\">\n\t\t\t\t\t<div class=\"elementor-cta__bg-wrapper\">\n\t\t\t\t<div class=\"elementor-cta__bg elementor-bg\" style=\"background-image: url(https:\/\/finpros.com\/wp-content\/uploads\/2023\/03\/Indices@4x-1024x621.png);\" role=\"img\" aria-label=\"Indices@4x\"><\/div>\n\t\t\t\t<div class=\"elementor-cta__bg-overlay\"><\/div>\n\t\t\t<\/div>\n\t\t\t\t\t\t\t<div class=\"elementor-cta__content\">\n\t\t\t\t\n\t\t\t\t\t\t\t\t\t<h2 class=\"elementor-cta__title elementor-cta__content-item elementor-content-item\">\n\t\t\t\t\t\tObchodn\u00ed indexy\t\t\t\t\t<\/h2>\n\t\t\t\t\n\t\t\t\t\t\t\t\t\t<div class=\"elementor-cta__description elementor-cta__content-item elementor-content-item\">\n\t\t\t\t\t\tVyu\u017eijte cenov\u00e9 pohyby v nejv\u00fdznamn\u011bj\u0161\u00edch sv\u011btov\u00fdch...\t\t\t\t\t<\/div>\n\t\t\t\t\n\t\t\t\t\t\t\t\t\t<div class=\"elementor-cta__button-wrapper elementor-cta__content-item elementor-content-item \">\n\t\t\t\t\t<a class=\"elementor-cta__button elementor-button elementor-size-\" href=\"https:\/\/finpros.com\/cs\/indexy\/\">\n\t\t\t\t\t\tP\u0159e\u010dt\u011bte si v\u00edce\t\t\t\t\t<\/a>\n\t\t\t\t\t<\/div>\n\t\t\t\t\t\t\t<\/div>\n\t\t\t\t\t\t<\/div>\n\t\t\t\t\t\t<\/div>\n\t\t\t\t<\/div>\n\t\t\t\t<div class=\"elementor-element elementor-element-423b1f46 elementor-bg-transform elementor-bg-transform-move-up cal-tab-cs market-bx-cs elementor-cta--valign-middle elementor-widget__width-initial elementor-cta--skin-classic elementor-animated-content elementor-widget elementor-widget-call-to-action\" data-id=\"423b1f46\" data-element_type=\"widget\" data-widget_type=\"call-to-action.default\">\n\t\t\t\t<div class=\"elementor-widget-container\">\n\t\t\t\t\t\t\t<div class=\"elementor-cta\">\n\t\t\t\t\t<div class=\"elementor-cta__bg-wrapper\">\n\t\t\t\t<div class=\"elementor-cta__bg elementor-bg\" style=\"background-image: url(https:\/\/finpros.com\/wp-content\/uploads\/2023\/03\/Energy@4x-1024x621.png);\" role=\"img\" aria-label=\"Energy@4x\"><\/div>\n\t\t\t\t<div class=\"elementor-cta__bg-overlay\"><\/div>\n\t\t\t<\/div>\n\t\t\t\t\t\t\t<div class=\"elementor-cta__content\">\n\t\t\t\t\n\t\t\t\t\t\t\t\t\t<h2 class=\"elementor-cta__title elementor-cta__content-item elementor-content-item\">\n\t\t\t\t\t\tObchodov\u00e1n\u00ed s energi\u00ed\t\t\t\t\t<\/h2>\n\t\t\t\t\n\t\t\t\t\t\t\t\t\t<div class=\"elementor-cta__description elementor-cta__content-item elementor-content-item\">\n\t\t\t\t\t\tVyu\u017eijte volatility glob\u00e1ln\u00edch trh\u016f s obchodov\u00e1n\u00edm CFD...\t\t\t\t\t<\/div>\n\t\t\t\t\n\t\t\t\t\t\t\t\t\t<div class=\"elementor-cta__button-wrapper elementor-cta__content-item elementor-content-item \">\n\t\t\t\t\t<a class=\"elementor-cta__button elementor-button elementor-size-\" href=\"https:\/\/finpros.com\/cs\/energie\/\">\n\t\t\t\t\t\tP\u0159e\u010dt\u011bte si v\u00edce\t\t\t\t\t<\/a>\n\t\t\t\t\t<\/div>\n\t\t\t\t\t\t\t<\/div>\n\t\t\t\t\t\t<\/div>\n\t\t\t\t\t\t<\/div>\n\t\t\t\t<\/div>\n\t\t\t\t<div class=\"elementor-element elementor-element-5ecd5f86 elementor-bg-transform elementor-bg-transform-move-up cal-tab-cs market-bx-cs elementor-cta--valign-middle elementor-widget__width-initial elementor-cta--skin-classic elementor-animated-content elementor-widget elementor-widget-call-to-action\" data-id=\"5ecd5f86\" data-element_type=\"widget\" data-widget_type=\"call-to-action.default\">\n\t\t\t\t<div class=\"elementor-widget-container\">\n\t\t\t\t\t\t\t<div class=\"elementor-cta\">\n\t\t\t\t\t<div class=\"elementor-cta__bg-wrapper\">\n\t\t\t\t<div class=\"elementor-cta__bg elementor-bg\" style=\"background-image: url(https:\/\/finpros.com\/wp-content\/uploads\/2023\/03\/Metals@4x-1024x621.png);\" role=\"img\" aria-label=\"Metals@4x\"><\/div>\n\t\t\t\t<div class=\"elementor-cta__bg-overlay\"><\/div>\n\t\t\t<\/div>\n\t\t\t\t\t\t\t<div class=\"elementor-cta__content\">\n\t\t\t\t\n\t\t\t\t\t\t\t\t\t<h2 class=\"elementor-cta__title elementor-cta__content-item elementor-content-item\">\n\t\t\t\t\t\tObchod s kovy\t\t\t\t\t<\/h2>\n\t\t\t\t\n\t\t\t\t\t\t\t\t\t<div class=\"elementor-cta__description elementor-cta__content-item elementor-content-item\">\n\t\t\t\t\t\tObchodov\u00e1n\u00ed s kovy umo\u017e\u0148uje investor\u016fm nakupovat a prod\u00e1vat drah\u00e9...\t\t\t\t\t<\/div>\n\t\t\t\t\n\t\t\t\t\t\t\t\t\t<div class=\"elementor-cta__button-wrapper elementor-cta__content-item elementor-content-item \">\n\t\t\t\t\t<a class=\"elementor-cta__button elementor-button elementor-size-\" href=\"https:\/\/finpros.com\/cs\/kovy\/\">\n\t\t\t\t\t\tP\u0159e\u010dt\u011bte si v\u00edce\t\t\t\t\t<\/a>\n\t\t\t\t\t<\/div>\n\t\t\t\t\t\t\t<\/div>\n\t\t\t\t\t\t<\/div>\n\t\t\t\t\t\t<\/div>\n\t\t\t\t<\/div>\n\t\t\t\t<div class=\"elementor-element elementor-element-46901ada elementor-bg-transform elementor-bg-transform-move-up cal-tab-cs market-bx-cs elementor-cta--valign-middle elementor-widget__width-initial elementor-cta--skin-classic elementor-animated-content elementor-widget elementor-widget-call-to-action\" data-id=\"46901ada\" data-element_type=\"widget\" data-widget_type=\"call-to-action.default\">\n\t\t\t\t<div class=\"elementor-widget-container\">\n\t\t\t\t\t\t\t<div class=\"elementor-cta\">\n\t\t\t\t\t<div class=\"elementor-cta__bg-wrapper\">\n\t\t\t\t<div class=\"elementor-cta__bg elementor-bg\" style=\"background-image: url(https:\/\/finpros.com\/wp-content\/uploads\/2023\/03\/Shares@4x-1024x621.png);\" role=\"img\" aria-label=\"Shares@4x\"><\/div>\n\t\t\t\t<div class=\"elementor-cta__bg-overlay\"><\/div>\n\t\t\t<\/div>\n\t\t\t\t\t\t\t<div class=\"elementor-cta__content\">\n\t\t\t\t\n\t\t\t\t\t\t\t\t\t<h2 class=\"elementor-cta__title elementor-cta__content-item elementor-content-item\">\n\t\t\t\t\t\tObchodov\u00e1n\u00ed s akciemi\t\t\t\t\t<\/h2>\n\t\t\t\t\n\t\t\t\t\t\t\t\t\t<div class=\"elementor-cta__description elementor-cta__content-item elementor-content-item\">\n\t\t\t\t\t\tObchodujte s popul\u00e1rn\u00edmi akciemi, jako jsou Apple, Tesla a Amazon...\t\t\t\t\t<\/div>\n\t\t\t\t\n\t\t\t\t\t\t\t\t\t<div class=\"elementor-cta__button-wrapper elementor-cta__content-item elementor-content-item \">\n\t\t\t\t\t<a class=\"elementor-cta__button elementor-button elementor-size-\" href=\"\/share\/\">\n\t\t\t\t\t\tP\u0159e\u010dt\u011bte si v\u00edce\t\t\t\t\t<\/a>\n\t\t\t\t\t<\/div>\n\t\t\t\t\t\t\t<\/div>\n\t\t\t\t\t\t<\/div>\n\t\t\t\t\t\t<\/div>\n\t\t\t\t<\/div>\n\t\t\t\t<div class=\"elementor-element elementor-element-19834871 elementor-bg-transform elementor-bg-transform-move-up cal-tab-cs market-bx-cs elementor-cta--valign-middle elementor-widget__width-initial elementor-cta--skin-classic elementor-animated-content elementor-widget elementor-widget-call-to-action\" data-id=\"19834871\" data-element_type=\"widget\" data-widget_type=\"call-to-action.default\">\n\t\t\t\t<div class=\"elementor-widget-container\">\n\t\t\t\t\t\t\t<div class=\"elementor-cta\">\n\t\t\t\t\t<div class=\"elementor-cta__bg-wrapper\">\n\t\t\t\t<div class=\"elementor-cta__bg elementor-bg\" style=\"background-image: url(https:\/\/finpros.com\/wp-content\/uploads\/2023\/03\/Crypto@4x-1024x621.png);\" role=\"img\" aria-label=\"Crypto@4x\"><\/div>\n\t\t\t\t<div class=\"elementor-cta__bg-overlay\"><\/div>\n\t\t\t<\/div>\n\t\t\t\t\t\t\t<div class=\"elementor-cta__content\">\n\t\t\t\t\n\t\t\t\t\t\t\t\t\t<h2 class=\"elementor-cta__title elementor-cta__content-item elementor-content-item\">\n\t\t\t\t\t\tObchodov\u00e1n\u00ed s kryptom\u011bnami\t\t\t\t\t<\/h2>\n\t\t\t\t\n\t\t\t\t\t\t\t\t\t<div class=\"elementor-cta__description elementor-cta__content-item elementor-content-item\">\n\t\t\t\t\t\tObchodujte s bitcoinem, ethereem a dal\u0161\u00edmi p\u0159edn\u00edmi kryptom\u011bnami\t\t\t\t\t<\/div>\n\t\t\t\t\n\t\t\t\t\t\t\t\t\t<div class=\"elementor-cta__button-wrapper elementor-cta__content-item elementor-content-item \">\n\t\t\t\t\t<a class=\"elementor-cta__button elementor-button elementor-size-\" href=\"https:\/\/finpros.com\/cs\/crypto\/\">\n\t\t\t\t\t\tP\u0159e\u010dt\u011bte si v\u00edce\t\t\t\t\t<\/a>\n\t\t\t\t\t<\/div>\n\t\t\t\t\t\t\t<\/div>\n\t\t\t\t\t\t<\/div>\n\t\t\t\t\t\t<\/div>\n\t\t\t\t<\/div>\n\t\t\t\t<\/div>\n\t\t\t\t<\/div>\n\t\t\t\t\t<\/div>\n\t\t\t\t<\/div>\n\t\t<div class=\"elementor-element elementor-element-891e12c e-con-full e-flex e-con e-parent\" data-id=\"891e12c\" data-element_type=\"container\" data-settings=\"{&quot;background_background&quot;:&quot;classic&quot;}\">\n\t\t<div class=\"elementor-element elementor-element-e9f14a2 e-con-full e-flex e-con e-child\" data-id=\"e9f14a2\" data-element_type=\"container\">\n\t\t\t\t<div class=\"elementor-element elementor-element-b644b7a elementor-widget elementor-widget-heading\" data-id=\"b644b7a\" data-element_type=\"widget\" data-widget_type=\"heading.default\">\n\t\t\t\t<div class=\"elementor-widget-container\">\n\t\t\t\t\t<h2 class=\"elementor-heading-title elementor-size-default\">Jste p\u0159ipraveni za\u010d\u00edt?<\/h2>\t\t\t\t<\/div>\n\t\t\t\t<\/div>\n\t\t\t\t<div class=\"elementor-element elementor-element-acca17e elementor-widget elementor-widget-text-editor\" data-id=\"acca17e\" data-element_type=\"widget\" data-widget_type=\"text-editor.default\">\n\t\t\t\t<div class=\"elementor-widget-container\">\n\t\t\t\t\t\t\t\t\t<p>Otestujte trhy bez rizika &#8211; otev\u0159ete si bezplatn\u00fd demo \u00fa\u010det je\u0161t\u011b dnes!<\/p>\t\t\t\t\t\t\t\t<\/div>\n\t\t\t\t<\/div>\n\t\t\t\t<div class=\"elementor-element elementor-element-43853cb elementor-align-left elementor-widget__width-auto btn-arrow-rotate  elementor-widget elementor-widget-button\" data-id=\"43853cb\" data-element_type=\"widget\" data-widget_type=\"button.default\">\n\t\t\t\t<div class=\"elementor-widget-container\">\n\t\t\t\t\t\t\t\t\t<div class=\"elementor-button-wrapper\">\n\t\t\t\t\t<a class=\"elementor-button elementor-button-link elementor-size-sm\" href=\"https:\/\/my.finpros.com\/register\/\">\n\t\t\t\t\t\t<span class=\"elementor-button-content-wrapper\">\n\t\t\t\t\t\t<span class=\"elementor-button-icon\">\n\t\t\t\t<svg aria-hidden=\"true\" class=\"e-font-icon-svg e-fas-arrow-right\" viewBox=\"0 0 448 512\" xmlns=\"http:\/\/www.w3.org\/2000\/svg\"><path d=\"M190.5 66.9l22.2-22.2c9.4-9.4 24.6-9.4 33.9 0L441 239c9.4 9.4 9.4 24.6 0 33.9L246.6 467.3c-9.4 9.4-24.6 9.4-33.9 0l-22.2-22.2c-9.5-9.5-9.3-25 .4-34.3L311.4 296H24c-13.3 0-24-10.7-24-24v-32c0-13.3 10.7-24 24-24h287.4L190.9 101.2c-9.8-9.3-10-24.8-.4-34.3z\"><\/path><\/svg>\t\t\t<\/span>\n\t\t\t\t\t\t\t\t\t<span class=\"elementor-button-text\">  Vyzkou\u0161ejte demo \u00fa\u010det<\/span>\n\t\t\t\t\t<\/span>\n\t\t\t\t\t<\/a>\n\t\t\t\t<\/div>\n\t\t\t\t\t\t\t\t<\/div>\n\t\t\t\t<\/div>\n\t\t\t\t<\/div>\n\t\t\t\t<\/div>\n\t\t\t\t<\/div>\n\t\t","protected":false},"excerpt":{"rendered":"<p>Ovl\u00e1dn\u011bte trhy s p\u0159ehledem a p\u0159esnost\u00ed Obchodov\u00e1n\u00ed na Forexu Z\u00edskejte p\u0159\u00edstup ke glob\u00e1ln\u00edm m\u011bnov\u00fdm trh\u016fm s rychlou realizac\u00ed&#8230; P\u0159e\u010dt\u011bte si v\u00edce Obchodn\u00ed indexy Vyu\u017eijte cenov\u00e9 pohyby v nejv\u00fdznamn\u011bj\u0161\u00edch sv\u011btov\u00fdch&#8230; P\u0159e\u010dt\u011bte si v\u00edce Obchodov\u00e1n\u00ed s energi\u00ed Vyu\u017eijte volatility glob\u00e1ln\u00edch trh\u016f s obchodov\u00e1n\u00edm CFD&#8230; P\u0159e\u010dt\u011bte si v\u00edce Obchod s kovy Obchodov\u00e1n\u00ed s kovy umo\u017e\u0148uje investor\u016fm nakupovat a [&hellip;]<\/p>\n","protected":false},"author":1,"featured_media":0,"parent":0,"menu_order":0,"comment_status":"closed","ping_status":"closed","template":"tpl-default-elementor.php","meta":{"footnotes":""},"class_list":["post-19311","page","type-page","status-publish","hentry"],"yoast_head":"<!-- This site is optimized with the Yoast SEO plugin v25.0 - https:\/\/yoast.com\/wordpress\/plugins\/seo\/ -->\n<title>Trhy - FinPros<\/title>\n<meta name=\"robots\" content=\"index, follow, max-snippet:-1, max-image-preview:large, max-video-preview:-1\" \/>\n<link rel=\"canonical\" href=\"https:\/\/finpros.com\/cs\/trhy\/\" \/>\n<meta property=\"og:locale\" content=\"cs_CZ\" \/>\n<meta property=\"og:type\" content=\"article\" \/>\n<meta property=\"og:title\" content=\"Trhy - FinPros\" \/>\n<meta property=\"og:description\" content=\"Ovl\u00e1dn\u011bte trhy s p\u0159ehledem a p\u0159esnost\u00ed Obchodov\u00e1n\u00ed na Forexu Z\u00edskejte p\u0159\u00edstup ke glob\u00e1ln\u00edm m\u011bnov\u00fdm trh\u016fm s rychlou realizac\u00ed&#8230; P\u0159e\u010dt\u011bte si v\u00edce Obchodn\u00ed indexy Vyu\u017eijte cenov\u00e9 pohyby v nejv\u00fdznamn\u011bj\u0161\u00edch sv\u011btov\u00fdch&#8230; P\u0159e\u010dt\u011bte si v\u00edce Obchodov\u00e1n\u00ed s energi\u00ed Vyu\u017eijte volatility glob\u00e1ln\u00edch trh\u016f s obchodov\u00e1n\u00edm CFD&#8230; P\u0159e\u010dt\u011bte si v\u00edce Obchod s kovy Obchodov\u00e1n\u00ed s kovy umo\u017e\u0148uje investor\u016fm nakupovat a [&hellip;]\" \/>\n<meta property=\"og:url\" content=\"https:\/\/finpros.com\/cs\/trhy\/\" \/>\n<meta property=\"og:site_name\" content=\"FinPros\" \/>\n<meta property=\"article:modified_time\" content=\"2025-11-21T15:48:50+00:00\" \/>\n<meta name=\"twitter:card\" content=\"summary_large_image\" \/>\n<meta name=\"twitter:label1\" content=\"Odhadovan\u00e1 doba \u010dten\u00ed\" \/>\n\t<meta name=\"twitter:data1\" content=\"1 minuta\" \/>\n<script type=\"application\/ld+json\" class=\"yoast-schema-graph\">{\"@context\":\"https:\/\/schema.org\",\"@graph\":[{\"@type\":\"WebPage\",\"@id\":\"https:\/\/finpros.com\/cs\/trhy\/\",\"url\":\"https:\/\/finpros.com\/cs\/trhy\/\",\"name\":\"Trhy - FinPros\",\"isPartOf\":{\"@id\":\"https:\/\/finpros.com\/#website\"},\"datePublished\":\"2023-03-14T08:27:41+00:00\",\"dateModified\":\"2025-11-21T15:48:50+00:00\",\"breadcrumb\":{\"@id\":\"https:\/\/finpros.com\/cs\/trhy\/#breadcrumb\"},\"inLanguage\":\"cs\",\"potentialAction\":[{\"@type\":\"ReadAction\",\"target\":[\"https:\/\/finpros.com\/cs\/trhy\/\"]}]},{\"@type\":\"BreadcrumbList\",\"@id\":\"https:\/\/finpros.com\/cs\/trhy\/#breadcrumb\",\"itemListElement\":[{\"@type\":\"ListItem\",\"position\":1,\"name\":\"Home\",\"item\":\"https:\/\/finpros.com\/\"},{\"@type\":\"ListItem\",\"position\":2,\"name\":\"Trhy\"}]},{\"@type\":\"WebSite\",\"@id\":\"https:\/\/finpros.com\/#website\",\"url\":\"https:\/\/finpros.com\/\",\"name\":\"FinPros\",\"description\":\"\",\"publisher\":{\"@id\":\"https:\/\/finpros.com\/#organization\"},\"potentialAction\":[{\"@type\":\"SearchAction\",\"target\":{\"@type\":\"EntryPoint\",\"urlTemplate\":\"https:\/\/finpros.com\/?s={search_term_string}\"},\"query-input\":{\"@type\":\"PropertyValueSpecification\",\"valueRequired\":true,\"valueName\":\"search_term_string\"}}],\"inLanguage\":\"cs\"},{\"@type\":\"Organization\",\"@id\":\"https:\/\/finpros.com\/#organization\",\"name\":\"FinPros\",\"url\":\"https:\/\/finpros.com\/\",\"logo\":{\"@type\":\"ImageObject\",\"inLanguage\":\"cs\",\"@id\":\"https:\/\/finpros.com\/#\/schema\/logo\/image\/\",\"url\":\"https:\/\/finpros.com\/wp-content\/uploads\/2025\/03\/FinPros-PNG-1.png\",\"contentUrl\":\"https:\/\/finpros.com\/wp-content\/uploads\/2025\/03\/FinPros-PNG-1.png\",\"width\":1050,\"height\":369,\"caption\":\"FinPros\"},\"image\":{\"@id\":\"https:\/\/finpros.com\/#\/schema\/logo\/image\/\"}}]}<\/script>\n<!-- \/ Yoast SEO plugin. -->","yoast_head_json":{"title":"Trhy - FinPros","robots":{"index":"index","follow":"follow","max-snippet":"max-snippet:-1","max-image-preview":"max-image-preview:large","max-video-preview":"max-video-preview:-1"},"canonical":"https:\/\/finpros.com\/cs\/trhy\/","og_locale":"cs_CZ","og_type":"article","og_title":"Trhy - FinPros","og_description":"Ovl\u00e1dn\u011bte trhy s p\u0159ehledem a p\u0159esnost\u00ed Obchodov\u00e1n\u00ed na Forexu Z\u00edskejte p\u0159\u00edstup ke glob\u00e1ln\u00edm m\u011bnov\u00fdm trh\u016fm s rychlou realizac\u00ed&#8230; P\u0159e\u010dt\u011bte si v\u00edce Obchodn\u00ed indexy Vyu\u017eijte cenov\u00e9 pohyby v nejv\u00fdznamn\u011bj\u0161\u00edch sv\u011btov\u00fdch&#8230; P\u0159e\u010dt\u011bte si v\u00edce Obchodov\u00e1n\u00ed s energi\u00ed Vyu\u017eijte volatility glob\u00e1ln\u00edch trh\u016f s obchodov\u00e1n\u00edm CFD&#8230; P\u0159e\u010dt\u011bte si v\u00edce Obchod s kovy Obchodov\u00e1n\u00ed s kovy umo\u017e\u0148uje investor\u016fm nakupovat a [&hellip;]","og_url":"https:\/\/finpros.com\/cs\/trhy\/","og_site_name":"FinPros","article_modified_time":"2025-11-21T15:48:50+00:00","twitter_card":"summary_large_image","twitter_misc":{"Odhadovan\u00e1 doba \u010dten\u00ed":"1 minuta"},"schema":{"@context":"https:\/\/schema.org","@graph":[{"@type":"WebPage","@id":"https:\/\/finpros.com\/cs\/trhy\/","url":"https:\/\/finpros.com\/cs\/trhy\/","name":"Trhy - FinPros","isPartOf":{"@id":"https:\/\/finpros.com\/#website"},"datePublished":"2023-03-14T08:27:41+00:00","dateModified":"2025-11-21T15:48:50+00:00","breadcrumb":{"@id":"https:\/\/finpros.com\/cs\/trhy\/#breadcrumb"},"inLanguage":"cs","potentialAction":[{"@type":"ReadAction","target":["https:\/\/finpros.com\/cs\/trhy\/"]}]},{"@type":"BreadcrumbList","@id":"https:\/\/finpros.com\/cs\/trhy\/#breadcrumb","itemListElement":[{"@type":"ListItem","position":1,"name":"Home","item":"https:\/\/finpros.com\/"},{"@type":"ListItem","position":2,"name":"Trhy"}]},{"@type":"WebSite","@id":"https:\/\/finpros.com\/#website","url":"https:\/\/finpros.com\/","name":"FinPros","description":"","publisher":{"@id":"https:\/\/finpros.com\/#organization"},"potentialAction":[{"@type":"SearchAction","target":{"@type":"EntryPoint","urlTemplate":"https:\/\/finpros.com\/?s={search_term_string}"},"query-input":{"@type":"PropertyValueSpecification","valueRequired":true,"valueName":"search_term_string"}}],"inLanguage":"cs"},{"@type":"Organization","@id":"https:\/\/finpros.com\/#organization","name":"FinPros","url":"https:\/\/finpros.com\/","logo":{"@type":"ImageObject","inLanguage":"cs","@id":"https:\/\/finpros.com\/#\/schema\/logo\/image\/","url":"https:\/\/finpros.com\/wp-content\/uploads\/2025\/03\/FinPros-PNG-1.png","contentUrl":"https:\/\/finpros.com\/wp-content\/uploads\/2025\/03\/FinPros-PNG-1.png","width":1050,"height":369,"caption":"FinPros"},"image":{"@id":"https:\/\/finpros.com\/#\/schema\/logo\/image\/"}}]}},"_links":{"self":[{"href":"https:\/\/finpros.com\/cs\/wp-json\/wp\/v2\/pages\/19311","targetHints":{"allow":["GET"]}}],"collection":[{"href":"https:\/\/finpros.com\/cs\/wp-json\/wp\/v2\/pages"}],"about":[{"href":"https:\/\/finpros.com\/cs\/wp-json\/wp\/v2\/types\/page"}],"author":[{"embeddable":true,"href":"https:\/\/finpros.com\/cs\/wp-json\/wp\/v2\/users\/1"}],"replies":[{"embeddable":true,"href":"https:\/\/finpros.com\/cs\/wp-json\/wp\/v2\/comments?post=19311"}],"version-history":[{"count":4,"href":"https:\/\/finpros.com\/cs\/wp-json\/wp\/v2\/pages\/19311\/revisions"}],"predecessor-version":[{"id":19371,"href":"https:\/\/finpros.com\/cs\/wp-json\/wp\/v2\/pages\/19311\/revisions\/19371"}],"wp:attachment":[{"href":"https:\/\/finpros.com\/cs\/wp-json\/wp\/v2\/media?parent=19311"}],"curies":[{"name":"wp","href":"https:\/\/api.w.org\/{rel}","templated":true}]}}