{"id":19206,"date":"2025-03-20T14:17:41","date_gmt":"2025-03-20T14:17:41","guid":{"rendered":"https:\/\/finpros.com\/soubory-cookie-a-zasady-ochrany-osobnich-udaju\/"},"modified":"2025-11-21T12:50:10","modified_gmt":"2025-11-21T12:50:10","slug":"soubory-cookie-a-zasady-ochrany-osobnich-udaju","status":"publish","type":"page","link":"https:\/\/finpros.com\/cs\/soubory-cookie-a-zasady-ochrany-osobnich-udaju\/","title":{"rendered":"Soubory cookie a z\u00e1sady ochrany osobn\u00edch \u00fadaj\u016f"},"content":{"rendered":"\t\t<div data-elementor-type=\"wp-page\" data-elementor-id=\"19206\" class=\"elementor elementor-19206 elementor-3\" data-elementor-post-type=\"page\">\n\t\t\t\t<div class=\"elementor-element elementor-element-389cda44 e-con-full calculator-sub-banner e-flex e-con e-parent\" data-id=\"389cda44\" data-element_type=\"container\" data-settings=\"{&quot;background_background&quot;:&quot;classic&quot;}\">\n\t\t<div class=\"elementor-element elementor-element-40d4770e e-flex e-con-boxed e-con e-child\" data-id=\"40d4770e\" data-element_type=\"container\" data-settings=\"{&quot;background_background&quot;:&quot;classic&quot;}\">\n\t\t\t\t\t<div class=\"e-con-inner\">\n\t\t\t\t<div class=\"elementor-element elementor-element-4dbf8b8c elementor-widget elementor-widget-heading\" data-id=\"4dbf8b8c\" data-element_type=\"widget\" data-widget_type=\"heading.default\">\n\t\t\t\t<div class=\"elementor-widget-container\">\n\t\t\t\t\t<h2 class=\"elementor-heading-title elementor-size-default\">Soubory cookie a z\u00e1sady ochrany osobn\u00edch \u00fadaj\u016f<\/h2>\t\t\t\t<\/div>\n\t\t\t\t<\/div>\n\t\t\t\t\t<\/div>\n\t\t\t\t<\/div>\n\t\t<div class=\"elementor-element elementor-element-2953e584 e-con-full e-flex e-con e-child\" data-id=\"2953e584\" data-element_type=\"container\">\n\t\t<div class=\"elementor-element elementor-element-5e0d64fd e-flex e-con-boxed e-con e-child\" data-id=\"5e0d64fd\" data-element_type=\"container\">\n\t\t\t\t\t<div class=\"e-con-inner\">\n\t\t\t\t<div class=\"elementor-element elementor-element-45767c elementor-align-left calc-banner-link bread-links elementor-widget elementor-widget-breadcrumbs\" data-id=\"45767c\" data-element_type=\"widget\" data-widget_type=\"breadcrumbs.default\">\n\t\t\t\t<div class=\"elementor-widget-container\">\n\t\t\t\t\t<p id=\"breadcrumbs\"><span><span><a href=\"https:\/\/finpros.com\/\">Home<\/a><\/span><\/span><\/p>\t\t\t\t<\/div>\n\t\t\t\t<\/div>\n\t\t\t\t\t<\/div>\n\t\t\t\t<\/div>\n\t\t\t\t<\/div>\n\t\t\t\t<\/div>\n\t\t<div class=\"elementor-element elementor-element-5fe6c9ea e-flex e-con-boxed e-con e-parent\" data-id=\"5fe6c9ea\" data-element_type=\"container\">\n\t\t\t\t\t<div class=\"e-con-inner\">\n\t\t\t\t<div class=\"elementor-element elementor-element-7baa9b78 elementor-widget elementor-widget-text-editor\" data-id=\"7baa9b78\" data-element_type=\"widget\" data-widget_type=\"text-editor.default\">\n\t\t\t\t<div class=\"elementor-widget-container\">\n\t\t\t\t\t\t\t\t\t\n<h2 class=\"wp-block-heading\" style=\"margin-bottom: 10px;\">Soubory cookie a z\u00e1sady ochrany osobn\u00edch \u00fadaj\u016f<\/h2>\n\n<p>  Spole\u010dnost FinPros pou\u017e\u00edv\u00e1 soubory cookie ke zlep\u0161en\u00ed u\u017eivatelsk\u00e9ho prost\u0159ed\u00ed a v\u00fdkonu str\u00e1nek, k nab\u00edzen\u00ed reklamy p\u0159izp\u016fsoben\u00e9 va\u0161im z\u00e1jm\u016fm a k umo\u017en\u011bn\u00ed sd\u00edlen\u00ed v soci\u00e1ln\u00edch m\u00e9di\u00edch. Pokud to vy\u017eaduj\u00ed platn\u00e9 pr\u00e1vn\u00ed p\u0159edpisy, z\u00edsk\u00e1me v\u00e1\u0161 souhlas p\u0159edt\u00edm, ne\u017e do va\u0161eho za\u0159\u00edzen\u00ed um\u00edst\u00edme jak\u00e9koli soubory cookie, kter\u00e9 nejsou nezbytn\u011b nutn\u00e9 pro fungov\u00e1n\u00ed na\u0161ich webov\u00fdch str\u00e1nek. Informace o na\u0161ich souborech cookie a o tom, jak upravit sv\u00e9 preference, najdete v na\u0161em <a href=\"https:\/\/pdf.finpros.com\/wp-content\/uploads\/2024\/01\/FinPros.com-Cookies-Policy.pdf\" target=\"_blank\" rel=\"noreferrer noopener\">&#8220;Ozn\u00e1men\u00ed o souborech cookie&#8221;<\/a> a <a href=\"https:\/\/pdf.finpros.com\/wp-content\/uploads\/2024\/01\/FinPros.com-Privacy-Policy.pdf\" target=\"_blank\" rel=\"noreferrer noopener\">&#8220;Z\u00e1sad\u00e1ch ochrany osobn\u00edch \u00fadaj\u016f&#8221;.<\/a>  <\/p>\n\t\t\t\t\t\t\t\t<\/div>\n\t\t\t\t<\/div>\n\t\t\t\t\t<\/div>\n\t\t\t\t<\/div>\n\t\t\t\t<\/div>\n\t\t","protected":false},"excerpt":{"rendered":"<p>Soubory cookie a z\u00e1sady ochrany osobn\u00edch \u00fadaj\u016f Spole\u010dnost FinPros pou\u017e\u00edv\u00e1 soubory cookie ke zlep\u0161en\u00ed u\u017eivatelsk\u00e9ho prost\u0159ed\u00ed a v\u00fdkonu str\u00e1nek, k nab\u00edzen\u00ed reklamy p\u0159izp\u016fsoben\u00e9 va\u0161im z\u00e1jm\u016fm a k umo\u017en\u011bn\u00ed sd\u00edlen\u00ed v soci\u00e1ln\u00edch m\u00e9di\u00edch. Pokud to vy\u017eaduj\u00ed platn\u00e9 pr\u00e1vn\u00ed p\u0159edpisy, z\u00edsk\u00e1me v\u00e1\u0161 souhlas p\u0159edt\u00edm, ne\u017e do va\u0161eho za\u0159\u00edzen\u00ed um\u00edst\u00edme jak\u00e9koli soubory cookie, kter\u00e9 nejsou nezbytn\u011b nutn\u00e9 pro [&hellip;]<\/p>\n","protected":false},"author":1,"featured_media":0,"parent":0,"menu_order":0,"comment_status":"closed","ping_status":"closed","template":"tpl-default-elementor.php","meta":{"footnotes":""},"class_list":["post-19206","page","type-page","status-publish","hentry"],"yoast_head":"<!-- This site is optimized with the Yoast SEO plugin v25.0 - https:\/\/yoast.com\/wordpress\/plugins\/seo\/ -->\n<title>Soubory cookie a z\u00e1sady ochrany osobn\u00edch \u00fadaj\u016f - FinPros<\/title>\n<meta name=\"robots\" content=\"index, follow, max-snippet:-1, max-image-preview:large, max-video-preview:-1\" \/>\n<link rel=\"canonical\" href=\"https:\/\/finpros.com\/cs\/soubory-cookie-a-zasady-ochrany-osobnich-udaju\/\" \/>\n<meta property=\"og:locale\" content=\"cs_CZ\" \/>\n<meta property=\"og:type\" content=\"article\" \/>\n<meta property=\"og:title\" content=\"Soubory cookie a z\u00e1sady ochrany osobn\u00edch \u00fadaj\u016f - FinPros\" \/>\n<meta property=\"og:description\" content=\"Soubory cookie a z\u00e1sady ochrany osobn\u00edch \u00fadaj\u016f Spole\u010dnost FinPros pou\u017e\u00edv\u00e1 soubory cookie ke zlep\u0161en\u00ed u\u017eivatelsk\u00e9ho prost\u0159ed\u00ed a v\u00fdkonu str\u00e1nek, k nab\u00edzen\u00ed reklamy p\u0159izp\u016fsoben\u00e9 va\u0161im z\u00e1jm\u016fm a k umo\u017en\u011bn\u00ed sd\u00edlen\u00ed v soci\u00e1ln\u00edch m\u00e9di\u00edch. Pokud to vy\u017eaduj\u00ed platn\u00e9 pr\u00e1vn\u00ed p\u0159edpisy, z\u00edsk\u00e1me v\u00e1\u0161 souhlas p\u0159edt\u00edm, ne\u017e do va\u0161eho za\u0159\u00edzen\u00ed um\u00edst\u00edme jak\u00e9koli soubory cookie, kter\u00e9 nejsou nezbytn\u011b nutn\u00e9 pro [&hellip;]\" \/>\n<meta property=\"og:url\" content=\"https:\/\/finpros.com\/cs\/soubory-cookie-a-zasady-ochrany-osobnich-udaju\/\" \/>\n<meta property=\"og:site_name\" content=\"FinPros\" \/>\n<meta property=\"article:modified_time\" content=\"2025-11-21T12:50:10+00:00\" \/>\n<meta name=\"twitter:card\" content=\"summary_large_image\" \/>\n<meta name=\"twitter:label1\" content=\"Odhadovan\u00e1 doba \u010dten\u00ed\" \/>\n\t<meta name=\"twitter:data1\" content=\"1 minuta\" \/>\n<script type=\"application\/ld+json\" class=\"yoast-schema-graph\">{\"@context\":\"https:\/\/schema.org\",\"@graph\":[{\"@type\":\"WebPage\",\"@id\":\"https:\/\/finpros.com\/cs\/soubory-cookie-a-zasady-ochrany-osobnich-udaju\/\",\"url\":\"https:\/\/finpros.com\/cs\/soubory-cookie-a-zasady-ochrany-osobnich-udaju\/\",\"name\":\"Soubory cookie a z\u00e1sady ochrany osobn\u00edch \u00fadaj\u016f - FinPros\",\"isPartOf\":{\"@id\":\"https:\/\/finpros.com\/#website\"},\"datePublished\":\"2025-03-20T14:17:41+00:00\",\"dateModified\":\"2025-11-21T12:50:10+00:00\",\"breadcrumb\":{\"@id\":\"https:\/\/finpros.com\/cs\/soubory-cookie-a-zasady-ochrany-osobnich-udaju\/#breadcrumb\"},\"inLanguage\":\"cs\",\"potentialAction\":[{\"@type\":\"ReadAction\",\"target\":[\"https:\/\/finpros.com\/cs\/soubory-cookie-a-zasady-ochrany-osobnich-udaju\/\"]}]},{\"@type\":\"BreadcrumbList\",\"@id\":\"https:\/\/finpros.com\/cs\/soubory-cookie-a-zasady-ochrany-osobnich-udaju\/#breadcrumb\",\"itemListElement\":[{\"@type\":\"ListItem\",\"position\":1,\"name\":\"Home\",\"item\":\"https:\/\/finpros.com\/\"},{\"@type\":\"ListItem\",\"position\":2,\"name\":\"Soubory cookie a z\u00e1sady ochrany osobn\u00edch \u00fadaj\u016f\"}]},{\"@type\":\"WebSite\",\"@id\":\"https:\/\/finpros.com\/#website\",\"url\":\"https:\/\/finpros.com\/\",\"name\":\"FinPros\",\"description\":\"\",\"publisher\":{\"@id\":\"https:\/\/finpros.com\/#organization\"},\"potentialAction\":[{\"@type\":\"SearchAction\",\"target\":{\"@type\":\"EntryPoint\",\"urlTemplate\":\"https:\/\/finpros.com\/?s={search_term_string}\"},\"query-input\":{\"@type\":\"PropertyValueSpecification\",\"valueRequired\":true,\"valueName\":\"search_term_string\"}}],\"inLanguage\":\"cs\"},{\"@type\":\"Organization\",\"@id\":\"https:\/\/finpros.com\/#organization\",\"name\":\"FinPros\",\"url\":\"https:\/\/finpros.com\/\",\"logo\":{\"@type\":\"ImageObject\",\"inLanguage\":\"cs\",\"@id\":\"https:\/\/finpros.com\/#\/schema\/logo\/image\/\",\"url\":\"https:\/\/finpros.com\/wp-content\/uploads\/2025\/03\/FinPros-PNG-1.png\",\"contentUrl\":\"https:\/\/finpros.com\/wp-content\/uploads\/2025\/03\/FinPros-PNG-1.png\",\"width\":1050,\"height\":369,\"caption\":\"FinPros\"},\"image\":{\"@id\":\"https:\/\/finpros.com\/#\/schema\/logo\/image\/\"}}]}<\/script>\n<!-- \/ Yoast SEO plugin. -->","yoast_head_json":{"title":"Soubory cookie a z\u00e1sady ochrany osobn\u00edch \u00fadaj\u016f - FinPros","robots":{"index":"index","follow":"follow","max-snippet":"max-snippet:-1","max-image-preview":"max-image-preview:large","max-video-preview":"max-video-preview:-1"},"canonical":"https:\/\/finpros.com\/cs\/soubory-cookie-a-zasady-ochrany-osobnich-udaju\/","og_locale":"cs_CZ","og_type":"article","og_title":"Soubory cookie a z\u00e1sady ochrany osobn\u00edch \u00fadaj\u016f - FinPros","og_description":"Soubory cookie a z\u00e1sady ochrany osobn\u00edch \u00fadaj\u016f Spole\u010dnost FinPros pou\u017e\u00edv\u00e1 soubory cookie ke zlep\u0161en\u00ed u\u017eivatelsk\u00e9ho prost\u0159ed\u00ed a v\u00fdkonu str\u00e1nek, k nab\u00edzen\u00ed reklamy p\u0159izp\u016fsoben\u00e9 va\u0161im z\u00e1jm\u016fm a k umo\u017en\u011bn\u00ed sd\u00edlen\u00ed v soci\u00e1ln\u00edch m\u00e9di\u00edch. Pokud to vy\u017eaduj\u00ed platn\u00e9 pr\u00e1vn\u00ed p\u0159edpisy, z\u00edsk\u00e1me v\u00e1\u0161 souhlas p\u0159edt\u00edm, ne\u017e do va\u0161eho za\u0159\u00edzen\u00ed um\u00edst\u00edme jak\u00e9koli soubory cookie, kter\u00e9 nejsou nezbytn\u011b nutn\u00e9 pro [&hellip;]","og_url":"https:\/\/finpros.com\/cs\/soubory-cookie-a-zasady-ochrany-osobnich-udaju\/","og_site_name":"FinPros","article_modified_time":"2025-11-21T12:50:10+00:00","twitter_card":"summary_large_image","twitter_misc":{"Odhadovan\u00e1 doba \u010dten\u00ed":"1 minuta"},"schema":{"@context":"https:\/\/schema.org","@graph":[{"@type":"WebPage","@id":"https:\/\/finpros.com\/cs\/soubory-cookie-a-zasady-ochrany-osobnich-udaju\/","url":"https:\/\/finpros.com\/cs\/soubory-cookie-a-zasady-ochrany-osobnich-udaju\/","name":"Soubory cookie a z\u00e1sady ochrany osobn\u00edch \u00fadaj\u016f - FinPros","isPartOf":{"@id":"https:\/\/finpros.com\/#website"},"datePublished":"2025-03-20T14:17:41+00:00","dateModified":"2025-11-21T12:50:10+00:00","breadcrumb":{"@id":"https:\/\/finpros.com\/cs\/soubory-cookie-a-zasady-ochrany-osobnich-udaju\/#breadcrumb"},"inLanguage":"cs","potentialAction":[{"@type":"ReadAction","target":["https:\/\/finpros.com\/cs\/soubory-cookie-a-zasady-ochrany-osobnich-udaju\/"]}]},{"@type":"BreadcrumbList","@id":"https:\/\/finpros.com\/cs\/soubory-cookie-a-zasady-ochrany-osobnich-udaju\/#breadcrumb","itemListElement":[{"@type":"ListItem","position":1,"name":"Home","item":"https:\/\/finpros.com\/"},{"@type":"ListItem","position":2,"name":"Soubory cookie a z\u00e1sady ochrany osobn\u00edch \u00fadaj\u016f"}]},{"@type":"WebSite","@id":"https:\/\/finpros.com\/#website","url":"https:\/\/finpros.com\/","name":"FinPros","description":"","publisher":{"@id":"https:\/\/finpros.com\/#organization"},"potentialAction":[{"@type":"SearchAction","target":{"@type":"EntryPoint","urlTemplate":"https:\/\/finpros.com\/?s={search_term_string}"},"query-input":{"@type":"PropertyValueSpecification","valueRequired":true,"valueName":"search_term_string"}}],"inLanguage":"cs"},{"@type":"Organization","@id":"https:\/\/finpros.com\/#organization","name":"FinPros","url":"https:\/\/finpros.com\/","logo":{"@type":"ImageObject","inLanguage":"cs","@id":"https:\/\/finpros.com\/#\/schema\/logo\/image\/","url":"https:\/\/finpros.com\/wp-content\/uploads\/2025\/03\/FinPros-PNG-1.png","contentUrl":"https:\/\/finpros.com\/wp-content\/uploads\/2025\/03\/FinPros-PNG-1.png","width":1050,"height":369,"caption":"FinPros"},"image":{"@id":"https:\/\/finpros.com\/#\/schema\/logo\/image\/"}}]}},"_links":{"self":[{"href":"https:\/\/finpros.com\/cs\/wp-json\/wp\/v2\/pages\/19206","targetHints":{"allow":["GET"]}}],"collection":[{"href":"https:\/\/finpros.com\/cs\/wp-json\/wp\/v2\/pages"}],"about":[{"href":"https:\/\/finpros.com\/cs\/wp-json\/wp\/v2\/types\/page"}],"author":[{"embeddable":true,"href":"https:\/\/finpros.com\/cs\/wp-json\/wp\/v2\/users\/1"}],"replies":[{"embeddable":true,"href":"https:\/\/finpros.com\/cs\/wp-json\/wp\/v2\/comments?post=19206"}],"version-history":[{"count":3,"href":"https:\/\/finpros.com\/cs\/wp-json\/wp\/v2\/pages\/19206\/revisions"}],"predecessor-version":[{"id":19229,"href":"https:\/\/finpros.com\/cs\/wp-json\/wp\/v2\/pages\/19206\/revisions\/19229"}],"wp:attachment":[{"href":"https:\/\/finpros.com\/cs\/wp-json\/wp\/v2\/media?parent=19206"}],"curies":[{"name":"wp","href":"https:\/\/api.w.org\/{rel}","templated":true}]}}