{"id":19196,"date":"2025-04-16T16:55:02","date_gmt":"2025-04-16T16:55:02","guid":{"rendered":"https:\/\/finpros.com\/kalkulacka-polohy\/"},"modified":"2025-11-21T15:49:32","modified_gmt":"2025-11-21T15:49:32","slug":"kalkulacka-polohy","status":"publish","type":"page","link":"https:\/\/finpros.com\/cs\/kalkulacka-polohy\/","title":{"rendered":"Kalkula\u010dka polohy"},"content":{"rendered":"\t\t<div data-elementor-type=\"wp-page\" data-elementor-id=\"19196\" class=\"elementor elementor-19196 elementor-6516\" data-elementor-post-type=\"page\">\n\t\t\t\t<div class=\"elementor-element elementor-element-67cc4b74 e-con-full calculator-sub-banner sub-calc-bg e-flex e-con e-parent\" data-id=\"67cc4b74\" data-element_type=\"container\" data-settings=\"{&quot;background_background&quot;:&quot;classic&quot;}\">\n\t\t<div class=\"elementor-element elementor-element-58415a1c e-con-full e-flex e-con e-child\" data-id=\"58415a1c\" data-element_type=\"container\" data-settings=\"{&quot;background_background&quot;:&quot;classic&quot;}\">\n\t\t\t\t<div class=\"elementor-element elementor-element-4479d006 elementor-widget elementor-widget-heading\" data-id=\"4479d006\" data-element_type=\"widget\" data-widget_type=\"heading.default\">\n\t\t\t\t<div class=\"elementor-widget-container\">\n\t\t\t\t\t<h2 class=\"elementor-heading-title elementor-size-default\"><span>Kalkula\u010dka<\/span> polohy<\/h2>\t\t\t\t<\/div>\n\t\t\t\t<\/div>\n\t\t\t\t<div class=\"elementor-element elementor-element-6a60f05b elementor-widget elementor-widget-heading\" data-id=\"6a60f05b\" data-element_type=\"widget\" data-widget_type=\"heading.default\">\n\t\t\t\t<div class=\"elementor-widget-container\">\n\t\t\t\t\t<p class=\"elementor-heading-title elementor-size-default\">Z\u00edskejte p\u0159\u00edstup ke glob\u00e1ln\u00edm m\u011bnov\u00fdm trh\u016fm s rychlou realizac\u00ed a spravedliv\u00fdmi spready.<\/p>\t\t\t\t<\/div>\n\t\t\t\t<\/div>\n\t\t\t\t<\/div>\n\t\t<div class=\"elementor-element elementor-element-8e81d33 e-con-full e-flex e-con e-child\" data-id=\"8e81d33\" data-element_type=\"container\" data-settings=\"{&quot;background_background&quot;:&quot;classic&quot;}\">\n\t\t<div class=\"elementor-element elementor-element-2c139343 e-flex e-con-boxed e-con e-child\" data-id=\"2c139343\" data-element_type=\"container\">\n\t\t\t\t\t<div class=\"e-con-inner\">\n\t\t\t\t<div class=\"elementor-element elementor-element-5b203a03 elementor-align-left calc-banner-link elementor-widget elementor-widget-breadcrumbs\" data-id=\"5b203a03\" data-element_type=\"widget\" data-widget_type=\"breadcrumbs.default\">\n\t\t\t\t<div class=\"elementor-widget-container\">\n\t\t\t\t\t<p id=\"breadcrumbs\"><span><span><a href=\"https:\/\/finpros.com\/\">Home<\/a><\/span><\/span><\/p>\t\t\t\t<\/div>\n\t\t\t\t<\/div>\n\t\t\t\t\t<\/div>\n\t\t\t\t<\/div>\n\t\t\t\t<\/div>\n\t\t\t\t<\/div>\n\t\t<div class=\"elementor-element elementor-element-2fac50f e-flex e-con-boxed e-con e-parent\" data-id=\"2fac50f\" data-element_type=\"container\">\n\t\t\t\t\t<div class=\"e-con-inner\">\n\t\t<div class=\"elementor-element elementor-element-4997a57 e-con-full e-flex e-con e-child\" data-id=\"4997a57\" data-element_type=\"container\">\n\t\t\t\t<div class=\"elementor-element elementor-element-1ec21d1 elementor-widget elementor-widget-heading\" data-id=\"1ec21d1\" data-element_type=\"widget\" data-widget_type=\"heading.default\">\n\t\t\t\t<div class=\"elementor-widget-container\">\n\t\t\t\t\t<h2 class=\"elementor-heading-title elementor-size-default\"> <span>Kalkula\u010dka<\/span> polohy<\/h2>\t\t\t\t<\/div>\n\t\t\t\t<\/div>\n\t\t\t\t<\/div>\n\t\t<div class=\"elementor-element elementor-element-df56ab4 e-con-full e-flex e-con e-child\" data-id=\"df56ab4\" data-element_type=\"container\">\n\t\t\t\t<div class=\"elementor-element elementor-element-51bd7d2 elementor-widget elementor-widget-text-editor\" data-id=\"51bd7d2\" data-element_type=\"widget\" data-widget_type=\"text-editor.default\">\n\t\t\t\t<div class=\"elementor-widget-container\">\n\t\t\t\t\t\t\t\t\t<p>Dal\u0161\u00ed d\u016fle\u017eit\u00fd n\u00e1stroj pro zku\u0161en\u00e9 i za\u010d\u00ednaj\u00edc\u00ed obchodn\u00edky, tato kalkula\u010dka je nezbytn\u00e1 pro \u0159\u00edzen\u00ed rizika na obchod a sledov\u00e1n\u00ed celkov\u00e9 expozice na trhu.<\/p>\t\t\t\t\t\t\t\t<\/div>\n\t\t\t\t<\/div>\n\t\t\t\t<\/div>\n\t\t<div class=\"elementor-element elementor-element-f4a2424 e-con-full e-flex e-con e-child\" data-id=\"f4a2424\" data-element_type=\"container\">\n\t\t\t\t<div class=\"elementor-element elementor-element-fb967bb elementor-widget elementor-widget-text-editor\" data-id=\"fb967bb\" data-element_type=\"widget\" data-widget_type=\"text-editor.default\">\n\t\t\t\t<div class=\"elementor-widget-container\">\n\t\t\t\t\t\t\t\t\t<p><b>P\u0159\u00edklad:<\/b> Op\u011bt pou\u017eijeme n\u00e1\u0161 standardn\u00ed m\u011bnov\u00fd p\u00e1r EUR\/USD. Chcete riskovat pouze 1 % sv\u00e9ho \u00fa\u010dtu na obchod. Chcete m\u00edt stop pouze 25 pip\u016f od aktu\u00e1ln\u00ed ceny. M\u00e1te velikost \u00fa\u010dtu 50 000 USD, proto budete pou\u017e\u00edvat velikost pozice dva loty. Ve skute\u010dnosti budete na obchod riskovat 500 USD, pokud bude v\u00e1\u0161 stop loss aktivov\u00e1n, bude to va\u0161e ztr\u00e1ta.    <br><br><\/p><p class=\"note\">*jedna \u0161ar\u017ee se rovn\u00e1 100 000 jednotek.<\/p>\t\t\t\t\t\t\t\t<\/div>\n\t\t\t\t<\/div>\n\t\t\t\t<\/div>\n\t\t\t\t\t<\/div>\n\t\t\t\t<\/div>\n\t\t<div class=\"elementor-element elementor-element-fa3bf46 e-flex e-con-boxed e-con e-parent\" data-id=\"fa3bf46\" data-element_type=\"container\">\n\t\t\t\t\t<div class=\"e-con-inner\">\n\t\t<div class=\"elementor-element elementor-element-eb702b9 e-con-full e-flex e-con e-child\" data-id=\"eb702b9\" data-element_type=\"container\">\n\t\t\t\t<div class=\"elementor-element elementor-element-c05ae7a elementor-widget elementor-widget-shortcode\" data-id=\"c05ae7a\" data-element_type=\"widget\" data-widget_type=\"shortcode.default\">\n\t\t\t\t<div class=\"elementor-widget-container\">\n\t\t\t\t\t\t\t<div class=\"elementor-shortcode\">    <div class=\"position-size-calculator\">\r\n        <div class=\"calculator-container\">\r\n            <div class=\"calculator-header\">\r\n                <h3><i class=\"fas fa-calculator\"><\/i> Position Size Calculator<\/h3>\r\n                <p>Calculate optimal position size based on your risk parameters<\/p>\r\n            <\/div>\r\n            \r\n            <div class=\"calculator-body\">\r\n                <div class=\"input-section\">\r\n                    <div class=\"form-row\">\r\n                        <div class=\"form-column\">\r\n                            <div class=\"form-group\">\r\n                                <label for=\"psc-account-balance\">Account Balance<\/label>\r\n                                <input type=\"number\" id=\"psc-account-balance\" class=\"form-control\" value=\"10000\" min=\"1\" step=\"1\">\r\n                            <\/div>\r\n                            \r\n                            <div class=\"form-group\">\r\n                                <label for=\"psc-risk-percentage\">Risk Percentage (%)<\/label>\r\n                                <input type=\"number\" id=\"psc-risk-percentage\" class=\"form-control\" value=\"1\" min=\"0.01\" max=\"100\" step=\"0.01\">\r\n                            <\/div>\r\n                            \r\n                            <div class=\"form-group\">\r\n                                <label>Stop Loss Type<\/label>\r\n                                <div style=\"display: flex; margin-top: 8px;\">\r\n                                    <div style=\"margin-right: 20px;\">\r\n                                        <input type=\"radio\" id=\"psc-stop-loss-type-pips\" name=\"psc-stop-loss-type\" value=\"pips\" checked>\r\n                                        <label for=\"psc-stop-loss-type-pips\" style=\"display: inline; margin-left: 5px;\">Pips<\/label>\r\n                                    <\/div>\r\n                                    <div>\r\n                                        <input type=\"radio\" id=\"psc-stop-loss-type-price\" name=\"psc-stop-loss-type\" value=\"price\">\r\n                                        <label for=\"psc-stop-loss-type-price\" style=\"display: inline; margin-left: 5px;\">Price<\/label>\r\n                                    <\/div>\r\n                                <\/div>\r\n                            <\/div>\r\n                            \r\n                            <div class=\"form-group\" id=\"psc-stop-loss-pips-container\">\r\n                                <label for=\"psc-stop-loss-pips\">Stop loss (pips)<\/label>\r\n                                <input type=\"number\" id=\"psc-stop-loss-pips\" class=\"form-control\" value=\"50\" min=\"1\" step=\"1\">\r\n                            <\/div>\r\n                            \r\n                            <div id=\"psc-price-fields-container\" style=\"display: none;\">\r\n                                <div class=\"form-group\">\r\n                                    <label for=\"psc-open-price\">Open price<\/label>\r\n                                    <input type=\"number\" id=\"psc-open-price\" class=\"form-control\" value=\"1.0000\" step=\"0.00001\">\r\n                                <\/div>\r\n                                <div class=\"form-group\">\r\n                                    <label for=\"psc-stop-loss-price\">Stop loss price<\/label>\r\n                                    <input type=\"number\" id=\"psc-stop-loss-price\" class=\"form-control\" value=\"0.9950\" step=\"0.00001\">\r\n                                <\/div>\r\n                            <\/div>\r\n                            \r\n                            <div class=\"form-group\" id=\"psc-currency-price-container\" style=\"display: none;\">\r\n                                <label for=\"psc-currency-price\" id=\"psc-currency-price-label\">USD\/AUD Price<\/label>\r\n                                <input type=\"number\" id=\"psc-currency-price\" class=\"form-control\" value=\"1.0\" step=\"0.00001\">\r\n                            <\/div>\r\n                        <\/div>\r\n                        \r\n                        <div class=\"form-column\">\r\n                            <div class=\"form-group\">\r\n                                <label for=\"psc-account-currency\">Account Currency<\/label>\r\n                                <select id=\"psc-account-currency\" class=\"form-control\">\r\n                                    <option value=\"USD\">USD<\/option>\r\n                                    <option value=\"EUR\">EUR<\/option>\r\n                                    <option value=\"GBP\">GBP<\/option>\r\n                                    <option value=\"JPY\">JPY<\/option>\r\n                                    <option value=\"AUD\">AUD<\/option>\r\n                                    <option value=\"CAD\">CAD<\/option>\r\n                                <\/select>\r\n                            <\/div>\r\n                            \r\n                            <div class=\"form-group\">\r\n                                <label for=\"psc-currency-pair\">Instrument<\/label>\r\n                                <select id=\"psc-currency-pair\" class=\"form-control\">\r\n                                    <option value=\"\">Loading pairs...<\/option>\r\n                                <\/select>\r\n                            <\/div>\r\n                            \r\n                            <div class=\"form-group\">\r\n                                <label for=\"psc-pip-size\" id=\"psc-pip-size-label\">EUR\/USD 1 Pip Size<\/label>\r\n                                <input type=\"number\" id=\"psc-pip-size\" class=\"form-control\" value=\"0.0001\" step=\"0.00001\" readonly>\r\n                            <\/div>\r\n                            \r\n                            <div class=\"form-group\">\r\n                                <label for=\"psc-contract-size\">Contract size (Units per Lot)<\/label>\r\n                                <input type=\"number\" id=\"psc-contract-size\" class=\"form-control\" value=\"100000\" readonly>\r\n                            <\/div>\r\n                        <\/div>\r\n                    <\/div>\r\n                    \r\n                    <button id=\"psc-calculate-btn\" class=\"calculate-btn\">\r\n                        <i class=\"fas fa-calculator\"><\/i> Calculate\r\n                    <\/button>\r\n                <\/div>\r\n                \r\n                <div class=\"results-section\">\r\n                    <div class=\"result-box\">\r\n                        <div class=\"result-title\">Lots (trade size)<\/div>\r\n                        <div class=\"result-value\" id=\"psc-position-size\">1<\/div>\r\n                    <\/div>\r\n                    \r\n                    <div class=\"result-box\">\r\n                        <div class=\"result-title\">Units (trade size)<\/div>\r\n                        <div class=\"result-value\" id=\"psc-position-units\">100,000<\/div>\r\n                    <\/div>\r\n                    \r\n                    <div class=\"result-box\">\r\n                        <div class=\"result-title\">Money at risk<\/div>\r\n                        <div class=\"result-value\"><span id=\"psc-risk-currency\">US$<\/span><span id=\"psc-risk-amount\">2,000.00<\/span><\/div>\r\n                    <\/div>\r\n                <\/div>\r\n            <\/div>\r\n            \r\n            <div class=\"calculator-footer\">\r\n                <p>Always verify calculations with your broker's specifications before trading.<\/p>\r\n            <\/div>\r\n        <\/div>\r\n    <\/div>\r\n    <\/div>\n\t\t\t\t\t\t<\/div>\n\t\t\t\t<\/div>\n\t\t\t\t<\/div>\n\t\t\t\t\t<\/div>\n\t\t\t\t<\/div>\n\t\t<div class=\"elementor-element elementor-element-1d3e00a e-flex e-con-boxed e-con e-parent\" data-id=\"1d3e00a\" data-element_type=\"container\">\n\t\t\t\t\t<div class=\"e-con-inner\">\n\t\t\t\t<div class=\"elementor-element elementor-element-e40af82 elementor-widget elementor-widget-heading\" data-id=\"e40af82\" data-element_type=\"widget\" data-widget_type=\"heading.default\">\n\t\t\t\t<div class=\"elementor-widget-container\">\n\t\t\t\t\t<h2 class=\"elementor-heading-title elementor-size-default\"><span>Odpov\u011bdi na<\/span> nej\u010dast\u011bj\u0161\u00ed ot\u00e1zky na <br><\/h2>\t\t\t\t<\/div>\n\t\t\t\t<\/div>\n\t\t\t\t<div class=\"elementor-element elementor-element-ad0bb0a elementor-widget__width-initial elementor-widget elementor-widget-shortcode\" data-id=\"ad0bb0a\" data-element_type=\"widget\" data-widget_type=\"shortcode.default\">\n\t\t\t\t<div class=\"elementor-widget-container\">\n\t\t\t\t\t\t\t<div class=\"elementor-shortcode\">            <div class=\"qae-faqs-container qae-faqs-toggle-container\">\n\t\t\t\t\t\t<div id=\"qaef-19520\" class=\"qe-faq-toggle obchodovani\">\n\t\t\t<div class=\"qe-toggle-title\">\n\t\t\t\t<h4>\n\t\t\t\t\t<i class=\"fa fa-minus-circle\"><\/i> Jak si mohu zm\u011bnit heslo?\t\t\t\t<\/h4>\n\t\t\t<\/div>\n\t\t\t<div class=\"qe-toggle-content\">\n\t\t\t\t<ul>\n<li>Klepn\u011bte na tla\u010d\u00edtko &#8220;P\u0159ihl\u00e1sit se&#8221; a pot\u00e9 na &#8220;Zapomenut\u00e9 heslo&#8221;.<\/li>\n<li>Do po\u017eadovan\u00e9ho pole zadejte e-mail, pod kter\u00fdm jste se zaregistrovali, a klepn\u011bte na tla\u010d\u00edtko &#8220;Odeslat&#8221;.<\/li>\n<li>E-mailovou zpr\u00e1vou v\u00e1m za\u0161leme odkaz pro zm\u011bnu hesla.<\/li>\n<\/ul>\n\t\t\t<\/div>\n\t\t<\/div>\n\t\t\t\t<div id=\"qaef-19524\" class=\"qe-faq-toggle obchodovani\">\n\t\t\t<div class=\"qe-toggle-title\">\n\t\t\t\t<h4>\n\t\t\t\t\t<i class=\"fa fa-minus-circle\"><\/i> Jak mohu zm\u011bnit \u00fadaje o sv\u00e9m \u00fa\u010dtu?\t\t\t\t<\/h4>\n\t\t\t<\/div>\n\t\t\t<div class=\"qe-toggle-content\">\n\t\t\t\t<ul style=\"margin-left: -15px\">\n<li>Klepn\u011bte na kartu &#8220;\u00da\u010det&#8221; vpravo dole a pot\u00e9 na &#8220;Upravit profil&#8221;.<\/li>\n<li>Na t\u00e9to str\u00e1nce m\u016f\u017eete upravit &#8220;Search handle&#8221;, &#8220;Signal name&#8221; a &#8220;Equity guide&#8221;.<\/li>\n<\/ul>\n\t\t\t<\/div>\n\t\t<\/div>\n\t\t\t\t<div id=\"qaef-19522\" class=\"qe-faq-toggle obchodovani\">\n\t\t\t<div class=\"qe-toggle-title\">\n\t\t\t\t<h4>\n\t\t\t\t\t<i class=\"fa fa-minus-circle\"><\/i> Jak mohu zm\u011bnit sv\u016fj obchodn\u00ed \u00fa\u010det?\t\t\t\t<\/h4>\n\t\t\t<\/div>\n\t\t\t<div class=\"qe-toggle-content\">\n\t\t\t\t<ul style=\"margin-left: -15px\">\n<li>Klepn\u011bte na kartu &#8220;\u00da\u010det&#8221; vpravo dole.<\/li>\n<li>P\u0159ejd\u011bte na konec a klepn\u011bte na tla\u010d\u00edtko &#8220;Propojit \u00fa\u010det&#8221;.<\/li>\n<li>Zadejte \u00fadaje o sv\u00e9m nov\u00e9m obchodn\u00edm \u00fa\u010dtu.<\/li>\n<\/ul>\n\t\t\t<\/div>\n\t\t<\/div>\n\t\t            <\/div>\n\t\t<\/div>\n\t\t\t\t\t\t<\/div>\n\t\t\t\t<\/div>\n\t\t\t\t<div class=\"elementor-element elementor-element-a86303c elementor-align-center elementor-widget__width-auto read-more-link elementor-widget elementor-widget-button\" data-id=\"a86303c\" data-element_type=\"widget\" data-widget_type=\"button.default\">\n\t\t\t\t<div class=\"elementor-widget-container\">\n\t\t\t\t\t\t\t\t\t<div class=\"elementor-button-wrapper\">\n\t\t\t\t\t<a class=\"elementor-button elementor-button-link elementor-size-sm\" href=\"https:\/\/finpros.com\/cs\/nejcastejsi-dotazy\/\">\n\t\t\t\t\t\t<span class=\"elementor-button-content-wrapper\">\n\t\t\t\t\t\t<span class=\"elementor-button-icon\">\n\t\t\t\t<svg aria-hidden=\"true\" class=\"e-font-icon-svg e-fas-arrow-right\" viewBox=\"0 0 448 512\" xmlns=\"http:\/\/www.w3.org\/2000\/svg\"><path d=\"M190.5 66.9l22.2-22.2c9.4-9.4 24.6-9.4 33.9 0L441 239c9.4 9.4 9.4 24.6 0 33.9L246.6 467.3c-9.4 9.4-24.6 9.4-33.9 0l-22.2-22.2c-9.5-9.5-9.3-25 .4-34.3L311.4 296H24c-13.3 0-24-10.7-24-24v-32c0-13.3 10.7-24 24-24h287.4L190.9 101.2c-9.8-9.3-10-24.8-.4-34.3z\"><\/path><\/svg>\t\t\t<\/span>\n\t\t\t\t\t\t\t\t\t<span class=\"elementor-button-text\">P\u0159e\u010dt\u011bte si v\u00edce<\/span>\n\t\t\t\t\t<\/span>\n\t\t\t\t\t<\/a>\n\t\t\t\t<\/div>\n\t\t\t\t\t\t\t\t<\/div>\n\t\t\t\t<\/div>\n\t\t\t\t\t<\/div>\n\t\t\t\t<\/div>\n\t\t\t\t<\/div>\n\t\t","protected":false},"excerpt":{"rendered":"<p>Kalkula\u010dka polohy Z\u00edskejte p\u0159\u00edstup ke glob\u00e1ln\u00edm m\u011bnov\u00fdm trh\u016fm s rychlou realizac\u00ed a spravedliv\u00fdmi spready. Kalkula\u010dka polohy Dal\u0161\u00ed d\u016fle\u017eit\u00fd n\u00e1stroj pro zku\u0161en\u00e9 i za\u010d\u00ednaj\u00edc\u00ed obchodn\u00edky, tato kalkula\u010dka je nezbytn\u00e1 pro \u0159\u00edzen\u00ed rizika na obchod a sledov\u00e1n\u00ed celkov\u00e9 expozice na trhu. P\u0159\u00edklad: Op\u011bt pou\u017eijeme n\u00e1\u0161 standardn\u00ed m\u011bnov\u00fd p\u00e1r EUR\/USD. Chcete riskovat pouze 1 % sv\u00e9ho \u00fa\u010dtu na [&hellip;]<\/p>\n","protected":false},"author":1,"featured_media":0,"parent":0,"menu_order":0,"comment_status":"closed","ping_status":"closed","template":"tpl-default-elementor.php","meta":{"footnotes":""},"class_list":["post-19196","page","type-page","status-publish","hentry"],"yoast_head":"<!-- This site is optimized with the Yoast SEO plugin v25.0 - https:\/\/yoast.com\/wordpress\/plugins\/seo\/ -->\n<title>Kalkula\u010dka polohy - FinPros<\/title>\n<meta name=\"robots\" content=\"index, follow, max-snippet:-1, max-image-preview:large, max-video-preview:-1\" \/>\n<link rel=\"canonical\" href=\"https:\/\/finpros.com\/cs\/kalkulacka-polohy\/\" \/>\n<meta property=\"og:locale\" content=\"cs_CZ\" \/>\n<meta property=\"og:type\" content=\"article\" \/>\n<meta property=\"og:title\" content=\"Kalkula\u010dka polohy - FinPros\" \/>\n<meta property=\"og:description\" content=\"Kalkula\u010dka polohy Z\u00edskejte p\u0159\u00edstup ke glob\u00e1ln\u00edm m\u011bnov\u00fdm trh\u016fm s rychlou realizac\u00ed a spravedliv\u00fdmi spready. Kalkula\u010dka polohy Dal\u0161\u00ed d\u016fle\u017eit\u00fd n\u00e1stroj pro zku\u0161en\u00e9 i za\u010d\u00ednaj\u00edc\u00ed obchodn\u00edky, tato kalkula\u010dka je nezbytn\u00e1 pro \u0159\u00edzen\u00ed rizika na obchod a sledov\u00e1n\u00ed celkov\u00e9 expozice na trhu. P\u0159\u00edklad: Op\u011bt pou\u017eijeme n\u00e1\u0161 standardn\u00ed m\u011bnov\u00fd p\u00e1r EUR\/USD. Chcete riskovat pouze 1 % sv\u00e9ho \u00fa\u010dtu na [&hellip;]\" \/>\n<meta property=\"og:url\" content=\"https:\/\/finpros.com\/cs\/kalkulacka-polohy\/\" \/>\n<meta property=\"og:site_name\" content=\"FinPros\" \/>\n<meta property=\"article:modified_time\" content=\"2025-11-21T15:49:32+00:00\" \/>\n<meta name=\"twitter:card\" content=\"summary_large_image\" \/>\n<meta name=\"twitter:label1\" content=\"Odhadovan\u00e1 doba \u010dten\u00ed\" \/>\n\t<meta name=\"twitter:data1\" content=\"1 minuta\" \/>\n<script type=\"application\/ld+json\" class=\"yoast-schema-graph\">{\"@context\":\"https:\/\/schema.org\",\"@graph\":[{\"@type\":\"WebPage\",\"@id\":\"https:\/\/finpros.com\/cs\/kalkulacka-polohy\/\",\"url\":\"https:\/\/finpros.com\/cs\/kalkulacka-polohy\/\",\"name\":\"Kalkula\u010dka polohy - FinPros\",\"isPartOf\":{\"@id\":\"https:\/\/finpros.com\/#website\"},\"datePublished\":\"2025-04-16T16:55:02+00:00\",\"dateModified\":\"2025-11-21T15:49:32+00:00\",\"breadcrumb\":{\"@id\":\"https:\/\/finpros.com\/cs\/kalkulacka-polohy\/#breadcrumb\"},\"inLanguage\":\"cs\",\"potentialAction\":[{\"@type\":\"ReadAction\",\"target\":[\"https:\/\/finpros.com\/cs\/kalkulacka-polohy\/\"]}]},{\"@type\":\"BreadcrumbList\",\"@id\":\"https:\/\/finpros.com\/cs\/kalkulacka-polohy\/#breadcrumb\",\"itemListElement\":[{\"@type\":\"ListItem\",\"position\":1,\"name\":\"Home\",\"item\":\"https:\/\/finpros.com\/\"},{\"@type\":\"ListItem\",\"position\":2,\"name\":\"Kalkula\u010dka polohy\"}]},{\"@type\":\"WebSite\",\"@id\":\"https:\/\/finpros.com\/#website\",\"url\":\"https:\/\/finpros.com\/\",\"name\":\"FinPros\",\"description\":\"\",\"publisher\":{\"@id\":\"https:\/\/finpros.com\/#organization\"},\"potentialAction\":[{\"@type\":\"SearchAction\",\"target\":{\"@type\":\"EntryPoint\",\"urlTemplate\":\"https:\/\/finpros.com\/?s={search_term_string}\"},\"query-input\":{\"@type\":\"PropertyValueSpecification\",\"valueRequired\":true,\"valueName\":\"search_term_string\"}}],\"inLanguage\":\"cs\"},{\"@type\":\"Organization\",\"@id\":\"https:\/\/finpros.com\/#organization\",\"name\":\"FinPros\",\"url\":\"https:\/\/finpros.com\/\",\"logo\":{\"@type\":\"ImageObject\",\"inLanguage\":\"cs\",\"@id\":\"https:\/\/finpros.com\/#\/schema\/logo\/image\/\",\"url\":\"https:\/\/finpros.com\/wp-content\/uploads\/2025\/03\/FinPros-PNG-1.png\",\"contentUrl\":\"https:\/\/finpros.com\/wp-content\/uploads\/2025\/03\/FinPros-PNG-1.png\",\"width\":1050,\"height\":369,\"caption\":\"FinPros\"},\"image\":{\"@id\":\"https:\/\/finpros.com\/#\/schema\/logo\/image\/\"}}]}<\/script>\n<!-- \/ Yoast SEO plugin. -->","yoast_head_json":{"title":"Kalkula\u010dka polohy - FinPros","robots":{"index":"index","follow":"follow","max-snippet":"max-snippet:-1","max-image-preview":"max-image-preview:large","max-video-preview":"max-video-preview:-1"},"canonical":"https:\/\/finpros.com\/cs\/kalkulacka-polohy\/","og_locale":"cs_CZ","og_type":"article","og_title":"Kalkula\u010dka polohy - FinPros","og_description":"Kalkula\u010dka polohy Z\u00edskejte p\u0159\u00edstup ke glob\u00e1ln\u00edm m\u011bnov\u00fdm trh\u016fm s rychlou realizac\u00ed a spravedliv\u00fdmi spready. Kalkula\u010dka polohy Dal\u0161\u00ed d\u016fle\u017eit\u00fd n\u00e1stroj pro zku\u0161en\u00e9 i za\u010d\u00ednaj\u00edc\u00ed obchodn\u00edky, tato kalkula\u010dka je nezbytn\u00e1 pro \u0159\u00edzen\u00ed rizika na obchod a sledov\u00e1n\u00ed celkov\u00e9 expozice na trhu. P\u0159\u00edklad: Op\u011bt pou\u017eijeme n\u00e1\u0161 standardn\u00ed m\u011bnov\u00fd p\u00e1r EUR\/USD. Chcete riskovat pouze 1 % sv\u00e9ho \u00fa\u010dtu na [&hellip;]","og_url":"https:\/\/finpros.com\/cs\/kalkulacka-polohy\/","og_site_name":"FinPros","article_modified_time":"2025-11-21T15:49:32+00:00","twitter_card":"summary_large_image","twitter_misc":{"Odhadovan\u00e1 doba \u010dten\u00ed":"1 minuta"},"schema":{"@context":"https:\/\/schema.org","@graph":[{"@type":"WebPage","@id":"https:\/\/finpros.com\/cs\/kalkulacka-polohy\/","url":"https:\/\/finpros.com\/cs\/kalkulacka-polohy\/","name":"Kalkula\u010dka polohy - FinPros","isPartOf":{"@id":"https:\/\/finpros.com\/#website"},"datePublished":"2025-04-16T16:55:02+00:00","dateModified":"2025-11-21T15:49:32+00:00","breadcrumb":{"@id":"https:\/\/finpros.com\/cs\/kalkulacka-polohy\/#breadcrumb"},"inLanguage":"cs","potentialAction":[{"@type":"ReadAction","target":["https:\/\/finpros.com\/cs\/kalkulacka-polohy\/"]}]},{"@type":"BreadcrumbList","@id":"https:\/\/finpros.com\/cs\/kalkulacka-polohy\/#breadcrumb","itemListElement":[{"@type":"ListItem","position":1,"name":"Home","item":"https:\/\/finpros.com\/"},{"@type":"ListItem","position":2,"name":"Kalkula\u010dka polohy"}]},{"@type":"WebSite","@id":"https:\/\/finpros.com\/#website","url":"https:\/\/finpros.com\/","name":"FinPros","description":"","publisher":{"@id":"https:\/\/finpros.com\/#organization"},"potentialAction":[{"@type":"SearchAction","target":{"@type":"EntryPoint","urlTemplate":"https:\/\/finpros.com\/?s={search_term_string}"},"query-input":{"@type":"PropertyValueSpecification","valueRequired":true,"valueName":"search_term_string"}}],"inLanguage":"cs"},{"@type":"Organization","@id":"https:\/\/finpros.com\/#organization","name":"FinPros","url":"https:\/\/finpros.com\/","logo":{"@type":"ImageObject","inLanguage":"cs","@id":"https:\/\/finpros.com\/#\/schema\/logo\/image\/","url":"https:\/\/finpros.com\/wp-content\/uploads\/2025\/03\/FinPros-PNG-1.png","contentUrl":"https:\/\/finpros.com\/wp-content\/uploads\/2025\/03\/FinPros-PNG-1.png","width":1050,"height":369,"caption":"FinPros"},"image":{"@id":"https:\/\/finpros.com\/#\/schema\/logo\/image\/"}}]}},"_links":{"self":[{"href":"https:\/\/finpros.com\/cs\/wp-json\/wp\/v2\/pages\/19196","targetHints":{"allow":["GET"]}}],"collection":[{"href":"https:\/\/finpros.com\/cs\/wp-json\/wp\/v2\/pages"}],"about":[{"href":"https:\/\/finpros.com\/cs\/wp-json\/wp\/v2\/types\/page"}],"author":[{"embeddable":true,"href":"https:\/\/finpros.com\/cs\/wp-json\/wp\/v2\/users\/1"}],"replies":[{"embeddable":true,"href":"https:\/\/finpros.com\/cs\/wp-json\/wp\/v2\/comments?post=19196"}],"version-history":[{"count":2,"href":"https:\/\/finpros.com\/cs\/wp-json\/wp\/v2\/pages\/19196\/revisions"}],"predecessor-version":[{"id":19393,"href":"https:\/\/finpros.com\/cs\/wp-json\/wp\/v2\/pages\/19196\/revisions\/19393"}],"wp:attachment":[{"href":"https:\/\/finpros.com\/cs\/wp-json\/wp\/v2\/media?parent=19196"}],"curies":[{"name":"wp","href":"https:\/\/api.w.org\/{rel}","templated":true}]}}