{"id":19195,"date":"2025-03-25T05:33:35","date_gmt":"2025-03-25T05:33:35","guid":{"rendered":"https:\/\/finpros.com\/odmitnuti-odpovednosti\/"},"modified":"2025-11-21T12:51:13","modified_gmt":"2025-11-21T12:51:13","slug":"odmitnuti-odpovednosti","status":"publish","type":"page","link":"https:\/\/finpros.com\/cs\/odmitnuti-odpovednosti\/","title":{"rendered":"Odm\u00edtnut\u00ed odpov\u011bdnosti"},"content":{"rendered":"\t\t<div data-elementor-type=\"wp-page\" data-elementor-id=\"19195\" class=\"elementor elementor-19195 elementor-1817\" data-elementor-post-type=\"page\">\n\t\t\t\t<div class=\"elementor-element elementor-element-6cf91e5a e-con-full calculator-sub-banner e-flex e-con e-parent\" data-id=\"6cf91e5a\" data-element_type=\"container\" data-settings=\"{&quot;background_background&quot;:&quot;classic&quot;}\">\n\t\t<div class=\"elementor-element elementor-element-1b329dd4 e-flex e-con-boxed e-con e-child\" data-id=\"1b329dd4\" data-element_type=\"container\" data-settings=\"{&quot;background_background&quot;:&quot;classic&quot;}\">\n\t\t\t\t\t<div class=\"e-con-inner\">\n\t\t\t\t<div class=\"elementor-element elementor-element-23f907ba elementor-widget elementor-widget-heading\" data-id=\"23f907ba\" data-element_type=\"widget\" data-widget_type=\"heading.default\">\n\t\t\t\t<div class=\"elementor-widget-container\">\n\t\t\t\t\t<h2 class=\"elementor-heading-title elementor-size-default\">Odm\u00edtnut\u00ed odpov\u011bdnosti<\/h2>\t\t\t\t<\/div>\n\t\t\t\t<\/div>\n\t\t\t\t\t<\/div>\n\t\t\t\t<\/div>\n\t\t<div class=\"elementor-element elementor-element-4c23e695 e-con-full e-flex e-con e-child\" data-id=\"4c23e695\" data-element_type=\"container\">\n\t\t<div class=\"elementor-element elementor-element-1d05be48 e-flex e-con-boxed e-con e-child\" data-id=\"1d05be48\" data-element_type=\"container\">\n\t\t\t\t\t<div class=\"e-con-inner\">\n\t\t\t\t<div class=\"elementor-element elementor-element-4d38e9b1 elementor-align-left calc-banner-link bread-links elementor-widget elementor-widget-breadcrumbs\" data-id=\"4d38e9b1\" data-element_type=\"widget\" data-widget_type=\"breadcrumbs.default\">\n\t\t\t\t<div class=\"elementor-widget-container\">\n\t\t\t\t\t<p id=\"breadcrumbs\"><span><span><a href=\"https:\/\/finpros.com\/\">Home<\/a><\/span><\/span><\/p>\t\t\t\t<\/div>\n\t\t\t\t<\/div>\n\t\t\t\t\t<\/div>\n\t\t\t\t<\/div>\n\t\t\t\t<\/div>\n\t\t\t\t<\/div>\n\t\t<div class=\"elementor-element elementor-element-1c649a8b e-flex e-con-boxed e-con e-parent\" data-id=\"1c649a8b\" data-element_type=\"container\">\n\t\t\t\t\t<div class=\"e-con-inner\">\n\t\t\t\t<div class=\"elementor-element elementor-element-13fb2a25 elementor-widget elementor-widget-text-editor\" data-id=\"13fb2a25\" data-element_type=\"widget\" data-widget_type=\"text-editor.default\">\n\t\t\t\t<div class=\"elementor-widget-container\">\n\t\t\t\t\t\t\t\t\t\n<h2 class=\"wp-block-heading\">Odm\u00edtnut\u00ed odpov\u011bdnosti<\/h2>\n\n<p>Jak\u00e9koli n\u00e1zory, zpr\u00e1vy, v\u00fdzkumy, anal\u00fdzy, ceny nebo jin\u00e9 informace obsa\u017een\u00e9 na t\u011bchto webov\u00fdch str\u00e1nk\u00e1ch jsou poskytov\u00e1ny pouze pro informa\u010dn\u00ed \u00fa\u010dely a nep\u0159edstavuj\u00ed investi\u010dn\u00ed poradenstv\u00ed. Na t\u011bchto webov\u00fdch str\u00e1nk\u00e1ch nen\u00ed \u010din\u011bna, poskytov\u00e1na ani \u017e\u00e1dn\u00fdm zp\u016fsobem podporov\u00e1na \u017e\u00e1dn\u00e1 nab\u00eddka ani v\u00fdzva k n\u00e1kupu nebo prodeji jak\u00e9hokoli finan\u010dn\u00edho n\u00e1stroje ani \u017e\u00e1dn\u00fd jin\u00fd typ investi\u010dn\u00edho, obchodn\u00edho poradenstv\u00ed nebo strategie. Spole\u010dnost FinPros nep\u0159eb\u00edr\u00e1 odpov\u011bdnost za jak\u00e9koli ztr\u00e1ty nebo \u0161kody, kter\u00e9 mohou p\u0159\u00edmo \u010di nep\u0159\u00edmo vzniknout v d\u016fsledku pou\u017eit\u00ed t\u011bchto informac\u00ed nebo spol\u00e9h\u00e1n\u00ed se na n\u011b. Spole\u010dnost FinPros zejm\u00e9na neodpov\u00edd\u00e1 za v\u00fdsledky obchodn\u00ed \u010dinnosti klient\u016f. Ka\u017ed\u00fd klient nese v\u00fdhradn\u00ed odpov\u011bdnost za zisky nebo ztr\u00e1ty vypl\u00fdvaj\u00edc\u00ed z jeho obchod\u016f a investic. Tr\u017en\u00ed informace, vzd\u011bl\u00e1vac\u00ed a analytick\u00e9 materi\u00e1ly na t\u011bchto webov\u00fdch str\u00e1nk\u00e1ch by v \u017e\u00e1dn\u00e9m p\u0159\u00edpad\u011b nem\u011bly b\u00fdt ch\u00e1p\u00e1ny, a\u0165 u\u017e v\u00fdslovn\u011b nebo nep\u0159\u00edmo, p\u0159\u00edmo nebo nep\u0159\u00edmo, jako investi\u010dn\u00ed poradenstv\u00ed, obchodn\u00ed poradenstv\u00ed, doporu\u010den\u00ed nebo n\u00e1vrh investi\u010dn\u00ed strategie t\u00fdkaj\u00edc\u00ed se finan\u010dn\u00edch n\u00e1stroj\u016f. Tyto informace jsou ur\u010deny v\u00fdhradn\u011b jako vzd\u011bl\u00e1vac\u00ed tr\u017en\u00ed materi\u00e1l. Spole\u010dnost FinPros nenese odpov\u011bdnost za p\u0159\u00edpadn\u00e9 chyby v kotac\u00edch a chyby softwaru obchodn\u00ed platformy. Pe\u010dliv\u011b si pros\u00edm p\u0159e\u010dt\u011bte na\u0161e <a href=\"https:\/\/pdf.finpros.com\/wp-content\/uploads\/2024\/01\/FinPros.com-Website-Terms-Conditions-of-Access-Use.pdf\" target=\"_blank\" rel=\"noreferrer noopener\">&#8220;Podm\u00ednky p\u0159\u00edstupu a pou\u017e\u00edv\u00e1n\u00ed webov\u00fdch str\u00e1nek&#8221;.<\/a>        <\/p>\n\n<h2 class=\"wp-block-heading\"> <\/h2>\n\t\t\t\t\t\t\t\t<\/div>\n\t\t\t\t<\/div>\n\t\t\t\t\t<\/div>\n\t\t\t\t<\/div>\n\t\t\t\t<\/div>\n\t\t","protected":false},"excerpt":{"rendered":"<p>Odm\u00edtnut\u00ed odpov\u011bdnosti Jak\u00e9koli n\u00e1zory, zpr\u00e1vy, v\u00fdzkumy, anal\u00fdzy, ceny nebo jin\u00e9 informace obsa\u017een\u00e9 na t\u011bchto webov\u00fdch str\u00e1nk\u00e1ch jsou poskytov\u00e1ny pouze pro informa\u010dn\u00ed \u00fa\u010dely a nep\u0159edstavuj\u00ed investi\u010dn\u00ed poradenstv\u00ed. Na t\u011bchto webov\u00fdch str\u00e1nk\u00e1ch nen\u00ed \u010din\u011bna, poskytov\u00e1na ani \u017e\u00e1dn\u00fdm zp\u016fsobem podporov\u00e1na \u017e\u00e1dn\u00e1 nab\u00eddka ani v\u00fdzva k n\u00e1kupu nebo prodeji jak\u00e9hokoli finan\u010dn\u00edho n\u00e1stroje ani \u017e\u00e1dn\u00fd jin\u00fd typ investi\u010dn\u00edho, obchodn\u00edho poradenstv\u00ed [&hellip;]<\/p>\n","protected":false},"author":1,"featured_media":0,"parent":0,"menu_order":0,"comment_status":"closed","ping_status":"closed","template":"tpl-default-elementor.php","meta":{"footnotes":""},"class_list":["post-19195","page","type-page","status-publish","hentry"],"yoast_head":"<!-- This site is optimized with the Yoast SEO plugin v25.0 - https:\/\/yoast.com\/wordpress\/plugins\/seo\/ -->\n<title>Odm\u00edtnut\u00ed odpov\u011bdnosti - FinPros<\/title>\n<meta name=\"robots\" content=\"index, follow, max-snippet:-1, max-image-preview:large, max-video-preview:-1\" \/>\n<link rel=\"canonical\" href=\"https:\/\/finpros.com\/cs\/odmitnuti-odpovednosti\/\" \/>\n<meta property=\"og:locale\" content=\"cs_CZ\" \/>\n<meta property=\"og:type\" content=\"article\" \/>\n<meta property=\"og:title\" content=\"Odm\u00edtnut\u00ed odpov\u011bdnosti - FinPros\" \/>\n<meta property=\"og:description\" content=\"Odm\u00edtnut\u00ed odpov\u011bdnosti Jak\u00e9koli n\u00e1zory, zpr\u00e1vy, v\u00fdzkumy, anal\u00fdzy, ceny nebo jin\u00e9 informace obsa\u017een\u00e9 na t\u011bchto webov\u00fdch str\u00e1nk\u00e1ch jsou poskytov\u00e1ny pouze pro informa\u010dn\u00ed \u00fa\u010dely a nep\u0159edstavuj\u00ed investi\u010dn\u00ed poradenstv\u00ed. Na t\u011bchto webov\u00fdch str\u00e1nk\u00e1ch nen\u00ed \u010din\u011bna, poskytov\u00e1na ani \u017e\u00e1dn\u00fdm zp\u016fsobem podporov\u00e1na \u017e\u00e1dn\u00e1 nab\u00eddka ani v\u00fdzva k n\u00e1kupu nebo prodeji jak\u00e9hokoli finan\u010dn\u00edho n\u00e1stroje ani \u017e\u00e1dn\u00fd jin\u00fd typ investi\u010dn\u00edho, obchodn\u00edho poradenstv\u00ed [&hellip;]\" \/>\n<meta property=\"og:url\" content=\"https:\/\/finpros.com\/cs\/odmitnuti-odpovednosti\/\" \/>\n<meta property=\"og:site_name\" content=\"FinPros\" \/>\n<meta property=\"article:modified_time\" content=\"2025-11-21T12:51:13+00:00\" \/>\n<meta name=\"twitter:card\" content=\"summary_large_image\" \/>\n<meta name=\"twitter:label1\" content=\"Odhadovan\u00e1 doba \u010dten\u00ed\" \/>\n\t<meta name=\"twitter:data1\" content=\"1 minuta\" \/>\n<script type=\"application\/ld+json\" class=\"yoast-schema-graph\">{\"@context\":\"https:\/\/schema.org\",\"@graph\":[{\"@type\":\"WebPage\",\"@id\":\"https:\/\/finpros.com\/cs\/odmitnuti-odpovednosti\/\",\"url\":\"https:\/\/finpros.com\/cs\/odmitnuti-odpovednosti\/\",\"name\":\"Odm\u00edtnut\u00ed odpov\u011bdnosti - FinPros\",\"isPartOf\":{\"@id\":\"https:\/\/finpros.com\/#website\"},\"datePublished\":\"2025-03-25T05:33:35+00:00\",\"dateModified\":\"2025-11-21T12:51:13+00:00\",\"breadcrumb\":{\"@id\":\"https:\/\/finpros.com\/cs\/odmitnuti-odpovednosti\/#breadcrumb\"},\"inLanguage\":\"cs\",\"potentialAction\":[{\"@type\":\"ReadAction\",\"target\":[\"https:\/\/finpros.com\/cs\/odmitnuti-odpovednosti\/\"]}]},{\"@type\":\"BreadcrumbList\",\"@id\":\"https:\/\/finpros.com\/cs\/odmitnuti-odpovednosti\/#breadcrumb\",\"itemListElement\":[{\"@type\":\"ListItem\",\"position\":1,\"name\":\"Home\",\"item\":\"https:\/\/finpros.com\/\"},{\"@type\":\"ListItem\",\"position\":2,\"name\":\"Odm\u00edtnut\u00ed odpov\u011bdnosti\"}]},{\"@type\":\"WebSite\",\"@id\":\"https:\/\/finpros.com\/#website\",\"url\":\"https:\/\/finpros.com\/\",\"name\":\"FinPros\",\"description\":\"\",\"publisher\":{\"@id\":\"https:\/\/finpros.com\/#organization\"},\"potentialAction\":[{\"@type\":\"SearchAction\",\"target\":{\"@type\":\"EntryPoint\",\"urlTemplate\":\"https:\/\/finpros.com\/?s={search_term_string}\"},\"query-input\":{\"@type\":\"PropertyValueSpecification\",\"valueRequired\":true,\"valueName\":\"search_term_string\"}}],\"inLanguage\":\"cs\"},{\"@type\":\"Organization\",\"@id\":\"https:\/\/finpros.com\/#organization\",\"name\":\"FinPros\",\"url\":\"https:\/\/finpros.com\/\",\"logo\":{\"@type\":\"ImageObject\",\"inLanguage\":\"cs\",\"@id\":\"https:\/\/finpros.com\/#\/schema\/logo\/image\/\",\"url\":\"https:\/\/finpros.com\/wp-content\/uploads\/2025\/03\/FinPros-PNG-1.png\",\"contentUrl\":\"https:\/\/finpros.com\/wp-content\/uploads\/2025\/03\/FinPros-PNG-1.png\",\"width\":1050,\"height\":369,\"caption\":\"FinPros\"},\"image\":{\"@id\":\"https:\/\/finpros.com\/#\/schema\/logo\/image\/\"}}]}<\/script>\n<!-- \/ Yoast SEO plugin. -->","yoast_head_json":{"title":"Odm\u00edtnut\u00ed odpov\u011bdnosti - FinPros","robots":{"index":"index","follow":"follow","max-snippet":"max-snippet:-1","max-image-preview":"max-image-preview:large","max-video-preview":"max-video-preview:-1"},"canonical":"https:\/\/finpros.com\/cs\/odmitnuti-odpovednosti\/","og_locale":"cs_CZ","og_type":"article","og_title":"Odm\u00edtnut\u00ed odpov\u011bdnosti - FinPros","og_description":"Odm\u00edtnut\u00ed odpov\u011bdnosti Jak\u00e9koli n\u00e1zory, zpr\u00e1vy, v\u00fdzkumy, anal\u00fdzy, ceny nebo jin\u00e9 informace obsa\u017een\u00e9 na t\u011bchto webov\u00fdch str\u00e1nk\u00e1ch jsou poskytov\u00e1ny pouze pro informa\u010dn\u00ed \u00fa\u010dely a nep\u0159edstavuj\u00ed investi\u010dn\u00ed poradenstv\u00ed. Na t\u011bchto webov\u00fdch str\u00e1nk\u00e1ch nen\u00ed \u010din\u011bna, poskytov\u00e1na ani \u017e\u00e1dn\u00fdm zp\u016fsobem podporov\u00e1na \u017e\u00e1dn\u00e1 nab\u00eddka ani v\u00fdzva k n\u00e1kupu nebo prodeji jak\u00e9hokoli finan\u010dn\u00edho n\u00e1stroje ani \u017e\u00e1dn\u00fd jin\u00fd typ investi\u010dn\u00edho, obchodn\u00edho poradenstv\u00ed [&hellip;]","og_url":"https:\/\/finpros.com\/cs\/odmitnuti-odpovednosti\/","og_site_name":"FinPros","article_modified_time":"2025-11-21T12:51:13+00:00","twitter_card":"summary_large_image","twitter_misc":{"Odhadovan\u00e1 doba \u010dten\u00ed":"1 minuta"},"schema":{"@context":"https:\/\/schema.org","@graph":[{"@type":"WebPage","@id":"https:\/\/finpros.com\/cs\/odmitnuti-odpovednosti\/","url":"https:\/\/finpros.com\/cs\/odmitnuti-odpovednosti\/","name":"Odm\u00edtnut\u00ed odpov\u011bdnosti - FinPros","isPartOf":{"@id":"https:\/\/finpros.com\/#website"},"datePublished":"2025-03-25T05:33:35+00:00","dateModified":"2025-11-21T12:51:13+00:00","breadcrumb":{"@id":"https:\/\/finpros.com\/cs\/odmitnuti-odpovednosti\/#breadcrumb"},"inLanguage":"cs","potentialAction":[{"@type":"ReadAction","target":["https:\/\/finpros.com\/cs\/odmitnuti-odpovednosti\/"]}]},{"@type":"BreadcrumbList","@id":"https:\/\/finpros.com\/cs\/odmitnuti-odpovednosti\/#breadcrumb","itemListElement":[{"@type":"ListItem","position":1,"name":"Home","item":"https:\/\/finpros.com\/"},{"@type":"ListItem","position":2,"name":"Odm\u00edtnut\u00ed odpov\u011bdnosti"}]},{"@type":"WebSite","@id":"https:\/\/finpros.com\/#website","url":"https:\/\/finpros.com\/","name":"FinPros","description":"","publisher":{"@id":"https:\/\/finpros.com\/#organization"},"potentialAction":[{"@type":"SearchAction","target":{"@type":"EntryPoint","urlTemplate":"https:\/\/finpros.com\/?s={search_term_string}"},"query-input":{"@type":"PropertyValueSpecification","valueRequired":true,"valueName":"search_term_string"}}],"inLanguage":"cs"},{"@type":"Organization","@id":"https:\/\/finpros.com\/#organization","name":"FinPros","url":"https:\/\/finpros.com\/","logo":{"@type":"ImageObject","inLanguage":"cs","@id":"https:\/\/finpros.com\/#\/schema\/logo\/image\/","url":"https:\/\/finpros.com\/wp-content\/uploads\/2025\/03\/FinPros-PNG-1.png","contentUrl":"https:\/\/finpros.com\/wp-content\/uploads\/2025\/03\/FinPros-PNG-1.png","width":1050,"height":369,"caption":"FinPros"},"image":{"@id":"https:\/\/finpros.com\/#\/schema\/logo\/image\/"}}]}},"_links":{"self":[{"href":"https:\/\/finpros.com\/cs\/wp-json\/wp\/v2\/pages\/19195","targetHints":{"allow":["GET"]}}],"collection":[{"href":"https:\/\/finpros.com\/cs\/wp-json\/wp\/v2\/pages"}],"about":[{"href":"https:\/\/finpros.com\/cs\/wp-json\/wp\/v2\/types\/page"}],"author":[{"embeddable":true,"href":"https:\/\/finpros.com\/cs\/wp-json\/wp\/v2\/users\/1"}],"replies":[{"embeddable":true,"href":"https:\/\/finpros.com\/cs\/wp-json\/wp\/v2\/comments?post=19195"}],"version-history":[{"count":2,"href":"https:\/\/finpros.com\/cs\/wp-json\/wp\/v2\/pages\/19195\/revisions"}],"predecessor-version":[{"id":19201,"href":"https:\/\/finpros.com\/cs\/wp-json\/wp\/v2\/pages\/19195\/revisions\/19201"}],"wp:attachment":[{"href":"https:\/\/finpros.com\/cs\/wp-json\/wp\/v2\/media?parent=19195"}],"curies":[{"name":"wp","href":"https:\/\/api.w.org\/{rel}","templated":true}]}}