{"id":19187,"date":"2025-03-25T05:34:16","date_gmt":"2025-03-25T05:34:16","guid":{"rendered":"https:\/\/finpros.com\/obchodnik\/"},"modified":"2025-11-21T12:51:25","modified_gmt":"2025-11-21T12:51:25","slug":"obchodnik","status":"publish","type":"page","link":"https:\/\/finpros.com\/cs\/obchodnik\/","title":{"rendered":"Obchodn\u00edk"},"content":{"rendered":"\t\t<div data-elementor-type=\"wp-page\" data-elementor-id=\"19187\" class=\"elementor elementor-19187 elementor-1819\" data-elementor-post-type=\"page\">\n\t\t\t\t<div class=\"elementor-element elementor-element-6465227e e-con-full calculator-sub-banner e-flex e-con e-parent\" data-id=\"6465227e\" data-element_type=\"container\" data-settings=\"{&quot;background_background&quot;:&quot;classic&quot;}\">\n\t\t<div class=\"elementor-element elementor-element-172639cf e-flex e-con-boxed e-con e-child\" data-id=\"172639cf\" data-element_type=\"container\" data-settings=\"{&quot;background_background&quot;:&quot;classic&quot;}\">\n\t\t\t\t\t<div class=\"e-con-inner\">\n\t\t\t\t<div class=\"elementor-element elementor-element-57edd787 elementor-widget elementor-widget-heading\" data-id=\"57edd787\" data-element_type=\"widget\" data-widget_type=\"heading.default\">\n\t\t\t\t<div class=\"elementor-widget-container\">\n\t\t\t\t\t<h2 class=\"elementor-heading-title elementor-size-default\">Obchodn\u00edk<\/h2>\t\t\t\t<\/div>\n\t\t\t\t<\/div>\n\t\t\t\t\t<\/div>\n\t\t\t\t<\/div>\n\t\t<div class=\"elementor-element elementor-element-2679fdbd e-con-full e-flex e-con e-child\" data-id=\"2679fdbd\" data-element_type=\"container\">\n\t\t<div class=\"elementor-element elementor-element-2d04b428 e-flex e-con-boxed e-con e-child\" data-id=\"2d04b428\" data-element_type=\"container\">\n\t\t\t\t\t<div class=\"e-con-inner\">\n\t\t\t\t<div class=\"elementor-element elementor-element-70405a39 elementor-align-left calc-banner-link bread-links elementor-widget elementor-widget-breadcrumbs\" data-id=\"70405a39\" data-element_type=\"widget\" data-widget_type=\"breadcrumbs.default\">\n\t\t\t\t<div class=\"elementor-widget-container\">\n\t\t\t\t\t<p id=\"breadcrumbs\"><span><span><a href=\"https:\/\/finpros.com\/\">Home<\/a><\/span><\/span><\/p>\t\t\t\t<\/div>\n\t\t\t\t<\/div>\n\t\t\t\t\t<\/div>\n\t\t\t\t<\/div>\n\t\t\t\t<\/div>\n\t\t\t\t<\/div>\n\t\t<div class=\"elementor-element elementor-element-2a82ecdf e-flex e-con-boxed e-con e-parent\" data-id=\"2a82ecdf\" data-element_type=\"container\">\n\t\t\t\t\t<div class=\"e-con-inner\">\n\t\t\t\t<div class=\"elementor-element elementor-element-7c23c44d elementor-widget elementor-widget-text-editor\" data-id=\"7c23c44d\" data-element_type=\"widget\" data-widget_type=\"text-editor.default\">\n\t\t\t\t<div class=\"elementor-widget-container\">\n\t\t\t\t\t\t\t\t\t<h2 class=\"wp-block-heading\">Z\u00e1sady pro obchodn\u00edky<\/h2><p>&#8220;Finquotes Management LTD, spole\u010dnost zalo\u017een\u00e1 na Kypru s registra\u010dn\u00edm \u010d\u00edslem HE433355, se s\u00eddlem Georgiou Gennadiou 10, Agathangelos Court, 3rd floor, Flat 303, 3041, Limassol, Kypr, je jmenov\u00e1na obchodn\u00edkem a prodejcem slu\u017eeb a je rovn\u011b\u017e jmenovan\u00fdm nez\u00e1visl\u00fdm z\u00e1stupcem a distributorem regulovan\u00e9ho subjektu.<\/p><h2 class=\"wp-block-heading\"> <\/h2>\t\t\t\t\t\t\t\t<\/div>\n\t\t\t\t<\/div>\n\t\t\t\t\t<\/div>\n\t\t\t\t<\/div>\n\t\t\t\t<\/div>\n\t\t","protected":false},"excerpt":{"rendered":"<p>Z\u00e1sady pro obchodn\u00edky &#8220;Finquotes Management LTD, spole\u010dnost zalo\u017een\u00e1 na Kypru s registra\u010dn\u00edm \u010d\u00edslem HE433355, se s\u00eddlem Georgiou Gennadiou 10, Agathangelos Court, 3rd floor, Flat 303, 3041, Limassol, Kypr, je jmenov\u00e1na obchodn\u00edkem a prodejcem slu\u017eeb a je rovn\u011b\u017e jmenovan\u00fdm nez\u00e1visl\u00fdm z\u00e1stupcem a distributorem regulovan\u00e9ho subjektu.<\/p>\n","protected":false},"author":1,"featured_media":0,"parent":0,"menu_order":0,"comment_status":"closed","ping_status":"closed","template":"tpl-default-elementor.php","meta":{"footnotes":""},"class_list":["post-19187","page","type-page","status-publish","hentry"],"yoast_head":"<!-- This site is optimized with the Yoast SEO plugin v25.0 - https:\/\/yoast.com\/wordpress\/plugins\/seo\/ -->\n<title>Obchodn\u00edk - FinPros<\/title>\n<meta name=\"robots\" content=\"index, follow, max-snippet:-1, max-image-preview:large, max-video-preview:-1\" \/>\n<link rel=\"canonical\" href=\"https:\/\/finpros.com\/cs\/obchodnik\/\" \/>\n<meta property=\"og:locale\" content=\"cs_CZ\" \/>\n<meta property=\"og:type\" content=\"article\" \/>\n<meta property=\"og:title\" content=\"Obchodn\u00edk - FinPros\" \/>\n<meta property=\"og:description\" content=\"Z\u00e1sady pro obchodn\u00edky &#8220;Finquotes Management LTD, spole\u010dnost zalo\u017een\u00e1 na Kypru s registra\u010dn\u00edm \u010d\u00edslem HE433355, se s\u00eddlem Georgiou Gennadiou 10, Agathangelos Court, 3rd floor, Flat 303, 3041, Limassol, Kypr, je jmenov\u00e1na obchodn\u00edkem a prodejcem slu\u017eeb a je rovn\u011b\u017e jmenovan\u00fdm nez\u00e1visl\u00fdm z\u00e1stupcem a distributorem regulovan\u00e9ho subjektu.\" \/>\n<meta property=\"og:url\" content=\"https:\/\/finpros.com\/cs\/obchodnik\/\" \/>\n<meta property=\"og:site_name\" content=\"FinPros\" \/>\n<meta property=\"article:modified_time\" content=\"2025-11-21T12:51:25+00:00\" \/>\n<meta name=\"twitter:card\" content=\"summary_large_image\" \/>\n<script type=\"application\/ld+json\" class=\"yoast-schema-graph\">{\"@context\":\"https:\/\/schema.org\",\"@graph\":[{\"@type\":\"WebPage\",\"@id\":\"https:\/\/finpros.com\/cs\/obchodnik\/\",\"url\":\"https:\/\/finpros.com\/cs\/obchodnik\/\",\"name\":\"Obchodn\u00edk - FinPros\",\"isPartOf\":{\"@id\":\"https:\/\/finpros.com\/#website\"},\"datePublished\":\"2025-03-25T05:34:16+00:00\",\"dateModified\":\"2025-11-21T12:51:25+00:00\",\"breadcrumb\":{\"@id\":\"https:\/\/finpros.com\/cs\/obchodnik\/#breadcrumb\"},\"inLanguage\":\"cs\",\"potentialAction\":[{\"@type\":\"ReadAction\",\"target\":[\"https:\/\/finpros.com\/cs\/obchodnik\/\"]}]},{\"@type\":\"BreadcrumbList\",\"@id\":\"https:\/\/finpros.com\/cs\/obchodnik\/#breadcrumb\",\"itemListElement\":[{\"@type\":\"ListItem\",\"position\":1,\"name\":\"Home\",\"item\":\"https:\/\/finpros.com\/\"},{\"@type\":\"ListItem\",\"position\":2,\"name\":\"Obchodn\u00edk\"}]},{\"@type\":\"WebSite\",\"@id\":\"https:\/\/finpros.com\/#website\",\"url\":\"https:\/\/finpros.com\/\",\"name\":\"FinPros\",\"description\":\"\",\"publisher\":{\"@id\":\"https:\/\/finpros.com\/#organization\"},\"potentialAction\":[{\"@type\":\"SearchAction\",\"target\":{\"@type\":\"EntryPoint\",\"urlTemplate\":\"https:\/\/finpros.com\/?s={search_term_string}\"},\"query-input\":{\"@type\":\"PropertyValueSpecification\",\"valueRequired\":true,\"valueName\":\"search_term_string\"}}],\"inLanguage\":\"cs\"},{\"@type\":\"Organization\",\"@id\":\"https:\/\/finpros.com\/#organization\",\"name\":\"FinPros\",\"url\":\"https:\/\/finpros.com\/\",\"logo\":{\"@type\":\"ImageObject\",\"inLanguage\":\"cs\",\"@id\":\"https:\/\/finpros.com\/#\/schema\/logo\/image\/\",\"url\":\"https:\/\/finpros.com\/wp-content\/uploads\/2025\/03\/FinPros-PNG-1.png\",\"contentUrl\":\"https:\/\/finpros.com\/wp-content\/uploads\/2025\/03\/FinPros-PNG-1.png\",\"width\":1050,\"height\":369,\"caption\":\"FinPros\"},\"image\":{\"@id\":\"https:\/\/finpros.com\/#\/schema\/logo\/image\/\"}}]}<\/script>\n<!-- \/ Yoast SEO plugin. -->","yoast_head_json":{"title":"Obchodn\u00edk - FinPros","robots":{"index":"index","follow":"follow","max-snippet":"max-snippet:-1","max-image-preview":"max-image-preview:large","max-video-preview":"max-video-preview:-1"},"canonical":"https:\/\/finpros.com\/cs\/obchodnik\/","og_locale":"cs_CZ","og_type":"article","og_title":"Obchodn\u00edk - FinPros","og_description":"Z\u00e1sady pro obchodn\u00edky &#8220;Finquotes Management LTD, spole\u010dnost zalo\u017een\u00e1 na Kypru s registra\u010dn\u00edm \u010d\u00edslem HE433355, se s\u00eddlem Georgiou Gennadiou 10, Agathangelos Court, 3rd floor, Flat 303, 3041, Limassol, Kypr, je jmenov\u00e1na obchodn\u00edkem a prodejcem slu\u017eeb a je rovn\u011b\u017e jmenovan\u00fdm nez\u00e1visl\u00fdm z\u00e1stupcem a distributorem regulovan\u00e9ho subjektu.","og_url":"https:\/\/finpros.com\/cs\/obchodnik\/","og_site_name":"FinPros","article_modified_time":"2025-11-21T12:51:25+00:00","twitter_card":"summary_large_image","schema":{"@context":"https:\/\/schema.org","@graph":[{"@type":"WebPage","@id":"https:\/\/finpros.com\/cs\/obchodnik\/","url":"https:\/\/finpros.com\/cs\/obchodnik\/","name":"Obchodn\u00edk - FinPros","isPartOf":{"@id":"https:\/\/finpros.com\/#website"},"datePublished":"2025-03-25T05:34:16+00:00","dateModified":"2025-11-21T12:51:25+00:00","breadcrumb":{"@id":"https:\/\/finpros.com\/cs\/obchodnik\/#breadcrumb"},"inLanguage":"cs","potentialAction":[{"@type":"ReadAction","target":["https:\/\/finpros.com\/cs\/obchodnik\/"]}]},{"@type":"BreadcrumbList","@id":"https:\/\/finpros.com\/cs\/obchodnik\/#breadcrumb","itemListElement":[{"@type":"ListItem","position":1,"name":"Home","item":"https:\/\/finpros.com\/"},{"@type":"ListItem","position":2,"name":"Obchodn\u00edk"}]},{"@type":"WebSite","@id":"https:\/\/finpros.com\/#website","url":"https:\/\/finpros.com\/","name":"FinPros","description":"","publisher":{"@id":"https:\/\/finpros.com\/#organization"},"potentialAction":[{"@type":"SearchAction","target":{"@type":"EntryPoint","urlTemplate":"https:\/\/finpros.com\/?s={search_term_string}"},"query-input":{"@type":"PropertyValueSpecification","valueRequired":true,"valueName":"search_term_string"}}],"inLanguage":"cs"},{"@type":"Organization","@id":"https:\/\/finpros.com\/#organization","name":"FinPros","url":"https:\/\/finpros.com\/","logo":{"@type":"ImageObject","inLanguage":"cs","@id":"https:\/\/finpros.com\/#\/schema\/logo\/image\/","url":"https:\/\/finpros.com\/wp-content\/uploads\/2025\/03\/FinPros-PNG-1.png","contentUrl":"https:\/\/finpros.com\/wp-content\/uploads\/2025\/03\/FinPros-PNG-1.png","width":1050,"height":369,"caption":"FinPros"},"image":{"@id":"https:\/\/finpros.com\/#\/schema\/logo\/image\/"}}]}},"_links":{"self":[{"href":"https:\/\/finpros.com\/cs\/wp-json\/wp\/v2\/pages\/19187","targetHints":{"allow":["GET"]}}],"collection":[{"href":"https:\/\/finpros.com\/cs\/wp-json\/wp\/v2\/pages"}],"about":[{"href":"https:\/\/finpros.com\/cs\/wp-json\/wp\/v2\/types\/page"}],"author":[{"embeddable":true,"href":"https:\/\/finpros.com\/cs\/wp-json\/wp\/v2\/users\/1"}],"replies":[{"embeddable":true,"href":"https:\/\/finpros.com\/cs\/wp-json\/wp\/v2\/comments?post=19187"}],"version-history":[{"count":3,"href":"https:\/\/finpros.com\/cs\/wp-json\/wp\/v2\/pages\/19187\/revisions"}],"predecessor-version":[{"id":19220,"href":"https:\/\/finpros.com\/cs\/wp-json\/wp\/v2\/pages\/19187\/revisions\/19220"}],"wp:attachment":[{"href":"https:\/\/finpros.com\/cs\/wp-json\/wp\/v2\/media?parent=19187"}],"curies":[{"name":"wp","href":"https:\/\/api.w.org\/{rel}","templated":true}]}}