{"id":19114,"date":"2025-04-07T08:17:08","date_gmt":"2025-04-07T08:17:08","guid":{"rendered":"https:\/\/finpros.com\/kalkulacky\/"},"modified":"2025-11-21T12:51:51","modified_gmt":"2025-11-21T12:51:51","slug":"kalkulacky","status":"publish","type":"page","link":"https:\/\/finpros.com\/cs\/kalkulacky\/","title":{"rendered":"Kalkula\u010dky"},"content":{"rendered":"\t\t<div data-elementor-type=\"wp-page\" data-elementor-id=\"19114\" class=\"elementor elementor-19114 elementor-4036\" data-elementor-post-type=\"page\">\n\t\t\t\t<div class=\"elementor-element elementor-element-15cd0ddd e-con-full calculator-sub-banner e-flex e-con e-parent\" data-id=\"15cd0ddd\" data-element_type=\"container\" data-settings=\"{&quot;background_background&quot;:&quot;classic&quot;}\">\n\t\t<div class=\"elementor-element elementor-element-4e341d6 e-flex e-con-boxed e-con e-child\" data-id=\"4e341d6\" data-element_type=\"container\" data-settings=\"{&quot;background_background&quot;:&quot;classic&quot;}\">\n\t\t\t\t\t<div class=\"e-con-inner\">\n\t\t\t\t<div class=\"elementor-element elementor-element-69d82233 elementor-widget elementor-widget-heading\" data-id=\"69d82233\" data-element_type=\"widget\" data-widget_type=\"heading.default\">\n\t\t\t\t<div class=\"elementor-widget-container\">\n\t\t\t\t\t<h2 class=\"elementor-heading-title elementor-size-default\">Kalkula\u010dky<\/h2>\t\t\t\t<\/div>\n\t\t\t\t<\/div>\n\t\t\t\t<div class=\"elementor-element elementor-element-6d38b952 elementor-widget elementor-widget-heading\" data-id=\"6d38b952\" data-element_type=\"widget\" data-widget_type=\"heading.default\">\n\t\t\t\t<div class=\"elementor-widget-container\">\n\t\t\t\t\t<p class=\"elementor-heading-title elementor-size-default\">Pomoc\u00ed obchodn\u00edch kalkula\u010dek zajist\u00edte, \u017ee ka\u017ed\u00fd obchod bude podlo\u017een daty a p\u0159esnost\u00ed.<\/p>\t\t\t\t<\/div>\n\t\t\t\t<\/div>\n\t\t\t\t\t<\/div>\n\t\t\t\t<\/div>\n\t\t<div class=\"elementor-element elementor-element-7f047e17 e-con-full e-flex e-con e-child\" data-id=\"7f047e17\" data-element_type=\"container\">\n\t\t<div class=\"elementor-element elementor-element-381a96c1 e-flex e-con-boxed e-con e-child\" data-id=\"381a96c1\" data-element_type=\"container\">\n\t\t\t\t\t<div class=\"e-con-inner\">\n\t\t\t\t<div class=\"elementor-element elementor-element-626ffe92 elementor-align-left calc-banner-link bread-links elementor-widget elementor-widget-breadcrumbs\" data-id=\"626ffe92\" data-element_type=\"widget\" data-widget_type=\"breadcrumbs.default\">\n\t\t\t\t<div class=\"elementor-widget-container\">\n\t\t\t\t\t<p id=\"breadcrumbs\"><span><span><a href=\"https:\/\/finpros.com\/\">Home<\/a><\/span><\/span><\/p>\t\t\t\t<\/div>\n\t\t\t\t<\/div>\n\t\t\t\t\t<\/div>\n\t\t\t\t<\/div>\n\t\t\t\t<\/div>\n\t\t\t\t<\/div>\n\t\t<div class=\"elementor-element elementor-element-2828676 e-flex e-con-boxed e-con e-parent\" data-id=\"2828676\" data-element_type=\"container\">\n\t\t\t\t\t<div class=\"e-con-inner\">\n\t\t<div class=\"elementor-element elementor-element-ef8fa23 e-con-full e-flex e-con e-child\" data-id=\"ef8fa23\" data-element_type=\"container\">\n\t\t\t\t<div class=\"elementor-element elementor-element-b66222a elementor-widget elementor-widget-heading\" data-id=\"b66222a\" data-element_type=\"widget\" data-widget_type=\"heading.default\">\n\t\t\t\t<div class=\"elementor-widget-container\">\n\t\t\t\t\t<h2 class=\"elementor-heading-title elementor-size-default\">  Profesion\u00e1ln\u00ed obchodov\u00e1n\u00ed za\u010d\u00edn\u00e1 <span>spr\u00e1vn\u00fdmi n\u00e1stroji<\/span><\/h2>\t\t\t\t<\/div>\n\t\t\t\t<\/div>\n\t\t\t\t<\/div>\n\t\t<div class=\"elementor-element elementor-element-15260ef e-con-full e-flex e-con e-child\" data-id=\"15260ef\" data-element_type=\"container\">\n\t\t\t\t<div class=\"elementor-element elementor-element-fe89278 elementor-widget elementor-widget-text-editor\" data-id=\"fe89278\" data-element_type=\"widget\" data-widget_type=\"text-editor.default\">\n\t\t\t\t<div class=\"elementor-widget-container\">\n\t\t\t\t\t\t\t\t\t<p>Ve spole\u010dnosti FinPros jsme navrhli v\u00fdkonnou sadu obchodn\u00edch kalkula\u010dek, kter\u00e9 obchodn\u00edk\u016fm pom\u00e1haj\u00ed \u010dinit chyt\u0159ej\u0161\u00ed a p\u0159esn\u011bj\u0161\u00ed rozhodnut\u00ed. Ka\u017ed\u00fd n\u00e1stroj je vytvo\u0159en s ohledem na v\u00fdkonnost a zab\u00fdv\u00e1 se kl\u00ed\u010dov\u00fdmi aspekty obchodn\u00ed strategie a \u0159\u00edzen\u00ed rizik. <\/p>\n<p>Tyto n\u00e1stroje jsou nezbytn\u00e9 pro sestaven\u00ed solidn\u00edho obchodn\u00edho pl\u00e1nu. Jejich pou\u017e\u00edv\u00e1n\u00edm mohou obchodn\u00edci minimalizovat riziko, zv\u00fd\u0161it p\u0159esnost a m\u00edt v\u0161e pod kontrolou &#8211; proto\u017ee i mal\u00fd chybn\u00fd odhad velikosti pozice m\u016f\u017ee v\u00e9st k ne\u00fam\u011brn\u00e9 expozici. <\/p>\t\t\t\t\t\t\t\t<\/div>\n\t\t\t\t<\/div>\n\t\t\t\t<\/div>\n\t\t\t\t\t<\/div>\n\t\t\t\t<\/div>\n\t\t<div class=\"elementor-element elementor-element-3d67841 e-flex e-con-boxed e-con e-parent\" data-id=\"3d67841\" data-element_type=\"container\">\n\t\t\t\t\t<div class=\"e-con-inner\">\n\t\t<div class=\"elementor-element elementor-element-6ddb2a9 e-con-full e-flex e-con e-child\" data-id=\"6ddb2a9\" data-element_type=\"container\">\n\t\t<div class=\"elementor-element elementor-element-ea8e806 e-grid e-con-full e-con e-child\" data-id=\"ea8e806\" data-element_type=\"container\">\n\t\t\t\t<div class=\"elementor-element elementor-element-5b070ac elementor-cta--valign-middle elementor-bg-transform elementor-bg-transform-move-up cal-tab-cs elementor-widget__width-initial elementor-cta--skin-classic elementor-animated-content elementor-widget elementor-widget-call-to-action\" data-id=\"5b070ac\" data-element_type=\"widget\" data-widget_type=\"call-to-action.default\">\n\t\t\t\t<div class=\"elementor-widget-container\">\n\t\t\t\t\t\t\t<div class=\"elementor-cta\">\n\t\t\t\t\t<div class=\"elementor-cta__bg-wrapper\">\n\t\t\t\t<div class=\"elementor-cta__bg elementor-bg\" style=\"background-image: url(https:\/\/finpros.com\/wp-content\/uploads\/2025\/04\/margin.jpg);\" role=\"img\" aria-label=\"margin\"><\/div>\n\t\t\t\t<div class=\"elementor-cta__bg-overlay\"><\/div>\n\t\t\t<\/div>\n\t\t\t\t\t\t\t<div class=\"elementor-cta__content\">\n\t\t\t\t\n\t\t\t\t\t\t\t\t\t<h2 class=\"elementor-cta__title elementor-cta__content-item elementor-content-item\">\n\t\t\t\t\t\tKalkula\u010dka mar\u017ee\t\t\t\t\t<\/h2>\n\t\t\t\t\n\t\t\t\t\t\t\t\t\t<div class=\"elementor-cta__description elementor-cta__content-item elementor-content-item\">\n\t\t\t\t\t\tNeoceniteln\u00fd n\u00e1stroj pro kontrolu expozice na trhu s jak\u00fdmkoli...\t\t\t\t\t<\/div>\n\t\t\t\t\n\t\t\t\t\t\t\t\t\t<div class=\"elementor-cta__button-wrapper elementor-cta__content-item elementor-content-item \">\n\t\t\t\t\t<a class=\"elementor-cta__button elementor-button elementor-size-\" href=\"https:\/\/finpros.com\/cs\/kalkulacka-marze\/\">\n\t\t\t\t\t\tP\u0159e\u010dt\u011bte si v\u00edce\t\t\t\t\t<\/a>\n\t\t\t\t\t<\/div>\n\t\t\t\t\t\t\t<\/div>\n\t\t\t\t\t\t<\/div>\n\t\t\t\t\t\t<\/div>\n\t\t\t\t<\/div>\n\t\t\t\t<div class=\"elementor-element elementor-element-eb099df elementor-bg-transform elementor-bg-transform-move-up cal-tab-cs elementor-cta--valign-middle elementor-widget__width-initial elementor-cta--skin-classic elementor-animated-content elementor-widget elementor-widget-call-to-action\" data-id=\"eb099df\" data-element_type=\"widget\" data-widget_type=\"call-to-action.default\">\n\t\t\t\t<div class=\"elementor-widget-container\">\n\t\t\t\t\t\t\t<div class=\"elementor-cta\">\n\t\t\t\t\t<div class=\"elementor-cta__bg-wrapper\">\n\t\t\t\t<div class=\"elementor-cta__bg elementor-bg\" style=\"background-image: url(https:\/\/finpros.com\/wp-content\/uploads\/2025\/04\/pip.jpg);\" role=\"img\" aria-label=\"pip\"><\/div>\n\t\t\t\t<div class=\"elementor-cta__bg-overlay\"><\/div>\n\t\t\t<\/div>\n\t\t\t\t\t\t\t<div class=\"elementor-cta__content\">\n\t\t\t\t\n\t\t\t\t\t\t\t\t\t<h2 class=\"elementor-cta__title elementor-cta__content-item elementor-content-item\">\n\t\t\t\t\t\tKalkula\u010dka Pip\t\t\t\t\t<\/h2>\n\t\t\t\t\n\t\t\t\t\t\t\t\t\t<div class=\"elementor-cta__description elementor-cta__content-item elementor-content-item\">\n\t\t\t\t\t\tTento jednoduch\u00fd n\u00e1stroj pom\u016f\u017ee obchodn\u00edk\u016fm, zejm\u00e9na za\u010d\u00ednaj\u00edc\u00edm obchodn\u00edk\u016fm...\t\t\t\t\t<\/div>\n\t\t\t\t\n\t\t\t\t\t\t\t\t\t<div class=\"elementor-cta__button-wrapper elementor-cta__content-item elementor-content-item \">\n\t\t\t\t\t<a class=\"elementor-cta__button elementor-button elementor-size-\" href=\"https:\/\/finpros.com\/cs\/kalkulacka-pip\/\">\n\t\t\t\t\t\tP\u0159e\u010dt\u011bte si v\u00edce\t\t\t\t\t<\/a>\n\t\t\t\t\t<\/div>\n\t\t\t\t\t\t\t<\/div>\n\t\t\t\t\t\t<\/div>\n\t\t\t\t\t\t<\/div>\n\t\t\t\t<\/div>\n\t\t\t\t<div class=\"elementor-element elementor-element-29e1ebc elementor-bg-transform elementor-bg-transform-move-up cal-tab-cs elementor-cta--valign-middle elementor-widget__width-initial elementor-cta--skin-classic elementor-animated-content elementor-widget elementor-widget-call-to-action\" data-id=\"29e1ebc\" data-element_type=\"widget\" data-widget_type=\"call-to-action.default\">\n\t\t\t\t<div class=\"elementor-widget-container\">\n\t\t\t\t\t\t\t<div class=\"elementor-cta\">\n\t\t\t\t\t<div class=\"elementor-cta__bg-wrapper\">\n\t\t\t\t<div class=\"elementor-cta__bg elementor-bg\" style=\"background-image: url(https:\/\/finpros.com\/wp-content\/uploads\/2025\/04\/profit.jpg);\" role=\"img\" aria-label=\"profit\"><\/div>\n\t\t\t\t<div class=\"elementor-cta__bg-overlay\"><\/div>\n\t\t\t<\/div>\n\t\t\t\t\t\t\t<div class=\"elementor-cta__content\">\n\t\t\t\t\n\t\t\t\t\t\t\t\t\t<h2 class=\"elementor-cta__title elementor-cta__content-item elementor-content-item\">\n\t\t\t\t\t\tKalkula\u010dka zisku\t\t\t\t\t<\/h2>\n\t\t\t\t\n\t\t\t\t\t\t\t\t\t<div class=\"elementor-cta__description elementor-cta__content-item elementor-content-item\">\n\t\t\t\t\t\tForexov\u00e1 kalkula\u010dka zisku je n\u00e1stroj pro \u0159\u00edzen\u00ed rizik, kter\u00fd v\u00e1m pom\u016f\u017ee zlep\u0161it...\t\t\t\t\t<\/div>\n\t\t\t\t\n\t\t\t\t\t\t\t\t\t<div class=\"elementor-cta__button-wrapper elementor-cta__content-item elementor-content-item \">\n\t\t\t\t\t<a class=\"elementor-cta__button elementor-button elementor-size-\" href=\"https:\/\/finpros.com\/cs\/kalkulacka-zisku\/\">\n\t\t\t\t\t\tP\u0159e\u010dt\u011bte si v\u00edce\t\t\t\t\t<\/a>\n\t\t\t\t\t<\/div>\n\t\t\t\t\t\t\t<\/div>\n\t\t\t\t\t\t<\/div>\n\t\t\t\t\t\t<\/div>\n\t\t\t\t<\/div>\n\t\t\t\t<div class=\"elementor-element elementor-element-eeca3b9 elementor-bg-transform elementor-bg-transform-move-up cal-tab-cs elementor-cta--valign-middle elementor-widget__width-initial elementor-cta--skin-classic elementor-animated-content elementor-widget elementor-widget-call-to-action\" data-id=\"eeca3b9\" data-element_type=\"widget\" data-widget_type=\"call-to-action.default\">\n\t\t\t\t<div class=\"elementor-widget-container\">\n\t\t\t\t\t\t\t<div class=\"elementor-cta\">\n\t\t\t\t\t<div class=\"elementor-cta__bg-wrapper\">\n\t\t\t\t<div class=\"elementor-cta__bg elementor-bg\" style=\"background-image: url(https:\/\/finpros.com\/wp-content\/uploads\/2025\/04\/position.jpg);\" role=\"img\" aria-label=\"position\"><\/div>\n\t\t\t\t<div class=\"elementor-cta__bg-overlay\"><\/div>\n\t\t\t<\/div>\n\t\t\t\t\t\t\t<div class=\"elementor-cta__content\">\n\t\t\t\t\n\t\t\t\t\t\t\t\t\t<h2 class=\"elementor-cta__title elementor-cta__content-item elementor-content-item\">\n\t\t\t\t\t\tKalkula\u010dka polohy\t\t\t\t\t<\/h2>\n\t\t\t\t\n\t\t\t\t\t\t\t\t\t<div class=\"elementor-cta__description elementor-cta__content-item elementor-content-item\">\n\t\t\t\t\t\tDal\u0161\u00ed d\u016fle\u017eit\u00fd n\u00e1stroj pro zku\u0161en\u00e9 i za\u010d\u00ednaj\u00edc\u00ed obchodn\u00edky...\t\t\t\t\t<\/div>\n\t\t\t\t\n\t\t\t\t\t\t\t\t\t<div class=\"elementor-cta__button-wrapper elementor-cta__content-item elementor-content-item \">\n\t\t\t\t\t<a class=\"elementor-cta__button elementor-button elementor-size-\" href=\"https:\/\/finpros.com\/cs\/kalkulacka-polohy\/\">\n\t\t\t\t\t\tP\u0159e\u010dt\u011bte si v\u00edce\t\t\t\t\t<\/a>\n\t\t\t\t\t<\/div>\n\t\t\t\t\t\t\t<\/div>\n\t\t\t\t\t\t<\/div>\n\t\t\t\t\t\t<\/div>\n\t\t\t\t<\/div>\n\t\t\t\t<div class=\"elementor-element elementor-element-105172a elementor-bg-transform elementor-bg-transform-move-up cal-tab-cs elementor-cta--valign-middle elementor-widget__width-initial elementor-cta--skin-classic elementor-animated-content elementor-widget elementor-widget-call-to-action\" data-id=\"105172a\" data-element_type=\"widget\" data-widget_type=\"call-to-action.default\">\n\t\t\t\t<div class=\"elementor-widget-container\">\n\t\t\t\t\t\t\t<div class=\"elementor-cta\">\n\t\t\t\t\t<div class=\"elementor-cta__bg-wrapper\">\n\t\t\t\t<div class=\"elementor-cta__bg elementor-bg\" style=\"background-image: url(https:\/\/finpros.com\/wp-content\/uploads\/2025\/04\/currency.jpg);\" role=\"img\" aria-label=\"currency\"><\/div>\n\t\t\t\t<div class=\"elementor-cta__bg-overlay\"><\/div>\n\t\t\t<\/div>\n\t\t\t\t\t\t\t<div class=\"elementor-cta__content\">\n\t\t\t\t\n\t\t\t\t\t\t\t\t\t<h2 class=\"elementor-cta__title elementor-cta__content-item elementor-content-item\">\n\t\t\t\t\t\tP\u0159evodn\u00edk m\u011bn\t\t\t\t\t<\/h2>\n\t\t\t\t\n\t\t\t\t\t\t\t\t\t<div class=\"elementor-cta__description elementor-cta__content-item elementor-content-item\">\n\t\t\t\t\t\tSnad nejjednodu\u0161\u0161\u00ed a bezpochyby nejzn\u00e1m\u011bj\u0161\u00ed z na\u0161ich obchodn\u00edch...\t\t\t\t\t<\/div>\n\t\t\t\t\n\t\t\t\t\t\t\t\t\t<div class=\"elementor-cta__button-wrapper elementor-cta__content-item elementor-content-item \">\n\t\t\t\t\t<a class=\"elementor-cta__button elementor-button elementor-size-\" href=\"https:\/\/finpros.com\/cs\/prevodnik-men\/\">\n\t\t\t\t\t\tP\u0159e\u010dt\u011bte si v\u00edce\t\t\t\t\t<\/a>\n\t\t\t\t\t<\/div>\n\t\t\t\t\t\t\t<\/div>\n\t\t\t\t\t\t<\/div>\n\t\t\t\t\t\t<\/div>\n\t\t\t\t<\/div>\n\t\t\t\t<\/div>\n\t\t\t\t<\/div>\n\t\t\t\t\t<\/div>\n\t\t\t\t<\/div>\n\t\t\t\t<\/div>\n\t\t","protected":false},"excerpt":{"rendered":"<p>Pomoc\u00ed obchodn\u00edch kalkula\u010dek zajist\u00edte, \u017ee ka\u017ed\u00fd obchod bude podlo\u017een daty a p\u0159esnost\u00ed. Profesion\u00e1ln\u00ed obchodov\u00e1n\u00ed za\u010d\u00edn\u00e1 spr\u00e1vn\u00fdmi n\u00e1stroji Ve spole\u010dnosti FinPros jsme navrhli v\u00fdkonnou sadu obchodn\u00edch kalkula\u010dek, kter\u00e9 obchodn\u00edk\u016fm pom\u00e1haj\u00ed \u010dinit chyt\u0159ej\u0161\u00ed a p\u0159esn\u011bj\u0161\u00ed rozhodnut\u00ed. Ka\u017ed\u00fd n\u00e1stroj je vytvo\u0159en s ohledem na v\u00fdkonnost a zab\u00fdv\u00e1 se kl\u00ed\u010dov\u00fdmi aspekty obchodn\u00ed strategie a \u0159\u00edzen\u00ed rizik. Tyto n\u00e1stroje jsou [&hellip;]<\/p>\n","protected":false},"author":1,"featured_media":0,"parent":0,"menu_order":0,"comment_status":"closed","ping_status":"closed","template":"tpl-default-elementor.php","meta":{"footnotes":""},"class_list":["post-19114","page","type-page","status-publish","hentry"],"yoast_head":"<!-- This site is optimized with the Yoast SEO plugin v25.0 - https:\/\/yoast.com\/wordpress\/plugins\/seo\/ -->\n<title>Kalkula\u010dky - FinPros<\/title>\n<meta name=\"robots\" content=\"index, follow, max-snippet:-1, max-image-preview:large, max-video-preview:-1\" \/>\n<link rel=\"canonical\" href=\"https:\/\/finpros.com\/cs\/kalkulacky\/\" \/>\n<meta property=\"og:locale\" content=\"cs_CZ\" \/>\n<meta property=\"og:type\" content=\"article\" \/>\n<meta property=\"og:title\" content=\"Kalkula\u010dky - FinPros\" \/>\n<meta property=\"og:description\" content=\"Pomoc\u00ed obchodn\u00edch kalkula\u010dek zajist\u00edte, \u017ee ka\u017ed\u00fd obchod bude podlo\u017een daty a p\u0159esnost\u00ed. Profesion\u00e1ln\u00ed obchodov\u00e1n\u00ed za\u010d\u00edn\u00e1 spr\u00e1vn\u00fdmi n\u00e1stroji Ve spole\u010dnosti FinPros jsme navrhli v\u00fdkonnou sadu obchodn\u00edch kalkula\u010dek, kter\u00e9 obchodn\u00edk\u016fm pom\u00e1haj\u00ed \u010dinit chyt\u0159ej\u0161\u00ed a p\u0159esn\u011bj\u0161\u00ed rozhodnut\u00ed. Ka\u017ed\u00fd n\u00e1stroj je vytvo\u0159en s ohledem na v\u00fdkonnost a zab\u00fdv\u00e1 se kl\u00ed\u010dov\u00fdmi aspekty obchodn\u00ed strategie a \u0159\u00edzen\u00ed rizik. Tyto n\u00e1stroje jsou [&hellip;]\" \/>\n<meta property=\"og:url\" content=\"https:\/\/finpros.com\/cs\/kalkulacky\/\" \/>\n<meta property=\"og:site_name\" content=\"FinPros\" \/>\n<meta property=\"article:modified_time\" content=\"2025-11-21T12:51:51+00:00\" \/>\n<meta name=\"twitter:card\" content=\"summary_large_image\" \/>\n<meta name=\"twitter:label1\" content=\"Odhadovan\u00e1 doba \u010dten\u00ed\" \/>\n\t<meta name=\"twitter:data1\" content=\"1 minuta\" \/>\n<script type=\"application\/ld+json\" class=\"yoast-schema-graph\">{\"@context\":\"https:\/\/schema.org\",\"@graph\":[{\"@type\":\"WebPage\",\"@id\":\"https:\/\/finpros.com\/cs\/kalkulacky\/\",\"url\":\"https:\/\/finpros.com\/cs\/kalkulacky\/\",\"name\":\"Kalkula\u010dky - FinPros\",\"isPartOf\":{\"@id\":\"https:\/\/finpros.com\/#website\"},\"datePublished\":\"2025-04-07T08:17:08+00:00\",\"dateModified\":\"2025-11-21T12:51:51+00:00\",\"breadcrumb\":{\"@id\":\"https:\/\/finpros.com\/cs\/kalkulacky\/#breadcrumb\"},\"inLanguage\":\"cs\",\"potentialAction\":[{\"@type\":\"ReadAction\",\"target\":[\"https:\/\/finpros.com\/cs\/kalkulacky\/\"]}]},{\"@type\":\"BreadcrumbList\",\"@id\":\"https:\/\/finpros.com\/cs\/kalkulacky\/#breadcrumb\",\"itemListElement\":[{\"@type\":\"ListItem\",\"position\":1,\"name\":\"Home\",\"item\":\"https:\/\/finpros.com\/\"},{\"@type\":\"ListItem\",\"position\":2,\"name\":\"Kalkula\u010dky\"}]},{\"@type\":\"WebSite\",\"@id\":\"https:\/\/finpros.com\/#website\",\"url\":\"https:\/\/finpros.com\/\",\"name\":\"FinPros\",\"description\":\"\",\"publisher\":{\"@id\":\"https:\/\/finpros.com\/#organization\"},\"potentialAction\":[{\"@type\":\"SearchAction\",\"target\":{\"@type\":\"EntryPoint\",\"urlTemplate\":\"https:\/\/finpros.com\/?s={search_term_string}\"},\"query-input\":{\"@type\":\"PropertyValueSpecification\",\"valueRequired\":true,\"valueName\":\"search_term_string\"}}],\"inLanguage\":\"cs\"},{\"@type\":\"Organization\",\"@id\":\"https:\/\/finpros.com\/#organization\",\"name\":\"FinPros\",\"url\":\"https:\/\/finpros.com\/\",\"logo\":{\"@type\":\"ImageObject\",\"inLanguage\":\"cs\",\"@id\":\"https:\/\/finpros.com\/#\/schema\/logo\/image\/\",\"url\":\"https:\/\/finpros.com\/wp-content\/uploads\/2025\/03\/FinPros-PNG-1.png\",\"contentUrl\":\"https:\/\/finpros.com\/wp-content\/uploads\/2025\/03\/FinPros-PNG-1.png\",\"width\":1050,\"height\":369,\"caption\":\"FinPros\"},\"image\":{\"@id\":\"https:\/\/finpros.com\/#\/schema\/logo\/image\/\"}}]}<\/script>\n<!-- \/ Yoast SEO plugin. -->","yoast_head_json":{"title":"Kalkula\u010dky - FinPros","robots":{"index":"index","follow":"follow","max-snippet":"max-snippet:-1","max-image-preview":"max-image-preview:large","max-video-preview":"max-video-preview:-1"},"canonical":"https:\/\/finpros.com\/cs\/kalkulacky\/","og_locale":"cs_CZ","og_type":"article","og_title":"Kalkula\u010dky - FinPros","og_description":"Pomoc\u00ed obchodn\u00edch kalkula\u010dek zajist\u00edte, \u017ee ka\u017ed\u00fd obchod bude podlo\u017een daty a p\u0159esnost\u00ed. Profesion\u00e1ln\u00ed obchodov\u00e1n\u00ed za\u010d\u00edn\u00e1 spr\u00e1vn\u00fdmi n\u00e1stroji Ve spole\u010dnosti FinPros jsme navrhli v\u00fdkonnou sadu obchodn\u00edch kalkula\u010dek, kter\u00e9 obchodn\u00edk\u016fm pom\u00e1haj\u00ed \u010dinit chyt\u0159ej\u0161\u00ed a p\u0159esn\u011bj\u0161\u00ed rozhodnut\u00ed. Ka\u017ed\u00fd n\u00e1stroj je vytvo\u0159en s ohledem na v\u00fdkonnost a zab\u00fdv\u00e1 se kl\u00ed\u010dov\u00fdmi aspekty obchodn\u00ed strategie a \u0159\u00edzen\u00ed rizik. Tyto n\u00e1stroje jsou [&hellip;]","og_url":"https:\/\/finpros.com\/cs\/kalkulacky\/","og_site_name":"FinPros","article_modified_time":"2025-11-21T12:51:51+00:00","twitter_card":"summary_large_image","twitter_misc":{"Odhadovan\u00e1 doba \u010dten\u00ed":"1 minuta"},"schema":{"@context":"https:\/\/schema.org","@graph":[{"@type":"WebPage","@id":"https:\/\/finpros.com\/cs\/kalkulacky\/","url":"https:\/\/finpros.com\/cs\/kalkulacky\/","name":"Kalkula\u010dky - FinPros","isPartOf":{"@id":"https:\/\/finpros.com\/#website"},"datePublished":"2025-04-07T08:17:08+00:00","dateModified":"2025-11-21T12:51:51+00:00","breadcrumb":{"@id":"https:\/\/finpros.com\/cs\/kalkulacky\/#breadcrumb"},"inLanguage":"cs","potentialAction":[{"@type":"ReadAction","target":["https:\/\/finpros.com\/cs\/kalkulacky\/"]}]},{"@type":"BreadcrumbList","@id":"https:\/\/finpros.com\/cs\/kalkulacky\/#breadcrumb","itemListElement":[{"@type":"ListItem","position":1,"name":"Home","item":"https:\/\/finpros.com\/"},{"@type":"ListItem","position":2,"name":"Kalkula\u010dky"}]},{"@type":"WebSite","@id":"https:\/\/finpros.com\/#website","url":"https:\/\/finpros.com\/","name":"FinPros","description":"","publisher":{"@id":"https:\/\/finpros.com\/#organization"},"potentialAction":[{"@type":"SearchAction","target":{"@type":"EntryPoint","urlTemplate":"https:\/\/finpros.com\/?s={search_term_string}"},"query-input":{"@type":"PropertyValueSpecification","valueRequired":true,"valueName":"search_term_string"}}],"inLanguage":"cs"},{"@type":"Organization","@id":"https:\/\/finpros.com\/#organization","name":"FinPros","url":"https:\/\/finpros.com\/","logo":{"@type":"ImageObject","inLanguage":"cs","@id":"https:\/\/finpros.com\/#\/schema\/logo\/image\/","url":"https:\/\/finpros.com\/wp-content\/uploads\/2025\/03\/FinPros-PNG-1.png","contentUrl":"https:\/\/finpros.com\/wp-content\/uploads\/2025\/03\/FinPros-PNG-1.png","width":1050,"height":369,"caption":"FinPros"},"image":{"@id":"https:\/\/finpros.com\/#\/schema\/logo\/image\/"}}]}},"_links":{"self":[{"href":"https:\/\/finpros.com\/cs\/wp-json\/wp\/v2\/pages\/19114","targetHints":{"allow":["GET"]}}],"collection":[{"href":"https:\/\/finpros.com\/cs\/wp-json\/wp\/v2\/pages"}],"about":[{"href":"https:\/\/finpros.com\/cs\/wp-json\/wp\/v2\/types\/page"}],"author":[{"embeddable":true,"href":"https:\/\/finpros.com\/cs\/wp-json\/wp\/v2\/users\/1"}],"replies":[{"embeddable":true,"href":"https:\/\/finpros.com\/cs\/wp-json\/wp\/v2\/comments?post=19114"}],"version-history":[{"count":3,"href":"https:\/\/finpros.com\/cs\/wp-json\/wp\/v2\/pages\/19114\/revisions"}],"predecessor-version":[{"id":19235,"href":"https:\/\/finpros.com\/cs\/wp-json\/wp\/v2\/pages\/19114\/revisions\/19235"}],"wp:attachment":[{"href":"https:\/\/finpros.com\/cs\/wp-json\/wp\/v2\/media?parent=19114"}],"curies":[{"name":"wp","href":"https:\/\/api.w.org\/{rel}","templated":true}]}}