{"id":19099,"date":"2025-07-14T10:25:00","date_gmt":"2025-07-14T10:25:00","guid":{"rendered":"https:\/\/finpros.com\/provadeni-ndd\/"},"modified":"2025-11-21T15:38:22","modified_gmt":"2025-11-21T15:38:22","slug":"provadeni-ndd","status":"publish","type":"page","link":"https:\/\/finpros.com\/cs\/provadeni-ndd\/","title":{"rendered":"Prov\u00e1d\u011bn\u00ed NDD"},"content":{"rendered":"\t\t<div data-elementor-type=\"wp-page\" data-elementor-id=\"19099\" class=\"elementor elementor-19099 elementor-18469\" data-elementor-post-type=\"page\">\n\t\t\t\t<div class=\"elementor-element elementor-element-63759845 e-con-full calculator-sub-banner e-flex e-con e-parent\" data-id=\"63759845\" data-element_type=\"container\" data-settings=\"{&quot;background_background&quot;:&quot;classic&quot;}\">\n\t\t<div class=\"elementor-element elementor-element-7f9904e2 e-flex e-con-boxed e-con e-child\" data-id=\"7f9904e2\" data-element_type=\"container\" data-settings=\"{&quot;background_background&quot;:&quot;classic&quot;}\">\n\t\t\t\t\t<div class=\"e-con-inner\">\n\t\t\t\t<div class=\"elementor-element elementor-element-64a22e87 elementor-widget elementor-widget-heading\" data-id=\"64a22e87\" data-element_type=\"widget\" data-widget_type=\"heading.default\">\n\t\t\t\t<div class=\"elementor-widget-container\">\n\t\t\t\t\t<h2 class=\"elementor-heading-title elementor-size-default\">Exekuce bez obchodn\u00edho stolu (NDD) u spole\u010dnosti FinPros<\/h2>\t\t\t\t<\/div>\n\t\t\t\t<\/div>\n\t\t\t\t<div class=\"elementor-element elementor-element-5704ead0 elementor-widget elementor-widget-heading\" data-id=\"5704ead0\" data-element_type=\"widget\" data-widget_type=\"heading.default\">\n\t\t\t\t<div class=\"elementor-widget-container\">\n\t\t\t\t\t<p class=\"elementor-heading-title elementor-size-default\">Ve spole\u010dnosti FinPros v\u00e1m n\u00e1\u0161 \u0161pi\u010dkov\u00fd <strong>model prov\u00e1d\u011bn\u00ed obchod\u016f bez obchodn\u00edho stolu (NDD) <\/strong>zajist\u00ed p\u0159\u00edm\u00fd, rychl\u00fd a transparentn\u00ed p\u0159\u00edstup na trhy - bez zprost\u0159edkovatel\u016f.<\/p>\t\t\t\t<\/div>\n\t\t\t\t<\/div>\n\t\t\t\t\t<\/div>\n\t\t\t\t<\/div>\n\t\t<div class=\"elementor-element elementor-element-fa73717 e-flex e-con-boxed e-con e-child\" data-id=\"fa73717\" data-element_type=\"container\">\n\t\t\t\t\t<div class=\"e-con-inner\">\n\t\t<div class=\"elementor-element elementor-element-7c87245 e-flex e-con-boxed e-con e-child\" data-id=\"7c87245\" data-element_type=\"container\">\n\t\t\t\t\t<div class=\"e-con-inner\">\n\t\t\t\t<div class=\"elementor-element elementor-element-4773db9e elementor-align-left calc-banner-link bread-links elementor-widget elementor-widget-breadcrumbs\" data-id=\"4773db9e\" data-element_type=\"widget\" data-widget_type=\"breadcrumbs.default\">\n\t\t\t\t<div class=\"elementor-widget-container\">\n\t\t\t\t\t<p id=\"breadcrumbs\"><span><span><a href=\"https:\/\/finpros.com\/\">Home<\/a><\/span><\/span><\/p>\t\t\t\t<\/div>\n\t\t\t\t<\/div>\n\t\t\t\t\t<\/div>\n\t\t\t\t<\/div>\n\t\t\t\t\t<\/div>\n\t\t\t\t<\/div>\n\t\t\t\t<\/div>\n\t\t<div class=\"elementor-element elementor-element-f3d127e e-flex e-con-boxed e-con e-parent\" data-id=\"f3d127e\" data-element_type=\"container\">\n\t\t\t\t\t<div class=\"e-con-inner\">\n\t\t<div class=\"elementor-element elementor-element-3209a0c e-con-full e-flex e-con e-child\" data-id=\"3209a0c\" data-element_type=\"container\">\n\t\t\t\t<div class=\"elementor-element elementor-element-3ded466 elementor-widget elementor-widget-heading\" data-id=\"3ded466\" data-element_type=\"widget\" data-widget_type=\"heading.default\">\n\t\t\t\t<div class=\"elementor-widget-container\">\n\t\t\t\t\t<h2 class=\"elementor-heading-title elementor-size-default\">Co je to prov\u00e1d\u011bn\u00ed obchod\u016f?\n<\/h2>\t\t\t\t<\/div>\n\t\t\t\t<\/div>\n\t\t\t\t<div class=\"elementor-element elementor-element-9ae2bb3 elementor-widget elementor-widget-text-editor\" data-id=\"9ae2bb3\" data-element_type=\"widget\" data-widget_type=\"text-editor.default\">\n\t\t\t\t<div class=\"elementor-widget-container\">\n\t\t\t\t\t\t\t\t\tProv\u00e1d\u011bn\u00ed obchod\u016f je proces, p\u0159i kter\u00e9m makl\u00e9\u0159 prov\u00e1d\u00ed p\u0159\u00edkaz obchodn\u00edka k n\u00e1kupu nebo prodeji\nfinan\u010dn\u00edho n\u00e1stroje, jako je forex, akcie, komodity nebo kryptom\u011bny. Zahrnuje\nporovn\u00e1n\u00ed p\u0159\u00edkazu s dostupn\u00fdmi tr\u017en\u00edmi cenami a dokon\u010den\u00ed transakce. \t\t\t\t\t\t\t\t<\/div>\n\t\t\t\t<\/div>\n\t\t\t\t<div class=\"elementor-element elementor-element-356f7b6 elementor-icon-list--layout-traditional elementor-list-item-link-full_width elementor-widget elementor-widget-icon-list\" data-id=\"356f7b6\" data-element_type=\"widget\" data-widget_type=\"icon-list.default\">\n\t\t\t\t<div class=\"elementor-widget-container\">\n\t\t\t\t\t\t\t<ul class=\"elementor-icon-list-items\">\n\t\t\t\t\t\t\t<li class=\"elementor-icon-list-item\">\n\t\t\t\t\t\t\t\t\t\t<span class=\"elementor-icon-list-text\"><strong>Rychlost:<\/strong> Rychl\u00e9 proveden\u00ed zaji\u0161\u0165uje, \u017ee p\u0159\u00edkazy jsou vypln\u011bny za po\u017eadovanou cenu nebo v jej\u00ed bl\u00edzkosti, \u010d\u00edm\u017e se minimalizuj\u00ed zpo\u017ed\u011bn\u00ed, kter\u00e1 by mohla ovlivnit ziskovost.<\/span>\n\t\t\t\t\t\t\t\t\t<\/li>\n\t\t\t\t\t\t\t\t<li class=\"elementor-icon-list-item\">\n\t\t\t\t\t\t\t\t\t\t<span class=\"elementor-icon-list-text\"><strong>Transparentnost:<\/strong> Jasn\u00e9 stanoven\u00ed cen a proces\u016f pln\u011bn\u00ed objedn\u00e1vek buduje d\u016fv\u011bru a zaji\u0161\u0165uje, \u017ee obchodn\u00edci p\u0159esn\u011b v\u011bd\u00ed, jak jsou jejich objedn\u00e1vky zpracov\u00e1v\u00e1ny.<\/span>\n\t\t\t\t\t\t\t\t\t<\/li>\n\t\t\t\t\t\t\t\t<li class=\"elementor-icon-list-item\">\n\t\t\t\t\t\t\t\t\t\t<span class=\"elementor-icon-list-text\"><strong>Skluz:<\/strong> Efektivn\u00ed realizace sni\u017euje skluz, zejm\u00e9na na volatiln\u00edch trz\u00edch, t\u00edm, \u017ee zaji\u0161\u0165uje ceny bl\u00edzk\u00e9 po\u017eadavku obchodn\u00edka.<\/span>\n\t\t\t\t\t\t\t\t\t<\/li>\n\t\t\t\t\t\t\t\t<li class=\"elementor-icon-list-item\">\n\t\t\t\t\t\t\t\t\t\t<span class=\"elementor-icon-list-text\"><strong>Spolehlivost:<\/strong> D\u016fsledn\u00e9 a p\u0159esn\u00e9 pln\u011bn\u00ed p\u0159\u00edkaz\u016f je z\u00e1sadn\u00ed pro v\u0161echny obchodn\u00ed styly, od skalpov\u00e1n\u00ed a\u017e po dlouhodob\u00e9 investov\u00e1n\u00ed.<\/span>\n\t\t\t\t\t\t\t\t\t<\/li>\n\t\t\t\t\t\t<\/ul>\n\t\t\t\t\t\t<\/div>\n\t\t\t\t<\/div>\n\t\t\t\t<\/div>\n\t\t\t\t\t<\/div>\n\t\t\t\t<\/div>\n\t\t<div class=\"elementor-element elementor-element-973e8aa e-flex e-con-boxed e-con e-parent\" data-id=\"973e8aa\" data-element_type=\"container\">\n\t\t\t\t\t<div class=\"e-con-inner\">\n\t\t<div class=\"elementor-element elementor-element-8a8b99f e-con-full e-flex e-con e-child\" data-id=\"8a8b99f\" data-element_type=\"container\">\n\t\t\t\t<div class=\"elementor-element elementor-element-81b5973 elementor-widget elementor-widget-heading\" data-id=\"81b5973\" data-element_type=\"widget\" data-widget_type=\"heading.default\">\n\t\t\t\t<div class=\"elementor-widget-container\">\n\t\t\t\t\t<h2 class=\"elementor-heading-title elementor-size-default\">Co je NDD Execution?<\/h2>\t\t\t\t<\/div>\n\t\t\t\t<\/div>\n\t\t\t\t<div class=\"elementor-element elementor-element-be49f56 elementor-widget elementor-widget-text-editor\" data-id=\"be49f56\" data-element_type=\"widget\" data-widget_type=\"text-editor.default\">\n\t\t\t\t<div class=\"elementor-widget-container\">\n\t\t\t\t\t\t\t\t\t<p>NDD znamen\u00e1, \u017ee va\u0161e obchody jdou p\u0159\u00edmo na mezibankovn\u00ed trh nebo k na\u0161im likviditn\u00edm partner\u016fm &#8211; \u017e\u00e1dn\u00e9 z\u00e1sahy dealingov\u00e9ho odd\u011blen\u00ed, \u017e\u00e1dn\u00e1 zpo\u017ed\u011bn\u00ed, \u017e\u00e1dn\u00e9 rekv\u00f3tov\u00e1n\u00ed.<\/p>\t\t\t\t\t\t\t\t<\/div>\n\t\t\t\t<\/div>\n\t\t\t\t<div class=\"elementor-element elementor-element-87ac577 elementor-widget elementor-widget-text-editor\" data-id=\"87ac577\" data-element_type=\"widget\" data-widget_type=\"text-editor.default\">\n\t\t\t\t<div class=\"elementor-widget-container\">\n\t\t\t\t\t\t\t\t\t<p>To lze prov\u00e9st prost\u0159ednictv\u00edm:<\/p>\t\t\t\t\t\t\t\t<\/div>\n\t\t\t\t<\/div>\n\t\t\t\t<div class=\"elementor-element elementor-element-7078529 elementor-icon-list--layout-traditional elementor-list-item-link-full_width elementor-widget elementor-widget-icon-list\" data-id=\"7078529\" data-element_type=\"widget\" data-widget_type=\"icon-list.default\">\n\t\t\t\t<div class=\"elementor-widget-container\">\n\t\t\t\t\t\t\t<ul class=\"elementor-icon-list-items\">\n\t\t\t\t\t\t\t<li class=\"elementor-icon-list-item\">\n\t\t\t\t\t\t\t\t\t\t\t<span class=\"elementor-icon-list-icon\">\n\t\t\t\t\t\t\t<svg aria-hidden=\"true\" class=\"e-font-icon-svg e-fas-dot-circle\" viewBox=\"0 0 512 512\" xmlns=\"http:\/\/www.w3.org\/2000\/svg\"><path d=\"M256 8C119.033 8 8 119.033 8 256s111.033 248 248 248 248-111.033 248-248S392.967 8 256 8zm80 248c0 44.112-35.888 80-80 80s-80-35.888-80-80 35.888-80 80-80 80 35.888 80 80z\"><\/path><\/svg>\t\t\t\t\t\t<\/span>\n\t\t\t\t\t\t\t\t\t\t<span class=\"elementor-icon-list-text\"><strong>STP<\/strong> (Straight Through Processing): Obchody jsou p\u0159\u00edmo sm\u011brov\u00e1ny k poskytovatel\u016fm likvidity.<\/span>\n\t\t\t\t\t\t\t\t\t<\/li>\n\t\t\t\t\t\t\t\t<li class=\"elementor-icon-list-item\">\n\t\t\t\t\t\t\t\t\t\t\t<span class=\"elementor-icon-list-icon\">\n\t\t\t\t\t\t\t<svg aria-hidden=\"true\" class=\"e-font-icon-svg e-fas-dot-circle\" viewBox=\"0 0 512 512\" xmlns=\"http:\/\/www.w3.org\/2000\/svg\"><path d=\"M256 8C119.033 8 8 119.033 8 256s111.033 248 248 248 248-111.033 248-248S392.967 8 256 8zm80 248c0 44.112-35.888 80-80 80s-80-35.888-80-80 35.888-80 80-80 80 35.888 80 80z\"><\/path><\/svg>\t\t\t\t\t\t<\/span>\n\t\t\t\t\t\t\t\t\t\t<span class=\"elementor-icon-list-text\"><strong>ECN<\/strong> (Electronic Communication Network): M\u016f\u017eete tak\u00e9 obchodovat p\u0159\u00edmo s ostatn\u00edmi \u00fa\u010dastn\u00edky trhu  <\/span>\n\t\t\t\t\t\t\t\t\t<\/li>\n\t\t\t\t\t\t<\/ul>\n\t\t\t\t\t\t<\/div>\n\t\t\t\t<\/div>\n\t\t\t\t<\/div>\n\t\t\t\t\t<\/div>\n\t\t\t\t<\/div>\n\t\t<div class=\"elementor-element elementor-element-b01f07b e-flex e-con-boxed e-con e-parent\" data-id=\"b01f07b\" data-element_type=\"container\">\n\t\t\t\t\t<div class=\"e-con-inner\">\n\t\t<div class=\"elementor-element elementor-element-d29a56e e-con-full e-flex e-con e-child\" data-id=\"d29a56e\" data-element_type=\"container\">\n\t\t\t\t<div class=\"elementor-element elementor-element-9aade5f elementor-widget elementor-widget-heading\" data-id=\"9aade5f\" data-element_type=\"widget\" data-widget_type=\"heading.default\">\n\t\t\t\t<div class=\"elementor-widget-container\">\n\t\t\t\t\t<h2 class=\"elementor-heading-title elementor-size-default\">Co to pro v\u00e1s znamen\u00e1<\/h2>\t\t\t\t<\/div>\n\t\t\t\t<\/div>\n\t\t\t\t<div class=\"elementor-element elementor-element-2a23ead elementor-icon-list--layout-traditional elementor-list-item-link-full_width elementor-widget elementor-widget-icon-list\" data-id=\"2a23ead\" data-element_type=\"widget\" data-widget_type=\"icon-list.default\">\n\t\t\t\t<div class=\"elementor-widget-container\">\n\t\t\t\t\t\t\t<ul class=\"elementor-icon-list-items\">\n\t\t\t\t\t\t\t<li class=\"elementor-icon-list-item\">\n\t\t\t\t\t\t\t\t\t\t\t<span class=\"elementor-icon-list-icon\">\n\t\t\t\t\t\t\t<svg aria-hidden=\"true\" class=\"e-font-icon-svg e-fas-dot-circle\" viewBox=\"0 0 512 512\" xmlns=\"http:\/\/www.w3.org\/2000\/svg\"><path d=\"M256 8C119.033 8 8 119.033 8 256s111.033 248 248 248 248-111.033 248-248S392.967 8 256 8zm80 248c0 44.112-35.888 80-80 80s-80-35.888-80-80 35.888-80 80-80 80 35.888 80 80z\"><\/path><\/svg>\t\t\t\t\t\t<\/span>\n\t\t\t\t\t\t\t\t\t\t<span class=\"elementor-icon-list-text\"><strong>Velmi rychl\u00e1 realizace<\/strong> - Minimalizujte skluzy a vyhn\u011bte se zpo\u017ed\u011bn\u00fdm p\u0159\u00edkaz\u016fm<\/span>\n\t\t\t\t\t\t\t\t\t<\/li>\n\t\t\t\t\t\t\t\t<li class=\"elementor-icon-list-item\">\n\t\t\t\t\t\t\t\t\t\t\t<span class=\"elementor-icon-list-icon\">\n\t\t\t\t\t\t\t<svg aria-hidden=\"true\" class=\"e-font-icon-svg e-fas-dot-circle\" viewBox=\"0 0 512 512\" xmlns=\"http:\/\/www.w3.org\/2000\/svg\"><path d=\"M256 8C119.033 8 8 119.033 8 256s111.033 248 248 248 248-111.033 248-248S392.967 8 256 8zm80 248c0 44.112-35.888 80-80 80s-80-35.888-80-80 35.888-80 80-80 80 35.888 80 80z\"><\/path><\/svg>\t\t\t\t\t\t<\/span>\n\t\t\t\t\t\t\t\t\t\t<span class=\"elementor-icon-list-text\"><strong>Nejlep\u0161\u00ed ceny na trhu<\/strong> - p\u0159\u00edstup k agregovan\u00fdm, konkuren\u010dn\u00edm nab\u00eddk\u00e1m od v\u00edce poskytovatel\u016f<\/span>\n\t\t\t\t\t\t\t\t\t<\/li>\n\t\t\t\t\t\t\t\t<li class=\"elementor-icon-list-item\">\n\t\t\t\t\t\t\t\t\t\t\t<span class=\"elementor-icon-list-icon\">\n\t\t\t\t\t\t\t<svg aria-hidden=\"true\" class=\"e-font-icon-svg e-fas-dot-circle\" viewBox=\"0 0 512 512\" xmlns=\"http:\/\/www.w3.org\/2000\/svg\"><path d=\"M256 8C119.033 8 8 119.033 8 256s111.033 248 248 248 248-111.033 248-248S392.967 8 256 8zm80 248c0 44.112-35.888 80-80 80s-80-35.888-80-80 35.888-80 80-80 80 35.888 80 80z\"><\/path><\/svg>\t\t\t\t\t\t<\/span>\n\t\t\t\t\t\t\t\t\t\t<span class=\"elementor-icon-list-text\"><strong>Naprost\u00e1 transparentnost<\/strong> - \u017e\u00e1dn\u00e9 skryt\u00e9 p\u0159ir\u00e1\u017eky ani st\u0159ety z\u00e1jm\u016f - va\u0161e objedn\u00e1vky nejsou internalizov\u00e1ny.<\/span>\n\t\t\t\t\t\t\t\t\t<\/li>\n\t\t\t\t\t\t\t\t<li class=\"elementor-icon-list-item\">\n\t\t\t\t\t\t\t\t\t\t\t<span class=\"elementor-icon-list-icon\">\n\t\t\t\t\t\t\t<svg aria-hidden=\"true\" class=\"e-font-icon-svg e-fas-dot-circle\" viewBox=\"0 0 512 512\" xmlns=\"http:\/\/www.w3.org\/2000\/svg\"><path d=\"M256 8C119.033 8 8 119.033 8 256s111.033 248 248 248 248-111.033 248-248S392.967 8 256 8zm80 248c0 44.112-35.888 80-80 80s-80-35.888-80-80 35.888-80 80-80 80 35.888 80 80z\"><\/path><\/svg>\t\t\t\t\t\t<\/span>\n\t\t\t\t\t\t\t\t\t\t<span class=\"elementor-icon-list-text\"><strong>Ide\u00e1ln\u00ed pro aktivn\u00ed obchodn\u00edky<\/strong> - ide\u00e1ln\u00ed pro obchodn\u00edky s velk\u00fdm objemem nebo pro ty, kte\u0159\u00ed pou\u017e\u00edvaj\u00ed automatick\u00e9 strategie.<\/span>\n\t\t\t\t\t\t\t\t\t<\/li>\n\t\t\t\t\t\t<\/ul>\n\t\t\t\t\t\t<\/div>\n\t\t\t\t<\/div>\n\t\t\t\t<div class=\"elementor-element elementor-element-a227ba4 elementor-widget elementor-widget-text-editor\" data-id=\"a227ba4\" data-element_type=\"widget\" data-widget_type=\"text-editor.default\">\n\t\t\t\t<div class=\"elementor-widget-container\">\n\t\t\t\t\t\t\t\t\t<p>Vyberte si obchodn\u00ed \u00fa\u010det, kter\u00fd v\u00e1m vyhovuje, a vyu\u017eijte v\u00fdhod konkuren\u010dn\u00edch cen a prov\u00e1d\u011bn\u00ed.  <a href=\"https:\/\/finpros.com\/cs\/obchodni-ucty\/\">P\u0159ehled \u00fa\u010dt\u016f<\/a><\/p>\t\t\t\t\t\t\t\t<\/div>\n\t\t\t\t<\/div>\n\t\t\t\t<\/div>\n\t\t\t\t\t<\/div>\n\t\t\t\t<\/div>\n\t\t<div class=\"elementor-element elementor-element-0f2dbb1 e-con-full e-flex e-con e-parent\" data-id=\"0f2dbb1\" data-element_type=\"container\" data-settings=\"{&quot;background_background&quot;:&quot;classic&quot;}\">\n\t\t<div class=\"elementor-element elementor-element-a4c430d e-con-full e-flex e-con e-child\" data-id=\"a4c430d\" data-element_type=\"container\">\n\t\t\t\t<div class=\"elementor-element elementor-element-9d55769 elementor-widget elementor-widget-heading\" data-id=\"9d55769\" data-element_type=\"widget\" data-widget_type=\"heading.default\">\n\t\t\t\t<div class=\"elementor-widget-container\">\n\t\t\t\t\t<h2 class=\"elementor-heading-title elementor-size-default\">Jste p\u0159ipraveni za\u010d\u00edt?<\/h2>\t\t\t\t<\/div>\n\t\t\t\t<\/div>\n\t\t\t\t<div class=\"elementor-element elementor-element-d68e0de elementor-widget elementor-widget-text-editor\" data-id=\"d68e0de\" data-element_type=\"widget\" data-widget_type=\"text-editor.default\">\n\t\t\t\t<div class=\"elementor-widget-container\">\n\t\t\t\t\t\t\t\t\t<p>Otestujte trhy bez rizika &#8211; otev\u0159ete si bezplatn\u00fd demo \u00fa\u010det je\u0161t\u011b dnes!<\/p>\t\t\t\t\t\t\t\t<\/div>\n\t\t\t\t<\/div>\n\t\t\t\t<div class=\"elementor-element elementor-element-23d8677 elementor-align-left elementor-widget__width-auto btn-arrow-rotate  elementor-widget elementor-widget-button\" data-id=\"23d8677\" data-element_type=\"widget\" data-widget_type=\"button.default\">\n\t\t\t\t<div class=\"elementor-widget-container\">\n\t\t\t\t\t\t\t\t\t<div class=\"elementor-button-wrapper\">\n\t\t\t\t\t<a class=\"elementor-button elementor-button-link elementor-size-sm\" href=\"https:\/\/my.finpros.com\/register\/\">\n\t\t\t\t\t\t<span class=\"elementor-button-content-wrapper\">\n\t\t\t\t\t\t<span class=\"elementor-button-icon\">\n\t\t\t\t<svg aria-hidden=\"true\" class=\"e-font-icon-svg e-fas-arrow-right\" viewBox=\"0 0 448 512\" xmlns=\"http:\/\/www.w3.org\/2000\/svg\"><path d=\"M190.5 66.9l22.2-22.2c9.4-9.4 24.6-9.4 33.9 0L441 239c9.4 9.4 9.4 24.6 0 33.9L246.6 467.3c-9.4 9.4-24.6 9.4-33.9 0l-22.2-22.2c-9.5-9.5-9.3-25 .4-34.3L311.4 296H24c-13.3 0-24-10.7-24-24v-32c0-13.3 10.7-24 24-24h287.4L190.9 101.2c-9.8-9.3-10-24.8-.4-34.3z\"><\/path><\/svg>\t\t\t<\/span>\n\t\t\t\t\t\t\t\t\t<span class=\"elementor-button-text\">  Vyzkou\u0161ejte demo \u00fa\u010det<\/span>\n\t\t\t\t\t<\/span>\n\t\t\t\t\t<\/a>\n\t\t\t\t<\/div>\n\t\t\t\t\t\t\t\t<\/div>\n\t\t\t\t<\/div>\n\t\t\t\t<\/div>\n\t\t\t\t<\/div>\n\t\t\t\t<\/div>\n\t\t","protected":false},"excerpt":{"rendered":"<p>Exekuce bez obchodn\u00edho stolu (NDD) u spole\u010dnosti FinPros Ve spole\u010dnosti FinPros v\u00e1m n\u00e1\u0161 \u0161pi\u010dkov\u00fd model prov\u00e1d\u011bn\u00ed obchod\u016f bez obchodn\u00edho stolu (NDD) zajist\u00ed p\u0159\u00edm\u00fd, rychl\u00fd a transparentn\u00ed p\u0159\u00edstup na trhy &#8211; bez zprost\u0159edkovatel\u016f. Co je to prov\u00e1d\u011bn\u00ed obchod\u016f? Prov\u00e1d\u011bn\u00ed obchod\u016f je proces, p\u0159i kter\u00e9m makl\u00e9\u0159 prov\u00e1d\u00ed p\u0159\u00edkaz obchodn\u00edka k n\u00e1kupu nebo prodeji finan\u010dn\u00edho n\u00e1stroje, jako je [&hellip;]<\/p>\n","protected":false},"author":1,"featured_media":0,"parent":0,"menu_order":0,"comment_status":"closed","ping_status":"closed","template":"tpl-default-elementor.php","meta":{"footnotes":""},"class_list":["post-19099","page","type-page","status-publish","hentry"],"yoast_head":"<!-- This site is optimized with the Yoast SEO plugin v25.0 - https:\/\/yoast.com\/wordpress\/plugins\/seo\/ -->\n<title>Prov\u00e1d\u011bn\u00ed NDD - FinPros<\/title>\n<meta name=\"robots\" content=\"index, follow, max-snippet:-1, max-image-preview:large, max-video-preview:-1\" \/>\n<link rel=\"canonical\" href=\"https:\/\/finpros.com\/cs\/provadeni-ndd\/\" \/>\n<meta property=\"og:locale\" content=\"cs_CZ\" \/>\n<meta property=\"og:type\" content=\"article\" \/>\n<meta property=\"og:title\" content=\"Prov\u00e1d\u011bn\u00ed NDD - FinPros\" \/>\n<meta property=\"og:description\" content=\"Exekuce bez obchodn\u00edho stolu (NDD) u spole\u010dnosti FinPros Ve spole\u010dnosti FinPros v\u00e1m n\u00e1\u0161 \u0161pi\u010dkov\u00fd model prov\u00e1d\u011bn\u00ed obchod\u016f bez obchodn\u00edho stolu (NDD) zajist\u00ed p\u0159\u00edm\u00fd, rychl\u00fd a transparentn\u00ed p\u0159\u00edstup na trhy &#8211; bez zprost\u0159edkovatel\u016f. Co je to prov\u00e1d\u011bn\u00ed obchod\u016f? Prov\u00e1d\u011bn\u00ed obchod\u016f je proces, p\u0159i kter\u00e9m makl\u00e9\u0159 prov\u00e1d\u00ed p\u0159\u00edkaz obchodn\u00edka k n\u00e1kupu nebo prodeji finan\u010dn\u00edho n\u00e1stroje, jako je [&hellip;]\" \/>\n<meta property=\"og:url\" content=\"https:\/\/finpros.com\/cs\/provadeni-ndd\/\" \/>\n<meta property=\"og:site_name\" content=\"FinPros\" \/>\n<meta property=\"article:modified_time\" content=\"2025-11-21T15:38:22+00:00\" \/>\n<meta name=\"twitter:card\" content=\"summary_large_image\" \/>\n<meta name=\"twitter:label1\" content=\"Odhadovan\u00e1 doba \u010dten\u00ed\" \/>\n\t<meta name=\"twitter:data1\" content=\"2 minuty\" \/>\n<script type=\"application\/ld+json\" class=\"yoast-schema-graph\">{\"@context\":\"https:\/\/schema.org\",\"@graph\":[{\"@type\":\"WebPage\",\"@id\":\"https:\/\/finpros.com\/cs\/provadeni-ndd\/\",\"url\":\"https:\/\/finpros.com\/cs\/provadeni-ndd\/\",\"name\":\"Prov\u00e1d\u011bn\u00ed NDD - FinPros\",\"isPartOf\":{\"@id\":\"https:\/\/finpros.com\/#website\"},\"datePublished\":\"2025-07-14T10:25:00+00:00\",\"dateModified\":\"2025-11-21T15:38:22+00:00\",\"breadcrumb\":{\"@id\":\"https:\/\/finpros.com\/cs\/provadeni-ndd\/#breadcrumb\"},\"inLanguage\":\"cs\",\"potentialAction\":[{\"@type\":\"ReadAction\",\"target\":[\"https:\/\/finpros.com\/cs\/provadeni-ndd\/\"]}]},{\"@type\":\"BreadcrumbList\",\"@id\":\"https:\/\/finpros.com\/cs\/provadeni-ndd\/#breadcrumb\",\"itemListElement\":[{\"@type\":\"ListItem\",\"position\":1,\"name\":\"Home\",\"item\":\"https:\/\/finpros.com\/\"},{\"@type\":\"ListItem\",\"position\":2,\"name\":\"Prov\u00e1d\u011bn\u00ed NDD\"}]},{\"@type\":\"WebSite\",\"@id\":\"https:\/\/finpros.com\/#website\",\"url\":\"https:\/\/finpros.com\/\",\"name\":\"FinPros\",\"description\":\"\",\"publisher\":{\"@id\":\"https:\/\/finpros.com\/#organization\"},\"potentialAction\":[{\"@type\":\"SearchAction\",\"target\":{\"@type\":\"EntryPoint\",\"urlTemplate\":\"https:\/\/finpros.com\/?s={search_term_string}\"},\"query-input\":{\"@type\":\"PropertyValueSpecification\",\"valueRequired\":true,\"valueName\":\"search_term_string\"}}],\"inLanguage\":\"cs\"},{\"@type\":\"Organization\",\"@id\":\"https:\/\/finpros.com\/#organization\",\"name\":\"FinPros\",\"url\":\"https:\/\/finpros.com\/\",\"logo\":{\"@type\":\"ImageObject\",\"inLanguage\":\"cs\",\"@id\":\"https:\/\/finpros.com\/#\/schema\/logo\/image\/\",\"url\":\"https:\/\/finpros.com\/wp-content\/uploads\/2025\/03\/FinPros-PNG-1.png\",\"contentUrl\":\"https:\/\/finpros.com\/wp-content\/uploads\/2025\/03\/FinPros-PNG-1.png\",\"width\":1050,\"height\":369,\"caption\":\"FinPros\"},\"image\":{\"@id\":\"https:\/\/finpros.com\/#\/schema\/logo\/image\/\"}}]}<\/script>\n<!-- \/ Yoast SEO plugin. -->","yoast_head_json":{"title":"Prov\u00e1d\u011bn\u00ed NDD - FinPros","robots":{"index":"index","follow":"follow","max-snippet":"max-snippet:-1","max-image-preview":"max-image-preview:large","max-video-preview":"max-video-preview:-1"},"canonical":"https:\/\/finpros.com\/cs\/provadeni-ndd\/","og_locale":"cs_CZ","og_type":"article","og_title":"Prov\u00e1d\u011bn\u00ed NDD - FinPros","og_description":"Exekuce bez obchodn\u00edho stolu (NDD) u spole\u010dnosti FinPros Ve spole\u010dnosti FinPros v\u00e1m n\u00e1\u0161 \u0161pi\u010dkov\u00fd model prov\u00e1d\u011bn\u00ed obchod\u016f bez obchodn\u00edho stolu (NDD) zajist\u00ed p\u0159\u00edm\u00fd, rychl\u00fd a transparentn\u00ed p\u0159\u00edstup na trhy &#8211; bez zprost\u0159edkovatel\u016f. Co je to prov\u00e1d\u011bn\u00ed obchod\u016f? Prov\u00e1d\u011bn\u00ed obchod\u016f je proces, p\u0159i kter\u00e9m makl\u00e9\u0159 prov\u00e1d\u00ed p\u0159\u00edkaz obchodn\u00edka k n\u00e1kupu nebo prodeji finan\u010dn\u00edho n\u00e1stroje, jako je [&hellip;]","og_url":"https:\/\/finpros.com\/cs\/provadeni-ndd\/","og_site_name":"FinPros","article_modified_time":"2025-11-21T15:38:22+00:00","twitter_card":"summary_large_image","twitter_misc":{"Odhadovan\u00e1 doba \u010dten\u00ed":"2 minuty"},"schema":{"@context":"https:\/\/schema.org","@graph":[{"@type":"WebPage","@id":"https:\/\/finpros.com\/cs\/provadeni-ndd\/","url":"https:\/\/finpros.com\/cs\/provadeni-ndd\/","name":"Prov\u00e1d\u011bn\u00ed NDD - FinPros","isPartOf":{"@id":"https:\/\/finpros.com\/#website"},"datePublished":"2025-07-14T10:25:00+00:00","dateModified":"2025-11-21T15:38:22+00:00","breadcrumb":{"@id":"https:\/\/finpros.com\/cs\/provadeni-ndd\/#breadcrumb"},"inLanguage":"cs","potentialAction":[{"@type":"ReadAction","target":["https:\/\/finpros.com\/cs\/provadeni-ndd\/"]}]},{"@type":"BreadcrumbList","@id":"https:\/\/finpros.com\/cs\/provadeni-ndd\/#breadcrumb","itemListElement":[{"@type":"ListItem","position":1,"name":"Home","item":"https:\/\/finpros.com\/"},{"@type":"ListItem","position":2,"name":"Prov\u00e1d\u011bn\u00ed NDD"}]},{"@type":"WebSite","@id":"https:\/\/finpros.com\/#website","url":"https:\/\/finpros.com\/","name":"FinPros","description":"","publisher":{"@id":"https:\/\/finpros.com\/#organization"},"potentialAction":[{"@type":"SearchAction","target":{"@type":"EntryPoint","urlTemplate":"https:\/\/finpros.com\/?s={search_term_string}"},"query-input":{"@type":"PropertyValueSpecification","valueRequired":true,"valueName":"search_term_string"}}],"inLanguage":"cs"},{"@type":"Organization","@id":"https:\/\/finpros.com\/#organization","name":"FinPros","url":"https:\/\/finpros.com\/","logo":{"@type":"ImageObject","inLanguage":"cs","@id":"https:\/\/finpros.com\/#\/schema\/logo\/image\/","url":"https:\/\/finpros.com\/wp-content\/uploads\/2025\/03\/FinPros-PNG-1.png","contentUrl":"https:\/\/finpros.com\/wp-content\/uploads\/2025\/03\/FinPros-PNG-1.png","width":1050,"height":369,"caption":"FinPros"},"image":{"@id":"https:\/\/finpros.com\/#\/schema\/logo\/image\/"}}]}},"_links":{"self":[{"href":"https:\/\/finpros.com\/cs\/wp-json\/wp\/v2\/pages\/19099","targetHints":{"allow":["GET"]}}],"collection":[{"href":"https:\/\/finpros.com\/cs\/wp-json\/wp\/v2\/pages"}],"about":[{"href":"https:\/\/finpros.com\/cs\/wp-json\/wp\/v2\/types\/page"}],"author":[{"embeddable":true,"href":"https:\/\/finpros.com\/cs\/wp-json\/wp\/v2\/users\/1"}],"replies":[{"embeddable":true,"href":"https:\/\/finpros.com\/cs\/wp-json\/wp\/v2\/comments?post=19099"}],"version-history":[{"count":4,"href":"https:\/\/finpros.com\/cs\/wp-json\/wp\/v2\/pages\/19099\/revisions"}],"predecessor-version":[{"id":19328,"href":"https:\/\/finpros.com\/cs\/wp-json\/wp\/v2\/pages\/19099\/revisions\/19328"}],"wp:attachment":[{"href":"https:\/\/finpros.com\/cs\/wp-json\/wp\/v2\/media?parent=19099"}],"curies":[{"name":"wp","href":"https:\/\/api.w.org\/{rel}","templated":true}]}}