{"id":19087,"date":"2025-04-16T17:05:57","date_gmt":"2025-04-16T17:05:57","guid":{"rendered":"https:\/\/finpros.com\/prevodnik-men\/"},"modified":"2025-11-21T15:49:32","modified_gmt":"2025-11-21T15:49:32","slug":"prevodnik-men","status":"publish","type":"page","link":"https:\/\/finpros.com\/cs\/prevodnik-men\/","title":{"rendered":"P\u0159evodn\u00edk m\u011bn"},"content":{"rendered":"\t\t<div data-elementor-type=\"wp-page\" data-elementor-id=\"19087\" class=\"elementor elementor-19087 elementor-6527\" data-elementor-post-type=\"page\">\n\t\t\t\t<div class=\"elementor-element elementor-element-38043d00 e-con-full calculator-sub-banner sub-calc-bg e-flex e-con e-parent\" data-id=\"38043d00\" data-element_type=\"container\" data-settings=\"{&quot;background_background&quot;:&quot;classic&quot;}\">\n\t\t<div class=\"elementor-element elementor-element-2cc3841e e-con-full e-flex e-con e-child\" data-id=\"2cc3841e\" data-element_type=\"container\" data-settings=\"{&quot;background_background&quot;:&quot;classic&quot;}\">\n\t\t\t\t<div class=\"elementor-element elementor-element-7b598812 elementor-widget elementor-widget-heading\" data-id=\"7b598812\" data-element_type=\"widget\" data-widget_type=\"heading.default\">\n\t\t\t\t<div class=\"elementor-widget-container\">\n\t\t\t\t\t<h2 class=\"elementor-heading-title elementor-size-default\"><span>P\u0159evodn\u00edk<\/span> m\u011bn<\/h2>\t\t\t\t<\/div>\n\t\t\t\t<\/div>\n\t\t\t\t<div class=\"elementor-element elementor-element-4cf28096 elementor-widget elementor-widget-heading\" data-id=\"4cf28096\" data-element_type=\"widget\" data-widget_type=\"heading.default\">\n\t\t\t\t<div class=\"elementor-widget-container\">\n\t\t\t\t\t<p class=\"elementor-heading-title elementor-size-default\">Z\u00edskejte p\u0159\u00edstup ke glob\u00e1ln\u00edm m\u011bnov\u00fdm trh\u016fm s rychlou realizac\u00ed a spravedliv\u00fdmi spready.<\/p>\t\t\t\t<\/div>\n\t\t\t\t<\/div>\n\t\t\t\t<\/div>\n\t\t<div class=\"elementor-element elementor-element-4d93ada5 e-con-full e-flex e-con e-child\" data-id=\"4d93ada5\" data-element_type=\"container\" data-settings=\"{&quot;background_background&quot;:&quot;classic&quot;}\">\n\t\t<div class=\"elementor-element elementor-element-72884d8c e-flex e-con-boxed e-con e-child\" data-id=\"72884d8c\" data-element_type=\"container\">\n\t\t\t\t\t<div class=\"e-con-inner\">\n\t\t\t\t<div class=\"elementor-element elementor-element-5b8c211d elementor-align-left calc-banner-link elementor-widget elementor-widget-breadcrumbs\" data-id=\"5b8c211d\" data-element_type=\"widget\" data-widget_type=\"breadcrumbs.default\">\n\t\t\t\t<div class=\"elementor-widget-container\">\n\t\t\t\t\t<p id=\"breadcrumbs\"><span><span><a href=\"https:\/\/finpros.com\/\">Home<\/a><\/span><\/span><\/p>\t\t\t\t<\/div>\n\t\t\t\t<\/div>\n\t\t\t\t\t<\/div>\n\t\t\t\t<\/div>\n\t\t\t\t<\/div>\n\t\t\t\t<\/div>\n\t\t<div class=\"elementor-element elementor-element-2fac50f e-flex e-con-boxed e-con e-parent\" data-id=\"2fac50f\" data-element_type=\"container\">\n\t\t\t\t\t<div class=\"e-con-inner\">\n\t\t<div class=\"elementor-element elementor-element-4997a57 e-con-full e-flex e-con e-child\" data-id=\"4997a57\" data-element_type=\"container\">\n\t\t\t\t<div class=\"elementor-element elementor-element-1ec21d1 elementor-widget elementor-widget-heading\" data-id=\"1ec21d1\" data-element_type=\"widget\" data-widget_type=\"heading.default\">\n\t\t\t\t<div class=\"elementor-widget-container\">\n\t\t\t\t\t<h2 class=\"elementor-heading-title elementor-size-default\"> <span>P\u0159evodn\u00edk<\/span> m\u011bn<\/h2>\t\t\t\t<\/div>\n\t\t\t\t<\/div>\n\t\t\t\t<\/div>\n\t\t<div class=\"elementor-element elementor-element-df56ab4 e-con-full e-flex e-con e-child\" data-id=\"df56ab4\" data-element_type=\"container\">\n\t\t\t\t<div class=\"elementor-element elementor-element-51bd7d2 elementor-widget elementor-widget-text-editor\" data-id=\"51bd7d2\" data-element_type=\"widget\" data-widget_type=\"text-editor.default\">\n\t\t\t\t<div class=\"elementor-widget-container\">\n\t\t\t\t\t\t\t\t\t<p>Snad nejjednodu\u0161\u0161\u00ed a bezpochyby nejzn\u00e1m\u011bj\u0161\u00ed z na\u0161ich obchodn\u00edch n\u00e1stroj\u016f je konvertor m\u011bn, kter\u00fd umo\u017e\u0148uje obchodn\u00edk\u016fm t\u0159eba p\u0159ev\u00e9st dom\u00e1c\u00ed m\u011bnu na jinou m\u011bnu.<\/p>\t\t\t\t\t\t\t\t<\/div>\n\t\t\t\t<\/div>\n\t\t\t\t<\/div>\n\t\t<div class=\"elementor-element elementor-element-f4a2424 e-con-full e-flex e-con e-child\" data-id=\"f4a2424\" data-element_type=\"container\">\n\t\t\t\t<div class=\"elementor-element elementor-element-fb967bb elementor-widget elementor-widget-text-editor\" data-id=\"fb967bb\" data-element_type=\"widget\" data-widget_type=\"text-editor.default\">\n\t\t\t\t<div class=\"elementor-widget-container\">\n\t\t\t\t\t\t\t\t\t<p><b>P\u0159\u00edklad:<\/b> Pokud chcete p\u0159ev\u00e9st 10 000 EUR na 10 000 USD, v\u00fdsledek je 10 437,21 USD. Vych\u00e1z\u00edme z toho, \u017ee 1 EUR = 1,04372 USD a 1 USD = 0,958111 EUR. <\/p>\t\t\t\t\t\t\t\t<\/div>\n\t\t\t\t<\/div>\n\t\t\t\t<\/div>\n\t\t\t\t\t<\/div>\n\t\t\t\t<\/div>\n\t\t<div class=\"elementor-element elementor-element-fa3bf46 e-flex e-con-boxed e-con e-parent\" data-id=\"fa3bf46\" data-element_type=\"container\">\n\t\t\t\t\t<div class=\"e-con-inner\">\n\t\t<div class=\"elementor-element elementor-element-eb702b9 e-con-full e-flex e-con e-child\" data-id=\"eb702b9\" data-element_type=\"container\">\n\t\t\t\t<div class=\"elementor-element elementor-element-c05ae7a elementor-widget elementor-widget-shortcode\" data-id=\"c05ae7a\" data-element_type=\"widget\" data-widget_type=\"shortcode.default\">\n\t\t\t\t<div class=\"elementor-widget-container\">\n\t\t\t\t\t\t\t<div class=\"elementor-shortcode\">    <div class=\"calculator-container currency-converter\">\r\n        <div class=\"calculator-header\">\r\n            <h3>Currency Converter<\/h3>\r\n            <p>Convert between different currencies using real-time exchange rates<\/p>\r\n        <\/div>\r\n        <div class=\"calculator-body\">\r\n            <div class=\"calculator-form\">\r\n                <div class=\"form-row\">\r\n                    <div class=\"form-column\">\r\n                        <label for=\"cc-amount\">Amount<\/label>\r\n                        <input type=\"number\" id=\"cc-amount\" class=\"form-control\" value=\"1\" step=\"0.01\" min=\"0.01\">\r\n                    <\/div>\r\n                <\/div>\r\n\r\n                <div class=\"form-row\">                      \r\n                    <div class=\"form-column\" >\r\n                        <label for=\"cc-from-currency\">From Currency<\/label>\r\n                        <select id=\"cc-from-currency\" class=\"form-control\">\r\n                            <option value=\"USD\">USD - US Dollar<\/option>\r\n                            <option value=\"EUR\">EUR - Euro<\/option>\r\n                            <option value=\"GBP\">GBP - British Pound<\/option>\r\n                            <option value=\"JPY\">JPY - Japanese Yen<\/option>\r\n                            <option value=\"AUD\">AUD - Australian Dollar<\/option>\r\n                            <option value=\"CAD\">CAD - Canadian Dollar<\/option>\r\n                            <option value=\"CHF\">CHF - Swiss Franc<\/option>\r\n                            <option value=\"NZD\">NZD - New Zealand Dollar<\/option>\r\n                        <\/select>\r\n                    <\/div>\r\n                    <div class=\"form-column\">\r\n                        <label for=\"cc-to-currency\">To Currency<\/label>\r\n                        <select id=\"cc-to-currency\" class=\"form-control\">\r\n                            <option value=\"EUR\">EUR - Euro<\/option>\r\n                            <option value=\"USD\">USD - US Dollar<\/option>\r\n                            <option value=\"GBP\">GBP - British Pound<\/option>\r\n                            <option value=\"JPY\">JPY - Japanese Yen<\/option>\r\n                            <option value=\"AUD\">AUD - Australian Dollar<\/option>\r\n                            <option value=\"CAD\">CAD - Canadian Dollar<\/option>\r\n                            <option value=\"CHF\">CHF - Swiss Franc<\/option>\r\n                            <option value=\"NZD\">NZD - New Zealand Dollar<\/option>\r\n                        <\/select>\r\n                    <\/div>\r\n                <\/div>\r\n\r\n                <div class=\"form-row\">\r\n                    <div class=\"form-column\">\r\n                        <button id=\"cc-convert-btn\" class=\"calculate-button\">Convert<\/button>\r\n                    <\/div>\r\n                    <div class=\"form-column\">\r\n                        <button id=\"cc-swap-btn\" class=\"swap-button\"><span class=\"swap-icon\">\u21c4<\/span> Swap<\/button>\r\n                    <\/div>\r\n                <\/div>\r\n            <\/div>\r\n\r\n            <div class=\"calculator-results\">\r\n                <div class=\"form-row\">\r\n                    <div class=\"form-column\">\r\n                        <div class=\"result-box\">\r\n                            <div class=\"result-title\">Conversion Result<\/div>\r\n                            <div class=\"result-value\">\r\n                                <span id=\"cc-result-amount\">0.00<\/span>\r\n                                <span id=\"cc-result-currency\">EUR<\/span>\r\n                            <\/div>\r\n                        <\/div>\r\n                    <\/div>\r\n                <\/div>\r\n                <div class=\"form-row\">\r\n                    <div class=\"form-column\">\r\n                        <div class=\"exchange-rate-info\">\r\n                            <span>Exchange Rate: <\/span>\r\n                            <span id=\"cc-exchange-rate\">1.00<\/span>\r\n                            <span id=\"cc-rate-date\" class=\"rate-date\"><\/span>\r\n                        <\/div>\r\n                    <\/div>\r\n                <\/div>\r\n            <\/div>\r\n        <\/div>\r\n    <\/div>\r\n    <\/div>\n\t\t\t\t\t\t<\/div>\n\t\t\t\t<\/div>\n\t\t\t\t<\/div>\n\t\t\t\t\t<\/div>\n\t\t\t\t<\/div>\n\t\t<div class=\"elementor-element elementor-element-ece4e42 e-flex e-con-boxed e-con e-parent\" data-id=\"ece4e42\" data-element_type=\"container\">\n\t\t\t\t\t<div class=\"e-con-inner\">\n\t\t\t\t<div class=\"elementor-element elementor-element-dd87173 elementor-widget elementor-widget-heading\" data-id=\"dd87173\" data-element_type=\"widget\" data-widget_type=\"heading.default\">\n\t\t\t\t<div class=\"elementor-widget-container\">\n\t\t\t\t\t<h2 class=\"elementor-heading-title elementor-size-default\"><span>Odpov\u011bdi na<\/span> nej\u010dast\u011bj\u0161\u00ed ot\u00e1zky na <br><\/h2>\t\t\t\t<\/div>\n\t\t\t\t<\/div>\n\t\t\t\t<div class=\"elementor-element elementor-element-9c8d095 elementor-widget__width-initial elementor-widget elementor-widget-shortcode\" data-id=\"9c8d095\" data-element_type=\"widget\" data-widget_type=\"shortcode.default\">\n\t\t\t\t<div class=\"elementor-widget-container\">\n\t\t\t\t\t\t\t<div class=\"elementor-shortcode\">            <div class=\"qae-faqs-container qae-faqs-toggle-container\">\n\t\t\t\t\t\t<div id=\"qaef-19520\" class=\"qe-faq-toggle obchodovani\">\n\t\t\t<div class=\"qe-toggle-title\">\n\t\t\t\t<h4>\n\t\t\t\t\t<i class=\"fa fa-minus-circle\"><\/i> Jak si mohu zm\u011bnit heslo?\t\t\t\t<\/h4>\n\t\t\t<\/div>\n\t\t\t<div class=\"qe-toggle-content\">\n\t\t\t\t<ul>\n<li>Klepn\u011bte na tla\u010d\u00edtko &#8220;P\u0159ihl\u00e1sit se&#8221; a pot\u00e9 na &#8220;Zapomenut\u00e9 heslo&#8221;.<\/li>\n<li>Do po\u017eadovan\u00e9ho pole zadejte e-mail, pod kter\u00fdm jste se zaregistrovali, a klepn\u011bte na tla\u010d\u00edtko &#8220;Odeslat&#8221;.<\/li>\n<li>E-mailovou zpr\u00e1vou v\u00e1m za\u0161leme odkaz pro zm\u011bnu hesla.<\/li>\n<\/ul>\n\t\t\t<\/div>\n\t\t<\/div>\n\t\t\t\t<div id=\"qaef-19524\" class=\"qe-faq-toggle obchodovani\">\n\t\t\t<div class=\"qe-toggle-title\">\n\t\t\t\t<h4>\n\t\t\t\t\t<i class=\"fa fa-minus-circle\"><\/i> Jak mohu zm\u011bnit \u00fadaje o sv\u00e9m \u00fa\u010dtu?\t\t\t\t<\/h4>\n\t\t\t<\/div>\n\t\t\t<div class=\"qe-toggle-content\">\n\t\t\t\t<ul style=\"margin-left: -15px\">\n<li>Klepn\u011bte na kartu &#8220;\u00da\u010det&#8221; vpravo dole a pot\u00e9 na &#8220;Upravit profil&#8221;.<\/li>\n<li>Na t\u00e9to str\u00e1nce m\u016f\u017eete upravit &#8220;Search handle&#8221;, &#8220;Signal name&#8221; a &#8220;Equity guide&#8221;.<\/li>\n<\/ul>\n\t\t\t<\/div>\n\t\t<\/div>\n\t\t\t\t<div id=\"qaef-19522\" class=\"qe-faq-toggle obchodovani\">\n\t\t\t<div class=\"qe-toggle-title\">\n\t\t\t\t<h4>\n\t\t\t\t\t<i class=\"fa fa-minus-circle\"><\/i> Jak mohu zm\u011bnit sv\u016fj obchodn\u00ed \u00fa\u010det?\t\t\t\t<\/h4>\n\t\t\t<\/div>\n\t\t\t<div class=\"qe-toggle-content\">\n\t\t\t\t<ul style=\"margin-left: -15px\">\n<li>Klepn\u011bte na kartu &#8220;\u00da\u010det&#8221; vpravo dole.<\/li>\n<li>P\u0159ejd\u011bte na konec a klepn\u011bte na tla\u010d\u00edtko &#8220;Propojit \u00fa\u010det&#8221;.<\/li>\n<li>Zadejte \u00fadaje o sv\u00e9m nov\u00e9m obchodn\u00edm \u00fa\u010dtu.<\/li>\n<\/ul>\n\t\t\t<\/div>\n\t\t<\/div>\n\t\t            <\/div>\n\t\t<\/div>\n\t\t\t\t\t\t<\/div>\n\t\t\t\t<\/div>\n\t\t\t\t<div class=\"elementor-element elementor-element-10e200a elementor-align-center elementor-widget__width-auto read-more-link elementor-widget elementor-widget-button\" data-id=\"10e200a\" data-element_type=\"widget\" data-widget_type=\"button.default\">\n\t\t\t\t<div class=\"elementor-widget-container\">\n\t\t\t\t\t\t\t\t\t<div class=\"elementor-button-wrapper\">\n\t\t\t\t\t<a class=\"elementor-button elementor-button-link elementor-size-sm\" href=\"https:\/\/finpros.com\/cs\/nejcastejsi-dotazy\/\">\n\t\t\t\t\t\t<span class=\"elementor-button-content-wrapper\">\n\t\t\t\t\t\t<span class=\"elementor-button-icon\">\n\t\t\t\t<svg aria-hidden=\"true\" class=\"e-font-icon-svg e-fas-arrow-right\" viewBox=\"0 0 448 512\" xmlns=\"http:\/\/www.w3.org\/2000\/svg\"><path d=\"M190.5 66.9l22.2-22.2c9.4-9.4 24.6-9.4 33.9 0L441 239c9.4 9.4 9.4 24.6 0 33.9L246.6 467.3c-9.4 9.4-24.6 9.4-33.9 0l-22.2-22.2c-9.5-9.5-9.3-25 .4-34.3L311.4 296H24c-13.3 0-24-10.7-24-24v-32c0-13.3 10.7-24 24-24h287.4L190.9 101.2c-9.8-9.3-10-24.8-.4-34.3z\"><\/path><\/svg>\t\t\t<\/span>\n\t\t\t\t\t\t\t\t\t<span class=\"elementor-button-text\">P\u0159e\u010dt\u011bte si v\u00edce<\/span>\n\t\t\t\t\t<\/span>\n\t\t\t\t\t<\/a>\n\t\t\t\t<\/div>\n\t\t\t\t\t\t\t\t<\/div>\n\t\t\t\t<\/div>\n\t\t\t\t\t<\/div>\n\t\t\t\t<\/div>\n\t\t\t\t<\/div>\n\t\t","protected":false},"excerpt":{"rendered":"<p>P\u0159evodn\u00edk m\u011bn Z\u00edskejte p\u0159\u00edstup ke glob\u00e1ln\u00edm m\u011bnov\u00fdm trh\u016fm s rychlou realizac\u00ed a spravedliv\u00fdmi spready. P\u0159evodn\u00edk m\u011bn Snad nejjednodu\u0161\u0161\u00ed a bezpochyby nejzn\u00e1m\u011bj\u0161\u00ed z na\u0161ich obchodn\u00edch n\u00e1stroj\u016f je konvertor m\u011bn, kter\u00fd umo\u017e\u0148uje obchodn\u00edk\u016fm t\u0159eba p\u0159ev\u00e9st dom\u00e1c\u00ed m\u011bnu na jinou m\u011bnu. P\u0159\u00edklad: Pokud chcete p\u0159ev\u00e9st 10 000 EUR na 10 000 USD, v\u00fdsledek je 10 437,21 USD. Vych\u00e1z\u00edme [&hellip;]<\/p>\n","protected":false},"author":1,"featured_media":0,"parent":0,"menu_order":0,"comment_status":"closed","ping_status":"closed","template":"tpl-default-elementor.php","meta":{"footnotes":""},"class_list":["post-19087","page","type-page","status-publish","hentry"],"yoast_head":"<!-- This site is optimized with the Yoast SEO plugin v25.0 - https:\/\/yoast.com\/wordpress\/plugins\/seo\/ -->\n<title>P\u0159evodn\u00edk m\u011bn - FinPros<\/title>\n<meta name=\"robots\" content=\"index, follow, max-snippet:-1, max-image-preview:large, max-video-preview:-1\" \/>\n<link rel=\"canonical\" href=\"https:\/\/finpros.com\/cs\/prevodnik-men\/\" \/>\n<meta property=\"og:locale\" content=\"cs_CZ\" \/>\n<meta property=\"og:type\" content=\"article\" \/>\n<meta property=\"og:title\" content=\"P\u0159evodn\u00edk m\u011bn - FinPros\" \/>\n<meta property=\"og:description\" content=\"P\u0159evodn\u00edk m\u011bn Z\u00edskejte p\u0159\u00edstup ke glob\u00e1ln\u00edm m\u011bnov\u00fdm trh\u016fm s rychlou realizac\u00ed a spravedliv\u00fdmi spready. P\u0159evodn\u00edk m\u011bn Snad nejjednodu\u0161\u0161\u00ed a bezpochyby nejzn\u00e1m\u011bj\u0161\u00ed z na\u0161ich obchodn\u00edch n\u00e1stroj\u016f je konvertor m\u011bn, kter\u00fd umo\u017e\u0148uje obchodn\u00edk\u016fm t\u0159eba p\u0159ev\u00e9st dom\u00e1c\u00ed m\u011bnu na jinou m\u011bnu. P\u0159\u00edklad: Pokud chcete p\u0159ev\u00e9st 10 000 EUR na 10 000 USD, v\u00fdsledek je 10 437,21 USD. Vych\u00e1z\u00edme [&hellip;]\" \/>\n<meta property=\"og:url\" content=\"https:\/\/finpros.com\/cs\/prevodnik-men\/\" \/>\n<meta property=\"og:site_name\" content=\"FinPros\" \/>\n<meta property=\"article:modified_time\" content=\"2025-11-21T15:49:32+00:00\" \/>\n<meta name=\"twitter:card\" content=\"summary_large_image\" \/>\n<meta name=\"twitter:label1\" content=\"Odhadovan\u00e1 doba \u010dten\u00ed\" \/>\n\t<meta name=\"twitter:data1\" content=\"1 minuta\" \/>\n<script type=\"application\/ld+json\" class=\"yoast-schema-graph\">{\"@context\":\"https:\/\/schema.org\",\"@graph\":[{\"@type\":\"WebPage\",\"@id\":\"https:\/\/finpros.com\/cs\/prevodnik-men\/\",\"url\":\"https:\/\/finpros.com\/cs\/prevodnik-men\/\",\"name\":\"P\u0159evodn\u00edk m\u011bn - FinPros\",\"isPartOf\":{\"@id\":\"https:\/\/finpros.com\/#website\"},\"datePublished\":\"2025-04-16T17:05:57+00:00\",\"dateModified\":\"2025-11-21T15:49:32+00:00\",\"breadcrumb\":{\"@id\":\"https:\/\/finpros.com\/cs\/prevodnik-men\/#breadcrumb\"},\"inLanguage\":\"cs\",\"potentialAction\":[{\"@type\":\"ReadAction\",\"target\":[\"https:\/\/finpros.com\/cs\/prevodnik-men\/\"]}]},{\"@type\":\"BreadcrumbList\",\"@id\":\"https:\/\/finpros.com\/cs\/prevodnik-men\/#breadcrumb\",\"itemListElement\":[{\"@type\":\"ListItem\",\"position\":1,\"name\":\"Home\",\"item\":\"https:\/\/finpros.com\/\"},{\"@type\":\"ListItem\",\"position\":2,\"name\":\"P\u0159evodn\u00edk m\u011bn\"}]},{\"@type\":\"WebSite\",\"@id\":\"https:\/\/finpros.com\/#website\",\"url\":\"https:\/\/finpros.com\/\",\"name\":\"FinPros\",\"description\":\"\",\"publisher\":{\"@id\":\"https:\/\/finpros.com\/#organization\"},\"potentialAction\":[{\"@type\":\"SearchAction\",\"target\":{\"@type\":\"EntryPoint\",\"urlTemplate\":\"https:\/\/finpros.com\/?s={search_term_string}\"},\"query-input\":{\"@type\":\"PropertyValueSpecification\",\"valueRequired\":true,\"valueName\":\"search_term_string\"}}],\"inLanguage\":\"cs\"},{\"@type\":\"Organization\",\"@id\":\"https:\/\/finpros.com\/#organization\",\"name\":\"FinPros\",\"url\":\"https:\/\/finpros.com\/\",\"logo\":{\"@type\":\"ImageObject\",\"inLanguage\":\"cs\",\"@id\":\"https:\/\/finpros.com\/#\/schema\/logo\/image\/\",\"url\":\"https:\/\/finpros.com\/wp-content\/uploads\/2025\/03\/FinPros-PNG-1.png\",\"contentUrl\":\"https:\/\/finpros.com\/wp-content\/uploads\/2025\/03\/FinPros-PNG-1.png\",\"width\":1050,\"height\":369,\"caption\":\"FinPros\"},\"image\":{\"@id\":\"https:\/\/finpros.com\/#\/schema\/logo\/image\/\"}}]}<\/script>\n<!-- \/ Yoast SEO plugin. -->","yoast_head_json":{"title":"P\u0159evodn\u00edk m\u011bn - FinPros","robots":{"index":"index","follow":"follow","max-snippet":"max-snippet:-1","max-image-preview":"max-image-preview:large","max-video-preview":"max-video-preview:-1"},"canonical":"https:\/\/finpros.com\/cs\/prevodnik-men\/","og_locale":"cs_CZ","og_type":"article","og_title":"P\u0159evodn\u00edk m\u011bn - FinPros","og_description":"P\u0159evodn\u00edk m\u011bn Z\u00edskejte p\u0159\u00edstup ke glob\u00e1ln\u00edm m\u011bnov\u00fdm trh\u016fm s rychlou realizac\u00ed a spravedliv\u00fdmi spready. P\u0159evodn\u00edk m\u011bn Snad nejjednodu\u0161\u0161\u00ed a bezpochyby nejzn\u00e1m\u011bj\u0161\u00ed z na\u0161ich obchodn\u00edch n\u00e1stroj\u016f je konvertor m\u011bn, kter\u00fd umo\u017e\u0148uje obchodn\u00edk\u016fm t\u0159eba p\u0159ev\u00e9st dom\u00e1c\u00ed m\u011bnu na jinou m\u011bnu. P\u0159\u00edklad: Pokud chcete p\u0159ev\u00e9st 10 000 EUR na 10 000 USD, v\u00fdsledek je 10 437,21 USD. Vych\u00e1z\u00edme [&hellip;]","og_url":"https:\/\/finpros.com\/cs\/prevodnik-men\/","og_site_name":"FinPros","article_modified_time":"2025-11-21T15:49:32+00:00","twitter_card":"summary_large_image","twitter_misc":{"Odhadovan\u00e1 doba \u010dten\u00ed":"1 minuta"},"schema":{"@context":"https:\/\/schema.org","@graph":[{"@type":"WebPage","@id":"https:\/\/finpros.com\/cs\/prevodnik-men\/","url":"https:\/\/finpros.com\/cs\/prevodnik-men\/","name":"P\u0159evodn\u00edk m\u011bn - FinPros","isPartOf":{"@id":"https:\/\/finpros.com\/#website"},"datePublished":"2025-04-16T17:05:57+00:00","dateModified":"2025-11-21T15:49:32+00:00","breadcrumb":{"@id":"https:\/\/finpros.com\/cs\/prevodnik-men\/#breadcrumb"},"inLanguage":"cs","potentialAction":[{"@type":"ReadAction","target":["https:\/\/finpros.com\/cs\/prevodnik-men\/"]}]},{"@type":"BreadcrumbList","@id":"https:\/\/finpros.com\/cs\/prevodnik-men\/#breadcrumb","itemListElement":[{"@type":"ListItem","position":1,"name":"Home","item":"https:\/\/finpros.com\/"},{"@type":"ListItem","position":2,"name":"P\u0159evodn\u00edk m\u011bn"}]},{"@type":"WebSite","@id":"https:\/\/finpros.com\/#website","url":"https:\/\/finpros.com\/","name":"FinPros","description":"","publisher":{"@id":"https:\/\/finpros.com\/#organization"},"potentialAction":[{"@type":"SearchAction","target":{"@type":"EntryPoint","urlTemplate":"https:\/\/finpros.com\/?s={search_term_string}"},"query-input":{"@type":"PropertyValueSpecification","valueRequired":true,"valueName":"search_term_string"}}],"inLanguage":"cs"},{"@type":"Organization","@id":"https:\/\/finpros.com\/#organization","name":"FinPros","url":"https:\/\/finpros.com\/","logo":{"@type":"ImageObject","inLanguage":"cs","@id":"https:\/\/finpros.com\/#\/schema\/logo\/image\/","url":"https:\/\/finpros.com\/wp-content\/uploads\/2025\/03\/FinPros-PNG-1.png","contentUrl":"https:\/\/finpros.com\/wp-content\/uploads\/2025\/03\/FinPros-PNG-1.png","width":1050,"height":369,"caption":"FinPros"},"image":{"@id":"https:\/\/finpros.com\/#\/schema\/logo\/image\/"}}]}},"_links":{"self":[{"href":"https:\/\/finpros.com\/cs\/wp-json\/wp\/v2\/pages\/19087","targetHints":{"allow":["GET"]}}],"collection":[{"href":"https:\/\/finpros.com\/cs\/wp-json\/wp\/v2\/pages"}],"about":[{"href":"https:\/\/finpros.com\/cs\/wp-json\/wp\/v2\/types\/page"}],"author":[{"embeddable":true,"href":"https:\/\/finpros.com\/cs\/wp-json\/wp\/v2\/users\/1"}],"replies":[{"embeddable":true,"href":"https:\/\/finpros.com\/cs\/wp-json\/wp\/v2\/comments?post=19087"}],"version-history":[{"count":2,"href":"https:\/\/finpros.com\/cs\/wp-json\/wp\/v2\/pages\/19087\/revisions"}],"predecessor-version":[{"id":19394,"href":"https:\/\/finpros.com\/cs\/wp-json\/wp\/v2\/pages\/19087\/revisions\/19394"}],"wp:attachment":[{"href":"https:\/\/finpros.com\/cs\/wp-json\/wp\/v2\/media?parent=19087"}],"curies":[{"name":"wp","href":"https:\/\/api.w.org\/{rel}","templated":true}]}}